{"id":2,"date":"2017-07-29T16:44:39","date_gmt":"2017-07-29T16:44:39","guid":{"rendered":"http:\/\/reflejarte.es\/tallercreativo\/?page_id=2"},"modified":"2022-03-27T16:07:26","modified_gmt":"2022-03-27T16:07:26","slug":"pagina-ejemplo","status":"publish","type":"page","link":"https:\/\/reflejarte.es\/lareverie\/","title":{"rendered":"La R\u00eaverie"},"content":{"rendered":"<p><img loading=\"lazy\" decoding=\"async\" class=\"aligncenter wp-image-1074 size-full\" title=\"5 \u00e1lbumes de La Reverie 2018\" src=\"https:\/\/reflejarte.es\/lareverie\/wp-content\/uploads\/2018\/09\/Lareverie-portadaalbums.png\" alt=\"5 \u00e1lbumes de La Reverie 2018\" width=\"1263\" height=\"418\" srcset=\"https:\/\/reflejarte.es\/lareverie\/wp-content\/uploads\/2018\/09\/Lareverie-portadaalbums.png 1263w, https:\/\/reflejarte.es\/lareverie\/wp-content\/uploads\/2018\/09\/Lareverie-portadaalbums-300x99.png 300w, https:\/\/reflejarte.es\/lareverie\/wp-content\/uploads\/2018\/09\/Lareverie-portadaalbums-768x254.png 768w, https:\/\/reflejarte.es\/lareverie\/wp-content\/uploads\/2018\/09\/Lareverie-portadaalbums-1024x339.png 1024w, https:\/\/reflejarte.es\/lareverie\/wp-content\/uploads\/2018\/09\/Lareverie-portadaalbums-150x50.png 150w, https:\/\/reflejarte.es\/lareverie\/wp-content\/uploads\/2018\/09\/Lareverie-portadaalbums-250x83.png 250w\" sizes=\"auto, (max-width: 1263px) 100vw, 1263px\" \/><\/p>\n<h2><span style=\"color: #000000;\"><b><big>La R\u00eaverie<\/big><\/b><\/span>.<\/h2>\n<p>&nbsp;<\/p>\n<p>M\u00e1s de diez a\u00f1os de m\u00fasica artesanal,<br \/>\nmuy cuidada, hecha desde la ilusi\u00f3n y el sentimiento.<br \/>\nTe invitamos a escuchar nuestros discos a la manera antigua,<br \/>\nes decir, con calma y atenci\u00f3n.<\/p>\n<p>La m\u00fasica se ha convertido hoy en un elemento superfluo m\u00e1s<br \/>\ndel mobiliario de nuestras vidas. Nos rebelamos contra eso.<\/p>\n<p>&nbsp;<\/p>\n<h3><b>Nuestros \u00e1lbumes:<\/b><\/h3>\n<p><a href=\"https:\/\/open.spotify.com\/artist\/0j0kISVp5ynwLWbMamTlM7\" target=\"_blank\" rel=\"noopener noreferrer\"><strong>Escucha toda nuestra m\u00fasica aqu\u00ed<\/strong><\/a><\/p>\n<p>&nbsp;<\/p>\n<p><a href=\"https:\/\/reflejarte.es\/lareverie\/coplas-a-la-muerte-de-su-padre-letra-jorge-manrique-musica-manuel-esteban\/\"><img loading=\"lazy\" decoding=\"async\" class=\"wp-image-1772 alignleft\" title=\"Coplas a la muerte de su padre (Jorge Manrique). M\u00fasica de Manuel Esteban, interpretado por La Reverie-CANTICA\" src=\"https:\/\/reflejarte.es\/lareverie\/wp-content\/uploads\/2022\/03\/Coplas-Manrique-MEsteban-LaReverie-CANTICA-150x150.jpg\" alt=\"Coplas a la muerte de su padre (Jorge Manrique). M\u00fasica de Manuel Esteban, interpretado por La Reverie-CANTICA\" width=\"109\" height=\"109\" srcset=\"https:\/\/reflejarte.es\/lareverie\/wp-content\/uploads\/2022\/03\/Coplas-Manrique-MEsteban-LaReverie-CANTICA-150x150.jpg 150w, https:\/\/reflejarte.es\/lareverie\/wp-content\/uploads\/2022\/03\/Coplas-Manrique-MEsteban-LaReverie-CANTICA.jpg 300w\" sizes=\"auto, (max-width: 109px) 100vw, 109px\" \/><\/a><a href=\"https:\/\/reflejarte.es\/lareverie\/coplas-a-la-muerte-de-su-padre-letra-jorge-manrique-musica-manuel-esteban\/\"><strong>Coplas a la muerte de su padre\u00bb\u00a0 <\/strong><\/a><br \/>\n\u00ab<strong>Coplas a la muerte de su padre<\/strong>\u00bb es una <strong>composici\u00f3n de Manuel Esteban sobre las famosas coplas de Jorge<\/strong> <strong>Manrique<\/strong> (1440-1479).\u00a0 <a href=\"https:\/\/open.spotify.com\/album\/7tFE6dHaOJbaONEOXlSdhi?si=R87v8LQDTu6CV9Tw0IZE8A\" target=\"_blank\" rel=\"noopener\">Escucha el sencillo en Spotify<\/a><\/p>\n<p>&nbsp;<\/p>\n<p><a href=\"https:\/\/reflejarte.es\/lareverie\/rounded-songs-canciones-redondas\/\/rounded-songs-canciones-redondas\/\"><b>Rounded Songs \u00b7 Canciones redondas<\/b><\/a><a href=\"https:\/\/reflejarte.es\/lareverie\/rounded-songs-canciones-redondas\/\"><img loading=\"lazy\" decoding=\"async\" class=\"alignleft wp-image-1513\" title=\"M\u00e1s informaci\u00f3n sobre Rounded Songs - Canciones redondas\" src=\"https:\/\/reflejarte.es\/lareverie\/wp-content\/uploads\/2018\/11\/coverLORCA-copia-150x150.png\" alt=\"Rounded Songs \u00b7 Canciones redondas - La Reverie\" width=\"99\" height=\"99\" \/><\/a><br \/>\nEl 2 de diciembre 2018 sali\u00f3 el \u00faltimo trabajo de La Reverie, en <a title=\"escuchar Rounded Songs - Canciones redondas en Spotify\" href=\"https:\/\/open.spotify.com\/artist\/0j0kISVp5ynwLWbMamTlM7\" target=\"_blank\" rel=\"noopener noreferrer\">Spotify<\/a>: el \u00e1lbum <a title=\"M\u00e1s informaci\u00f3n sobre Rounded Songs - Canciones redondas\" href=\"https:\/\/reflejarte.es\/lareverie\/rounded-songs-canciones-redondas\/\" target=\"_blank\" rel=\"noopener noreferrer\"><strong>Rounded Songs \u00b7 Canciones redondas <\/strong><\/a><br \/>\n10 composiciones originales de Manuel Esteban sobre poemas del gran poeta andaluz, <strong><span style=\"color: #000000;\"> Federico Garc\u00eda Lorca<\/span><\/strong>, interpretadas por CANTICA CUARTETO<br \/>\n<a title=\"escuchar Rounded Songs - Canciones redondas\" href=\"https:\/\/open.spotify.com\/artist\/0j0kISVp5ynwLWbMamTlM7\" target=\"_blank\" rel=\"noopener noreferrer\">Escucha el \u00e1lbum &#8216;Rounded Songs \u00b7 Canciones redondas&#8217; en Spotify<\/a><\/p>\n<p>&nbsp;<\/p>\n<p><a title=\"La R\u00eaverie :: Alma de cuerda - Soul of String :: Esteban Canyar, guitarra &amp; Juan Manuel Rubio, santur, oud\" href=\"https:\/\/reflejarte.es\/lareverie\/alma-de-cuerda\/\" rel=\"noopener\"><b>Alma de cuerda<\/b><\/a>\u00a0 (Soul of String),\u00a0 recreando a Satie<a href=\"https:\/\/reflejarte.es\/lareverie\/alma-de-cuerda\/\"><img loading=\"lazy\" decoding=\"async\" class=\"alignleft wp-image-929\" title=\"Album 'Alma de cuerda' \u00b7 'Soul of String' \u00b7 La R\u00eaverie: Juan Manuel Rubio, Santur &amp; Manuel Esteban, guitarra\" src=\"https:\/\/reflejarte.es\/lareverie\/wp-content\/uploads\/2018\/09\/Cd-Alma_de_cuerda--300x270.gif\" alt=\"Cd Alma de cuerda \u00b7 Soul of String \u00b7 La R\u00eaverie: Juan Manuel Rubio, Santur &amp; Manuel Esteban, guitarra\" width=\"100\" height=\"90\" srcset=\"https:\/\/reflejarte.es\/lareverie\/wp-content\/uploads\/2018\/09\/Cd-Alma_de_cuerda--300x270.gif 300w, https:\/\/reflejarte.es\/lareverie\/wp-content\/uploads\/2018\/09\/Cd-Alma_de_cuerda--150x135.gif 150w, https:\/\/reflejarte.es\/lareverie\/wp-content\/uploads\/2018\/09\/Cd-Alma_de_cuerda--167x150.gif 167w\" sizes=\"auto, (max-width: 100px) 100vw, 100px\" \/><\/a><br \/>\ny a sus contempor\u00e1neos con instrumentos distintos.<br \/>\n<a href=\"https:\/\/open.spotify.com\/album\/1EBhSTmOuAeGeRyP2HtEvj\" target=\"_blank\" rel=\"noopener noreferrer\">Escucha Alma de Cuerda<\/a><\/p>\n<p>&nbsp;<\/p>\n<p><b><a href=\"https:\/\/reflejarte.es\/lareverie\/mosaico-antiguo-con-guitarra-esteban-canyar\/\"><img loading=\"lazy\" decoding=\"async\" class=\"alignleft wp-image-930\" title=\"Cd Mosaico antiguo con guitarra (Ancient Mosaic with Guitar) Manuel Esteban Canyar, guitarra\" src=\"https:\/\/reflejarte.es\/lareverie\/wp-content\/uploads\/2018\/09\/Cd-Ancient-Mosaic-with-Guitar-Esteban-Canyar--300x270.gif\" alt=\"Cd Mosaico antiguo con guitarra (Ancient Mosaic with Guitar) Manuel Esteban Canyar, guitarra\" width=\"100\" height=\"90\" srcset=\"https:\/\/reflejarte.es\/lareverie\/wp-content\/uploads\/2018\/09\/Cd-Ancient-Mosaic-with-Guitar-Esteban-Canyar--300x270.gif 300w, https:\/\/reflejarte.es\/lareverie\/wp-content\/uploads\/2018\/09\/Cd-Ancient-Mosaic-with-Guitar-Esteban-Canyar--150x135.gif 150w, https:\/\/reflejarte.es\/lareverie\/wp-content\/uploads\/2018\/09\/Cd-Ancient-Mosaic-with-Guitar-Esteban-Canyar--167x150.gif 167w\" sizes=\"auto, (max-width: 100px) 100vw, 100px\" \/><\/a><a href=\"https:\/\/reflejarte.es\/lareverie\/mosaico-antiguo-con-guitarra-esteban-canyar\/\">Mosaico antiguo con guitarra<\/a><\/b> (Ancient Mosaic with Guitar),<br \/>\nuna mirada a algunas joyas musicales del Renacimiento y el Barroco.<br \/>\n<a href=\"https:\/\/open.spotify.com\/album\/4Msu1gciDi5NPKAPhcLN0i\" target=\"_blank\" rel=\"noopener noreferrer\">Escucha el \u00e1lbum gratuitamente<\/a><\/p>\n<p>&nbsp;<\/p>\n<p><a href=\"https:\/\/reflejarte.es\/lareverie\/album-cantica-musica-efimera-musica-eterna\/\"><img loading=\"lazy\" decoding=\"async\" class=\"alignleft wp-image-931\" title=\"cd 'C\u00c1NTICA' de La R\u00eaverie - C\u00e1ntica Cuarteto\" src=\"https:\/\/reflejarte.es\/lareverie\/wp-content\/uploads\/2018\/09\/Cd-cantica-300x270.gif\" alt=\"cd 'C\u00c1NTICA' de La R\u00eaverie - C\u00e1ntica Cuarteto\" width=\"100\" height=\"90\" srcset=\"https:\/\/reflejarte.es\/lareverie\/wp-content\/uploads\/2018\/09\/Cd-cantica-300x270.gif 300w, https:\/\/reflejarte.es\/lareverie\/wp-content\/uploads\/2018\/09\/Cd-cantica-150x135.gif 150w, https:\/\/reflejarte.es\/lareverie\/wp-content\/uploads\/2018\/09\/Cd-cantica-167x150.gif 167w\" sizes=\"auto, (max-width: 100px) 100vw, 100px\" \/><\/a><a title=\"La R\u00eaverie :: C\u00c1NTICA :: Esteban Canyar, guitarra, arreglos, direcci\u00f3n - Yolanda Campos, voz - Inmaculada G\u00f3mez, flauta travesera - \u00c1ngel Mart\u00edn, percusiones\" href=\"https:\/\/reflejarte.es\/lareverie\/album-cantica-musica-efimera-musica-eterna\/\" rel=\"noopener\"><b>C\u00c1NTICA<\/b><\/a>, dialogando con los trovadores,<br \/>\nla m\u00fasica sefard\u00ed, el Cancionero de Palacio, la m\u00fasica popular espa\u00f1ola, los poemas de Federico Garc\u00eda Lorca, invent\u00e1ndoselo todo de nuevo. <a href=\"https:\/\/open.spotify.com\/album\/081oz1LEYX2D34DbIRiTlx\" target=\"_blank\" rel=\"noopener noreferrer\">Disfruta el \u00e1lbum C\u00c1NTICA<\/a><\/p>\n<p>&nbsp;<\/p>\n<p><a href=\"https:\/\/reflejarte.es\/lareverie\/music-of-spanish-gentlemen-%c2%b7-musica-de-los-gentilhombres\/\"><img loading=\"lazy\" decoding=\"async\" class=\"alignleft wp-image-932\" src=\"https:\/\/reflejarte.es\/lareverie\/wp-content\/uploads\/2018\/09\/Cd-Music-of-Spanish-Gentlemen-300x270.gif\" alt=\"Album M\u00fasica de los gentilhombres \u00b7 Music of Spanish Gentlemen \u00b7 Manuel Esteban, guitarra\" width=\"100\" height=\"90\" srcset=\"https:\/\/reflejarte.es\/lareverie\/wp-content\/uploads\/2018\/09\/Cd-Music-of-Spanish-Gentlemen-300x270.gif 300w, https:\/\/reflejarte.es\/lareverie\/wp-content\/uploads\/2018\/09\/Cd-Music-of-Spanish-Gentlemen-150x135.gif 150w, https:\/\/reflejarte.es\/lareverie\/wp-content\/uploads\/2018\/09\/Cd-Music-of-Spanish-Gentlemen-167x150.gif 167w\" sizes=\"auto, (max-width: 100px) 100vw, 100px\" \/><\/a><a title=\"La R\u00eaverie - M\u00fasica de los Gentilhombres \u00b7 Music of Spanish Gentlemen) :: Manuel Esteban Canyar, guitarra :: Juan Manuel Rubio, santur :: \u00c1ngel Mart\u00edn, percusiones \" href=\"https:\/\/reflejarte.es\/lareverie\/music-of-spanish-gentlemen-%c2%b7-musica-de-los-gentilhombres\/\" target=\"_blank\" rel=\"noopener noreferrer\"><b>M\u00fasica de los gentilhombres<\/b> (Music of Spanish Gentlemen)<\/a>.<br \/>\nObras de Narv\u00e1ez, Mil\u00e1n, De Murcia, Sanz, Mudarra y Sor, aut\u00e9nticos gentilhombres de la m\u00fasica espa\u00f1ola de los siglos XVI al XIX, reinterpretados con instrumentos como el santur, el oud o la guitarra.\u00a0 <a href=\"https:\/\/open.spotify.com\/album\/5AJSCCGWwuqhIdMytzrwP3?si=v-5FEjAxStaRYPJtGh2PWg\" target=\"_blank\" rel=\"noopener noreferrer\">Escucha la M\u00fasica de los gentilhombres<\/a><\/p>\n<p>&nbsp;<\/p>\n<p>&nbsp;<\/p>\n<p><!--\n<a href=\"http:\/\/lareverie.es\/rounded-songs-canciones-redondas\/\"><img loading=\"lazy\" decoding=\"async\" class=\"alignleft wp-image-1513\" title=\"M\u00e1s informaci\u00f3n sobre Rounded Songs - Canciones redondas\" src=\"http:\/\/lareverie.es\/wp-content\/uploads\/2018\/11\/coverLORCA-copia-150x150.png\" alt=\"Rounded Songs \u00b7 Canciones redondas - La Reverie\" width=\"92\" height=\"92\" \/><\/a>El 2 de diciembre 2018\u00a0 ha salido el \u00faltimo trabajo de La Reverie, en <a title=\"escuchar Rounded Songs - Canciones redondas en Spotify\" href=\"http:\/\/open.spotify.com\/artist\/0j0kISVp5ynwLWbMamTlM7\" target=\"_blank\" rel=\"noopener noreferrer\">Spotify<\/a>: el \u00e1lbum <a title=\"M\u00e1s informaci\u00f3n sobre Rounded Songs - Canciones redondas\" href=\"http:\/\/lareverie.es\/rounded-songs-canciones-redondas\/\" target=\"_blank\" rel=\"noopener noreferrer\"><strong>Rounded Songs \u00b7 Canciones redondas <\/strong><\/a>\n10 composiciones originales de Manuel Esteban sobre poemas del gran poeta andaluz,\u00a0<strong><span style=\"color: #000000;\"> Federico Garc\u00eda Lorca<\/span><\/strong>, interpretadas por CANTICA CUARTETO\n<a title=\"escuchar Rounded Songs - Canciones redondas\" href=\"http:\/\/open.spotify.com\/artist\/0j0kISVp5ynwLWbMamTlM7\" target=\"_blank\" rel=\"noopener noreferrer\">escuchar el \u00e1lbum 'Rounded Songs \u00b7 Canciones redondas' en Spotify<\/a>\n--><\/p>\n<p>Puedes encontrar nuestros discos en magnatune.com, nuestra primera discogr\u00e1fica, en plataformas como Spotify, I-Tunes, etc.<br \/>\nTambi\u00e9n puedes pedirnos nuestros \u00e1lbumes o cds directamente a trav\u00e9s del formulario de <a href=\"https:\/\/reflejarte.es\/lareverie\/contacto\/\">contacto<\/a>.<\/p>\n<p>\u00a1Queremos seguir trabajando, danos tu apoyo! Basta con <strong><a href=\"https:\/\/open.spotify.com\/artist\/0j0kISVp5ynwLWbMamTlM7\" target=\"_blank\" rel=\"noopener noreferrer\">escuchar gratuitamente nuestra m\u00fasica<\/a><\/strong><\/p>\n<p>&nbsp;<\/p>\n<p style=\"text-align: center;\"><img loading=\"lazy\" decoding=\"async\" class=\"aligncenter size-full wp-image-993\" title=\"Los m\u00fasicos de La R\u00eaverie\" src=\"https:\/\/reflejarte.es\/lareverie\/wp-content\/uploads\/2018\/09\/ensemble_La_Reverie.gif\" alt=\"Los m\u00fasicos de La R\u00eaverie\" width=\"420\" height=\"310\" \/>Los m\u00fasicos de La R\u00eaverie<\/p>\n<p>&nbsp;<\/p>\n<p>&nbsp;<\/p>\n<p style=\"text-align: center;\"><a title=\"La R\u00eaverie en Spotify\" href=\"https:\/\/open.spotify.com\/artist\/0j0kISVp5ynwLWbMamTlM7\" target=\"_blank\" rel=\"noopener noreferrer\"><img loading=\"lazy\" decoding=\"async\" class=\"aligncenter wp-image-1411\" title=\"La Reverie @ spotify\" src=\"https:\/\/reflejarte.es\/lareverie\/wp-content\/uploads\/2018\/10\/spotifyweiss.jpg\" sizes=\"auto, (max-width: 223px) 100vw, 223px\" srcset=\"https:\/\/reflejarte.es\/lareverie\/wp-content\/uploads\/2018\/10\/spotifyweiss.jpg 370w, https:\/\/reflejarte.es\/lareverie\/wp-content\/uploads\/2018\/10\/spotifyweiss-300x110.jpg 300w, https:\/\/reflejarte.es\/lareverie\/wp-content\/uploads\/2018\/10\/spotifyweiss-150x55.jpg 150w, https:\/\/reflejarte.es\/lareverie\/wp-content\/uploads\/2018\/10\/spotifyweiss-250x92.jpg 250w\" alt=\"La Reverie @ spotify\" width=\"223\" height=\"82\" \/><\/a><a title=\"La R\u00eaverie en Spotify\" href=\"https:\/\/open.spotify.com\/artist\/0j0kISVp5ynwLWbMamTlM7\" target=\"_blank\" rel=\"noopener noreferrer\">La R\u00eaverie en Spotify<\/a><\/p>\n<p><iframe loading=\"lazy\" style=\"border-radius: 12px; align: center;\" src=\"https:\/\/open.spotify.com\/embed\/artist\/0j0kISVp5ynwLWbMamTlM7?utm_source=generator\" width=\"100%\" height=\"380\" frameborder=\"0\" allowfullscreen=\"allowfullscreen\"><\/iframe><\/p>\n<p>&nbsp;<\/p>\n<p style=\"text-align: center;\"><a href=\"https:\/\/magnatune.com\/artists\/la_reverie\/\" target=\"_blank\" rel=\"noopener noreferrer\"><img loading=\"lazy\" decoding=\"async\" class=\"aligncenter wp-image-1415 size-full\" title=\"La R\u00eaverie @ magnatune\" src=\"https:\/\/reflejarte.es\/lareverie\/wp-content\/uploads\/2018\/10\/magnatune.gif\" alt=\"La R\u00eaverie @ magnatune\" width=\"207\" height=\"48\" \/><\/a><a title=\"La R\u00eaverie en Magnatune\" href=\"http:\/\/magnatune.com\/artists\/la_reverie\/\" target=\"_blank\" rel=\"noopener noreferrer\">La R\u00eaverie en Magnatune<\/a><\/p>\n<p>&nbsp;<\/p>\n<p style=\"text-align: center;\"><a title=\"La R\u00eaverie - C\u00e1ntica en YouTube\" href=\"https:\/\/www.youtube.com\/watch?v=mzkWDRRz0-s\" target=\"_blank\" rel=\"noopener noreferrer\"> <img loading=\"lazy\" decoding=\"async\" class=\"size-full wp-image-1416 aligncenter\" src=\"https:\/\/reflejarte.es\/lareverie\/wp-content\/uploads\/2018\/10\/YouTube-LaReverie.png\" alt=\"La R\u00eaverie @ YouTube\" width=\"67\" height=\"30\" \/>La R\u00eaverie \u2013 C\u00e1ntica en YouTube<\/a><\/p>\n<p>&nbsp;<\/p>\n<p style=\"text-align: center;\"><a title=\"La R\u00eaverie en iTunes\" href=\"https:\/\/itunes.apple.com\/es\/artist\/la-reverie\/id385580220\" target=\"_blank\" rel=\"noopener noreferrer\"><img loading=\"lazy\" decoding=\"async\" class=\"wp-image-1414 aligncenter\" src=\"https:\/\/reflejarte.es\/lareverie\/wp-content\/uploads\/2018\/10\/iTunes-logo.gif\" alt=\"La R\u00eaverie @ iTunes\" width=\"164\" height=\"72\" \/>La R\u00eaverie en iTunes<\/a><\/p>\n<p>&nbsp;<\/p>\n<p style=\"text-align: center;\"><a href=\"https:\/\/www.facebook.com\/pages\/La-Reverie\/119318331500265?fref=ts\" target=\"_blank\" rel=\"noopener noreferrer\"><img loading=\"lazy\" decoding=\"async\" class=\"aligncenter wp-image-1413 size-full\" title=\"La R\u00eaverie @ fb\" src=\"https:\/\/reflejarte.es\/lareverie\/wp-content\/uploads\/2018\/10\/facebook-logo-.jpg\" alt=\"La R\u00eaverie @ fb\" width=\"25\" height=\"25\" \/><\/a><a title=\"La R\u00eaverie en Facebook\" href=\"https:\/\/www.facebook.com\/pages\/La-Reverie\/119318331500265?fref=ts\" target=\"_blank\" rel=\"noopener noreferrer\">La R\u00eaverie en Facebook<\/a><\/p>\n","protected":false},"excerpt":{"rendered":"<p>La R\u00eaverie. &nbsp; M\u00e1s de diez a\u00f1os de m\u00fasica artesanal, muy cuidada, hecha desde la ilusi\u00f3n y el sentimiento. Te invitamos a escuchar nuestros discos a la manera antigua, es decir, con calma y atenci\u00f3n&#8230;.<\/p>\n<p> <a class=\"continue-reading-link\" href=\"https:\/\/reflejarte.es\/lareverie\/\"><span>seguir leyendo &#8230;<\/span><i class=\"crycon-right-dir\"><\/i><\/a> <\/p>\n","protected":false},"author":1,"featured_media":0,"parent":0,"menu_order":0,"comment_status":"closed","ping_status":"open","template":"","meta":{"footnotes":""},"class_list":["post-2","page","type-page","status-publish","hentry"],"yoast_head":"<!-- This site is optimized with the Yoast SEO plugin v27.4 - https:\/\/yoast.com\/product\/yoast-seo-wordpress\/ -->\n<title>La R\u00eaverie &#183; La R\u00eaverie<\/title>\n<meta name=\"description\" content=\"La R\u00eaverie &#183; La R\u00eaverie\" \/>\n<meta name=\"robots\" content=\"index, follow, max-snippet:-1, max-image-preview:large, max-video-preview:-1\" \/>\n<link rel=\"canonical\" href=\"https:\/\/reflejarte.es\/lareverie\/\" \/>\n<meta property=\"og:locale\" content=\"es_ES\" \/>\n<meta property=\"og:type\" content=\"article\" \/>\n<meta property=\"og:title\" content=\"La R\u00eaverie &#183; La R\u00eaverie\" \/>\n<meta property=\"og:description\" content=\"La R\u00eaverie &#183; La R\u00eaverie\" \/>\n<meta property=\"og:url\" content=\"https:\/\/reflejarte.es\/lareverie\/\" \/>\n<meta property=\"og:site_name\" content=\"La R\u00eaverie\" \/>\n<meta property=\"article:modified_time\" content=\"2022-03-27T16:07:26+00:00\" \/>\n<meta property=\"og:image\" content=\"https:\/\/reflejarte.es\/lareverie\/wp-content\/uploads\/2018\/09\/Lareverie-portadaalbums.png\" \/>\n<meta name=\"twitter:card\" content=\"summary_large_image\" \/>\n<meta name=\"twitter:label1\" content=\"Tiempo de lectura\" \/>\n\t<meta name=\"twitter:data1\" content=\"2 minutos\" \/>\n<script type=\"application\/ld+json\" class=\"yoast-schema-graph\">{\"@context\":\"https:\\\/\\\/schema.org\",\"@graph\":[{\"@type\":\"WebPage\",\"@id\":\"https:\\\/\\\/reflejarte.es\\\/lareverie\\\/\",\"url\":\"https:\\\/\\\/reflejarte.es\\\/lareverie\\\/\",\"name\":\"La R\u00eaverie &#183; La R\u00eaverie\",\"isPartOf\":{\"@id\":\"https:\\\/\\\/reflejarte.es\\\/lareverie\\\/#website\"},\"primaryImageOfPage\":{\"@id\":\"https:\\\/\\\/reflejarte.es\\\/lareverie\\\/#primaryimage\"},\"image\":{\"@id\":\"https:\\\/\\\/reflejarte.es\\\/lareverie\\\/#primaryimage\"},\"thumbnailUrl\":\"https:\\\/\\\/reflejarte.es\\\/lareverie\\\/wp-content\\\/uploads\\\/2018\\\/09\\\/Lareverie-portadaalbums.png\",\"datePublished\":\"2017-07-29T16:44:39+00:00\",\"dateModified\":\"2022-03-27T16:07:26+00:00\",\"description\":\"La R\u00eaverie &#183; La R\u00eaverie\",\"breadcrumb\":{\"@id\":\"https:\\\/\\\/reflejarte.es\\\/lareverie\\\/#breadcrumb\"},\"inLanguage\":\"es\",\"potentialAction\":[{\"@type\":\"ReadAction\",\"target\":[\"https:\\\/\\\/reflejarte.es\\\/lareverie\\\/\"]}]},{\"@type\":\"ImageObject\",\"inLanguage\":\"es\",\"@id\":\"https:\\\/\\\/reflejarte.es\\\/lareverie\\\/#primaryimage\",\"url\":\"https:\\\/\\\/reflejarte.es\\\/lareverie\\\/wp-content\\\/uploads\\\/2018\\\/09\\\/Lareverie-portadaalbums.png\",\"contentUrl\":\"https:\\\/\\\/reflejarte.es\\\/lareverie\\\/wp-content\\\/uploads\\\/2018\\\/09\\\/Lareverie-portadaalbums.png\",\"width\":1263,\"height\":418,\"caption\":\"\u00e1lbumes de La Reverie\"},{\"@type\":\"BreadcrumbList\",\"@id\":\"https:\\\/\\\/reflejarte.es\\\/lareverie\\\/#breadcrumb\",\"itemListElement\":[{\"@type\":\"ListItem\",\"position\":1,\"name\":\"Inicio\",\"item\":\"https:\\\/\\\/reflejarte.es\\\/lareverie\\\/\"},{\"@type\":\"ListItem\",\"position\":2,\"name\":\"La R\u00eaverie\"}]},{\"@type\":\"WebSite\",\"@id\":\"https:\\\/\\\/reflejarte.es\\\/lareverie\\\/#website\",\"url\":\"https:\\\/\\\/reflejarte.es\\\/lareverie\\\/\",\"name\":\"La R\u00eaverie\",\"description\":\"pasi\u00f3n por la m\u00fasica bien hecha\",\"publisher\":{\"@id\":\"https:\\\/\\\/reflejarte.es\\\/lareverie\\\/#\\\/schema\\\/person\\\/5c48ca5d852a6ac613afecdcdad33430\"},\"potentialAction\":[{\"@type\":\"SearchAction\",\"target\":{\"@type\":\"EntryPoint\",\"urlTemplate\":\"https:\\\/\\\/reflejarte.es\\\/lareverie\\\/?s={search_term_string}\"},\"query-input\":{\"@type\":\"PropertyValueSpecification\",\"valueRequired\":true,\"valueName\":\"search_term_string\"}}],\"inLanguage\":\"es\"},{\"@type\":[\"Person\",\"Organization\"],\"@id\":\"https:\\\/\\\/reflejarte.es\\\/lareverie\\\/#\\\/schema\\\/person\\\/5c48ca5d852a6ac613afecdcdad33430\",\"name\":\"La R\u00eaverie\",\"image\":{\"@type\":\"ImageObject\",\"inLanguage\":\"es\",\"@id\":\"https:\\\/\\\/reflejarte.es\\\/lareverie\\\/wp-content\\\/uploads\\\/2018\\\/09\\\/lareverie-logo.jpg\",\"url\":\"https:\\\/\\\/reflejarte.es\\\/lareverie\\\/wp-content\\\/uploads\\\/2018\\\/09\\\/lareverie-logo.jpg\",\"contentUrl\":\"https:\\\/\\\/reflejarte.es\\\/lareverie\\\/wp-content\\\/uploads\\\/2018\\\/09\\\/lareverie-logo.jpg\",\"width\":512,\"height\":512,\"caption\":\"La R\u00eaverie\"},\"logo\":{\"@id\":\"https:\\\/\\\/reflejarte.es\\\/lareverie\\\/wp-content\\\/uploads\\\/2018\\\/09\\\/lareverie-logo.jpg\"}}]}<\/script>\n<!-- \/ Yoast SEO plugin. -->","yoast_head_json":{"title":"La R\u00eaverie &#183; La R\u00eaverie","description":"La R\u00eaverie &#183; La R\u00eaverie","robots":{"index":"index","follow":"follow","max-snippet":"max-snippet:-1","max-image-preview":"max-image-preview:large","max-video-preview":"max-video-preview:-1"},"canonical":"https:\/\/reflejarte.es\/lareverie\/","og_locale":"es_ES","og_type":"article","og_title":"La R\u00eaverie &#183; La R\u00eaverie","og_description":"La R\u00eaverie &#183; La R\u00eaverie","og_url":"https:\/\/reflejarte.es\/lareverie\/","og_site_name":"La R\u00eaverie","article_modified_time":"2022-03-27T16:07:26+00:00","og_image":[{"url":"https:\/\/reflejarte.es\/lareverie\/wp-content\/uploads\/2018\/09\/Lareverie-portadaalbums.png","type":"","width":"","height":""}],"twitter_card":"summary_large_image","twitter_misc":{"Tiempo de lectura":"2 minutos"},"schema":{"@context":"https:\/\/schema.org","@graph":[{"@type":"WebPage","@id":"https:\/\/reflejarte.es\/lareverie\/","url":"https:\/\/reflejarte.es\/lareverie\/","name":"La R\u00eaverie &#183; La R\u00eaverie","isPartOf":{"@id":"https:\/\/reflejarte.es\/lareverie\/#website"},"primaryImageOfPage":{"@id":"https:\/\/reflejarte.es\/lareverie\/#primaryimage"},"image":{"@id":"https:\/\/reflejarte.es\/lareverie\/#primaryimage"},"thumbnailUrl":"https:\/\/reflejarte.es\/lareverie\/wp-content\/uploads\/2018\/09\/Lareverie-portadaalbums.png","datePublished":"2017-07-29T16:44:39+00:00","dateModified":"2022-03-27T16:07:26+00:00","description":"La R\u00eaverie &#183; La R\u00eaverie","breadcrumb":{"@id":"https:\/\/reflejarte.es\/lareverie\/#breadcrumb"},"inLanguage":"es","potentialAction":[{"@type":"ReadAction","target":["https:\/\/reflejarte.es\/lareverie\/"]}]},{"@type":"ImageObject","inLanguage":"es","@id":"https:\/\/reflejarte.es\/lareverie\/#primaryimage","url":"https:\/\/reflejarte.es\/lareverie\/wp-content\/uploads\/2018\/09\/Lareverie-portadaalbums.png","contentUrl":"https:\/\/reflejarte.es\/lareverie\/wp-content\/uploads\/2018\/09\/Lareverie-portadaalbums.png","width":1263,"height":418,"caption":"\u00e1lbumes de La Reverie"},{"@type":"BreadcrumbList","@id":"https:\/\/reflejarte.es\/lareverie\/#breadcrumb","itemListElement":[{"@type":"ListItem","position":1,"name":"Inicio","item":"https:\/\/reflejarte.es\/lareverie\/"},{"@type":"ListItem","position":2,"name":"La R\u00eaverie"}]},{"@type":"WebSite","@id":"https:\/\/reflejarte.es\/lareverie\/#website","url":"https:\/\/reflejarte.es\/lareverie\/","name":"La R\u00eaverie","description":"pasi\u00f3n por la m\u00fasica bien hecha","publisher":{"@id":"https:\/\/reflejarte.es\/lareverie\/#\/schema\/person\/5c48ca5d852a6ac613afecdcdad33430"},"potentialAction":[{"@type":"SearchAction","target":{"@type":"EntryPoint","urlTemplate":"https:\/\/reflejarte.es\/lareverie\/?s={search_term_string}"},"query-input":{"@type":"PropertyValueSpecification","valueRequired":true,"valueName":"search_term_string"}}],"inLanguage":"es"},{"@type":["Person","Organization"],"@id":"https:\/\/reflejarte.es\/lareverie\/#\/schema\/person\/5c48ca5d852a6ac613afecdcdad33430","name":"La R\u00eaverie","image":{"@type":"ImageObject","inLanguage":"es","@id":"https:\/\/reflejarte.es\/lareverie\/wp-content\/uploads\/2018\/09\/lareverie-logo.jpg","url":"https:\/\/reflejarte.es\/lareverie\/wp-content\/uploads\/2018\/09\/lareverie-logo.jpg","contentUrl":"https:\/\/reflejarte.es\/lareverie\/wp-content\/uploads\/2018\/09\/lareverie-logo.jpg","width":512,"height":512,"caption":"La R\u00eaverie"},"logo":{"@id":"https:\/\/reflejarte.es\/lareverie\/wp-content\/uploads\/2018\/09\/lareverie-logo.jpg"}}]}},"_links":{"self":[{"href":"https:\/\/reflejarte.es\/lareverie\/wp-json\/wp\/v2\/pages\/2","targetHints":{"allow":["GET"]}}],"collection":[{"href":"https:\/\/reflejarte.es\/lareverie\/wp-json\/wp\/v2\/pages"}],"about":[{"href":"https:\/\/reflejarte.es\/lareverie\/wp-json\/wp\/v2\/types\/page"}],"author":[{"embeddable":true,"href":"https:\/\/reflejarte.es\/lareverie\/wp-json\/wp\/v2\/users\/1"}],"replies":[{"embeddable":true,"href":"https:\/\/reflejarte.es\/lareverie\/wp-json\/wp\/v2\/comments?post=2"}],"version-history":[{"count":77,"href":"https:\/\/reflejarte.es\/lareverie\/wp-json\/wp\/v2\/pages\/2\/revisions"}],"predecessor-version":[{"id":1819,"href":"https:\/\/reflejarte.es\/lareverie\/wp-json\/wp\/v2\/pages\/2\/revisions\/1819"}],"wp:attachment":[{"href":"https:\/\/reflejarte.es\/lareverie\/wp-json\/wp\/v2\/media?parent=2"}],"curies":[{"name":"wp","href":"https:\/\/api.w.org\/{rel}","templated":true}]}}