{"id":1789,"date":"2022-03-27T14:55:35","date_gmt":"2022-03-27T14:55:35","guid":{"rendered":"https:\/\/reflejarte.es\/lareverie\/?page_id=1789"},"modified":"2022-03-27T15:48:23","modified_gmt":"2022-03-27T15:48:23","slug":"coplas-a-la-muerte-de-su-padre-jorge-manrique-composed-by-manuel-esteban-performed-by-la-reverie-cantica","status":"publish","type":"page","link":"https:\/\/reflejarte.es\/lareverie\/en\/coplas-a-la-muerte-de-su-padre-jorge-manrique-composed-by-manuel-esteban-performed-by-la-reverie-cantica\/","title":{"rendered":"Coplas a la muerte de su padre (Jorge Manrique), composed by Manuel Esteban, performed by La Reverie-CANTICA."},"content":{"rendered":"<h2 class=\"product_title entry-title\">Coplas a la muerte de su padre<br \/>\n<i>Stanzas about the Death of his Father<\/i><\/h2>\n<h3 class=\"product_title entry-title\">Manuel Esteban (composer) \u00b7 Jorge Manrique (poem)<\/h3>\n<p>&nbsp;<\/p>\n<p><img loading=\"lazy\" decoding=\"async\" class=\"alignleft wp-image-1772 size-medium\" title=\"Coplas a la muerte de su padre (Jorge Manrique). M\u00fasica de Manuel Esteban, interpretado por La Reverie-CANTICA. Imagen: KLW \" src=\"https:\/\/reflejarte.es\/lareverie\/wp-content\/uploads\/2022\/03\/Coplas-Manrique-MEsteban-LaReverie-CANTICA-300x300.jpg\" alt=\"Coplas a la muerte de su padre (Jorge Manrique). M\u00fasica de Manuel Esteban, interpretado por La Reverie-CANTICA\" width=\"300\" height=\"300\" srcset=\"https:\/\/reflejarte.es\/lareverie\/wp-content\/uploads\/2022\/03\/Coplas-Manrique-MEsteban-LaReverie-CANTICA.jpg 300w, https:\/\/reflejarte.es\/lareverie\/wp-content\/uploads\/2022\/03\/Coplas-Manrique-MEsteban-LaReverie-CANTICA-150x150.jpg 150w\" sizes=\"auto, (max-width: 300px) 100vw, 300px\" \/><\/p>\n<p>&nbsp;<\/p>\n<div class=\"woocommerce-product-details__short-description\">\n<p>&nbsp;<\/p>\n<p>\u00ab<strong>Coplas a la muerte de su padre \u00b7 Verses on the death of Don Rodrigo Manrique, his Father<\/strong>\u00bb is a composition by Manuel Esteban on the famous coplas of Jorge Manrique (1440-1479).<\/p>\n<p>It is a two-voice counterpoint performed by the ensemble <strong>La R\u00eaverie &#8211; C\u00e1ntica<\/strong>, founded by Manuel Esteban himself and with which he often gives concerts.<br \/>\nThe work tries to follow in the footsteps of the Spanish polyphonists of the 15th and 16th centuries, although elements of the present time inevitably arise.<br \/>\nThe video was recorded in the Alpujarra of Granada, in the village of C\u00e1\u00f1ar, in June 2021.<\/p>\n<p>Performers: <strong>La R\u00eaverie \u2013 C\u00e1ntica<\/strong><br \/>\n<b>Yolanda Campos: <\/b>voice (mezzo-soprano)<b><br \/>\nInmaculada G\u00f3mez:\u00a0<\/b> transverse flute<\/p>\n<p>&nbsp;<\/p>\n<\/div>\n<p>Listen to the work on Spotify:<\/p>\n<p><iframe loading=\"lazy\" style=\"border-radius: 12px;\" src=\"https:\/\/open.spotify.com\/embed\/artist\/5PbAVTgtLLeGu9CrxGWExz?utm_source=generator\" width=\"100%\" height=\"140\" frameborder=\"0\" allowfullscreen=\"allowfullscreen\"><span style=\"display: inline-block; width: 0px; overflow: hidden; line-height: 0;\" data-mce-type=\"bookmark\" class=\"mce_SELRES_start\">\ufeff<\/span><span style=\"display: inline-block; width: 0px; overflow: hidden; line-height: 0;\" data-mce-type=\"bookmark\" class=\"mce_SELRES_start\">\ufeff<\/span><\/iframe><\/p>\n<p>&nbsp;<\/p>\n<p>Watch and listen to the <strong>video<\/strong> recorded in the Alpujarra of Granada:<\/p>\n<p><iframe loading=\"lazy\" title=\"YouTube video player\" src=\"https:\/\/www.youtube.com\/embed\/tGYWzsjmHtk\" width=\"560\" height=\"315\" frameborder=\"0\" allowfullscreen=\"allowfullscreen\"><\/iframe><\/p>\n<p>The present take of the \u00ab<strong>Coplas a la muerte de su padre<\/strong>\u00ab,<br \/>\ninterpreted by the artists of C\u00e1ntica<br \/>\n<strong>Inma G\u00f3mez<\/strong> (flute) and <strong>Yolanda Campos<\/strong> (singing),<br \/>\nwas recorded in the village of C\u00e1\u00f1ar (Alpujarras, Granada), in June 2021.<br \/>\nTechnicians: Juan Borr\u00e1s, video; Manuel Esteban, audio.<\/p>\n<p>&nbsp;<\/p>\n<h2>The lyrics of the song, by Jorge Manrique<\/h2>\n<p><b>Jorge Manrique<\/b> (c. 1440 \u2013 24 April 1479) was a major Castilian poet, whose main work, the <i>Coplas por la muerte de su padre (Verses on the death of Don Rodrigo Manrique, his Father)<\/i>, is still read today.<\/p>\n<p>More a military man than a poet, he was a supporter of the queen Isabel I of Castile, and actively participated on her side in the civil war that broke out against her half-brother, Enrique IV.\u00a0 He died at the end of the campaign.<\/p>\n<p>&nbsp;<\/p>\n<p><img loading=\"lazy\" decoding=\"async\" class=\"alignright wp-image-1783\" src=\"https:\/\/reflejarte.es\/lareverie\/wp-content\/uploads\/2022\/03\/Jorge_Manrique_portrait-219x300.jpg\" alt=\"Jorge Manrique\" width=\"165\" height=\"226\" srcset=\"https:\/\/reflejarte.es\/lareverie\/wp-content\/uploads\/2022\/03\/Jorge_Manrique_portrait-219x300.jpg 219w, https:\/\/reflejarte.es\/lareverie\/wp-content\/uploads\/2022\/03\/Jorge_Manrique_portrait-109x150.jpg 109w, https:\/\/reflejarte.es\/lareverie\/wp-content\/uploads\/2022\/03\/Jorge_Manrique_portrait.jpg 248w\" sizes=\"auto, (max-width: 165px) 100vw, 165px\" \/><\/p>\n<p>I<br \/>\nRecuerde el alma dormida,<br \/>\navive el seso y despierte<br \/>\ncontemplando<br \/>\nc\u00f3mo se pasa la vida,<br \/>\nc\u00f3mo se viene la muerte<br \/>\ntan callando,<br \/>\ncu\u00e1n presto se va el placer,<br \/>\nc\u00f3mo, despu\u00e9s de acordado,<br \/>\nda dolor;<br \/>\nc\u00f3mo, a nuestro parecer,<br \/>\ncualquiera tiempo pasado<br \/>\nfue mejor.<\/p>\n<p><img loading=\"lazy\" decoding=\"async\" class=\"alignright wp-image-1782\" title=\"Coplas a la muerte de su padre (Jorge Manrique). M\u00fasica de Manuel Esteban, interpretado por La Reverie-CANTICA. Imagen: sophias-welt.de\" src=\"https:\/\/reflejarte.es\/lareverie\/wp-content\/uploads\/2022\/03\/Coplas_Manrique-La_Reverie-300x300.jpg\" alt=\"Coplas a la muerte de su padre (Jorge Manrique). M\u00fasica de Manuel Esteban, interpretado por La Reverie-CANTICA\" width=\"235\" height=\"235\" srcset=\"https:\/\/reflejarte.es\/lareverie\/wp-content\/uploads\/2022\/03\/Coplas_Manrique-La_Reverie-300x300.jpg 300w, https:\/\/reflejarte.es\/lareverie\/wp-content\/uploads\/2022\/03\/Coplas_Manrique-La_Reverie-150x150.jpg 150w, https:\/\/reflejarte.es\/lareverie\/wp-content\/uploads\/2022\/03\/Coplas_Manrique-La_Reverie-768x768.jpg 768w, https:\/\/reflejarte.es\/lareverie\/wp-content\/uploads\/2022\/03\/Coplas_Manrique-La_Reverie.jpg 1000w\" sizes=\"auto, (max-width: 235px) 100vw, 235px\" \/><\/p>\n<p>III<br \/>\nNuestras vidas son los r\u00edos<br \/>\nque van a dar en la mar,<br \/>\nque es el morir,<br \/>\nall\u00ed van los se\u00f1or\u00edos<br \/>\nderechos a se acabar<br \/>\ny consumir;<br \/>\nall\u00ed los r\u00edos caudales,<br \/>\nall\u00ed los otros medianos<br \/>\ny m\u00e1s chicos,<br \/>\ny llegados, son iguales<br \/>\nlos que viven por sus manos<br \/>\ny los ricos.<\/p>\n<p><img loading=\"lazy\" decoding=\"async\" class=\"alignright size-medium wp-image-1781\" src=\"https:\/\/reflejarte.es\/lareverie\/wp-content\/uploads\/2022\/03\/Coplas_jm-213x300.jpg\" alt=\"Coplas de Jorge Manrique\" width=\"213\" height=\"300\" srcset=\"https:\/\/reflejarte.es\/lareverie\/wp-content\/uploads\/2022\/03\/Coplas_jm-213x300.jpg 213w, https:\/\/reflejarte.es\/lareverie\/wp-content\/uploads\/2022\/03\/Coplas_jm-106x150.jpg 106w, https:\/\/reflejarte.es\/lareverie\/wp-content\/uploads\/2022\/03\/Coplas_jm.jpg 300w\" sizes=\"auto, (max-width: 213px) 100vw, 213px\" \/><\/p>\n<p>V<br \/>\nEste mundo es el camino<br \/>\npara el otro, que es morada<br \/>\nsin pesar;<br \/>\nmas cumple tener buen tino<br \/>\npara andar esta jornada<br \/>\nsin errar.<br \/>\nPartimos cuando nacemos<br \/>\nandamos mientras vivimos,<br \/>\ny llegamos<br \/>\nal tiempo que fenecemos;<br \/>\nas\u00ed que cuando morimos<br \/>\ndescansamos.<\/p>\n<p>&nbsp;<\/p>\n<p>English translation (by Henry Wadsworth Longfellow)<\/p>\n<p>I<br \/>\nO let the soul her slumbers break,<br \/>\nLet thought be quickened, and awake;<br \/>\nAwake to see<br \/>\nHow soon this life is past and gone,<br \/>\nAnd death comes softly stealing on,<br \/>\nHow silently!<br \/>\nSwiftly our pleasures glide away,<br \/>\nOur hearts recall the distant day<br \/>\nthe pain<br \/>\nThe moments that are speeding fast<br \/>\nWe heed not, but the past,\u2014the past,<br \/>\nMore highly prize.<\/p>\n<p>III<br \/>\nOur lives are rivers, gliding free<br \/>\nTo that unfathomed, boundless sea,<br \/>\nThe silent grave!<br \/>\nThither all earthly pomp and boast<br \/>\nRoll, to be swallowed up and lost<br \/>\nIn one dark wave.<br \/>\nThither the mighty torrents stray,<br \/>\nThither the brook pursues its way,<br \/>\nAnd tinkling rill,<br \/>\nThere all are equal; side by side<br \/>\nThe poor man and the son of pride<br \/>\nLie calm and still.<\/p>\n<p>&nbsp;<\/p>\n<p>The original poem is composed of 40 couplets, of which this version presents three of the first. Find the complete lyrics of the poem at <a href=\"https:\/\/www.cervantesvirtual.com\/obra-visor\/obra-completa--0\/html\/ff6c9480-82b1-11df-acc7-002185ce6064_5.html\" target=\"_blank\" rel=\"noopener\">cervantesvirtual.com<\/a><\/p>\n","protected":false},"excerpt":{"rendered":"<p>Coplas a la muerte de su padre Stanzas about the Death of his Father Manuel Esteban (composer) \u00b7 Jorge Manrique (poem) &nbsp; &nbsp; &nbsp; \u00abCoplas a la muerte de su padre \u00b7 Verses on the&#8230;<\/p>\n<p> <a class=\"continue-reading-link\" href=\"https:\/\/reflejarte.es\/lareverie\/en\/coplas-a-la-muerte-de-su-padre-jorge-manrique-composed-by-manuel-esteban-performed-by-la-reverie-cantica\/\"><span>seguir leyendo &#8230;<\/span><i class=\"crycon-right-dir\"><\/i><\/a> <\/p>\n","protected":false},"author":3,"featured_media":1772,"parent":1180,"menu_order":0,"comment_status":"closed","ping_status":"closed","template":"","meta":{"footnotes":""},"class_list":["post-1789","page","type-page","status-publish","has-post-thumbnail","hentry"],"yoast_head":"<!-- This site is optimized with the Yoast SEO plugin v27.4 - https:\/\/yoast.com\/product\/yoast-seo-wordpress\/ -->\n<title>Coplas a la muerte de su padre (Jorge Manrique), composed by Manuel Esteban, performed by La Reverie-CANTICA. &#183; La R\u00eaverie<\/title>\n<meta name=\"description\" content=\"Coplas a la muerte de su padre (Jorge Manrique), composed by Manuel Esteban, performed by La Reverie-CANTICA. &#183; La R\u00eaverie\" \/>\n<meta name=\"robots\" content=\"index, follow, max-snippet:-1, max-image-preview:large, max-video-preview:-1\" \/>\n<link rel=\"canonical\" href=\"https:\/\/reflejarte.es\/lareverie\/en\/coplas-a-la-muerte-de-su-padre-jorge-manrique-composed-by-manuel-esteban-performed-by-la-reverie-cantica\/\" \/>\n<meta property=\"og:locale\" content=\"es_ES\" \/>\n<meta property=\"og:type\" content=\"article\" \/>\n<meta property=\"og:title\" content=\"Coplas a la muerte de su padre (Jorge Manrique), composed by Manuel Esteban, performed by La Reverie-CANTICA. &#183; La R\u00eaverie\" \/>\n<meta property=\"og:description\" content=\"Coplas a la muerte de su padre (Jorge Manrique), composed by Manuel Esteban, performed by La Reverie-CANTICA. &#183; La R\u00eaverie\" \/>\n<meta property=\"og:url\" content=\"https:\/\/reflejarte.es\/lareverie\/en\/coplas-a-la-muerte-de-su-padre-jorge-manrique-composed-by-manuel-esteban-performed-by-la-reverie-cantica\/\" \/>\n<meta property=\"og:site_name\" content=\"La R\u00eaverie\" \/>\n<meta property=\"article:modified_time\" content=\"2022-03-27T15:48:23+00:00\" \/>\n<meta property=\"og:image\" content=\"https:\/\/reflejarte.es\/lareverie\/wp-content\/uploads\/2022\/03\/Coplas-Manrique-MEsteban-LaReverie-CANTICA.jpg\" \/>\n\t<meta property=\"og:image:width\" content=\"300\" \/>\n\t<meta property=\"og:image:height\" content=\"300\" \/>\n\t<meta property=\"og:image:type\" content=\"image\/jpeg\" \/>\n<meta name=\"twitter:card\" content=\"summary_large_image\" \/>\n<meta name=\"twitter:label1\" content=\"Tiempo de lectura\" \/>\n\t<meta name=\"twitter:data1\" content=\"3 minutos\" \/>\n<script type=\"application\/ld+json\" class=\"yoast-schema-graph\">{\"@context\":\"https:\\\/\\\/schema.org\",\"@graph\":[{\"@type\":\"WebPage\",\"@id\":\"https:\\\/\\\/reflejarte.es\\\/lareverie\\\/en\\\/coplas-a-la-muerte-de-su-padre-jorge-manrique-composed-by-manuel-esteban-performed-by-la-reverie-cantica\\\/\",\"url\":\"https:\\\/\\\/reflejarte.es\\\/lareverie\\\/en\\\/coplas-a-la-muerte-de-su-padre-jorge-manrique-composed-by-manuel-esteban-performed-by-la-reverie-cantica\\\/\",\"name\":\"Coplas a la muerte de su padre (Jorge Manrique), composed by Manuel Esteban, performed by La Reverie-CANTICA. &#183; La R\u00eaverie\",\"isPartOf\":{\"@id\":\"https:\\\/\\\/reflejarte.es\\\/lareverie\\\/#website\"},\"primaryImageOfPage\":{\"@id\":\"https:\\\/\\\/reflejarte.es\\\/lareverie\\\/en\\\/coplas-a-la-muerte-de-su-padre-jorge-manrique-composed-by-manuel-esteban-performed-by-la-reverie-cantica\\\/#primaryimage\"},\"image\":{\"@id\":\"https:\\\/\\\/reflejarte.es\\\/lareverie\\\/en\\\/coplas-a-la-muerte-de-su-padre-jorge-manrique-composed-by-manuel-esteban-performed-by-la-reverie-cantica\\\/#primaryimage\"},\"thumbnailUrl\":\"https:\\\/\\\/reflejarte.es\\\/lareverie\\\/wp-content\\\/uploads\\\/2022\\\/03\\\/Coplas-Manrique-MEsteban-LaReverie-CANTICA.jpg\",\"datePublished\":\"2022-03-27T14:55:35+00:00\",\"dateModified\":\"2022-03-27T15:48:23+00:00\",\"description\":\"Coplas a la muerte de su padre (Jorge Manrique), composed by Manuel Esteban, performed by La Reverie-CANTICA. &#183; La R\u00eaverie\",\"breadcrumb\":{\"@id\":\"https:\\\/\\\/reflejarte.es\\\/lareverie\\\/en\\\/coplas-a-la-muerte-de-su-padre-jorge-manrique-composed-by-manuel-esteban-performed-by-la-reverie-cantica\\\/#breadcrumb\"},\"inLanguage\":\"es\",\"potentialAction\":[{\"@type\":\"ReadAction\",\"target\":[\"https:\\\/\\\/reflejarte.es\\\/lareverie\\\/en\\\/coplas-a-la-muerte-de-su-padre-jorge-manrique-composed-by-manuel-esteban-performed-by-la-reverie-cantica\\\/\"]}]},{\"@type\":\"ImageObject\",\"inLanguage\":\"es\",\"@id\":\"https:\\\/\\\/reflejarte.es\\\/lareverie\\\/en\\\/coplas-a-la-muerte-de-su-padre-jorge-manrique-composed-by-manuel-esteban-performed-by-la-reverie-cantica\\\/#primaryimage\",\"url\":\"https:\\\/\\\/reflejarte.es\\\/lareverie\\\/wp-content\\\/uploads\\\/2022\\\/03\\\/Coplas-Manrique-MEsteban-LaReverie-CANTICA.jpg\",\"contentUrl\":\"https:\\\/\\\/reflejarte.es\\\/lareverie\\\/wp-content\\\/uploads\\\/2022\\\/03\\\/Coplas-Manrique-MEsteban-LaReverie-CANTICA.jpg\",\"width\":300,\"height\":300,\"caption\":\"Coplas a la muerte de su padre (Jorge Manrique). M\u00fasica de Manuel Esteban, interpretado por La Reverie-CANTICA\"},{\"@type\":\"BreadcrumbList\",\"@id\":\"https:\\\/\\\/reflejarte.es\\\/lareverie\\\/en\\\/coplas-a-la-muerte-de-su-padre-jorge-manrique-composed-by-manuel-esteban-performed-by-la-reverie-cantica\\\/#breadcrumb\",\"itemListElement\":[{\"@type\":\"ListItem\",\"position\":1,\"name\":\"Inicio\",\"item\":\"https:\\\/\\\/reflejarte.es\\\/lareverie\\\/\"},{\"@type\":\"ListItem\",\"position\":2,\"name\":\"English\",\"item\":\"https:\\\/\\\/reflejarte.es\\\/lareverie\\\/en\\\/\"},{\"@type\":\"ListItem\",\"position\":3,\"name\":\"Coplas a la muerte de su padre (Jorge Manrique), composed by Manuel Esteban, performed by La Reverie-CANTICA.\"}]},{\"@type\":\"WebSite\",\"@id\":\"https:\\\/\\\/reflejarte.es\\\/lareverie\\\/#website\",\"url\":\"https:\\\/\\\/reflejarte.es\\\/lareverie\\\/\",\"name\":\"La R\u00eaverie\",\"description\":\"pasi\u00f3n por la m\u00fasica bien hecha\",\"publisher\":{\"@id\":\"https:\\\/\\\/reflejarte.es\\\/lareverie\\\/#\\\/schema\\\/person\\\/5c48ca5d852a6ac613afecdcdad33430\"},\"potentialAction\":[{\"@type\":\"SearchAction\",\"target\":{\"@type\":\"EntryPoint\",\"urlTemplate\":\"https:\\\/\\\/reflejarte.es\\\/lareverie\\\/?s={search_term_string}\"},\"query-input\":{\"@type\":\"PropertyValueSpecification\",\"valueRequired\":true,\"valueName\":\"search_term_string\"}}],\"inLanguage\":\"es\"},{\"@type\":[\"Person\",\"Organization\"],\"@id\":\"https:\\\/\\\/reflejarte.es\\\/lareverie\\\/#\\\/schema\\\/person\\\/5c48ca5d852a6ac613afecdcdad33430\",\"name\":\"La R\u00eaverie\",\"image\":{\"@type\":\"ImageObject\",\"inLanguage\":\"es\",\"@id\":\"https:\\\/\\\/reflejarte.es\\\/lareverie\\\/wp-content\\\/uploads\\\/2018\\\/09\\\/lareverie-logo.jpg\",\"url\":\"https:\\\/\\\/reflejarte.es\\\/lareverie\\\/wp-content\\\/uploads\\\/2018\\\/09\\\/lareverie-logo.jpg\",\"contentUrl\":\"https:\\\/\\\/reflejarte.es\\\/lareverie\\\/wp-content\\\/uploads\\\/2018\\\/09\\\/lareverie-logo.jpg\",\"width\":512,\"height\":512,\"caption\":\"La R\u00eaverie\"},\"logo\":{\"@id\":\"https:\\\/\\\/reflejarte.es\\\/lareverie\\\/wp-content\\\/uploads\\\/2018\\\/09\\\/lareverie-logo.jpg\"}}]}<\/script>\n<!-- \/ Yoast SEO plugin. -->","yoast_head_json":{"title":"Coplas a la muerte de su padre (Jorge Manrique), composed by Manuel Esteban, performed by La Reverie-CANTICA. &#183; La R\u00eaverie","description":"Coplas a la muerte de su padre (Jorge Manrique), composed by Manuel Esteban, performed by La Reverie-CANTICA. &#183; La R\u00eaverie","robots":{"index":"index","follow":"follow","max-snippet":"max-snippet:-1","max-image-preview":"max-image-preview:large","max-video-preview":"max-video-preview:-1"},"canonical":"https:\/\/reflejarte.es\/lareverie\/en\/coplas-a-la-muerte-de-su-padre-jorge-manrique-composed-by-manuel-esteban-performed-by-la-reverie-cantica\/","og_locale":"es_ES","og_type":"article","og_title":"Coplas a la muerte de su padre (Jorge Manrique), composed by Manuel Esteban, performed by La Reverie-CANTICA. &#183; La R\u00eaverie","og_description":"Coplas a la muerte de su padre (Jorge Manrique), composed by Manuel Esteban, performed by La Reverie-CANTICA. &#183; La R\u00eaverie","og_url":"https:\/\/reflejarte.es\/lareverie\/en\/coplas-a-la-muerte-de-su-padre-jorge-manrique-composed-by-manuel-esteban-performed-by-la-reverie-cantica\/","og_site_name":"La R\u00eaverie","article_modified_time":"2022-03-27T15:48:23+00:00","og_image":[{"width":300,"height":300,"url":"https:\/\/reflejarte.es\/lareverie\/wp-content\/uploads\/2022\/03\/Coplas-Manrique-MEsteban-LaReverie-CANTICA.jpg","type":"image\/jpeg"}],"twitter_card":"summary_large_image","twitter_misc":{"Tiempo de lectura":"3 minutos"},"schema":{"@context":"https:\/\/schema.org","@graph":[{"@type":"WebPage","@id":"https:\/\/reflejarte.es\/lareverie\/en\/coplas-a-la-muerte-de-su-padre-jorge-manrique-composed-by-manuel-esteban-performed-by-la-reverie-cantica\/","url":"https:\/\/reflejarte.es\/lareverie\/en\/coplas-a-la-muerte-de-su-padre-jorge-manrique-composed-by-manuel-esteban-performed-by-la-reverie-cantica\/","name":"Coplas a la muerte de su padre (Jorge Manrique), composed by Manuel Esteban, performed by La Reverie-CANTICA. &#183; La R\u00eaverie","isPartOf":{"@id":"https:\/\/reflejarte.es\/lareverie\/#website"},"primaryImageOfPage":{"@id":"https:\/\/reflejarte.es\/lareverie\/en\/coplas-a-la-muerte-de-su-padre-jorge-manrique-composed-by-manuel-esteban-performed-by-la-reverie-cantica\/#primaryimage"},"image":{"@id":"https:\/\/reflejarte.es\/lareverie\/en\/coplas-a-la-muerte-de-su-padre-jorge-manrique-composed-by-manuel-esteban-performed-by-la-reverie-cantica\/#primaryimage"},"thumbnailUrl":"https:\/\/reflejarte.es\/lareverie\/wp-content\/uploads\/2022\/03\/Coplas-Manrique-MEsteban-LaReverie-CANTICA.jpg","datePublished":"2022-03-27T14:55:35+00:00","dateModified":"2022-03-27T15:48:23+00:00","description":"Coplas a la muerte de su padre (Jorge Manrique), composed by Manuel Esteban, performed by La Reverie-CANTICA. &#183; La R\u00eaverie","breadcrumb":{"@id":"https:\/\/reflejarte.es\/lareverie\/en\/coplas-a-la-muerte-de-su-padre-jorge-manrique-composed-by-manuel-esteban-performed-by-la-reverie-cantica\/#breadcrumb"},"inLanguage":"es","potentialAction":[{"@type":"ReadAction","target":["https:\/\/reflejarte.es\/lareverie\/en\/coplas-a-la-muerte-de-su-padre-jorge-manrique-composed-by-manuel-esteban-performed-by-la-reverie-cantica\/"]}]},{"@type":"ImageObject","inLanguage":"es","@id":"https:\/\/reflejarte.es\/lareverie\/en\/coplas-a-la-muerte-de-su-padre-jorge-manrique-composed-by-manuel-esteban-performed-by-la-reverie-cantica\/#primaryimage","url":"https:\/\/reflejarte.es\/lareverie\/wp-content\/uploads\/2022\/03\/Coplas-Manrique-MEsteban-LaReverie-CANTICA.jpg","contentUrl":"https:\/\/reflejarte.es\/lareverie\/wp-content\/uploads\/2022\/03\/Coplas-Manrique-MEsteban-LaReverie-CANTICA.jpg","width":300,"height":300,"caption":"Coplas a la muerte de su padre (Jorge Manrique). M\u00fasica de Manuel Esteban, interpretado por La Reverie-CANTICA"},{"@type":"BreadcrumbList","@id":"https:\/\/reflejarte.es\/lareverie\/en\/coplas-a-la-muerte-de-su-padre-jorge-manrique-composed-by-manuel-esteban-performed-by-la-reverie-cantica\/#breadcrumb","itemListElement":[{"@type":"ListItem","position":1,"name":"Inicio","item":"https:\/\/reflejarte.es\/lareverie\/"},{"@type":"ListItem","position":2,"name":"English","item":"https:\/\/reflejarte.es\/lareverie\/en\/"},{"@type":"ListItem","position":3,"name":"Coplas a la muerte de su padre (Jorge Manrique), composed by Manuel Esteban, performed by La Reverie-CANTICA."}]},{"@type":"WebSite","@id":"https:\/\/reflejarte.es\/lareverie\/#website","url":"https:\/\/reflejarte.es\/lareverie\/","name":"La R\u00eaverie","description":"pasi\u00f3n por la m\u00fasica bien hecha","publisher":{"@id":"https:\/\/reflejarte.es\/lareverie\/#\/schema\/person\/5c48ca5d852a6ac613afecdcdad33430"},"potentialAction":[{"@type":"SearchAction","target":{"@type":"EntryPoint","urlTemplate":"https:\/\/reflejarte.es\/lareverie\/?s={search_term_string}"},"query-input":{"@type":"PropertyValueSpecification","valueRequired":true,"valueName":"search_term_string"}}],"inLanguage":"es"},{"@type":["Person","Organization"],"@id":"https:\/\/reflejarte.es\/lareverie\/#\/schema\/person\/5c48ca5d852a6ac613afecdcdad33430","name":"La R\u00eaverie","image":{"@type":"ImageObject","inLanguage":"es","@id":"https:\/\/reflejarte.es\/lareverie\/wp-content\/uploads\/2018\/09\/lareverie-logo.jpg","url":"https:\/\/reflejarte.es\/lareverie\/wp-content\/uploads\/2018\/09\/lareverie-logo.jpg","contentUrl":"https:\/\/reflejarte.es\/lareverie\/wp-content\/uploads\/2018\/09\/lareverie-logo.jpg","width":512,"height":512,"caption":"La R\u00eaverie"},"logo":{"@id":"https:\/\/reflejarte.es\/lareverie\/wp-content\/uploads\/2018\/09\/lareverie-logo.jpg"}}]}},"_links":{"self":[{"href":"https:\/\/reflejarte.es\/lareverie\/wp-json\/wp\/v2\/pages\/1789","targetHints":{"allow":["GET"]}}],"collection":[{"href":"https:\/\/reflejarte.es\/lareverie\/wp-json\/wp\/v2\/pages"}],"about":[{"href":"https:\/\/reflejarte.es\/lareverie\/wp-json\/wp\/v2\/types\/page"}],"author":[{"embeddable":true,"href":"https:\/\/reflejarte.es\/lareverie\/wp-json\/wp\/v2\/users\/3"}],"replies":[{"embeddable":true,"href":"https:\/\/reflejarte.es\/lareverie\/wp-json\/wp\/v2\/comments?post=1789"}],"version-history":[{"count":7,"href":"https:\/\/reflejarte.es\/lareverie\/wp-json\/wp\/v2\/pages\/1789\/revisions"}],"predecessor-version":[{"id":1811,"href":"https:\/\/reflejarte.es\/lareverie\/wp-json\/wp\/v2\/pages\/1789\/revisions\/1811"}],"up":[{"embeddable":true,"href":"https:\/\/reflejarte.es\/lareverie\/wp-json\/wp\/v2\/pages\/1180"}],"wp:featuredmedia":[{"embeddable":true,"href":"https:\/\/reflejarte.es\/lareverie\/wp-json\/wp\/v2\/media\/1772"}],"wp:attachment":[{"href":"https:\/\/reflejarte.es\/lareverie\/wp-json\/wp\/v2\/media?parent=1789"}],"curies":[{"name":"wp","href":"https:\/\/api.w.org\/{rel}","templated":true}]}}