{"id":1774,"date":"2022-03-27T10:57:51","date_gmt":"2022-03-27T10:57:51","guid":{"rendered":"https:\/\/reflejarte.es\/lareverie\/?page_id=1774"},"modified":"2022-03-27T15:49:24","modified_gmt":"2022-03-27T15:49:24","slug":"coplas-a-la-muerte-de-su-padre-letra-jorge-manrique-musica-manuel-esteban","status":"publish","type":"page","link":"https:\/\/reflejarte.es\/lareverie\/coplas-a-la-muerte-de-su-padre-letra-jorge-manrique-musica-manuel-esteban\/","title":{"rendered":"Coplas a la muerte de su padre (Letra: Jorge Manrique. M\u00fasica: Manuel Esteban)"},"content":{"rendered":"<h2 class=\"product_title entry-title\">Coplas a la muerte de su padre<\/h2>\n<h3 class=\"product_title entry-title\">Manuel Esteban (composici\u00f3n) \u00b7 Jorge Manrique (letra)<\/h3>\n<p>&nbsp;<\/p>\n<p><img loading=\"lazy\" decoding=\"async\" class=\"alignleft wp-image-1772 size-medium\" title=\"Coplas a la muerte de su padre (Jorge Manrique). M\u00fasica de Manuel Esteban, interpretado por La Reverie-CANTICA. Imagen: KLW \" src=\"https:\/\/reflejarte.es\/lareverie\/wp-content\/uploads\/2022\/03\/Coplas-Manrique-MEsteban-LaReverie-CANTICA-300x300.jpg\" alt=\"Coplas a la muerte de su padre (Jorge Manrique). M\u00fasica de Manuel Esteban, interpretado por La Reverie-CANTICA\" width=\"300\" height=\"300\" srcset=\"https:\/\/reflejarte.es\/lareverie\/wp-content\/uploads\/2022\/03\/Coplas-Manrique-MEsteban-LaReverie-CANTICA.jpg 300w, https:\/\/reflejarte.es\/lareverie\/wp-content\/uploads\/2022\/03\/Coplas-Manrique-MEsteban-LaReverie-CANTICA-150x150.jpg 150w\" sizes=\"auto, (max-width: 300px) 100vw, 300px\" \/><\/p>\n<p>&nbsp;<\/p>\n<div class=\"woocommerce-product-details__short-description\">\n<p>\u00ab<strong>Coplas a la muerte de su padre<\/strong>\u00bb es una <strong>composici\u00f3n de Manuel Esteban sobre las famosas coplas de Jorge<\/strong> <strong>Manrique<\/strong> (1440-1479).<\/p>\n<p>Se trata de un contrapunto a dos voces interpretado por el ensemble <strong>La R\u00eaverie \u2013 C\u00e1ntica<\/strong>, fundado por el propio Manuel Esteban y con el que a menudo ofrece conciertos.<br \/>\nLa obra trata de seguir la estela de los polifonistas espa\u00f1oles de los siglos XV y XVI, aunque inevitablemente surgen elementos de la \u00e9poca actual.<br \/>\nEl video se grab\u00f3 en la Alpujarra granadina, en el pueblo de C\u00e1\u00f1ar, en junio de 2021.<\/p>\n<p>Int\u00e9rpretes: <strong>La R\u00eaverie \u2013 C\u00e1ntica<\/strong><br \/>\n<b>Yolanda Campos: <\/b>voz (mezzo-soprano)<b><br \/>\nInmaculada G\u00f3mez: <\/b>flauta travesera<\/p>\n<p>&nbsp;<\/p>\n<\/div>\n<p>&nbsp;<\/p>\n<p>Escuchar la obra en Spotify:<\/p>\n<p><iframe loading=\"lazy\" style=\"border-radius: 12px;\" src=\"https:\/\/open.spotify.com\/embed\/artist\/5PbAVTgtLLeGu9CrxGWExz?utm_source=generator\" width=\"100%\" height=\"140\" frameborder=\"0\" allowfullscreen=\"allowfullscreen\"><span style=\"display: inline-block; width: 0px; overflow: hidden; line-height: 0;\" data-mce-type=\"bookmark\" class=\"mce_SELRES_start\">\ufeff<\/span><span style=\"display: inline-block; width: 0px; overflow: hidden; line-height: 0;\" data-mce-type=\"bookmark\" class=\"mce_SELRES_start\">\ufeff<\/span><\/iframe><\/p>\n<p>&nbsp;<\/p>\n<p>Ver y escuchar\u00a0 el <strong>video<\/strong> grabado en la Alpujarra granadina:<\/p>\n<p><iframe loading=\"lazy\" title=\"YouTube video player\" src=\"https:\/\/www.youtube.com\/embed\/tGYWzsjmHtk\" width=\"560\" height=\"315\" frameborder=\"0\" allowfullscreen=\"allowfullscreen\"><\/iframe><br \/>\nLa presente toma de las \u00abCoplas a la muerte de su padre\u00bb,<br \/>\ninterpretada por las artistas de C\u00e1ntica<br \/>\n<strong>Inma G\u00f3mez<\/strong> (flauta travesera) y <strong>Yolanda Campos<\/strong> (canto),<br \/>\nfue grabada en el pueblo de C\u00e1\u00f1ar (Alpujarras, Granada), en junio de 2021.<br \/>\nT\u00e9cnicos: Juan Borr\u00e1s, video; Manuel Esteban, audio<\/p>\n<p>&nbsp;<\/p>\n<h2>La letra de la canci\u00f3n, de Jorge Manrique<\/h2>\n<p>Manrique (Segura de la Sierra, Ja\u00e9n, 1440 &#8211; Cuenca, 1479) fue poeta y guerrero. Escribi\u00f3 las \u201cCoplas a la muerte de su padre el maestre don Rodrigo\u201d (uno de los hombres m\u00e1s poderosos de su tiempo) en honor a su padre.<br \/>\nHombre de letras m\u00e1s militar que poeta, Manrique combati\u00f3, durante el reinado de Enrique IV de Castilla, en las luchas en torno a la subida al trono de Isabel la Cat\u00f3lica, hermanastra de Enrique. Muri\u00f3 durante la campa\u00f1a.<\/p>\n<p><img loading=\"lazy\" decoding=\"async\" class=\"alignright wp-image-1783\" src=\"https:\/\/reflejarte.es\/lareverie\/wp-content\/uploads\/2022\/03\/Jorge_Manrique_portrait-219x300.jpg\" alt=\"Jorge Manrique\" width=\"165\" height=\"226\" srcset=\"https:\/\/reflejarte.es\/lareverie\/wp-content\/uploads\/2022\/03\/Jorge_Manrique_portrait-219x300.jpg 219w, https:\/\/reflejarte.es\/lareverie\/wp-content\/uploads\/2022\/03\/Jorge_Manrique_portrait-109x150.jpg 109w, https:\/\/reflejarte.es\/lareverie\/wp-content\/uploads\/2022\/03\/Jorge_Manrique_portrait.jpg 248w\" sizes=\"auto, (max-width: 165px) 100vw, 165px\" \/><\/p>\n<p>I<br \/>\nRecuerde el alma dormida,<br \/>\navive el seso y despierte<br \/>\ncontemplando<br \/>\nc\u00f3mo se pasa la vida,<br \/>\nc\u00f3mo se viene la muerte<br \/>\ntan callando,<br \/>\ncu\u00e1n presto se va el placer,<br \/>\nc\u00f3mo, despu\u00e9s de acordado,<br \/>\nda dolor;<br \/>\nc\u00f3mo, a nuestro parecer,<br \/>\ncualquiera tiempo pasado<br \/>\nfue mejor.<\/p>\n<p><img loading=\"lazy\" decoding=\"async\" class=\"alignright wp-image-1782\" title=\"Coplas a la muerte de su padre (Jorge Manrique). M\u00fasica de Manuel Esteban, interpretado por La Reverie-CANTICA. Imagen: sophias-welt.de\" src=\"https:\/\/reflejarte.es\/lareverie\/wp-content\/uploads\/2022\/03\/Coplas_Manrique-La_Reverie-300x300.jpg\" alt=\"Coplas a la muerte de su padre (Jorge Manrique). M\u00fasica de Manuel Esteban, interpretado por La Reverie-CANTICA\" width=\"235\" height=\"235\" srcset=\"https:\/\/reflejarte.es\/lareverie\/wp-content\/uploads\/2022\/03\/Coplas_Manrique-La_Reverie-300x300.jpg 300w, https:\/\/reflejarte.es\/lareverie\/wp-content\/uploads\/2022\/03\/Coplas_Manrique-La_Reverie-150x150.jpg 150w, https:\/\/reflejarte.es\/lareverie\/wp-content\/uploads\/2022\/03\/Coplas_Manrique-La_Reverie-768x768.jpg 768w, https:\/\/reflejarte.es\/lareverie\/wp-content\/uploads\/2022\/03\/Coplas_Manrique-La_Reverie.jpg 1000w\" sizes=\"auto, (max-width: 235px) 100vw, 235px\" \/><\/p>\n<p>III<br \/>\nNuestras vidas son los r\u00edos<br \/>\nque van a dar en la mar,<br \/>\nque es el morir,<br \/>\nall\u00ed van los se\u00f1or\u00edos<br \/>\nderechos a se acabar<br \/>\ny consumir;<br \/>\nall\u00ed los r\u00edos caudales,<br \/>\nall\u00ed los otros medianos<br \/>\ny m\u00e1s chicos,<br \/>\ny llegados, son iguales<br \/>\nlos que viven por sus manos<br \/>\ny los ricos.<\/p>\n<p><img loading=\"lazy\" decoding=\"async\" class=\"alignright size-medium wp-image-1781\" src=\"https:\/\/reflejarte.es\/lareverie\/wp-content\/uploads\/2022\/03\/Coplas_jm-213x300.jpg\" alt=\"Coplas de Jorge Manrique\" width=\"213\" height=\"300\" srcset=\"https:\/\/reflejarte.es\/lareverie\/wp-content\/uploads\/2022\/03\/Coplas_jm-213x300.jpg 213w, https:\/\/reflejarte.es\/lareverie\/wp-content\/uploads\/2022\/03\/Coplas_jm-106x150.jpg 106w, https:\/\/reflejarte.es\/lareverie\/wp-content\/uploads\/2022\/03\/Coplas_jm.jpg 300w\" sizes=\"auto, (max-width: 213px) 100vw, 213px\" \/><\/p>\n<p>V<br \/>\nEste mundo es el camino<br \/>\npara el otro, que es morada<br \/>\nsin pesar;<br \/>\nmas cumple tener buen tino<br \/>\npara andar esta jornada<br \/>\nsin errar.<br \/>\nPartimos cuando nacemos<br \/>\nandamos mientras vivimos,<br \/>\ny llegamos<br \/>\nal tiempo que fenecemos;<br \/>\nas\u00ed que cuando morimos<br \/>\ndescansamos.<\/p>\n<p>El poema original se compone de 40 coplas,\u00a0 de las cuales esta versi\u00f3n presenta tres de las primeras. Encuentra la letra completa del poema en <a href=\"https:\/\/www.cervantesvirtual.com\/obra-visor\/obra-completa--0\/html\/ff6c9480-82b1-11df-acc7-002185ce6064_5.html\" target=\"_blank\" rel=\"noopener\">cervantesvirtual.com<\/a><\/p>\n","protected":false},"excerpt":{"rendered":"<p>Coplas a la muerte de su padre Manuel Esteban (composici\u00f3n) \u00b7 Jorge Manrique (letra) &nbsp; &nbsp; \u00abCoplas a la muerte de su padre\u00bb es una composici\u00f3n de Manuel Esteban sobre las famosas coplas de Jorge&#8230;<\/p>\n<p> <a class=\"continue-reading-link\" href=\"https:\/\/reflejarte.es\/lareverie\/coplas-a-la-muerte-de-su-padre-letra-jorge-manrique-musica-manuel-esteban\/\"><span>seguir leyendo &#8230;<\/span><i class=\"crycon-right-dir\"><\/i><\/a> <\/p>\n","protected":false},"author":3,"featured_media":1772,"parent":0,"menu_order":0,"comment_status":"closed","ping_status":"closed","template":"","meta":{"footnotes":""},"class_list":["post-1774","page","type-page","status-publish","has-post-thumbnail","hentry"],"yoast_head":"<!-- This site is optimized with the Yoast SEO plugin v27.4 - https:\/\/yoast.com\/product\/yoast-seo-wordpress\/ -->\n<title>Coplas a la muerte de su padre (Letra: Jorge Manrique. M\u00fasica: Manuel Esteban) &#183; La R\u00eaverie<\/title>\n<meta name=\"description\" content=\"Coplas a la muerte de su padre (Letra: Jorge Manrique. M\u00fasica: Manuel Esteban) &#183; La R\u00eaverie\" \/>\n<meta name=\"robots\" content=\"index, follow, max-snippet:-1, max-image-preview:large, max-video-preview:-1\" \/>\n<link rel=\"canonical\" href=\"https:\/\/reflejarte.es\/lareverie\/coplas-a-la-muerte-de-su-padre-letra-jorge-manrique-musica-manuel-esteban\/\" \/>\n<meta property=\"og:locale\" content=\"es_ES\" \/>\n<meta property=\"og:type\" content=\"article\" \/>\n<meta property=\"og:title\" content=\"Coplas a la muerte de su padre (Letra: Jorge Manrique. M\u00fasica: Manuel Esteban) &#183; La R\u00eaverie\" \/>\n<meta property=\"og:description\" content=\"Coplas a la muerte de su padre (Letra: Jorge Manrique. M\u00fasica: Manuel Esteban) &#183; La R\u00eaverie\" \/>\n<meta property=\"og:url\" content=\"https:\/\/reflejarte.es\/lareverie\/coplas-a-la-muerte-de-su-padre-letra-jorge-manrique-musica-manuel-esteban\/\" \/>\n<meta property=\"og:site_name\" content=\"La R\u00eaverie\" \/>\n<meta property=\"article:modified_time\" content=\"2022-03-27T15:49:24+00:00\" \/>\n<meta property=\"og:image\" content=\"https:\/\/reflejarte.es\/lareverie\/wp-content\/uploads\/2022\/03\/Coplas-Manrique-MEsteban-LaReverie-CANTICA.jpg\" \/>\n\t<meta property=\"og:image:width\" content=\"300\" \/>\n\t<meta property=\"og:image:height\" content=\"300\" \/>\n\t<meta property=\"og:image:type\" content=\"image\/jpeg\" \/>\n<meta name=\"twitter:card\" content=\"summary_large_image\" \/>\n<meta name=\"twitter:label1\" content=\"Tiempo de lectura\" \/>\n\t<meta name=\"twitter:data1\" content=\"2 minutos\" \/>\n<script type=\"application\/ld+json\" class=\"yoast-schema-graph\">{\"@context\":\"https:\\\/\\\/schema.org\",\"@graph\":[{\"@type\":\"WebPage\",\"@id\":\"https:\\\/\\\/reflejarte.es\\\/lareverie\\\/coplas-a-la-muerte-de-su-padre-letra-jorge-manrique-musica-manuel-esteban\\\/\",\"url\":\"https:\\\/\\\/reflejarte.es\\\/lareverie\\\/coplas-a-la-muerte-de-su-padre-letra-jorge-manrique-musica-manuel-esteban\\\/\",\"name\":\"Coplas a la muerte de su padre (Letra: Jorge Manrique. M\u00fasica: Manuel Esteban) &#183; La R\u00eaverie\",\"isPartOf\":{\"@id\":\"https:\\\/\\\/reflejarte.es\\\/lareverie\\\/#website\"},\"primaryImageOfPage\":{\"@id\":\"https:\\\/\\\/reflejarte.es\\\/lareverie\\\/coplas-a-la-muerte-de-su-padre-letra-jorge-manrique-musica-manuel-esteban\\\/#primaryimage\"},\"image\":{\"@id\":\"https:\\\/\\\/reflejarte.es\\\/lareverie\\\/coplas-a-la-muerte-de-su-padre-letra-jorge-manrique-musica-manuel-esteban\\\/#primaryimage\"},\"thumbnailUrl\":\"https:\\\/\\\/reflejarte.es\\\/lareverie\\\/wp-content\\\/uploads\\\/2022\\\/03\\\/Coplas-Manrique-MEsteban-LaReverie-CANTICA.jpg\",\"datePublished\":\"2022-03-27T10:57:51+00:00\",\"dateModified\":\"2022-03-27T15:49:24+00:00\",\"description\":\"Coplas a la muerte de su padre (Letra: Jorge Manrique. M\u00fasica: Manuel Esteban) &#183; La R\u00eaverie\",\"breadcrumb\":{\"@id\":\"https:\\\/\\\/reflejarte.es\\\/lareverie\\\/coplas-a-la-muerte-de-su-padre-letra-jorge-manrique-musica-manuel-esteban\\\/#breadcrumb\"},\"inLanguage\":\"es\",\"potentialAction\":[{\"@type\":\"ReadAction\",\"target\":[\"https:\\\/\\\/reflejarte.es\\\/lareverie\\\/coplas-a-la-muerte-de-su-padre-letra-jorge-manrique-musica-manuel-esteban\\\/\"]}]},{\"@type\":\"ImageObject\",\"inLanguage\":\"es\",\"@id\":\"https:\\\/\\\/reflejarte.es\\\/lareverie\\\/coplas-a-la-muerte-de-su-padre-letra-jorge-manrique-musica-manuel-esteban\\\/#primaryimage\",\"url\":\"https:\\\/\\\/reflejarte.es\\\/lareverie\\\/wp-content\\\/uploads\\\/2022\\\/03\\\/Coplas-Manrique-MEsteban-LaReverie-CANTICA.jpg\",\"contentUrl\":\"https:\\\/\\\/reflejarte.es\\\/lareverie\\\/wp-content\\\/uploads\\\/2022\\\/03\\\/Coplas-Manrique-MEsteban-LaReverie-CANTICA.jpg\",\"width\":300,\"height\":300,\"caption\":\"Coplas a la muerte de su padre (Jorge Manrique). M\u00fasica de Manuel Esteban, interpretado por La Reverie-CANTICA\"},{\"@type\":\"BreadcrumbList\",\"@id\":\"https:\\\/\\\/reflejarte.es\\\/lareverie\\\/coplas-a-la-muerte-de-su-padre-letra-jorge-manrique-musica-manuel-esteban\\\/#breadcrumb\",\"itemListElement\":[{\"@type\":\"ListItem\",\"position\":1,\"name\":\"Inicio\",\"item\":\"https:\\\/\\\/reflejarte.es\\\/lareverie\\\/\"},{\"@type\":\"ListItem\",\"position\":2,\"name\":\"Coplas a la muerte de su padre (Letra: Jorge Manrique. M\u00fasica: Manuel Esteban)\"}]},{\"@type\":\"WebSite\",\"@id\":\"https:\\\/\\\/reflejarte.es\\\/lareverie\\\/#website\",\"url\":\"https:\\\/\\\/reflejarte.es\\\/lareverie\\\/\",\"name\":\"La R\u00eaverie\",\"description\":\"pasi\u00f3n por la m\u00fasica bien hecha\",\"publisher\":{\"@id\":\"https:\\\/\\\/reflejarte.es\\\/lareverie\\\/#\\\/schema\\\/person\\\/5c48ca5d852a6ac613afecdcdad33430\"},\"potentialAction\":[{\"@type\":\"SearchAction\",\"target\":{\"@type\":\"EntryPoint\",\"urlTemplate\":\"https:\\\/\\\/reflejarte.es\\\/lareverie\\\/?s={search_term_string}\"},\"query-input\":{\"@type\":\"PropertyValueSpecification\",\"valueRequired\":true,\"valueName\":\"search_term_string\"}}],\"inLanguage\":\"es\"},{\"@type\":[\"Person\",\"Organization\"],\"@id\":\"https:\\\/\\\/reflejarte.es\\\/lareverie\\\/#\\\/schema\\\/person\\\/5c48ca5d852a6ac613afecdcdad33430\",\"name\":\"La R\u00eaverie\",\"image\":{\"@type\":\"ImageObject\",\"inLanguage\":\"es\",\"@id\":\"https:\\\/\\\/reflejarte.es\\\/lareverie\\\/wp-content\\\/uploads\\\/2018\\\/09\\\/lareverie-logo.jpg\",\"url\":\"https:\\\/\\\/reflejarte.es\\\/lareverie\\\/wp-content\\\/uploads\\\/2018\\\/09\\\/lareverie-logo.jpg\",\"contentUrl\":\"https:\\\/\\\/reflejarte.es\\\/lareverie\\\/wp-content\\\/uploads\\\/2018\\\/09\\\/lareverie-logo.jpg\",\"width\":512,\"height\":512,\"caption\":\"La R\u00eaverie\"},\"logo\":{\"@id\":\"https:\\\/\\\/reflejarte.es\\\/lareverie\\\/wp-content\\\/uploads\\\/2018\\\/09\\\/lareverie-logo.jpg\"}}]}<\/script>\n<!-- \/ Yoast SEO plugin. -->","yoast_head_json":{"title":"Coplas a la muerte de su padre (Letra: Jorge Manrique. M\u00fasica: Manuel Esteban) &#183; La R\u00eaverie","description":"Coplas a la muerte de su padre (Letra: Jorge Manrique. M\u00fasica: Manuel Esteban) &#183; La R\u00eaverie","robots":{"index":"index","follow":"follow","max-snippet":"max-snippet:-1","max-image-preview":"max-image-preview:large","max-video-preview":"max-video-preview:-1"},"canonical":"https:\/\/reflejarte.es\/lareverie\/coplas-a-la-muerte-de-su-padre-letra-jorge-manrique-musica-manuel-esteban\/","og_locale":"es_ES","og_type":"article","og_title":"Coplas a la muerte de su padre (Letra: Jorge Manrique. M\u00fasica: Manuel Esteban) &#183; La R\u00eaverie","og_description":"Coplas a la muerte de su padre (Letra: Jorge Manrique. M\u00fasica: Manuel Esteban) &#183; La R\u00eaverie","og_url":"https:\/\/reflejarte.es\/lareverie\/coplas-a-la-muerte-de-su-padre-letra-jorge-manrique-musica-manuel-esteban\/","og_site_name":"La R\u00eaverie","article_modified_time":"2022-03-27T15:49:24+00:00","og_image":[{"width":300,"height":300,"url":"https:\/\/reflejarte.es\/lareverie\/wp-content\/uploads\/2022\/03\/Coplas-Manrique-MEsteban-LaReverie-CANTICA.jpg","type":"image\/jpeg"}],"twitter_card":"summary_large_image","twitter_misc":{"Tiempo de lectura":"2 minutos"},"schema":{"@context":"https:\/\/schema.org","@graph":[{"@type":"WebPage","@id":"https:\/\/reflejarte.es\/lareverie\/coplas-a-la-muerte-de-su-padre-letra-jorge-manrique-musica-manuel-esteban\/","url":"https:\/\/reflejarte.es\/lareverie\/coplas-a-la-muerte-de-su-padre-letra-jorge-manrique-musica-manuel-esteban\/","name":"Coplas a la muerte de su padre (Letra: Jorge Manrique. M\u00fasica: Manuel Esteban) &#183; La R\u00eaverie","isPartOf":{"@id":"https:\/\/reflejarte.es\/lareverie\/#website"},"primaryImageOfPage":{"@id":"https:\/\/reflejarte.es\/lareverie\/coplas-a-la-muerte-de-su-padre-letra-jorge-manrique-musica-manuel-esteban\/#primaryimage"},"image":{"@id":"https:\/\/reflejarte.es\/lareverie\/coplas-a-la-muerte-de-su-padre-letra-jorge-manrique-musica-manuel-esteban\/#primaryimage"},"thumbnailUrl":"https:\/\/reflejarte.es\/lareverie\/wp-content\/uploads\/2022\/03\/Coplas-Manrique-MEsteban-LaReverie-CANTICA.jpg","datePublished":"2022-03-27T10:57:51+00:00","dateModified":"2022-03-27T15:49:24+00:00","description":"Coplas a la muerte de su padre (Letra: Jorge Manrique. M\u00fasica: Manuel Esteban) &#183; La R\u00eaverie","breadcrumb":{"@id":"https:\/\/reflejarte.es\/lareverie\/coplas-a-la-muerte-de-su-padre-letra-jorge-manrique-musica-manuel-esteban\/#breadcrumb"},"inLanguage":"es","potentialAction":[{"@type":"ReadAction","target":["https:\/\/reflejarte.es\/lareverie\/coplas-a-la-muerte-de-su-padre-letra-jorge-manrique-musica-manuel-esteban\/"]}]},{"@type":"ImageObject","inLanguage":"es","@id":"https:\/\/reflejarte.es\/lareverie\/coplas-a-la-muerte-de-su-padre-letra-jorge-manrique-musica-manuel-esteban\/#primaryimage","url":"https:\/\/reflejarte.es\/lareverie\/wp-content\/uploads\/2022\/03\/Coplas-Manrique-MEsteban-LaReverie-CANTICA.jpg","contentUrl":"https:\/\/reflejarte.es\/lareverie\/wp-content\/uploads\/2022\/03\/Coplas-Manrique-MEsteban-LaReverie-CANTICA.jpg","width":300,"height":300,"caption":"Coplas a la muerte de su padre (Jorge Manrique). M\u00fasica de Manuel Esteban, interpretado por La Reverie-CANTICA"},{"@type":"BreadcrumbList","@id":"https:\/\/reflejarte.es\/lareverie\/coplas-a-la-muerte-de-su-padre-letra-jorge-manrique-musica-manuel-esteban\/#breadcrumb","itemListElement":[{"@type":"ListItem","position":1,"name":"Inicio","item":"https:\/\/reflejarte.es\/lareverie\/"},{"@type":"ListItem","position":2,"name":"Coplas a la muerte de su padre (Letra: Jorge Manrique. M\u00fasica: Manuel Esteban)"}]},{"@type":"WebSite","@id":"https:\/\/reflejarte.es\/lareverie\/#website","url":"https:\/\/reflejarte.es\/lareverie\/","name":"La R\u00eaverie","description":"pasi\u00f3n por la m\u00fasica bien hecha","publisher":{"@id":"https:\/\/reflejarte.es\/lareverie\/#\/schema\/person\/5c48ca5d852a6ac613afecdcdad33430"},"potentialAction":[{"@type":"SearchAction","target":{"@type":"EntryPoint","urlTemplate":"https:\/\/reflejarte.es\/lareverie\/?s={search_term_string}"},"query-input":{"@type":"PropertyValueSpecification","valueRequired":true,"valueName":"search_term_string"}}],"inLanguage":"es"},{"@type":["Person","Organization"],"@id":"https:\/\/reflejarte.es\/lareverie\/#\/schema\/person\/5c48ca5d852a6ac613afecdcdad33430","name":"La R\u00eaverie","image":{"@type":"ImageObject","inLanguage":"es","@id":"https:\/\/reflejarte.es\/lareverie\/wp-content\/uploads\/2018\/09\/lareverie-logo.jpg","url":"https:\/\/reflejarte.es\/lareverie\/wp-content\/uploads\/2018\/09\/lareverie-logo.jpg","contentUrl":"https:\/\/reflejarte.es\/lareverie\/wp-content\/uploads\/2018\/09\/lareverie-logo.jpg","width":512,"height":512,"caption":"La R\u00eaverie"},"logo":{"@id":"https:\/\/reflejarte.es\/lareverie\/wp-content\/uploads\/2018\/09\/lareverie-logo.jpg"}}]}},"_links":{"self":[{"href":"https:\/\/reflejarte.es\/lareverie\/wp-json\/wp\/v2\/pages\/1774","targetHints":{"allow":["GET"]}}],"collection":[{"href":"https:\/\/reflejarte.es\/lareverie\/wp-json\/wp\/v2\/pages"}],"about":[{"href":"https:\/\/reflejarte.es\/lareverie\/wp-json\/wp\/v2\/types\/page"}],"author":[{"embeddable":true,"href":"https:\/\/reflejarte.es\/lareverie\/wp-json\/wp\/v2\/users\/3"}],"replies":[{"embeddable":true,"href":"https:\/\/reflejarte.es\/lareverie\/wp-json\/wp\/v2\/comments?post=1774"}],"version-history":[{"count":10,"href":"https:\/\/reflejarte.es\/lareverie\/wp-json\/wp\/v2\/pages\/1774\/revisions"}],"predecessor-version":[{"id":1812,"href":"https:\/\/reflejarte.es\/lareverie\/wp-json\/wp\/v2\/pages\/1774\/revisions\/1812"}],"wp:featuredmedia":[{"embeddable":true,"href":"https:\/\/reflejarte.es\/lareverie\/wp-json\/wp\/v2\/media\/1772"}],"wp:attachment":[{"href":"https:\/\/reflejarte.es\/lareverie\/wp-json\/wp\/v2\/media?parent=1774"}],"curies":[{"name":"wp","href":"https:\/\/api.w.org\/{rel}","templated":true}]}}