{"id":1361,"date":"2018-10-10T10:51:06","date_gmt":"2018-10-10T10:51:06","guid":{"rendered":"https:\/\/reflejarte.es\/tallercreativo\/?page_id=1361"},"modified":"2018-10-11T21:20:10","modified_gmt":"2018-10-11T21:20:10","slug":"musical-ressources","status":"publish","type":"page","link":"https:\/\/reflejarte.es\/lareverie\/musical-ressources\/","title":{"rendered":"Ressources"},"content":{"rendered":"<h1 style=\"text-align: center;\">Musical Ressources<\/h1>\n<h3 style=\"text-align: center;\">for guitar players, other music performers<br \/>\nand all music fans<\/h3>\n<p style=\"text-align: center;\">Here you find links to different music ressources, offered by the artists of La R\u00eaverie.<br \/>\nSome of them take you to associated web sites, as guitar-repertoire.com &#8230;<\/p>\n<p><a href=\"http:\/\/guitar-repertoire.com\/maestro-de-musica_escritura-musical-para-guitarristas\/\" target=\"_blank\" rel=\"noopener\"><strong><span style=\"color: #000000;\">El maestro de m\u00fasica<\/span><\/strong> &#8211; Introduction to Music Notation for guitarists, by Manuel Esteban (Spanish)<\/a>\u00a0 <img loading=\"lazy\" decoding=\"async\" class=\"alignnone size-full wp-image-1354\" title=\"enlace externo - extern link\" src=\"http:\/\/lareverie.es\/wp-content\/uploads\/2018\/10\/enlace-externo20x20naranja.png\" alt=\"enlace externo - extern link\" width=\"20\" height=\"20\" \/><\/p>\n<p><a href=\"http:\/\/guitar-repertoire.com\/\" target=\"_blank\" rel=\"noopener\"><strong><span style=\"color: #000000;\">Guitar Repertoire<\/span><\/strong> &#8211; Free Scores and Audios for the Guitar (and more instruments) on guitar-repertoire.com<\/a> <img loading=\"lazy\" decoding=\"async\" class=\"alignnone size-full wp-image-1354\" title=\"enlace externo - extern link\" src=\"http:\/\/lareverie.es\/wp-content\/uploads\/2018\/10\/enlace-externo20x20naranja.png\" alt=\"enlace externo - extern link\" width=\"20\" height=\"20\" \/><\/p>\n","protected":false},"excerpt":{"rendered":"<p>Musical Ressources for guitar players, other music performers and all music fans Here you find links to different music ressources, offered by the artists of La R\u00eaverie. Some of them take you to associated web&#8230;<\/p>\n<p> <a class=\"continue-reading-link\" href=\"https:\/\/reflejarte.es\/lareverie\/musical-ressources\/\"><span>seguir leyendo &#8230;<\/span><i class=\"crycon-right-dir\"><\/i><\/a> <\/p>\n","protected":false},"author":1,"featured_media":0,"parent":0,"menu_order":0,"comment_status":"closed","ping_status":"closed","template":"","meta":{"footnotes":""},"class_list":["post-1361","page","type-page","status-publish","hentry"],"yoast_head":"<!-- This site is optimized with the Yoast SEO plugin v27.3 - https:\/\/yoast.com\/product\/yoast-seo-wordpress\/ -->\n<title>Ressources &#183; La R\u00eaverie<\/title>\n<meta name=\"description\" content=\"Ressources &#183; La R\u00eaverie\" \/>\n<meta name=\"robots\" content=\"index, follow, max-snippet:-1, max-image-preview:large, max-video-preview:-1\" \/>\n<link rel=\"canonical\" href=\"https:\/\/reflejarte.es\/lareverie\/musical-ressources\/\" \/>\n<meta property=\"og:locale\" content=\"es_ES\" \/>\n<meta property=\"og:type\" content=\"article\" \/>\n<meta property=\"og:title\" content=\"Ressources &#183; La R\u00eaverie\" \/>\n<meta property=\"og:description\" content=\"Ressources &#183; La R\u00eaverie\" \/>\n<meta property=\"og:url\" content=\"https:\/\/reflejarte.es\/lareverie\/musical-ressources\/\" \/>\n<meta property=\"og:site_name\" content=\"La R\u00eaverie\" \/>\n<meta property=\"article:modified_time\" content=\"2018-10-11T21:20:10+00:00\" \/>\n<meta property=\"og:image\" content=\"http:\/\/lareverie.es\/wp-content\/uploads\/2018\/10\/enlace-externo20x20naranja.png\" \/>\n<meta name=\"twitter:card\" content=\"summary_large_image\" \/>\n<script type=\"application\/ld+json\" class=\"yoast-schema-graph\">{\"@context\":\"https:\\\/\\\/schema.org\",\"@graph\":[{\"@type\":\"WebPage\",\"@id\":\"https:\\\/\\\/reflejarte.es\\\/lareverie\\\/musical-ressources\\\/\",\"url\":\"https:\\\/\\\/reflejarte.es\\\/lareverie\\\/musical-ressources\\\/\",\"name\":\"Ressources &#183; La R\u00eaverie\",\"isPartOf\":{\"@id\":\"https:\\\/\\\/reflejarte.es\\\/lareverie\\\/#website\"},\"primaryImageOfPage\":{\"@id\":\"https:\\\/\\\/reflejarte.es\\\/lareverie\\\/musical-ressources\\\/#primaryimage\"},\"image\":{\"@id\":\"https:\\\/\\\/reflejarte.es\\\/lareverie\\\/musical-ressources\\\/#primaryimage\"},\"thumbnailUrl\":\"http:\\\/\\\/lareverie.es\\\/wp-content\\\/uploads\\\/2018\\\/10\\\/enlace-externo20x20naranja.png\",\"datePublished\":\"2018-10-10T10:51:06+00:00\",\"dateModified\":\"2018-10-11T21:20:10+00:00\",\"description\":\"Ressources &#183; La R\u00eaverie\",\"breadcrumb\":{\"@id\":\"https:\\\/\\\/reflejarte.es\\\/lareverie\\\/musical-ressources\\\/#breadcrumb\"},\"inLanguage\":\"es\",\"potentialAction\":[{\"@type\":\"ReadAction\",\"target\":[\"https:\\\/\\\/reflejarte.es\\\/lareverie\\\/musical-ressources\\\/\"]}]},{\"@type\":\"ImageObject\",\"inLanguage\":\"es\",\"@id\":\"https:\\\/\\\/reflejarte.es\\\/lareverie\\\/musical-ressources\\\/#primaryimage\",\"url\":\"http:\\\/\\\/lareverie.es\\\/wp-content\\\/uploads\\\/2018\\\/10\\\/enlace-externo20x20naranja.png\",\"contentUrl\":\"http:\\\/\\\/lareverie.es\\\/wp-content\\\/uploads\\\/2018\\\/10\\\/enlace-externo20x20naranja.png\"},{\"@type\":\"BreadcrumbList\",\"@id\":\"https:\\\/\\\/reflejarte.es\\\/lareverie\\\/musical-ressources\\\/#breadcrumb\",\"itemListElement\":[{\"@type\":\"ListItem\",\"position\":1,\"name\":\"Inicio\",\"item\":\"https:\\\/\\\/reflejarte.es\\\/lareverie\\\/\"},{\"@type\":\"ListItem\",\"position\":2,\"name\":\"Ressources\"}]},{\"@type\":\"WebSite\",\"@id\":\"https:\\\/\\\/reflejarte.es\\\/lareverie\\\/#website\",\"url\":\"https:\\\/\\\/reflejarte.es\\\/lareverie\\\/\",\"name\":\"La R\u00eaverie\",\"description\":\"pasi\u00f3n por la m\u00fasica bien hecha\",\"publisher\":{\"@id\":\"https:\\\/\\\/reflejarte.es\\\/lareverie\\\/#\\\/schema\\\/person\\\/5c48ca5d852a6ac613afecdcdad33430\"},\"potentialAction\":[{\"@type\":\"SearchAction\",\"target\":{\"@type\":\"EntryPoint\",\"urlTemplate\":\"https:\\\/\\\/reflejarte.es\\\/lareverie\\\/?s={search_term_string}\"},\"query-input\":{\"@type\":\"PropertyValueSpecification\",\"valueRequired\":true,\"valueName\":\"search_term_string\"}}],\"inLanguage\":\"es\"},{\"@type\":[\"Person\",\"Organization\"],\"@id\":\"https:\\\/\\\/reflejarte.es\\\/lareverie\\\/#\\\/schema\\\/person\\\/5c48ca5d852a6ac613afecdcdad33430\",\"name\":\"La R\u00eaverie\",\"image\":{\"@type\":\"ImageObject\",\"inLanguage\":\"es\",\"@id\":\"https:\\\/\\\/reflejarte.es\\\/lareverie\\\/wp-content\\\/uploads\\\/2018\\\/09\\\/lareverie-logo.jpg\",\"url\":\"https:\\\/\\\/reflejarte.es\\\/lareverie\\\/wp-content\\\/uploads\\\/2018\\\/09\\\/lareverie-logo.jpg\",\"contentUrl\":\"https:\\\/\\\/reflejarte.es\\\/lareverie\\\/wp-content\\\/uploads\\\/2018\\\/09\\\/lareverie-logo.jpg\",\"width\":512,\"height\":512,\"caption\":\"La R\u00eaverie\"},\"logo\":{\"@id\":\"https:\\\/\\\/reflejarte.es\\\/lareverie\\\/wp-content\\\/uploads\\\/2018\\\/09\\\/lareverie-logo.jpg\"}}]}<\/script>\n<!-- \/ Yoast SEO plugin. -->","yoast_head_json":{"title":"Ressources &#183; La R\u00eaverie","description":"Ressources &#183; La R\u00eaverie","robots":{"index":"index","follow":"follow","max-snippet":"max-snippet:-1","max-image-preview":"max-image-preview:large","max-video-preview":"max-video-preview:-1"},"canonical":"https:\/\/reflejarte.es\/lareverie\/musical-ressources\/","og_locale":"es_ES","og_type":"article","og_title":"Ressources &#183; La R\u00eaverie","og_description":"Ressources &#183; La R\u00eaverie","og_url":"https:\/\/reflejarte.es\/lareverie\/musical-ressources\/","og_site_name":"La R\u00eaverie","article_modified_time":"2018-10-11T21:20:10+00:00","og_image":[{"url":"http:\/\/lareverie.es\/wp-content\/uploads\/2018\/10\/enlace-externo20x20naranja.png","type":"","width":"","height":""}],"twitter_card":"summary_large_image","schema":{"@context":"https:\/\/schema.org","@graph":[{"@type":"WebPage","@id":"https:\/\/reflejarte.es\/lareverie\/musical-ressources\/","url":"https:\/\/reflejarte.es\/lareverie\/musical-ressources\/","name":"Ressources &#183; La R\u00eaverie","isPartOf":{"@id":"https:\/\/reflejarte.es\/lareverie\/#website"},"primaryImageOfPage":{"@id":"https:\/\/reflejarte.es\/lareverie\/musical-ressources\/#primaryimage"},"image":{"@id":"https:\/\/reflejarte.es\/lareverie\/musical-ressources\/#primaryimage"},"thumbnailUrl":"http:\/\/lareverie.es\/wp-content\/uploads\/2018\/10\/enlace-externo20x20naranja.png","datePublished":"2018-10-10T10:51:06+00:00","dateModified":"2018-10-11T21:20:10+00:00","description":"Ressources &#183; La R\u00eaverie","breadcrumb":{"@id":"https:\/\/reflejarte.es\/lareverie\/musical-ressources\/#breadcrumb"},"inLanguage":"es","potentialAction":[{"@type":"ReadAction","target":["https:\/\/reflejarte.es\/lareverie\/musical-ressources\/"]}]},{"@type":"ImageObject","inLanguage":"es","@id":"https:\/\/reflejarte.es\/lareverie\/musical-ressources\/#primaryimage","url":"http:\/\/lareverie.es\/wp-content\/uploads\/2018\/10\/enlace-externo20x20naranja.png","contentUrl":"http:\/\/lareverie.es\/wp-content\/uploads\/2018\/10\/enlace-externo20x20naranja.png"},{"@type":"BreadcrumbList","@id":"https:\/\/reflejarte.es\/lareverie\/musical-ressources\/#breadcrumb","itemListElement":[{"@type":"ListItem","position":1,"name":"Inicio","item":"https:\/\/reflejarte.es\/lareverie\/"},{"@type":"ListItem","position":2,"name":"Ressources"}]},{"@type":"WebSite","@id":"https:\/\/reflejarte.es\/lareverie\/#website","url":"https:\/\/reflejarte.es\/lareverie\/","name":"La R\u00eaverie","description":"pasi\u00f3n por la m\u00fasica bien hecha","publisher":{"@id":"https:\/\/reflejarte.es\/lareverie\/#\/schema\/person\/5c48ca5d852a6ac613afecdcdad33430"},"potentialAction":[{"@type":"SearchAction","target":{"@type":"EntryPoint","urlTemplate":"https:\/\/reflejarte.es\/lareverie\/?s={search_term_string}"},"query-input":{"@type":"PropertyValueSpecification","valueRequired":true,"valueName":"search_term_string"}}],"inLanguage":"es"},{"@type":["Person","Organization"],"@id":"https:\/\/reflejarte.es\/lareverie\/#\/schema\/person\/5c48ca5d852a6ac613afecdcdad33430","name":"La R\u00eaverie","image":{"@type":"ImageObject","inLanguage":"es","@id":"https:\/\/reflejarte.es\/lareverie\/wp-content\/uploads\/2018\/09\/lareverie-logo.jpg","url":"https:\/\/reflejarte.es\/lareverie\/wp-content\/uploads\/2018\/09\/lareverie-logo.jpg","contentUrl":"https:\/\/reflejarte.es\/lareverie\/wp-content\/uploads\/2018\/09\/lareverie-logo.jpg","width":512,"height":512,"caption":"La R\u00eaverie"},"logo":{"@id":"https:\/\/reflejarte.es\/lareverie\/wp-content\/uploads\/2018\/09\/lareverie-logo.jpg"}}]}},"_links":{"self":[{"href":"https:\/\/reflejarte.es\/lareverie\/wp-json\/wp\/v2\/pages\/1361","targetHints":{"allow":["GET"]}}],"collection":[{"href":"https:\/\/reflejarte.es\/lareverie\/wp-json\/wp\/v2\/pages"}],"about":[{"href":"https:\/\/reflejarte.es\/lareverie\/wp-json\/wp\/v2\/types\/page"}],"author":[{"embeddable":true,"href":"https:\/\/reflejarte.es\/lareverie\/wp-json\/wp\/v2\/users\/1"}],"replies":[{"embeddable":true,"href":"https:\/\/reflejarte.es\/lareverie\/wp-json\/wp\/v2\/comments?post=1361"}],"version-history":[{"count":3,"href":"https:\/\/reflejarte.es\/lareverie\/wp-json\/wp\/v2\/pages\/1361\/revisions"}],"predecessor-version":[{"id":1423,"href":"https:\/\/reflejarte.es\/lareverie\/wp-json\/wp\/v2\/pages\/1361\/revisions\/1423"}],"wp:attachment":[{"href":"https:\/\/reflejarte.es\/lareverie\/wp-json\/wp\/v2\/media?parent=1361"}],"curies":[{"name":"wp","href":"https:\/\/api.w.org\/{rel}","templated":true}]}}