{"id":1298,"date":"2018-10-09T12:17:12","date_gmt":"2018-10-09T12:17:12","guid":{"rendered":"https:\/\/reflejarte.es\/tallercreativo\/?page_id=1298"},"modified":"2022-03-29T12:21:03","modified_gmt":"2022-03-29T12:21:03","slug":"inmaculada-gomez-%c2%b7-transverse-flute-castanets","status":"publish","type":"page","link":"https:\/\/reflejarte.es\/lareverie\/en\/the-musicians\/inmaculada-gomez-%c2%b7-transverse-flute-castanets\/","title":{"rendered":"Inmaculada G\u00f3mez \u00b7 transverse flute, castanets"},"content":{"rendered":"<h2 style=\"text-align: center;\">The musicians of La R\u00eaverie<\/h2>\n<p>&nbsp;<\/p>\n<h1>Inmaculada G\u00f3mez<a href=\"https:\/\/reflejarte.es\/lareverie\/wp-content\/uploads\/2018\/09\/InmaculadaGomez-CANTICA-LaReverie-.jpg\"><img loading=\"lazy\" decoding=\"async\" class=\"alignright size-medium wp-image-1000\" src=\"https:\/\/reflejarte.es\/lareverie\/wp-content\/uploads\/2018\/09\/InmaculadaGomez-CANTICA-LaReverie--253x300.jpg\" alt=\"Inmaculada Gomez \u00b7 flauta travesera y casta\u00f1uelas \u00b7 CANTICA \u00b7 LaReverie\" width=\"253\" height=\"300\" srcset=\"https:\/\/reflejarte.es\/lareverie\/wp-content\/uploads\/2018\/09\/InmaculadaGomez-CANTICA-LaReverie--253x300.jpg 253w, https:\/\/reflejarte.es\/lareverie\/wp-content\/uploads\/2018\/09\/InmaculadaGomez-CANTICA-LaReverie--126x150.jpg 126w, https:\/\/reflejarte.es\/lareverie\/wp-content\/uploads\/2018\/09\/InmaculadaGomez-CANTICA-LaReverie-.jpg 300w\" sizes=\"auto, (max-width: 253px) 100vw, 253px\" \/><\/a><\/h1>\n<h3>transverse flute, castanets<\/h3>\n<p>&nbsp;<\/p>\n<p>Inmaculada G\u00f3mez D\u00edaz was born in Malaga in 1985.<\/p>\n<p>She graduated in Transverse Flute from Malaga&#8217;s Higher Conservatory of Music and has completed a great number of flute-based courses with prestigious professors such as Salvador Espasa, Fried D\u00e4hn, Barbara Rostnitschek, Gabriel Ahumada, Wendela Clarie and Paul Arhz.<\/p>\n<p>Some of her most relevant performances have taken place in her hometown:<br \/>\nwith the Symphonic Orchestra of Malaga&#8217;s Higher Conservatory of Music conducted by Octavio Calleya at Seville&#8217;s Crist\u00f3bal de Morales Professional Conservatory of Music in 2007;<br \/>\nat the Young Interpreters Festival in Malaga&#8217;s Mar\u00eda Cristina Conservatory and as Main Flute in the municipal bands of Mijas and Antequera; and, in 2008, with Banda Trinidad Sinf\u00f3nica at Malaga&#8217;s Alameda Theatre.<\/p>\n<p>Despite her youth, she is involved in an intense teaching activity.<br \/>\nShe has taught members of Zamarrilla and Trinidad Sinf\u00f3nica Bands and she currently teaches Transverse Flute, Piano and Musical Language at three different Music Schools: Co\u00edn&#8217;s School of Music, Alhaur\u00edn de la Torre&#8217;s Municipal School of Music and Torremolinos&#8217; Albergue de la M\u00fasica &#8211; where she also teaches music to disabled children.<br \/>\nShe is currently studying a Music Teaching Degree in Primary Education.<\/p>\n","protected":false},"excerpt":{"rendered":"<p>The musicians of La R\u00eaverie &nbsp; Inmaculada G\u00f3mez transverse flute, castanets &nbsp; Inmaculada G\u00f3mez D\u00edaz was born in Malaga in 1985. She graduated in Transverse Flute from Malaga&#8217;s Higher Conservatory of Music and has completed&#8230;<\/p>\n<p> <a class=\"continue-reading-link\" href=\"https:\/\/reflejarte.es\/lareverie\/en\/the-musicians\/inmaculada-gomez-%c2%b7-transverse-flute-castanets\/\"><span>seguir leyendo &#8230;<\/span><i class=\"crycon-right-dir\"><\/i><\/a> <\/p>\n","protected":false},"author":1,"featured_media":0,"parent":1270,"menu_order":0,"comment_status":"closed","ping_status":"closed","template":"","meta":{"footnotes":""},"class_list":["post-1298","page","type-page","status-publish","hentry"],"yoast_head":"<!-- This site is optimized with the Yoast SEO plugin v27.3 - https:\/\/yoast.com\/product\/yoast-seo-wordpress\/ -->\n<title>Inmaculada G\u00f3mez \u00b7 transverse flute, castanets &#183; La R\u00eaverie<\/title>\n<meta name=\"description\" content=\"Inmaculada G\u00f3mez \u00b7 transverse flute, castanets &#183; La R\u00eaverie\" \/>\n<meta name=\"robots\" content=\"index, follow, max-snippet:-1, max-image-preview:large, max-video-preview:-1\" \/>\n<link rel=\"canonical\" href=\"https:\/\/reflejarte.es\/lareverie\/en\/the-musicians\/inmaculada-gomez-\u00b7-transverse-flute-castanets\/\" \/>\n<meta property=\"og:locale\" content=\"es_ES\" \/>\n<meta property=\"og:type\" content=\"article\" \/>\n<meta property=\"og:title\" content=\"Inmaculada G\u00f3mez \u00b7 transverse flute, castanets &#183; La R\u00eaverie\" \/>\n<meta property=\"og:description\" content=\"Inmaculada G\u00f3mez \u00b7 transverse flute, castanets &#183; La R\u00eaverie\" \/>\n<meta property=\"og:url\" content=\"https:\/\/reflejarte.es\/lareverie\/en\/the-musicians\/inmaculada-gomez-\u00b7-transverse-flute-castanets\/\" \/>\n<meta property=\"og:site_name\" content=\"La R\u00eaverie\" \/>\n<meta property=\"article:modified_time\" content=\"2022-03-29T12:21:03+00:00\" \/>\n<meta property=\"og:image\" content=\"https:\/\/reflejarte.es\/lareverie\/wp-content\/uploads\/2018\/09\/InmaculadaGomez-CANTICA-LaReverie--253x300.jpg\" \/>\n<meta name=\"twitter:card\" content=\"summary_large_image\" \/>\n<meta name=\"twitter:label1\" content=\"Tiempo de lectura\" \/>\n\t<meta name=\"twitter:data1\" content=\"1 minuto\" \/>\n<script type=\"application\/ld+json\" class=\"yoast-schema-graph\">{\"@context\":\"https:\\\/\\\/schema.org\",\"@graph\":[{\"@type\":\"WebPage\",\"@id\":\"https:\\\/\\\/reflejarte.es\\\/lareverie\\\/en\\\/the-musicians\\\/inmaculada-gomez-%c2%b7-transverse-flute-castanets\\\/\",\"url\":\"https:\\\/\\\/reflejarte.es\\\/lareverie\\\/en\\\/the-musicians\\\/inmaculada-gomez-%c2%b7-transverse-flute-castanets\\\/\",\"name\":\"Inmaculada G\u00f3mez \u00b7 transverse flute, castanets &#183; La R\u00eaverie\",\"isPartOf\":{\"@id\":\"https:\\\/\\\/reflejarte.es\\\/lareverie\\\/#website\"},\"primaryImageOfPage\":{\"@id\":\"https:\\\/\\\/reflejarte.es\\\/lareverie\\\/en\\\/the-musicians\\\/inmaculada-gomez-%c2%b7-transverse-flute-castanets\\\/#primaryimage\"},\"image\":{\"@id\":\"https:\\\/\\\/reflejarte.es\\\/lareverie\\\/en\\\/the-musicians\\\/inmaculada-gomez-%c2%b7-transverse-flute-castanets\\\/#primaryimage\"},\"thumbnailUrl\":\"https:\\\/\\\/reflejarte.es\\\/lareverie\\\/wp-content\\\/uploads\\\/2018\\\/09\\\/InmaculadaGomez-CANTICA-LaReverie--253x300.jpg\",\"datePublished\":\"2018-10-09T12:17:12+00:00\",\"dateModified\":\"2022-03-29T12:21:03+00:00\",\"description\":\"Inmaculada G\u00f3mez \u00b7 transverse flute, castanets &#183; La R\u00eaverie\",\"breadcrumb\":{\"@id\":\"https:\\\/\\\/reflejarte.es\\\/lareverie\\\/en\\\/the-musicians\\\/inmaculada-gomez-%c2%b7-transverse-flute-castanets\\\/#breadcrumb\"},\"inLanguage\":\"es\",\"potentialAction\":[{\"@type\":\"ReadAction\",\"target\":[\"https:\\\/\\\/reflejarte.es\\\/lareverie\\\/en\\\/the-musicians\\\/inmaculada-gomez-%c2%b7-transverse-flute-castanets\\\/\"]}]},{\"@type\":\"ImageObject\",\"inLanguage\":\"es\",\"@id\":\"https:\\\/\\\/reflejarte.es\\\/lareverie\\\/en\\\/the-musicians\\\/inmaculada-gomez-%c2%b7-transverse-flute-castanets\\\/#primaryimage\",\"url\":\"https:\\\/\\\/reflejarte.es\\\/lareverie\\\/wp-content\\\/uploads\\\/2018\\\/09\\\/InmaculadaGomez-CANTICA-LaReverie-.jpg\",\"contentUrl\":\"https:\\\/\\\/reflejarte.es\\\/lareverie\\\/wp-content\\\/uploads\\\/2018\\\/09\\\/InmaculadaGomez-CANTICA-LaReverie-.jpg\",\"width\":300,\"height\":356,\"caption\":\"Inmaculada Gomez \u00b7 flauta travesera y casta\u00f1uelas \u00b7 CANTICA \u00b7 LaReverie\"},{\"@type\":\"BreadcrumbList\",\"@id\":\"https:\\\/\\\/reflejarte.es\\\/lareverie\\\/en\\\/the-musicians\\\/inmaculada-gomez-%c2%b7-transverse-flute-castanets\\\/#breadcrumb\",\"itemListElement\":[{\"@type\":\"ListItem\",\"position\":1,\"name\":\"Inicio\",\"item\":\"https:\\\/\\\/reflejarte.es\\\/lareverie\\\/\"},{\"@type\":\"ListItem\",\"position\":2,\"name\":\"English\",\"item\":\"https:\\\/\\\/reflejarte.es\\\/lareverie\\\/en\\\/\"},{\"@type\":\"ListItem\",\"position\":3,\"name\":\"The Musicians\",\"item\":\"https:\\\/\\\/reflejarte.es\\\/lareverie\\\/en\\\/the-musicians\\\/\"},{\"@type\":\"ListItem\",\"position\":4,\"name\":\"Inmaculada G\u00f3mez \u00b7 transverse flute, castanets\"}]},{\"@type\":\"WebSite\",\"@id\":\"https:\\\/\\\/reflejarte.es\\\/lareverie\\\/#website\",\"url\":\"https:\\\/\\\/reflejarte.es\\\/lareverie\\\/\",\"name\":\"La R\u00eaverie\",\"description\":\"pasi\u00f3n por la m\u00fasica bien hecha\",\"publisher\":{\"@id\":\"https:\\\/\\\/reflejarte.es\\\/lareverie\\\/#\\\/schema\\\/person\\\/5c48ca5d852a6ac613afecdcdad33430\"},\"potentialAction\":[{\"@type\":\"SearchAction\",\"target\":{\"@type\":\"EntryPoint\",\"urlTemplate\":\"https:\\\/\\\/reflejarte.es\\\/lareverie\\\/?s={search_term_string}\"},\"query-input\":{\"@type\":\"PropertyValueSpecification\",\"valueRequired\":true,\"valueName\":\"search_term_string\"}}],\"inLanguage\":\"es\"},{\"@type\":[\"Person\",\"Organization\"],\"@id\":\"https:\\\/\\\/reflejarte.es\\\/lareverie\\\/#\\\/schema\\\/person\\\/5c48ca5d852a6ac613afecdcdad33430\",\"name\":\"La R\u00eaverie\",\"image\":{\"@type\":\"ImageObject\",\"inLanguage\":\"es\",\"@id\":\"https:\\\/\\\/reflejarte.es\\\/lareverie\\\/wp-content\\\/uploads\\\/2018\\\/09\\\/lareverie-logo.jpg\",\"url\":\"https:\\\/\\\/reflejarte.es\\\/lareverie\\\/wp-content\\\/uploads\\\/2018\\\/09\\\/lareverie-logo.jpg\",\"contentUrl\":\"https:\\\/\\\/reflejarte.es\\\/lareverie\\\/wp-content\\\/uploads\\\/2018\\\/09\\\/lareverie-logo.jpg\",\"width\":512,\"height\":512,\"caption\":\"La R\u00eaverie\"},\"logo\":{\"@id\":\"https:\\\/\\\/reflejarte.es\\\/lareverie\\\/wp-content\\\/uploads\\\/2018\\\/09\\\/lareverie-logo.jpg\"}}]}<\/script>\n<!-- \/ Yoast SEO plugin. -->","yoast_head_json":{"title":"Inmaculada G\u00f3mez \u00b7 transverse flute, castanets &#183; La R\u00eaverie","description":"Inmaculada G\u00f3mez \u00b7 transverse flute, castanets &#183; La R\u00eaverie","robots":{"index":"index","follow":"follow","max-snippet":"max-snippet:-1","max-image-preview":"max-image-preview:large","max-video-preview":"max-video-preview:-1"},"canonical":"https:\/\/reflejarte.es\/lareverie\/en\/the-musicians\/inmaculada-gomez-\u00b7-transverse-flute-castanets\/","og_locale":"es_ES","og_type":"article","og_title":"Inmaculada G\u00f3mez \u00b7 transverse flute, castanets &#183; La R\u00eaverie","og_description":"Inmaculada G\u00f3mez \u00b7 transverse flute, castanets &#183; La R\u00eaverie","og_url":"https:\/\/reflejarte.es\/lareverie\/en\/the-musicians\/inmaculada-gomez-\u00b7-transverse-flute-castanets\/","og_site_name":"La R\u00eaverie","article_modified_time":"2022-03-29T12:21:03+00:00","og_image":[{"url":"https:\/\/reflejarte.es\/lareverie\/wp-content\/uploads\/2018\/09\/InmaculadaGomez-CANTICA-LaReverie--253x300.jpg","type":"","width":"","height":""}],"twitter_card":"summary_large_image","twitter_misc":{"Tiempo de lectura":"1 minuto"},"schema":{"@context":"https:\/\/schema.org","@graph":[{"@type":"WebPage","@id":"https:\/\/reflejarte.es\/lareverie\/en\/the-musicians\/inmaculada-gomez-%c2%b7-transverse-flute-castanets\/","url":"https:\/\/reflejarte.es\/lareverie\/en\/the-musicians\/inmaculada-gomez-%c2%b7-transverse-flute-castanets\/","name":"Inmaculada G\u00f3mez \u00b7 transverse flute, castanets &#183; La R\u00eaverie","isPartOf":{"@id":"https:\/\/reflejarte.es\/lareverie\/#website"},"primaryImageOfPage":{"@id":"https:\/\/reflejarte.es\/lareverie\/en\/the-musicians\/inmaculada-gomez-%c2%b7-transverse-flute-castanets\/#primaryimage"},"image":{"@id":"https:\/\/reflejarte.es\/lareverie\/en\/the-musicians\/inmaculada-gomez-%c2%b7-transverse-flute-castanets\/#primaryimage"},"thumbnailUrl":"https:\/\/reflejarte.es\/lareverie\/wp-content\/uploads\/2018\/09\/InmaculadaGomez-CANTICA-LaReverie--253x300.jpg","datePublished":"2018-10-09T12:17:12+00:00","dateModified":"2022-03-29T12:21:03+00:00","description":"Inmaculada G\u00f3mez \u00b7 transverse flute, castanets &#183; La R\u00eaverie","breadcrumb":{"@id":"https:\/\/reflejarte.es\/lareverie\/en\/the-musicians\/inmaculada-gomez-%c2%b7-transverse-flute-castanets\/#breadcrumb"},"inLanguage":"es","potentialAction":[{"@type":"ReadAction","target":["https:\/\/reflejarte.es\/lareverie\/en\/the-musicians\/inmaculada-gomez-%c2%b7-transverse-flute-castanets\/"]}]},{"@type":"ImageObject","inLanguage":"es","@id":"https:\/\/reflejarte.es\/lareverie\/en\/the-musicians\/inmaculada-gomez-%c2%b7-transverse-flute-castanets\/#primaryimage","url":"https:\/\/reflejarte.es\/lareverie\/wp-content\/uploads\/2018\/09\/InmaculadaGomez-CANTICA-LaReverie-.jpg","contentUrl":"https:\/\/reflejarte.es\/lareverie\/wp-content\/uploads\/2018\/09\/InmaculadaGomez-CANTICA-LaReverie-.jpg","width":300,"height":356,"caption":"Inmaculada Gomez \u00b7 flauta travesera y casta\u00f1uelas \u00b7 CANTICA \u00b7 LaReverie"},{"@type":"BreadcrumbList","@id":"https:\/\/reflejarte.es\/lareverie\/en\/the-musicians\/inmaculada-gomez-%c2%b7-transverse-flute-castanets\/#breadcrumb","itemListElement":[{"@type":"ListItem","position":1,"name":"Inicio","item":"https:\/\/reflejarte.es\/lareverie\/"},{"@type":"ListItem","position":2,"name":"English","item":"https:\/\/reflejarte.es\/lareverie\/en\/"},{"@type":"ListItem","position":3,"name":"The Musicians","item":"https:\/\/reflejarte.es\/lareverie\/en\/the-musicians\/"},{"@type":"ListItem","position":4,"name":"Inmaculada G\u00f3mez \u00b7 transverse flute, castanets"}]},{"@type":"WebSite","@id":"https:\/\/reflejarte.es\/lareverie\/#website","url":"https:\/\/reflejarte.es\/lareverie\/","name":"La R\u00eaverie","description":"pasi\u00f3n por la m\u00fasica bien hecha","publisher":{"@id":"https:\/\/reflejarte.es\/lareverie\/#\/schema\/person\/5c48ca5d852a6ac613afecdcdad33430"},"potentialAction":[{"@type":"SearchAction","target":{"@type":"EntryPoint","urlTemplate":"https:\/\/reflejarte.es\/lareverie\/?s={search_term_string}"},"query-input":{"@type":"PropertyValueSpecification","valueRequired":true,"valueName":"search_term_string"}}],"inLanguage":"es"},{"@type":["Person","Organization"],"@id":"https:\/\/reflejarte.es\/lareverie\/#\/schema\/person\/5c48ca5d852a6ac613afecdcdad33430","name":"La R\u00eaverie","image":{"@type":"ImageObject","inLanguage":"es","@id":"https:\/\/reflejarte.es\/lareverie\/wp-content\/uploads\/2018\/09\/lareverie-logo.jpg","url":"https:\/\/reflejarte.es\/lareverie\/wp-content\/uploads\/2018\/09\/lareverie-logo.jpg","contentUrl":"https:\/\/reflejarte.es\/lareverie\/wp-content\/uploads\/2018\/09\/lareverie-logo.jpg","width":512,"height":512,"caption":"La R\u00eaverie"},"logo":{"@id":"https:\/\/reflejarte.es\/lareverie\/wp-content\/uploads\/2018\/09\/lareverie-logo.jpg"}}]}},"_links":{"self":[{"href":"https:\/\/reflejarte.es\/lareverie\/wp-json\/wp\/v2\/pages\/1298","targetHints":{"allow":["GET"]}}],"collection":[{"href":"https:\/\/reflejarte.es\/lareverie\/wp-json\/wp\/v2\/pages"}],"about":[{"href":"https:\/\/reflejarte.es\/lareverie\/wp-json\/wp\/v2\/types\/page"}],"author":[{"embeddable":true,"href":"https:\/\/reflejarte.es\/lareverie\/wp-json\/wp\/v2\/users\/1"}],"replies":[{"embeddable":true,"href":"https:\/\/reflejarte.es\/lareverie\/wp-json\/wp\/v2\/comments?post=1298"}],"version-history":[{"count":3,"href":"https:\/\/reflejarte.es\/lareverie\/wp-json\/wp\/v2\/pages\/1298\/revisions"}],"predecessor-version":[{"id":1831,"href":"https:\/\/reflejarte.es\/lareverie\/wp-json\/wp\/v2\/pages\/1298\/revisions\/1831"}],"up":[{"embeddable":true,"href":"https:\/\/reflejarte.es\/lareverie\/wp-json\/wp\/v2\/pages\/1270"}],"wp:attachment":[{"href":"https:\/\/reflejarte.es\/lareverie\/wp-json\/wp\/v2\/media?parent=1298"}],"curies":[{"name":"wp","href":"https:\/\/api.w.org\/{rel}","templated":true}]}}