{"id":1285,"date":"2018-10-08T22:25:11","date_gmt":"2018-10-08T22:25:11","guid":{"rendered":"https:\/\/reflejarte.es\/tallercreativo\/?page_id=1285"},"modified":"2022-03-31T11:57:57","modified_gmt":"2022-03-31T11:57:57","slug":"palmira-irisarri-%c2%b7-soprano-and-musicologist","status":"publish","type":"page","link":"https:\/\/reflejarte.es\/lareverie\/en\/the-musicians\/palmira-irisarri-%c2%b7-soprano-and-musicologist\/","title":{"rendered":"Palmira Irisarri \u00b7 soprano and musicologist"},"content":{"rendered":"<h2 style=\"text-align: center;\">The musicians of La R\u00eaverie<\/h2>\n<p>&nbsp;<\/p>\n<h1>Palmira Irisarri<a href=\"https:\/\/reflejarte.es\/lareverie\/wp-content\/uploads\/2018\/10\/PalmiraIrisarri.jpg\"><img loading=\"lazy\" decoding=\"async\" class=\"alignright wp-image-1136 size-medium\" title=\"Palmira Irisarri, during the recording of the Renaissance songs\" src=\"https:\/\/reflejarte.es\/lareverie\/wp-content\/uploads\/2018\/10\/PalmiraIrisarri-300x214.jpg\" alt=\"Palmira Irisarri, music\u00f3loga, soprano\" width=\"300\" height=\"214\" srcset=\"https:\/\/reflejarte.es\/lareverie\/wp-content\/uploads\/2018\/10\/PalmiraIrisarri-300x214.jpg 300w, https:\/\/reflejarte.es\/lareverie\/wp-content\/uploads\/2018\/10\/PalmiraIrisarri-150x107.jpg 150w, https:\/\/reflejarte.es\/lareverie\/wp-content\/uploads\/2018\/10\/PalmiraIrisarri-210x150.jpg 210w, https:\/\/reflejarte.es\/lareverie\/wp-content\/uploads\/2018\/10\/PalmiraIrisarri.jpg 591w\" sizes=\"auto, (max-width: 300px) 100vw, 300px\" \/><\/a><\/h1>\n<h3>soprano and musicologist<\/h3>\n<p>&nbsp;<\/p>\n<p>Palmira Irisarri is an excellent soprano and musicologist from Bilbao (Basque Country).<\/p>\n<p>She was member of the &#8216;Carmina Nova&#8217; Choir of M\u00e1laga, and researched carefully the historical, musical and linguistic background of the Renaissance songs she performed in \u00ab<a href=\"https:\/\/reflejarte.es\/lareverie\/en\/ancient-mosaic-with-guitar\/\">Ancient Mosaic with Guitar<\/a>\u00ab.<\/p>\n<p><img loading=\"lazy\" decoding=\"async\" class=\"alignleft size-medium wp-image-1502\" src=\"https:\/\/reflejarte.es\/lareverie\/wp-content\/uploads\/2018\/10\/tiempovacioCara2-300x300.jpg\" alt=\"M\u00fasica antigua para un tiempo vac\u00edo - Manuel Esteban &amp; Palmira Irisarri\" width=\"300\" height=\"300\" srcset=\"https:\/\/reflejarte.es\/lareverie\/wp-content\/uploads\/2018\/10\/tiempovacioCara2-300x300.jpg 300w, https:\/\/reflejarte.es\/lareverie\/wp-content\/uploads\/2018\/10\/tiempovacioCara2-150x150.jpg 150w, https:\/\/reflejarte.es\/lareverie\/wp-content\/uploads\/2018\/10\/tiempovacioCara2.jpg 315w\" sizes=\"auto, (max-width: 300px) 100vw, 300px\" \/>Her singing is distinguished by her sweet, natural timbre and the perfect tuning of her voice.<br \/>\nHer style is especially suited for the Spanish Renaissance pieces, so often interpreted with later centuries\u2019 approaches.<\/p>\n","protected":false},"excerpt":{"rendered":"<p>The musicians of La R\u00eaverie &nbsp; Palmira Irisarri soprano and musicologist &nbsp; Palmira Irisarri is an excellent soprano and musicologist from Bilbao (Basque Country). She was member of the &#8216;Carmina Nova&#8217; Choir of M\u00e1laga, and&#8230;<\/p>\n<p> <a class=\"continue-reading-link\" href=\"https:\/\/reflejarte.es\/lareverie\/en\/the-musicians\/palmira-irisarri-%c2%b7-soprano-and-musicologist\/\"><span>seguir leyendo &#8230;<\/span><i class=\"crycon-right-dir\"><\/i><\/a> <\/p>\n","protected":false},"author":1,"featured_media":0,"parent":1270,"menu_order":0,"comment_status":"closed","ping_status":"closed","template":"","meta":{"footnotes":""},"class_list":["post-1285","page","type-page","status-publish","hentry"],"yoast_head":"<!-- This site is optimized with the Yoast SEO plugin v27.4 - https:\/\/yoast.com\/product\/yoast-seo-wordpress\/ -->\n<title>Palmira Irisarri \u00b7 soprano and musicologist &#183; La R\u00eaverie<\/title>\n<meta name=\"description\" content=\"Palmira Irisarri \u00b7 soprano and musicologist &#183; La R\u00eaverie\" \/>\n<meta name=\"robots\" content=\"index, follow, max-snippet:-1, max-image-preview:large, max-video-preview:-1\" \/>\n<link rel=\"canonical\" href=\"https:\/\/reflejarte.es\/lareverie\/en\/the-musicians\/palmira-irisarri-\u00b7-soprano-and-musicologist\/\" \/>\n<meta property=\"og:locale\" content=\"es_ES\" \/>\n<meta property=\"og:type\" content=\"article\" \/>\n<meta property=\"og:title\" content=\"Palmira Irisarri \u00b7 soprano and musicologist &#183; La R\u00eaverie\" \/>\n<meta property=\"og:description\" content=\"Palmira Irisarri \u00b7 soprano and musicologist &#183; La R\u00eaverie\" \/>\n<meta property=\"og:url\" content=\"https:\/\/reflejarte.es\/lareverie\/en\/the-musicians\/palmira-irisarri-\u00b7-soprano-and-musicologist\/\" \/>\n<meta property=\"og:site_name\" content=\"La R\u00eaverie\" \/>\n<meta property=\"article:modified_time\" content=\"2022-03-31T11:57:57+00:00\" \/>\n<meta property=\"og:image\" content=\"https:\/\/reflejarte.es\/lareverie\/wp-content\/uploads\/2018\/10\/PalmiraIrisarri-300x214.jpg\" \/>\n<meta name=\"twitter:card\" content=\"summary_large_image\" \/>\n<script type=\"application\/ld+json\" class=\"yoast-schema-graph\">{\"@context\":\"https:\\\/\\\/schema.org\",\"@graph\":[{\"@type\":\"WebPage\",\"@id\":\"https:\\\/\\\/reflejarte.es\\\/lareverie\\\/en\\\/the-musicians\\\/palmira-irisarri-%c2%b7-soprano-and-musicologist\\\/\",\"url\":\"https:\\\/\\\/reflejarte.es\\\/lareverie\\\/en\\\/the-musicians\\\/palmira-irisarri-%c2%b7-soprano-and-musicologist\\\/\",\"name\":\"Palmira Irisarri \u00b7 soprano and musicologist &#183; La R\u00eaverie\",\"isPartOf\":{\"@id\":\"https:\\\/\\\/reflejarte.es\\\/lareverie\\\/#website\"},\"primaryImageOfPage\":{\"@id\":\"https:\\\/\\\/reflejarte.es\\\/lareverie\\\/en\\\/the-musicians\\\/palmira-irisarri-%c2%b7-soprano-and-musicologist\\\/#primaryimage\"},\"image\":{\"@id\":\"https:\\\/\\\/reflejarte.es\\\/lareverie\\\/en\\\/the-musicians\\\/palmira-irisarri-%c2%b7-soprano-and-musicologist\\\/#primaryimage\"},\"thumbnailUrl\":\"https:\\\/\\\/reflejarte.es\\\/lareverie\\\/wp-content\\\/uploads\\\/2018\\\/10\\\/PalmiraIrisarri-300x214.jpg\",\"datePublished\":\"2018-10-08T22:25:11+00:00\",\"dateModified\":\"2022-03-31T11:57:57+00:00\",\"description\":\"Palmira Irisarri \u00b7 soprano and musicologist &#183; La R\u00eaverie\",\"breadcrumb\":{\"@id\":\"https:\\\/\\\/reflejarte.es\\\/lareverie\\\/en\\\/the-musicians\\\/palmira-irisarri-%c2%b7-soprano-and-musicologist\\\/#breadcrumb\"},\"inLanguage\":\"es\",\"potentialAction\":[{\"@type\":\"ReadAction\",\"target\":[\"https:\\\/\\\/reflejarte.es\\\/lareverie\\\/en\\\/the-musicians\\\/palmira-irisarri-%c2%b7-soprano-and-musicologist\\\/\"]}]},{\"@type\":\"ImageObject\",\"inLanguage\":\"es\",\"@id\":\"https:\\\/\\\/reflejarte.es\\\/lareverie\\\/en\\\/the-musicians\\\/palmira-irisarri-%c2%b7-soprano-and-musicologist\\\/#primaryimage\",\"url\":\"https:\\\/\\\/reflejarte.es\\\/lareverie\\\/wp-content\\\/uploads\\\/2018\\\/10\\\/PalmiraIrisarri.jpg\",\"contentUrl\":\"https:\\\/\\\/reflejarte.es\\\/lareverie\\\/wp-content\\\/uploads\\\/2018\\\/10\\\/PalmiraIrisarri.jpg\",\"width\":591,\"height\":422,\"caption\":\"Palmira Irisarri, music\u00f3loga, soprano\"},{\"@type\":\"BreadcrumbList\",\"@id\":\"https:\\\/\\\/reflejarte.es\\\/lareverie\\\/en\\\/the-musicians\\\/palmira-irisarri-%c2%b7-soprano-and-musicologist\\\/#breadcrumb\",\"itemListElement\":[{\"@type\":\"ListItem\",\"position\":1,\"name\":\"Inicio\",\"item\":\"https:\\\/\\\/reflejarte.es\\\/lareverie\\\/\"},{\"@type\":\"ListItem\",\"position\":2,\"name\":\"English\",\"item\":\"https:\\\/\\\/reflejarte.es\\\/lareverie\\\/en\\\/\"},{\"@type\":\"ListItem\",\"position\":3,\"name\":\"The Musicians\",\"item\":\"https:\\\/\\\/reflejarte.es\\\/lareverie\\\/en\\\/the-musicians\\\/\"},{\"@type\":\"ListItem\",\"position\":4,\"name\":\"Palmira Irisarri \u00b7 soprano and musicologist\"}]},{\"@type\":\"WebSite\",\"@id\":\"https:\\\/\\\/reflejarte.es\\\/lareverie\\\/#website\",\"url\":\"https:\\\/\\\/reflejarte.es\\\/lareverie\\\/\",\"name\":\"La R\u00eaverie\",\"description\":\"pasi\u00f3n por la m\u00fasica bien hecha\",\"publisher\":{\"@id\":\"https:\\\/\\\/reflejarte.es\\\/lareverie\\\/#\\\/schema\\\/person\\\/5c48ca5d852a6ac613afecdcdad33430\"},\"potentialAction\":[{\"@type\":\"SearchAction\",\"target\":{\"@type\":\"EntryPoint\",\"urlTemplate\":\"https:\\\/\\\/reflejarte.es\\\/lareverie\\\/?s={search_term_string}\"},\"query-input\":{\"@type\":\"PropertyValueSpecification\",\"valueRequired\":true,\"valueName\":\"search_term_string\"}}],\"inLanguage\":\"es\"},{\"@type\":[\"Person\",\"Organization\"],\"@id\":\"https:\\\/\\\/reflejarte.es\\\/lareverie\\\/#\\\/schema\\\/person\\\/5c48ca5d852a6ac613afecdcdad33430\",\"name\":\"La R\u00eaverie\",\"image\":{\"@type\":\"ImageObject\",\"inLanguage\":\"es\",\"@id\":\"https:\\\/\\\/reflejarte.es\\\/lareverie\\\/wp-content\\\/uploads\\\/2018\\\/09\\\/lareverie-logo.jpg\",\"url\":\"https:\\\/\\\/reflejarte.es\\\/lareverie\\\/wp-content\\\/uploads\\\/2018\\\/09\\\/lareverie-logo.jpg\",\"contentUrl\":\"https:\\\/\\\/reflejarte.es\\\/lareverie\\\/wp-content\\\/uploads\\\/2018\\\/09\\\/lareverie-logo.jpg\",\"width\":512,\"height\":512,\"caption\":\"La R\u00eaverie\"},\"logo\":{\"@id\":\"https:\\\/\\\/reflejarte.es\\\/lareverie\\\/wp-content\\\/uploads\\\/2018\\\/09\\\/lareverie-logo.jpg\"}}]}<\/script>\n<!-- \/ Yoast SEO plugin. -->","yoast_head_json":{"title":"Palmira Irisarri \u00b7 soprano and musicologist &#183; La R\u00eaverie","description":"Palmira Irisarri \u00b7 soprano and musicologist &#183; La R\u00eaverie","robots":{"index":"index","follow":"follow","max-snippet":"max-snippet:-1","max-image-preview":"max-image-preview:large","max-video-preview":"max-video-preview:-1"},"canonical":"https:\/\/reflejarte.es\/lareverie\/en\/the-musicians\/palmira-irisarri-\u00b7-soprano-and-musicologist\/","og_locale":"es_ES","og_type":"article","og_title":"Palmira Irisarri \u00b7 soprano and musicologist &#183; La R\u00eaverie","og_description":"Palmira Irisarri \u00b7 soprano and musicologist &#183; La R\u00eaverie","og_url":"https:\/\/reflejarte.es\/lareverie\/en\/the-musicians\/palmira-irisarri-\u00b7-soprano-and-musicologist\/","og_site_name":"La R\u00eaverie","article_modified_time":"2022-03-31T11:57:57+00:00","og_image":[{"url":"https:\/\/reflejarte.es\/lareverie\/wp-content\/uploads\/2018\/10\/PalmiraIrisarri-300x214.jpg","type":"","width":"","height":""}],"twitter_card":"summary_large_image","schema":{"@context":"https:\/\/schema.org","@graph":[{"@type":"WebPage","@id":"https:\/\/reflejarte.es\/lareverie\/en\/the-musicians\/palmira-irisarri-%c2%b7-soprano-and-musicologist\/","url":"https:\/\/reflejarte.es\/lareverie\/en\/the-musicians\/palmira-irisarri-%c2%b7-soprano-and-musicologist\/","name":"Palmira Irisarri \u00b7 soprano and musicologist &#183; La R\u00eaverie","isPartOf":{"@id":"https:\/\/reflejarte.es\/lareverie\/#website"},"primaryImageOfPage":{"@id":"https:\/\/reflejarte.es\/lareverie\/en\/the-musicians\/palmira-irisarri-%c2%b7-soprano-and-musicologist\/#primaryimage"},"image":{"@id":"https:\/\/reflejarte.es\/lareverie\/en\/the-musicians\/palmira-irisarri-%c2%b7-soprano-and-musicologist\/#primaryimage"},"thumbnailUrl":"https:\/\/reflejarte.es\/lareverie\/wp-content\/uploads\/2018\/10\/PalmiraIrisarri-300x214.jpg","datePublished":"2018-10-08T22:25:11+00:00","dateModified":"2022-03-31T11:57:57+00:00","description":"Palmira Irisarri \u00b7 soprano and musicologist &#183; La R\u00eaverie","breadcrumb":{"@id":"https:\/\/reflejarte.es\/lareverie\/en\/the-musicians\/palmira-irisarri-%c2%b7-soprano-and-musicologist\/#breadcrumb"},"inLanguage":"es","potentialAction":[{"@type":"ReadAction","target":["https:\/\/reflejarte.es\/lareverie\/en\/the-musicians\/palmira-irisarri-%c2%b7-soprano-and-musicologist\/"]}]},{"@type":"ImageObject","inLanguage":"es","@id":"https:\/\/reflejarte.es\/lareverie\/en\/the-musicians\/palmira-irisarri-%c2%b7-soprano-and-musicologist\/#primaryimage","url":"https:\/\/reflejarte.es\/lareverie\/wp-content\/uploads\/2018\/10\/PalmiraIrisarri.jpg","contentUrl":"https:\/\/reflejarte.es\/lareverie\/wp-content\/uploads\/2018\/10\/PalmiraIrisarri.jpg","width":591,"height":422,"caption":"Palmira Irisarri, music\u00f3loga, soprano"},{"@type":"BreadcrumbList","@id":"https:\/\/reflejarte.es\/lareverie\/en\/the-musicians\/palmira-irisarri-%c2%b7-soprano-and-musicologist\/#breadcrumb","itemListElement":[{"@type":"ListItem","position":1,"name":"Inicio","item":"https:\/\/reflejarte.es\/lareverie\/"},{"@type":"ListItem","position":2,"name":"English","item":"https:\/\/reflejarte.es\/lareverie\/en\/"},{"@type":"ListItem","position":3,"name":"The Musicians","item":"https:\/\/reflejarte.es\/lareverie\/en\/the-musicians\/"},{"@type":"ListItem","position":4,"name":"Palmira Irisarri \u00b7 soprano and musicologist"}]},{"@type":"WebSite","@id":"https:\/\/reflejarte.es\/lareverie\/#website","url":"https:\/\/reflejarte.es\/lareverie\/","name":"La R\u00eaverie","description":"pasi\u00f3n por la m\u00fasica bien hecha","publisher":{"@id":"https:\/\/reflejarte.es\/lareverie\/#\/schema\/person\/5c48ca5d852a6ac613afecdcdad33430"},"potentialAction":[{"@type":"SearchAction","target":{"@type":"EntryPoint","urlTemplate":"https:\/\/reflejarte.es\/lareverie\/?s={search_term_string}"},"query-input":{"@type":"PropertyValueSpecification","valueRequired":true,"valueName":"search_term_string"}}],"inLanguage":"es"},{"@type":["Person","Organization"],"@id":"https:\/\/reflejarte.es\/lareverie\/#\/schema\/person\/5c48ca5d852a6ac613afecdcdad33430","name":"La R\u00eaverie","image":{"@type":"ImageObject","inLanguage":"es","@id":"https:\/\/reflejarte.es\/lareverie\/wp-content\/uploads\/2018\/09\/lareverie-logo.jpg","url":"https:\/\/reflejarte.es\/lareverie\/wp-content\/uploads\/2018\/09\/lareverie-logo.jpg","contentUrl":"https:\/\/reflejarte.es\/lareverie\/wp-content\/uploads\/2018\/09\/lareverie-logo.jpg","width":512,"height":512,"caption":"La R\u00eaverie"},"logo":{"@id":"https:\/\/reflejarte.es\/lareverie\/wp-content\/uploads\/2018\/09\/lareverie-logo.jpg"}}]}},"_links":{"self":[{"href":"https:\/\/reflejarte.es\/lareverie\/wp-json\/wp\/v2\/pages\/1285","targetHints":{"allow":["GET"]}}],"collection":[{"href":"https:\/\/reflejarte.es\/lareverie\/wp-json\/wp\/v2\/pages"}],"about":[{"href":"https:\/\/reflejarte.es\/lareverie\/wp-json\/wp\/v2\/types\/page"}],"author":[{"embeddable":true,"href":"https:\/\/reflejarte.es\/lareverie\/wp-json\/wp\/v2\/users\/1"}],"replies":[{"embeddable":true,"href":"https:\/\/reflejarte.es\/lareverie\/wp-json\/wp\/v2\/comments?post=1285"}],"version-history":[{"count":7,"href":"https:\/\/reflejarte.es\/lareverie\/wp-json\/wp\/v2\/pages\/1285\/revisions"}],"predecessor-version":[{"id":1900,"href":"https:\/\/reflejarte.es\/lareverie\/wp-json\/wp\/v2\/pages\/1285\/revisions\/1900"}],"up":[{"embeddable":true,"href":"https:\/\/reflejarte.es\/lareverie\/wp-json\/wp\/v2\/pages\/1270"}],"wp:attachment":[{"href":"https:\/\/reflejarte.es\/lareverie\/wp-json\/wp\/v2\/media?parent=1285"}],"curies":[{"name":"wp","href":"https:\/\/api.w.org\/{rel}","templated":true}]}}