{"id":1279,"date":"2018-10-08T21:59:08","date_gmt":"2018-10-08T21:59:08","guid":{"rendered":"https:\/\/reflejarte.es\/tallercreativo\/?page_id=1279"},"modified":"2022-03-31T11:56:19","modified_gmt":"2022-03-31T11:56:19","slug":"manuel-esteban-canyar-%c2%b7-classical-guitar-baroque-lute-spanish-vihuela-composition","status":"publish","type":"page","link":"https:\/\/reflejarte.es\/lareverie\/en\/the-musicians\/manuel-esteban-canyar-%c2%b7-classical-guitar-baroque-lute-spanish-vihuela-composition\/","title":{"rendered":"Manuel Esteban Canyar  \u00b7 Classical guitar, Baroque lute, Spanish vihuela, composition"},"content":{"rendered":"<h2 style=\"text-align: left;\">The musicians of La R\u00eaverie<a href=\"https:\/\/reflejarte.es\/lareverie\/wp-content\/uploads\/2018\/09\/EstebanCanyar_guitarra.jpg\"><img loading=\"lazy\" decoding=\"async\" class=\"alignright wp-image-995 size-full\" title=\"Esteban Canyar playing the guitar\" src=\"https:\/\/reflejarte.es\/lareverie\/wp-content\/uploads\/2018\/09\/EstebanCanyar_guitarra.jpg\" alt=\"Esteban Canyar,guitarra\" width=\"300\" height=\"270\" srcset=\"https:\/\/reflejarte.es\/lareverie\/wp-content\/uploads\/2018\/09\/EstebanCanyar_guitarra.jpg 300w, https:\/\/reflejarte.es\/lareverie\/wp-content\/uploads\/2018\/09\/EstebanCanyar_guitarra-150x135.jpg 150w, https:\/\/reflejarte.es\/lareverie\/wp-content\/uploads\/2018\/09\/EstebanCanyar_guitarra-167x150.jpg 167w\" sizes=\"auto, (max-width: 300px) 100vw, 300px\" \/><\/a><\/h2>\n<h1><\/h1>\n<h1><b>Esteban Canyar<\/b><\/h1>\n<h3>Classical guitar, Baroque lute, Spanish vihuela, composition<\/h3>\n<p>He was born in Granada (Spain) in 1962, where he studied classic guitar, vihuela and renaissance &amp; baroque lute. He learnt music theory at Open University and attended courses and master classes with prominent guitarists such as David Russel.<\/p>\n<p>&nbsp;<\/p>\n<p class=\"textj\">Among his most remarkable redorded albums are:<br \/>\n<strong><span style=\"color: #000000;\">M\u00fasica antigua para un tiempo vac\u00edo &#8211; Early music for an empty time<\/span><\/strong> (2002) featuring soprano Palmira Irisarri;<br \/>\n<a href=\"https:\/\/reflejarte.es\/elsombrerodelalquimista\/\" target=\"_blank\" rel=\"noopener\"><strong><span style=\"color: #000000;\">El sombrero del alquimista<\/span><\/strong><\/a> (2009) with multi-instrumentist Ignacio B\u00e9jar, an album which was very well received by the critics and is regularly aired on the Spanish National Radio;<br \/>\n<a href=\"https:\/\/reflejarte.es\/lareverie\/en\/soul-of-string\/\" target=\"_blank\" rel=\"noopener\"><strong><span style=\"color: #000000;\">Alma de cuerda &#8211; Soul of String<\/span><\/strong><\/a> &#8211; (2010), by the U.S. label Magnatune, an album that is being widely heard worldwide through music platforms such as Spotify or iTunes.<br \/>\n<a href=\"https:\/\/reflejarte.es\/lareverie\/en\/ancient-mosaic-with-guitar\/\" target=\"_blank\" rel=\"noopener\"><strong><span style=\"color: #000000;\">Ancient Mosaic with Guitar &#8211; Mosaico antiguo con guitarra<\/span><\/strong><\/a>, also by Magnatune (2011): baroque and renaissance music realized together with the soprano Palmira Irisarri.<\/p>\n<p>In 2015, recording of <a href=\"https:\/\/reflejarte.es\/lareverie\/en\/cantica\/\" target=\"_blank\" rel=\"noopener\"><span style=\"color: #000000;\"><strong>C\u00e1ntica<\/strong> <\/span><\/a>in collaboration with C\u00e1ntica Cuarteto.<br \/>\nRecently he published (2018) \u00a0<a href=\"https:\/\/reflejarte.es\/lareverie\/en\/music-of-spanish-gentlemen\/\" target=\"_blank\" rel=\"noopener\"><strong><span style=\"color: #000000;\">Music of Spanish Gentlemen<\/span><\/strong><\/a> (M\u00fasica de los gentilhombres), and he is preparing a new album with his own compositions for poems written by Garc\u00eda Lorca.<\/p>\n<p><a href=\"https:\/\/reflejarte.es\/lareverie\/wp-content\/uploads\/2018\/09\/EstebanCanyar.jpg\"><img loading=\"lazy\" decoding=\"async\" class=\"size-full wp-image-994 alignleft\" src=\"https:\/\/reflejarte.es\/lareverie\/wp-content\/uploads\/2018\/09\/EstebanCanyar.jpg\" alt=\"Manuel Esteban Canyar\" width=\"300\" height=\"225\" srcset=\"https:\/\/reflejarte.es\/lareverie\/wp-content\/uploads\/2018\/09\/EstebanCanyar.jpg 300w, https:\/\/reflejarte.es\/lareverie\/wp-content\/uploads\/2018\/09\/EstebanCanyar-150x113.jpg 150w, https:\/\/reflejarte.es\/lareverie\/wp-content\/uploads\/2018\/09\/EstebanCanyar-200x150.jpg 200w\" sizes=\"auto, (max-width: 300px) 100vw, 300px\" \/><\/a>In March 2012, Manuel recorded live for the <a href=\"https:\/\/www.youtube.com\/watch?v=MNdrDPGI8Hs\" target=\"_blank\" rel=\"noopener\">Spanish TV (RTVE)<\/a> in a remarkable scenario: aboard the Goleta Sadko, a schooner anchored at Puerto de Santa Maria (Cadix, Spain).<\/p>\n<p>He has performed in a great number of venues, such as:<br \/>\nSala Gades at the renowned Teatro Cervantes in Malaga (May 2007);<br \/>\nSalvador Dal\u00ed&#8217;s birthplace, as part of the Cadaques International Music Festival (August 2007);<br \/>\nArab baths in Ronda, Malaga (June, 2008); at the closing concert for the I World Music Festival at Malaga University (May, 2009); Bil-bil Castle in Benalmadena, Malaga, as part of the Music for the Soul Festival (September 2012); and at the Sal\u00f3n de los Espejos in Malaga&#8217;s Town Hall with <span style=\"color: #000000;\"><strong>CANTICA<\/strong><\/span> (June, 2014).<\/p>\n<p>From then until today, he <span id=\"result_box\" class=\"\" lang=\"en\" tabindex=\"-1\"><span class=\"\">has given concerts in many halls of Andalusia, as in <a href=\"https:\/\/youtu.be\/Qj0xuatutUs\" target=\"_blank\" rel=\"noopener\">Los Ac\u00fasticos de El Rey Chico<\/a> and in the legendary La Tertulia (Granada).<\/span><\/span><\/p>\n<p>&nbsp;<\/p>\n","protected":false},"excerpt":{"rendered":"<p>The musicians of La R\u00eaverie Esteban Canyar Classical guitar, Baroque lute, Spanish vihuela, composition He was born in Granada (Spain) in 1962, where he studied classic guitar, vihuela and renaissance &amp; baroque lute. He learnt&#8230;<\/p>\n<p> <a class=\"continue-reading-link\" href=\"https:\/\/reflejarte.es\/lareverie\/en\/the-musicians\/manuel-esteban-canyar-%c2%b7-classical-guitar-baroque-lute-spanish-vihuela-composition\/\"><span>seguir leyendo &#8230;<\/span><i class=\"crycon-right-dir\"><\/i><\/a> <\/p>\n","protected":false},"author":1,"featured_media":0,"parent":1270,"menu_order":0,"comment_status":"closed","ping_status":"closed","template":"","meta":{"footnotes":""},"class_list":["post-1279","page","type-page","status-publish","hentry"],"yoast_head":"<!-- This site is optimized with the Yoast SEO plugin v27.3 - https:\/\/yoast.com\/product\/yoast-seo-wordpress\/ -->\n<title>Manuel Esteban Canyar \u00b7 Classical guitar, Baroque lute, Spanish vihuela, composition &#183; La R\u00eaverie<\/title>\n<meta name=\"description\" content=\"Manuel Esteban Canyar \u00b7 Classical guitar, Baroque lute, Spanish vihuela, composition &#183; La R\u00eaverie\" \/>\n<meta name=\"robots\" content=\"index, follow, max-snippet:-1, max-image-preview:large, max-video-preview:-1\" \/>\n<link rel=\"canonical\" href=\"https:\/\/reflejarte.es\/lareverie\/en\/the-musicians\/manuel-esteban-canyar-\u00b7-classical-guitar-baroque-lute-spanish-vihuela-composition\/\" \/>\n<meta property=\"og:locale\" content=\"es_ES\" \/>\n<meta property=\"og:type\" content=\"article\" \/>\n<meta property=\"og:title\" content=\"Manuel Esteban Canyar \u00b7 Classical guitar, Baroque lute, Spanish vihuela, composition &#183; La R\u00eaverie\" \/>\n<meta property=\"og:description\" content=\"Manuel Esteban Canyar \u00b7 Classical guitar, Baroque lute, Spanish vihuela, composition &#183; La R\u00eaverie\" \/>\n<meta property=\"og:url\" content=\"https:\/\/reflejarte.es\/lareverie\/en\/the-musicians\/manuel-esteban-canyar-\u00b7-classical-guitar-baroque-lute-spanish-vihuela-composition\/\" \/>\n<meta property=\"og:site_name\" content=\"La R\u00eaverie\" \/>\n<meta property=\"article:modified_time\" content=\"2022-03-31T11:56:19+00:00\" \/>\n<meta property=\"og:image\" content=\"https:\/\/reflejarte.es\/lareverie\/wp-content\/uploads\/2018\/09\/EstebanCanyar_guitarra.jpg\" \/>\n<meta name=\"twitter:card\" content=\"summary_large_image\" \/>\n<meta name=\"twitter:label1\" content=\"Tiempo de lectura\" \/>\n\t<meta name=\"twitter:data1\" content=\"2 minutos\" \/>\n<script type=\"application\/ld+json\" class=\"yoast-schema-graph\">{\"@context\":\"https:\\\/\\\/schema.org\",\"@graph\":[{\"@type\":\"WebPage\",\"@id\":\"https:\\\/\\\/reflejarte.es\\\/lareverie\\\/en\\\/the-musicians\\\/manuel-esteban-canyar-%c2%b7-classical-guitar-baroque-lute-spanish-vihuela-composition\\\/\",\"url\":\"https:\\\/\\\/reflejarte.es\\\/lareverie\\\/en\\\/the-musicians\\\/manuel-esteban-canyar-%c2%b7-classical-guitar-baroque-lute-spanish-vihuela-composition\\\/\",\"name\":\"Manuel Esteban Canyar \u00b7 Classical guitar, Baroque lute, Spanish vihuela, composition &#183; La R\u00eaverie\",\"isPartOf\":{\"@id\":\"https:\\\/\\\/reflejarte.es\\\/lareverie\\\/#website\"},\"primaryImageOfPage\":{\"@id\":\"https:\\\/\\\/reflejarte.es\\\/lareverie\\\/en\\\/the-musicians\\\/manuel-esteban-canyar-%c2%b7-classical-guitar-baroque-lute-spanish-vihuela-composition\\\/#primaryimage\"},\"image\":{\"@id\":\"https:\\\/\\\/reflejarte.es\\\/lareverie\\\/en\\\/the-musicians\\\/manuel-esteban-canyar-%c2%b7-classical-guitar-baroque-lute-spanish-vihuela-composition\\\/#primaryimage\"},\"thumbnailUrl\":\"https:\\\/\\\/reflejarte.es\\\/lareverie\\\/wp-content\\\/uploads\\\/2018\\\/09\\\/EstebanCanyar_guitarra.jpg\",\"datePublished\":\"2018-10-08T21:59:08+00:00\",\"dateModified\":\"2022-03-31T11:56:19+00:00\",\"description\":\"Manuel Esteban Canyar \u00b7 Classical guitar, Baroque lute, Spanish vihuela, composition &#183; La R\u00eaverie\",\"breadcrumb\":{\"@id\":\"https:\\\/\\\/reflejarte.es\\\/lareverie\\\/en\\\/the-musicians\\\/manuel-esteban-canyar-%c2%b7-classical-guitar-baroque-lute-spanish-vihuela-composition\\\/#breadcrumb\"},\"inLanguage\":\"es\",\"potentialAction\":[{\"@type\":\"ReadAction\",\"target\":[\"https:\\\/\\\/reflejarte.es\\\/lareverie\\\/en\\\/the-musicians\\\/manuel-esteban-canyar-%c2%b7-classical-guitar-baroque-lute-spanish-vihuela-composition\\\/\"]}]},{\"@type\":\"ImageObject\",\"inLanguage\":\"es\",\"@id\":\"https:\\\/\\\/reflejarte.es\\\/lareverie\\\/en\\\/the-musicians\\\/manuel-esteban-canyar-%c2%b7-classical-guitar-baroque-lute-spanish-vihuela-composition\\\/#primaryimage\",\"url\":\"https:\\\/\\\/reflejarte.es\\\/lareverie\\\/wp-content\\\/uploads\\\/2018\\\/09\\\/EstebanCanyar_guitarra.jpg\",\"contentUrl\":\"https:\\\/\\\/reflejarte.es\\\/lareverie\\\/wp-content\\\/uploads\\\/2018\\\/09\\\/EstebanCanyar_guitarra.jpg\",\"width\":300,\"height\":270,\"caption\":\"Esteban Canyar,guitarra\"},{\"@type\":\"BreadcrumbList\",\"@id\":\"https:\\\/\\\/reflejarte.es\\\/lareverie\\\/en\\\/the-musicians\\\/manuel-esteban-canyar-%c2%b7-classical-guitar-baroque-lute-spanish-vihuela-composition\\\/#breadcrumb\",\"itemListElement\":[{\"@type\":\"ListItem\",\"position\":1,\"name\":\"Inicio\",\"item\":\"https:\\\/\\\/reflejarte.es\\\/lareverie\\\/\"},{\"@type\":\"ListItem\",\"position\":2,\"name\":\"English\",\"item\":\"https:\\\/\\\/reflejarte.es\\\/lareverie\\\/en\\\/\"},{\"@type\":\"ListItem\",\"position\":3,\"name\":\"The Musicians\",\"item\":\"https:\\\/\\\/reflejarte.es\\\/lareverie\\\/en\\\/the-musicians\\\/\"},{\"@type\":\"ListItem\",\"position\":4,\"name\":\"Manuel Esteban Canyar \u00b7 Classical guitar, Baroque lute, Spanish vihuela, composition\"}]},{\"@type\":\"WebSite\",\"@id\":\"https:\\\/\\\/reflejarte.es\\\/lareverie\\\/#website\",\"url\":\"https:\\\/\\\/reflejarte.es\\\/lareverie\\\/\",\"name\":\"La R\u00eaverie\",\"description\":\"pasi\u00f3n por la m\u00fasica bien hecha\",\"publisher\":{\"@id\":\"https:\\\/\\\/reflejarte.es\\\/lareverie\\\/#\\\/schema\\\/person\\\/5c48ca5d852a6ac613afecdcdad33430\"},\"potentialAction\":[{\"@type\":\"SearchAction\",\"target\":{\"@type\":\"EntryPoint\",\"urlTemplate\":\"https:\\\/\\\/reflejarte.es\\\/lareverie\\\/?s={search_term_string}\"},\"query-input\":{\"@type\":\"PropertyValueSpecification\",\"valueRequired\":true,\"valueName\":\"search_term_string\"}}],\"inLanguage\":\"es\"},{\"@type\":[\"Person\",\"Organization\"],\"@id\":\"https:\\\/\\\/reflejarte.es\\\/lareverie\\\/#\\\/schema\\\/person\\\/5c48ca5d852a6ac613afecdcdad33430\",\"name\":\"La R\u00eaverie\",\"image\":{\"@type\":\"ImageObject\",\"inLanguage\":\"es\",\"@id\":\"https:\\\/\\\/reflejarte.es\\\/lareverie\\\/wp-content\\\/uploads\\\/2018\\\/09\\\/lareverie-logo.jpg\",\"url\":\"https:\\\/\\\/reflejarte.es\\\/lareverie\\\/wp-content\\\/uploads\\\/2018\\\/09\\\/lareverie-logo.jpg\",\"contentUrl\":\"https:\\\/\\\/reflejarte.es\\\/lareverie\\\/wp-content\\\/uploads\\\/2018\\\/09\\\/lareverie-logo.jpg\",\"width\":512,\"height\":512,\"caption\":\"La R\u00eaverie\"},\"logo\":{\"@id\":\"https:\\\/\\\/reflejarte.es\\\/lareverie\\\/wp-content\\\/uploads\\\/2018\\\/09\\\/lareverie-logo.jpg\"}}]}<\/script>\n<!-- \/ Yoast SEO plugin. -->","yoast_head_json":{"title":"Manuel Esteban Canyar \u00b7 Classical guitar, Baroque lute, Spanish vihuela, composition &#183; La R\u00eaverie","description":"Manuel Esteban Canyar \u00b7 Classical guitar, Baroque lute, Spanish vihuela, composition &#183; La R\u00eaverie","robots":{"index":"index","follow":"follow","max-snippet":"max-snippet:-1","max-image-preview":"max-image-preview:large","max-video-preview":"max-video-preview:-1"},"canonical":"https:\/\/reflejarte.es\/lareverie\/en\/the-musicians\/manuel-esteban-canyar-\u00b7-classical-guitar-baroque-lute-spanish-vihuela-composition\/","og_locale":"es_ES","og_type":"article","og_title":"Manuel Esteban Canyar \u00b7 Classical guitar, Baroque lute, Spanish vihuela, composition &#183; La R\u00eaverie","og_description":"Manuel Esteban Canyar \u00b7 Classical guitar, Baroque lute, Spanish vihuela, composition &#183; La R\u00eaverie","og_url":"https:\/\/reflejarte.es\/lareverie\/en\/the-musicians\/manuel-esteban-canyar-\u00b7-classical-guitar-baroque-lute-spanish-vihuela-composition\/","og_site_name":"La R\u00eaverie","article_modified_time":"2022-03-31T11:56:19+00:00","og_image":[{"url":"https:\/\/reflejarte.es\/lareverie\/wp-content\/uploads\/2018\/09\/EstebanCanyar_guitarra.jpg","type":"","width":"","height":""}],"twitter_card":"summary_large_image","twitter_misc":{"Tiempo de lectura":"2 minutos"},"schema":{"@context":"https:\/\/schema.org","@graph":[{"@type":"WebPage","@id":"https:\/\/reflejarte.es\/lareverie\/en\/the-musicians\/manuel-esteban-canyar-%c2%b7-classical-guitar-baroque-lute-spanish-vihuela-composition\/","url":"https:\/\/reflejarte.es\/lareverie\/en\/the-musicians\/manuel-esteban-canyar-%c2%b7-classical-guitar-baroque-lute-spanish-vihuela-composition\/","name":"Manuel Esteban Canyar \u00b7 Classical guitar, Baroque lute, Spanish vihuela, composition &#183; La R\u00eaverie","isPartOf":{"@id":"https:\/\/reflejarte.es\/lareverie\/#website"},"primaryImageOfPage":{"@id":"https:\/\/reflejarte.es\/lareverie\/en\/the-musicians\/manuel-esteban-canyar-%c2%b7-classical-guitar-baroque-lute-spanish-vihuela-composition\/#primaryimage"},"image":{"@id":"https:\/\/reflejarte.es\/lareverie\/en\/the-musicians\/manuel-esteban-canyar-%c2%b7-classical-guitar-baroque-lute-spanish-vihuela-composition\/#primaryimage"},"thumbnailUrl":"https:\/\/reflejarte.es\/lareverie\/wp-content\/uploads\/2018\/09\/EstebanCanyar_guitarra.jpg","datePublished":"2018-10-08T21:59:08+00:00","dateModified":"2022-03-31T11:56:19+00:00","description":"Manuel Esteban Canyar \u00b7 Classical guitar, Baroque lute, Spanish vihuela, composition &#183; La R\u00eaverie","breadcrumb":{"@id":"https:\/\/reflejarte.es\/lareverie\/en\/the-musicians\/manuel-esteban-canyar-%c2%b7-classical-guitar-baroque-lute-spanish-vihuela-composition\/#breadcrumb"},"inLanguage":"es","potentialAction":[{"@type":"ReadAction","target":["https:\/\/reflejarte.es\/lareverie\/en\/the-musicians\/manuel-esteban-canyar-%c2%b7-classical-guitar-baroque-lute-spanish-vihuela-composition\/"]}]},{"@type":"ImageObject","inLanguage":"es","@id":"https:\/\/reflejarte.es\/lareverie\/en\/the-musicians\/manuel-esteban-canyar-%c2%b7-classical-guitar-baroque-lute-spanish-vihuela-composition\/#primaryimage","url":"https:\/\/reflejarte.es\/lareverie\/wp-content\/uploads\/2018\/09\/EstebanCanyar_guitarra.jpg","contentUrl":"https:\/\/reflejarte.es\/lareverie\/wp-content\/uploads\/2018\/09\/EstebanCanyar_guitarra.jpg","width":300,"height":270,"caption":"Esteban Canyar,guitarra"},{"@type":"BreadcrumbList","@id":"https:\/\/reflejarte.es\/lareverie\/en\/the-musicians\/manuel-esteban-canyar-%c2%b7-classical-guitar-baroque-lute-spanish-vihuela-composition\/#breadcrumb","itemListElement":[{"@type":"ListItem","position":1,"name":"Inicio","item":"https:\/\/reflejarte.es\/lareverie\/"},{"@type":"ListItem","position":2,"name":"English","item":"https:\/\/reflejarte.es\/lareverie\/en\/"},{"@type":"ListItem","position":3,"name":"The Musicians","item":"https:\/\/reflejarte.es\/lareverie\/en\/the-musicians\/"},{"@type":"ListItem","position":4,"name":"Manuel Esteban Canyar \u00b7 Classical guitar, Baroque lute, Spanish vihuela, composition"}]},{"@type":"WebSite","@id":"https:\/\/reflejarte.es\/lareverie\/#website","url":"https:\/\/reflejarte.es\/lareverie\/","name":"La R\u00eaverie","description":"pasi\u00f3n por la m\u00fasica bien hecha","publisher":{"@id":"https:\/\/reflejarte.es\/lareverie\/#\/schema\/person\/5c48ca5d852a6ac613afecdcdad33430"},"potentialAction":[{"@type":"SearchAction","target":{"@type":"EntryPoint","urlTemplate":"https:\/\/reflejarte.es\/lareverie\/?s={search_term_string}"},"query-input":{"@type":"PropertyValueSpecification","valueRequired":true,"valueName":"search_term_string"}}],"inLanguage":"es"},{"@type":["Person","Organization"],"@id":"https:\/\/reflejarte.es\/lareverie\/#\/schema\/person\/5c48ca5d852a6ac613afecdcdad33430","name":"La R\u00eaverie","image":{"@type":"ImageObject","inLanguage":"es","@id":"https:\/\/reflejarte.es\/lareverie\/wp-content\/uploads\/2018\/09\/lareverie-logo.jpg","url":"https:\/\/reflejarte.es\/lareverie\/wp-content\/uploads\/2018\/09\/lareverie-logo.jpg","contentUrl":"https:\/\/reflejarte.es\/lareverie\/wp-content\/uploads\/2018\/09\/lareverie-logo.jpg","width":512,"height":512,"caption":"La R\u00eaverie"},"logo":{"@id":"https:\/\/reflejarte.es\/lareverie\/wp-content\/uploads\/2018\/09\/lareverie-logo.jpg"}}]}},"_links":{"self":[{"href":"https:\/\/reflejarte.es\/lareverie\/wp-json\/wp\/v2\/pages\/1279","targetHints":{"allow":["GET"]}}],"collection":[{"href":"https:\/\/reflejarte.es\/lareverie\/wp-json\/wp\/v2\/pages"}],"about":[{"href":"https:\/\/reflejarte.es\/lareverie\/wp-json\/wp\/v2\/types\/page"}],"author":[{"embeddable":true,"href":"https:\/\/reflejarte.es\/lareverie\/wp-json\/wp\/v2\/users\/1"}],"replies":[{"embeddable":true,"href":"https:\/\/reflejarte.es\/lareverie\/wp-json\/wp\/v2\/comments?post=1279"}],"version-history":[{"count":11,"href":"https:\/\/reflejarte.es\/lareverie\/wp-json\/wp\/v2\/pages\/1279\/revisions"}],"predecessor-version":[{"id":1899,"href":"https:\/\/reflejarte.es\/lareverie\/wp-json\/wp\/v2\/pages\/1279\/revisions\/1899"}],"up":[{"embeddable":true,"href":"https:\/\/reflejarte.es\/lareverie\/wp-json\/wp\/v2\/pages\/1270"}],"wp:attachment":[{"href":"https:\/\/reflejarte.es\/lareverie\/wp-json\/wp\/v2\/media?parent=1279"}],"curies":[{"name":"wp","href":"https:\/\/api.w.org\/{rel}","templated":true}]}}