{"id":1270,"date":"2018-10-08T21:31:47","date_gmt":"2018-10-08T21:31:47","guid":{"rendered":"https:\/\/reflejarte.es\/tallercreativo\/?page_id=1270"},"modified":"2022-03-29T12:24:30","modified_gmt":"2022-03-29T12:24:30","slug":"the-musicians","status":"publish","type":"page","link":"https:\/\/reflejarte.es\/lareverie\/en\/the-musicians\/","title":{"rendered":"The Musicians"},"content":{"rendered":"<p><a href=\"https:\/\/reflejarte.es\/lareverie\/wp-content\/uploads\/2018\/09\/LaReverie-Ensemble.jpg\"><img loading=\"lazy\" decoding=\"async\" class=\"size-medium wp-image-895 alignleft\" src=\"https:\/\/reflejarte.es\/lareverie\/wp-content\/uploads\/2018\/09\/LaReverie-Ensemble-300x92.jpg\" alt=\"Ensemble La Reverie\" width=\"300\" height=\"92\" srcset=\"https:\/\/reflejarte.es\/lareverie\/wp-content\/uploads\/2018\/09\/LaReverie-Ensemble-300x92.jpg 300w, https:\/\/reflejarte.es\/lareverie\/wp-content\/uploads\/2018\/09\/LaReverie-Ensemble-768x236.jpg 768w, https:\/\/reflejarte.es\/lareverie\/wp-content\/uploads\/2018\/09\/LaReverie-Ensemble-150x46.jpg 150w, https:\/\/reflejarte.es\/lareverie\/wp-content\/uploads\/2018\/09\/LaReverie-Ensemble-250x77.jpg 250w, https:\/\/reflejarte.es\/lareverie\/wp-content\/uploads\/2018\/09\/LaReverie-Ensemble.jpg 800w\" sizes=\"auto, (max-width: 300px) 100vw, 300px\" \/><\/a><\/p>\n<h2 style=\"text-align: center;\">The musicians of La R\u00eaverie<\/h2>\n<p>&nbsp;<\/p>\n<p>La R\u00eaverie was founded by<strong><span style=\"color: #000000;\"> Juan Manuel Rubio<\/span><\/strong> and <strong><span style=\"color: #000000;\">Esteban Canyar<\/span><\/strong>, two Andalusian musicians.<br \/>\nTogether they created and edited the album \u00abSoul of String\u00bb, published in 2010, an album with an important audience all around the world.<br \/>\nBoth artists have a large experience as composers; each of them has recorded several albums. Skilled string performers, they work in different formations giving concerts in many countries.<br \/>\nThey share the passion for music.<\/p>\n<p>More excellent musicians joined the ensemble in new projects: <strong><span style=\"color: #000000;\">Palmira Irisarri<\/span><\/strong>, soprano, <strong><span style=\"color: #000000;\">Angel Mart\u00edn<\/span><\/strong>, percussions, <strong><span style=\"color: #000000;\">Yolanda Campos<\/span><\/strong>, mezzo-soprano and <strong><span style=\"color: #000000;\">Inmaculada G\u00f3mez<\/span><\/strong>, flute and castanets.<\/p>\n<p>You will find more details in these links:<\/p>\n<p><a href=\"https:\/\/reflejarte.es\/lareverie\/wp-content\/uploads\/2018\/09\/ensemble_La_Reverie.gif\"><img loading=\"lazy\" decoding=\"async\" class=\"size-full wp-image-993 alignright\" src=\"https:\/\/reflejarte.es\/lareverie\/wp-content\/uploads\/2018\/09\/ensemble_La_Reverie.gif\" alt=\"Los m\u00fasicos de La R\u00eaverie\" width=\"420\" height=\"310\" \/><\/a><\/p>\n<p><a href=\"https:\/\/reflejarte.es\/lareverie\/en\/the-musicians\/juan-manuel-rubio-turkish-santur-and-arabic-lute\/\"><b>Juan Manuel Rubio<\/b><\/a><b><\/b><\/p>\n<p><a href=\"https:\/\/reflejarte.es\/lareverie\/en\/the-musicians\/manuel-esteban-canyar-%c2%b7-classical-guitar-baroque-lute-spanish-vihuela-composition\/\"><b>Esteban Canyar<\/b><\/a><\/p>\n<p><a href=\"https:\/\/reflejarte.es\/lareverie\/en\/the-musicians\/palmira-irisarri-%c2%b7-soprano-and-musicologist\/\"><b>Palmira Irisarri<\/b><\/a><\/p>\n<p><a href=\"https:\/\/reflejarte.es\/lareverie\/en\/the-musicians\/angel-martin-%c2%b7-percussionist\/\"><b>\u00c1ngel Mart\u00edn<\/b><\/a><\/p>\n<p><a href=\"https:\/\/reflejarte.es\/lareverie\/en\/the-musicians\/inmaculada-gomez-%c2%b7-transverse-flute-castanets\/\"><b>Inmaculada G\u00f3mez<\/b><\/a><\/p>\n<p><a href=\"https:\/\/reflejarte.es\/lareverie\/en\/the-musicians\/yolanda-campos-%c2%b7-mezzo-soprano\/\"><b>Yolanda Campos<\/b><\/a><\/p>\n<p>&nbsp;<\/p>\n","protected":false},"excerpt":{"rendered":"<p>The musicians of La R\u00eaverie &nbsp; La R\u00eaverie was founded by Juan Manuel Rubio and Esteban Canyar, two Andalusian musicians. Together they created and edited the album \u00abSoul of String\u00bb, published in 2010, an album&#8230;<\/p>\n<p> <a class=\"continue-reading-link\" href=\"https:\/\/reflejarte.es\/lareverie\/en\/the-musicians\/\"><span>seguir leyendo &#8230;<\/span><i class=\"crycon-right-dir\"><\/i><\/a> <\/p>\n","protected":false},"author":1,"featured_media":0,"parent":1180,"menu_order":0,"comment_status":"closed","ping_status":"closed","template":"","meta":{"footnotes":""},"class_list":["post-1270","page","type-page","status-publish","hentry"],"yoast_head":"<!-- This site is optimized with the Yoast SEO plugin v27.4 - https:\/\/yoast.com\/product\/yoast-seo-wordpress\/ -->\n<title>The Musicians &#183; La R\u00eaverie<\/title>\n<meta name=\"description\" content=\"The Musicians &#183; La R\u00eaverie\" \/>\n<meta name=\"robots\" content=\"index, follow, max-snippet:-1, max-image-preview:large, max-video-preview:-1\" \/>\n<link rel=\"canonical\" href=\"https:\/\/reflejarte.es\/lareverie\/en\/the-musicians\/\" \/>\n<meta property=\"og:locale\" content=\"es_ES\" \/>\n<meta property=\"og:type\" content=\"article\" \/>\n<meta property=\"og:title\" content=\"The Musicians &#183; La R\u00eaverie\" \/>\n<meta property=\"og:description\" content=\"The Musicians &#183; La R\u00eaverie\" \/>\n<meta property=\"og:url\" content=\"https:\/\/reflejarte.es\/lareverie\/en\/the-musicians\/\" \/>\n<meta property=\"og:site_name\" content=\"La R\u00eaverie\" \/>\n<meta property=\"article:modified_time\" content=\"2022-03-29T12:24:30+00:00\" \/>\n<meta property=\"og:image\" content=\"https:\/\/reflejarte.es\/lareverie\/wp-content\/uploads\/2018\/09\/LaReverie-Ensemble-300x92.jpg\" \/>\n<meta name=\"twitter:card\" content=\"summary_large_image\" \/>\n<meta name=\"twitter:label1\" content=\"Tiempo de lectura\" \/>\n\t<meta name=\"twitter:data1\" content=\"1 minuto\" \/>\n<script type=\"application\/ld+json\" class=\"yoast-schema-graph\">{\"@context\":\"https:\\\/\\\/schema.org\",\"@graph\":[{\"@type\":\"WebPage\",\"@id\":\"https:\\\/\\\/reflejarte.es\\\/lareverie\\\/en\\\/the-musicians\\\/\",\"url\":\"https:\\\/\\\/reflejarte.es\\\/lareverie\\\/en\\\/the-musicians\\\/\",\"name\":\"The Musicians &#183; La R\u00eaverie\",\"isPartOf\":{\"@id\":\"https:\\\/\\\/reflejarte.es\\\/lareverie\\\/#website\"},\"primaryImageOfPage\":{\"@id\":\"https:\\\/\\\/reflejarte.es\\\/lareverie\\\/en\\\/the-musicians\\\/#primaryimage\"},\"image\":{\"@id\":\"https:\\\/\\\/reflejarte.es\\\/lareverie\\\/en\\\/the-musicians\\\/#primaryimage\"},\"thumbnailUrl\":\"https:\\\/\\\/reflejarte.es\\\/lareverie\\\/wp-content\\\/uploads\\\/2018\\\/09\\\/LaReverie-Ensemble-300x92.jpg\",\"datePublished\":\"2018-10-08T21:31:47+00:00\",\"dateModified\":\"2022-03-29T12:24:30+00:00\",\"description\":\"The Musicians &#183; La R\u00eaverie\",\"breadcrumb\":{\"@id\":\"https:\\\/\\\/reflejarte.es\\\/lareverie\\\/en\\\/the-musicians\\\/#breadcrumb\"},\"inLanguage\":\"es\",\"potentialAction\":[{\"@type\":\"ReadAction\",\"target\":[\"https:\\\/\\\/reflejarte.es\\\/lareverie\\\/en\\\/the-musicians\\\/\"]}]},{\"@type\":\"ImageObject\",\"inLanguage\":\"es\",\"@id\":\"https:\\\/\\\/reflejarte.es\\\/lareverie\\\/en\\\/the-musicians\\\/#primaryimage\",\"url\":\"https:\\\/\\\/reflejarte.es\\\/lareverie\\\/wp-content\\\/uploads\\\/2018\\\/09\\\/LaReverie-Ensemble.jpg\",\"contentUrl\":\"https:\\\/\\\/reflejarte.es\\\/lareverie\\\/wp-content\\\/uploads\\\/2018\\\/09\\\/LaReverie-Ensemble.jpg\",\"width\":800,\"height\":246,\"caption\":\"Ensemble La Reverie\"},{\"@type\":\"BreadcrumbList\",\"@id\":\"https:\\\/\\\/reflejarte.es\\\/lareverie\\\/en\\\/the-musicians\\\/#breadcrumb\",\"itemListElement\":[{\"@type\":\"ListItem\",\"position\":1,\"name\":\"Inicio\",\"item\":\"https:\\\/\\\/reflejarte.es\\\/lareverie\\\/\"},{\"@type\":\"ListItem\",\"position\":2,\"name\":\"English\",\"item\":\"https:\\\/\\\/reflejarte.es\\\/lareverie\\\/en\\\/\"},{\"@type\":\"ListItem\",\"position\":3,\"name\":\"The Musicians\"}]},{\"@type\":\"WebSite\",\"@id\":\"https:\\\/\\\/reflejarte.es\\\/lareverie\\\/#website\",\"url\":\"https:\\\/\\\/reflejarte.es\\\/lareverie\\\/\",\"name\":\"La R\u00eaverie\",\"description\":\"pasi\u00f3n por la m\u00fasica bien hecha\",\"publisher\":{\"@id\":\"https:\\\/\\\/reflejarte.es\\\/lareverie\\\/#\\\/schema\\\/person\\\/5c48ca5d852a6ac613afecdcdad33430\"},\"potentialAction\":[{\"@type\":\"SearchAction\",\"target\":{\"@type\":\"EntryPoint\",\"urlTemplate\":\"https:\\\/\\\/reflejarte.es\\\/lareverie\\\/?s={search_term_string}\"},\"query-input\":{\"@type\":\"PropertyValueSpecification\",\"valueRequired\":true,\"valueName\":\"search_term_string\"}}],\"inLanguage\":\"es\"},{\"@type\":[\"Person\",\"Organization\"],\"@id\":\"https:\\\/\\\/reflejarte.es\\\/lareverie\\\/#\\\/schema\\\/person\\\/5c48ca5d852a6ac613afecdcdad33430\",\"name\":\"La R\u00eaverie\",\"image\":{\"@type\":\"ImageObject\",\"inLanguage\":\"es\",\"@id\":\"https:\\\/\\\/reflejarte.es\\\/lareverie\\\/wp-content\\\/uploads\\\/2018\\\/09\\\/lareverie-logo.jpg\",\"url\":\"https:\\\/\\\/reflejarte.es\\\/lareverie\\\/wp-content\\\/uploads\\\/2018\\\/09\\\/lareverie-logo.jpg\",\"contentUrl\":\"https:\\\/\\\/reflejarte.es\\\/lareverie\\\/wp-content\\\/uploads\\\/2018\\\/09\\\/lareverie-logo.jpg\",\"width\":512,\"height\":512,\"caption\":\"La R\u00eaverie\"},\"logo\":{\"@id\":\"https:\\\/\\\/reflejarte.es\\\/lareverie\\\/wp-content\\\/uploads\\\/2018\\\/09\\\/lareverie-logo.jpg\"}}]}<\/script>\n<!-- \/ Yoast SEO plugin. -->","yoast_head_json":{"title":"The Musicians &#183; La R\u00eaverie","description":"The Musicians &#183; La R\u00eaverie","robots":{"index":"index","follow":"follow","max-snippet":"max-snippet:-1","max-image-preview":"max-image-preview:large","max-video-preview":"max-video-preview:-1"},"canonical":"https:\/\/reflejarte.es\/lareverie\/en\/the-musicians\/","og_locale":"es_ES","og_type":"article","og_title":"The Musicians &#183; La R\u00eaverie","og_description":"The Musicians &#183; La R\u00eaverie","og_url":"https:\/\/reflejarte.es\/lareverie\/en\/the-musicians\/","og_site_name":"La R\u00eaverie","article_modified_time":"2022-03-29T12:24:30+00:00","og_image":[{"url":"https:\/\/reflejarte.es\/lareverie\/wp-content\/uploads\/2018\/09\/LaReverie-Ensemble-300x92.jpg","type":"","width":"","height":""}],"twitter_card":"summary_large_image","twitter_misc":{"Tiempo de lectura":"1 minuto"},"schema":{"@context":"https:\/\/schema.org","@graph":[{"@type":"WebPage","@id":"https:\/\/reflejarte.es\/lareverie\/en\/the-musicians\/","url":"https:\/\/reflejarte.es\/lareverie\/en\/the-musicians\/","name":"The Musicians &#183; La R\u00eaverie","isPartOf":{"@id":"https:\/\/reflejarte.es\/lareverie\/#website"},"primaryImageOfPage":{"@id":"https:\/\/reflejarte.es\/lareverie\/en\/the-musicians\/#primaryimage"},"image":{"@id":"https:\/\/reflejarte.es\/lareverie\/en\/the-musicians\/#primaryimage"},"thumbnailUrl":"https:\/\/reflejarte.es\/lareverie\/wp-content\/uploads\/2018\/09\/LaReverie-Ensemble-300x92.jpg","datePublished":"2018-10-08T21:31:47+00:00","dateModified":"2022-03-29T12:24:30+00:00","description":"The Musicians &#183; La R\u00eaverie","breadcrumb":{"@id":"https:\/\/reflejarte.es\/lareverie\/en\/the-musicians\/#breadcrumb"},"inLanguage":"es","potentialAction":[{"@type":"ReadAction","target":["https:\/\/reflejarte.es\/lareverie\/en\/the-musicians\/"]}]},{"@type":"ImageObject","inLanguage":"es","@id":"https:\/\/reflejarte.es\/lareverie\/en\/the-musicians\/#primaryimage","url":"https:\/\/reflejarte.es\/lareverie\/wp-content\/uploads\/2018\/09\/LaReverie-Ensemble.jpg","contentUrl":"https:\/\/reflejarte.es\/lareverie\/wp-content\/uploads\/2018\/09\/LaReverie-Ensemble.jpg","width":800,"height":246,"caption":"Ensemble La Reverie"},{"@type":"BreadcrumbList","@id":"https:\/\/reflejarte.es\/lareverie\/en\/the-musicians\/#breadcrumb","itemListElement":[{"@type":"ListItem","position":1,"name":"Inicio","item":"https:\/\/reflejarte.es\/lareverie\/"},{"@type":"ListItem","position":2,"name":"English","item":"https:\/\/reflejarte.es\/lareverie\/en\/"},{"@type":"ListItem","position":3,"name":"The Musicians"}]},{"@type":"WebSite","@id":"https:\/\/reflejarte.es\/lareverie\/#website","url":"https:\/\/reflejarte.es\/lareverie\/","name":"La R\u00eaverie","description":"pasi\u00f3n por la m\u00fasica bien hecha","publisher":{"@id":"https:\/\/reflejarte.es\/lareverie\/#\/schema\/person\/5c48ca5d852a6ac613afecdcdad33430"},"potentialAction":[{"@type":"SearchAction","target":{"@type":"EntryPoint","urlTemplate":"https:\/\/reflejarte.es\/lareverie\/?s={search_term_string}"},"query-input":{"@type":"PropertyValueSpecification","valueRequired":true,"valueName":"search_term_string"}}],"inLanguage":"es"},{"@type":["Person","Organization"],"@id":"https:\/\/reflejarte.es\/lareverie\/#\/schema\/person\/5c48ca5d852a6ac613afecdcdad33430","name":"La R\u00eaverie","image":{"@type":"ImageObject","inLanguage":"es","@id":"https:\/\/reflejarte.es\/lareverie\/wp-content\/uploads\/2018\/09\/lareverie-logo.jpg","url":"https:\/\/reflejarte.es\/lareverie\/wp-content\/uploads\/2018\/09\/lareverie-logo.jpg","contentUrl":"https:\/\/reflejarte.es\/lareverie\/wp-content\/uploads\/2018\/09\/lareverie-logo.jpg","width":512,"height":512,"caption":"La R\u00eaverie"},"logo":{"@id":"https:\/\/reflejarte.es\/lareverie\/wp-content\/uploads\/2018\/09\/lareverie-logo.jpg"}}]}},"_links":{"self":[{"href":"https:\/\/reflejarte.es\/lareverie\/wp-json\/wp\/v2\/pages\/1270","targetHints":{"allow":["GET"]}}],"collection":[{"href":"https:\/\/reflejarte.es\/lareverie\/wp-json\/wp\/v2\/pages"}],"about":[{"href":"https:\/\/reflejarte.es\/lareverie\/wp-json\/wp\/v2\/types\/page"}],"author":[{"embeddable":true,"href":"https:\/\/reflejarte.es\/lareverie\/wp-json\/wp\/v2\/users\/1"}],"replies":[{"embeddable":true,"href":"https:\/\/reflejarte.es\/lareverie\/wp-json\/wp\/v2\/comments?post=1270"}],"version-history":[{"count":15,"href":"https:\/\/reflejarte.es\/lareverie\/wp-json\/wp\/v2\/pages\/1270\/revisions"}],"predecessor-version":[{"id":1834,"href":"https:\/\/reflejarte.es\/lareverie\/wp-json\/wp\/v2\/pages\/1270\/revisions\/1834"}],"up":[{"embeddable":true,"href":"https:\/\/reflejarte.es\/lareverie\/wp-json\/wp\/v2\/pages\/1180"}],"wp:attachment":[{"href":"https:\/\/reflejarte.es\/lareverie\/wp-json\/wp\/v2\/media?parent=1270"}],"curies":[{"name":"wp","href":"https:\/\/api.w.org\/{rel}","templated":true}]}}