{"id":1268,"date":"2018-10-08T21:26:53","date_gmt":"2018-10-08T21:26:53","guid":{"rendered":"https:\/\/reflejarte.es\/tallercreativo\/?page_id=1268"},"modified":"2022-03-29T12:26:20","modified_gmt":"2022-03-29T12:26:20","slug":"juan-manuel-rubio-turkish-santur-and-arabic-lute","status":"publish","type":"page","link":"https:\/\/reflejarte.es\/lareverie\/en\/the-musicians\/juan-manuel-rubio-turkish-santur-and-arabic-lute\/","title":{"rendered":"Juan Manuel Rubio &#8211; Turkish Santur and Arabic Lute"},"content":{"rendered":"<h1 style=\"text-align: center;\">The musicians of La R\u00eaverie<\/h1>\n<p>&nbsp;<\/p>\n<h3><img loading=\"lazy\" decoding=\"async\" class=\"alignright wp-image-1011 size-full\" title=\"Juan Manuel Rubio playing the arabic lute.\" src=\"https:\/\/reflejarte.es\/lareverie\/wp-content\/uploads\/2018\/09\/laReverie-JuanmaRubio-santur.jpg\" alt=\"La Reverie \u00b7 Juan Manuel Rubio, oud\" width=\"300\" height=\"400\" srcset=\"https:\/\/reflejarte.es\/lareverie\/wp-content\/uploads\/2018\/09\/laReverie-JuanmaRubio-santur.jpg 300w, https:\/\/reflejarte.es\/lareverie\/wp-content\/uploads\/2018\/09\/laReverie-JuanmaRubio-santur-225x300.jpg 225w, https:\/\/reflejarte.es\/lareverie\/wp-content\/uploads\/2018\/09\/laReverie-JuanmaRubio-santur-113x150.jpg 113w\" sizes=\"auto, (max-width: 300px) 100vw, 300px\" \/><\/h3>\n<h1>Juan Manuel Rubio<\/h1>\n<h3>Turkish Santur and Arabic Lute<\/h3>\n<h3><\/h3>\n<p>Multi-instrumentalist essentially of self-taught orientation, born in Jerez de la Frontera (C\u00e1diz) on May 30th, 1972, a waning moon night.<\/p>\n<p>His interest in ancient, ethnic and traditional music has led him to progress in an endless pilgrimage through different musical instruments such as Rabel, Hurdy-gurdy and other instruments from the Iberian Peninsula tradition, or the Crwth Harp from the Welsh bardic tradition.<\/p>\n<p>&nbsp;<\/p>\n<p>A more recent exciting discovery is Arabic, Turkish and Persian music under such illustrious teachers as Amin Chaachoo (Tetuan), and Oru\u00e7 Guvenc and Necati \u00c7elik (Istanbul) with whom he excels in the interpretation of the Oud.<\/p>\n<p class=\"textj\">In Istanbul he also began his training as an interpreter of Turkish Santur, Qanun Baglama and Saz with outstanding teachers such as Suhat Baktagir, Tarik Aydoglu and Osman Aksu.<\/p>\n<p>This ongoing training has today led him to specialize in the interpretation and study of these and other instruments such as Rebec, Fiddle, Kemanja, Qanun, and Lute.<\/p>\n<p>Since 1999 he has participated and collaborated in different ensembles specializing in the interpretation of Early, Traditional and Eastern and Mediterranean music such as \u00e1brigu, Bran Ruz, Alquimia, Arte Factvm, Caravasar, Estambul, El Sombrero del Alquimista, Capella de Ministrers, L&#8217;ham de Foc, Ross Daly, Samarcanda, Mediterranea, Zejel, Durendal Ensemble, Capilla de M\u00fasica Antigua de Chinchilla, Estampida Real, Yasmine Levy, Dufay Collective, Estampie, T\u00e9touan Conservatory Orchestra, Schola Gregoriana Hispana.<\/p>\n<p>With these groups he has participated in festivals and major scenarios dedicated to Early and Traditional music all around Spain (Gij\u00f3n, Sevilla, Barcelona, Girona, C\u00e1ceres, Valencia, Castell\u00f3n, Granada, Toledo, San Sebastian, Salamanca, etc.) and the world (Morocco, Algeria, Tunisia, Italy, Germany, France, People&#8217;s Republic of China, USA, Greece, Netherlands, Brazil, Cuba, etc.)<\/p>\n<p>&nbsp;<\/p>\n<p>&nbsp;<\/p>\n","protected":false},"excerpt":{"rendered":"<p>The musicians of La R\u00eaverie &nbsp; Juan Manuel Rubio Turkish Santur and Arabic Lute Multi-instrumentalist essentially of self-taught orientation, born in Jerez de la Frontera (C\u00e1diz) on May 30th, 1972, a waning moon night. His&#8230;<\/p>\n<p> <a class=\"continue-reading-link\" href=\"https:\/\/reflejarte.es\/lareverie\/en\/the-musicians\/juan-manuel-rubio-turkish-santur-and-arabic-lute\/\"><span>seguir leyendo &#8230;<\/span><i class=\"crycon-right-dir\"><\/i><\/a> <\/p>\n","protected":false},"author":1,"featured_media":0,"parent":1270,"menu_order":0,"comment_status":"closed","ping_status":"closed","template":"","meta":{"footnotes":""},"class_list":["post-1268","page","type-page","status-publish","hentry"],"yoast_head":"<!-- This site is optimized with the Yoast SEO plugin v27.4 - https:\/\/yoast.com\/product\/yoast-seo-wordpress\/ -->\n<title>Juan Manuel Rubio - Turkish Santur and Arabic Lute &#183; La R\u00eaverie<\/title>\n<meta name=\"description\" content=\"Juan Manuel Rubio - Turkish Santur and Arabic Lute &#183; La R\u00eaverie\" \/>\n<meta name=\"robots\" content=\"index, follow, max-snippet:-1, max-image-preview:large, max-video-preview:-1\" \/>\n<link rel=\"canonical\" href=\"https:\/\/reflejarte.es\/lareverie\/en\/the-musicians\/juan-manuel-rubio-turkish-santur-and-arabic-lute\/\" \/>\n<meta property=\"og:locale\" content=\"es_ES\" \/>\n<meta property=\"og:type\" content=\"article\" \/>\n<meta property=\"og:title\" content=\"Juan Manuel Rubio - Turkish Santur and Arabic Lute &#183; La R\u00eaverie\" \/>\n<meta property=\"og:description\" content=\"Juan Manuel Rubio - Turkish Santur and Arabic Lute &#183; La R\u00eaverie\" \/>\n<meta property=\"og:url\" content=\"https:\/\/reflejarte.es\/lareverie\/en\/the-musicians\/juan-manuel-rubio-turkish-santur-and-arabic-lute\/\" \/>\n<meta property=\"og:site_name\" content=\"La R\u00eaverie\" \/>\n<meta property=\"article:modified_time\" content=\"2022-03-29T12:26:20+00:00\" \/>\n<meta property=\"og:image\" content=\"https:\/\/reflejarte.es\/lareverie\/wp-content\/uploads\/2018\/09\/laReverie-JuanmaRubio-santur.jpg\" \/>\n<meta name=\"twitter:card\" content=\"summary_large_image\" \/>\n<meta name=\"twitter:label1\" content=\"Tiempo de lectura\" \/>\n\t<meta name=\"twitter:data1\" content=\"1 minuto\" \/>\n<script type=\"application\/ld+json\" class=\"yoast-schema-graph\">{\"@context\":\"https:\\\/\\\/schema.org\",\"@graph\":[{\"@type\":\"WebPage\",\"@id\":\"https:\\\/\\\/reflejarte.es\\\/lareverie\\\/en\\\/the-musicians\\\/juan-manuel-rubio-turkish-santur-and-arabic-lute\\\/\",\"url\":\"https:\\\/\\\/reflejarte.es\\\/lareverie\\\/en\\\/the-musicians\\\/juan-manuel-rubio-turkish-santur-and-arabic-lute\\\/\",\"name\":\"Juan Manuel Rubio - Turkish Santur and Arabic Lute &#183; La R\u00eaverie\",\"isPartOf\":{\"@id\":\"https:\\\/\\\/reflejarte.es\\\/lareverie\\\/#website\"},\"primaryImageOfPage\":{\"@id\":\"https:\\\/\\\/reflejarte.es\\\/lareverie\\\/en\\\/the-musicians\\\/juan-manuel-rubio-turkish-santur-and-arabic-lute\\\/#primaryimage\"},\"image\":{\"@id\":\"https:\\\/\\\/reflejarte.es\\\/lareverie\\\/en\\\/the-musicians\\\/juan-manuel-rubio-turkish-santur-and-arabic-lute\\\/#primaryimage\"},\"thumbnailUrl\":\"https:\\\/\\\/reflejarte.es\\\/lareverie\\\/wp-content\\\/uploads\\\/2018\\\/09\\\/laReverie-JuanmaRubio-santur.jpg\",\"datePublished\":\"2018-10-08T21:26:53+00:00\",\"dateModified\":\"2022-03-29T12:26:20+00:00\",\"description\":\"Juan Manuel Rubio - Turkish Santur and Arabic Lute &#183; La R\u00eaverie\",\"breadcrumb\":{\"@id\":\"https:\\\/\\\/reflejarte.es\\\/lareverie\\\/en\\\/the-musicians\\\/juan-manuel-rubio-turkish-santur-and-arabic-lute\\\/#breadcrumb\"},\"inLanguage\":\"es\",\"potentialAction\":[{\"@type\":\"ReadAction\",\"target\":[\"https:\\\/\\\/reflejarte.es\\\/lareverie\\\/en\\\/the-musicians\\\/juan-manuel-rubio-turkish-santur-and-arabic-lute\\\/\"]}]},{\"@type\":\"ImageObject\",\"inLanguage\":\"es\",\"@id\":\"https:\\\/\\\/reflejarte.es\\\/lareverie\\\/en\\\/the-musicians\\\/juan-manuel-rubio-turkish-santur-and-arabic-lute\\\/#primaryimage\",\"url\":\"https:\\\/\\\/reflejarte.es\\\/lareverie\\\/wp-content\\\/uploads\\\/2018\\\/09\\\/laReverie-JuanmaRubio-santur.jpg\",\"contentUrl\":\"https:\\\/\\\/reflejarte.es\\\/lareverie\\\/wp-content\\\/uploads\\\/2018\\\/09\\\/laReverie-JuanmaRubio-santur.jpg\",\"width\":300,\"height\":400,\"caption\":\"La Reverie \u00b7 Juan Manuel Rubio, oud\"},{\"@type\":\"BreadcrumbList\",\"@id\":\"https:\\\/\\\/reflejarte.es\\\/lareverie\\\/en\\\/the-musicians\\\/juan-manuel-rubio-turkish-santur-and-arabic-lute\\\/#breadcrumb\",\"itemListElement\":[{\"@type\":\"ListItem\",\"position\":1,\"name\":\"Inicio\",\"item\":\"https:\\\/\\\/reflejarte.es\\\/lareverie\\\/\"},{\"@type\":\"ListItem\",\"position\":2,\"name\":\"English\",\"item\":\"https:\\\/\\\/reflejarte.es\\\/lareverie\\\/en\\\/\"},{\"@type\":\"ListItem\",\"position\":3,\"name\":\"The Musicians\",\"item\":\"https:\\\/\\\/reflejarte.es\\\/lareverie\\\/en\\\/the-musicians\\\/\"},{\"@type\":\"ListItem\",\"position\":4,\"name\":\"Juan Manuel Rubio &#8211; Turkish Santur and Arabic Lute\"}]},{\"@type\":\"WebSite\",\"@id\":\"https:\\\/\\\/reflejarte.es\\\/lareverie\\\/#website\",\"url\":\"https:\\\/\\\/reflejarte.es\\\/lareverie\\\/\",\"name\":\"La R\u00eaverie\",\"description\":\"pasi\u00f3n por la m\u00fasica bien hecha\",\"publisher\":{\"@id\":\"https:\\\/\\\/reflejarte.es\\\/lareverie\\\/#\\\/schema\\\/person\\\/5c48ca5d852a6ac613afecdcdad33430\"},\"potentialAction\":[{\"@type\":\"SearchAction\",\"target\":{\"@type\":\"EntryPoint\",\"urlTemplate\":\"https:\\\/\\\/reflejarte.es\\\/lareverie\\\/?s={search_term_string}\"},\"query-input\":{\"@type\":\"PropertyValueSpecification\",\"valueRequired\":true,\"valueName\":\"search_term_string\"}}],\"inLanguage\":\"es\"},{\"@type\":[\"Person\",\"Organization\"],\"@id\":\"https:\\\/\\\/reflejarte.es\\\/lareverie\\\/#\\\/schema\\\/person\\\/5c48ca5d852a6ac613afecdcdad33430\",\"name\":\"La R\u00eaverie\",\"image\":{\"@type\":\"ImageObject\",\"inLanguage\":\"es\",\"@id\":\"https:\\\/\\\/reflejarte.es\\\/lareverie\\\/wp-content\\\/uploads\\\/2018\\\/09\\\/lareverie-logo.jpg\",\"url\":\"https:\\\/\\\/reflejarte.es\\\/lareverie\\\/wp-content\\\/uploads\\\/2018\\\/09\\\/lareverie-logo.jpg\",\"contentUrl\":\"https:\\\/\\\/reflejarte.es\\\/lareverie\\\/wp-content\\\/uploads\\\/2018\\\/09\\\/lareverie-logo.jpg\",\"width\":512,\"height\":512,\"caption\":\"La R\u00eaverie\"},\"logo\":{\"@id\":\"https:\\\/\\\/reflejarte.es\\\/lareverie\\\/wp-content\\\/uploads\\\/2018\\\/09\\\/lareverie-logo.jpg\"}}]}<\/script>\n<!-- \/ Yoast SEO plugin. -->","yoast_head_json":{"title":"Juan Manuel Rubio - Turkish Santur and Arabic Lute &#183; La R\u00eaverie","description":"Juan Manuel Rubio - Turkish Santur and Arabic Lute &#183; La R\u00eaverie","robots":{"index":"index","follow":"follow","max-snippet":"max-snippet:-1","max-image-preview":"max-image-preview:large","max-video-preview":"max-video-preview:-1"},"canonical":"https:\/\/reflejarte.es\/lareverie\/en\/the-musicians\/juan-manuel-rubio-turkish-santur-and-arabic-lute\/","og_locale":"es_ES","og_type":"article","og_title":"Juan Manuel Rubio - Turkish Santur and Arabic Lute &#183; La R\u00eaverie","og_description":"Juan Manuel Rubio - Turkish Santur and Arabic Lute &#183; La R\u00eaverie","og_url":"https:\/\/reflejarte.es\/lareverie\/en\/the-musicians\/juan-manuel-rubio-turkish-santur-and-arabic-lute\/","og_site_name":"La R\u00eaverie","article_modified_time":"2022-03-29T12:26:20+00:00","og_image":[{"url":"https:\/\/reflejarte.es\/lareverie\/wp-content\/uploads\/2018\/09\/laReverie-JuanmaRubio-santur.jpg","type":"","width":"","height":""}],"twitter_card":"summary_large_image","twitter_misc":{"Tiempo de lectura":"1 minuto"},"schema":{"@context":"https:\/\/schema.org","@graph":[{"@type":"WebPage","@id":"https:\/\/reflejarte.es\/lareverie\/en\/the-musicians\/juan-manuel-rubio-turkish-santur-and-arabic-lute\/","url":"https:\/\/reflejarte.es\/lareverie\/en\/the-musicians\/juan-manuel-rubio-turkish-santur-and-arabic-lute\/","name":"Juan Manuel Rubio - Turkish Santur and Arabic Lute &#183; La R\u00eaverie","isPartOf":{"@id":"https:\/\/reflejarte.es\/lareverie\/#website"},"primaryImageOfPage":{"@id":"https:\/\/reflejarte.es\/lareverie\/en\/the-musicians\/juan-manuel-rubio-turkish-santur-and-arabic-lute\/#primaryimage"},"image":{"@id":"https:\/\/reflejarte.es\/lareverie\/en\/the-musicians\/juan-manuel-rubio-turkish-santur-and-arabic-lute\/#primaryimage"},"thumbnailUrl":"https:\/\/reflejarte.es\/lareverie\/wp-content\/uploads\/2018\/09\/laReverie-JuanmaRubio-santur.jpg","datePublished":"2018-10-08T21:26:53+00:00","dateModified":"2022-03-29T12:26:20+00:00","description":"Juan Manuel Rubio - Turkish Santur and Arabic Lute &#183; La R\u00eaverie","breadcrumb":{"@id":"https:\/\/reflejarte.es\/lareverie\/en\/the-musicians\/juan-manuel-rubio-turkish-santur-and-arabic-lute\/#breadcrumb"},"inLanguage":"es","potentialAction":[{"@type":"ReadAction","target":["https:\/\/reflejarte.es\/lareverie\/en\/the-musicians\/juan-manuel-rubio-turkish-santur-and-arabic-lute\/"]}]},{"@type":"ImageObject","inLanguage":"es","@id":"https:\/\/reflejarte.es\/lareverie\/en\/the-musicians\/juan-manuel-rubio-turkish-santur-and-arabic-lute\/#primaryimage","url":"https:\/\/reflejarte.es\/lareverie\/wp-content\/uploads\/2018\/09\/laReverie-JuanmaRubio-santur.jpg","contentUrl":"https:\/\/reflejarte.es\/lareverie\/wp-content\/uploads\/2018\/09\/laReverie-JuanmaRubio-santur.jpg","width":300,"height":400,"caption":"La Reverie \u00b7 Juan Manuel Rubio, oud"},{"@type":"BreadcrumbList","@id":"https:\/\/reflejarte.es\/lareverie\/en\/the-musicians\/juan-manuel-rubio-turkish-santur-and-arabic-lute\/#breadcrumb","itemListElement":[{"@type":"ListItem","position":1,"name":"Inicio","item":"https:\/\/reflejarte.es\/lareverie\/"},{"@type":"ListItem","position":2,"name":"English","item":"https:\/\/reflejarte.es\/lareverie\/en\/"},{"@type":"ListItem","position":3,"name":"The Musicians","item":"https:\/\/reflejarte.es\/lareverie\/en\/the-musicians\/"},{"@type":"ListItem","position":4,"name":"Juan Manuel Rubio &#8211; Turkish Santur and Arabic Lute"}]},{"@type":"WebSite","@id":"https:\/\/reflejarte.es\/lareverie\/#website","url":"https:\/\/reflejarte.es\/lareverie\/","name":"La R\u00eaverie","description":"pasi\u00f3n por la m\u00fasica bien hecha","publisher":{"@id":"https:\/\/reflejarte.es\/lareverie\/#\/schema\/person\/5c48ca5d852a6ac613afecdcdad33430"},"potentialAction":[{"@type":"SearchAction","target":{"@type":"EntryPoint","urlTemplate":"https:\/\/reflejarte.es\/lareverie\/?s={search_term_string}"},"query-input":{"@type":"PropertyValueSpecification","valueRequired":true,"valueName":"search_term_string"}}],"inLanguage":"es"},{"@type":["Person","Organization"],"@id":"https:\/\/reflejarte.es\/lareverie\/#\/schema\/person\/5c48ca5d852a6ac613afecdcdad33430","name":"La R\u00eaverie","image":{"@type":"ImageObject","inLanguage":"es","@id":"https:\/\/reflejarte.es\/lareverie\/wp-content\/uploads\/2018\/09\/lareverie-logo.jpg","url":"https:\/\/reflejarte.es\/lareverie\/wp-content\/uploads\/2018\/09\/lareverie-logo.jpg","contentUrl":"https:\/\/reflejarte.es\/lareverie\/wp-content\/uploads\/2018\/09\/lareverie-logo.jpg","width":512,"height":512,"caption":"La R\u00eaverie"},"logo":{"@id":"https:\/\/reflejarte.es\/lareverie\/wp-content\/uploads\/2018\/09\/lareverie-logo.jpg"}}]}},"_links":{"self":[{"href":"https:\/\/reflejarte.es\/lareverie\/wp-json\/wp\/v2\/pages\/1268","targetHints":{"allow":["GET"]}}],"collection":[{"href":"https:\/\/reflejarte.es\/lareverie\/wp-json\/wp\/v2\/pages"}],"about":[{"href":"https:\/\/reflejarte.es\/lareverie\/wp-json\/wp\/v2\/types\/page"}],"author":[{"embeddable":true,"href":"https:\/\/reflejarte.es\/lareverie\/wp-json\/wp\/v2\/users\/1"}],"replies":[{"embeddable":true,"href":"https:\/\/reflejarte.es\/lareverie\/wp-json\/wp\/v2\/comments?post=1268"}],"version-history":[{"count":11,"href":"https:\/\/reflejarte.es\/lareverie\/wp-json\/wp\/v2\/pages\/1268\/revisions"}],"predecessor-version":[{"id":1836,"href":"https:\/\/reflejarte.es\/lareverie\/wp-json\/wp\/v2\/pages\/1268\/revisions\/1836"}],"up":[{"embeddable":true,"href":"https:\/\/reflejarte.es\/lareverie\/wp-json\/wp\/v2\/pages\/1270"}],"wp:attachment":[{"href":"https:\/\/reflejarte.es\/lareverie\/wp-json\/wp\/v2\/media?parent=1268"}],"curies":[{"name":"wp","href":"https:\/\/api.w.org\/{rel}","templated":true}]}}