{"id":1231,"date":"2018-10-08T15:22:25","date_gmt":"2018-10-08T15:22:25","guid":{"rendered":"https:\/\/reflejarte.es\/tallercreativo\/?page_id=1231"},"modified":"2022-03-30T11:15:00","modified_gmt":"2022-03-30T11:15:00","slug":"music-of-spanish-gentlemen","status":"publish","type":"page","link":"https:\/\/reflejarte.es\/lareverie\/en\/music-of-spanish-gentlemen\/","title":{"rendered":"Music of Spanish Gentlemen"},"content":{"rendered":"<h2 align=\"right\"><a href=\"https:\/\/reflejarte.es\/lareverie\/wp-content\/uploads\/2018\/09\/LaReverie-EnsembleALMA.jpg\"><img loading=\"lazy\" decoding=\"async\" class=\"aligncenter size-full wp-image-1114\" src=\"https:\/\/reflejarte.es\/lareverie\/wp-content\/uploads\/2018\/09\/LaReverie-EnsembleALMA.jpg\" alt=\"La R\u00eaverie: Juan Manuel Rubio, santur y Esteban Canyar, guitarra\" width=\"800\" height=\"246\" srcset=\"https:\/\/reflejarte.es\/lareverie\/wp-content\/uploads\/2018\/09\/LaReverie-EnsembleALMA.jpg 800w, https:\/\/reflejarte.es\/lareverie\/wp-content\/uploads\/2018\/09\/LaReverie-EnsembleALMA-300x92.jpg 300w, https:\/\/reflejarte.es\/lareverie\/wp-content\/uploads\/2018\/09\/LaReverie-EnsembleALMA-768x236.jpg 768w, https:\/\/reflejarte.es\/lareverie\/wp-content\/uploads\/2018\/09\/LaReverie-EnsembleALMA-150x46.jpg 150w, https:\/\/reflejarte.es\/lareverie\/wp-content\/uploads\/2018\/09\/LaReverie-EnsembleALMA-250x77.jpg 250w\" sizes=\"auto, (max-width: 800px) 100vw, 800px\" \/><\/a><\/h2>\n<p>&nbsp;<\/p>\n<h2 style=\"text-align: center;\" align=\"right\">Music of Spanish Gentlemen<\/h2>\n<p>&nbsp;<\/p>\n<h2 align=\"right\"><a href=\"https:\/\/reflejarte.es\/lareverie\/wp-content\/uploads\/2018\/09\/Cover-Music_of_Spanish_Gentlemen_LaReverie.png\"><img loading=\"lazy\" decoding=\"async\" class=\"alignleft wp-image-987\" title=\"Music of Spanish Gentlemen \u00b7 M\u00fasica de los gentilhombres - La Reverie\" src=\"https:\/\/reflejarte.es\/lareverie\/wp-content\/uploads\/2018\/09\/Cover-Music_of_Spanish_Gentlemen_LaReverie-300x300.png\" alt=\"Music of Spanish Gentlemen \u00b7 M\u00fasica de los gentilhombres - La Reverie\" width=\"314\" height=\"314\" srcset=\"https:\/\/reflejarte.es\/lareverie\/wp-content\/uploads\/2018\/09\/Cover-Music_of_Spanish_Gentlemen_LaReverie-300x300.png 300w, https:\/\/reflejarte.es\/lareverie\/wp-content\/uploads\/2018\/09\/Cover-Music_of_Spanish_Gentlemen_LaReverie-150x150.png 150w, https:\/\/reflejarte.es\/lareverie\/wp-content\/uploads\/2018\/09\/Cover-Music_of_Spanish_Gentlemen_LaReverie.png 640w\" sizes=\"auto, (max-width: 314px) 100vw, 314px\" \/><\/a><\/h2>\n<p style=\"text-align: left;\" align=\"right\"><small>The fourth album of\u00a0 La R\u00eaverie,<br \/>\n<\/small><small>with works by Narv\u00e1ez, Mil\u00e1n, De Murcia, Sanz, Mudarra and Sor,<br \/>\n<\/small><small>arranged by La R\u00eaverie<\/small><\/p>\n<h4><b><span style=\"color: #000000;\"> Juan Manuel Rubio<\/span>: santur and Arabic lute<br \/>\n<span style=\"color: #000000;\">Manuel Esteban Canyar<\/span>: Spanish guitar<br \/>\n<span style=\"color: #000000;\">\u00c1ngel Mart\u00edn<\/span>: percussions<\/b><\/h4>\n<p>&nbsp;<\/p>\n<p>&nbsp;<\/p>\n<p>&nbsp;<\/p>\n<p>&nbsp;<\/p>\n<h3 style=\"text-align: center;\">Notes about the album<\/h3>\n<h2 style=\"text-align: center;\">Music of Spanish Gentlemen<\/h2>\n<p>This album brings together 17 pieces by Spanish composers, from the Renaissance to the 19th century, including the Baroque: Luis de Narv\u00e1ez, Luis Mil\u00e1n, Santiago de Murcia, Gaspar Sanz, Alonso Mudarra and Fernando Sor.<\/p>\n<p>Their melodies, written mostly for vihuela, are reinterpreted by the musicians of La R\u00eaverie, with their unusual combination of instruments in this type of music, such as the Spanish classical guitar or the Arabic oud, and even exotic, like the Turkish santur.<\/p>\n<p>The artists recreate the themes from a personal perspective, without distancing themselves from the spirit of their creators, master composers of serene pieces full of noble sonorities.<\/p>\n<p>&nbsp;<\/p>\n<p style=\"text-align: right;\">La R\u00eaverie<\/p>\n<p>&nbsp;<\/p>\n<h3 style=\"text-align: center;\"><a href=\"https:\/\/open.spotify.com\/album\/5AJSCCGWwuqhIdMytzrwP3?si=v-5FEjAxStaRYPJtGh2PWg\">Listen the album on Spotify:<br \/>\n<b>La R\u00eaverie<\/b> <b>\u00b7 Music of Spanish Gentlemen\u00a0<\/b><\/a><a href=\"https:\/\/open.spotify.com\/album\/5AJSCCGWwuqhIdMytzrwP3?si=v-5FEjAxStaRYPJtGh2PWg\">\u00b7 <b>M\u00fasica de los gentilhombres <\/b><\/a><\/h3>\n<p>&nbsp;<\/p>\n<hr \/>\n<p>&nbsp;<\/p>\n<p style=\"text-align: center;\">Listen to the album (fragments)<\/p>\n<p style=\"text-align: center;\">\n<iframe loading=\"lazy\" style=\"border-radius: 12px;\" src=\"https:\/\/open.spotify.com\/embed\/album\/5AJSCCGWwuqhIdMytzrwP3?utm_source=generator\" width=\"100%\" height=\"380\" frameborder=\"0\" allowfullscreen=\"allowfullscreen\"><\/iframe><\/p>\n<p>&nbsp;<\/p>\n<p>1 &#8211; <a href=\"https:\/\/open.spotify.com\/track\/3gcePaR6ed8dUV2wPVwe8e\" target=\"_blank\" rel=\"noopener noreferrer\">Canci\u00f3n del Emperador (Luis de Narv\u00e1ez)<\/a> &#8211; 2:56<br \/>\n2 &#8211; <a href=\"https:\/\/open.spotify.com\/track\/2CSSZ6ghxt4rF0wJJ7ACEh\" target=\"_blank\" rel=\"noopener noreferrer\">Diferencias sobre Gu\u00e1rdame las vacas (Narv\u00e1ez)<\/a> &#8211; 3:28<br \/>\n3 &#8211; <a href=\"https:\/\/open.spotify.com\/track\/2lTPyVRSCd6YMmvvt2RxBT\" target=\"_blank\" rel=\"noopener noreferrer\">Fantas\u00eda X (Luis de Narv\u00e1ez)<\/a> &#8211; 1:35<br \/>\n4 &#8211; <a href=\"https:\/\/open.spotify.com\/track\/2QLU29t2FUQ6I3NeeNQ6j4\" target=\"_blank\" rel=\"noopener noreferrer\">Fantas\u00eda XIV (Luis de Narv\u00e1ez)<\/a> &#8211; 1:10<br \/>\n5 &#8211; <a href=\"https:\/\/open.spotify.com\/track\/0mFsHMMxDiLbYDEtuTRBQG\" target=\"_blank\" rel=\"noopener noreferrer\">Canci\u00f3n (Santiago de Murcia)<\/a> &#8211; 2:57<br \/>\n6 &#8211; <a href=\"https:\/\/open.spotify.com\/track\/7qCktThvK8PKVgtZ14pmw9\" target=\"_blank\" rel=\"noopener noreferrer\">Minueto El Excelente (Santiago de Murcia)<\/a> &#8211; 2:49<br \/>\n7 &#8211; <a href=\"https:\/\/open.spotify.com\/track\/5oUMl9am3wLXy1pHh29UvJ\" target=\"_blank\" rel=\"noopener noreferrer\">Pavana II (Luis de Mil\u00e1n)<\/a> &#8211; 1:38<br \/>\n8 &#8211; <a href=\"https:\/\/open.spotify.com\/track\/3bDUpjsKmEu9aeZowa1Lqx\" target=\"_blank\" rel=\"noopener noreferrer\">Pavanas IV-V (Luis de Mil\u00e1n)<\/a> &#8211; 1:41<br \/>\n9 &#8211; <a href=\"https:\/\/open.spotify.com\/track\/77CBxu5Y1z3dcSmSuV0BUo\" target=\"_blank\" rel=\"noopener noreferrer\">Espa\u00f1oletas (Gaspar Sanz)<\/a> &#8211; 3:05<br \/>\n10- <a href=\"https:\/\/open.spotify.com\/track\/5ovDm8OtYCWl4KrvUFarre\" target=\"_blank\" rel=\"noopener noreferrer\">Canarios (Gaspar Sanz)<\/a> &#8211; 3:21<br \/>\n11- <a href=\"https:\/\/open.spotify.com\/track\/4OBdWS0u0QVyTOkvd7u7Yi\" target=\"_blank\" rel=\"noopener noreferrer\">Fantas\u00eda III (Luis de Mil\u00e1n)<\/a> &#8211; 2:05<br \/>\n12- <a href=\"https:\/\/open.spotify.com\/track\/4QIf3Jw7EZcvQrDshszlOe\" target=\"_blank\" rel=\"noopener noreferrer\">Fantas\u00eda V (Luis de Mil\u00e1n)<\/a> &#8211; 2:06<br \/>\n13- <a href=\"https:\/\/open.spotify.com\/track\/1ioy1XqYTB79hmfseJRkEp\" target=\"_blank\" rel=\"noopener noreferrer\">Fantas\u00eda N\u00ba 10 (Alonso Mudarra)<\/a> &#8211; 2:26<br \/>\n14- <a href=\"https:\/\/open.spotify.com\/track\/1nadrNyRyDylZnIm3Hpm7s\" target=\"_blank\" rel=\"noopener noreferrer\">Pavana de Alexandre (Alonso Mudarra)<\/a> &#8211; 2:07<br \/>\n15- <a href=\"https:\/\/open.spotify.com\/track\/6KTkal64tHLfNv40vAzSl5\" target=\"_blank\" rel=\"noopener noreferrer\">Fantas\u00eda VII (Luis de Mil\u00e1n)<\/a> &#8211; 2:20<br \/>\n16- <a href=\"https:\/\/open.spotify.com\/track\/3PsSBmAa24yzY88U6HpMCa\" target=\"_blank\" rel=\"noopener noreferrer\">12 Etudes, Op 6: XI. Estudio en Mi menor (F. Sor)<\/a> &#8211; 3:26<br \/>\n17- <a href=\"https:\/\/open.spotify.com\/track\/5KnSlC9H7ojMpMiwN0zqwZ\" target=\"_blank\" rel=\"noopener noreferrer\">24 Exercices tr\u00e8s faciles, Op 35: XXII. Estudio en Si menor (Fernando Sor) <\/a>&#8211; 2:32<\/p>\n<p>&nbsp;<\/p>\n<p style=\"text-align: center;\"><a href=\"https:\/\/reflejarte.es\/lareverie\/wp-content\/uploads\/2018\/09\/La-Reverie-Esteban-Canyar-guitarra.jpg\"><img loading=\"lazy\" decoding=\"async\" class=\"aligncenter size-medium wp-image-1006\" src=\"https:\/\/reflejarte.es\/lareverie\/wp-content\/uploads\/2018\/09\/La-Reverie-Esteban-Canyar-guitarra-300x278.jpg\" alt=\"La Reverie: Manuel Esteban Canyar, guitarra\" width=\"300\" height=\"278\" srcset=\"https:\/\/reflejarte.es\/lareverie\/wp-content\/uploads\/2018\/09\/La-Reverie-Esteban-Canyar-guitarra-300x278.jpg 300w, https:\/\/reflejarte.es\/lareverie\/wp-content\/uploads\/2018\/09\/La-Reverie-Esteban-Canyar-guitarra-150x139.jpg 150w, https:\/\/reflejarte.es\/lareverie\/wp-content\/uploads\/2018\/09\/La-Reverie-Esteban-Canyar-guitarra-162x150.jpg 162w, https:\/\/reflejarte.es\/lareverie\/wp-content\/uploads\/2018\/09\/La-Reverie-Esteban-Canyar-guitarra.jpg 324w\" sizes=\"auto, (max-width: 300px) 100vw, 300px\" \/><\/a>Manuel Esteban, classical guitar<\/p>\n<p>&nbsp;<\/p>\n<p style=\"text-align: center;\"><a href=\"https:\/\/reflejarte.es\/lareverie\/wp-content\/uploads\/2018\/09\/La-Reverie-JuanManuel-Rubio-oud.jpg\"><img loading=\"lazy\" decoding=\"async\" class=\"aligncenter size-medium wp-image-1009\" src=\"https:\/\/reflejarte.es\/lareverie\/wp-content\/uploads\/2018\/09\/La-Reverie-JuanManuel-Rubio-oud-225x300.jpg\" alt=\"La Reverie: Juan Manuel Rubio, oud\" width=\"225\" height=\"300\" srcset=\"https:\/\/reflejarte.es\/lareverie\/wp-content\/uploads\/2018\/09\/La-Reverie-JuanManuel-Rubio-oud-225x300.jpg 225w, https:\/\/reflejarte.es\/lareverie\/wp-content\/uploads\/2018\/09\/La-Reverie-JuanManuel-Rubio-oud-113x150.jpg 113w, https:\/\/reflejarte.es\/lareverie\/wp-content\/uploads\/2018\/09\/La-Reverie-JuanManuel-Rubio-oud.jpg 300w\" sizes=\"auto, (max-width: 225px) 100vw, 225px\" \/><\/a>Juan Manuel Rubio, oud<\/p>\n<p>&nbsp;<\/p>\n<p style=\"text-align: center;\"><a href=\"https:\/\/reflejarte.es\/lareverie\/wp-content\/uploads\/2018\/09\/La-R\u00eaverie-\u00c1ngel-Mart\u00edn-percusiones.jpg\"><img loading=\"lazy\" decoding=\"async\" class=\"aligncenter size-medium wp-image-1117\" src=\"https:\/\/reflejarte.es\/lareverie\/wp-content\/uploads\/2018\/09\/La-R\u00eaverie-\u00c1ngel-Mart\u00edn-percusiones-238x300.jpg\" alt=\"La Reverie - Angel Mart\u00edn, percusi\u00f3n\" width=\"238\" height=\"300\" srcset=\"https:\/\/reflejarte.es\/lareverie\/wp-content\/uploads\/2018\/09\/La-R\u00eaverie-\u00c1ngel-Mart\u00edn-percusiones-238x300.jpg 238w, https:\/\/reflejarte.es\/lareverie\/wp-content\/uploads\/2018\/09\/La-R\u00eaverie-\u00c1ngel-Mart\u00edn-percusiones-768x968.jpg 768w, https:\/\/reflejarte.es\/lareverie\/wp-content\/uploads\/2018\/09\/La-R\u00eaverie-\u00c1ngel-Mart\u00edn-percusiones-812x1024.jpg 812w, https:\/\/reflejarte.es\/lareverie\/wp-content\/uploads\/2018\/09\/La-R\u00eaverie-\u00c1ngel-Mart\u00edn-percusiones-119x150.jpg 119w, https:\/\/reflejarte.es\/lareverie\/wp-content\/uploads\/2018\/09\/La-R\u00eaverie-\u00c1ngel-Mart\u00edn-percusiones.jpg 1890w\" sizes=\"auto, (max-width: 238px) 100vw, 238px\" \/><\/a>La Reverie &#8211; Angel Mart\u00edn, percussion<\/p>\n<p>&nbsp;<\/p>\n<p style=\"text-align: center;\"><a href=\"https:\/\/reflejarte.es\/lareverie\/wp-content\/uploads\/2018\/09\/laReverie-bn.jpg\"><img loading=\"lazy\" decoding=\"async\" class=\"aligncenter size-medium wp-image-1002\" src=\"https:\/\/reflejarte.es\/lareverie\/wp-content\/uploads\/2018\/09\/laReverie-bn-300x200.jpg\" alt=\"La R\u00eaverie: Juan Manuel Rubio al santur y Esteban Canyar a la guitarra\" width=\"300\" height=\"200\" srcset=\"https:\/\/reflejarte.es\/lareverie\/wp-content\/uploads\/2018\/09\/laReverie-bn-300x200.jpg 300w, https:\/\/reflejarte.es\/lareverie\/wp-content\/uploads\/2018\/09\/laReverie-bn-150x100.jpg 150w, https:\/\/reflejarte.es\/lareverie\/wp-content\/uploads\/2018\/09\/laReverie-bn-225x150.jpg 225w, https:\/\/reflejarte.es\/lareverie\/wp-content\/uploads\/2018\/09\/laReverie-bn.jpg 750w\" sizes=\"auto, (max-width: 300px) 100vw, 300px\" \/><\/a>La R\u00eaverie: Juan Manuel Rubio at the santur and Esteban Canyar at the guitar<\/p>\n","protected":false},"excerpt":{"rendered":"<p>&nbsp; Music of Spanish Gentlemen &nbsp; The fourth album of\u00a0 La R\u00eaverie, with works by Narv\u00e1ez, Mil\u00e1n, De Murcia, Sanz, Mudarra and Sor, arranged by La R\u00eaverie Juan Manuel Rubio: santur and Arabic lute Manuel&#8230;<\/p>\n<p> <a class=\"continue-reading-link\" href=\"https:\/\/reflejarte.es\/lareverie\/en\/music-of-spanish-gentlemen\/\"><span>seguir leyendo &#8230;<\/span><i class=\"crycon-right-dir\"><\/i><\/a> <\/p>\n","protected":false},"author":1,"featured_media":0,"parent":1180,"menu_order":0,"comment_status":"closed","ping_status":"closed","template":"","meta":{"footnotes":""},"class_list":["post-1231","page","type-page","status-publish","hentry"],"yoast_head":"<!-- This site is optimized with the Yoast SEO plugin v27.4 - https:\/\/yoast.com\/product\/yoast-seo-wordpress\/ -->\n<title>Music of Spanish Gentlemen &#183; La R\u00eaverie<\/title>\n<meta name=\"description\" content=\"Music of Spanish Gentlemen &#183; La R\u00eaverie\" \/>\n<meta name=\"robots\" content=\"index, follow, max-snippet:-1, max-image-preview:large, max-video-preview:-1\" \/>\n<link rel=\"canonical\" href=\"https:\/\/reflejarte.es\/lareverie\/en\/music-of-spanish-gentlemen\/\" \/>\n<meta property=\"og:locale\" content=\"es_ES\" \/>\n<meta property=\"og:type\" content=\"article\" \/>\n<meta property=\"og:title\" content=\"Music of Spanish Gentlemen &#183; La R\u00eaverie\" \/>\n<meta property=\"og:description\" content=\"Music of Spanish Gentlemen &#183; La R\u00eaverie\" \/>\n<meta property=\"og:url\" content=\"https:\/\/reflejarte.es\/lareverie\/en\/music-of-spanish-gentlemen\/\" \/>\n<meta property=\"og:site_name\" content=\"La R\u00eaverie\" \/>\n<meta property=\"article:modified_time\" content=\"2022-03-30T11:15:00+00:00\" \/>\n<meta property=\"og:image\" content=\"https:\/\/reflejarte.es\/lareverie\/wp-content\/uploads\/2018\/09\/LaReverie-EnsembleALMA.jpg\" \/>\n<meta name=\"twitter:card\" content=\"summary_large_image\" \/>\n<meta name=\"twitter:label1\" content=\"Tiempo de lectura\" \/>\n\t<meta name=\"twitter:data1\" content=\"2 minutos\" \/>\n<script type=\"application\/ld+json\" class=\"yoast-schema-graph\">{\"@context\":\"https:\\\/\\\/schema.org\",\"@graph\":[{\"@type\":\"WebPage\",\"@id\":\"https:\\\/\\\/reflejarte.es\\\/lareverie\\\/en\\\/music-of-spanish-gentlemen\\\/\",\"url\":\"https:\\\/\\\/reflejarte.es\\\/lareverie\\\/en\\\/music-of-spanish-gentlemen\\\/\",\"name\":\"Music of Spanish Gentlemen &#183; La R\u00eaverie\",\"isPartOf\":{\"@id\":\"https:\\\/\\\/reflejarte.es\\\/lareverie\\\/#website\"},\"primaryImageOfPage\":{\"@id\":\"https:\\\/\\\/reflejarte.es\\\/lareverie\\\/en\\\/music-of-spanish-gentlemen\\\/#primaryimage\"},\"image\":{\"@id\":\"https:\\\/\\\/reflejarte.es\\\/lareverie\\\/en\\\/music-of-spanish-gentlemen\\\/#primaryimage\"},\"thumbnailUrl\":\"https:\\\/\\\/reflejarte.es\\\/lareverie\\\/wp-content\\\/uploads\\\/2018\\\/09\\\/LaReverie-EnsembleALMA.jpg\",\"datePublished\":\"2018-10-08T15:22:25+00:00\",\"dateModified\":\"2022-03-30T11:15:00+00:00\",\"description\":\"Music of Spanish Gentlemen &#183; La R\u00eaverie\",\"breadcrumb\":{\"@id\":\"https:\\\/\\\/reflejarte.es\\\/lareverie\\\/en\\\/music-of-spanish-gentlemen\\\/#breadcrumb\"},\"inLanguage\":\"es\",\"potentialAction\":[{\"@type\":\"ReadAction\",\"target\":[\"https:\\\/\\\/reflejarte.es\\\/lareverie\\\/en\\\/music-of-spanish-gentlemen\\\/\"]}]},{\"@type\":\"ImageObject\",\"inLanguage\":\"es\",\"@id\":\"https:\\\/\\\/reflejarte.es\\\/lareverie\\\/en\\\/music-of-spanish-gentlemen\\\/#primaryimage\",\"url\":\"https:\\\/\\\/reflejarte.es\\\/lareverie\\\/wp-content\\\/uploads\\\/2018\\\/09\\\/LaReverie-EnsembleALMA.jpg\",\"contentUrl\":\"https:\\\/\\\/reflejarte.es\\\/lareverie\\\/wp-content\\\/uploads\\\/2018\\\/09\\\/LaReverie-EnsembleALMA.jpg\",\"width\":800,\"height\":246,\"caption\":\"La R\u00eaverie: Juan Manuel Rubio, santur y Esteban Canyar, guitarra\"},{\"@type\":\"BreadcrumbList\",\"@id\":\"https:\\\/\\\/reflejarte.es\\\/lareverie\\\/en\\\/music-of-spanish-gentlemen\\\/#breadcrumb\",\"itemListElement\":[{\"@type\":\"ListItem\",\"position\":1,\"name\":\"Inicio\",\"item\":\"https:\\\/\\\/reflejarte.es\\\/lareverie\\\/\"},{\"@type\":\"ListItem\",\"position\":2,\"name\":\"English\",\"item\":\"https:\\\/\\\/reflejarte.es\\\/lareverie\\\/en\\\/\"},{\"@type\":\"ListItem\",\"position\":3,\"name\":\"Music of Spanish Gentlemen\"}]},{\"@type\":\"WebSite\",\"@id\":\"https:\\\/\\\/reflejarte.es\\\/lareverie\\\/#website\",\"url\":\"https:\\\/\\\/reflejarte.es\\\/lareverie\\\/\",\"name\":\"La R\u00eaverie\",\"description\":\"pasi\u00f3n por la m\u00fasica bien hecha\",\"publisher\":{\"@id\":\"https:\\\/\\\/reflejarte.es\\\/lareverie\\\/#\\\/schema\\\/person\\\/5c48ca5d852a6ac613afecdcdad33430\"},\"potentialAction\":[{\"@type\":\"SearchAction\",\"target\":{\"@type\":\"EntryPoint\",\"urlTemplate\":\"https:\\\/\\\/reflejarte.es\\\/lareverie\\\/?s={search_term_string}\"},\"query-input\":{\"@type\":\"PropertyValueSpecification\",\"valueRequired\":true,\"valueName\":\"search_term_string\"}}],\"inLanguage\":\"es\"},{\"@type\":[\"Person\",\"Organization\"],\"@id\":\"https:\\\/\\\/reflejarte.es\\\/lareverie\\\/#\\\/schema\\\/person\\\/5c48ca5d852a6ac613afecdcdad33430\",\"name\":\"La R\u00eaverie\",\"image\":{\"@type\":\"ImageObject\",\"inLanguage\":\"es\",\"@id\":\"https:\\\/\\\/reflejarte.es\\\/lareverie\\\/wp-content\\\/uploads\\\/2018\\\/09\\\/lareverie-logo.jpg\",\"url\":\"https:\\\/\\\/reflejarte.es\\\/lareverie\\\/wp-content\\\/uploads\\\/2018\\\/09\\\/lareverie-logo.jpg\",\"contentUrl\":\"https:\\\/\\\/reflejarte.es\\\/lareverie\\\/wp-content\\\/uploads\\\/2018\\\/09\\\/lareverie-logo.jpg\",\"width\":512,\"height\":512,\"caption\":\"La R\u00eaverie\"},\"logo\":{\"@id\":\"https:\\\/\\\/reflejarte.es\\\/lareverie\\\/wp-content\\\/uploads\\\/2018\\\/09\\\/lareverie-logo.jpg\"}}]}<\/script>\n<!-- \/ Yoast SEO plugin. -->","yoast_head_json":{"title":"Music of Spanish Gentlemen &#183; La R\u00eaverie","description":"Music of Spanish Gentlemen &#183; La R\u00eaverie","robots":{"index":"index","follow":"follow","max-snippet":"max-snippet:-1","max-image-preview":"max-image-preview:large","max-video-preview":"max-video-preview:-1"},"canonical":"https:\/\/reflejarte.es\/lareverie\/en\/music-of-spanish-gentlemen\/","og_locale":"es_ES","og_type":"article","og_title":"Music of Spanish Gentlemen &#183; La R\u00eaverie","og_description":"Music of Spanish Gentlemen &#183; La R\u00eaverie","og_url":"https:\/\/reflejarte.es\/lareverie\/en\/music-of-spanish-gentlemen\/","og_site_name":"La R\u00eaverie","article_modified_time":"2022-03-30T11:15:00+00:00","og_image":[{"url":"https:\/\/reflejarte.es\/lareverie\/wp-content\/uploads\/2018\/09\/LaReverie-EnsembleALMA.jpg","type":"","width":"","height":""}],"twitter_card":"summary_large_image","twitter_misc":{"Tiempo de lectura":"2 minutos"},"schema":{"@context":"https:\/\/schema.org","@graph":[{"@type":"WebPage","@id":"https:\/\/reflejarte.es\/lareverie\/en\/music-of-spanish-gentlemen\/","url":"https:\/\/reflejarte.es\/lareverie\/en\/music-of-spanish-gentlemen\/","name":"Music of Spanish Gentlemen &#183; La R\u00eaverie","isPartOf":{"@id":"https:\/\/reflejarte.es\/lareverie\/#website"},"primaryImageOfPage":{"@id":"https:\/\/reflejarte.es\/lareverie\/en\/music-of-spanish-gentlemen\/#primaryimage"},"image":{"@id":"https:\/\/reflejarte.es\/lareverie\/en\/music-of-spanish-gentlemen\/#primaryimage"},"thumbnailUrl":"https:\/\/reflejarte.es\/lareverie\/wp-content\/uploads\/2018\/09\/LaReverie-EnsembleALMA.jpg","datePublished":"2018-10-08T15:22:25+00:00","dateModified":"2022-03-30T11:15:00+00:00","description":"Music of Spanish Gentlemen &#183; La R\u00eaverie","breadcrumb":{"@id":"https:\/\/reflejarte.es\/lareverie\/en\/music-of-spanish-gentlemen\/#breadcrumb"},"inLanguage":"es","potentialAction":[{"@type":"ReadAction","target":["https:\/\/reflejarte.es\/lareverie\/en\/music-of-spanish-gentlemen\/"]}]},{"@type":"ImageObject","inLanguage":"es","@id":"https:\/\/reflejarte.es\/lareverie\/en\/music-of-spanish-gentlemen\/#primaryimage","url":"https:\/\/reflejarte.es\/lareverie\/wp-content\/uploads\/2018\/09\/LaReverie-EnsembleALMA.jpg","contentUrl":"https:\/\/reflejarte.es\/lareverie\/wp-content\/uploads\/2018\/09\/LaReverie-EnsembleALMA.jpg","width":800,"height":246,"caption":"La R\u00eaverie: Juan Manuel Rubio, santur y Esteban Canyar, guitarra"},{"@type":"BreadcrumbList","@id":"https:\/\/reflejarte.es\/lareverie\/en\/music-of-spanish-gentlemen\/#breadcrumb","itemListElement":[{"@type":"ListItem","position":1,"name":"Inicio","item":"https:\/\/reflejarte.es\/lareverie\/"},{"@type":"ListItem","position":2,"name":"English","item":"https:\/\/reflejarte.es\/lareverie\/en\/"},{"@type":"ListItem","position":3,"name":"Music of Spanish Gentlemen"}]},{"@type":"WebSite","@id":"https:\/\/reflejarte.es\/lareverie\/#website","url":"https:\/\/reflejarte.es\/lareverie\/","name":"La R\u00eaverie","description":"pasi\u00f3n por la m\u00fasica bien hecha","publisher":{"@id":"https:\/\/reflejarte.es\/lareverie\/#\/schema\/person\/5c48ca5d852a6ac613afecdcdad33430"},"potentialAction":[{"@type":"SearchAction","target":{"@type":"EntryPoint","urlTemplate":"https:\/\/reflejarte.es\/lareverie\/?s={search_term_string}"},"query-input":{"@type":"PropertyValueSpecification","valueRequired":true,"valueName":"search_term_string"}}],"inLanguage":"es"},{"@type":["Person","Organization"],"@id":"https:\/\/reflejarte.es\/lareverie\/#\/schema\/person\/5c48ca5d852a6ac613afecdcdad33430","name":"La R\u00eaverie","image":{"@type":"ImageObject","inLanguage":"es","@id":"https:\/\/reflejarte.es\/lareverie\/wp-content\/uploads\/2018\/09\/lareverie-logo.jpg","url":"https:\/\/reflejarte.es\/lareverie\/wp-content\/uploads\/2018\/09\/lareverie-logo.jpg","contentUrl":"https:\/\/reflejarte.es\/lareverie\/wp-content\/uploads\/2018\/09\/lareverie-logo.jpg","width":512,"height":512,"caption":"La R\u00eaverie"},"logo":{"@id":"https:\/\/reflejarte.es\/lareverie\/wp-content\/uploads\/2018\/09\/lareverie-logo.jpg"}}]}},"_links":{"self":[{"href":"https:\/\/reflejarte.es\/lareverie\/wp-json\/wp\/v2\/pages\/1231","targetHints":{"allow":["GET"]}}],"collection":[{"href":"https:\/\/reflejarte.es\/lareverie\/wp-json\/wp\/v2\/pages"}],"about":[{"href":"https:\/\/reflejarte.es\/lareverie\/wp-json\/wp\/v2\/types\/page"}],"author":[{"embeddable":true,"href":"https:\/\/reflejarte.es\/lareverie\/wp-json\/wp\/v2\/users\/1"}],"replies":[{"embeddable":true,"href":"https:\/\/reflejarte.es\/lareverie\/wp-json\/wp\/v2\/comments?post=1231"}],"version-history":[{"count":16,"href":"https:\/\/reflejarte.es\/lareverie\/wp-json\/wp\/v2\/pages\/1231\/revisions"}],"predecessor-version":[{"id":1858,"href":"https:\/\/reflejarte.es\/lareverie\/wp-json\/wp\/v2\/pages\/1231\/revisions\/1858"}],"up":[{"embeddable":true,"href":"https:\/\/reflejarte.es\/lareverie\/wp-json\/wp\/v2\/pages\/1180"}],"wp:attachment":[{"href":"https:\/\/reflejarte.es\/lareverie\/wp-json\/wp\/v2\/media?parent=1231"}],"curies":[{"name":"wp","href":"https:\/\/api.w.org\/{rel}","templated":true}]}}