{"id":1223,"date":"2018-10-08T14:58:21","date_gmt":"2018-10-08T14:58:21","guid":{"rendered":"https:\/\/reflejarte.es\/tallercreativo\/?page_id=1223"},"modified":"2024-10-10T10:39:42","modified_gmt":"2024-10-10T10:39:42","slug":"contacto","status":"publish","type":"page","link":"https:\/\/reflejarte.es\/lareverie\/contacto\/","title":{"rendered":"contacto"},"content":{"rendered":"<h2 style=\"text-align: center;\">Contacta con La R\u00eaverie<\/h2>\n<p style=\"text-align: center;\"><!--<\/p>\n\n\n\n\n<p style=\"text-align: center;\">Cont\u00e1ctanos a trav\u00e9s del formulario de contacto\no env\u00edanos un email a\n\n<img loading=\"lazy\" decoding=\"async\" class=\"aligncenter size-full wp-image-1666\" src=\"https:\/\/lareverie.es\/wp-content\/uploads\/2019\/09\/lareverie-at-reflejarte-es.png\" alt=\"\" width=\"283\" height=\"28\" srcset=\"https:\/\/reflejarte.es\/lareverie\/wp-content\/uploads\/2019\/09\/lareverie-at-reflejarte-es.png 283w, https:\/\/reflejarte.es\/lareverie\/wp-content\/uploads\/2019\/09\/lareverie-at-reflejarte-es-150x15.png 150w, https:\/\/reflejarte.es\/lareverie\/wp-content\/uploads\/2019\/09\/lareverie-at-reflejarte-es-250x25.png 250w\" sizes=\"auto, (max-width: 283px) 100vw, 283px\" \/>\n\n\n\n<p style=\"text-align: center;\">Gracias.<\/p>\n\n\n[contact-form-7 id=\"1260\" title=\"Formulario de contacto 1 spanisch\"\n--><br \/>\nContacta con nosotros a trav\u00e9s de nuestra direcci\u00f3n de email<br \/>\n<img loading=\"lazy\" decoding=\"async\" class=\"wp-image-896 alignnone\" src=\"https:\/\/reflejarte.es\/lareverie\/wp-content\/uploads\/2024\/10\/contacto-reflejArteMail.png\" sizes=\"auto, (max-width: 173px) 100vw, 173px\" srcset=\"https:\/\/reflejarte.es\/lareverie\/wp-content\/uploads\/2024\/10\/contacto-reflejArteMail.png 173w, https:\/\/reflejarte.es\/lareverie\/wp-content\/uploads\/2024\/10\/contacto-reflejArteMail.png 150w\" alt=\"Contacta con reflejArte.es por email - E-Mail-Kontakt zu reflejArte.es\" width=\"173\" height=\"19\" \/><\/p>\n","protected":false},"excerpt":{"rendered":"<p>Contacta con La R\u00eaverie Contacta con nosotros a trav\u00e9s de nuestra direcci\u00f3n de email<\/p>\n<p> <a class=\"continue-reading-link\" href=\"https:\/\/reflejarte.es\/lareverie\/contacto\/\"><span>seguir leyendo &#8230;<\/span><i class=\"crycon-right-dir\"><\/i><\/a> <\/p>\n","protected":false},"author":1,"featured_media":0,"parent":0,"menu_order":0,"comment_status":"closed","ping_status":"closed","template":"","meta":{"footnotes":""},"class_list":["post-1223","page","type-page","status-publish","hentry"],"yoast_head":"<!-- This site is optimized with the Yoast SEO plugin v27.3 - https:\/\/yoast.com\/product\/yoast-seo-wordpress\/ -->\n<title>contacto &#183; La R\u00eaverie<\/title>\n<meta name=\"description\" content=\"contacto &#183; La R\u00eaverie\" \/>\n<meta name=\"robots\" content=\"index, follow, max-snippet:-1, max-image-preview:large, max-video-preview:-1\" \/>\n<link rel=\"canonical\" href=\"https:\/\/reflejarte.es\/lareverie\/contacto\/\" \/>\n<meta property=\"og:locale\" content=\"es_ES\" \/>\n<meta property=\"og:type\" content=\"article\" \/>\n<meta property=\"og:title\" content=\"contacto &#183; La R\u00eaverie\" \/>\n<meta property=\"og:description\" content=\"contacto &#183; La R\u00eaverie\" \/>\n<meta property=\"og:url\" content=\"https:\/\/reflejarte.es\/lareverie\/contacto\/\" \/>\n<meta property=\"og:site_name\" content=\"La R\u00eaverie\" \/>\n<meta property=\"article:modified_time\" content=\"2024-10-10T10:39:42+00:00\" \/>\n<meta property=\"og:image\" content=\"https:\/\/lareverie.es\/wp-content\/uploads\/2019\/09\/lareverie-at-reflejarte-es.png\" \/>\n<meta name=\"twitter:card\" content=\"summary_large_image\" \/>\n<script type=\"application\/ld+json\" class=\"yoast-schema-graph\">{\"@context\":\"https:\\\/\\\/schema.org\",\"@graph\":[{\"@type\":\"WebPage\",\"@id\":\"https:\\\/\\\/reflejarte.es\\\/lareverie\\\/contacto\\\/\",\"url\":\"https:\\\/\\\/reflejarte.es\\\/lareverie\\\/contacto\\\/\",\"name\":\"contacto &#183; La R\u00eaverie\",\"isPartOf\":{\"@id\":\"https:\\\/\\\/reflejarte.es\\\/lareverie\\\/#website\"},\"primaryImageOfPage\":{\"@id\":\"https:\\\/\\\/reflejarte.es\\\/lareverie\\\/contacto\\\/#primaryimage\"},\"image\":{\"@id\":\"https:\\\/\\\/reflejarte.es\\\/lareverie\\\/contacto\\\/#primaryimage\"},\"thumbnailUrl\":\"https:\\\/\\\/lareverie.es\\\/wp-content\\\/uploads\\\/2019\\\/09\\\/lareverie-at-reflejarte-es.png\",\"datePublished\":\"2018-10-08T14:58:21+00:00\",\"dateModified\":\"2024-10-10T10:39:42+00:00\",\"description\":\"contacto &#183; La R\u00eaverie\",\"breadcrumb\":{\"@id\":\"https:\\\/\\\/reflejarte.es\\\/lareverie\\\/contacto\\\/#breadcrumb\"},\"inLanguage\":\"es\",\"potentialAction\":[{\"@type\":\"ReadAction\",\"target\":[\"https:\\\/\\\/reflejarte.es\\\/lareverie\\\/contacto\\\/\"]}]},{\"@type\":\"ImageObject\",\"inLanguage\":\"es\",\"@id\":\"https:\\\/\\\/reflejarte.es\\\/lareverie\\\/contacto\\\/#primaryimage\",\"url\":\"https:\\\/\\\/lareverie.es\\\/wp-content\\\/uploads\\\/2019\\\/09\\\/lareverie-at-reflejarte-es.png\",\"contentUrl\":\"https:\\\/\\\/lareverie.es\\\/wp-content\\\/uploads\\\/2019\\\/09\\\/lareverie-at-reflejarte-es.png\"},{\"@type\":\"BreadcrumbList\",\"@id\":\"https:\\\/\\\/reflejarte.es\\\/lareverie\\\/contacto\\\/#breadcrumb\",\"itemListElement\":[{\"@type\":\"ListItem\",\"position\":1,\"name\":\"Inicio\",\"item\":\"https:\\\/\\\/reflejarte.es\\\/lareverie\\\/\"},{\"@type\":\"ListItem\",\"position\":2,\"name\":\"contacto\"}]},{\"@type\":\"WebSite\",\"@id\":\"https:\\\/\\\/reflejarte.es\\\/lareverie\\\/#website\",\"url\":\"https:\\\/\\\/reflejarte.es\\\/lareverie\\\/\",\"name\":\"La R\u00eaverie\",\"description\":\"pasi\u00f3n por la m\u00fasica bien hecha\",\"publisher\":{\"@id\":\"https:\\\/\\\/reflejarte.es\\\/lareverie\\\/#\\\/schema\\\/person\\\/5c48ca5d852a6ac613afecdcdad33430\"},\"potentialAction\":[{\"@type\":\"SearchAction\",\"target\":{\"@type\":\"EntryPoint\",\"urlTemplate\":\"https:\\\/\\\/reflejarte.es\\\/lareverie\\\/?s={search_term_string}\"},\"query-input\":{\"@type\":\"PropertyValueSpecification\",\"valueRequired\":true,\"valueName\":\"search_term_string\"}}],\"inLanguage\":\"es\"},{\"@type\":[\"Person\",\"Organization\"],\"@id\":\"https:\\\/\\\/reflejarte.es\\\/lareverie\\\/#\\\/schema\\\/person\\\/5c48ca5d852a6ac613afecdcdad33430\",\"name\":\"La R\u00eaverie\",\"image\":{\"@type\":\"ImageObject\",\"inLanguage\":\"es\",\"@id\":\"https:\\\/\\\/reflejarte.es\\\/lareverie\\\/wp-content\\\/uploads\\\/2018\\\/09\\\/lareverie-logo.jpg\",\"url\":\"https:\\\/\\\/reflejarte.es\\\/lareverie\\\/wp-content\\\/uploads\\\/2018\\\/09\\\/lareverie-logo.jpg\",\"contentUrl\":\"https:\\\/\\\/reflejarte.es\\\/lareverie\\\/wp-content\\\/uploads\\\/2018\\\/09\\\/lareverie-logo.jpg\",\"width\":512,\"height\":512,\"caption\":\"La R\u00eaverie\"},\"logo\":{\"@id\":\"https:\\\/\\\/reflejarte.es\\\/lareverie\\\/wp-content\\\/uploads\\\/2018\\\/09\\\/lareverie-logo.jpg\"}}]}<\/script>\n<!-- \/ Yoast SEO plugin. -->","yoast_head_json":{"title":"contacto &#183; La R\u00eaverie","description":"contacto &#183; La R\u00eaverie","robots":{"index":"index","follow":"follow","max-snippet":"max-snippet:-1","max-image-preview":"max-image-preview:large","max-video-preview":"max-video-preview:-1"},"canonical":"https:\/\/reflejarte.es\/lareverie\/contacto\/","og_locale":"es_ES","og_type":"article","og_title":"contacto &#183; La R\u00eaverie","og_description":"contacto &#183; La R\u00eaverie","og_url":"https:\/\/reflejarte.es\/lareverie\/contacto\/","og_site_name":"La R\u00eaverie","article_modified_time":"2024-10-10T10:39:42+00:00","og_image":[{"url":"https:\/\/lareverie.es\/wp-content\/uploads\/2019\/09\/lareverie-at-reflejarte-es.png","type":"","width":"","height":""}],"twitter_card":"summary_large_image","schema":{"@context":"https:\/\/schema.org","@graph":[{"@type":"WebPage","@id":"https:\/\/reflejarte.es\/lareverie\/contacto\/","url":"https:\/\/reflejarte.es\/lareverie\/contacto\/","name":"contacto &#183; La R\u00eaverie","isPartOf":{"@id":"https:\/\/reflejarte.es\/lareverie\/#website"},"primaryImageOfPage":{"@id":"https:\/\/reflejarte.es\/lareverie\/contacto\/#primaryimage"},"image":{"@id":"https:\/\/reflejarte.es\/lareverie\/contacto\/#primaryimage"},"thumbnailUrl":"https:\/\/lareverie.es\/wp-content\/uploads\/2019\/09\/lareverie-at-reflejarte-es.png","datePublished":"2018-10-08T14:58:21+00:00","dateModified":"2024-10-10T10:39:42+00:00","description":"contacto &#183; La R\u00eaverie","breadcrumb":{"@id":"https:\/\/reflejarte.es\/lareverie\/contacto\/#breadcrumb"},"inLanguage":"es","potentialAction":[{"@type":"ReadAction","target":["https:\/\/reflejarte.es\/lareverie\/contacto\/"]}]},{"@type":"ImageObject","inLanguage":"es","@id":"https:\/\/reflejarte.es\/lareverie\/contacto\/#primaryimage","url":"https:\/\/lareverie.es\/wp-content\/uploads\/2019\/09\/lareverie-at-reflejarte-es.png","contentUrl":"https:\/\/lareverie.es\/wp-content\/uploads\/2019\/09\/lareverie-at-reflejarte-es.png"},{"@type":"BreadcrumbList","@id":"https:\/\/reflejarte.es\/lareverie\/contacto\/#breadcrumb","itemListElement":[{"@type":"ListItem","position":1,"name":"Inicio","item":"https:\/\/reflejarte.es\/lareverie\/"},{"@type":"ListItem","position":2,"name":"contacto"}]},{"@type":"WebSite","@id":"https:\/\/reflejarte.es\/lareverie\/#website","url":"https:\/\/reflejarte.es\/lareverie\/","name":"La R\u00eaverie","description":"pasi\u00f3n por la m\u00fasica bien hecha","publisher":{"@id":"https:\/\/reflejarte.es\/lareverie\/#\/schema\/person\/5c48ca5d852a6ac613afecdcdad33430"},"potentialAction":[{"@type":"SearchAction","target":{"@type":"EntryPoint","urlTemplate":"https:\/\/reflejarte.es\/lareverie\/?s={search_term_string}"},"query-input":{"@type":"PropertyValueSpecification","valueRequired":true,"valueName":"search_term_string"}}],"inLanguage":"es"},{"@type":["Person","Organization"],"@id":"https:\/\/reflejarte.es\/lareverie\/#\/schema\/person\/5c48ca5d852a6ac613afecdcdad33430","name":"La R\u00eaverie","image":{"@type":"ImageObject","inLanguage":"es","@id":"https:\/\/reflejarte.es\/lareverie\/wp-content\/uploads\/2018\/09\/lareverie-logo.jpg","url":"https:\/\/reflejarte.es\/lareverie\/wp-content\/uploads\/2018\/09\/lareverie-logo.jpg","contentUrl":"https:\/\/reflejarte.es\/lareverie\/wp-content\/uploads\/2018\/09\/lareverie-logo.jpg","width":512,"height":512,"caption":"La R\u00eaverie"},"logo":{"@id":"https:\/\/reflejarte.es\/lareverie\/wp-content\/uploads\/2018\/09\/lareverie-logo.jpg"}}]}},"_links":{"self":[{"href":"https:\/\/reflejarte.es\/lareverie\/wp-json\/wp\/v2\/pages\/1223","targetHints":{"allow":["GET"]}}],"collection":[{"href":"https:\/\/reflejarte.es\/lareverie\/wp-json\/wp\/v2\/pages"}],"about":[{"href":"https:\/\/reflejarte.es\/lareverie\/wp-json\/wp\/v2\/types\/page"}],"author":[{"embeddable":true,"href":"https:\/\/reflejarte.es\/lareverie\/wp-json\/wp\/v2\/users\/1"}],"replies":[{"embeddable":true,"href":"https:\/\/reflejarte.es\/lareverie\/wp-json\/wp\/v2\/comments?post=1223"}],"version-history":[{"count":12,"href":"https:\/\/reflejarte.es\/lareverie\/wp-json\/wp\/v2\/pages\/1223\/revisions"}],"predecessor-version":[{"id":1929,"href":"https:\/\/reflejarte.es\/lareverie\/wp-json\/wp\/v2\/pages\/1223\/revisions\/1929"}],"wp:attachment":[{"href":"https:\/\/reflejarte.es\/lareverie\/wp-json\/wp\/v2\/media?parent=1223"}],"curies":[{"name":"wp","href":"https:\/\/api.w.org\/{rel}","templated":true}]}}