{"id":1150,"date":"2018-10-02T15:42:14","date_gmt":"2018-10-02T15:42:14","guid":{"rendered":"https:\/\/reflejarte.es\/tallercreativo\/?page_id=1150"},"modified":"2022-03-31T11:37:18","modified_gmt":"2022-03-31T11:37:18","slug":"yolanda-campos-mezzosoprano","status":"publish","type":"page","link":"https:\/\/reflejarte.es\/lareverie\/los-musicos-de-la-reverie\/yolanda-campos-mezzosoprano\/","title":{"rendered":"Yolanda Campos, mezzosoprano"},"content":{"rendered":"<h2>Los m\u00fasicos de La R\u00eaverie<\/h2>\n<h1>Yolanda Campos, mezzosoprano<\/h1>\n<p>&nbsp;<\/p>\n<p>Nace en C\u00e1diz en 1977.<\/p>\n<p><img loading=\"lazy\" decoding=\"async\" class=\" wp-image-1151 alignright\" src=\"https:\/\/reflejarte.es\/lareverie\/wp-content\/uploads\/2018\/10\/Yolanda_Campos-CANTICA-LaReverie.jpg\" alt=\"Yolanda Campos, canto \u00b7 CANTICA \u00b7 La R\u00eaverie\" width=\"259\" height=\"276\" srcset=\"https:\/\/reflejarte.es\/lareverie\/wp-content\/uploads\/2018\/10\/Yolanda_Campos-CANTICA-LaReverie.jpg 300w, https:\/\/reflejarte.es\/lareverie\/wp-content\/uploads\/2018\/10\/Yolanda_Campos-CANTICA-LaReverie-281x300.jpg 281w, https:\/\/reflejarte.es\/lareverie\/wp-content\/uploads\/2018\/10\/Yolanda_Campos-CANTICA-LaReverie-141x150.jpg 141w\" sizes=\"auto, (max-width: 259px) 100vw, 259px\" \/><\/p>\n<p>Realiz\u00f3 su formaci\u00f3n musical en el Conservatorio de Ourense donde, a los 14 a\u00f1os, descubri\u00f3 una de sus grandes pasiones: el canto. Posteriormente, terminar\u00eda tambi\u00e9n sus estudios ling\u00fc\u00edsticos, que le han llevado a saber hablar 7 idiomas distintos.<\/p>\n<p>Ha sido solista y formado plantilla de cuartetos, octetos y agrupaciones corales bajo la direcci\u00f3n de &#8211; entre otros &#8211; Francisco Ruiz, Pablo Heras, Josep Pons y Harry Christophers.<\/p>\n<p class=\"textj\">Entre sus conciertos destacan la grabaci\u00f3n del \u00abStabat Mater\u00bb de Jos\u00e9 Garc\u00eda Rom\u00e1n, las colaboraciones con \u201cLa Danserye\u201d en ciclos como \u00abEcos del Templo y de la Corte\u00bb o las participaciones en el renombrado Festival Internacional de M\u00fasica y Danza de Granada con obras del calibre de \u00abLa Flauta M\u00e1gica\u00bb de Mozart. Artista vers\u00e1til, muy expresiva y amante de todos los estilos, ha trabajado tambi\u00e9n, durante dos a\u00f1os, como una de las protagonistas de \u00abRomeo y Julieta: El musical\u00bb.<\/p>\n<p>Actualmente reside con su marido y sus hijos en M\u00e1laga.<\/p>\n<p>&nbsp;<\/p>\n<p>&nbsp;<\/p>\n","protected":false},"excerpt":{"rendered":"<p>Los m\u00fasicos de La R\u00eaverie Yolanda Campos, mezzosoprano &nbsp; Nace en C\u00e1diz en 1977. Realiz\u00f3 su formaci\u00f3n musical en el Conservatorio de Ourense donde, a los 14 a\u00f1os, descubri\u00f3 una de sus grandes pasiones: el&#8230;<\/p>\n<p> <a class=\"continue-reading-link\" href=\"https:\/\/reflejarte.es\/lareverie\/los-musicos-de-la-reverie\/yolanda-campos-mezzosoprano\/\"><span>seguir leyendo &#8230;<\/span><i class=\"crycon-right-dir\"><\/i><\/a> <\/p>\n","protected":false},"author":1,"featured_media":0,"parent":1108,"menu_order":0,"comment_status":"closed","ping_status":"closed","template":"","meta":{"footnotes":""},"class_list":["post-1150","page","type-page","status-publish","hentry"],"yoast_head":"<!-- This site is optimized with the Yoast SEO plugin v27.5 - https:\/\/yoast.com\/product\/yoast-seo-wordpress\/ -->\n<title>Yolanda Campos, mezzosoprano &#183; La R\u00eaverie<\/title>\n<meta name=\"description\" content=\"Yolanda Campos, mezzosoprano &#183; La R\u00eaverie\" \/>\n<meta name=\"robots\" content=\"index, follow, max-snippet:-1, max-image-preview:large, max-video-preview:-1\" \/>\n<link rel=\"canonical\" href=\"https:\/\/reflejarte.es\/lareverie\/los-musicos-de-la-reverie\/yolanda-campos-mezzosoprano\/\" \/>\n<meta property=\"og:locale\" content=\"es_ES\" \/>\n<meta property=\"og:type\" content=\"article\" \/>\n<meta property=\"og:title\" content=\"Yolanda Campos, mezzosoprano &#183; La R\u00eaverie\" \/>\n<meta property=\"og:description\" content=\"Yolanda Campos, mezzosoprano &#183; La R\u00eaverie\" \/>\n<meta property=\"og:url\" content=\"https:\/\/reflejarte.es\/lareverie\/los-musicos-de-la-reverie\/yolanda-campos-mezzosoprano\/\" \/>\n<meta property=\"og:site_name\" content=\"La R\u00eaverie\" \/>\n<meta property=\"article:modified_time\" content=\"2022-03-31T11:37:18+00:00\" \/>\n<meta property=\"og:image\" content=\"https:\/\/reflejarte.es\/lareverie\/wp-content\/uploads\/2018\/10\/Yolanda_Campos-CANTICA-LaReverie.jpg\" \/>\n<meta name=\"twitter:card\" content=\"summary_large_image\" \/>\n<meta name=\"twitter:label1\" content=\"Tiempo de lectura\" \/>\n\t<meta name=\"twitter:data1\" content=\"1 minuto\" \/>\n<script type=\"application\/ld+json\" class=\"yoast-schema-graph\">{\"@context\":\"https:\\\/\\\/schema.org\",\"@graph\":[{\"@type\":\"WebPage\",\"@id\":\"https:\\\/\\\/reflejarte.es\\\/lareverie\\\/los-musicos-de-la-reverie\\\/yolanda-campos-mezzosoprano\\\/\",\"url\":\"https:\\\/\\\/reflejarte.es\\\/lareverie\\\/los-musicos-de-la-reverie\\\/yolanda-campos-mezzosoprano\\\/\",\"name\":\"Yolanda Campos, mezzosoprano &#183; La R\u00eaverie\",\"isPartOf\":{\"@id\":\"https:\\\/\\\/reflejarte.es\\\/lareverie\\\/#website\"},\"primaryImageOfPage\":{\"@id\":\"https:\\\/\\\/reflejarte.es\\\/lareverie\\\/los-musicos-de-la-reverie\\\/yolanda-campos-mezzosoprano\\\/#primaryimage\"},\"image\":{\"@id\":\"https:\\\/\\\/reflejarte.es\\\/lareverie\\\/los-musicos-de-la-reverie\\\/yolanda-campos-mezzosoprano\\\/#primaryimage\"},\"thumbnailUrl\":\"https:\\\/\\\/reflejarte.es\\\/lareverie\\\/wp-content\\\/uploads\\\/2018\\\/10\\\/Yolanda_Campos-CANTICA-LaReverie.jpg\",\"datePublished\":\"2018-10-02T15:42:14+00:00\",\"dateModified\":\"2022-03-31T11:37:18+00:00\",\"description\":\"Yolanda Campos, mezzosoprano &#183; La R\u00eaverie\",\"breadcrumb\":{\"@id\":\"https:\\\/\\\/reflejarte.es\\\/lareverie\\\/los-musicos-de-la-reverie\\\/yolanda-campos-mezzosoprano\\\/#breadcrumb\"},\"inLanguage\":\"es\",\"potentialAction\":[{\"@type\":\"ReadAction\",\"target\":[\"https:\\\/\\\/reflejarte.es\\\/lareverie\\\/los-musicos-de-la-reverie\\\/yolanda-campos-mezzosoprano\\\/\"]}]},{\"@type\":\"ImageObject\",\"inLanguage\":\"es\",\"@id\":\"https:\\\/\\\/reflejarte.es\\\/lareverie\\\/los-musicos-de-la-reverie\\\/yolanda-campos-mezzosoprano\\\/#primaryimage\",\"url\":\"https:\\\/\\\/reflejarte.es\\\/lareverie\\\/wp-content\\\/uploads\\\/2018\\\/10\\\/Yolanda_Campos-CANTICA-LaReverie.jpg\",\"contentUrl\":\"https:\\\/\\\/reflejarte.es\\\/lareverie\\\/wp-content\\\/uploads\\\/2018\\\/10\\\/Yolanda_Campos-CANTICA-LaReverie.jpg\",\"width\":300,\"height\":320,\"caption\":\"Yolanda Campos, canto \u00b7 CANTICA \u00b7 La R\u00eaverie\"},{\"@type\":\"BreadcrumbList\",\"@id\":\"https:\\\/\\\/reflejarte.es\\\/lareverie\\\/los-musicos-de-la-reverie\\\/yolanda-campos-mezzosoprano\\\/#breadcrumb\",\"itemListElement\":[{\"@type\":\"ListItem\",\"position\":1,\"name\":\"Inicio\",\"item\":\"https:\\\/\\\/reflejarte.es\\\/lareverie\\\/\"},{\"@type\":\"ListItem\",\"position\":2,\"name\":\"Los m\u00fasicos de La R\u00eaverie\",\"item\":\"https:\\\/\\\/reflejarte.es\\\/lareverie\\\/los-musicos-de-la-reverie\\\/\"},{\"@type\":\"ListItem\",\"position\":3,\"name\":\"Yolanda Campos, mezzosoprano\"}]},{\"@type\":\"WebSite\",\"@id\":\"https:\\\/\\\/reflejarte.es\\\/lareverie\\\/#website\",\"url\":\"https:\\\/\\\/reflejarte.es\\\/lareverie\\\/\",\"name\":\"La R\u00eaverie\",\"description\":\"pasi\u00f3n por la m\u00fasica bien hecha\",\"publisher\":{\"@id\":\"https:\\\/\\\/reflejarte.es\\\/lareverie\\\/#\\\/schema\\\/person\\\/5c48ca5d852a6ac613afecdcdad33430\"},\"potentialAction\":[{\"@type\":\"SearchAction\",\"target\":{\"@type\":\"EntryPoint\",\"urlTemplate\":\"https:\\\/\\\/reflejarte.es\\\/lareverie\\\/?s={search_term_string}\"},\"query-input\":{\"@type\":\"PropertyValueSpecification\",\"valueRequired\":true,\"valueName\":\"search_term_string\"}}],\"inLanguage\":\"es\"},{\"@type\":[\"Person\",\"Organization\"],\"@id\":\"https:\\\/\\\/reflejarte.es\\\/lareverie\\\/#\\\/schema\\\/person\\\/5c48ca5d852a6ac613afecdcdad33430\",\"name\":\"La R\u00eaverie\",\"image\":{\"@type\":\"ImageObject\",\"inLanguage\":\"es\",\"@id\":\"https:\\\/\\\/reflejarte.es\\\/lareverie\\\/wp-content\\\/uploads\\\/2018\\\/09\\\/lareverie-logo.jpg\",\"url\":\"https:\\\/\\\/reflejarte.es\\\/lareverie\\\/wp-content\\\/uploads\\\/2018\\\/09\\\/lareverie-logo.jpg\",\"contentUrl\":\"https:\\\/\\\/reflejarte.es\\\/lareverie\\\/wp-content\\\/uploads\\\/2018\\\/09\\\/lareverie-logo.jpg\",\"width\":512,\"height\":512,\"caption\":\"La R\u00eaverie\"},\"logo\":{\"@id\":\"https:\\\/\\\/reflejarte.es\\\/lareverie\\\/wp-content\\\/uploads\\\/2018\\\/09\\\/lareverie-logo.jpg\"}}]}<\/script>\n<!-- \/ Yoast SEO plugin. -->","yoast_head_json":{"title":"Yolanda Campos, mezzosoprano &#183; La R\u00eaverie","description":"Yolanda Campos, mezzosoprano &#183; La R\u00eaverie","robots":{"index":"index","follow":"follow","max-snippet":"max-snippet:-1","max-image-preview":"max-image-preview:large","max-video-preview":"max-video-preview:-1"},"canonical":"https:\/\/reflejarte.es\/lareverie\/los-musicos-de-la-reverie\/yolanda-campos-mezzosoprano\/","og_locale":"es_ES","og_type":"article","og_title":"Yolanda Campos, mezzosoprano &#183; La R\u00eaverie","og_description":"Yolanda Campos, mezzosoprano &#183; La R\u00eaverie","og_url":"https:\/\/reflejarte.es\/lareverie\/los-musicos-de-la-reverie\/yolanda-campos-mezzosoprano\/","og_site_name":"La R\u00eaverie","article_modified_time":"2022-03-31T11:37:18+00:00","og_image":[{"url":"https:\/\/reflejarte.es\/lareverie\/wp-content\/uploads\/2018\/10\/Yolanda_Campos-CANTICA-LaReverie.jpg","type":"","width":"","height":""}],"twitter_card":"summary_large_image","twitter_misc":{"Tiempo de lectura":"1 minuto"},"schema":{"@context":"https:\/\/schema.org","@graph":[{"@type":"WebPage","@id":"https:\/\/reflejarte.es\/lareverie\/los-musicos-de-la-reverie\/yolanda-campos-mezzosoprano\/","url":"https:\/\/reflejarte.es\/lareverie\/los-musicos-de-la-reverie\/yolanda-campos-mezzosoprano\/","name":"Yolanda Campos, mezzosoprano &#183; La R\u00eaverie","isPartOf":{"@id":"https:\/\/reflejarte.es\/lareverie\/#website"},"primaryImageOfPage":{"@id":"https:\/\/reflejarte.es\/lareverie\/los-musicos-de-la-reverie\/yolanda-campos-mezzosoprano\/#primaryimage"},"image":{"@id":"https:\/\/reflejarte.es\/lareverie\/los-musicos-de-la-reverie\/yolanda-campos-mezzosoprano\/#primaryimage"},"thumbnailUrl":"https:\/\/reflejarte.es\/lareverie\/wp-content\/uploads\/2018\/10\/Yolanda_Campos-CANTICA-LaReverie.jpg","datePublished":"2018-10-02T15:42:14+00:00","dateModified":"2022-03-31T11:37:18+00:00","description":"Yolanda Campos, mezzosoprano &#183; La R\u00eaverie","breadcrumb":{"@id":"https:\/\/reflejarte.es\/lareverie\/los-musicos-de-la-reverie\/yolanda-campos-mezzosoprano\/#breadcrumb"},"inLanguage":"es","potentialAction":[{"@type":"ReadAction","target":["https:\/\/reflejarte.es\/lareverie\/los-musicos-de-la-reverie\/yolanda-campos-mezzosoprano\/"]}]},{"@type":"ImageObject","inLanguage":"es","@id":"https:\/\/reflejarte.es\/lareverie\/los-musicos-de-la-reverie\/yolanda-campos-mezzosoprano\/#primaryimage","url":"https:\/\/reflejarte.es\/lareverie\/wp-content\/uploads\/2018\/10\/Yolanda_Campos-CANTICA-LaReverie.jpg","contentUrl":"https:\/\/reflejarte.es\/lareverie\/wp-content\/uploads\/2018\/10\/Yolanda_Campos-CANTICA-LaReverie.jpg","width":300,"height":320,"caption":"Yolanda Campos, canto \u00b7 CANTICA \u00b7 La R\u00eaverie"},{"@type":"BreadcrumbList","@id":"https:\/\/reflejarte.es\/lareverie\/los-musicos-de-la-reverie\/yolanda-campos-mezzosoprano\/#breadcrumb","itemListElement":[{"@type":"ListItem","position":1,"name":"Inicio","item":"https:\/\/reflejarte.es\/lareverie\/"},{"@type":"ListItem","position":2,"name":"Los m\u00fasicos de La R\u00eaverie","item":"https:\/\/reflejarte.es\/lareverie\/los-musicos-de-la-reverie\/"},{"@type":"ListItem","position":3,"name":"Yolanda Campos, mezzosoprano"}]},{"@type":"WebSite","@id":"https:\/\/reflejarte.es\/lareverie\/#website","url":"https:\/\/reflejarte.es\/lareverie\/","name":"La R\u00eaverie","description":"pasi\u00f3n por la m\u00fasica bien hecha","publisher":{"@id":"https:\/\/reflejarte.es\/lareverie\/#\/schema\/person\/5c48ca5d852a6ac613afecdcdad33430"},"potentialAction":[{"@type":"SearchAction","target":{"@type":"EntryPoint","urlTemplate":"https:\/\/reflejarte.es\/lareverie\/?s={search_term_string}"},"query-input":{"@type":"PropertyValueSpecification","valueRequired":true,"valueName":"search_term_string"}}],"inLanguage":"es"},{"@type":["Person","Organization"],"@id":"https:\/\/reflejarte.es\/lareverie\/#\/schema\/person\/5c48ca5d852a6ac613afecdcdad33430","name":"La R\u00eaverie","image":{"@type":"ImageObject","inLanguage":"es","@id":"https:\/\/reflejarte.es\/lareverie\/wp-content\/uploads\/2018\/09\/lareverie-logo.jpg","url":"https:\/\/reflejarte.es\/lareverie\/wp-content\/uploads\/2018\/09\/lareverie-logo.jpg","contentUrl":"https:\/\/reflejarte.es\/lareverie\/wp-content\/uploads\/2018\/09\/lareverie-logo.jpg","width":512,"height":512,"caption":"La R\u00eaverie"},"logo":{"@id":"https:\/\/reflejarte.es\/lareverie\/wp-content\/uploads\/2018\/09\/lareverie-logo.jpg"}}]}},"_links":{"self":[{"href":"https:\/\/reflejarte.es\/lareverie\/wp-json\/wp\/v2\/pages\/1150","targetHints":{"allow":["GET"]}}],"collection":[{"href":"https:\/\/reflejarte.es\/lareverie\/wp-json\/wp\/v2\/pages"}],"about":[{"href":"https:\/\/reflejarte.es\/lareverie\/wp-json\/wp\/v2\/types\/page"}],"author":[{"embeddable":true,"href":"https:\/\/reflejarte.es\/lareverie\/wp-json\/wp\/v2\/users\/1"}],"replies":[{"embeddable":true,"href":"https:\/\/reflejarte.es\/lareverie\/wp-json\/wp\/v2\/comments?post=1150"}],"version-history":[{"count":8,"href":"https:\/\/reflejarte.es\/lareverie\/wp-json\/wp\/v2\/pages\/1150\/revisions"}],"predecessor-version":[{"id":1896,"href":"https:\/\/reflejarte.es\/lareverie\/wp-json\/wp\/v2\/pages\/1150\/revisions\/1896"}],"up":[{"embeddable":true,"href":"https:\/\/reflejarte.es\/lareverie\/wp-json\/wp\/v2\/pages\/1108"}],"wp:attachment":[{"href":"https:\/\/reflejarte.es\/lareverie\/wp-json\/wp\/v2\/media?parent=1150"}],"curies":[{"name":"wp","href":"https:\/\/api.w.org\/{rel}","templated":true}]}}