{"id":1140,"date":"2018-10-02T15:18:50","date_gmt":"2018-10-02T15:18:50","guid":{"rendered":"https:\/\/reflejarte.es\/tallercreativo\/?page_id=1140"},"modified":"2022-03-31T11:35:46","modified_gmt":"2022-03-31T11:35:46","slug":"angel-martin-percusiones","status":"publish","type":"page","link":"https:\/\/reflejarte.es\/lareverie\/los-musicos-de-la-reverie\/angel-martin-percusiones\/","title":{"rendered":"\u00c1ngel Mart\u00edn, percusiones"},"content":{"rendered":"<h2>Los m\u00fasicos de La R\u00eaverie<\/h2>\n<p>&nbsp;<\/p>\n<h1>\u00c1ngel Mart\u00edn, percusiones<a href=\"https:\/\/reflejarte.es\/lareverie\/wp-content\/uploads\/2018\/09\/Angel_Martin-pandero.png\"><img loading=\"lazy\" decoding=\"async\" class=\"alignright size-medium wp-image-974\" src=\"https:\/\/reflejarte.es\/lareverie\/wp-content\/uploads\/2018\/09\/Angel_Martin-pandero-224x300.png\" alt=\"La R\u00eaverie \u00b7 Angel Mart\u00edn, percusionista\" width=\"224\" height=\"300\" srcset=\"https:\/\/reflejarte.es\/lareverie\/wp-content\/uploads\/2018\/09\/Angel_Martin-pandero-224x300.png 224w, https:\/\/reflejarte.es\/lareverie\/wp-content\/uploads\/2018\/09\/Angel_Martin-pandero-112x150.png 112w, https:\/\/reflejarte.es\/lareverie\/wp-content\/uploads\/2018\/09\/Angel_Martin-pandero.png 374w\" sizes=\"auto, (max-width: 224px) 100vw, 224px\" \/><\/a><\/h1>\n<p>&nbsp;<\/p>\n<p>Nace en M\u00e1laga en 1976. A\u00fan cuando su afici\u00f3n por la m\u00fasica comienza a una edad muy temprana, no se dedica al estudio serio hasta terminar sus estudios universitarios en Ingenier\u00eda t\u00e9cnica.<\/p>\n<p class=\"textj\">Comienza estudiando m\u00fasica cl\u00e1sica con la flauta travesera en 1998. Su pasi\u00f3n por las m\u00fasicas de \u00abotros mundos\u00bb se manifiesta poco tiempo despu\u00e9s. Este despertar comienza con un profundo inter\u00e9s por la percusi\u00f3n africana que lo lleva a viajar a Burkina Faso en el a\u00f1o 2000.<br \/>\nUn a\u00f1o m\u00e1s tarde (2001) viaja para trabajar con una ONG a Bolivia donde su inter\u00e9s por los instrumentos de viento se traduce en el estudio a la Quena y la Zampo\u00f1a andinas.<\/p>\n<p class=\"textj\">En 2002 viaja a Italia donde vivir\u00e1 3 a\u00f1os. En este per\u00edodo combina sus estudios de flauta cl\u00e1sica en el conservatorio Arrigo Boito de Parma con la investigaci\u00f3n y estudio m\u00e1s profundos de instrumentos de viento y percusi\u00f3n de otras culturas lo que le lleva incluso a construir algunos de ellos (quenas, dizis, &#8230;).<\/p>\n<p>En 2005 vuelve a M\u00e1laga donde continua los estudios de flauta cl\u00e1sica de mano de la profesora Keiko Takehuchi y se introduce de manera autodidacta al mundo de los framedrums o panderos (especialmente riqq &amp; tar). M\u00e1s tarde recibe clases de manos del maestro Ricardo Passos.<\/p>\n<p>El trabajo de estudio e investigaci\u00f3n no ha hecho m\u00e1s que empezar. Ha trabajado como monitor y musicoterapeuta en diferentes proyectos y asociaciones en M\u00e1laga, Cremona y Parma. Como flautista y percusionista ha trabajado y colaborado con m\u00fasicos y proyectos de muy distinta \u00edndole en Espa\u00f1a, Italia y Bolivia, siendo Okanken\u00e9, Inocu, (Italia), Userne, Mokambo y el Tercer Ojo (Bolivia) algunos de ellos.<\/p>\n","protected":false},"excerpt":{"rendered":"<p>Los m\u00fasicos de La R\u00eaverie &nbsp; \u00c1ngel Mart\u00edn, percusiones &nbsp; Nace en M\u00e1laga en 1976. A\u00fan cuando su afici\u00f3n por la m\u00fasica comienza a una edad muy temprana, no se dedica al estudio serio hasta&#8230;<\/p>\n<p> <a class=\"continue-reading-link\" href=\"https:\/\/reflejarte.es\/lareverie\/los-musicos-de-la-reverie\/angel-martin-percusiones\/\"><span>seguir leyendo &#8230;<\/span><i class=\"crycon-right-dir\"><\/i><\/a> <\/p>\n","protected":false},"author":1,"featured_media":0,"parent":1108,"menu_order":0,"comment_status":"closed","ping_status":"closed","template":"","meta":{"footnotes":""},"class_list":["post-1140","page","type-page","status-publish","hentry"],"yoast_head":"<!-- This site is optimized with the Yoast SEO plugin v27.3 - https:\/\/yoast.com\/product\/yoast-seo-wordpress\/ -->\n<title>\u00c1ngel Mart\u00edn, percusiones &#183; La R\u00eaverie<\/title>\n<meta name=\"description\" content=\"\u00c1ngel Mart\u00edn, percusiones &#183; La R\u00eaverie\" \/>\n<meta name=\"robots\" content=\"index, follow, max-snippet:-1, max-image-preview:large, max-video-preview:-1\" \/>\n<link rel=\"canonical\" href=\"https:\/\/reflejarte.es\/lareverie\/los-musicos-de-la-reverie\/angel-martin-percusiones\/\" \/>\n<meta property=\"og:locale\" content=\"es_ES\" \/>\n<meta property=\"og:type\" content=\"article\" \/>\n<meta property=\"og:title\" content=\"\u00c1ngel Mart\u00edn, percusiones &#183; La R\u00eaverie\" \/>\n<meta property=\"og:description\" content=\"\u00c1ngel Mart\u00edn, percusiones &#183; La R\u00eaverie\" \/>\n<meta property=\"og:url\" content=\"https:\/\/reflejarte.es\/lareverie\/los-musicos-de-la-reverie\/angel-martin-percusiones\/\" \/>\n<meta property=\"og:site_name\" content=\"La R\u00eaverie\" \/>\n<meta property=\"article:modified_time\" content=\"2022-03-31T11:35:46+00:00\" \/>\n<meta property=\"og:image\" content=\"https:\/\/reflejarte.es\/lareverie\/wp-content\/uploads\/2018\/09\/Angel_Martin-pandero-224x300.png\" \/>\n<meta name=\"twitter:card\" content=\"summary_large_image\" \/>\n<meta name=\"twitter:label1\" content=\"Tiempo de lectura\" \/>\n\t<meta name=\"twitter:data1\" content=\"2 minutos\" \/>\n<script type=\"application\/ld+json\" class=\"yoast-schema-graph\">{\"@context\":\"https:\\\/\\\/schema.org\",\"@graph\":[{\"@type\":\"WebPage\",\"@id\":\"https:\\\/\\\/reflejarte.es\\\/lareverie\\\/los-musicos-de-la-reverie\\\/angel-martin-percusiones\\\/\",\"url\":\"https:\\\/\\\/reflejarte.es\\\/lareverie\\\/los-musicos-de-la-reverie\\\/angel-martin-percusiones\\\/\",\"name\":\"\u00c1ngel Mart\u00edn, percusiones &#183; La R\u00eaverie\",\"isPartOf\":{\"@id\":\"https:\\\/\\\/reflejarte.es\\\/lareverie\\\/#website\"},\"primaryImageOfPage\":{\"@id\":\"https:\\\/\\\/reflejarte.es\\\/lareverie\\\/los-musicos-de-la-reverie\\\/angel-martin-percusiones\\\/#primaryimage\"},\"image\":{\"@id\":\"https:\\\/\\\/reflejarte.es\\\/lareverie\\\/los-musicos-de-la-reverie\\\/angel-martin-percusiones\\\/#primaryimage\"},\"thumbnailUrl\":\"https:\\\/\\\/reflejarte.es\\\/lareverie\\\/wp-content\\\/uploads\\\/2018\\\/09\\\/Angel_Martin-pandero-224x300.png\",\"datePublished\":\"2018-10-02T15:18:50+00:00\",\"dateModified\":\"2022-03-31T11:35:46+00:00\",\"description\":\"\u00c1ngel Mart\u00edn, percusiones &#183; La R\u00eaverie\",\"breadcrumb\":{\"@id\":\"https:\\\/\\\/reflejarte.es\\\/lareverie\\\/los-musicos-de-la-reverie\\\/angel-martin-percusiones\\\/#breadcrumb\"},\"inLanguage\":\"es\",\"potentialAction\":[{\"@type\":\"ReadAction\",\"target\":[\"https:\\\/\\\/reflejarte.es\\\/lareverie\\\/los-musicos-de-la-reverie\\\/angel-martin-percusiones\\\/\"]}]},{\"@type\":\"ImageObject\",\"inLanguage\":\"es\",\"@id\":\"https:\\\/\\\/reflejarte.es\\\/lareverie\\\/los-musicos-de-la-reverie\\\/angel-martin-percusiones\\\/#primaryimage\",\"url\":\"https:\\\/\\\/reflejarte.es\\\/lareverie\\\/wp-content\\\/uploads\\\/2018\\\/09\\\/Angel_Martin-pandero.png\",\"contentUrl\":\"https:\\\/\\\/reflejarte.es\\\/lareverie\\\/wp-content\\\/uploads\\\/2018\\\/09\\\/Angel_Martin-pandero.png\",\"width\":374,\"height\":500,\"caption\":\"La R\u00eaverie \u00b7 Angel Mart\u00edn, percusionista\"},{\"@type\":\"BreadcrumbList\",\"@id\":\"https:\\\/\\\/reflejarte.es\\\/lareverie\\\/los-musicos-de-la-reverie\\\/angel-martin-percusiones\\\/#breadcrumb\",\"itemListElement\":[{\"@type\":\"ListItem\",\"position\":1,\"name\":\"Inicio\",\"item\":\"https:\\\/\\\/reflejarte.es\\\/lareverie\\\/\"},{\"@type\":\"ListItem\",\"position\":2,\"name\":\"Los m\u00fasicos de La R\u00eaverie\",\"item\":\"https:\\\/\\\/reflejarte.es\\\/lareverie\\\/los-musicos-de-la-reverie\\\/\"},{\"@type\":\"ListItem\",\"position\":3,\"name\":\"\u00c1ngel Mart\u00edn, percusiones\"}]},{\"@type\":\"WebSite\",\"@id\":\"https:\\\/\\\/reflejarte.es\\\/lareverie\\\/#website\",\"url\":\"https:\\\/\\\/reflejarte.es\\\/lareverie\\\/\",\"name\":\"La R\u00eaverie\",\"description\":\"pasi\u00f3n por la m\u00fasica bien hecha\",\"publisher\":{\"@id\":\"https:\\\/\\\/reflejarte.es\\\/lareverie\\\/#\\\/schema\\\/person\\\/5c48ca5d852a6ac613afecdcdad33430\"},\"potentialAction\":[{\"@type\":\"SearchAction\",\"target\":{\"@type\":\"EntryPoint\",\"urlTemplate\":\"https:\\\/\\\/reflejarte.es\\\/lareverie\\\/?s={search_term_string}\"},\"query-input\":{\"@type\":\"PropertyValueSpecification\",\"valueRequired\":true,\"valueName\":\"search_term_string\"}}],\"inLanguage\":\"es\"},{\"@type\":[\"Person\",\"Organization\"],\"@id\":\"https:\\\/\\\/reflejarte.es\\\/lareverie\\\/#\\\/schema\\\/person\\\/5c48ca5d852a6ac613afecdcdad33430\",\"name\":\"La R\u00eaverie\",\"image\":{\"@type\":\"ImageObject\",\"inLanguage\":\"es\",\"@id\":\"https:\\\/\\\/reflejarte.es\\\/lareverie\\\/wp-content\\\/uploads\\\/2018\\\/09\\\/lareverie-logo.jpg\",\"url\":\"https:\\\/\\\/reflejarte.es\\\/lareverie\\\/wp-content\\\/uploads\\\/2018\\\/09\\\/lareverie-logo.jpg\",\"contentUrl\":\"https:\\\/\\\/reflejarte.es\\\/lareverie\\\/wp-content\\\/uploads\\\/2018\\\/09\\\/lareverie-logo.jpg\",\"width\":512,\"height\":512,\"caption\":\"La R\u00eaverie\"},\"logo\":{\"@id\":\"https:\\\/\\\/reflejarte.es\\\/lareverie\\\/wp-content\\\/uploads\\\/2018\\\/09\\\/lareverie-logo.jpg\"}}]}<\/script>\n<!-- \/ Yoast SEO plugin. -->","yoast_head_json":{"title":"\u00c1ngel Mart\u00edn, percusiones &#183; La R\u00eaverie","description":"\u00c1ngel Mart\u00edn, percusiones &#183; La R\u00eaverie","robots":{"index":"index","follow":"follow","max-snippet":"max-snippet:-1","max-image-preview":"max-image-preview:large","max-video-preview":"max-video-preview:-1"},"canonical":"https:\/\/reflejarte.es\/lareverie\/los-musicos-de-la-reverie\/angel-martin-percusiones\/","og_locale":"es_ES","og_type":"article","og_title":"\u00c1ngel Mart\u00edn, percusiones &#183; La R\u00eaverie","og_description":"\u00c1ngel Mart\u00edn, percusiones &#183; La R\u00eaverie","og_url":"https:\/\/reflejarte.es\/lareverie\/los-musicos-de-la-reverie\/angel-martin-percusiones\/","og_site_name":"La R\u00eaverie","article_modified_time":"2022-03-31T11:35:46+00:00","og_image":[{"url":"https:\/\/reflejarte.es\/lareverie\/wp-content\/uploads\/2018\/09\/Angel_Martin-pandero-224x300.png","type":"","width":"","height":""}],"twitter_card":"summary_large_image","twitter_misc":{"Tiempo de lectura":"2 minutos"},"schema":{"@context":"https:\/\/schema.org","@graph":[{"@type":"WebPage","@id":"https:\/\/reflejarte.es\/lareverie\/los-musicos-de-la-reverie\/angel-martin-percusiones\/","url":"https:\/\/reflejarte.es\/lareverie\/los-musicos-de-la-reverie\/angel-martin-percusiones\/","name":"\u00c1ngel Mart\u00edn, percusiones &#183; La R\u00eaverie","isPartOf":{"@id":"https:\/\/reflejarte.es\/lareverie\/#website"},"primaryImageOfPage":{"@id":"https:\/\/reflejarte.es\/lareverie\/los-musicos-de-la-reverie\/angel-martin-percusiones\/#primaryimage"},"image":{"@id":"https:\/\/reflejarte.es\/lareverie\/los-musicos-de-la-reverie\/angel-martin-percusiones\/#primaryimage"},"thumbnailUrl":"https:\/\/reflejarte.es\/lareverie\/wp-content\/uploads\/2018\/09\/Angel_Martin-pandero-224x300.png","datePublished":"2018-10-02T15:18:50+00:00","dateModified":"2022-03-31T11:35:46+00:00","description":"\u00c1ngel Mart\u00edn, percusiones &#183; La R\u00eaverie","breadcrumb":{"@id":"https:\/\/reflejarte.es\/lareverie\/los-musicos-de-la-reverie\/angel-martin-percusiones\/#breadcrumb"},"inLanguage":"es","potentialAction":[{"@type":"ReadAction","target":["https:\/\/reflejarte.es\/lareverie\/los-musicos-de-la-reverie\/angel-martin-percusiones\/"]}]},{"@type":"ImageObject","inLanguage":"es","@id":"https:\/\/reflejarte.es\/lareverie\/los-musicos-de-la-reverie\/angel-martin-percusiones\/#primaryimage","url":"https:\/\/reflejarte.es\/lareverie\/wp-content\/uploads\/2018\/09\/Angel_Martin-pandero.png","contentUrl":"https:\/\/reflejarte.es\/lareverie\/wp-content\/uploads\/2018\/09\/Angel_Martin-pandero.png","width":374,"height":500,"caption":"La R\u00eaverie \u00b7 Angel Mart\u00edn, percusionista"},{"@type":"BreadcrumbList","@id":"https:\/\/reflejarte.es\/lareverie\/los-musicos-de-la-reverie\/angel-martin-percusiones\/#breadcrumb","itemListElement":[{"@type":"ListItem","position":1,"name":"Inicio","item":"https:\/\/reflejarte.es\/lareverie\/"},{"@type":"ListItem","position":2,"name":"Los m\u00fasicos de La R\u00eaverie","item":"https:\/\/reflejarte.es\/lareverie\/los-musicos-de-la-reverie\/"},{"@type":"ListItem","position":3,"name":"\u00c1ngel Mart\u00edn, percusiones"}]},{"@type":"WebSite","@id":"https:\/\/reflejarte.es\/lareverie\/#website","url":"https:\/\/reflejarte.es\/lareverie\/","name":"La R\u00eaverie","description":"pasi\u00f3n por la m\u00fasica bien hecha","publisher":{"@id":"https:\/\/reflejarte.es\/lareverie\/#\/schema\/person\/5c48ca5d852a6ac613afecdcdad33430"},"potentialAction":[{"@type":"SearchAction","target":{"@type":"EntryPoint","urlTemplate":"https:\/\/reflejarte.es\/lareverie\/?s={search_term_string}"},"query-input":{"@type":"PropertyValueSpecification","valueRequired":true,"valueName":"search_term_string"}}],"inLanguage":"es"},{"@type":["Person","Organization"],"@id":"https:\/\/reflejarte.es\/lareverie\/#\/schema\/person\/5c48ca5d852a6ac613afecdcdad33430","name":"La R\u00eaverie","image":{"@type":"ImageObject","inLanguage":"es","@id":"https:\/\/reflejarte.es\/lareverie\/wp-content\/uploads\/2018\/09\/lareverie-logo.jpg","url":"https:\/\/reflejarte.es\/lareverie\/wp-content\/uploads\/2018\/09\/lareverie-logo.jpg","contentUrl":"https:\/\/reflejarte.es\/lareverie\/wp-content\/uploads\/2018\/09\/lareverie-logo.jpg","width":512,"height":512,"caption":"La R\u00eaverie"},"logo":{"@id":"https:\/\/reflejarte.es\/lareverie\/wp-content\/uploads\/2018\/09\/lareverie-logo.jpg"}}]}},"_links":{"self":[{"href":"https:\/\/reflejarte.es\/lareverie\/wp-json\/wp\/v2\/pages\/1140","targetHints":{"allow":["GET"]}}],"collection":[{"href":"https:\/\/reflejarte.es\/lareverie\/wp-json\/wp\/v2\/pages"}],"about":[{"href":"https:\/\/reflejarte.es\/lareverie\/wp-json\/wp\/v2\/types\/page"}],"author":[{"embeddable":true,"href":"https:\/\/reflejarte.es\/lareverie\/wp-json\/wp\/v2\/users\/1"}],"replies":[{"embeddable":true,"href":"https:\/\/reflejarte.es\/lareverie\/wp-json\/wp\/v2\/comments?post=1140"}],"version-history":[{"count":5,"href":"https:\/\/reflejarte.es\/lareverie\/wp-json\/wp\/v2\/pages\/1140\/revisions"}],"predecessor-version":[{"id":1894,"href":"https:\/\/reflejarte.es\/lareverie\/wp-json\/wp\/v2\/pages\/1140\/revisions\/1894"}],"up":[{"embeddable":true,"href":"https:\/\/reflejarte.es\/lareverie\/wp-json\/wp\/v2\/pages\/1108"}],"wp:attachment":[{"href":"https:\/\/reflejarte.es\/lareverie\/wp-json\/wp\/v2\/media?parent=1140"}],"curies":[{"name":"wp","href":"https:\/\/api.w.org\/{rel}","templated":true}]}}