{"id":1123,"date":"2018-10-01T12:12:20","date_gmt":"2018-10-01T12:12:20","guid":{"rendered":"https:\/\/reflejarte.es\/tallercreativo\/?page_id=1123"},"modified":"2022-03-31T11:23:08","modified_gmt":"2022-03-31T11:23:08","slug":"juan-manuel-rubio-santur-oud","status":"publish","type":"page","link":"https:\/\/reflejarte.es\/lareverie\/los-musicos-de-la-reverie\/juan-manuel-rubio-santur-oud\/","title":{"rendered":"Juan Manuel Rubio, santur y oud"},"content":{"rendered":"<h2>Los m\u00fasicos de La R\u00eaverie<a href=\"https:\/\/reflejarte.es\/lareverie\/wp-content\/uploads\/2018\/09\/LaReverie-JuanManuelRubio.jpg\"><img loading=\"lazy\" decoding=\"async\" class=\"size-medium wp-image-1008 alignright\" src=\"https:\/\/reflejarte.es\/lareverie\/wp-content\/uploads\/2018\/09\/LaReverie-JuanManuelRubio-269x300.jpg\" alt=\"La Reverie \u00b7 Juan Manuel Rubio\" width=\"269\" height=\"300\" srcset=\"https:\/\/reflejarte.es\/lareverie\/wp-content\/uploads\/2018\/09\/LaReverie-JuanManuelRubio-269x300.jpg 269w, https:\/\/reflejarte.es\/lareverie\/wp-content\/uploads\/2018\/09\/LaReverie-JuanManuelRubio-135x150.jpg 135w, https:\/\/reflejarte.es\/lareverie\/wp-content\/uploads\/2018\/09\/LaReverie-JuanManuelRubio.jpg 300w\" sizes=\"auto, (max-width: 269px) 100vw, 269px\" \/><\/a><\/h2>\n<h1>Juan Manuel Rubio, santur y oud<\/h1>\n<p>&nbsp;<\/p>\n<p>Multiinstrumentista de orientaci\u00f3n esencialmente autodidacta, nacido en Jerez de la Frontera (C\u00e1diz) el 30 de Mayo de 1972, una noche de luna menguante.<\/p>\n<p>Su inter\u00e9s por la m\u00fasica antigua, \u00e9tnica y de corte tradicional le ha llevado a progresar en un inagotable itinerario musical a trav\u00e9s de distintos instrumentos como el Rabel, Zanfo\u00f1a y otros instrumentos de la tradici\u00f3n peninsular ib\u00e9rica o el Crwth o Arpa de la tradici\u00f3n b\u00e1rdica galesa.<\/p>\n<p>Posteriormente inicia un apasionante descubrimiento de la m\u00fasica \u00e1rabe, turca y persa de la mano de maestros insignes como son Amin Chaachoo (Tetuan), Necati \u00c7elik y Oru\u00e7 Guven\u00e7 (Estambul) con quienes destaca en la interpretaci\u00f3n del Oud.<\/p>\n<p>&nbsp;<\/p>\n<p>En Estambul tambi\u00e9n inicia su formaci\u00f3n como int\u00e9rpr<a href=\"https:\/\/reflejarte.es\/lareverie\/wp-content\/uploads\/2018\/09\/laReverie-JuanmaRubio-santur.jpg\"><img loading=\"lazy\" decoding=\"async\" class=\"size-medium wp-image-1011 alignleft\" src=\"https:\/\/reflejarte.es\/lareverie\/wp-content\/uploads\/2018\/09\/laReverie-JuanmaRubio-santur-225x300.jpg\" alt=\"La Reverie \u00b7 Juan Manuel Rubio, oud\" width=\"225\" height=\"300\" srcset=\"https:\/\/reflejarte.es\/lareverie\/wp-content\/uploads\/2018\/09\/laReverie-JuanmaRubio-santur-225x300.jpg 225w, https:\/\/reflejarte.es\/lareverie\/wp-content\/uploads\/2018\/09\/laReverie-JuanmaRubio-santur-113x150.jpg 113w, https:\/\/reflejarte.es\/lareverie\/wp-content\/uploads\/2018\/09\/laReverie-JuanmaRubio-santur.jpg 300w\" sizes=\"auto, (max-width: 225px) 100vw, 225px\" \/><\/a>ete de Baglama y Saz con profesores destacados como Suhat Baktagir y Tarik Aydoglu, de Santur y Qanun con Osman Aksu.<\/p>\n<p>Una formaci\u00f3n cont\u00ednua que hoy d\u00eda le ha hecho especializarse en la interpretaci\u00f3n y estudio de \u00e9stos y m\u00e1s instrumentos como Rebec, Viola de arco, Kemanja, Qanun, La\u00fad, etc\u2026<\/p>\n<p>Desde 1999 ha participado y colaborado en formaciones diversas de m\u00fasica antigua, tradicional, oriental y mediterr\u00e1nea como \u00c1brigu, Bran Ruz, Alquimia, Arte Factvm, Caravasar, Estambul, El Sombrero del Alquimista, Capella de Ministrers, L\u00b4ham de Foc, Ross Daly, Samarcanda, Mediterr\u00e1nea, Z\u00e9jel, Durendal Ensemble, Capilla de M\u00fasica Antigua de Chinchilla, Estampida Real,Yasmine Levy, Dufay Collective, Estampie, Orquesta del Conservatorio de Tetu\u00e1n, Schola Gregoriana Hispana.<br \/>\nCon estas formaciones ha participado en los festivales y espacios esc\u00e9nicos m\u00e1s importantes de m\u00fasica antigua y tradicional del territorio nacional ( Gij\u00f3n, Sevilla, Barcelona, Girona, C\u00e1ceres, Valencia, Castell\u00f3n, Granada, Toledo, San Sebasti\u00e1n, Salamanca, etc..) e internacional en pa\u00edses como Marruecos, Argelia, T\u00fanez, Italia, Alemania, Francia, Rep. Pop. China, EE.UU., Grecia, Pa\u00edses Bajos, Brasil, Cuba, etc&#8230;<\/p>\n<p>&nbsp;<\/p>\n<p>&nbsp;<\/p>\n","protected":false},"excerpt":{"rendered":"<p>Los m\u00fasicos de La R\u00eaverie Juan Manuel Rubio, santur y oud &nbsp; Multiinstrumentista de orientaci\u00f3n esencialmente autodidacta, nacido en Jerez de la Frontera (C\u00e1diz) el 30 de Mayo de 1972, una noche de luna menguante&#8230;.<\/p>\n<p> <a class=\"continue-reading-link\" href=\"https:\/\/reflejarte.es\/lareverie\/los-musicos-de-la-reverie\/juan-manuel-rubio-santur-oud\/\"><span>seguir leyendo &#8230;<\/span><i class=\"crycon-right-dir\"><\/i><\/a> <\/p>\n","protected":false},"author":1,"featured_media":0,"parent":1108,"menu_order":0,"comment_status":"closed","ping_status":"closed","template":"","meta":{"footnotes":""},"class_list":["post-1123","page","type-page","status-publish","hentry"],"yoast_head":"<!-- This site is optimized with the Yoast SEO plugin v27.3 - https:\/\/yoast.com\/product\/yoast-seo-wordpress\/ -->\n<title>Juan Manuel Rubio, santur y oud &#183; La R\u00eaverie<\/title>\n<meta name=\"description\" content=\"Juan Manuel Rubio, santur y oud &#183; La R\u00eaverie\" \/>\n<meta name=\"robots\" content=\"index, follow, max-snippet:-1, max-image-preview:large, max-video-preview:-1\" \/>\n<link rel=\"canonical\" href=\"https:\/\/reflejarte.es\/lareverie\/los-musicos-de-la-reverie\/juan-manuel-rubio-santur-oud\/\" \/>\n<meta property=\"og:locale\" content=\"es_ES\" \/>\n<meta property=\"og:type\" content=\"article\" \/>\n<meta property=\"og:title\" content=\"Juan Manuel Rubio, santur y oud &#183; La R\u00eaverie\" \/>\n<meta property=\"og:description\" content=\"Juan Manuel Rubio, santur y oud &#183; La R\u00eaverie\" \/>\n<meta property=\"og:url\" content=\"https:\/\/reflejarte.es\/lareverie\/los-musicos-de-la-reverie\/juan-manuel-rubio-santur-oud\/\" \/>\n<meta property=\"og:site_name\" content=\"La R\u00eaverie\" \/>\n<meta property=\"article:modified_time\" content=\"2022-03-31T11:23:08+00:00\" \/>\n<meta property=\"og:image\" content=\"https:\/\/reflejarte.es\/lareverie\/wp-content\/uploads\/2018\/09\/LaReverie-JuanManuelRubio-269x300.jpg\" \/>\n<meta name=\"twitter:card\" content=\"summary_large_image\" \/>\n<meta name=\"twitter:label1\" content=\"Tiempo de lectura\" \/>\n\t<meta name=\"twitter:data1\" content=\"2 minutos\" \/>\n<script type=\"application\/ld+json\" class=\"yoast-schema-graph\">{\"@context\":\"https:\\\/\\\/schema.org\",\"@graph\":[{\"@type\":\"WebPage\",\"@id\":\"https:\\\/\\\/reflejarte.es\\\/lareverie\\\/los-musicos-de-la-reverie\\\/juan-manuel-rubio-santur-oud\\\/\",\"url\":\"https:\\\/\\\/reflejarte.es\\\/lareverie\\\/los-musicos-de-la-reverie\\\/juan-manuel-rubio-santur-oud\\\/\",\"name\":\"Juan Manuel Rubio, santur y oud &#183; La R\u00eaverie\",\"isPartOf\":{\"@id\":\"https:\\\/\\\/reflejarte.es\\\/lareverie\\\/#website\"},\"primaryImageOfPage\":{\"@id\":\"https:\\\/\\\/reflejarte.es\\\/lareverie\\\/los-musicos-de-la-reverie\\\/juan-manuel-rubio-santur-oud\\\/#primaryimage\"},\"image\":{\"@id\":\"https:\\\/\\\/reflejarte.es\\\/lareverie\\\/los-musicos-de-la-reverie\\\/juan-manuel-rubio-santur-oud\\\/#primaryimage\"},\"thumbnailUrl\":\"https:\\\/\\\/reflejarte.es\\\/lareverie\\\/wp-content\\\/uploads\\\/2018\\\/09\\\/LaReverie-JuanManuelRubio-269x300.jpg\",\"datePublished\":\"2018-10-01T12:12:20+00:00\",\"dateModified\":\"2022-03-31T11:23:08+00:00\",\"description\":\"Juan Manuel Rubio, santur y oud &#183; La R\u00eaverie\",\"breadcrumb\":{\"@id\":\"https:\\\/\\\/reflejarte.es\\\/lareverie\\\/los-musicos-de-la-reverie\\\/juan-manuel-rubio-santur-oud\\\/#breadcrumb\"},\"inLanguage\":\"es\",\"potentialAction\":[{\"@type\":\"ReadAction\",\"target\":[\"https:\\\/\\\/reflejarte.es\\\/lareverie\\\/los-musicos-de-la-reverie\\\/juan-manuel-rubio-santur-oud\\\/\"]}]},{\"@type\":\"ImageObject\",\"inLanguage\":\"es\",\"@id\":\"https:\\\/\\\/reflejarte.es\\\/lareverie\\\/los-musicos-de-la-reverie\\\/juan-manuel-rubio-santur-oud\\\/#primaryimage\",\"url\":\"https:\\\/\\\/reflejarte.es\\\/lareverie\\\/wp-content\\\/uploads\\\/2018\\\/09\\\/LaReverie-JuanManuelRubio.jpg\",\"contentUrl\":\"https:\\\/\\\/reflejarte.es\\\/lareverie\\\/wp-content\\\/uploads\\\/2018\\\/09\\\/LaReverie-JuanManuelRubio.jpg\",\"width\":300,\"height\":334,\"caption\":\"La Reverie \u00b7 Juan Manuel Rubio\"},{\"@type\":\"BreadcrumbList\",\"@id\":\"https:\\\/\\\/reflejarte.es\\\/lareverie\\\/los-musicos-de-la-reverie\\\/juan-manuel-rubio-santur-oud\\\/#breadcrumb\",\"itemListElement\":[{\"@type\":\"ListItem\",\"position\":1,\"name\":\"Inicio\",\"item\":\"https:\\\/\\\/reflejarte.es\\\/lareverie\\\/\"},{\"@type\":\"ListItem\",\"position\":2,\"name\":\"Los m\u00fasicos de La R\u00eaverie\",\"item\":\"https:\\\/\\\/reflejarte.es\\\/lareverie\\\/los-musicos-de-la-reverie\\\/\"},{\"@type\":\"ListItem\",\"position\":3,\"name\":\"Juan Manuel Rubio, santur y oud\"}]},{\"@type\":\"WebSite\",\"@id\":\"https:\\\/\\\/reflejarte.es\\\/lareverie\\\/#website\",\"url\":\"https:\\\/\\\/reflejarte.es\\\/lareverie\\\/\",\"name\":\"La R\u00eaverie\",\"description\":\"pasi\u00f3n por la m\u00fasica bien hecha\",\"publisher\":{\"@id\":\"https:\\\/\\\/reflejarte.es\\\/lareverie\\\/#\\\/schema\\\/person\\\/5c48ca5d852a6ac613afecdcdad33430\"},\"potentialAction\":[{\"@type\":\"SearchAction\",\"target\":{\"@type\":\"EntryPoint\",\"urlTemplate\":\"https:\\\/\\\/reflejarte.es\\\/lareverie\\\/?s={search_term_string}\"},\"query-input\":{\"@type\":\"PropertyValueSpecification\",\"valueRequired\":true,\"valueName\":\"search_term_string\"}}],\"inLanguage\":\"es\"},{\"@type\":[\"Person\",\"Organization\"],\"@id\":\"https:\\\/\\\/reflejarte.es\\\/lareverie\\\/#\\\/schema\\\/person\\\/5c48ca5d852a6ac613afecdcdad33430\",\"name\":\"La R\u00eaverie\",\"image\":{\"@type\":\"ImageObject\",\"inLanguage\":\"es\",\"@id\":\"https:\\\/\\\/reflejarte.es\\\/lareverie\\\/wp-content\\\/uploads\\\/2018\\\/09\\\/lareverie-logo.jpg\",\"url\":\"https:\\\/\\\/reflejarte.es\\\/lareverie\\\/wp-content\\\/uploads\\\/2018\\\/09\\\/lareverie-logo.jpg\",\"contentUrl\":\"https:\\\/\\\/reflejarte.es\\\/lareverie\\\/wp-content\\\/uploads\\\/2018\\\/09\\\/lareverie-logo.jpg\",\"width\":512,\"height\":512,\"caption\":\"La R\u00eaverie\"},\"logo\":{\"@id\":\"https:\\\/\\\/reflejarte.es\\\/lareverie\\\/wp-content\\\/uploads\\\/2018\\\/09\\\/lareverie-logo.jpg\"}}]}<\/script>\n<!-- \/ Yoast SEO plugin. -->","yoast_head_json":{"title":"Juan Manuel Rubio, santur y oud &#183; La R\u00eaverie","description":"Juan Manuel Rubio, santur y oud &#183; La R\u00eaverie","robots":{"index":"index","follow":"follow","max-snippet":"max-snippet:-1","max-image-preview":"max-image-preview:large","max-video-preview":"max-video-preview:-1"},"canonical":"https:\/\/reflejarte.es\/lareverie\/los-musicos-de-la-reverie\/juan-manuel-rubio-santur-oud\/","og_locale":"es_ES","og_type":"article","og_title":"Juan Manuel Rubio, santur y oud &#183; La R\u00eaverie","og_description":"Juan Manuel Rubio, santur y oud &#183; La R\u00eaverie","og_url":"https:\/\/reflejarte.es\/lareverie\/los-musicos-de-la-reverie\/juan-manuel-rubio-santur-oud\/","og_site_name":"La R\u00eaverie","article_modified_time":"2022-03-31T11:23:08+00:00","og_image":[{"url":"https:\/\/reflejarte.es\/lareverie\/wp-content\/uploads\/2018\/09\/LaReverie-JuanManuelRubio-269x300.jpg","type":"","width":"","height":""}],"twitter_card":"summary_large_image","twitter_misc":{"Tiempo de lectura":"2 minutos"},"schema":{"@context":"https:\/\/schema.org","@graph":[{"@type":"WebPage","@id":"https:\/\/reflejarte.es\/lareverie\/los-musicos-de-la-reverie\/juan-manuel-rubio-santur-oud\/","url":"https:\/\/reflejarte.es\/lareverie\/los-musicos-de-la-reverie\/juan-manuel-rubio-santur-oud\/","name":"Juan Manuel Rubio, santur y oud &#183; La R\u00eaverie","isPartOf":{"@id":"https:\/\/reflejarte.es\/lareverie\/#website"},"primaryImageOfPage":{"@id":"https:\/\/reflejarte.es\/lareverie\/los-musicos-de-la-reverie\/juan-manuel-rubio-santur-oud\/#primaryimage"},"image":{"@id":"https:\/\/reflejarte.es\/lareverie\/los-musicos-de-la-reverie\/juan-manuel-rubio-santur-oud\/#primaryimage"},"thumbnailUrl":"https:\/\/reflejarte.es\/lareverie\/wp-content\/uploads\/2018\/09\/LaReverie-JuanManuelRubio-269x300.jpg","datePublished":"2018-10-01T12:12:20+00:00","dateModified":"2022-03-31T11:23:08+00:00","description":"Juan Manuel Rubio, santur y oud &#183; La R\u00eaverie","breadcrumb":{"@id":"https:\/\/reflejarte.es\/lareverie\/los-musicos-de-la-reverie\/juan-manuel-rubio-santur-oud\/#breadcrumb"},"inLanguage":"es","potentialAction":[{"@type":"ReadAction","target":["https:\/\/reflejarte.es\/lareverie\/los-musicos-de-la-reverie\/juan-manuel-rubio-santur-oud\/"]}]},{"@type":"ImageObject","inLanguage":"es","@id":"https:\/\/reflejarte.es\/lareverie\/los-musicos-de-la-reverie\/juan-manuel-rubio-santur-oud\/#primaryimage","url":"https:\/\/reflejarte.es\/lareverie\/wp-content\/uploads\/2018\/09\/LaReverie-JuanManuelRubio.jpg","contentUrl":"https:\/\/reflejarte.es\/lareverie\/wp-content\/uploads\/2018\/09\/LaReverie-JuanManuelRubio.jpg","width":300,"height":334,"caption":"La Reverie \u00b7 Juan Manuel Rubio"},{"@type":"BreadcrumbList","@id":"https:\/\/reflejarte.es\/lareverie\/los-musicos-de-la-reverie\/juan-manuel-rubio-santur-oud\/#breadcrumb","itemListElement":[{"@type":"ListItem","position":1,"name":"Inicio","item":"https:\/\/reflejarte.es\/lareverie\/"},{"@type":"ListItem","position":2,"name":"Los m\u00fasicos de La R\u00eaverie","item":"https:\/\/reflejarte.es\/lareverie\/los-musicos-de-la-reverie\/"},{"@type":"ListItem","position":3,"name":"Juan Manuel Rubio, santur y oud"}]},{"@type":"WebSite","@id":"https:\/\/reflejarte.es\/lareverie\/#website","url":"https:\/\/reflejarte.es\/lareverie\/","name":"La R\u00eaverie","description":"pasi\u00f3n por la m\u00fasica bien hecha","publisher":{"@id":"https:\/\/reflejarte.es\/lareverie\/#\/schema\/person\/5c48ca5d852a6ac613afecdcdad33430"},"potentialAction":[{"@type":"SearchAction","target":{"@type":"EntryPoint","urlTemplate":"https:\/\/reflejarte.es\/lareverie\/?s={search_term_string}"},"query-input":{"@type":"PropertyValueSpecification","valueRequired":true,"valueName":"search_term_string"}}],"inLanguage":"es"},{"@type":["Person","Organization"],"@id":"https:\/\/reflejarte.es\/lareverie\/#\/schema\/person\/5c48ca5d852a6ac613afecdcdad33430","name":"La R\u00eaverie","image":{"@type":"ImageObject","inLanguage":"es","@id":"https:\/\/reflejarte.es\/lareverie\/wp-content\/uploads\/2018\/09\/lareverie-logo.jpg","url":"https:\/\/reflejarte.es\/lareverie\/wp-content\/uploads\/2018\/09\/lareverie-logo.jpg","contentUrl":"https:\/\/reflejarte.es\/lareverie\/wp-content\/uploads\/2018\/09\/lareverie-logo.jpg","width":512,"height":512,"caption":"La R\u00eaverie"},"logo":{"@id":"https:\/\/reflejarte.es\/lareverie\/wp-content\/uploads\/2018\/09\/lareverie-logo.jpg"}}]}},"_links":{"self":[{"href":"https:\/\/reflejarte.es\/lareverie\/wp-json\/wp\/v2\/pages\/1123","targetHints":{"allow":["GET"]}}],"collection":[{"href":"https:\/\/reflejarte.es\/lareverie\/wp-json\/wp\/v2\/pages"}],"about":[{"href":"https:\/\/reflejarte.es\/lareverie\/wp-json\/wp\/v2\/types\/page"}],"author":[{"embeddable":true,"href":"https:\/\/reflejarte.es\/lareverie\/wp-json\/wp\/v2\/users\/1"}],"replies":[{"embeddable":true,"href":"https:\/\/reflejarte.es\/lareverie\/wp-json\/wp\/v2\/comments?post=1123"}],"version-history":[{"count":8,"href":"https:\/\/reflejarte.es\/lareverie\/wp-json\/wp\/v2\/pages\/1123\/revisions"}],"predecessor-version":[{"id":1889,"href":"https:\/\/reflejarte.es\/lareverie\/wp-json\/wp\/v2\/pages\/1123\/revisions\/1889"}],"up":[{"embeddable":true,"href":"https:\/\/reflejarte.es\/lareverie\/wp-json\/wp\/v2\/pages\/1108"}],"wp:attachment":[{"href":"https:\/\/reflejarte.es\/lareverie\/wp-json\/wp\/v2\/media?parent=1123"}],"curies":[{"name":"wp","href":"https:\/\/api.w.org\/{rel}","templated":true}]}}