{"id":1108,"date":"2018-09-30T16:44:49","date_gmt":"2018-09-30T16:44:49","guid":{"rendered":"https:\/\/reflejarte.es\/tallercreativo\/?page_id=1108"},"modified":"2022-04-10T10:28:46","modified_gmt":"2022-04-10T10:28:46","slug":"los-musicos-de-la-reverie","status":"publish","type":"page","link":"https:\/\/reflejarte.es\/lareverie\/los-musicos-de-la-reverie\/","title":{"rendered":"Los m\u00fasicos de La R\u00eaverie"},"content":{"rendered":"<h1><a href=\"https:\/\/reflejarte.es\/lareverie\/wp-content\/uploads\/2018\/09\/LaReverie-Ensemble-1.jpg\"><img loading=\"lazy\" decoding=\"async\" class=\"size-medium wp-image-1005 alignleft\" src=\"https:\/\/reflejarte.es\/lareverie\/wp-content\/uploads\/2018\/09\/LaReverie-Ensemble-1-300x92.jpg\" alt=\"\" width=\"300\" height=\"92\" srcset=\"https:\/\/reflejarte.es\/lareverie\/wp-content\/uploads\/2018\/09\/LaReverie-Ensemble-1-300x92.jpg 300w, https:\/\/reflejarte.es\/lareverie\/wp-content\/uploads\/2018\/09\/LaReverie-Ensemble-1-768x236.jpg 768w, https:\/\/reflejarte.es\/lareverie\/wp-content\/uploads\/2018\/09\/LaReverie-Ensemble-1-150x46.jpg 150w, https:\/\/reflejarte.es\/lareverie\/wp-content\/uploads\/2018\/09\/LaReverie-Ensemble-1-250x77.jpg 250w, https:\/\/reflejarte.es\/lareverie\/wp-content\/uploads\/2018\/09\/LaReverie-Ensemble-1.jpg 800w\" sizes=\"auto, (max-width: 300px) 100vw, 300px\" \/><\/a>Los m\u00fasicos de<br \/>\nLa R\u00eaverie<\/h1>\n<p>&nbsp;<\/p>\n<p>Juan Manuel Rubio y Esteban Canyar crearon La R\u00eaverie en 2010.<br \/>\nM\u00fasicos de largo recorrido, han tocado en formaciones como L`Ham de Foc, Capella de Ministrers o El Sombrero del Alquimista, han ofrecido conciertos en diversas zonas del mundo y han grabado o participado en un buen n\u00famero de discos.<br \/>\nEn sucesivos proyectos, otros m\u00fasicos amigos de excelente calidad se han sumado a la idea: Palmira Irisarri, voz, Angel Mart\u00edn, percusi\u00f3n, Yolanda Campos, cantante, e Inmaculada G\u00f3mez, flauta travesera.<\/p>\n<p>En los siguientes enlaces puedes obtener informaci\u00f3n m\u00e1s detallada sobre todos ellos.<\/p>\n<p>Aqu\u00ed te los presentamos con m\u00e1s detalle:<\/p>\n<p><a href=\"https:\/\/reflejarte.es\/lareverie\/wp-content\/uploads\/2018\/09\/ensemble_La_Reverie.gif\"><img loading=\"lazy\" decoding=\"async\" class=\"size-full wp-image-993 alignright\" src=\"https:\/\/reflejarte.es\/lareverie\/wp-content\/uploads\/2018\/09\/ensemble_La_Reverie.gif\" alt=\"Los m\u00fasicos de La R\u00eaverie\" width=\"420\" height=\"310\" \/><\/a><\/p>\n<p>&nbsp;<\/p>\n<p><a href=\"https:\/\/reflejarte.es\/lareverie\/los-musicos-de-la-reverie\/juan-manuel-rubio\/\"><b>Juan Manuel Rubio<\/b><\/a><b><\/b><\/p>\n<p><a href=\"https:\/\/reflejarte.es\/lareverie\/los-musicos-de-la-reverie\/manuel-esteban-canyar-guitarra-vihuela-composicion\/\"><b>Esteban Canyar<\/b><\/a><\/p>\n<p><a href=\"https:\/\/reflejarte.es\/lareverie\/los-musicos-de-la-reverie\/palmira-irisarri-musicologa-soprano\/\"><b>Palmira Irisarri<\/b><\/a><\/p>\n<p><a href=\"https:\/\/reflejarte.es\/lareverie\/los-musicos-de-la-reverie\/angel-martin-percusiones\/\"><b>\u00c1ngel Mart\u00edn<\/b><\/a><\/p>\n<p><a href=\"https:\/\/reflejarte.es\/lareverie\/los-musicos-de-la-reverie\/inmaculada-gomez\/\"><b>Inmaculada G\u00f3mez<\/b><\/a><\/p>\n<p><a href=\"https:\/\/reflejarte.es\/lareverie\/los-musicos-de-la-reverie\/yolanda-campos\/\"><b>Yolanda Campos<\/b><\/a><\/p>\n<p>&nbsp;<\/p>\n<p>&nbsp;<\/p>\n<p align=\"right\">\n","protected":false},"excerpt":{"rendered":"<p>Los m\u00fasicos de La R\u00eaverie &nbsp; Juan Manuel Rubio y Esteban Canyar crearon La R\u00eaverie en 2010. M\u00fasicos de largo recorrido, han tocado en formaciones como L`Ham de Foc, Capella de Ministrers o El Sombrero&#8230;<\/p>\n<p> <a class=\"continue-reading-link\" href=\"https:\/\/reflejarte.es\/lareverie\/los-musicos-de-la-reverie\/\"><span>seguir leyendo &#8230;<\/span><i class=\"crycon-right-dir\"><\/i><\/a> <\/p>\n","protected":false},"author":1,"featured_media":993,"parent":0,"menu_order":0,"comment_status":"closed","ping_status":"closed","template":"","meta":{"footnotes":""},"class_list":["post-1108","page","type-page","status-publish","has-post-thumbnail","hentry"],"yoast_head":"<!-- This site is optimized with the Yoast SEO plugin v27.3 - https:\/\/yoast.com\/product\/yoast-seo-wordpress\/ -->\n<title>Los m\u00fasicos de La R\u00eaverie &#183;<\/title>\n<meta name=\"description\" content=\"Los m\u00fasicos de La R\u00eaverie &#183; Manuel Esteban Canyar &#183; Juan Manuel Rubio &#183; Palmira Irisarri &#183; \u00c1ngel Mart\u00edn &#183; Inmaculada G\u00f3mez &#183; Yolanda Campos\" \/>\n<meta name=\"robots\" content=\"index, follow, max-snippet:-1, max-image-preview:large, max-video-preview:-1\" \/>\n<link rel=\"canonical\" href=\"https:\/\/reflejarte.es\/lareverie\/concierto-presentacion-de-canciones-redondas-rounded-songs\/\" \/>\n<meta property=\"og:locale\" content=\"es_ES\" \/>\n<meta property=\"og:type\" content=\"article\" \/>\n<meta property=\"og:title\" content=\"Los m\u00fasicos de La R\u00eaverie &#183;\" \/>\n<meta property=\"og:description\" content=\"Los m\u00fasicos de La R\u00eaverie &#183; Manuel Esteban Canyar &#183; Juan Manuel Rubio &#183; Palmira Irisarri &#183; \u00c1ngel Mart\u00edn &#183; Inmaculada G\u00f3mez &#183; Yolanda Campos\" \/>\n<meta property=\"og:url\" content=\"https:\/\/reflejarte.es\/lareverie\/concierto-presentacion-de-canciones-redondas-rounded-songs\/\" \/>\n<meta property=\"og:site_name\" content=\"La R\u00eaverie\" \/>\n<meta property=\"article:modified_time\" content=\"2022-04-10T10:28:46+00:00\" \/>\n<meta property=\"og:image\" content=\"https:\/\/reflejarte.es\/lareverie\/wp-content\/uploads\/2018\/09\/ensemble_La_Reverie.gif\" \/>\n\t<meta property=\"og:image:width\" content=\"420\" \/>\n\t<meta property=\"og:image:height\" content=\"310\" \/>\n\t<meta property=\"og:image:type\" content=\"image\/gif\" \/>\n<meta name=\"twitter:card\" content=\"summary_large_image\" \/>\n<meta name=\"twitter:label1\" content=\"Tiempo de lectura\" \/>\n\t<meta name=\"twitter:data1\" content=\"1 minuto\" \/>\n<script type=\"application\/ld+json\" class=\"yoast-schema-graph\">{\"@context\":\"https:\\\/\\\/schema.org\",\"@graph\":[{\"@type\":\"WebPage\",\"@id\":\"https:\\\/\\\/reflejarte.es\\\/lareverie\\\/los-musicos-de-la-reverie\\\/\",\"url\":\"https:\\\/\\\/reflejarte.es\\\/lareverie\\\/concierto-presentacion-de-canciones-redondas-rounded-songs\\\/\",\"name\":\"Los m\u00fasicos de La R\u00eaverie &#183;\",\"isPartOf\":{\"@id\":\"https:\\\/\\\/reflejarte.es\\\/lareverie\\\/#website\"},\"primaryImageOfPage\":{\"@id\":\"https:\\\/\\\/reflejarte.es\\\/lareverie\\\/concierto-presentacion-de-canciones-redondas-rounded-songs\\\/#primaryimage\"},\"image\":{\"@id\":\"https:\\\/\\\/reflejarte.es\\\/lareverie\\\/concierto-presentacion-de-canciones-redondas-rounded-songs\\\/#primaryimage\"},\"thumbnailUrl\":\"https:\\\/\\\/reflejarte.es\\\/lareverie\\\/wp-content\\\/uploads\\\/2018\\\/09\\\/ensemble_La_Reverie.gif\",\"datePublished\":\"2018-09-30T16:44:49+00:00\",\"dateModified\":\"2022-04-10T10:28:46+00:00\",\"description\":\"Los m\u00fasicos de La R\u00eaverie &#183; Manuel Esteban Canyar &#183; Juan Manuel Rubio &#183; Palmira Irisarri &#183; \u00c1ngel Mart\u00edn &#183; Inmaculada G\u00f3mez &#183; Yolanda Campos\",\"breadcrumb\":{\"@id\":\"https:\\\/\\\/reflejarte.es\\\/lareverie\\\/concierto-presentacion-de-canciones-redondas-rounded-songs\\\/#breadcrumb\"},\"inLanguage\":\"es\",\"potentialAction\":[{\"@type\":\"ReadAction\",\"target\":[\"https:\\\/\\\/reflejarte.es\\\/lareverie\\\/concierto-presentacion-de-canciones-redondas-rounded-songs\\\/\"]}]},{\"@type\":\"ImageObject\",\"inLanguage\":\"es\",\"@id\":\"https:\\\/\\\/reflejarte.es\\\/lareverie\\\/concierto-presentacion-de-canciones-redondas-rounded-songs\\\/#primaryimage\",\"url\":\"https:\\\/\\\/reflejarte.es\\\/lareverie\\\/wp-content\\\/uploads\\\/2018\\\/09\\\/ensemble_La_Reverie.gif\",\"contentUrl\":\"https:\\\/\\\/reflejarte.es\\\/lareverie\\\/wp-content\\\/uploads\\\/2018\\\/09\\\/ensemble_La_Reverie.gif\",\"width\":420,\"height\":310,\"caption\":\"Los m\u00fasicos de La R\u00eaverie\"},{\"@type\":\"BreadcrumbList\",\"@id\":\"https:\\\/\\\/reflejarte.es\\\/lareverie\\\/concierto-presentacion-de-canciones-redondas-rounded-songs\\\/#breadcrumb\",\"itemListElement\":[{\"@type\":\"ListItem\",\"position\":1,\"name\":\"Inicio\",\"item\":\"https:\\\/\\\/reflejarte.es\\\/lareverie\\\/\"},{\"@type\":\"ListItem\",\"position\":2,\"name\":\"Los m\u00fasicos de La R\u00eaverie\"}]},{\"@type\":\"WebSite\",\"@id\":\"https:\\\/\\\/reflejarte.es\\\/lareverie\\\/#website\",\"url\":\"https:\\\/\\\/reflejarte.es\\\/lareverie\\\/\",\"name\":\"La R\u00eaverie\",\"description\":\"pasi\u00f3n por la m\u00fasica bien hecha\",\"publisher\":{\"@id\":\"https:\\\/\\\/reflejarte.es\\\/lareverie\\\/#\\\/schema\\\/person\\\/5c48ca5d852a6ac613afecdcdad33430\"},\"potentialAction\":[{\"@type\":\"SearchAction\",\"target\":{\"@type\":\"EntryPoint\",\"urlTemplate\":\"https:\\\/\\\/reflejarte.es\\\/lareverie\\\/?s={search_term_string}\"},\"query-input\":{\"@type\":\"PropertyValueSpecification\",\"valueRequired\":true,\"valueName\":\"search_term_string\"}}],\"inLanguage\":\"es\"},{\"@type\":[\"Person\",\"Organization\"],\"@id\":\"https:\\\/\\\/reflejarte.es\\\/lareverie\\\/#\\\/schema\\\/person\\\/5c48ca5d852a6ac613afecdcdad33430\",\"name\":\"La R\u00eaverie\",\"image\":{\"@type\":\"ImageObject\",\"inLanguage\":\"es\",\"@id\":\"https:\\\/\\\/reflejarte.es\\\/lareverie\\\/wp-content\\\/uploads\\\/2018\\\/09\\\/lareverie-logo.jpg\",\"url\":\"https:\\\/\\\/reflejarte.es\\\/lareverie\\\/wp-content\\\/uploads\\\/2018\\\/09\\\/lareverie-logo.jpg\",\"contentUrl\":\"https:\\\/\\\/reflejarte.es\\\/lareverie\\\/wp-content\\\/uploads\\\/2018\\\/09\\\/lareverie-logo.jpg\",\"width\":512,\"height\":512,\"caption\":\"La R\u00eaverie\"},\"logo\":{\"@id\":\"https:\\\/\\\/reflejarte.es\\\/lareverie\\\/wp-content\\\/uploads\\\/2018\\\/09\\\/lareverie-logo.jpg\"}}]}<\/script>\n<!-- \/ Yoast SEO plugin. -->","yoast_head_json":{"title":"Los m\u00fasicos de La R\u00eaverie &#183;","description":"Los m\u00fasicos de La R\u00eaverie &#183; Manuel Esteban Canyar &#183; Juan Manuel Rubio &#183; Palmira Irisarri &#183; \u00c1ngel Mart\u00edn &#183; Inmaculada G\u00f3mez &#183; Yolanda Campos","robots":{"index":"index","follow":"follow","max-snippet":"max-snippet:-1","max-image-preview":"max-image-preview:large","max-video-preview":"max-video-preview:-1"},"canonical":"https:\/\/reflejarte.es\/lareverie\/concierto-presentacion-de-canciones-redondas-rounded-songs\/","og_locale":"es_ES","og_type":"article","og_title":"Los m\u00fasicos de La R\u00eaverie &#183;","og_description":"Los m\u00fasicos de La R\u00eaverie &#183; Manuel Esteban Canyar &#183; Juan Manuel Rubio &#183; Palmira Irisarri &#183; \u00c1ngel Mart\u00edn &#183; Inmaculada G\u00f3mez &#183; Yolanda Campos","og_url":"https:\/\/reflejarte.es\/lareverie\/concierto-presentacion-de-canciones-redondas-rounded-songs\/","og_site_name":"La R\u00eaverie","article_modified_time":"2022-04-10T10:28:46+00:00","og_image":[{"width":420,"height":310,"url":"https:\/\/reflejarte.es\/lareverie\/wp-content\/uploads\/2018\/09\/ensemble_La_Reverie.gif","type":"image\/gif"}],"twitter_card":"summary_large_image","twitter_misc":{"Tiempo de lectura":"1 minuto"},"schema":{"@context":"https:\/\/schema.org","@graph":[{"@type":"WebPage","@id":"https:\/\/reflejarte.es\/lareverie\/los-musicos-de-la-reverie\/","url":"https:\/\/reflejarte.es\/lareverie\/concierto-presentacion-de-canciones-redondas-rounded-songs\/","name":"Los m\u00fasicos de La R\u00eaverie &#183;","isPartOf":{"@id":"https:\/\/reflejarte.es\/lareverie\/#website"},"primaryImageOfPage":{"@id":"https:\/\/reflejarte.es\/lareverie\/concierto-presentacion-de-canciones-redondas-rounded-songs\/#primaryimage"},"image":{"@id":"https:\/\/reflejarte.es\/lareverie\/concierto-presentacion-de-canciones-redondas-rounded-songs\/#primaryimage"},"thumbnailUrl":"https:\/\/reflejarte.es\/lareverie\/wp-content\/uploads\/2018\/09\/ensemble_La_Reverie.gif","datePublished":"2018-09-30T16:44:49+00:00","dateModified":"2022-04-10T10:28:46+00:00","description":"Los m\u00fasicos de La R\u00eaverie &#183; Manuel Esteban Canyar &#183; Juan Manuel Rubio &#183; Palmira Irisarri &#183; \u00c1ngel Mart\u00edn &#183; Inmaculada G\u00f3mez &#183; Yolanda Campos","breadcrumb":{"@id":"https:\/\/reflejarte.es\/lareverie\/concierto-presentacion-de-canciones-redondas-rounded-songs\/#breadcrumb"},"inLanguage":"es","potentialAction":[{"@type":"ReadAction","target":["https:\/\/reflejarte.es\/lareverie\/concierto-presentacion-de-canciones-redondas-rounded-songs\/"]}]},{"@type":"ImageObject","inLanguage":"es","@id":"https:\/\/reflejarte.es\/lareverie\/concierto-presentacion-de-canciones-redondas-rounded-songs\/#primaryimage","url":"https:\/\/reflejarte.es\/lareverie\/wp-content\/uploads\/2018\/09\/ensemble_La_Reverie.gif","contentUrl":"https:\/\/reflejarte.es\/lareverie\/wp-content\/uploads\/2018\/09\/ensemble_La_Reverie.gif","width":420,"height":310,"caption":"Los m\u00fasicos de La R\u00eaverie"},{"@type":"BreadcrumbList","@id":"https:\/\/reflejarte.es\/lareverie\/concierto-presentacion-de-canciones-redondas-rounded-songs\/#breadcrumb","itemListElement":[{"@type":"ListItem","position":1,"name":"Inicio","item":"https:\/\/reflejarte.es\/lareverie\/"},{"@type":"ListItem","position":2,"name":"Los m\u00fasicos de La R\u00eaverie"}]},{"@type":"WebSite","@id":"https:\/\/reflejarte.es\/lareverie\/#website","url":"https:\/\/reflejarte.es\/lareverie\/","name":"La R\u00eaverie","description":"pasi\u00f3n por la m\u00fasica bien hecha","publisher":{"@id":"https:\/\/reflejarte.es\/lareverie\/#\/schema\/person\/5c48ca5d852a6ac613afecdcdad33430"},"potentialAction":[{"@type":"SearchAction","target":{"@type":"EntryPoint","urlTemplate":"https:\/\/reflejarte.es\/lareverie\/?s={search_term_string}"},"query-input":{"@type":"PropertyValueSpecification","valueRequired":true,"valueName":"search_term_string"}}],"inLanguage":"es"},{"@type":["Person","Organization"],"@id":"https:\/\/reflejarte.es\/lareverie\/#\/schema\/person\/5c48ca5d852a6ac613afecdcdad33430","name":"La R\u00eaverie","image":{"@type":"ImageObject","inLanguage":"es","@id":"https:\/\/reflejarte.es\/lareverie\/wp-content\/uploads\/2018\/09\/lareverie-logo.jpg","url":"https:\/\/reflejarte.es\/lareverie\/wp-content\/uploads\/2018\/09\/lareverie-logo.jpg","contentUrl":"https:\/\/reflejarte.es\/lareverie\/wp-content\/uploads\/2018\/09\/lareverie-logo.jpg","width":512,"height":512,"caption":"La R\u00eaverie"},"logo":{"@id":"https:\/\/reflejarte.es\/lareverie\/wp-content\/uploads\/2018\/09\/lareverie-logo.jpg"}}]}},"_links":{"self":[{"href":"https:\/\/reflejarte.es\/lareverie\/wp-json\/wp\/v2\/pages\/1108","targetHints":{"allow":["GET"]}}],"collection":[{"href":"https:\/\/reflejarte.es\/lareverie\/wp-json\/wp\/v2\/pages"}],"about":[{"href":"https:\/\/reflejarte.es\/lareverie\/wp-json\/wp\/v2\/types\/page"}],"author":[{"embeddable":true,"href":"https:\/\/reflejarte.es\/lareverie\/wp-json\/wp\/v2\/users\/1"}],"replies":[{"embeddable":true,"href":"https:\/\/reflejarte.es\/lareverie\/wp-json\/wp\/v2\/comments?post=1108"}],"version-history":[{"count":25,"href":"https:\/\/reflejarte.es\/lareverie\/wp-json\/wp\/v2\/pages\/1108\/revisions"}],"predecessor-version":[{"id":1888,"href":"https:\/\/reflejarte.es\/lareverie\/wp-json\/wp\/v2\/pages\/1108\/revisions\/1888"}],"wp:featuredmedia":[{"embeddable":true,"href":"https:\/\/reflejarte.es\/lareverie\/wp-json\/wp\/v2\/media\/993"}],"wp:attachment":[{"href":"https:\/\/reflejarte.es\/lareverie\/wp-json\/wp\/v2\/media?parent=1108"}],"curies":[{"name":"wp","href":"https:\/\/api.w.org\/{rel}","templated":true}]}}