{"id":4601,"date":"2021-09-12T17:38:01","date_gmt":"2021-09-12T15:38:01","guid":{"rendered":"https:\/\/reflejarte.es\/guitar-repertoire\/?post_type=product&#038;p=4601"},"modified":"2021-09-13T17:09:23","modified_gmt":"2021-09-13T15:09:23","slug":"esteban-manuel-composicion_jorge-manrique-letra-coplas-a-la-muerte-de-su-padre_video","status":"publish","type":"product","link":"https:\/\/reflejarte.es\/guitar-repertoire\/musicalia\/esteban-manuel-composicion_jorge-manrique-letra-coplas-a-la-muerte-de-su-padre_video\/","title":{"rendered":"Esteban, Manuel (composici\u00f3n) \u00b7 Manrique, Jorge (letra): Coplas a la muerte de su padre &#8211; video"},"content":{"rendered":"<p><strong>Coplas por la muerte de su padre<br \/>\n<\/strong><strong> de Jorge Manrique<\/strong>\u00a0 (poeta y militar castellano que vivi\u00f3 entre 1440 y 1479)<img loading=\"lazy\" decoding=\"async\" class=\"size-full wp-image-4610 alignright\" src=\"https:\/\/reflejarte.es\/guitar-repertoire\/wp-content\/uploads\/2021\/09\/Jorge_Manrique_portrait.jpg\" alt=\"Jorge Manrique (1440-1479)portrait\" width=\"248\" height=\"340\" srcset=\"https:\/\/reflejarte.es\/guitar-repertoire\/wp-content\/uploads\/2021\/09\/Jorge_Manrique_portrait.jpg 248w, https:\/\/reflejarte.es\/guitar-repertoire\/wp-content\/uploads\/2021\/09\/Jorge_Manrique_portrait-219x300.jpg 219w, https:\/\/reflejarte.es\/guitar-repertoire\/wp-content\/uploads\/2021\/09\/Jorge_Manrique_portrait-109x150.jpg 109w\" sizes=\"auto, (max-width: 248px) 100vw, 248px\" \/><strong><br \/>\n<\/strong><\/p>\n<p>La versi\u00f3n de CANTICA interpreta las siguientes estrofas I, III y V del c\u00e9lebre poema de Manrique:<\/p>\n<p>I<br \/>\nRecuerde el alma dormida,<br \/>\navive el seso y despierte<br \/>\ncontemplando<br \/>\nc\u00f3mo se pasa la vida,<br \/>\nc\u00f3mo se viene la muerte<br \/>\ntan callando,<br \/>\ncu\u00e1n presto se va el placer,<br \/>\nc\u00f3mo, despu\u00e9s de acordado,<br \/>\nda dolor;<br \/>\nc\u00f3mo, a nuestro parecer,<br \/>\ncualquiera tiempo pasado<br \/>\nfue mejor.<\/p>\n<p>III<br \/>\nNuestras vidas son los r\u00edos<br \/>\nque van a dar en la mar,<br \/>\nque es el morir,<br \/>\nall\u00ed van los se\u00f1or\u00edos<br \/>\nderechos a se acabar<br \/>\ny consumir;<br \/>\nall\u00ed los r\u00edos caudales,<br \/>\nall\u00ed los otros medianos<br \/>\ny m\u00e1s chicos,<br \/>\ny llegados, son iguales<br \/>\nlos que viven por sus manos<br \/>\ny los ricos.<\/p>\n<p>V<br \/>\nEste mundo es el camino<br \/>\npara el otro, que es morada<br \/>\nsin pesar;<br \/>\nmas cumple tener buen tino<br \/>\npara andar esta jornada<br \/>\nsin errar.<br \/>\nPartimos cuando nacemos<br \/>\nandamos mientras vivimos,<br \/>\ny llegamos<br \/>\nal tiempo que fenecemos;<br \/>\nas\u00ed que cuando morimos<br \/>\ndescansamos.<\/p>\n<p>A partir del 26\/9\/21, la obra podr\u00e1 escucharse tambi\u00e9n en el espacio de <a href=\"https:\/\/open.spotify.com\/artist\/0j0kISVp5ynwLWbMamTlM7\" target=\"_blank\" rel=\"noopener\">La R\u00eaverie en Spotify<\/a>.<\/p>\n<p>&nbsp;<\/p>\n<h3><strong>\u00abCoplas a la muerte de su padre\u00bb<\/strong><\/h3>\n<p>Musicaci\u00f3n de tres coplas del poeta cl\u00e1sico espa\u00f1ol Jorge Manrique,<br \/>\nen una interpretaci\u00f3n por La R\u00eaverie &#8211; C\u00c1NTICA<br \/>\nTexto: Jorge Manrique<br \/>\nM\u00fasica: Manuel P. Esteban<br \/>\nCanto: Yolanda Campos<br \/>\nFlauta: Inmaculada G\u00f3mez<br \/>\nGrabaci\u00f3n v\u00eddeo: Juan Borr\u00e1s (@juanencolor)<br \/>\nGrabaci\u00f3n audio: Manuel P. Esteban<br \/>\nJunio de 2021 &#8211; C\u00e1\u00f1ar &#8211; La Alpujarra &#8211; Granada<\/p>\n<p>&nbsp;<\/p>\n<p>M\u00e1s informaci\u00f3n sobre este trabajo, los artistas y su m\u00fasica en\u00a0 <a title=\"ir a la web de La R\u00eaverie\/\u00e1lbum\" href=\"http:\/\/lareverie.es\/\" target=\"_blank\" rel=\"noopener noreferrer\"><i>lareverie.es<\/i><\/a><\/p>\n<p>&nbsp;<\/p>\n<p><!--  &nbsp;\n\n\n<div id=\"tab-description\" class=\"woocommerce-Tabs-panel woocommerce-Tabs-panel--description panel entry-content wc-tab\" role=\"tabpanel\" aria-labelledby=\"tab-title-description\">\n\n\n<h2><strong>Caracter\u00edsticas del producto:<\/strong><\/h2>\n\n\n\u00c1LBUM MUSICAL en formato mp3 o wav\nARTISTAS: La R\u00eaverie.\u00a0 Esteban Canyar, Juan Manuel Rubio\nPRODUCCI\u00d3N: La R\u00eaverie (Esteban Canyar), \u00a9 La R\u00eaverie 2010\nDURACI\u00d3N:\u00a0\u00a0 43\u201945\u201d\n\nFORMATOS disponibles: \u00a0 descarga en mp3, descarga en wav\n<strong>BONUS: artwork descargable gratis (libreto <\/strong>de 8 p\u00e1ginas parcialmente en color, texto en castellano<strong>, covers y disc label para imprimir, en formato pdf, de la edici\u00f3n art\u00edstica de comunicArte)<\/strong>\n\n<strong>DESCARGA:\u00a0 inmediata<\/strong>\n\n<\/div>\n\n\nEncuentra m\u00e1s informaci\u00f3n sobre el \u00e1lbum y los artistas en la <a title=\"ir a la web de La R\u00eaverie\/\u00e1lbum Alma de cuerda\" href=\"http:\/\/lareverie.es\" target=\"_blank\" rel=\"noopener noreferrer\">Web oficial de <i>La R\u00eaverie<\/i><\/a>\n--><\/p>\n","protected":false},"excerpt":{"rendered":"<p>\u00ab<strong>Coplas a la muerte de su padre<\/strong>\u00bb es una <strong>composici\u00f3n de Manuel Esteban sobre las famosas coplas de Jorge<\/strong> <strong>Manrique<\/strong> (1440-1479).<br \/>\nSe trata de un contrapunto a dos voces interpretado por el ensemble <strong>La R\u00eaverie &#8211; C\u00e1ntica<\/strong>, fundado por el propio Manuel Esteban y con el que a menudo ofrece conciertos.<br \/>\nLa obra trata de seguir la estela de los polifonistas espa\u00f1oles de los siglos XV y XVI, aunque inevitablemente surgen elementos de la \u00e9poca actual.<br \/>\nEl video se grab\u00f3 en la Alpujarra granadina, en el pueblo de C\u00e1\u00f1ar, en junio de 2021.<\/p>\n<p>Int\u00e9rpretes: <strong>La R\u00eaverie \u2013 C\u00e1ntica<\/strong><br \/>\n<b>Yolanda Campos: <\/b>voz (mezzo-soprano)<b><br \/>\nInmaculada G\u00f3mez: <\/b>flauta travesera<b><\/b><\/p>\n<p>&nbsp;<\/p>\n<p style=\"text-align: center;\"><iframe loading=\"lazy\" title=\"YouTube video player\" src=\"https:\/\/www.youtube.com\/embed\/tGYWzsjmHtk\" width=\"311\" height=\"175\" frameborder=\"0\" allowfullscreen=\"allowfullscreen\"><\/iframe><\/p>\n<p style=\"text-align: center;\">La presente toma de las \u00ab<strong>Coplas a la muerte de su padre<\/strong>\u00bb<br \/>\ninterpretada por las artistas de C\u00e1ntica<br \/>\nInma G\u00f3mez (flauta travesera) y Yolanda Campos (canto)<br \/>\nfue grabada en el pueblo de C\u00e1\u00f1ar (Alpujarras, Granada),<br \/>\nen junio de 2021.<br \/>\nT\u00e9cnicos: Juan Borr\u00e1s, video; Manuel Esteban, audio<\/p>\n<p style=\"text-align: center;\">\n","protected":false},"featured_media":4612,"comment_status":"closed","ping_status":"closed","template":"","meta":[],"product_brand":[],"product_cat":[68,604,716,467,401,382,729,391,456,807,657],"product_tag":[79,138,40,494,875,264,59,337,874,62,222,70,714,876,661,126,77],"class_list":{"0":"post-4601","1":"product","2":"type-product","3":"status-publish","4":"has-post-thumbnail","6":"product_cat-musica-audiovisual","7":"product_cat-cantica","8":"product_cat-concierto--performance","9":"product_cat-copyright","10":"product_cat-espana","11":"product_cat-esteban-manuel-compositor","12":"product_cat-la-reverie","13":"product_cat-moderno","14":"product_cat-otras","15":"product_cat-video","16":"product_cat-_video-musical","17":"product_tag-siglo-xx","18":"product_tag-quality","19":"product_tag-cantica","20":"product_tag-canto-2","21":"product_tag-coplas-a-la-muerte-de-su-padre","22":"product_tag-flauta-travesera","23":"product_tag-inmaculada-gomez","24":"product_tag-unusual","25":"product_tag-jorge-manrique","26":"product_tag-la-reverie","27":"product_tag-manuel-esteban","28":"product_tag-original","29":"product_tag-poesia--poetry","30":"product_tag-polifonia","31":"product_tag-video-musical","32":"product_tag-voz","33":"product_tag-yolanda-campos","34":"pa_artista-la-reverie","35":"pa_artista-inmaculada-gomez","36":"pa_artista-la-reverie-cantica","37":"pa_artista-yolanda-campos","38":"pa_autor-jorge-manrique","39":"pa_autor-poesia","40":"pa_compositor-manuel-esteban","41":"pa_compositor-musicacion","42":"pa_epoca-moderno","43":"pa_instrumentacion-flauta-voz","44":"pa_instrumentacion-otras-instrumentaciones","45":"pa_production-grabacion-audio-manuel-p-esteban","46":"pa_production-grabacion-video-juan-borras-juanencolor","47":"pa_production-la-reverie","48":"pa_production-manuel-esteban","50":"first","51":"instock","52":"featured","53":"shipping-taxable","54":"product-type-variable"},"_links":{"self":[{"href":"https:\/\/reflejarte.es\/guitar-repertoire\/wp-json\/wp\/v2\/product\/4601","targetHints":{"allow":["GET"]}}],"collection":[{"href":"https:\/\/reflejarte.es\/guitar-repertoire\/wp-json\/wp\/v2\/product"}],"about":[{"href":"https:\/\/reflejarte.es\/guitar-repertoire\/wp-json\/wp\/v2\/types\/product"}],"replies":[{"embeddable":true,"href":"https:\/\/reflejarte.es\/guitar-repertoire\/wp-json\/wp\/v2\/comments?post=4601"}],"wp:featuredmedia":[{"embeddable":true,"href":"https:\/\/reflejarte.es\/guitar-repertoire\/wp-json\/wp\/v2\/media\/4612"}],"wp:attachment":[{"href":"https:\/\/reflejarte.es\/guitar-repertoire\/wp-json\/wp\/v2\/media?parent=4601"}],"wp:term":[{"taxonomy":"product_brand","embeddable":true,"href":"https:\/\/reflejarte.es\/guitar-repertoire\/wp-json\/wp\/v2\/product_brand?post=4601"},{"taxonomy":"product_cat","embeddable":true,"href":"https:\/\/reflejarte.es\/guitar-repertoire\/wp-json\/wp\/v2\/product_cat?post=4601"},{"taxonomy":"product_tag","embeddable":true,"href":"https:\/\/reflejarte.es\/guitar-repertoire\/wp-json\/wp\/v2\/product_tag?post=4601"}],"curies":[{"name":"wp","href":"https:\/\/api.w.org\/{rel}","templated":true}]}}