{"id":4509,"date":"2020-10-18T18:04:37","date_gmt":"2020-10-18T16:04:37","guid":{"rendered":"http:\/\/guitar-repertoire.com\/?post_type=product&#038;p=4509"},"modified":"2022-02-13T17:01:10","modified_gmt":"2022-02-13T16:01:10","slug":"esteban-manuel-composicion-%c2%b7-garcia-lorca-f-letra-baladilla-de-los-tres-rios-video","status":"publish","type":"product","link":"https:\/\/reflejarte.es\/guitar-repertoire\/musicalia\/esteban-manuel-composicion-%c2%b7-garcia-lorca-f-letra-baladilla-de-los-tres-rios-video\/","title":{"rendered":"Esteban, Manuel (composici\u00f3n) \u00b7 Garcia Lorca, F. (letra): Baladilla de los tres r\u00edos &#8211; video"},"content":{"rendered":"<p>M\u00e1s informaci\u00f3n sobre este trabajo, los artistas y su m\u00fasica en\u00a0 <a title=\"ir a la web de La R\u00eaverie\/\u00e1lbum Alma de cuerda\" href=\"http:\/\/lareverie.es\/rounded-songs-canciones-redondas\/\" target=\"_blank\" rel=\"noopener noreferrer\"><i>lareverie.es<\/i><\/a><\/p>\n<p>&nbsp;<\/p>\n<p><!--  &nbsp;\n\n\n<div id=\"tab-description\" class=\"woocommerce-Tabs-panel woocommerce-Tabs-panel--description panel entry-content wc-tab\" role=\"tabpanel\" aria-labelledby=\"tab-title-description\">\n\n\n<h2><strong>Caracter\u00edsticas del producto:<\/strong><\/h2>\n\n\n\u00c1LBUM MUSICAL en formato mp3 o wav\nARTISTAS: La R\u00eaverie.\u00a0 Esteban Canyar, Juan Manuel Rubio\nPRODUCCI\u00d3N: La R\u00eaverie (Esteban Canyar), \u00a9 La R\u00eaverie 2010\nDURACI\u00d3N:\u00a0\u00a0 43\u201945\u201d\n\nFORMATOS disponibles: \u00a0 descarga en mp3, descarga en wav\n<strong>BONUS: artwork descargable gratis (libreto <\/strong>de 8 p\u00e1ginas parcialmente en color, texto en castellano<strong>, covers y disc label para imprimir, en formato pdf, de la edici\u00f3n art\u00edstica de comunicArte)<\/strong>\n\n<strong>DESCARGA:\u00a0 inmediata<\/strong>\n\n<\/div>\n\n\nEncuentra m\u00e1s informaci\u00f3n sobre el \u00e1lbum y los artistas en la <a title=\"ir a la web de La R\u00eaverie\/\u00e1lbum Alma de cuerda\" href=\"http:\/\/lareverie.es\" target=\"_blank\" rel=\"noopener noreferrer\">Web oficial de <i>La R\u00eaverie<\/i><\/a>\n--><\/p>\n","protected":false},"excerpt":{"rendered":"<p>La \u00ab<strong>Baladilla de los tres r\u00edos<\/strong>\u00bb es una <strong>composici\u00f3n de Manuel Esteban sobre el poema de Federico Garc\u00eda Lorca<\/strong>, publicada en el \u00e1lbum \u00ab<strong>Canciones redondas \u00b7 Rounded Songs<\/strong>\u00bb e interpretada por el ensemble <strong>La R\u00eaverie &#8211; C\u00e1ntica.<br \/>\n<\/strong>El \u00e1lbum es un homenaje a Lorca a trav\u00e9s de composiciones originales de M. Esteban.<\/p>\n<p>Int\u00e9rpretes: <strong>La R\u00eaverie \u2013 C\u00e1ntica Cuarteto<\/strong><br \/>\n<b>Yolanda Campos: <\/b>voz (mezzo-soprano)<b><br \/>\nInmaculada G\u00f3mez: <\/b>flauta travesera<b><br \/>\n\u00c1ngel Mart\u00edn: <\/b>percusiones (panderos,\u00a0 caj\u00f3n)<b><br \/>\nManuel Esteban: <\/b>guitarra, composici\u00f3n, grabaci\u00f3n y producci\u00f3n<\/p>\n<p style=\"text-align: center;\"><iframe loading=\"lazy\" src=\"https:\/\/www.youtube.com\/embed\/wWwvXYJf53k\" width=\"560\" height=\"315\" frameborder=\"0\" allowfullscreen=\"allowfullscreen\"><\/iframe><br \/>\nLa presente toma del tema \u00ab<strong>Baladilla de los tres r\u00edos<\/strong>\u00bb en interpretaci\u00f3n por los<br \/>\nm\u00fasicos de C\u00e1ntica fue grabada durante el concierto que el ensemble<br \/>\ndio en Los Ac\u00fasticos del Rey Chico, Granada, en abril de 2018.<\/p>\n<p>La canci\u00f3n forma parte de <a href=\"https:\/\/open.spotify.com\/album\/5iNVVmimEqF0mHphMhBcYC\" target=\"_blank\" rel=\"noopener noreferrer\"><strong>Rounded Songs \u00b7 Canciones redondas <\/strong><\/a>, el quinto trabajo de La Reverie, que\u00a0 se public\u00f3 en\u00a0 diciembre 2018\u00a0 en Spotify:<br \/>\n10 temas originales compuestos por<strong> Manuel Esteban<\/strong>, musicando diez poemas de<strong> Federico Garc\u00eda Lorca<\/strong>, el gran poeta andaluz, canciones interpretadas por CANTICA CUARTETO<\/p>\n<p>Este \u00e1lbum est\u00e1 disponible en formato cd con libreto de 4 p\u00e1ginas. P\u00eddelo por el <a href=\"http:\/\/guitar-repertoire.com\/contact\/\">formulario de contacto<\/a>.<br \/>\n<a href=\"https:\/\/open.spotify.com\/album\/5iNVVmimEqF0mHphMhBcYC\" target=\"_blank\" rel=\"noopener noreferrer\">Puedes escuchar el disco pulsando aqu\u00ed<\/a><\/p>\n<hr \/>\n<h2 style=\"text-align: center;\">Rounded Songs \u00b7 Canciones redondas<\/h2>\n<p style=\"text-align: center;\">Manuel Esteban<\/p>\n<p>Con <strong>Rounded Songs \u2013 Canciones redondas<\/strong> culminan dos a\u00f1os largos de intenso trabajo: la composici\u00f3n de los temas, el montaje con C\u00e1ntica Cuarteto, la grabaci\u00f3n, la masterizaci\u00f3n, la gesti\u00f3n del lanzamiento. El esfuerzo que hay detr\u00e1s de un disco es interminable, como saben bien tantos m\u00fasicos. Finalmente, lo pones en el mercado y esperas que el p\u00fablico lo acoja con benevolencia.<\/p>\n<p><strong>Rounded Songs \u2013 Canciones redondas<\/strong> est\u00e1 dedicado a Federico Garc\u00eda Lorca. Diez de sus poemas musicados con un estilo distinto al habitual aflamencamiento que lo persigue. Sonidos que bailan entre el folk, la m\u00fasica cl\u00e1sica, la contempor\u00e1nea, \u00e9tnica, el estilo cantautor\u2026 Siempre ha sido dif\u00edcil etiquetar mi m\u00fasica, mi m\u00fasica es simplemente yo y en este caso, tambi\u00e9n Federico Garc\u00eda Lorca.<\/p>\n<p>Creo ser bastante indicado para musicar a Lorca. Adem\u00e1s de porque sus versos me acompa\u00f1an desde siempre, porque soy granadino y he respirado el mismo aire que el poeta. De ni\u00f1o, jugaba en la casa de campo de un amigo, a la que llam\u00e1bamos La Huerta y que estaba situada a escasos metros de La Huerta de San Vicente, en la vega de Granada. Federico era una parte importante de aquel ambiente, una presencia familiar y mitol\u00f3gica.<\/p>\n<p>Estoy muy agradecido a mis compa\u00f1eros de La Reverie \u2013 C\u00e1ntica cuarteto, por haberme ayudado tanto a vestir estas canciones. <strong>Yolanda Campos<\/strong> ha hecho un trabajo fant\u00e1stico con su voz y con la adaptaci\u00f3n de los textos. <strong>Inma G\u00f3mez<\/strong>, adem\u00e1s de su gran destreza con la flauta, ha sido un est\u00edmulo constante sin el que nunca habr\u00edamos conclu\u00eddo el disco. <strong>\u00c1ngel Mart\u00edn<\/strong>, con sus percusiones, ha puesto color y vida en la m\u00fasica.<\/p>\n<p><a href=\"https:\/\/open.spotify.com\/album\/5iNVVmimEqF0mHphMhBcYC\" target=\"_blank\" rel=\"noopener noreferrer\">Puedes escuchar el disco pulsando aqu\u00ed<\/a><\/p>\n<hr \/>\n<h3>Contenido<\/h3>\n<p style=\"text-align: left; font-size: 0.9em;\">01 \u2013 <strong><a href=\"https:\/\/open.spotify.com\/track\/0wzQy7cNVAoh4vRvy2f53C\" target=\"_blank\" rel=\"noopener noreferrer\">Romance de la pena negra<\/a><\/strong> (F.G.Lorca \u2013 M.Esteban) \u2026 5\u201915<br \/>\n02 \u2013 <a href=\"https:\/\/open.spotify.com\/track\/5OV7ZPrTqeRDwzyxIkPK1S\" target=\"_blank\" rel=\"noopener noreferrer\"><strong>Si mis manos pudieran deshojar<\/strong> (F.G.L.\u2013 M.E.)<\/a> &#8230;&#8230;&#8230;.\u2026 4\u201945<br \/>\n03 \u2013 <a href=\"https:\/\/open.spotify.com\/track\/1Ia7DEQxui8PRWQjmTUOm3\" target=\"_blank\" rel=\"noopener noreferrer\"><strong>Baile<\/strong> (F. Garc\u00eda Lorca \u2013 Manuel Esteban)<\/a> \u2026\u2026&#8230;\u2026\u2026&#8230;.\u2026\u2026 3\u201948<br \/>\n04 \u2013 <a href=\"https:\/\/open.spotify.com\/track\/32lCZyqME2sS7WnZaFyod7\" target=\"_blank\" rel=\"noopener noreferrer\"><strong>La casada infiel<\/strong> (F.Garc\u00eda Lorca \u2013 M.Esteban)<\/a>\u00a0 \u2026\u2026\u2026\u2026\u2026\u2026 4\u201944<br \/>\n05 \u2013 <a href=\"https:\/\/open.spotify.com\/track\/6z13dpNulzVeXjRmmZuj66\" target=\"_blank\" rel=\"noopener noreferrer\"><strong>Romance son\u00e1mbulo<\/strong> (F.Garc\u00eda Lorca \u2013 M.Esteban)<\/a> \u2026\u2026\u2026 5\u201906<br \/>\n06 \u2013 <a href=\"https:\/\/open.spotify.com\/track\/496UOKHoTO9CxMKWMrHirw\" target=\"_blank\" rel=\"noopener noreferrer\"><strong>Canci\u00f3n china en Europa<\/strong> (F.Garc\u00eda Lorca \u2013 M.Esteban)<\/a> \u2026 2\u201933<br \/>\n07 \u2013 <a href=\"https:\/\/open.spotify.com\/track\/392PKRUuW0swQVjbOLCczW\" target=\"_blank\" rel=\"noopener noreferrer\"><strong>Nocturnos de la ventana<\/strong> (F.Garc\u00eda Lorca \u2013 M.Esteban)<\/a> \u2026 3\u201921<br \/>\n08 \u2013 <a href=\"https:\/\/open.spotify.com\/track\/0bhi16tcyUr8dI2kAge0hw\" target=\"_blank\" rel=\"noopener noreferrer\"><strong>Baladilla de los tres r\u00edos<\/strong> (F.G. Lorca \u2013 M.Esteban)<\/a>\u00a0 &#8230;&#8230;.\u2026 3\u201937<br \/>\n09 \u2013 <a href=\"https:\/\/open.spotify.com\/track\/0EbLZAeaCy08pmHzZcH174\" target=\"_blank\" rel=\"noopener noreferrer\"><strong>Idilio<\/strong> (F. Garc\u00eda Lorca \u2013 Manuel Esteban)<\/a> \u2026\u2026&#8230;.\u2026\u2026&#8230;..\u2026\u2026 3\u201943<br \/>\n10 \u2013 <a href=\"https:\/\/open.spotify.com\/track\/6E1TZodKrXIrgz7cyNu4Ys\" target=\"_blank\" rel=\"noopener noreferrer\"><strong>Balada interior<\/strong> (F. G. Lorca \u2013 M.Esteban)<\/a> \u2026\u2026\u2026&#8230;&#8230;\u2026\u2026\u2026 4\u201909<\/p>\n<hr \/>\n<div style=\"text-align: center;\">\n<p><iframe loading=\"lazy\" style=\"align: center;\" src=\"https:\/\/www.youtube.com\/embed\/mzkWDRRz0-s\" width=\"560\" height=\"315\" frameborder=\"0\" allowfullscreen=\"allowfullscreen\"><\/iframe><\/p>\n<p>La R\u00eaverie \u2013 CANTICA CUARTETO en <a href=\"https:\/\/www.youtube.com\/watch?v=mzkWDRRz0-s\" target=\"_blank\" rel=\"noopener noreferrer\">Youtube<\/a><br \/>\ninterpretando el <b>Romance de la pena negra<\/b><br \/>\nComposici\u00f3n de Manuel Esteban<br \/>\nsobre el poema de Federico Garc\u00eda Lorca<\/p>\n<\/div>\n<div><\/div>\n<p style=\"text-align: center;\">Encuentra las letras de las canciones<br \/>\nen la web oficial de <a href=\"http:\/\/lareverie.es\/rounded-songs-canciones-redondas\/\" target=\"_blank\" rel=\"noopener noreferrer\">La Reverie<\/a><\/p>\n<p style=\"text-align: center;\">M\u00e1s informaci\u00f3n sobre el \u00e1lbum en el post<br \/>\nsobre el <a href=\"http:\/\/guitar-repertoire.com\/blog\/canciones-redondas-rounded-songs-en-concierto-poemas-de-lorca-con-musica-de-la-reverie\/\">concierto de presentaci\u00f3n <\/a><br \/>\nen La Tertulia de Granada<\/p>\n","protected":false},"featured_media":4294,"comment_status":"closed","ping_status":"closed","template":"","meta":[],"product_brand":[],"product_cat":[68,604,445,42,716,401,382,729,394,391,134,399,456,807,657],"product_tag":[79,33,138,715,40,607,264,55,216,59,337,62,868,847,812,222,70,71,714,661,126,77],"class_list":{"0":"post-4509","1":"product","2":"type-product","3":"status-publish","4":"has-post-thumbnail","6":"product_cat-musica-audiovisual","7":"product_cat-cantica","8":"product_cat-vgf","9":"product_cat-_cd","10":"product_cat-concierto--performance","11":"product_cat-espana","12":"product_cat-esteban-manuel-compositor","13":"product_cat-la-reverie","14":"product_cat-esteban-manuel-interprete","15":"product_cat-moderno","16":"product_cat-_mp3","17":"product_cat-nivel-muy-alto","18":"product_cat-otras","19":"product_cat-video","20":"product_cat-_video-musical","21":"product_tag-siglo-xx","22":"product_tag-angel-martin","23":"product_tag-quality","24":"product_tag-canciones-redondas--rounded-songs","25":"product_tag-cantica","26":"product_tag-castanuelas-castanets","27":"product_tag-flauta-travesera","28":"product_tag-garcia-lorca","29":"product_tag-classical-guitar","30":"product_tag-inmaculada-gomez","31":"product_tag-unusual","32":"product_tag-la-reverie","33":"product_tag-la-reverie-cantica-cuarteto","34":"product_tag-lorca-baladilla-de-los-tres-rios","35":"product_tag-los-acusticos-del-rey-chico","36":"product_tag-manuel-esteban","37":"product_tag-original","38":"product_tag-percussions","39":"product_tag-poesia--poetry","40":"product_tag-video-musical","41":"product_tag-voz","42":"product_tag-yolanda-campos","43":"product_shipping_class-descarga","44":"pa_artista-cantica-cuarteto","45":"pa_artista-la-reverie","46":"pa_artista-angel-martin","47":"pa_artista-inmaculada-gomez","48":"pa_artista-la-reverie-cantica-cuarteto","49":"pa_artista-manuel-esteban","50":"pa_artista-yolanda-campos","51":"pa_autor-federico-garcia-lorca","52":"pa_compositor-manuel-esteban","53":"pa_epoca-moderno","54":"pa_instrumentacion-canto-flauta-guitarra","55":"pa_instrumentacion-otras-instrumentaciones","56":"pa_production-la-reverie","57":"pa_production-los-acusticos-del-rey-chico","58":"pa_production-manuel-esteban","60":"first","61":"instock","62":"featured","63":"shipping-taxable","64":"product-type-variable"},"_links":{"self":[{"href":"https:\/\/reflejarte.es\/guitar-repertoire\/wp-json\/wp\/v2\/product\/4509","targetHints":{"allow":["GET"]}}],"collection":[{"href":"https:\/\/reflejarte.es\/guitar-repertoire\/wp-json\/wp\/v2\/product"}],"about":[{"href":"https:\/\/reflejarte.es\/guitar-repertoire\/wp-json\/wp\/v2\/types\/product"}],"replies":[{"embeddable":true,"href":"https:\/\/reflejarte.es\/guitar-repertoire\/wp-json\/wp\/v2\/comments?post=4509"}],"wp:featuredmedia":[{"embeddable":true,"href":"https:\/\/reflejarte.es\/guitar-repertoire\/wp-json\/wp\/v2\/media\/4294"}],"wp:attachment":[{"href":"https:\/\/reflejarte.es\/guitar-repertoire\/wp-json\/wp\/v2\/media?parent=4509"}],"wp:term":[{"taxonomy":"product_brand","embeddable":true,"href":"https:\/\/reflejarte.es\/guitar-repertoire\/wp-json\/wp\/v2\/product_brand?post=4509"},{"taxonomy":"product_cat","embeddable":true,"href":"https:\/\/reflejarte.es\/guitar-repertoire\/wp-json\/wp\/v2\/product_cat?post=4509"},{"taxonomy":"product_tag","embeddable":true,"href":"https:\/\/reflejarte.es\/guitar-repertoire\/wp-json\/wp\/v2\/product_tag?post=4509"}],"curies":[{"name":"wp","href":"https:\/\/api.w.org\/{rel}","templated":true}]}}