{"id":4278,"date":"2019-04-30T22:48:29","date_gmt":"2019-04-30T20:48:29","guid":{"rendered":"http:\/\/guitar-repertoire.com\/?post_type=product&#038;p=4278"},"modified":"2022-02-13T17:17:00","modified_gmt":"2022-02-13T16:17:00","slug":"dowland-john-sir-john-smith-his-almainepdf-audio-de-manuel-esteban-guitarra-clasica","status":"publish","type":"product","link":"https:\/\/reflejarte.es\/guitar-repertoire\/musicalia\/dowland-john-sir-john-smith-his-almainepdf-audio-de-manuel-esteban-guitarra-clasica\/","title":{"rendered":"Dowland, John: Sir John Smith His Almaine &#8211; PDF + AUDIO de Manuel Esteban (guitarra cl\u00e1sica)"},"content":{"rendered":"<p>&nbsp;<\/p>\n<p><!--\n<a name=\"ES\"><\/a><a name=\"EN\"><\/a><a name=\"FR\"><\/a><a name=\"DE\"><\/a>\n\n\n<div class=\"descml\"><span style=\"color: #993300;\">T\u00edtulo \u00b7 Titre \u00b7 Title \u00b7 Titel<\/span>\nEstudio N\u00ba 2 Libro I\n\n\n\n<hr \/>\n\n\n\n<span style=\"color: #993300;\">Compositor \u00b7 Compositeur \u00b7 Composer \u00b7 Komponist<\/span>\nDionisio Aguado\n\n\n\n<hr \/>\n\n\n\n<span style=\"color: #993300;\">\u00c9poca \u00b7 \u00c9poque \u00b7 Period \u00b7 Epoche<\/span>\nRomanticismo - Romantisme - Romanticism - Romantik\n\n\n\n<hr \/>\n\n\n\n<span style=\"color: #993300;\">Instrumentaci\u00f3n \u00b7 Instrumentation \u00b7 Instrumentierung<\/span>\nguitarra sola \u00b7 pour 1 guitare \u00b7 for 1 guitar \u00b7 f\u00fcr 1 Gitarre\n\n\n\n<hr \/>\n\n\n\n<span style=\"color: #993300;\">Nivel \u00b7 Niveau \u00b7 Level<\/span>\nb\u00e1sico \u00b7 \u00e9l\u00e9mentaire \u00b7 basic \u00b7 einfach\n\n\n\n<hr \/>\n\n\n\n<span style=\"color: #993300;\">Licencia \u00b7 Licence \u00b7 Lizenz<\/span>\nCC\n\n\n\n<hr \/>\n\n\n\n<span style=\"color: #993300;\">Formato \u00b7 Format<\/span>\naudio\n\n\n\n<hr \/>\n\n\n\n<span style=\"color: #993300;\">Int\u00e9rprete \u00b7 Interpr\u00e8te \u00b7 Performer \u00b7 Interpret<\/span>\nManuel Esteban\n\n\n\n<hr \/>\n\n\n\n<span style=\"color: #993300;\">Comentario \u00b7 Commentaire \u00b7 Comment \u00b7 Kommentar<\/span>\n<a href=\"http:\/\/guitar-repertoire.com\/shop\/aguado-estudio-2-libro-1\/\" rel=\"noopener\"> &gt;&gt;&gt; Partitura en PDF \u00b7 Partition en PDF \u00b7 PDF Music Sheet \u00b7 PDF der Partitur <\/a>\n\n\n\n<hr \/>\n\n\n\n<span style=\"color: #993300;\">Edici\u00f3n \u00b7 \u00c9dition \u00b7 Edition \u00b7 Ausgabe<\/span>\nmusicadelvacio\n\n\n\n<hr \/>\n\n\n\n<\/div>\n\n\nprobe --><\/p>\n","protected":false},"excerpt":{"rendered":"<p><!-- [sc_embed_player_template1 fileurl=\"http:\/\/guitar-repertoire.com\/.mp3\"] --><\/p>\n<p>AUDIO: Escucha a <a href=\"https:\/\/open.spotify.com\/track\/4xrnasDsMx5gtBQ31gP6CA\" target=\"_blank\" rel=\"noopener noreferrer\"><strong>Manuel Esteban <\/strong>interpretando <strong>Sir John Smith His Almaine<\/strong>, de John Dowland<\/a>, en la guitarra cl\u00e1sica, en el espacio de <a href=\"https:\/\/open.spotify.com\/artist\/0j0kISVp5ynwLWbMamTlM7\" target=\"_blank\" rel=\"noopener noreferrer\">La Reverie<\/a> en Spotify (<a href=\"https:\/\/open.spotify.com\/album\/4Msu1gciDi5NPKAPhcLN0i\" target=\"_blank\" rel=\"noopener noreferrer\">\u00c1lbum\u00a0 \u2018Mosaico antiguo con guitarra \u2013 Ancient Mosaic with Guitar\u2019<\/a>).<img loading=\"lazy\" decoding=\"async\" class=\"alignleft\" src=\"https:\/\/reflejarte.es\/guitar-repertoire\/wp-content\/uploads\/2016\/01\/AMwGwavmp3-e1516549691716-150x148.jpg\" width=\"104\" height=\"103\" \/><\/p>\n<p>Para m\u00e1s informaci\u00f3n sobre el \u00e1lbum, <a href=\"http:\/\/lareverie.es\/mosaico-antiguo-con-guitarra-esteban-canyar\/\" target=\"_blank\" rel=\"noopener noreferrer\">visita la p\u00e1gina del disco en la web de La Reverie<\/a>.<\/p>\n<hr \/>\n<p>&nbsp;<\/p>\n<p><b>John Dowland<\/b> (1563 \u2013 1626). Famoso en su \u00e9poca como laudista y cantante, casi <img loading=\"lazy\" decoding=\"async\" class=\"alignright \" src=\"https:\/\/reflejarte.es\/guitar-repertoire\/wp-content\/uploads\/2015\/01\/Dowland.jpg\" alt=\"John Dowland\" width=\"111\" height=\"148\" \/>olvidado durante los siglos XVIII y XIX, y renacido con fuerza en el siglo XX. Estamos ante uno de los m\u00e1s grandes compositores ingleses de todos los tiempos. Su discurso musical posee una voz propia, inconfundible, esencialmente melanc\u00f3lica, como correspond\u00eda a la \u00e9poca. A menudo se la describe con el t\u00edtulo de una de sus obras: \u00abSemper Dowland, semper dolens\u00bb (Siempre Dowland, siempre triste).<\/p>\n<p>La partitura en pdf va acompa\u00f1ada de la interpretaci\u00f3n de Manuel Esteban, en la guitarra cl\u00e1sica, lo que te facilita la ejecuci\u00f3n de esta pieza renacentista de nivel alto.<\/p>\n<p>&nbsp;<\/p>\n<p>Escucha m\u00e1s <a href=\"https:\/\/open.spotify.com\/artist\/0j0kISVp5ynwLWbMamTlM7\" target=\"_blank\" rel=\"noopener noreferrer\">obras interpretadas a la guitarra por Manuel Esteban<\/a> en Spotify &#8211; es gratis.<\/p>\n<p><a href=\"http:\/\/lareverie.es\"><img loading=\"lazy\" decoding=\"async\" class=\"aligncenter wp-image-4112 size-medium\" src=\"http:\/\/guitar-repertoire.com\/wp-content\/uploads\/2019\/04\/Lareverie-portadaalbumstodos-300x99.png\" alt=\"\u00c1lbumes de Manuel Esteban - La Reverie\" width=\"300\" height=\"99\" srcset=\"https:\/\/reflejarte.es\/guitar-repertoire\/wp-content\/uploads\/2019\/04\/Lareverie-portadaalbumstodos-300x99.png 300w, https:\/\/reflejarte.es\/guitar-repertoire\/wp-content\/uploads\/2019\/04\/Lareverie-portadaalbumstodos-150x50.png 150w, https:\/\/reflejarte.es\/guitar-repertoire\/wp-content\/uploads\/2019\/04\/Lareverie-portadaalbumstodos-600x199.png 600w, https:\/\/reflejarte.es\/guitar-repertoire\/wp-content\/uploads\/2019\/04\/Lareverie-portadaalbumstodos-324x107.png 324w, https:\/\/reflejarte.es\/guitar-repertoire\/wp-content\/uploads\/2019\/04\/Lareverie-portadaalbumstodos-416x138.png 416w, https:\/\/reflejarte.es\/guitar-repertoire\/wp-content\/uploads\/2019\/04\/Lareverie-portadaalbumstodos.png 1263w\" sizes=\"auto, (max-width: 300px) 100vw, 300px\" \/><\/a><\/p>\n<hr \/>\n<p><!-- <a href=\"#ES\"><img decoding=\"async\" class=\"bandera\" title=\"ES - descripci\u00f3n en espa\u00f1ol\" src=\"http:\/\/guitar-repertoire.reflejarte.es\/wp-content\/uploads\/2018\/01\/ES-guitar-repertoire-mini.png\" alt=\"ES - descripci\u00f3n del producto en espa\u00f1ol\" \/>AUDIO: ver detalles<\/a>\n<a href=\"#FR\"><img decoding=\"async\" class=\"bandera\" title=\"FR - description en fran\u00e7ais\" src=\"http:\/\/guitar-repertoire.reflejarte.es\/wp-content\/uploads\/2018\/01\/FR-guitar-repertoire-mini.png\" alt=\"FR - description du produit en fran\u00e7ais\" \/>AUDIO : voir description d\u00e9taill\u00e9e<\/a>\n<a href=\"#EN\"><img decoding=\"async\" class=\"bandera\" title=\"EN - Description in English\" src=\"http:\/\/guitar-repertoire.reflejarte.es\/wp-content\/uploads\/2018\/01\/EN-guitar-repertoire-mini.png\" alt=\"EN - Product Description in English\" \/>AUDIO: see details<\/a>\n<a href=\"#DE\"><img decoding=\"async\" class=\"bandera\" title=\"DE - Produktbeschreibung auf Deutsch\" src=\"http:\/\/guitar-repertoire.reflejarte.es\/wp-content\/uploads\/2018\/01\/DE-guitar-repertoire-mini.png\" alt=\"DE - Produktbeschreibung auf Deutsch\" \/>AUDIO: Beschreibung lesen<\/a> --><\/p>\n","protected":false},"featured_media":4279,"comment_status":"closed","ping_status":"closed","template":"","meta":[],"product_brand":[],"product_cat":[378,793,804,441,405,466,394,134,398,374,685,392],"product_tag":[470,794,112,471,56,62,222,515,485,472,73],"class_list":{"0":"post-4278","1":"product","2":"type-product","3":"status-publish","4":"has-post-thumbnail","6":"product_cat-audio","7":"product_cat-biografia","8":"product_cat-dowland","9":"product_cat-g","10":"product_cat-inglaterra","11":"product_cat-libre","12":"product_cat-esteban-manuel-interprete","13":"product_cat-_mp3","14":"product_cat-nivel-alto","15":"product_cat-pdf","16":"product_cat-pdf-audio","17":"product_cat-renacimiento","18":"product_tag-audio","19":"product_tag-biografia","20":"product_tag-dowland","21":"product_tag-free-gratis","22":"product_tag-guitar","23":"product_tag-la-reverie","24":"product_tag-manuel-esteban","25":"product_tag-alto-high","26":"product_tag-pdf","27":"product_tag-pdfaudio","28":"product_tag-renaissance","29":"pa_compositor-john-dowland","30":"pa_epoca-renaissance","31":"pa_instrumentacion-guitarra-sola","32":"pa_licencia-creative-commons","33":"pa_nivel-nivel-alto","35":"first","36":"instock","37":"featured","38":"downloadable","39":"virtual","40":"product-type-simple"},"_links":{"self":[{"href":"https:\/\/reflejarte.es\/guitar-repertoire\/wp-json\/wp\/v2\/product\/4278","targetHints":{"allow":["GET"]}}],"collection":[{"href":"https:\/\/reflejarte.es\/guitar-repertoire\/wp-json\/wp\/v2\/product"}],"about":[{"href":"https:\/\/reflejarte.es\/guitar-repertoire\/wp-json\/wp\/v2\/types\/product"}],"replies":[{"embeddable":true,"href":"https:\/\/reflejarte.es\/guitar-repertoire\/wp-json\/wp\/v2\/comments?post=4278"}],"wp:featuredmedia":[{"embeddable":true,"href":"https:\/\/reflejarte.es\/guitar-repertoire\/wp-json\/wp\/v2\/media\/4279"}],"wp:attachment":[{"href":"https:\/\/reflejarte.es\/guitar-repertoire\/wp-json\/wp\/v2\/media?parent=4278"}],"wp:term":[{"taxonomy":"product_brand","embeddable":true,"href":"https:\/\/reflejarte.es\/guitar-repertoire\/wp-json\/wp\/v2\/product_brand?post=4278"},{"taxonomy":"product_cat","embeddable":true,"href":"https:\/\/reflejarte.es\/guitar-repertoire\/wp-json\/wp\/v2\/product_cat?post=4278"},{"taxonomy":"product_tag","embeddable":true,"href":"https:\/\/reflejarte.es\/guitar-repertoire\/wp-json\/wp\/v2\/product_tag?post=4278"}],"curies":[{"name":"wp","href":"https:\/\/api.w.org\/{rel}","templated":true}]}}