{"id":4269,"date":"2019-04-29T17:34:37","date_gmt":"2019-04-29T15:34:37","guid":{"rendered":"http:\/\/guitar-repertoire.com\/?post_type=product&#038;p=4269"},"modified":"2022-02-13T18:18:13","modified_gmt":"2022-02-13T17:18:13","slug":"mozart-wolfgang-amadeus-marcha-turca-sonata-no-11-en-la-mayor-kv-331-300i-pdf","status":"publish","type":"product","link":"https:\/\/reflejarte.es\/guitar-repertoire\/musicalia\/mozart-wolfgang-amadeus-marcha-turca-sonata-no-11-en-la-mayor-kv-331-300i-pdf\/","title":{"rendered":"Mozart, Wolfgang Amadeus: Marcha Turca (Sonata n\u00ba 11 en la mayor) KV 331\/300i &#8211; PDF"},"content":{"rendered":"<p>&nbsp;<\/p>\n<p><!-- probe --><\/p>\n","protected":false},"excerpt":{"rendered":"<p><!-- nur falls descrip erste pest\u00f1a\n<a href=\"#ES\"><img decoding=\"async\" class=\"bandera\" title=\"ES - descripci\u00f3n en espa\u00f1ol\" src=\"http:\/\/guitar-repertoire.com\/wp-content\/uploads\/2018\/10\/ES.png\" alt=\"ES - descripci\u00f3n del producto en espa\u00f1ol\" \/>Partitura en PDF: ver info detallada<\/a>\n<a href=\"#EN\"><img decoding=\"async\" class=\"bandera\" title=\"EN - Description in English\" src=\"http:\/\/guitar-repertoire.com\/wp-content\/uploads\/2018\/10\/EN.png\" alt=\"EN - Product Description in English\" \/>PDF Music Sheet: see details<\/a>\n<a href=\"#FR\"><img decoding=\"async\" class=\"bandera\" title=\"FR - description en fran\u00e7ais\" src=\"http:\/\/guitar-repertoire.com\/wp-content\/uploads\/2018\/10\/FR.png\" alt=\"FR - description du produit en fran\u00e7ais\" \/>Partition en PDF : voir info d\u00e9taill\u00e9e<\/a>\n<a href=\"#DE\"><img decoding=\"async\" class=\"bandera\" title=\"DE - Produktbeschreibung auf Deutsch\" src=\"http:\/\/guitar-repertoire.com\/wp-content\/uploads\/2018\/10\/DE.png\" alt=\"DE - Produktbeschreibung auf Deutsch\" \/>PDF-Partitur: Info lesen<\/a>\n--><\/p>\n<p>La sonata n\u00ba 11 en La Mayor KV 331 (300i) es una de las m\u00e1s conocidas de Mozart,\u00a0 de las que aqu\u00e9l compuso para piano. Se public\u00f3 por primera vez en Viena en 1784 .<br \/>\nEs sobre todo su tercer movimiento, <em>Alla Turca<\/em>, que se hizo muy popular, un allegretto en forma de rond\u00f3 en la menor que finaliza en la mayor.<\/p>\n<p>&nbsp;<\/p>\n<hr \/>\n<h3>Wolfgang Amadeus Mozart (27\/1\/1756\u00a0 &#8211;\u00a0 5\/12\/1791)<\/h3>\n<p>Wolfgang Amadeus Mozart\u00a0 (seg\u00fan su partida de nacimiento: <i>Joannes Chrysostomus Wolfgangus Theophilus Mozart) <\/i>naci\u00f3 en Salzburgo como s\u00e9ptimo hijo de Anna Maria Walburga Pertl y del m\u00fasico y compositor Leopold Mozart.\u00a0 <img loading=\"lazy\" decoding=\"async\" class=\"alignright wp-image-4272 size-medium\" title=\"Mozart, Wolfgang Amadeus de ni\u00f1o 1763\" src=\"https:\/\/reflejarte.es\/guitar-repertoire\/wp-content\/uploads\/2019\/04\/MozartWolfgang-Kind1763-240x300.jpg\" alt=\"Mozart, Wolfgang Amadeus de ni\u00f1o 1763\" width=\"240\" height=\"300\" srcset=\"https:\/\/reflejarte.es\/guitar-repertoire\/wp-content\/uploads\/2019\/04\/MozartWolfgang-Kind1763-240x300.jpg 240w, https:\/\/reflejarte.es\/guitar-repertoire\/wp-content\/uploads\/2019\/04\/MozartWolfgang-Kind1763-120x150.jpg 120w, https:\/\/reflejarte.es\/guitar-repertoire\/wp-content\/uploads\/2019\/04\/MozartWolfgang-Kind1763-480x600.jpg 480w, https:\/\/reflejarte.es\/guitar-repertoire\/wp-content\/uploads\/2019\/04\/MozartWolfgang-Kind1763-324x405.jpg 324w, https:\/\/reflejarte.es\/guitar-repertoire\/wp-content\/uploads\/2019\/04\/MozartWolfgang-Kind1763-416x521.jpg 416w, https:\/\/reflejarte.es\/guitar-repertoire\/wp-content\/uploads\/2019\/04\/MozartWolfgang-Kind1763.jpg 800w\" sizes=\"auto, (max-width: 240px) 100vw, 240px\" \/><br \/>\nCuando Wolfgang ten\u00eda 4 a\u00f1os, su padre ya lo instru\u00eda junto a su hermana mayor, Anna, (los \u00fanicos que sobrevivieron la primera infancia) en piano, viol\u00edn y composici\u00f3n.<br \/>\nConsta que en diciembre de 1761 Wolfgang compuso un <em>Andante<\/em> y un <em>Allegro <\/em>seguidos de otro <em>Allegro<\/em> con <em>Menuetto<\/em>, anotados por el padre.<br \/>\nVisto el talento sorprendente del ni\u00f1o, no tard\u00f3 en dar sus primeros conciertos, y a partir de 1762, la familia emprendi\u00f3 varios viajes para dar a conocer el virtuosismo de sus hijos en las ciudades de Munich y Viena. Tal fue el \u00e9xito de los ni\u00f1os prodigio que realizaron una gira que durar\u00eda 3 a\u00f1os que los llevar\u00eda a las cortes m\u00e1s importantes de Europa central &#8211; Par\u00eds, Londres, Alemania, Holanda, B\u00e9lgica, Suiza, Francia &#8230;<\/p>\n<p><img loading=\"lazy\" decoding=\"async\" class=\"alignleft wp-image-4275 size-medium\" title=\"La familia Mozart en Paris 1763 (por Louis Carrogis Carmontelle)\" src=\"https:\/\/reflejarte.es\/guitar-repertoire\/wp-content\/uploads\/2019\/04\/familia-MozartxLouisCarrogisCarmontelle_Paris1763-192x300.jpg\" alt=\"La familia Mozart en Paris 1763 (por Louis Carrogis Carmontelle)\" width=\"192\" height=\"300\" srcset=\"https:\/\/reflejarte.es\/guitar-repertoire\/wp-content\/uploads\/2019\/04\/familia-MozartxLouisCarrogisCarmontelle_Paris1763-192x300.jpg 192w, https:\/\/reflejarte.es\/guitar-repertoire\/wp-content\/uploads\/2019\/04\/familia-MozartxLouisCarrogisCarmontelle_Paris1763-96x150.jpg 96w, https:\/\/reflejarte.es\/guitar-repertoire\/wp-content\/uploads\/2019\/04\/familia-MozartxLouisCarrogisCarmontelle_Paris1763.jpg 383w, https:\/\/reflejarte.es\/guitar-repertoire\/wp-content\/uploads\/2019\/04\/familia-MozartxLouisCarrogisCarmontelle_Paris1763-324x508.jpg 324w\" sizes=\"auto, (max-width: 192px) 100vw, 192px\" \/><\/p>\n<p>Durante estos viajes, Wolfgang compon\u00eda sus primeras sonatas para viol\u00edn y piano as\u00ed como su primera Sinfon\u00eda en mi bemol mayor (KV 16).\u00a0 Tambi\u00e9n le sirvieron para conocer m\u00fasicos destacados y estilos nuevos.<br \/>\nEn 1764, cuando ten\u00eda 8 a\u00f1os, se publicaron sus primeras obras impresas: cuatro sonatas para viol\u00edn y piano (KV 6-9).<br \/>\nTen\u00eda mucho af\u00e1n de superaci\u00f3n y ser\u00eda enormemente creativo y trabajador durante toda su vida.<\/p>\n<p>Tras la vuelta a Salzburgo se estrenaron all\u00ed y en Viena algunas de sus primeras obras: una \u00f3pera que compuso junto con otros m\u00fasicos como pieza de aprendizaje, a la edad de 11 a\u00f1os; el singspiel\/operetta pastoril <em>Basti\u00e1n y Bastiana <\/em>(KV 50), una misa (KV 139) y la \u00f3pera buffa <em>La finta semplice <\/em>(KV 51).<\/p>\n<p>Emprendi\u00f3 a continuaci\u00f3n varios viajes exitosos por Italia, junto a su padre, entre 1769 y 1771, donde estudi\u00f3 contrapunto con Giambattista Martini en Bologna y conoci\u00f3 a m\u00fasicos importantes como Sammartini.\u00a0 Estren\u00f3 varios encargos de\u00a0 \u00f3peras en Milano pero no consiguieron el deseado establecimiento fijo.<\/p>\n<p>Desde 1772 estuvo al servicio de von Colloredo, el nuevo arzobispo de Salzburgo, que no ve\u00eda con buenos ojos las repetidas ausencias por viajes de su maestro de conciertos.<br \/>\nTras dimitir de su puesto en 1777, Mozart emprendi\u00f3 una gira por diversas cortes europeas, con su madre,\u00a0 en busca de un empleo m\u00e1s prometedor. A parte de conocer a interesantes m\u00fasicos y a la familia de su futura esposa, el viaje no le propici\u00f3 resultados en forma de encargos. En Par\u00eds, en 1778, consigui\u00f3 estrenar una obra de m\u00fasica para ballet, pero al poco de llegar all\u00ed, su madre enferm\u00f3 y muri\u00f3.<br \/>\nMozart regres\u00f3 a Salzburgo donde su padre le hab\u00eda conseguido un puesto bien pagado como organista y primer violinista de la corte, empleo que no le entusiasmaba pero que acept\u00f3 finalmente por falta de ofertas mejores. Las exigencias de Colloredo, impidi\u00e9ndole participar en lucrativos conciertos en Viena, no mejoraron la relaci\u00f3n con su patr\u00f3n, por lo que Mozart dimiti\u00f3, al cabo de 20 meses, para establecerse en Viena, como profesor de piano y compositor independiente.<\/p>\n<p>Los diez a\u00f1os entre 1781 y 1791 le permitieron crear todas sus grandes obras, tanto por encargo como para &#8216;tener provisiones&#8217;. Las \u00f3peras que crear\u00eda en este intervalo\u00a0 &#8211; El rapto en el serallo(1782), Las bodas de F\u00edgaro (1786), Don Giovanni (1787), Cosi fan tutte (1790), La clemenza di Tito (1791), La flauta m\u00e1gica (1791)\u00a0 &#8211; se estrenar\u00edan con \u00e9xito en Viena y Praga.<br \/>\nEscribi\u00f3 obras lit\u00fargicas\u00a0 y sinfon\u00edas y en todas sus trabajos posteriores a 1782\/83 se detecta el profundo conocimiento de la obra de Georg Friedrich H\u00e4ndel y Johann Sebastian Bach, adquirido a trav\u00e9s de la colecci\u00f3n de partituras de m\u00fasica barroca que pose\u00eda el bar\u00f3n Gottfried Van Swieten, un coleccionista y aficionado musical. Entre las obras que influyeron en su estilo compositivo posterior\u00a0 cuentan los oratorios de H\u00e4ndel y <i>&#8216;El clave bien temperado&#8217;<\/i> de Bach.<br \/>\n<img loading=\"lazy\" decoding=\"async\" class=\"alignleft wp-image-4633\" title=\"Constanze Mozart (por Lange, 1782)\" src=\"https:\/\/reflejarte.es\/guitar-repertoire\/wp-content\/uploads\/2019\/04\/Constanze_Mozart_by_Lange_1782.jpg\" alt=\"Constanze Mozart (por Lange, 1782)\" width=\"133\" height=\"173\" srcset=\"https:\/\/reflejarte.es\/guitar-repertoire\/wp-content\/uploads\/2019\/04\/Constanze_Mozart_by_Lange_1782.jpg 800w, https:\/\/reflejarte.es\/guitar-repertoire\/wp-content\/uploads\/2019\/04\/Constanze_Mozart_by_Lange_1782-231x300.jpg 231w, https:\/\/reflejarte.es\/guitar-repertoire\/wp-content\/uploads\/2019\/04\/Constanze_Mozart_by_Lange_1782-462x600.jpg 462w, https:\/\/reflejarte.es\/guitar-repertoire\/wp-content\/uploads\/2019\/04\/Constanze_Mozart_by_Lange_1782-115x150.jpg 115w, https:\/\/reflejarte.es\/guitar-repertoire\/wp-content\/uploads\/2019\/04\/Constanze_Mozart_by_Lange_1782-324x421.jpg 324w, https:\/\/reflejarte.es\/guitar-repertoire\/wp-content\/uploads\/2019\/04\/Constanze_Mozart_by_Lange_1782-416x541.jpg 416w\" sizes=\"auto, (max-width: 133px) 100vw, 133px\" \/>En 1782 se casa con la cantante Constanze Weber, matrimonio que no contaba con el favor de su familia. Vivieron a\u00f1os de bonanza econ\u00f3mica, llevando un tren de vida representativo y costoso. Tuvieron 6 hijos, de los que solo 2 sobrevivieron a la infancia,\u00a0 Karl y Franz, tambi\u00e9n compositores. <img loading=\"lazy\" decoding=\"async\" class=\"alignright wp-image-4635\" title=\"Karl Thomas y Franz Xaver Mozart, \u00fanicos hijos supervivientes de Wolfgang y Constanze\" src=\"https:\/\/reflejarte.es\/guitar-repertoire\/wp-content\/uploads\/2019\/04\/Karl-Thomas-y-Franz-Xaver-Mozart.jpg\" alt=\"Karl Thomas y Franz Xaver Mozart, \u00fanicos hijos supervivientes de Wolfgang y Constanze\" width=\"160\" height=\"193\" srcset=\"https:\/\/reflejarte.es\/guitar-repertoire\/wp-content\/uploads\/2019\/04\/Karl-Thomas-y-Franz-Xaver-Mozart.jpg 220w, https:\/\/reflejarte.es\/guitar-repertoire\/wp-content\/uploads\/2019\/04\/Karl-Thomas-y-Franz-Xaver-Mozart-124x150.jpg 124w\" sizes=\"auto, (max-width: 160px) 100vw, 160px\" \/><br \/>\nEn 1784, Mozart se hizo mas\u00f3n, y algo de sus convicciones trasluce en <em>La flauta m\u00e1gica<\/em> y el <em>F\u00edgaro &#8211;<\/em> a pesar de purgar las obras en gran medida de sus contenidos cr\u00edticos para que no acabaran censuradas.<\/p>\n<p>Pero a partir de 1786 iba perdiendo el favor del p\u00fablico, con lo que empeoraba su situaci\u00f3n econ\u00f3mica sin que por ello los Mozart redujeran su estilo de vida.<br \/>\nWolfgang emprender\u00eda varios viajes m\u00e1s (a Berl\u00edn y Frankfurt, en 1789 y 1790), en busca de encargos y empleo, pero con escaso \u00e9xito.<br \/>\nCuando el \u00e9xito parec\u00eda volver tras estrenar <em>La flauta m\u00e1gica<\/em>, Mozart enferm\u00f3 y muri\u00f3 15 d\u00edas despu\u00e9s, el 5 de diciembre de 1791, a los 36 a\u00f1os, de una especie de fiebre con irritaci\u00f3n cut\u00e1nea. No se ha podido establecer la verdadera causa de su muerte pero podr\u00eda deberse a una recurrente fiebre reum\u00e1tica que empeorar\u00eda con el paso de los a\u00f1os.<br \/>\nTras una misa de funeral en la catedral de San Esteban de Viena fue enterrado en una tumba comunitaria, destino bastante com\u00fan en aquella \u00e9poca y que no significaba que estuviera desahuciado, como se ha interpretado muchas veces.<\/p>\n<p>&nbsp;<\/p>\n<p>&nbsp;<\/p>\n","protected":false},"featured_media":4271,"comment_status":"closed","ping_status":"closed","template":"","meta":[],"product_brand":[],"product_cat":[517,793,388,441,466,799,398,374],"product_tag":[794,471,56,515,472,496,800,489],"class_list":{"0":"post-4269","1":"product","2":"type-product","3":"status-publish","4":"has-post-thumbnail","6":"product_cat-austria","7":"product_cat-biografia","8":"product_cat-clasico","9":"product_cat-g","10":"product_cat-libre","11":"product_cat-mozart","12":"product_cat-nivel-alto","13":"product_cat-pdf","14":"product_tag-biografia","15":"product_tag-free-gratis","16":"product_tag-guitar","17":"product_tag-alto-high","18":"product_tag-pdfaudio","19":"product_tag-romanticismo","20":"product_tag-sonata","21":"product_tag-transcrito-para-guitarra--transcrit-pour-guitare--transcribed-for-the-guitar--ubertragung-fur-gitarre","22":"product_shipping_class-descarga","23":"pa_autor-de-la-transcripcion-shinyu","24":"pa_compositor-wolfgang-amadeus-mozart","25":"pa_epoca-classical","26":"pa_instrumentacion-guitarra-sola","27":"pa_licencia-creative-commons","28":"pa_nivel-nivel-alto","30":"first","31":"instock","32":"featured","33":"downloadable","34":"virtual","35":"product-type-simple"},"_links":{"self":[{"href":"https:\/\/reflejarte.es\/guitar-repertoire\/wp-json\/wp\/v2\/product\/4269","targetHints":{"allow":["GET"]}}],"collection":[{"href":"https:\/\/reflejarte.es\/guitar-repertoire\/wp-json\/wp\/v2\/product"}],"about":[{"href":"https:\/\/reflejarte.es\/guitar-repertoire\/wp-json\/wp\/v2\/types\/product"}],"replies":[{"embeddable":true,"href":"https:\/\/reflejarte.es\/guitar-repertoire\/wp-json\/wp\/v2\/comments?post=4269"}],"wp:featuredmedia":[{"embeddable":true,"href":"https:\/\/reflejarte.es\/guitar-repertoire\/wp-json\/wp\/v2\/media\/4271"}],"wp:attachment":[{"href":"https:\/\/reflejarte.es\/guitar-repertoire\/wp-json\/wp\/v2\/media?parent=4269"}],"wp:term":[{"taxonomy":"product_brand","embeddable":true,"href":"https:\/\/reflejarte.es\/guitar-repertoire\/wp-json\/wp\/v2\/product_brand?post=4269"},{"taxonomy":"product_cat","embeddable":true,"href":"https:\/\/reflejarte.es\/guitar-repertoire\/wp-json\/wp\/v2\/product_cat?post=4269"},{"taxonomy":"product_tag","embeddable":true,"href":"https:\/\/reflejarte.es\/guitar-repertoire\/wp-json\/wp\/v2\/product_tag?post=4269"}],"curies":[{"name":"wp","href":"https:\/\/api.w.org\/{rel}","templated":true}]}}