{"id":4230,"date":"2019-04-25T19:09:13","date_gmt":"2019-04-25T17:09:13","guid":{"rendered":"http:\/\/guitar-repertoire.com\/?post_type=product&#038;p=4230"},"modified":"2019-05-17T11:39:04","modified_gmt":"2019-05-17T09:39:04","slug":"francisco-cimadevilla-metodo-de-guitarra-la-facil-progresion-pdf","status":"publish","type":"product","link":"https:\/\/reflejarte.es\/guitar-repertoire\/musicalia\/francisco-cimadevilla-metodo-de-guitarra-la-facil-progresion-pdf\/","title":{"rendered":"Cimadevilla, Francisco:  M\u00e9todo de guitarra. La f\u00e1cil progresi\u00f3n. &#8211; PDF"},"content":{"rendered":"","protected":false},"excerpt":{"rendered":"<h3 style=\"text-align: center;\"><span class=\"oedJWe\">Francisco Cimadevilla <\/span><\/h3>\n<p style=\"text-align: center;\"><span class=\"oedJWe\">(1861-1931)<\/span><\/p>\n<h3 style=\"text-align: center;\">M\u00e9todo de guitarra.<br \/>\nLa f\u00e1cil progresi\u00f3n.<\/h3>\n<p style=\"text-align: center;\"><strong>Dividido en 2 partes y cuidadosamente digitado<\/strong><br \/>\n<strong>(Bilbao, 1893)<\/strong><\/p>\n<p>Francisco Cimadevilla Gonz\u00e1lez (Valladolid 10\/5\/1861 &#8211; Madrid 19\/8\/1931) fue guitarrista, compositor, y sobre todo, maestro de guitarra: public\u00f3 2 m\u00e9todos de guitarra, otro para mandolina y la\u00fad as\u00ed como varias colecciones de m\u00fasica popular.<br \/>\nTranscribi\u00f3\u00a0 y arregl\u00f3 diversas obras muy populares \u00abde sal\u00f3n\u00bb, basadas en danzas y canciones populares espa\u00f1oles,\u00a0 para tocarlas con la guitarra,<\/p>\n<p>Su <strong>m\u00e9todo \u00abLa f\u00e1cil Progresi\u00f3n\u00bb<\/strong> , de 44 p\u00e1ginas,\u00a0 comienza por los rudimentos te\u00f3ricos de la guitarra y sigue con lecciones y ejercicios pr\u00e1cticos. La segunda parte contiene piezas\u00a0 como polkas, mazurkas y valses.<\/p>\n","protected":false},"featured_media":4232,"comment_status":"closed","ping_status":"closed","template":"","meta":[],"product_brand":[],"product_cat":[793,772,401,441,466,391,396,397,374,640],"product_tag":[794,777,778,743,781,768,485,780,648,779],"class_list":{"0":"post-4230","1":"product","2":"type-product","3":"status-publish","4":"has-post-thumbnail","6":"product_cat-biografia","7":"product_cat-cimadevilla","8":"product_cat-espana","9":"product_cat-g","10":"product_cat-libre","11":"product_cat-moderno","12":"product_cat-nivel-basico","13":"product_cat-nivel-medio","14":"product_cat-pdf","15":"product_cat-tratado-musical","16":"product_tag-biografia","17":"product_tag-cimadevilla","18":"product_tag-digitado","19":"product_tag-guitarra-espanola","20":"product_tag-mazurka","21":"product_tag-metodo","22":"product_tag-pdf","23":"product_tag-polka","24":"product_tag-tratado-musical","25":"product_tag-vals","26":"product_shipping_class-descarga","27":"pa_autor-cimadevilla-francisco","28":"pa_epoca-moderno","29":"pa_licencia-creative-commons","30":"pa_nivel-nivel-basico","31":"pa_nivel-nivel-medio","33":"first","34":"instock","35":"featured","36":"downloadable","37":"virtual","38":"product-type-simple"},"_links":{"self":[{"href":"https:\/\/reflejarte.es\/guitar-repertoire\/wp-json\/wp\/v2\/product\/4230","targetHints":{"allow":["GET"]}}],"collection":[{"href":"https:\/\/reflejarte.es\/guitar-repertoire\/wp-json\/wp\/v2\/product"}],"about":[{"href":"https:\/\/reflejarte.es\/guitar-repertoire\/wp-json\/wp\/v2\/types\/product"}],"replies":[{"embeddable":true,"href":"https:\/\/reflejarte.es\/guitar-repertoire\/wp-json\/wp\/v2\/comments?post=4230"}],"wp:featuredmedia":[{"embeddable":true,"href":"https:\/\/reflejarte.es\/guitar-repertoire\/wp-json\/wp\/v2\/media\/4232"}],"wp:attachment":[{"href":"https:\/\/reflejarte.es\/guitar-repertoire\/wp-json\/wp\/v2\/media?parent=4230"}],"wp:term":[{"taxonomy":"product_brand","embeddable":true,"href":"https:\/\/reflejarte.es\/guitar-repertoire\/wp-json\/wp\/v2\/product_brand?post=4230"},{"taxonomy":"product_cat","embeddable":true,"href":"https:\/\/reflejarte.es\/guitar-repertoire\/wp-json\/wp\/v2\/product_cat?post=4230"},{"taxonomy":"product_tag","embeddable":true,"href":"https:\/\/reflejarte.es\/guitar-repertoire\/wp-json\/wp\/v2\/product_tag?post=4230"}],"curies":[{"name":"wp","href":"https:\/\/api.w.org\/{rel}","templated":true}]}}