{"id":4223,"date":"2019-04-25T14:25:39","date_gmt":"2019-04-25T12:25:39","guid":{"rendered":"http:\/\/guitar-repertoire.com\/?post_type=product&#038;p=4223"},"modified":"2019-05-14T17:13:29","modified_gmt":"2019-05-14T15:13:29","slug":"federico-moretti-principios-para-tocar-la-guitarra-de-seis-ordenes-pdf","status":"publish","type":"product","link":"https:\/\/reflejarte.es\/guitar-repertoire\/musicalia\/federico-moretti-principios-para-tocar-la-guitarra-de-seis-ordenes-pdf\/","title":{"rendered":"Moretti, Federico: Principios para tocar la guitarra de seis \u00f3rdenes. Precedidos de los Elementos generales de la m\u00fasica. (Madrid, 1799) &#8211; PDF"},"content":{"rendered":"<p><strong>Federico Moretti y Cascone, Conde de Moretti<\/strong> (N\u00e1poles, Italia, 1769 &#8211; Madrid, Espa\u00f1a, 1839) fue un militar (mariscal de campo del ej\u00e9rcito espa\u00f1ol), compositor y m\u00fasico.<br \/>\nEs el autor de los <strong>Principios para tocar la guitarra de seis \u00f3rdenes, precedidos de los elementos generales de la m\u00fasica (N\u00e1poles 1792, 1804, Madrid 1799)<\/strong> , obra fundamental en la did\u00e1ctica de la guitarra cl\u00e1sica.<\/p>\n<p>Naci\u00f3 en N\u00e1poles, el 22 de enero de 1769, en una familia de la nobleza florentina y muri\u00f3 en Madrid el 17 de enero de 1839. Su hermano, Luigi Moretti, tambi\u00e9n fue compositor y guitarrista.<br \/>\nFederico estudia m\u00fasica con Girolamo Masi y, con su ayuda, publica en N\u00e1poles, en 1786, la primera versi\u00f3n manuscrita de sus Principios.<br \/>\nEn 1794 se traslada a Espa\u00f1a para ingresar en las Reales Guardias Walonas del ej\u00e9rcito espa\u00f1ol, en 1796.<\/p>\n<p>Su gran influencia en el desarrollo de la t\u00e9cnica, notaci\u00f3n y did\u00e1ctica de la guitarra fue reconocida tanto por Dionisio Aguado\u00a0 como por Fernando Sor. Tambi\u00e9n impuls\u00f3 la imprenta musical moderna en Espa\u00f1a.<\/p>\n<p>Adem\u00e1s de sus Principios -que tuvieron al menos 5 ediciones en italiano, espa\u00f1ol e ingl\u00e9s-, Federico Moretti compuso cientos de obras musicales, sobre todo canciones con acompa\u00f1amiento de guitarra.<br \/>\nLas m\u00e1s conocidas son las \u00abDOCE CANCIONES con Acompa\u00f1amiento de Guitarra\u00a0 Compuestas y Dedicadas a su Amigo\u00a0 EL CONDE DE FIFE\u00a0 Por el Brigadier Dn. Frederico [sic] Moretti\u00bb publicadas en Londres en 1812.<br \/>\n(Fuente: https:\/\/es.wikipedia.org\/wiki\/Federico_Moretti)<\/p>\n<p>M\u00e1s informaci\u00f3n biogr\u00e1fica sobre Moretti:\u00a0 https:\/\/ifc.dpz.es\/recursos\/publicaciones\/29\/83\/07carpintero.pdf<\/p>\n","protected":false},"excerpt":{"rendered":"<p>&nbsp;<\/p>\n<h3 style=\"text-align: center;\"><strong>Federico Moretti<br \/>\n<\/strong><span class=\"oedJWe\">(1769-1839)<\/span><\/h3>\n<p style=\"text-align: center;\"><img loading=\"lazy\" decoding=\"async\" class=\"size-medium wp-image-4225 aligncenter\" src=\"http:\/\/guitar-repertoire.com\/wp-content\/uploads\/2019\/04\/moretti-firma-300x101.png\" alt=\"Moretti, Federico: Principios para tocar la guitarra de seis \u00f3rdenes \" width=\"300\" height=\"101\" srcset=\"https:\/\/reflejarte.es\/guitar-repertoire\/wp-content\/uploads\/2019\/04\/moretti-firma-300x101.png 300w, https:\/\/reflejarte.es\/guitar-repertoire\/wp-content\/uploads\/2019\/04\/moretti-firma-150x50.png 150w, https:\/\/reflejarte.es\/guitar-repertoire\/wp-content\/uploads\/2019\/04\/moretti-firma-324x109.png 324w, https:\/\/reflejarte.es\/guitar-repertoire\/wp-content\/uploads\/2019\/04\/moretti-firma.png 339w\" sizes=\"auto, (max-width: 300px) 100vw, 300px\" \/><\/p>\n<h3 style=\"text-align: center;\">Principios para tocar la guitarra de seis \u00f3rdenes.<br \/>\nPrecedidos de los Elementos generales de la m\u00fasica.<\/h3>\n<p style=\"text-align: center;\">(Madrid, 1799)<\/p>\n<p>\u00bb &#8230; he resumido todos los preceptos en dos partes. La primera se extiende \u00e1 leer<br \/>\ny executar la m\u00fasica con la voz \u00f3 con un instrumento.<\/p>\n<p>Y la segunda \u00e1 combinar los sonidos y entender las primeras reglas d\u00e9 la armon\u00eda ; todo lo qual<br \/>\nmira delineado en la forma siguiente :<\/p>\n<p style=\"padding-left: 80px;\">P R I M E R A P A R T E.<\/p>\n<p style=\"padding-left: 80px;\">Art\u00edculo 1\u00b0 Signos o Puntos Musicales.<br \/>\n2.\u00ba Notas \u00f3 Figuras.<br \/>\n3.\u00b0 Claves.<br \/>\n4.\u00ba Compases.<br \/>\n5.\u00ba Accidentes.<\/p>\n<p style=\"padding-left: 80px;\">S E G U N D A P A R T E.<\/p>\n<p style=\"padding-left: 80px;\">Art\u00edculo 1.\u00b0 Octavas y reglas para formarla en todos los tonos.<br \/>\n2.\u00ba Intervalos.<br \/>\n3.\u00ba Modos.<br \/>\n4.\u00ba Acordes.<br \/>\n5.\u00ba Cadencias.<br \/>\n6.a Explicaci\u00f3n de los nombres de los signos.<br \/>\n7\u00b0 Baxo numerado para regla de los acompa\u00f1amientos.<\/p>\n<p>Que es lo que pertenece y basta para enterarse de la Obra de Guitarra que doy \u00e1 luz.<br \/>\nProcuro ce\u00f1irme en todo lo posible, y quisiera ser breve y claro ; pero es tan ardua empresa, que temo no poder conseguirla.\u00a0 \u00bb<\/p>\n<p>&nbsp;<\/p>\n","protected":false},"featured_media":4226,"comment_status":"closed","ping_status":"closed","template":"","meta":[],"product_brand":[],"product_cat":[793,388,401,403,466,761,396,397,374,640],"product_tag":[794,743,769,768,485,655,648],"class_list":{"0":"post-4223","1":"product","2":"type-product","3":"status-publish","4":"has-post-thumbnail","6":"product_cat-biografia","7":"product_cat-clasico","8":"product_cat-espana","9":"product_cat-italia","10":"product_cat-libre","11":"product_cat-moretti","12":"product_cat-nivel-basico","13":"product_cat-nivel-medio","14":"product_cat-pdf","15":"product_cat-tratado-musical","16":"product_tag-biografia","17":"product_tag-guitarra-espanola","18":"product_tag-ilustrado","19":"product_tag-metodo","20":"product_tag-pdf","21":"product_tag-solfeo","22":"product_tag-tratado-musical","23":"product_shipping_class-descarga","24":"pa_autor-moretti-federico","25":"pa_epoca-classical","26":"pa_licencia-creative-commons","27":"pa_nivel-nivel-basico","28":"pa_nivel-nivel-medio","30":"first","31":"instock","32":"featured","33":"downloadable","34":"virtual","35":"product-type-simple"},"_links":{"self":[{"href":"https:\/\/reflejarte.es\/guitar-repertoire\/wp-json\/wp\/v2\/product\/4223","targetHints":{"allow":["GET"]}}],"collection":[{"href":"https:\/\/reflejarte.es\/guitar-repertoire\/wp-json\/wp\/v2\/product"}],"about":[{"href":"https:\/\/reflejarte.es\/guitar-repertoire\/wp-json\/wp\/v2\/types\/product"}],"replies":[{"embeddable":true,"href":"https:\/\/reflejarte.es\/guitar-repertoire\/wp-json\/wp\/v2\/comments?post=4223"}],"wp:featuredmedia":[{"embeddable":true,"href":"https:\/\/reflejarte.es\/guitar-repertoire\/wp-json\/wp\/v2\/media\/4226"}],"wp:attachment":[{"href":"https:\/\/reflejarte.es\/guitar-repertoire\/wp-json\/wp\/v2\/media?parent=4223"}],"wp:term":[{"taxonomy":"product_brand","embeddable":true,"href":"https:\/\/reflejarte.es\/guitar-repertoire\/wp-json\/wp\/v2\/product_brand?post=4223"},{"taxonomy":"product_cat","embeddable":true,"href":"https:\/\/reflejarte.es\/guitar-repertoire\/wp-json\/wp\/v2\/product_cat?post=4223"},{"taxonomy":"product_tag","embeddable":true,"href":"https:\/\/reflejarte.es\/guitar-repertoire\/wp-json\/wp\/v2\/product_tag?post=4223"}],"curies":[{"name":"wp","href":"https:\/\/api.w.org\/{rel}","templated":true}]}}