{"id":4103,"date":"2019-04-14T10:54:54","date_gmt":"2019-04-14T08:54:54","guid":{"rendered":"http:\/\/guitar-repertoire.com\/?post_type=product&#038;p=4103"},"modified":"2021-05-14T22:25:24","modified_gmt":"2021-05-14T20:25:24","slug":"sor-fernando-estudio-en-si-menor-op-35-pdf-audio","status":"publish","type":"product","link":"https:\/\/reflejarte.es\/guitar-repertoire\/musicalia\/sor-fernando-estudio-en-si-menor-op-35-pdf-audio\/","title":{"rendered":"Sor, Fernando: Estudio en Si menor Op. 35 \u00b7 PDF + AUDIO"},"content":{"rendered":"<p>&nbsp;<\/p>\n<hr \/>\n<p><a name=\"ES\"><\/a><a name=\"EN\"><\/a><a name=\"FR\"><\/a><a name=\"DE\"><\/a><br \/>\n&lt;&lt;\u00a0 consultar INFORMACI\u00d3N ADICIONAL<br \/>\n<!--\n\n\n<div class=\"descml\"><span style=\"display: inline-block; width: 0px; overflow: hidden; line-height: 0;\" data-mce-type=\"bookmark\" class=\"mce_SELRES_start\"><\/span><span style=\"color: #993300;\">T\u00edtulo \u00b7 Titre \u00b7 Title \u00b7 Titel<\/span>\nEstudio en Si menor Op. 35\n\n\n\n<hr \/>\n\n\n\n<span style=\"color: #993300;\">Compositor \u00b7 Compositeur \u00b7 Composer \u00b7 Komponist<\/span>\nFernando Sor\n\n\n\n<hr \/>\n\n\n\n<span style=\"color: #993300;\">\u00c9poca \u00b7 \u00c9poque \u00b7 Period \u00b7 Epoche<\/span>\nRomanticismo - Romantisme - Romanticism - Romantik\n\n\n\n<hr \/>\n\n\n\n<span style=\"color: #993300;\">Instrumentaci\u00f3n \u00b7 Instrumentation \u00b7 Instrumentierung<\/span>\nguitarra sola \u00b7 pour 1 guitare \u00b7 for 1 guitar \u00b7 f\u00fcr 1 Gitarre\n\n\n\n<hr \/>\n\n\n\n<span style=\"color: #993300;\">Nivel \u00b7 Niveau \u00b7 Level<\/span>\nb\u00e1sico \u00b7 \u00e9l\u00e9mentaire \u00b7 basic \u00b7 einfach\nmedio-moyen-medium\n\n\n\n<hr \/>\n\n\n\n<span style=\"color: #993300;\">Licencia \u00b7 Licence \u00b7 Lizenz<\/span>\nCC\n\n\n\n<hr \/>\n\n\n\n<span style=\"color: #993300;\">Formato \u00b7 Format<\/span>\nPDF\n\n\n\n<hr \/>\n\n\n\n<span style=\"color: #993300;\">Int\u00e9rprete \u00b7 Interpr\u00e8te \u00b7 Performer \u00b7 Interpret<\/span>\n(del audio correspondiente: Manuel Esteban)\n\n\n\n<hr \/>\n\n\n\n<span style=\"color: #993300;\">Comentario \u00b7 Commentaire \u00b7 Comment \u00b7 Kommentar<\/span>\n<a href=\"http:\/\/guitar-repertoire.com\/musicalia\/aguado-dionisio-estudio-no-7-libro-iii-audio-by-manuel-esteban\/\" rel=\"noopener\">&gt;&gt;&gt; escuchar el AUDIO \u00b7 \u00e9couter l'AUDIO \u00b7 listen the AUDIO \u00b7 AUDIO h\u00f6ren<\/a>\n\n\n\n<hr \/>\n\n\n\n<span style=\"color: #993300;\">Edici\u00f3n \u00b7 \u00c9dition \u00b7 Edition \u00b7 Ausgabe<\/span>\nmusicadelvacio, guitar-repertoire.com\n\n\n\n<hr \/>\n\n\n\n<\/div>\n\n\n--><br \/>\n<!-- probe --><\/p>\n","protected":false},"excerpt":{"rendered":"<p><!-- nur falls descrip erste pest\u00f1a\n<a href=\"#ES\"><img decoding=\"async\" class=\"bandera\" title=\"ES - descripci\u00f3n en espa\u00f1ol\" src=\"http:\/\/guitar-repertoire.com\/wp-content\/uploads\/2018\/10\/ES.png\" alt=\"ES - descripci\u00f3n del producto en espa\u00f1ol\" \/>Partitura en PDF: ver info detallada<\/a>\n<a href=\"#EN\"><img decoding=\"async\" class=\"bandera\" title=\"EN - Description in English\" src=\"http:\/\/guitar-repertoire.com\/wp-content\/uploads\/2018\/10\/EN.png\" alt=\"EN - Product Description in English\" \/>PDF Music Sheet: see details<\/a>\n<a href=\"#FR\"><img decoding=\"async\" class=\"bandera\" title=\"FR - description en fran\u00e7ais\" src=\"http:\/\/guitar-repertoire.com\/wp-content\/uploads\/2018\/10\/FR.png\" alt=\"FR - description du produit en fran\u00e7ais\" \/>Partition en PDF : voir info d\u00e9taill\u00e9e<\/a>\n<a href=\"#DE\"><img decoding=\"async\" class=\"bandera\" title=\"DE - Produktbeschreibung auf Deutsch\" src=\"http:\/\/guitar-repertoire.com\/wp-content\/uploads\/2018\/10\/DE.png\" alt=\"DE - Produktbeschreibung auf Deutsch\" \/>PDF-Partitur: Info lesen<\/a>\n--><\/p>\n<p>&nbsp;<\/p>\n<div class=\"sc_fancy_player_container\"><audio class=\"wp-audio-shortcode\" id=\"audio-4103-1\" preload=\"none\" style=\"width: 100%;\" controls=\"controls\"><source type=\"audio\/mpeg\" src=\"https:\/\/reflejarte.es\/guitar-repertoire\/wp-content\/uploads\/2019\/04\/SorFernando-Estudio-en-Si-menor-Op-35-MEsteban-guitarra.mp3?_=1\" \/><a href=\"https:\/\/reflejarte.es\/guitar-repertoire\/wp-content\/uploads\/2019\/04\/SorFernando-Estudio-en-Si-menor-Op-35-MEsteban-guitarra.mp3\">https:\/\/reflejarte.es\/guitar-repertoire\/wp-content\/uploads\/2019\/04\/SorFernando-Estudio-en-Si-menor-Op-35-MEsteban-guitarra.mp3<\/a><\/audio><\/div>\n<p>Escucha el Estudio en Si menor de Fernando Sor (Opus 35), interpretado a la guitarra cl\u00e1sica por Manuel Esteban.<\/p>\n<p>&nbsp;<\/p>\n<p><!-- <a href=\"http:\/\/guitar-repertoire.com\/musicalia\/sor-fernando_estudio-en-si-menor-op-35-audio-by-m-esteban-guitarra\/\" rel=\"noopener\">descargar el AUDIO \u00b7 t\u00e9l\u00e9charger l'AUDIO \u00b7 download the AUDIO \u00b7 AUDIO downloaden \u00a0 <\/a> --><\/p>\n<hr \/>\n<p>El \u00ab<strong>Estudio en Si menor Op 35<\/strong>\u00bb del renombrado guitarrista <strong>Fernando Sor<\/strong> forma parte del \u00e1lbum <strong>\u00ab<\/strong><a href=\"https:\/\/open.spotify.com\/album\/5AJSCCGWwuqhIdMytzrwP3?si=v-5FEjAxStaRYPJtGh2PWg\" target=\"_blank\" rel=\"noopener noreferrer\"><strong>M\u00fasica de los gentilhombres \u00b7 Music of Spanish Gentlemen<\/strong><\/a><strong>\u00ab<\/strong>,\u00a0 publicado por <strong>Manuel Esteban <\/strong>en 2018 y puede escucharse libremente\u00a0 en <a href=\"https:\/\/open.spotify.com\/album\/5AJSCCGWwuqhIdMytzrwP3?si=v-5FEjAxStaRYPJtGh2PWg\" target=\"_blank\" rel=\"noopener noreferrer\">Spotify<\/a>.<\/p>\n<p>En el \u00e1lbum colaboran Manuel Esteban a la guitarra cl\u00e1sica, Juan Manuel Rubio (santur y laud \u00e1rabe)\u00a0 y \u00c1ngel Mart\u00edn (percusiones).<\/p>\n<p>El trabajo contiene 17 obras de Narv\u00e1ez, Mil\u00e1n, De Murcia, Sanz, Mudarra y Sor, aut\u00e9nticos gentilhombres de la m\u00fasica espa\u00f1ola de los siglos XVI al XIX, reinterpretados de de un modo novedoso y atractivo, con instrumentos actuales diversos como el santur, el oud o la guitarra cl\u00e1sica.<\/p>\n<p>Encuentra m\u00e1s <a href=\"http:\/\/lareverie.es\/music-of-spanish-gentlemen-%c2%b7-musica-de-los-gentilhombres\/\" target=\"_blank\" rel=\"noopener noreferrer\">informaci\u00f3n sobre esta obra en la web de La Reverie lareverie.es<\/a>.<\/p>\n<hr \/>\n<p>&nbsp;<\/p>\n","protected":false},"featured_media":4174,"comment_status":"closed","ping_status":"closed","template":"","meta":[],"product_brand":[],"product_cat":[378,401,441,466,134,397,374,685,390,384],"product_tag":[752,742,471,56,222,672,472,496],"class_list":{"0":"post-4103","1":"product","2":"type-product","3":"status-publish","4":"has-post-thumbnail","6":"product_cat-audio","7":"product_cat-espana","8":"product_cat-g","9":"product_cat-libre","10":"product_cat-_mp3","11":"product_cat-nivel-medio","12":"product_cat-pdf","13":"product_cat-pdf-audio","14":"product_cat-romanticismo","15":"product_cat-sor-fernando","16":"product_tag-estudios-con-audio-para-guitarra","17":"product_tag-fernando-sor","18":"product_tag-free-gratis","19":"product_tag-guitar","20":"product_tag-manuel-esteban","21":"product_tag-nivel-medio","22":"product_tag-pdfaudio","23":"product_tag-romanticismo","24":"product_shipping_class-descarga","25":"pa_artista-manuel-esteban","26":"pa_compositor-fernando-sor","27":"pa_epoca-romanticismo","28":"pa_instrumentacion-guitarra-sola","29":"pa_licencia-creative-commons","30":"pa_nivel-nivel-medio","32":"first","33":"instock","34":"featured","35":"downloadable","36":"virtual","37":"sold-individually","38":"product-type-simple"},"_links":{"self":[{"href":"https:\/\/reflejarte.es\/guitar-repertoire\/wp-json\/wp\/v2\/product\/4103","targetHints":{"allow":["GET"]}}],"collection":[{"href":"https:\/\/reflejarte.es\/guitar-repertoire\/wp-json\/wp\/v2\/product"}],"about":[{"href":"https:\/\/reflejarte.es\/guitar-repertoire\/wp-json\/wp\/v2\/types\/product"}],"replies":[{"embeddable":true,"href":"https:\/\/reflejarte.es\/guitar-repertoire\/wp-json\/wp\/v2\/comments?post=4103"}],"wp:featuredmedia":[{"embeddable":true,"href":"https:\/\/reflejarte.es\/guitar-repertoire\/wp-json\/wp\/v2\/media\/4174"}],"wp:attachment":[{"href":"https:\/\/reflejarte.es\/guitar-repertoire\/wp-json\/wp\/v2\/media?parent=4103"}],"wp:term":[{"taxonomy":"product_brand","embeddable":true,"href":"https:\/\/reflejarte.es\/guitar-repertoire\/wp-json\/wp\/v2\/product_brand?post=4103"},{"taxonomy":"product_cat","embeddable":true,"href":"https:\/\/reflejarte.es\/guitar-repertoire\/wp-json\/wp\/v2\/product_cat?post=4103"},{"taxonomy":"product_tag","embeddable":true,"href":"https:\/\/reflejarte.es\/guitar-repertoire\/wp-json\/wp\/v2\/product_tag?post=4103"}],"curies":[{"name":"wp","href":"https:\/\/api.w.org\/{rel}","templated":true}]}}