{"id":4025,"date":"2018-10-21T18:38:43","date_gmt":"2018-10-21T16:38:43","guid":{"rendered":"http:\/\/guitar-repertoire.com\/?post_type=product&#038;p=4025"},"modified":"2021-05-14T22:34:54","modified_gmt":"2021-05-14T20:34:54","slug":"attaingnant-pierre-branle-gay-folio-xviii-pdf","status":"publish","type":"product","link":"https:\/\/reflejarte.es\/guitar-repertoire\/musicalia\/attaingnant-pierre-branle-gay-folio-xviii-pdf\/","title":{"rendered":"Attaingnant, Pierre de: Branle Gay Folio XVIII \u2013 PDF"},"content":{"rendered":"<p>Esta pieza procede de la colecci\u00f3n <strong>Dixhuit Basses dances<\/strong> publicada en 1529 por Pierre de Attaingnant.<\/p>\n<p>El libro de \u00ab<b>Les Dixhuit basses dances<\/b>\u00bb es la m\u00e1s antigua recopilaci\u00f3n de m\u00fasica para la\u00fad imprimida en Francia (1529), por el editor parisino <b>Pierre de Attaingnant<\/b>.<\/p>\n<p>Nada seguro se sabe sobre los compositores de las piezas. Uno de ellos fue, posiblemente, el famoso laudista Petrus Bonus o Piero Bono (1417-1497), al que se le atribuyen las obras que incluyen las iniciales PB en el t\u00edtulo as\u00ed como algunas otras que comparten caracter\u00edsticas similares en la anotaci\u00f3n musical (La Rote de Rode, La Magdalena).<\/p>\n<p>Las Branles, en cambio, parecen ser obra de otro autor, completamente desconocido.<\/p>\n<p><!--\n<a name=\"ES\"><span style=\"display: inline-block; width: 0px; overflow: hidden; line-height: 0;\" data-mce-type=\"bookmark\" class=\"mce_SELRES_start\"><\/span><\/a><a name=\"EN\"><\/a><a name=\"FR\"><\/a><a name=\"DE\"><\/a>\n\n\n<div class=\"descml\"><span style=\"color: #993300;\">T\u00edtulo \u00b7 Titre \u00b7 Title \u00b7 Titel<\/span>\nEstudio N\u00ba 2 Libro I\n\n\n\n<hr \/>\n\n\n\n<span style=\"color: #993300;\">Compositor \u00b7 Compositeur \u00b7 Composer \u00b7 Komponist<\/span>\nDionisio Aguado\n\n\n\n<hr \/>\n\n\n\n<span style=\"color: #993300;\">\u00c9poca \u00b7 \u00c9poque \u00b7 Period \u00b7 Epoche<\/span>\nRomanticismo - Romantisme - Romanticism - Romantik\n\n\n\n<hr \/>\n\n\n\n<span style=\"color: #993300;\">Instrumentaci\u00f3n \u00b7 Instrumentation \u00b7 Instrumentierung<\/span>\nguitarra sola \u00b7 pour 1 guitare \u00b7 for 1 guitar \u00b7 f\u00fcr 1 Gitarre\n\n\n\n<hr \/>\n\n\n\n<span style=\"color: #993300;\">Nivel \u00b7 Niveau \u00b7 Level<\/span>\nb\u00e1sico \u00b7 \u00e9l\u00e9mentaire \u00b7 basic \u00b7 einfach\n\n\n\n<hr \/>\n\n\n\n<span style=\"color: #993300;\">Licencia \u00b7 Licence \u00b7 Lizenz<\/span>\nCC\n\n\n\n<hr \/>\n\n\n\n<span style=\"color: #993300;\">Formato \u00b7 Format<\/span>\naudio\n\n\n\n<hr \/>\n\n\n\n<span style=\"color: #993300;\">Int\u00e9rprete \u00b7 Interpr\u00e8te \u00b7 Performer \u00b7 Interpret<\/span>\nManuel Esteban\n\n\n\n<hr \/>\n\n\n\n<span style=\"color: #993300;\">Comentario \u00b7 Commentaire \u00b7 Comment \u00b7 Kommentar<\/span>\n<a href=\"https:\/\/reflejarte.es\/guitar-repertoire\/musicalia\/attaingnant-pierre-branle-gay-folio-xviii-pdf\/\" rel=\"noopener\"> &gt;&gt;&gt; Partitura en PDF \u00b7 Partition en PDF \u00b7 PDF Music Sheet \u00b7 PDF der Partitur <\/a>\n\n\n\n<hr \/>\n\n\n\n<span style=\"color: #993300;\">Edici\u00f3n \u00b7 \u00c9dition \u00b7 Edition \u00b7 Ausgabe<\/span>\nmusicadelvacio\n\n\n\n<hr \/>\n\n\n\n<\/div>\n\n\nprobe --><\/p>\n","protected":false},"excerpt":{"rendered":"<p>&nbsp;<\/p>\n<p><a href=\"https:\/\/reflejarte.es\/guitar-repertoire\/musicalia\/attaingnant-branle-gay-folio-xvii-audio-manuel-esteban\/\">&gt;&gt;&gt; escuchar el audio \u00b7 \u00e9couter l&#8217;interpretation \u00b7 listen the music \u00b7 das St\u00fcck h\u00f6ren<\/a><\/p>\n<p>&nbsp;<\/p>\n","protected":false},"featured_media":4029,"comment_status":"closed","ping_status":"closed","template":"","meta":[],"product_brand":[],"product_cat":[381,404,441,466,397,650,374,685,392],"product_tag":[671,470,673,674,498,471,56,222,516,672,472,73],"class_list":{"0":"post-4025","1":"product","2":"type-product","3":"status-publish","4":"has-post-thumbnail","6":"product_cat-attaignant-pierre-de","7":"product_cat-francia","8":"product_cat-g","9":"product_cat-libre","10":"product_cat-nivel-medio","11":"product_cat-partituras","12":"product_cat-pdf","13":"product_cat-pdf-audio","14":"product_cat-renacimiento","15":"product_tag-attaingnant","16":"product_tag-audio","17":"product_tag-branle","18":"product_tag-danza","19":"product_tag-francais","20":"product_tag-free-gratis","21":"product_tag-guitar","22":"product_tag-manuel-esteban","23":"product_tag-nivel-basico","24":"product_tag-nivel-medio","25":"product_tag-pdfaudio","26":"product_tag-renaissance","27":"pa_compositor-pierre-dattaingnant","28":"pa_epoca-renaissance","29":"pa_instrumentacion-guitarra-sola","30":"pa_licencia-creative-commons","31":"pa_nivel-nivel-medio","33":"first","34":"instock","35":"featured","36":"downloadable","37":"virtual","38":"product-type-simple"},"_links":{"self":[{"href":"https:\/\/reflejarte.es\/guitar-repertoire\/wp-json\/wp\/v2\/product\/4025","targetHints":{"allow":["GET"]}}],"collection":[{"href":"https:\/\/reflejarte.es\/guitar-repertoire\/wp-json\/wp\/v2\/product"}],"about":[{"href":"https:\/\/reflejarte.es\/guitar-repertoire\/wp-json\/wp\/v2\/types\/product"}],"replies":[{"embeddable":true,"href":"https:\/\/reflejarte.es\/guitar-repertoire\/wp-json\/wp\/v2\/comments?post=4025"}],"wp:featuredmedia":[{"embeddable":true,"href":"https:\/\/reflejarte.es\/guitar-repertoire\/wp-json\/wp\/v2\/media\/4029"}],"wp:attachment":[{"href":"https:\/\/reflejarte.es\/guitar-repertoire\/wp-json\/wp\/v2\/media?parent=4025"}],"wp:term":[{"taxonomy":"product_brand","embeddable":true,"href":"https:\/\/reflejarte.es\/guitar-repertoire\/wp-json\/wp\/v2\/product_brand?post=4025"},{"taxonomy":"product_cat","embeddable":true,"href":"https:\/\/reflejarte.es\/guitar-repertoire\/wp-json\/wp\/v2\/product_cat?post=4025"},{"taxonomy":"product_tag","embeddable":true,"href":"https:\/\/reflejarte.es\/guitar-repertoire\/wp-json\/wp\/v2\/product_tag?post=4025"}],"curies":[{"name":"wp","href":"https:\/\/api.w.org\/{rel}","templated":true}]}}