{"id":3968,"date":"2018-03-29T18:19:24","date_gmt":"2018-03-29T16:19:24","guid":{"rendered":"http:\/\/guitar-repertoire.com\/?post_type=product&#038;p=3968"},"modified":"2019-05-14T17:09:59","modified_gmt":"2019-05-14T15:09:59","slug":"albinoni-tomaso-sonata-i-op-6-trattenimenti-armonici-per-camera-violin-guitarra-pdf","status":"publish","type":"product","link":"https:\/\/reflejarte.es\/guitar-repertoire\/musicalia\/albinoni-tomaso-sonata-i-op-6-trattenimenti-armonici-per-camera-violin-guitarra-pdf\/","title":{"rendered":"Albinoni, Tomaso: Sonata I &#8211; Op. 6<br>Trattenimenti Armonici per camera &#8211; viol\u00edn &#038; transcripci\u00f3n para guitarra &#8211; PDF"},"content":{"rendered":"","protected":false},"excerpt":{"rendered":"<p>Tomaso Albinoni: Sonata I &#8211; Op. 6<br \/>\nTrattenimenti Armonici per camera<br \/>\npara viol\u00edn y guitarra<br \/>\nArreglo continuo de guitarra: Manuel Esteban<br \/>\ndisponible <a href=\"http:\/\/email.sheetmusicplus.com\/t\/l?ssid=38193&amp;subscriber_id=aekmplnunaedoaleeghiivzmatelbcj&amp;delivery_id=caapqfgrotyrymgbfxiifuosdgmlbbh&amp;td=aAqbVDE97e5zla2dffLIsAgEd032gtI2FOjxRnrBEeBMJJ37ZwLYT32TCtnO2G83_GYeRd9jLJy5eL1K6GVOJfHdAyADjH5e6LBqNymlJ5P96J6110wuK5nbA9heKIF-66HEuCywcecZs47_bu2CXOYC0bXWVso5zhArsXLqcm48-eDUv5dax4ZxB7EWuzTy8Xr7anTMPkYm8RNd7U-PI6u1yDnAolrSma0n2eSwqWShGvbImDUTM6-uxTXzHgR61OtYt0LRLEdIc\" target=\"_blank\" rel=\"noopener noreferrer\">aqu\u00ed<\/a><br \/>\n<!-- <img decoding=\"async\" class=\"bandera\" title=\"ES - descripci\u00f3n en espa\u00f1ol\" src=\"http:\/\/guitar-repertoire.reflejarte.es\/wp-content\/uploads\/2018\/01\/ES-guitar-repertoire-mini.png\" alt=\"ES - descripci\u00f3n del producto en espa\u00f1ol\" \/>transcripci\u00f3n para guitarra por M.Esteban\n<img decoding=\"async\" class=\"bandera\" title=\"EN - Description in English\" src=\"http:\/\/guitar-repertoire.reflejarte.es\/wp-content\/uploads\/2018\/01\/EN-guitar-repertoire-mini.png\" alt=\"EN - Product Description in English\" \/>transcription for the guitar by M.Esteban\n<img decoding=\"async\" class=\"bandera\" title=\"FR - description en fran\u00e7ais\" src=\"http:\/\/guitar-repertoire.reflejarte.es\/wp-content\/uploads\/2018\/01\/FR-guitar-repertoire-mini.png\" alt=\"FR - description du produit en fran\u00e7ais\" \/>transcrit pour la guitare par Manuel Esteban\n<img decoding=\"async\" class=\"bandera\" title=\"DE - Produktbeschreibung auf Deutsch\" src=\"http:\/\/guitar-repertoire.reflejarte.es\/wp-content\/uploads\/2018\/01\/DE-guitar-repertoire-mini.png\" alt=\"DE - Produktbeschreibung auf Deutsch\" \/>Transkription f\u00fcr Gitarre von M.Esteban\n--><!-- eventualmente: texto descriptivo muy cortito, se ve debajo del t\u00edtulo --><\/p>\n<p><strong>Tomaso Albinoni<\/strong> (Venecia, 1669 &#8211; 1751)\u00a0 ocupa una posici\u00f3n singular en la corriente hist\u00f3rica de la m\u00fasica. Siempre en las laderas de la misma, firm\u00f3 inicialmente sus obras como \u00abDilettante veneto\u00bb y durante toda su carrera se mantuvo al margen del gremio de int\u00e9rpretes oficiales, el Arte de&#8217; Sonadori, as\u00ed como de cualquier cargo musical oficial o de servicio a la nobleza. En este sentido, puede afirmarse que Albinoni fue uno de los primeros m\u00fasicos independientes, dependi\u00f3 principalmente de su actividades como compositor y como docente.<\/p>\n<p>En vida conoci\u00f3 la fama, sus obras se estrenaron en los principales teatros italianos y sus partituras llegaron a buena parte de Europa, tanto a las colecciones de alguna que otra Corte como a agrupaciones de aficionados.<\/p>\n<p>Su m\u00fasica fue muy apreciada por Johann Sebastian Bach, que utiliz\u00f3 sus bajos para que se ejercitaran sus alumnos y compuso varias fugas bas\u00e1ndose en temas de Albinoni.<\/p>\n<p>Durante la \u00faltima parte de su vida su estilo fue tachado de anticuado. Albinoni no fue partidario de la experimentaci\u00f3n o la innovaci\u00f3n, no sigui\u00f3 la estela vivaldiana, que era lo que se impon\u00eda en el momento, y fue relegado a la condici\u00f3n de m\u00fasico obsoleto.<\/p>\n<p>En la actualidad sus obras tanto vocales como instrumentales, se graban regularmente y gozan de una cierta popularidad. A d\u00eda de hoy, Tomaso Albinoni tiene casi 300.000 oyentes en la omnipresente plataforma de streaming Spotify. Este redescubrimiento se ha debido al \u00e9xito arrollador del conocido como \u00abAdagio de Albinoni\u00bb, obra que en realidad es una reconstrucci\u00f3n del music\u00f3logo Remo Giazotto, hecha a partir de un fragmento musical albinoniano que encontr\u00f3 en la Biblioteca Estatal de Dresde a mediados del siglo XX.<\/p>\n<p>En todo caso, Albinoni merece un lugar destacado en la historia y en el presente musical, por la inspiraci\u00f3n de sus ideas, la perfecci\u00f3n y el equilibrio de sus desarrollos y, sobre todo, por la capacidad innegable de su m\u00fasica para conectar con el oyente y transmitirle una gran belleza.<\/p>\n","protected":false},"featured_media":3969,"comment_status":"closed","ping_status":"closed","template":"","meta":[],"product_brand":[],"product_cat":[662,387,793,467,382,441,403,398,796,374,449],"product_tag":[668,108,794,222,515,503,485,489,491],"class_list":{"0":"post-3968","1":"product","2":"type-product","3":"status-publish","4":"has-post-thumbnail","6":"product_cat-albinoni","7":"product_cat-barroco","8":"product_cat-biografia","9":"product_cat-copyright","10":"product_cat-esteban-manuel-compositor","11":"product_cat-g","12":"product_cat-italia","13":"product_cat-nivel-alto","14":"product_cat-nueva-transcripcion-para-guitarra","15":"product_cat-pdf","16":"product_cat-ig","17":"product_tag-albinoni","18":"product_tag-barroco","19":"product_tag-biografia","20":"product_tag-manuel-esteban","21":"product_tag-alto-high","22":"product_tag-nivel-avanzado","23":"product_tag-pdf","24":"product_tag-transcrito-para-guitarra--transcrit-pour-guitare--transcribed-for-the-guitar--ubertragung-fur-gitarre","25":"product_tag-violin","26":"product_shipping_class-descarga","27":"pa_autor-de-la-transcripcion-guitar-repertoire-com","28":"pa_autor-de-la-transcripcion-manuel-esteban","29":"pa_compositor-tomaso-albinoni","30":"pa_epoca-barroco","31":"pa_instrumentacion-violin-guitarra","32":"pa_licencia-copyright-guitar-repertoire-com","33":"pa_nivel-nivel-alto","34":"pa_nivel-nivel-medio","36":"first","37":"instock","38":"featured","39":"virtual","40":"product-type-simple"},"_links":{"self":[{"href":"https:\/\/reflejarte.es\/guitar-repertoire\/wp-json\/wp\/v2\/product\/3968","targetHints":{"allow":["GET"]}}],"collection":[{"href":"https:\/\/reflejarte.es\/guitar-repertoire\/wp-json\/wp\/v2\/product"}],"about":[{"href":"https:\/\/reflejarte.es\/guitar-repertoire\/wp-json\/wp\/v2\/types\/product"}],"replies":[{"embeddable":true,"href":"https:\/\/reflejarte.es\/guitar-repertoire\/wp-json\/wp\/v2\/comments?post=3968"}],"wp:featuredmedia":[{"embeddable":true,"href":"https:\/\/reflejarte.es\/guitar-repertoire\/wp-json\/wp\/v2\/media\/3969"}],"wp:attachment":[{"href":"https:\/\/reflejarte.es\/guitar-repertoire\/wp-json\/wp\/v2\/media?parent=3968"}],"wp:term":[{"taxonomy":"product_brand","embeddable":true,"href":"https:\/\/reflejarte.es\/guitar-repertoire\/wp-json\/wp\/v2\/product_brand?post=3968"},{"taxonomy":"product_cat","embeddable":true,"href":"https:\/\/reflejarte.es\/guitar-repertoire\/wp-json\/wp\/v2\/product_cat?post=3968"},{"taxonomy":"product_tag","embeddable":true,"href":"https:\/\/reflejarte.es\/guitar-repertoire\/wp-json\/wp\/v2\/product_tag?post=3968"}],"curies":[{"name":"wp","href":"https:\/\/api.w.org\/{rel}","templated":true}]}}