{"id":3962,"date":"2018-03-27T23:54:58","date_gmt":"2018-03-27T21:54:58","guid":{"rendered":"http:\/\/guitar-repertoire.com\/?post_type=product&#038;p=3962"},"modified":"2021-01-06T17:51:11","modified_gmt":"2021-01-06T16:51:11","slug":"cantica-cuarteto-romance-de-la-pena-negra-video","status":"publish","type":"product","link":"https:\/\/reflejarte.es\/guitar-repertoire\/musicalia\/cantica-cuarteto-romance-de-la-pena-negra-video\/","title":{"rendered":"La R\u00eaverie &#8211; C\u00e1ntica Cuarteto: El Romance de la pena negra <br>(Esteban, M.: composici\u00f3n &#8211; Garc\u00eda Lorca, F.: letra ) &#8211; VIDEO"},"content":{"rendered":"","protected":false},"excerpt":{"rendered":"<h3 style=\"text-align: left;\">&#8216;El Romance de la pena negra&#8217; &#8211; C\u00e1ntica Cuarteto<\/h3>\n<p>Texto: Federico Garc\u00eda Lorca.<br \/>\nComposici\u00f3n y arreglos: Manuel Esteban.<br \/>\nInt\u00e9rpretes: C\u00e1ntica Cuarteto.<br \/>\nDirecci\u00f3n y realizaci\u00f3n: Javier G\u00f3mez Bello. Grabado en Rinc\u00f3n de la Victoria, Agosto de 2015<\/p>\n<p>Interpretan:<br \/>\nYolanda Campos, mezzo-soprano<br \/>\nInmaculada G\u00f3mez, flauta travesera<br \/>\nEsteban Canyar, guitarra, arreglos y composici\u00f3n<br \/>\n\u00c1ngel Mart\u00edn, percusiones<\/p>\n<p style=\"text-align: center;\"><iframe loading=\"lazy\" src=\"https:\/\/www.youtube.com\/embed\/mzkWDRRz0-s\" width=\"560\" height=\"315\" frameborder=\"0\" allowfullscreen=\"allowfullscreen\"><\/iframe><br \/>\nInterpretaci\u00f3n de C\u00e1ntica Cuarteto, grabado en los t\u00faneles del Cantal (M\u00e1laga) por Javier G\u00f3mez. Composici\u00f3n y arreglos de Esteban Canyar sobre el poema de Federico Garc\u00eda Lorca.<br \/>\n(Inmaculada G\u00f3mez, flauta travesera \u00b7 Manuel Esteban Canyar, guitarra cl\u00e1sica \u00b7 Yolanda Campos, mezzosoprano \u00b7 \u00c1ngel Mart\u00edn, percusiones)<\/p>\n","protected":false},"featured_media":3965,"comment_status":"closed","ping_status":"closed","template":"","meta":[],"product_brand":[],"product_cat":[604,445,716,401,382,729,466,394,391,399,456,657,807],"product_tag":[33,49,264,55,216,59,62,868,222,71,99,661,126,77],"class_list":{"0":"post-3962","1":"product","2":"type-product","3":"status-publish","4":"has-post-thumbnail","6":"product_cat-cantica","7":"product_cat-vgf","8":"product_cat-concierto--performance","9":"product_cat-espana","10":"product_cat-esteban-manuel-compositor","11":"product_cat-la-reverie","12":"product_cat-libre","13":"product_cat-esteban-manuel-interprete","14":"product_cat-moderno","15":"product_cat-nivel-muy-alto","16":"product_cat-otras","17":"product_cat-_video-musical","18":"product_cat-video","19":"product_tag-angel-martin","20":"product_tag-esteban-canyar","21":"product_tag-flauta-travesera","22":"product_tag-garcia-lorca","23":"product_tag-classical-guitar","24":"product_tag-inmaculada-gomez","25":"product_tag-la-reverie","26":"product_tag-la-reverie-cantica-cuarteto","27":"product_tag-manuel-esteban","28":"product_tag-percussions","29":"product_tag-romance","30":"product_tag-video-musical","31":"product_tag-voz","32":"product_tag-yolanda-campos","33":"product_shipping_class-descarga","34":"pa_artista-cantica-cuarteto","35":"pa_artista-la-reverie","36":"pa_artista-angel-martin","37":"pa_artista-inmaculada-gomez","38":"pa_artista-la-reverie-cantica-cuarteto","39":"pa_artista-manuel-esteban","40":"pa_artista-yolanda-campos","41":"pa_autor-federico-garcia-lorca","42":"pa_compositor-manuel-esteban","43":"pa_epoca-moderno","44":"pa_instrumentacion-canto-flauta-guitarra","45":"pa_instrumentacion-otras-instrumentaciones","46":"pa_licencia-copyright-guitar-repertoire-com","48":"first","49":"instock","50":"featured","51":"virtual","52":"product-type-simple"},"_links":{"self":[{"href":"https:\/\/reflejarte.es\/guitar-repertoire\/wp-json\/wp\/v2\/product\/3962","targetHints":{"allow":["GET"]}}],"collection":[{"href":"https:\/\/reflejarte.es\/guitar-repertoire\/wp-json\/wp\/v2\/product"}],"about":[{"href":"https:\/\/reflejarte.es\/guitar-repertoire\/wp-json\/wp\/v2\/types\/product"}],"replies":[{"embeddable":true,"href":"https:\/\/reflejarte.es\/guitar-repertoire\/wp-json\/wp\/v2\/comments?post=3962"}],"wp:featuredmedia":[{"embeddable":true,"href":"https:\/\/reflejarte.es\/guitar-repertoire\/wp-json\/wp\/v2\/media\/3965"}],"wp:attachment":[{"href":"https:\/\/reflejarte.es\/guitar-repertoire\/wp-json\/wp\/v2\/media?parent=3962"}],"wp:term":[{"taxonomy":"product_brand","embeddable":true,"href":"https:\/\/reflejarte.es\/guitar-repertoire\/wp-json\/wp\/v2\/product_brand?post=3962"},{"taxonomy":"product_cat","embeddable":true,"href":"https:\/\/reflejarte.es\/guitar-repertoire\/wp-json\/wp\/v2\/product_cat?post=3962"},{"taxonomy":"product_tag","embeddable":true,"href":"https:\/\/reflejarte.es\/guitar-repertoire\/wp-json\/wp\/v2\/product_tag?post=3962"}],"curies":[{"name":"wp","href":"https:\/\/api.w.org\/{rel}","templated":true}]}}