{"id":3928,"date":"2018-03-22T23:22:51","date_gmt":"2018-03-22T22:22:51","guid":{"rendered":"http:\/\/guitar-repertoire.com\/?post_type=product&#038;p=3928"},"modified":"2019-04-17T17:52:28","modified_gmt":"2019-04-17T15:52:28","slug":"clases-de-guitarra","status":"publish","type":"product","link":"https:\/\/reflejarte.es\/guitar-repertoire\/musicalia\/clases-de-guitarra\/","title":{"rendered":"CLASES de GUITARRA"},"content":{"rendered":"","protected":false},"excerpt":{"rendered":"<h3>\u00a1Avanza en tus estudios de guitarra y tu carrera musical!<\/h3>\n<p>Te ense\u00f1o a <strong>tocar la guitarra<\/strong> al estilo cl\u00e1sico, a <strong>leer e interpretar partituras<\/strong>.<br \/>\nTambi\u00e9n puedes aprender a <strong>desarrollar arreglos<\/strong>, <strong>transcribir piezas<\/strong> y a comprender a fondo la <strong>teor\u00eda musical<\/strong>.<\/p>\n<p>Clases particulares con Manuel Esteban, <strong>guitarrista<\/strong> profesional con<strong> mucha experiencia docente<\/strong>.<\/p>\n<p>Ofrezco:<br \/>\n&#8211; Clases presenciales de guitarra y teor\u00eda musical para adolescentes y adultos, a <strong>todos los niveles: <\/strong>iniciaci\u00f3n, avanzado y perfeccionamiento.<br \/>\n&#8211; <strong>Clases particulares, muy efectivas, centradas especialmente en tus intereses<\/strong>.<br \/>\n&#8211; <strong>Metodolog\u00eda pr\u00e1ctica, orientada a que te motives y aprendas con rapidez y eficacia<\/strong>.<br \/>\n&#8211; Ejercicios y teor\u00eda para que puedas, por t\u00ed mismo, leer partituras y ampliar tus habilidades.<br \/>\n&#8211; Elecci\u00f3n de materiales adecuados para motivarte y desarrollar tu talento.<br \/>\n&#8211; <strong>Primera clase gratis<\/strong> para que puedas probar sin compromiso.<br \/>\n&#8211; Ense\u00f1anza a domicilio en Rinc\u00f3n de la Victoria y M\u00e1laga capital, o por internet.<\/p>\n<p>Puedes contactarme llamando al +34 626 368 767,\u00a0 o por el <a href=\"http:\/\/guitar-repertoire.com\/contact\/\">formulario de contacto<\/a>.<\/p>\n<p>Y si quieres aprender solfeo por tu cuenta, aprovecha y estudia con el <a href=\"http:\/\/guitar-repertoire.com\/maestro-de-musica_escritura-musical-para-guitarristas\/\" target=\"_blank\" rel=\"noopener noreferrer\">Maestro de M\u00fasica: Introducci\u00f3n a la notaci\u00f3n musical para guitarristas<\/a>.<\/p>\n","protected":false},"featured_media":3944,"comment_status":"closed","ping_status":"closed","template":"","meta":[],"product_brand":[],"product_cat":[653,651,441,394,398,396,397,399],"product_tag":[654,217,488,216,222,655,656],"class_list":{"0":"post-3928","1":"product","2":"type-product","3":"status-publish","4":"has-post-thumbnail","6":"product_cat-clase","7":"product_cat-clases","8":"product_cat-g","9":"product_cat-esteban-manuel-interprete","10":"product_cat-nivel-alto","11":"product_cat-nivel-basico","12":"product_cat-nivel-medio","13":"product_cat-nivel-muy-alto","14":"product_tag-clases","15":"product_tag-composicion","16":"product_tag-digitacion","17":"product_tag-classical-guitar","18":"product_tag-manuel-esteban","19":"product_tag-solfeo","20":"product_tag-transcripcion","22":"first","23":"instock","24":"featured","25":"shipping-taxable","26":"product-type-simple"},"_links":{"self":[{"href":"https:\/\/reflejarte.es\/guitar-repertoire\/wp-json\/wp\/v2\/product\/3928","targetHints":{"allow":["GET"]}}],"collection":[{"href":"https:\/\/reflejarte.es\/guitar-repertoire\/wp-json\/wp\/v2\/product"}],"about":[{"href":"https:\/\/reflejarte.es\/guitar-repertoire\/wp-json\/wp\/v2\/types\/product"}],"replies":[{"embeddable":true,"href":"https:\/\/reflejarte.es\/guitar-repertoire\/wp-json\/wp\/v2\/comments?post=3928"}],"wp:featuredmedia":[{"embeddable":true,"href":"https:\/\/reflejarte.es\/guitar-repertoire\/wp-json\/wp\/v2\/media\/3944"}],"wp:attachment":[{"href":"https:\/\/reflejarte.es\/guitar-repertoire\/wp-json\/wp\/v2\/media?parent=3928"}],"wp:term":[{"taxonomy":"product_brand","embeddable":true,"href":"https:\/\/reflejarte.es\/guitar-repertoire\/wp-json\/wp\/v2\/product_brand?post=3928"},{"taxonomy":"product_cat","embeddable":true,"href":"https:\/\/reflejarte.es\/guitar-repertoire\/wp-json\/wp\/v2\/product_cat?post=3928"},{"taxonomy":"product_tag","embeddable":true,"href":"https:\/\/reflejarte.es\/guitar-repertoire\/wp-json\/wp\/v2\/product_tag?post=3928"}],"curies":[{"name":"wp","href":"https:\/\/api.w.org\/{rel}","templated":true}]}}