{"id":3927,"date":"2018-03-22T23:06:25","date_gmt":"2018-03-22T22:06:25","guid":{"rendered":"http:\/\/guitar-repertoire.com\/?post_type=product&#038;p=3927"},"modified":"2023-03-25T13:28:45","modified_gmt":"2023-03-25T12:28:45","slug":"contratacion","status":"publish","type":"product","link":"https:\/\/reflejarte.es\/guitar-repertoire\/musicalia\/contratacion\/","title":{"rendered":"CONTRATACI\u00d3N"},"content":{"rendered":"","protected":false},"excerpt":{"rendered":"<p>Conciertos y otras actuaciones con Manuel Esteban, guitarra cl\u00e1sica, y sus ensembles:<br \/>\nLa R\u00eaverie, C\u00c1NTICA Cuarteto, El Sombrero del Alquimista, &#8230; pueden contratarse aqu\u00ed, <a href=\"https:\/\/reflejarte.es\/guitar-repertoire\/contact\/\">envi\u00e1ndonos un correo electr\u00f3nico<\/a>.<\/p>\n<ul>\n<li><a href=\"https:\/\/reflejarte.es\/lareverie\/conciertos-y-contratacion\/\" target=\"_blank\" rel=\"noopener noreferrer\">Lista de algunos conciertos de C\u00e1ntica Cuarteto en la gu\u00eda [m\u00e1laga cultura+ocio]\u00a0<\/a><\/li>\n<li><a href=\"https:\/\/reflejarte.es\/lareverie\/conciertos-y-contratacion\/\" target=\"_blank\" rel=\"noopener noreferrer\">Lista de eventos ofrecidos por La R\u00eaverie en la gu\u00eda [m\u00e1laga cultura+ocio]<\/a><\/li>\n<li><a href=\"https:\/\/reflejarte.es\/elsombrerodelalquimista\/conciertos\/\" target=\"_blank\" rel=\"noopener noreferrer\">Lista de conciertos de El Sombrero del Alquimista (Manuel Esteban, Ignacio B\u00e9jar)<\/a><\/li>\n<\/ul>\n<p style=\"text-align: center;\"><iframe loading=\"lazy\" src=\"https:\/\/www.youtube.com\/embed\/_KXsEQpx0TM?start=45\" width=\"560\" height=\"315\" frameborder=\"0\" allowfullscreen=\"allowfullscreen\"><\/iframe><\/p>\n<p style=\"text-align: center;\">La R\u00eaverie \u2013 CANTICA CUARTETO<br \/>\ninterpretando <b>Ay triste que vengo<\/b> de Juan del Encina (arreglos de Manuel Esteban)<br \/>\ncon im\u00e1genes del concierto en la librer\u00eda Agapea \/ Galer\u00eda Milenium de Granada, diciembre 2015<\/p>\n<p><small><b>\u00b7 Yolanda Campos<\/b> mezzo-soprano \u00b7 <b>Inmaculada G\u00f3mez<\/b> flauta travesera \u00b7<br \/>\n\u00b7 <strong>Manuel<\/strong> <b>Esteban\u00a0<\/b> guitarra, arreglos y composici\u00f3n \u00b7 <b>\u00c1ngel Mart\u00edn<\/b> percusiones \u00b7<br \/>\n<\/small><\/p>\n","protected":false},"featured_media":3930,"comment_status":"closed","ping_status":"closed","template":"","meta":[],"product_brand":[],"product_cat":[604,653,716,652,729,394,657,807],"product_tag":[],"class_list":{"0":"post-3927","1":"product","2":"type-product","3":"status-publish","4":"has-post-thumbnail","6":"product_cat-cantica","7":"product_cat-clase","8":"product_cat-concierto--performance","9":"product_cat-contratacion-conciertos","10":"product_cat-la-reverie","11":"product_cat-esteban-manuel-interprete","12":"product_cat-_video-musical","13":"product_cat-video","14":"pa_compositor-manuel-esteban","15":"pa_instrumentacion-canto-flauta-guitarra","16":"pa_instrumentacion-canto-guitarra","17":"pa_instrumentacion-guitarra-sola","18":"pa_instrumentacion-otras-instrumentaciones","19":"pa_instrumentacion-oud","20":"pa_instrumentacion-percusiones","21":"pa_instrumentacion-santur","23":"first","24":"instock","25":"featured","26":"virtual","27":"product-type-simple"},"_links":{"self":[{"href":"https:\/\/reflejarte.es\/guitar-repertoire\/wp-json\/wp\/v2\/product\/3927","targetHints":{"allow":["GET"]}}],"collection":[{"href":"https:\/\/reflejarte.es\/guitar-repertoire\/wp-json\/wp\/v2\/product"}],"about":[{"href":"https:\/\/reflejarte.es\/guitar-repertoire\/wp-json\/wp\/v2\/types\/product"}],"replies":[{"embeddable":true,"href":"https:\/\/reflejarte.es\/guitar-repertoire\/wp-json\/wp\/v2\/comments?post=3927"}],"wp:featuredmedia":[{"embeddable":true,"href":"https:\/\/reflejarte.es\/guitar-repertoire\/wp-json\/wp\/v2\/media\/3930"}],"wp:attachment":[{"href":"https:\/\/reflejarte.es\/guitar-repertoire\/wp-json\/wp\/v2\/media?parent=3927"}],"wp:term":[{"taxonomy":"product_brand","embeddable":true,"href":"https:\/\/reflejarte.es\/guitar-repertoire\/wp-json\/wp\/v2\/product_brand?post=3927"},{"taxonomy":"product_cat","embeddable":true,"href":"https:\/\/reflejarte.es\/guitar-repertoire\/wp-json\/wp\/v2\/product_cat?post=3927"},{"taxonomy":"product_tag","embeddable":true,"href":"https:\/\/reflejarte.es\/guitar-repertoire\/wp-json\/wp\/v2\/product_tag?post=3927"}],"curies":[{"name":"wp","href":"https:\/\/api.w.org\/{rel}","templated":true}]}}