{"id":3904,"date":"2018-03-18T22:05:20","date_gmt":"2018-03-18T21:05:20","guid":{"rendered":"http:\/\/guitar-repertoire.com\/?post_type=product&#038;p=3904"},"modified":"2020-12-28T13:57:16","modified_gmt":"2020-12-28T12:57:16","slug":"campion-nicolas-traite-d-accompagnement-composition-regle-des-octaves-pdf","status":"publish","type":"product","link":"https:\/\/reflejarte.es\/guitar-repertoire\/musicalia\/campion-nicolas-traite-d-accompagnement-composition-regle-des-octaves-pdf\/","title":{"rendered":"Campion, Nicolas: Trait\u00e9 d&#8217;accompagnement et de composition selon la r\u00e8gle des octaves de musique &#8211; PDF"},"content":{"rendered":"<p>&nbsp;<\/p>\n<p style=\"text-align: center;\">TRAITE<br \/>\nD&#8217;ACCOMPAGNEMENT<br \/>\nET DE COMPOSITION<br \/>\nSELON LA REGLE DES OCTAVES DE MUSIQUE<br \/>\nPar le Sieur Campion, professeur ma\u00eetre de Th\u00e9orbe et de guitare, et ordinaire de l\u2019Acad\u00e9mie Royale de musique.<br \/>\nA PARIS 1716<\/p>\n<p>&nbsp;<\/p>\n<p>El &#8216;Tratado de acompa\u00f1amiento y composici\u00f3n seg\u00fan las reglas de las octavas musicales&#8217; (&#8216;Trait\u00e9 d&#8217;accompagnement et de composition selon la r\u00e8gle des octaves de musique&#8217;)\u00a0 es una peque\u00f1a obra publicada en Paris, en 1716, por Nicolas Campion, profesor y maestro de tiorba y guitarra, miembro de la Academia Real de M\u00fasica.<\/p>\n<p>El tratado, redactado en franc\u00e9s, es interesante desde el punto de vista de la evoluci\u00f3n hist\u00f3rica de la m\u00fasica y de su ense\u00f1anza.<\/p>\n","protected":false},"excerpt":{"rendered":"<p>Nicolas Campion: Trait\u00e9 d&#8217;accompagnement et de composition selon la r\u00e8gle des octaves de musique, Paris, 1716<\/p>\n","protected":false},"featured_media":4548,"comment_status":"closed","ping_status":"closed","template":"","meta":[],"product_brand":[],"product_cat":[387,782,404,441,466,397,374,640],"product_tag":[217,498,485,648],"class_list":{"0":"post-3904","1":"product","2":"type-product","3":"status-publish","4":"has-post-thumbnail","6":"product_cat-barroco","7":"product_cat-campion","8":"product_cat-francia","9":"product_cat-g","10":"product_cat-libre","11":"product_cat-nivel-medio","12":"product_cat-pdf","13":"product_cat-tratado-musical","14":"product_tag-composicion","15":"product_tag-francais","16":"product_tag-pdf","17":"product_tag-tratado-musical","18":"product_shipping_class-descarga","19":"pa_autor-campion-nicolas","20":"pa_epoca-barroco","21":"pa_epoca-siglo-xviii","22":"pa_licencia-creative-commons","23":"pa_nivel-nivel-basico","24":"pa_nivel-nivel-medio","26":"first","27":"instock","28":"featured","29":"downloadable","30":"virtual","31":"product-type-simple"},"_links":{"self":[{"href":"https:\/\/reflejarte.es\/guitar-repertoire\/wp-json\/wp\/v2\/product\/3904","targetHints":{"allow":["GET"]}}],"collection":[{"href":"https:\/\/reflejarte.es\/guitar-repertoire\/wp-json\/wp\/v2\/product"}],"about":[{"href":"https:\/\/reflejarte.es\/guitar-repertoire\/wp-json\/wp\/v2\/types\/product"}],"replies":[{"embeddable":true,"href":"https:\/\/reflejarte.es\/guitar-repertoire\/wp-json\/wp\/v2\/comments?post=3904"}],"wp:featuredmedia":[{"embeddable":true,"href":"https:\/\/reflejarte.es\/guitar-repertoire\/wp-json\/wp\/v2\/media\/4548"}],"wp:attachment":[{"href":"https:\/\/reflejarte.es\/guitar-repertoire\/wp-json\/wp\/v2\/media?parent=3904"}],"wp:term":[{"taxonomy":"product_brand","embeddable":true,"href":"https:\/\/reflejarte.es\/guitar-repertoire\/wp-json\/wp\/v2\/product_brand?post=3904"},{"taxonomy":"product_cat","embeddable":true,"href":"https:\/\/reflejarte.es\/guitar-repertoire\/wp-json\/wp\/v2\/product_cat?post=3904"},{"taxonomy":"product_tag","embeddable":true,"href":"https:\/\/reflejarte.es\/guitar-repertoire\/wp-json\/wp\/v2\/product_tag?post=3904"}],"curies":[{"name":"wp","href":"https:\/\/api.w.org\/{rel}","templated":true}]}}