{"id":3885,"date":"2018-03-18T16:51:50","date_gmt":"2018-03-18T15:51:50","guid":{"rendered":"http:\/\/guitar-repertoire.com\/?post_type=product&#038;p=3885"},"modified":"2021-03-16T21:29:44","modified_gmt":"2021-03-16T20:29:44","slug":"bremner-r-instructions-for-the-guitar-pdf","status":"publish","type":"product","link":"https:\/\/reflejarte.es\/guitar-repertoire\/musicalia\/bremner-r-instructions-for-the-guitar-pdf\/","title":{"rendered":"Bremner, Robert: Instructions for the Guitar with a Collection of Airs, Songs &#038; Duets &#8211; PDF"},"content":{"rendered":"<p>Bremner, Robert: Instructions for the Guitar;<br \/>\nwith a COLLECTION of AIRS, SONGS and DUETS, fitted for that INSTRUMENT;<br \/>\nBy ROBERT BREMNER.\u00a0 EDINBURGH, 1758<\/p>\n<p>El librito, concebido para la guitarra inglesa, contiene una somera introduction en teor\u00eda musical y 12 p\u00e1ginas de partituras: sencillas melod\u00edas populares inglesas y escocesas del siglo XVIII.<br \/>\nFue publicado en Edimburgo, en 1758, por <a href=\"https:\/\/en.wikipedia.org\/wiki\/Robert_Bremner\" target=\"_blank\" rel=\"noopener noreferrer\">Robert Bremner, editor de m\u00fasica<\/a>.<\/p>\n<p>La guitarra inglesa es un instrumento de cuerda pulsada, de un tipo similar a la cista. Fue muy popular en muchas partes de Europa de 1750 a 1850.<\/p>\n<figure id=\"attachment_3902\" aria-describedby=\"caption-attachment-3902\" style=\"width: 239px\" class=\"wp-caption alignright\"><img loading=\"lazy\" decoding=\"async\" class=\"size-medium wp-image-3902\" src=\"http:\/\/guitar-repertoire.com\/wp-content\/uploads\/2018\/03\/Joseph-Wright_Mrs-Robert-Gwillym-English-Guitar-239x300.jpg\" alt=\"Joseph Wright: Mrs. Robert Gwillym playing the English Guitar\" width=\"239\" height=\"300\" srcset=\"https:\/\/reflejarte.es\/guitar-repertoire\/wp-content\/uploads\/2018\/03\/Joseph-Wright_Mrs-Robert-Gwillym-English-Guitar-239x300.jpg 239w, https:\/\/reflejarte.es\/guitar-repertoire\/wp-content\/uploads\/2018\/03\/Joseph-Wright_Mrs-Robert-Gwillym-English-Guitar-150x189.jpg 150w, https:\/\/reflejarte.es\/guitar-repertoire\/wp-content\/uploads\/2018\/03\/Joseph-Wright_Mrs-Robert-Gwillym-English-Guitar.jpg 300w, https:\/\/reflejarte.es\/guitar-repertoire\/wp-content\/uploads\/2018\/03\/Joseph-Wright_Mrs-Robert-Gwillym-English-Guitar-119x150.jpg 119w\" sizes=\"auto, (max-width: 239px) 100vw, 239px\" \/><figcaption id=\"caption-attachment-3902\" class=\"wp-caption-text\">Joseph Wright:\u00a0 Mrs. Robert Gwillym playing the English Guitar<\/figcaption><\/figure>\n<p>Tiene una caja de resonancia con forma de pera, con base plana, con apertura circular y un cuello m\u00e1s corto de lo habitual.<\/p>\n<p>Lleva diez cuerdas met\u00e1licas, las cuatro primeras dispuestas por pares que comparten afinaci\u00f3n (empezando por la m\u00e1s fina y aguda) y las dos siguientes con cuerda \u00fanica. Est\u00e1n afinadas de la siguiente manera: Do Mi Sol-Sol Sol-Sol mi-mi do-do (C E GG GG ee cc) o, como en este peque\u00f1o tratado: C E G CC EE GG.<\/p>\n<p>Si buscas una introducci\u00f3n m\u00e1s expl\u00edcita en la notaci\u00f3n musical, la encuentras en nuestro tratado de <a href=\"http:\/\/guitar-repertoire.com\/maestro-de-musica_escritura-musical-para-guitarristas\/\">El maestro de m\u00fasica<\/a>.<\/p>\n","protected":false},"excerpt":{"rendered":"<p>Bremner, Robert: Instructions for the Guitar<br \/>\nwith a COLLECTION of AIRS, SONGS and DUETS, fitted for that INSTRUMENT;<br \/>\nBy ROBERT BREMNER.<br \/>\nEDINBURGH, 1758<\/p>\n","protected":false},"featured_media":3884,"comment_status":"closed","ping_status":"closed","template":"","meta":[],"product_brand":[],"product_cat":[632,767,388,634,441,405,466,396,397,374,633,640,440],"product_tag":[625,54,471,56,485,648,649],"class_list":{"0":"post-3885","1":"product","2":"type-product","3":"status-publish","4":"has-post-thumbnail","6":"product_cat-anonimo","7":"product_cat-bremner","8":"product_cat-clasico","9":"product_cat-escocia--scotland","10":"product_cat-g","11":"product_cat-inglaterra","12":"product_cat-libre","13":"product_cat-nivel-basico","14":"product_cat-nivel-medio","15":"product_cat-pdf","16":"product_cat-popular","17":"product_cat-tratado-musical","18":"product_cat-gg","19":"product_tag-2-guitarras","20":"product_tag-folksong","21":"product_tag-free-gratis","22":"product_tag-guitar","23":"product_tag-pdf","24":"product_tag-tratado-musical","25":"product_tag-xviii","26":"product_shipping_class-descarga","27":"pa_autor-bremner-robert","28":"pa_compositor-anonimo","29":"pa_epoca-siglo-xviii","30":"pa_instrumentacion-varias-guitarras","31":"pa_instrumentacion-guitarra-sola","32":"pa_licencia-creative-commons","33":"pa_nivel-nivel-basico","34":"pa_nivel-nivel-medio","36":"first","37":"instock","38":"featured","39":"downloadable","40":"virtual","41":"product-type-simple"},"_links":{"self":[{"href":"https:\/\/reflejarte.es\/guitar-repertoire\/wp-json\/wp\/v2\/product\/3885","targetHints":{"allow":["GET"]}}],"collection":[{"href":"https:\/\/reflejarte.es\/guitar-repertoire\/wp-json\/wp\/v2\/product"}],"about":[{"href":"https:\/\/reflejarte.es\/guitar-repertoire\/wp-json\/wp\/v2\/types\/product"}],"replies":[{"embeddable":true,"href":"https:\/\/reflejarte.es\/guitar-repertoire\/wp-json\/wp\/v2\/comments?post=3885"}],"wp:featuredmedia":[{"embeddable":true,"href":"https:\/\/reflejarte.es\/guitar-repertoire\/wp-json\/wp\/v2\/media\/3884"}],"wp:attachment":[{"href":"https:\/\/reflejarte.es\/guitar-repertoire\/wp-json\/wp\/v2\/media?parent=3885"}],"wp:term":[{"taxonomy":"product_brand","embeddable":true,"href":"https:\/\/reflejarte.es\/guitar-repertoire\/wp-json\/wp\/v2\/product_brand?post=3885"},{"taxonomy":"product_cat","embeddable":true,"href":"https:\/\/reflejarte.es\/guitar-repertoire\/wp-json\/wp\/v2\/product_cat?post=3885"},{"taxonomy":"product_tag","embeddable":true,"href":"https:\/\/reflejarte.es\/guitar-repertoire\/wp-json\/wp\/v2\/product_tag?post=3885"}],"curies":[{"name":"wp","href":"https:\/\/api.w.org\/{rel}","templated":true}]}}