{"id":3564,"date":"2018-03-13T10:35:40","date_gmt":"2018-03-13T09:35:40","guid":{"rendered":"http:\/\/guitar-repertoire.com\/?post_type=product&#038;p=3564"},"modified":"2022-02-13T14:00:24","modified_gmt":"2022-02-13T13:00:24","slug":"bach-invenciones1-4-7-bwv772-775-778-transcription-guitarra-pdf","status":"publish","type":"product","link":"https:\/\/reflejarte.es\/guitar-repertoire\/musicalia\/bach-invenciones1-4-7-bwv772-775-778-transcription-guitarra-pdf\/","title":{"rendered":"Bach, Johann Sebastian: Invenciones a dos voces 1, 4 y 7 (BWV  772, 775 y 778) <br>Nueva transcripci\u00f3n para guitarra &#8211; PDF"},"content":{"rendered":"","protected":false},"excerpt":{"rendered":"<p><img decoding=\"async\" class=\"bandera\" title=\"ES - descripci\u00f3n en espa\u00f1ol\" src=\"https:\/\/reflejarte.es\/guitar-repertoire\/wp-content\/uploads\/2018\/10\/ES.png\" alt=\"ES - descripci\u00f3n del producto en espa\u00f1ol\" \/>transcripci\u00f3n y digitaci\u00f3n para guitarra por M.Esteban<br \/>\n<img decoding=\"async\" class=\"bandera\" title=\"EN - Description in English\" src=\"https:\/\/reflejarte.es\/guitar-repertoire\/wp-content\/uploads\/2018\/10\/EN.png\" alt=\"EN - Product Description in English\" \/>transcription with fingering for the guitar by M.Esteban<br \/>\n<img decoding=\"async\" class=\"bandera\" title=\"FR - description en fran\u00e7ais\" src=\"https:\/\/reflejarte.es\/guitar-repertoire\/wp-content\/uploads\/2018\/10\/FR.png\" alt=\"FR - description du produit en fran\u00e7ais\" \/>transcrit et doigt\u00e9 pour la guitare par Manuel Esteban<br \/>\n<img decoding=\"async\" class=\"bandera\" title=\"DE - Produktbeschreibung auf Deutsch\" src=\"https:\/\/reflejarte.es\/guitar-repertoire\/wp-content\/uploads\/2018\/10\/DE.png\" alt=\"DE - Produktbeschreibung auf Deutsch\" \/>Transkription mit Fingersatz f\u00fcr Gitarre von M.Esteban<\/p>\n<p>Traigo aqu\u00ed, transcritas para guitarra cl\u00e1sica, tres Invenciones a dos voces de Johann Sebastian Bach: las BWV n\u00fameros 772, 774 y 778, de las quince que compuso el gran maestro alem\u00e1n en C\u00f6then como ejercicios para sus alumnos. Las he escogido por estar escritas en tonalidades \u201camigables\u201d para la guitarra.<\/p>\n<p>Bach escribi\u00f3 lo siguiente en uno de los manuscritos aut\u00f3grafos de las Invenciones: \u201cHonesta gu\u00eda que ense\u00f1ar\u00e1 a los que aman el clavec\u00edn, y especialmente a aquellos que desean instruirse en \u00e9l, un m\u00e9todo sencillo para llegar a tocar limpiamente a dos voces y, despu\u00e9s de haber progresado, ejecutar correctamente las tres partes obligadas. A su vez, aprender\u00e1n no s\u00f3lo a crear nuevas ideas sino tambi\u00e9n c\u00f3mo desarrollarlas; y sobre todo, a conseguir un estilo cantabile mientras obtienen una base s\u00f3lida para el aprendizaje de la composici\u00f3n\u00bb.<\/p>\n<p>El paso de la m\u00fasica de clavec\u00edn a la guitarra no es especialmente complicado. La \u00fanica dificultad reside en la diferencia de extensi\u00f3n entre ambos instrumentos. En ocasiones ha sido necesario variar la octava en que se produce alguna nota, para que pueda estar dentro del marco sonoro de la guitarra.<\/p>\n<p>Por lo dem\u00e1s, pienso que la m\u00fasica de Bach en general, y las Invenciones a dos voces en particular, suenan muy bien en la guitarra.<\/p>\n<p>&nbsp;<\/p>\n<p><!-- eventualmente: texto descriptivo muy cortito, se ve debajo del t\u00edtulo --><\/p>\n","protected":false},"featured_media":4020,"comment_status":"closed","ping_status":"closed","template":"","meta":[],"product_brand":[],"product_cat":[402,613,387,467,382,441,466,398,796,374],"product_tag":[107,108,797,488,471,56,222,515,485,656,489],"class_list":{"0":"post-3564","1":"product","2":"type-product","3":"status-publish","4":"has-post-thumbnail","6":"product_cat-alemania","7":"product_cat-bach-autor","8":"product_cat-barroco","9":"product_cat-copyright","10":"product_cat-esteban-manuel-compositor","11":"product_cat-g","12":"product_cat-libre","13":"product_cat-nivel-alto","14":"product_cat-nueva-transcripcion-para-guitarra","15":"product_cat-pdf","16":"product_tag-bach","17":"product_tag-barroco","18":"product_tag-digit","19":"product_tag-digitacion","20":"product_tag-free-gratis","21":"product_tag-guitar","22":"product_tag-manuel-esteban","23":"product_tag-alto-high","24":"product_tag-pdf","25":"product_tag-transcripcion","26":"product_tag-transcrito-para-guitarra--transcrit-pour-guitare--transcribed-for-the-guitar--ubertragung-fur-gitarre","27":"product_shipping_class-descarga","28":"pa_autor-de-la-transcripcion-guitar-repertoire-com","29":"pa_autor-de-la-transcripcion-manuel-esteban","30":"pa_compositor-johann-sebastian-bach","31":"pa_epoca-barroco","32":"pa_instrumentacion-guitarra-sola","33":"pa_licencia-copyright-guitar-repertoire-com","34":"pa_licencia-creative-commons","35":"pa_nivel-nivel-alto","37":"first","38":"instock","39":"featured","40":"downloadable","41":"virtual","42":"product-type-simple"},"_links":{"self":[{"href":"https:\/\/reflejarte.es\/guitar-repertoire\/wp-json\/wp\/v2\/product\/3564","targetHints":{"allow":["GET"]}}],"collection":[{"href":"https:\/\/reflejarte.es\/guitar-repertoire\/wp-json\/wp\/v2\/product"}],"about":[{"href":"https:\/\/reflejarte.es\/guitar-repertoire\/wp-json\/wp\/v2\/types\/product"}],"replies":[{"embeddable":true,"href":"https:\/\/reflejarte.es\/guitar-repertoire\/wp-json\/wp\/v2\/comments?post=3564"}],"wp:featuredmedia":[{"embeddable":true,"href":"https:\/\/reflejarte.es\/guitar-repertoire\/wp-json\/wp\/v2\/media\/4020"}],"wp:attachment":[{"href":"https:\/\/reflejarte.es\/guitar-repertoire\/wp-json\/wp\/v2\/media?parent=3564"}],"wp:term":[{"taxonomy":"product_brand","embeddable":true,"href":"https:\/\/reflejarte.es\/guitar-repertoire\/wp-json\/wp\/v2\/product_brand?post=3564"},{"taxonomy":"product_cat","embeddable":true,"href":"https:\/\/reflejarte.es\/guitar-repertoire\/wp-json\/wp\/v2\/product_cat?post=3564"},{"taxonomy":"product_tag","embeddable":true,"href":"https:\/\/reflejarte.es\/guitar-repertoire\/wp-json\/wp\/v2\/product_tag?post=3564"}],"curies":[{"name":"wp","href":"https:\/\/api.w.org\/{rel}","templated":true}]}}