{"id":3514,"date":"2019-05-11T14:09:46","date_gmt":"2019-05-11T12:09:46","guid":{"rendered":"http:\/\/guitar-repertoire.com\/?post_type=product&#038;p=3514"},"modified":"2019-05-17T20:52:35","modified_gmt":"2019-05-17T18:52:35","slug":"coste-napoleon-valses-brillantes-para-dos-guitarras-pdf","status":"publish","type":"product","link":"https:\/\/reflejarte.es\/guitar-repertoire\/musicalia\/coste-napoleon-valses-brillantes-para-dos-guitarras-pdf\/","title":{"rendered":"Coste, Napoleon: Valses brillantes para dos guitarras &#8211; PDF"},"content":{"rendered":"<h3>Napol\u00e9on Coste (27\/6\/1805 &#8211; 17\/2\/1883)<\/h3>\n<p>fue un gran virtuoso de la guitarra, compositor y profesor de m\u00fasica franc\u00e9s.<br \/>\n<!--\nA la edad de 6 a\u00f1os empez\u00f3 a tocar la guitarra, con su madre; con 18 a\u00f1os ya ense\u00f1aba a su vez y di\u00f3 algunos conciertos.\n\nComo discipulo de Fernando Sor contribuy\u00f3 a la \n&nbsp;\nEntwicklung der polyphonen M\u00f6glichkeiten der Gitarre und war ein herausragender Vertreter der romantischen Epoche der Gitarre.\n\n\nNapol\u00e9on Coste wurde 1805 im franz\u00f6sischen Jura in der N\u00e4he der Grenze zur Schweiz geboren. Die Familie Coste zog 1809 nach Ornans um. Sein Vater Jean-Fran\u00e7ois Coste (* 23. April 1754 in Cl\u00e9ron\/Doubs; \u2020 12. April 1835), B\u00fcrgermeister (1803\u20131807) von Amondans und Hauptmann in der der franz\u00f6sischen Armee, sah f\u00fcr den Sohn eine milit\u00e4rische Karriere vor. Dieser Plan wurde nach einer schweren Erkrankung des Sohns im Alter von elf Jahren aufgegeben. Die ersten Gitarrenstunden erhielt Napol\u00e9on mit sechs Jahren von seiner Mutter Anne-Pierrette, geborene D\u00e9n\u00e9ria (* 1766).[2] Vor 1815 zog die Familie nach Valenciennes im Norden Frankreichs um. Dort erteilte Coste mit 18 Jahren Gitarrenunterricht und gab erste Konzerte bei der \u00f6rtlichen Philharmonischen Gesellschaft. Nach Fritz Buek f\u00fchrte er 1828 zusammen mit dem Gitarrenvirtuosen Luigi Sagrini die Variazioni concertanti Op. 130 von Mauro Giuliani auf.\n\n1830 zog Coste nach Paris, dem damaligen Zentrum der Gitarrenmusik, wo in dieser Zeit eine regelrechte guitaromanie[3], eine Begeisterung f\u00fcr das Instrument, aufgekommen war. Dort nahm er Unterricht in Harmonielehre, Kontrapunkt und Komposition und kam in Kontakt zu den \u201eKlassikern\u201c unter den Gitarristen Dionisio Aguado, Matteo Carcassi, Ferdinando Carulli und insbesondere Fernando Sor, bei dem er studierte. Ende der 30er Jahre begann Coste mit Komposition. Erste Werke konnte er bei Richault und anderen Verlegern herausbringen. Allerdings sank nach 1840 die Popularit\u00e4t der Gitarre zugunsten des Klaviers. Au\u00dferdem stellten Costes Werke h\u00e4ufig hohe technische Anforderungen, was die Verkaufsauflagen ebenfalls begrenzte. Deshalb musste er seine Werke bald im Selbstverlag ver\u00f6ffentlichen.\n\n1856 gewann Coste bei einem europaweiten Kompositionswettbewerb f\u00fcr Gitarre in Br\u00fcssel den zweiten Preis hinter Johann Kaspar Mertz. 1863 musste er seine Konzertt\u00e4tigkeit aufgeben: Er brach sich beim Sturz auf einer Treppe den rechten Arm, woraufhin seine rechte Hand an Beweglichkeit einb\u00fc\u00dfte. Coste musste sich auf Komposition und Unterricht beschr\u00e4nken und war zum Lebensunterhalt auch auf eine Anstellung als Angestellter bei der Pariser Stadtverwaltung angewiesen. 1883 starb Coste in Paris.\nCoste als Komponist\nCostes Ausgabe der M\u00e9thode von Fernando Sor mit einem Bild eines Heptachorde\n\nCostes Kompositionen sind vom Einfluss seines Lehrers und Freundes Fernando Sor gepr\u00e4gt und zeichnen sich durch eine konsequente Mehrstimmigkeit in der Melodief\u00fchrung aus. H\u00e4ufig sind die Melodien in zwei, drei oder sogar vier Stimmen kontrapunktisch ausgef\u00fchrt. Seine musikalischen Formen sind neben Walzern, Menuetten, Rondos und Sonaten oft freie Fantasien. Im Stil der Romantik beziehen sich seine Kompositionen h\u00e4ufig auf Landschaften (Souvenir de Flandres, Le Passage des Alpes, Le Zuyderz\u00e9e u. a.), Jahreszeiten oder besondere Stimmungen (Marche fun\u00e8bre \u2013 Trauermarsch). Wie viele andere Komponisten arrangierte er zeitgen\u00f6ssische Opernarien, teils mit Variationen, f\u00fcr sein Instrument.\n\nCoste komponierte rund 60 Werke f\u00fcr Gitarre und f\u00fcr Kammermusik sowie Lieder mit Gitarrenbegleitung. Davon sind 53 mit Opusnummern ver\u00f6ffentlicht worden. Ein Teil ist f\u00fcr 7-saitige Gitarre geschrieben mit einer zus\u00e4tzlichen, meist freischwingenden tiefen D-Saite, die gelegentlich auch nach C gestimmt wurde. Die Besch\u00e4ftigung mit der 7-saitige Gitarre geht auf die Zusammenarbeit mit dem Pariser Gitarrenbauer Ren\u00e9 Fran\u00e7ois Lac\u00f4te zur\u00fcck, der 1835 ein solches Instrument (Heptachorde) nach Costes Vorgaben baute.\n\n1845 gab Coste Fernando Sors Gitarrenschule \u201eredigiert und erweitert\u201c heraus: Er verzichtete auf Sors umfangreiche theoretische Begr\u00fcndungen seiner Spielweise, die teilweise der Erwiderung auf zeitgen\u00f6ssische Kritiken gedient hatten, und erg\u00e4nzte die Schule um zahlreiche eigene musikalische Beispiele. Au\u00dferdem f\u00fcgte er sechs St\u00fccke des franz\u00f6sischen Barockgitarristen Robert de Vis\u00e9e, eine nach Schwierigkeit geordnete, zum Teil stark bearbeitete[4] Auswahl von 26 Et\u00fcden aus Sors Et\u00fcdenwerken Op. 6, 29, 31 und 35 sowie eine Erl\u00e4uterung des Spiels auf der 7-saitigen Gitarre an.\nBedeutung\n\nDer R\u00fcckgang des Interesses an der Gitarre in der zweiten H\u00e4lfte des 19. Jahrhunderts f\u00fchrte auch dazu, dass Costes Werke, insbesondere die technisch schwierigen St\u00fccke, in Vergessenheit gerieten. Einzelne Werke wurden nach Costes Tod allerdings auch in Deutschland wiederholt neu herausgegeben und blieben dadurch in der Gitarrenliteratur lebendig. Dazu z\u00e4hlten Feuilles d'automne op. 41, 12 Valses \u2013 Herbstbl\u00e4tter, 12 Walzer, R\u00e9cr\u00e9ation du Guitariste op. 51, Le Livre d'Or du Guitariste \u2013 Das goldene Buch des Gitarristen op. 52 (Arrangements von Melodien von Robert de Vis\u00e9e, Mozart, Haydn, Beethoven u. a. f\u00fcr Gitarre) und insbesondere die 1872 entstandenen 25 Etudes op. 38 f\u00fcr die fortgeschrittene bis virtuose Gitarrentechnik. Dieses Werk gilt bis heute als eine der besten Sammlungen von Konzertet\u00fcden.\n\nSeit den letzten Jahren des 20. Jahrhunderts spielen Gitarristen vermehrt Werke Costes bei Konzerten und Aufnahmen. \n\n\n\n( ) est un guitariste, compositeur, et p\u00e9dagogue fran\u00e7ais. \u00c9l\u00e8ve de Fernando Sor, il contribue \u00e0 d\u00e9velopper ses principes musicaux tout en faisant \u00e9voluer la musique pour guitare vers le romantisme. Ses compositions, essentiellement pour guitare, sont particuli\u00e8rement exigeantes et ambitieuses.\n\nNapol\u00e9on Coste commence l'apprentissage de la guitare \u00e0 l'\u00e2ge de six ans avec sa m\u00e8re, Anne-Pierrette D\u00e9n\u00e9ria, qui \u00e9tait elle-m\u00eame guitariste. Il devient vite professeur et concertiste sur cet instrument et donne de nombreux concerts dans sa r\u00e9gion (en 1828, en duo avec le guitariste italien Luigi Sagrini). En 1830, \u00e0 vingt-quatre ans, il gagne Paris o\u00f9 il rencontre tous les grands guitaristes de l'\u00e9poque qui vivent alors dans la capitale fran\u00e7aise (Carulli, Carcassi, Aguado). Il re\u00e7oit alors l'enseignement de Fernando Sor pour la guitare, le solf\u00e8ge, l'harmonie et le contrepoint. Le ma\u00eetre et l'\u00e9l\u00e8ve se produiront en duo en 1838 et seront unanimement acclam\u00e9s. Il est rapidement reconnu comme le meilleur guitariste virtuose fran\u00e7ais. Malheureusement, \u00e0 cette \u00e9poque, la guitare commence \u00e0 tomber en d\u00e9su\u00e9tude et malgr\u00e9 son talent et sa renomm\u00e9e, il ne trouve plus d'\u00e9diteur pour publier sa musique, qu'il doit financer lui-m\u00eame. Il participe en 1856 au concours de composition organis\u00e9 par Mr Makaroff \u00e0 Bruxelles qui a pour objet de r\u00e9compenser les meilleurs compositions pour guitare. Napol\u00e9on Coste y pr\u00e9sente notamment sa \"Grande S\u00e9r\u00e9nade Op.30\", et il finira second, derri\u00e8re Johann Kaspar Mertz d\u00e9c\u00e9d\u00e9 entre-temps... En 1863, il se casse le bras droit dans une chute d'escalier, ce qui mettra un terme \u00e0 sa carri\u00e8re de concertiste. Il travailla d\u00e8s lors \u00e0 Paris comme agent de l'\u00c9tat, ayant pour t\u00e2che de d\u00e9livrer des quittances, tout en continuant \u00e0 enseigner et \u00e0 composer. Il a laiss\u00e9 de nombreuses \u0153uvres de grande qualit\u00e9 pour guitare.\nStyle musical\n\nSon style, qui a \u00e9volu\u00e9 tout au long de sa vie, est tr\u00e8s influenc\u00e9 par le romantisme. Si les bases de son harmonie sont tr\u00e8s classiques (Haydn, Beethoven), son sens m\u00e9lodique, ses formes musicales et m\u00eame ses modulations penchent bien plus vers Mendelssohn, Schubert ou Chopin.\n\nCoste utilisait une guitare \u00e0 sept cordes : il ajoutait une corde grave qui pouvait \u00eatre accord\u00e9e en r\u00e9, ou en d'autres notes, selon la tonalit\u00e9 du morceau ex\u00e9cut\u00e9.\n\u0152uvres compl\u00e8tes\nLa vie de Napol\u00e9on Coste ayant \u00e9t\u00e9 enti\u00e8rement d\u00e9vou\u00e9e \u00e0 la guitare, il ne sera pas surprenant de d\u00e9couvrir dans le catalogue de ses \u0153uvres une \u00e9crasante majorit\u00e9 de pi\u00e8ces pour guitare seule. Cependant il a quand m\u00eame \u00e9crit quelques duos pour deux guitares, pour hautbois et guitare, pour piano et hautbois ainsi que des m\u00e9lodies pour voix et piano.\n--><\/p>\n","protected":false},"excerpt":{"rendered":"<p>Napol\u00e9on Coste (27\/6\/1805 &#8211; 17\/2\/1883) fue un gran virtuoso de la guitarra, compositor y profesor de m\u00fasica franc\u00e9s.<\/p>\n","protected":false},"featured_media":4351,"comment_status":"closed","ping_status":"closed","template":"","meta":[],"product_brand":[],"product_cat":[793,616,404,466,398,374,390,440],"product_tag":[625,56,515,485,496],"class_list":{"0":"post-3514","1":"product","2":"type-product","3":"status-publish","4":"has-post-thumbnail","6":"product_cat-biografia","7":"product_cat-coste","8":"product_cat-francia","9":"product_cat-libre","10":"product_cat-nivel-alto","11":"product_cat-pdf","12":"product_cat-romanticismo","13":"product_cat-gg","14":"product_tag-2-guitarras","15":"product_tag-guitar","16":"product_tag-alto-high","17":"product_tag-pdf","18":"product_tag-romanticismo","19":"product_shipping_class-descarga","20":"pa_compositor-napoleon-coste","21":"pa_epoca-romanticismo","22":"pa_instrumentacion-varias-guitarras","23":"pa_licencia-creative-commons","24":"pa_nivel-nivel-alto","26":"first","27":"instock","28":"featured","29":"downloadable","30":"virtual","31":"product-type-simple"},"_links":{"self":[{"href":"https:\/\/reflejarte.es\/guitar-repertoire\/wp-json\/wp\/v2\/product\/3514","targetHints":{"allow":["GET"]}}],"collection":[{"href":"https:\/\/reflejarte.es\/guitar-repertoire\/wp-json\/wp\/v2\/product"}],"about":[{"href":"https:\/\/reflejarte.es\/guitar-repertoire\/wp-json\/wp\/v2\/types\/product"}],"replies":[{"embeddable":true,"href":"https:\/\/reflejarte.es\/guitar-repertoire\/wp-json\/wp\/v2\/comments?post=3514"}],"wp:featuredmedia":[{"embeddable":true,"href":"https:\/\/reflejarte.es\/guitar-repertoire\/wp-json\/wp\/v2\/media\/4351"}],"wp:attachment":[{"href":"https:\/\/reflejarte.es\/guitar-repertoire\/wp-json\/wp\/v2\/media?parent=3514"}],"wp:term":[{"taxonomy":"product_brand","embeddable":true,"href":"https:\/\/reflejarte.es\/guitar-repertoire\/wp-json\/wp\/v2\/product_brand?post=3514"},{"taxonomy":"product_cat","embeddable":true,"href":"https:\/\/reflejarte.es\/guitar-repertoire\/wp-json\/wp\/v2\/product_cat?post=3514"},{"taxonomy":"product_tag","embeddable":true,"href":"https:\/\/reflejarte.es\/guitar-repertoire\/wp-json\/wp\/v2\/product_tag?post=3514"}],"curies":[{"name":"wp","href":"https:\/\/api.w.org\/{rel}","templated":true}]}}