{"id":2964,"date":"2019-02-14T11:38:08","date_gmt":"2019-02-14T10:38:08","guid":{"rendered":"http:\/\/guitar-repertoire.com\/?post_type=product&#038;p=2964"},"modified":"2021-03-16T21:35:06","modified_gmt":"2021-03-16T20:35:06","slug":"kummer-gaspard-serenataparaflautaviolayguitarra-op83-pdf","status":"publish","type":"product","link":"https:\/\/reflejarte.es\/guitar-repertoire\/musicalia\/kummer-gaspard-serenataparaflautaviolayguitarra-op83-pdf\/","title":{"rendered":"Kummer, Gaspard: Serenata para flauta viola y guitarra op. 83 &#8211; PDF"},"content":{"rendered":"<p><strong>Gaspard (Caspar) Johann Kummer (1795\u20131870)<br \/>\n<\/strong>fue un flautista alem\u00e1n, profesor y compositor.<\/p>\n<p>Kummer, nacido el 10 de diciembre de 1795 en Erlau (Thuringia), entr\u00f3 en contacto con la m\u00fasica a los 10 a\u00f1os cuando le regalaron una flauta. Empez\u00f3 estudiando diversos instrumentos (viol\u00edn,\u00a0 trompa,\u00a0 trompeta, clarinete, fagot, oboe, violoncello y contrafagot) con el m\u00fasico de la banda municipal de Erlau, Neumeister,\u00a0 mientras aprend\u00eda por su cuenta a tocar la flauta. Al cabo de un a\u00f1o dej\u00f3 la banda e inici\u00f3 estudios de teor\u00eda musical con el cantor de Schleusingen, Gottlob Abraham St\u00e4ps.\u00a0 En los a\u00f1os 1813\/14\u00a0 particip\u00f3 en las campa\u00f1as militares como clarinetista del coro de oboes de la corte de Coburgo. A partir de 1835 trabajar\u00eda como flautista en la capilla del Duque de Sajonia-Coburgo-Gotha, encarg\u00e1ndose de la direcci\u00f3n de su orquesta en 1854.<br \/>\nSus obras publicadas superan los 150 opus, la mayor\u00eda incluyen la flauta como instrumento, pero tambi\u00e9n compuso lieder, etc. en un estilo allegado a la Escuela de Viena.\u00a0 Tuvo varios disc\u00edpulos, entre ellos los compositores Wilhelm Popp, Friedrich Kiel\u200b y Felix Draeseke.<\/p>\n<p>Muri\u00f3 en mayo de 1870 en Coburgo, tras sufrir un segundo infarto del que no se recuper\u00f3.<\/p>\n<p>&nbsp;<\/p>\n","protected":false},"excerpt":{"rendered":"<p>Gaspard (Caspar) Johann Kummer (1795\u20131870) fue un flautista alem\u00e1n, profesor y compositor. Kummer, nacido el 10 de diciembre de 1795 en Erlau (Thuringia), entr\u00f3 en contacto con la m\u00fasica a los 10 a\u00f1os cuando le regalaron una flauta. Empez\u00f3 estudiando diversos instrumentos (viol\u00edn,\u00a0 trompa,\u00a0 trompeta, clarinete, fagot, oboe, violoncello y contrafagot) con el m\u00fasico de [&hellip;]<\/p>\n","protected":false},"featured_media":4360,"comment_status":"closed","ping_status":"closed","template":"","meta":[],"product_brand":[],"product_cat":[402,793,388,455,507,466,398,374],"product_tag":[794,94,132,490,471,835,508,515,485,495],"class_list":{"0":"post-2964","1":"product","2":"type-product","3":"status-publish","4":"has-post-thumbnail","6":"product_cat-alemania","7":"product_cat-biografia","8":"product_cat-clasico","9":"product_cat-gfa","10":"product_cat-kummer-gaspard","11":"product_cat-libre","12":"product_cat-nivel-alto","13":"product_cat-pdf","14":"product_tag-biografia","15":"product_tag-klassik","16":"product_tag-download","17":"product_tag-flauta","18":"product_tag-free-gratis","19":"product_tag-guitarra--guitar","20":"product_tag-kummer-gaspard","21":"product_tag-alto-high","22":"product_tag-pdf","23":"product_tag-viola","24":"product_shipping_class-descarga","25":"pa_compositor-gaspard-kummer","26":"pa_epoca-classical","27":"pa_instrumentacion-flauta-viola-guitarra","28":"pa_licencia-creative-commons","29":"pa_nivel-nivel-alto","31":"first","32":"instock","33":"downloadable","34":"virtual","35":"product-type-simple"},"_links":{"self":[{"href":"https:\/\/reflejarte.es\/guitar-repertoire\/wp-json\/wp\/v2\/product\/2964","targetHints":{"allow":["GET"]}}],"collection":[{"href":"https:\/\/reflejarte.es\/guitar-repertoire\/wp-json\/wp\/v2\/product"}],"about":[{"href":"https:\/\/reflejarte.es\/guitar-repertoire\/wp-json\/wp\/v2\/types\/product"}],"replies":[{"embeddable":true,"href":"https:\/\/reflejarte.es\/guitar-repertoire\/wp-json\/wp\/v2\/comments?post=2964"}],"wp:featuredmedia":[{"embeddable":true,"href":"https:\/\/reflejarte.es\/guitar-repertoire\/wp-json\/wp\/v2\/media\/4360"}],"wp:attachment":[{"href":"https:\/\/reflejarte.es\/guitar-repertoire\/wp-json\/wp\/v2\/media?parent=2964"}],"wp:term":[{"taxonomy":"product_brand","embeddable":true,"href":"https:\/\/reflejarte.es\/guitar-repertoire\/wp-json\/wp\/v2\/product_brand?post=2964"},{"taxonomy":"product_cat","embeddable":true,"href":"https:\/\/reflejarte.es\/guitar-repertoire\/wp-json\/wp\/v2\/product_cat?post=2964"},{"taxonomy":"product_tag","embeddable":true,"href":"https:\/\/reflejarte.es\/guitar-repertoire\/wp-json\/wp\/v2\/product_tag?post=2964"}],"curies":[{"name":"wp","href":"https:\/\/api.w.org\/{rel}","templated":true}]}}