{"id":2927,"date":"2018-02-10T14:23:10","date_gmt":"2018-02-10T13:23:10","guid":{"rendered":"http:\/\/guitar-repertoire.com\/?post_type=product&#038;p=2927"},"modified":"2022-02-13T14:03:53","modified_gmt":"2022-02-13T13:03:53","slug":"weiss-silvius-leopold-chacona-suite-viii-transcription-guitarra-pdf","status":"publish","type":"product","link":"https:\/\/reflejarte.es\/guitar-repertoire\/musicalia\/weiss-silvius-leopold-chacona-suite-viii-transcription-guitarra-pdf\/","title":{"rendered":"Weiss, Silvius Leopold: Chacona de la Suite VIII (Manuscrito de Londres) <br>Transcripci\u00f3n para guitarra &#8211; PDF"},"content":{"rendered":"<p>M\u00e1s informaci\u00f3n sobre <a href=\"http:\/\/slweiss.com\/\" target=\"_blank\" rel=\"noopener noreferrer\">Silvius Leopold Weiss\u00a0<\/a>\u00a0\u00a0 en ingl\u00e9s, alem\u00e1n o franc\u00e9s, en la web slweiss.com<\/p>\n<p>Tambi\u00e9n de mucho inter\u00e9s es el profundo <a href=\"https:\/\/www.brilliantclassics.com\/media\/965237\/95070-Weiss-COMPLETE-Liner-notes-Download.pdf\" target=\"_blank\" rel=\"noopener noreferrer\">an\u00e1lisis del Manuscrito de Londres<\/a> por parte del music\u00f3logo e conocido int\u00e9rprete del laud barroco <a href=\"http:\/\/www.michelcardin.com\/en\/home-2\/\" target=\"_blank\" rel=\"noopener noreferrer\">Michel Cardin.<\/a><\/p>\n<p>&nbsp;<\/p>\n<p>&nbsp;<\/p>\n<p><!--  aqu\u00ed  texto de motivacion\n<a href=\"#tab-additional_information\"><u>ver detalles del producto<\/u> \u00b7 <u>see product details<\/u> \u00b7 <u>voir description d\u00e9taill\u00e9e du produit<\/u>  \u00b7 <u>detallierte Produktbeschreibung sehen<\/u><\/a>\n\n\n<p style=\"text-align: left;\"><a name=\"ES\"><\/a><a name=\"EN\"><\/a><a name=\"FR\"><\/a><a name=\"DE\"><\/a><\/p>\n\n\n\n\n\n<div class=\"descml\"><span style=\"color: #993300;\">T\u00edtulo<\/span>\nChacona de la Suite VIII (Manuscrito de Londres), transcrito y digitado para guitarra por Manuel Esteban<\/div>\n\n\n\n\n<div class=\"descml\">\n\n\n\n<hr \/>\n\n\n\n<span style=\"color: #993300;\">Compositor<\/span>\nSilvius Leopold Weiss\n\n\n\n<hr \/>\n\n\n\n<span style=\"color: #993300;\">\u00c9poca <\/span>\nBarroco\n\n\n\n<hr \/>\n\n\n\n<span style=\"color: #993300;\">Instrumentaci\u00f3n<\/span>\nGuitarra sola\n\n\n\n<hr \/>\n\n\n\n<span style=\"color: #993300;\">Nivel <\/span>\nalto\n\n\n\n<hr \/>\n\n\n\n<span style=\"color: #993300;\">Licencia<\/span>\nCopyright\n\n\n\n<hr \/>\n\n\n\n<span style=\"color: #993300;\">Formato<\/span>\nPDF\n3 p\u00e1ginas\n\n\n\n<hr \/>\n\n\n\n<span style=\"color: #993300;\">Int\u00e9rprete<\/span>\n-\n\n\n\n<hr \/>\n\n\n\n<span style=\"color: #993300;\">Comentario\n<span style=\"color: #000000;\">con digitaci\u00f3n<\/span>\n<\/span>\n\n\n\n<hr \/>\n\n\n\n<span style=\"color: #993300;\">Edici\u00f3n<\/span>\nguitar-repertoire.com\n\n\n\n<hr \/>\n\n\n\n<\/div>\n\n\n--><\/p>\n","protected":false},"excerpt":{"rendered":"<p><img decoding=\"async\" class=\"bandera\" title=\"ES - descripci\u00f3n en espa\u00f1ol\" src=\"https:\/\/reflejarte.es\/guitar-repertoire\/wp-content\/uploads\/2018\/10\/ES.png\" alt=\"ES - descripci\u00f3n del producto en espa\u00f1ol\" \/>transcripci\u00f3n y digitaci\u00f3n para guitarra por M.Esteban<br \/>\n<img decoding=\"async\" class=\"bandera\" title=\"EN - Description in English\" src=\"https:\/\/reflejarte.es\/guitar-repertoire\/wp-content\/uploads\/2018\/10\/EN.png\" alt=\"EN - Product Description in English\" \/>transcription with fingering for the guitar by M.Esteban<br \/>\n<img decoding=\"async\" class=\"bandera\" title=\"FR - description en fran\u00e7ais\" src=\"https:\/\/reflejarte.es\/guitar-repertoire\/wp-content\/uploads\/2018\/10\/FR.png\" alt=\"FR - description du produit en fran\u00e7ais\" \/>transcrit et doigt\u00e9 pour la guitare par Manuel Esteban<br \/>\n<img decoding=\"async\" class=\"bandera\" title=\"DE - Produktbeschreibung auf Deutsch\" src=\"https:\/\/reflejarte.es\/guitar-repertoire\/wp-content\/uploads\/2018\/10\/DE.png\" alt=\"DE - Produktbeschreibung auf Deutsch\" \/>Transkription mit Fingersatz f\u00fcr Gitarre von M.Esteban<\/p>\n<p><!-- <a href=\"#tab-additional_information\"><img decoding=\"async\" class=\"bandera\" title=\"ES - descripci\u00f3n en espa\u00f1ol\" src=\"http:\/\/guitar-repertoire.reflejarte.es\/wp-content\/uploads\/2018\/01\/ES-guitar-repertoire-mini.png\" alt=\"ES - descripci\u00f3n del producto en espa\u00f1ol\" \/>Partitura en PDF: ir a detalles del producto<\/a>\n<a href=\"#tab-additional_information\"><img decoding=\"async\" class=\"bandera\" title=\"FR - description en fran\u00e7ais\" src=\"http:\/\/guitar-repertoire.reflejarte.es\/wp-content\/uploads\/2018\/01\/FR-guitar-repertoire-mini.png\" alt=\"FR - description du produit en fran\u00e7ais\" \/>Partition en PDF : voir description d\u00e9taill\u00e9e du produit<\/a>\n<a href=\"#tab-additional_information\"><img decoding=\"async\" class=\"bandera\" title=\"EN - Description in English\" src=\"http:\/\/guitar-repertoire.reflejarte.es\/wp-content\/uploads\/2018\/01\/EN-guitar-repertoire-mini.png\" alt=\"EN - Product Description in English\" \/>PDF Score: see all product details<\/a>\n<a href=\"#tab-additional_information\"><img decoding=\"async\" class=\"bandera\" title=\"DE - Produktbeschreibung auf Deutsch\" src=\"http:\/\/guitar-repertoire.reflejarte.es\/wp-content\/uploads\/2018\/01\/DE-guitar-repertoire-mini.png\" alt=\"DE - Produktbeschreibung auf Deutsch\" \/>PDF-Partitur: zur detaillierten Produkt-Beschreibung <\/a>\n--><\/p>\n","protected":false},"featured_media":2935,"comment_status":"closed","ping_status":"closed","template":"","meta":[],"product_brand":[],"product_cat":[402,387,467,441,466,398,374,486],"product_tag":[108,488,471,56,515,485,489,487],"class_list":{"0":"post-2927","1":"product","2":"type-product","3":"status-publish","4":"has-post-thumbnail","6":"product_cat-alemania","7":"product_cat-barroco","8":"product_cat-copyright","9":"product_cat-g","10":"product_cat-libre","11":"product_cat-nivel-alto","12":"product_cat-pdf","13":"product_cat-weiss-silvius-leopold","14":"product_tag-barroco","15":"product_tag-digitacion","16":"product_tag-free-gratis","17":"product_tag-guitar","18":"product_tag-alto-high","19":"product_tag-pdf","20":"product_tag-transcrito-para-guitarra--transcrit-pour-guitare--transcribed-for-the-guitar--ubertragung-fur-gitarre","21":"product_tag-weiss","22":"product_shipping_class-descarga","23":"pa_autor-de-la-transcripcion-guitar-repertoire-com","24":"pa_autor-de-la-transcripcion-manuel-esteban","25":"pa_compositor-silvius-leopoldus-weiss","26":"pa_epoca-barroco","27":"pa_instrumentacion-guitarra-sola","28":"pa_licencia-copyright-guitar-repertoire-com","29":"pa_licencia-creative-commons","30":"pa_nivel-nivel-alto","32":"first","33":"instock","34":"featured","35":"downloadable","36":"virtual","37":"product-type-simple"},"_links":{"self":[{"href":"https:\/\/reflejarte.es\/guitar-repertoire\/wp-json\/wp\/v2\/product\/2927","targetHints":{"allow":["GET"]}}],"collection":[{"href":"https:\/\/reflejarte.es\/guitar-repertoire\/wp-json\/wp\/v2\/product"}],"about":[{"href":"https:\/\/reflejarte.es\/guitar-repertoire\/wp-json\/wp\/v2\/types\/product"}],"replies":[{"embeddable":true,"href":"https:\/\/reflejarte.es\/guitar-repertoire\/wp-json\/wp\/v2\/comments?post=2927"}],"wp:featuredmedia":[{"embeddable":true,"href":"https:\/\/reflejarte.es\/guitar-repertoire\/wp-json\/wp\/v2\/media\/2935"}],"wp:attachment":[{"href":"https:\/\/reflejarte.es\/guitar-repertoire\/wp-json\/wp\/v2\/media?parent=2927"}],"wp:term":[{"taxonomy":"product_brand","embeddable":true,"href":"https:\/\/reflejarte.es\/guitar-repertoire\/wp-json\/wp\/v2\/product_brand?post=2927"},{"taxonomy":"product_cat","embeddable":true,"href":"https:\/\/reflejarte.es\/guitar-repertoire\/wp-json\/wp\/v2\/product_cat?post=2927"},{"taxonomy":"product_tag","embeddable":true,"href":"https:\/\/reflejarte.es\/guitar-repertoire\/wp-json\/wp\/v2\/product_tag?post=2927"}],"curies":[{"name":"wp","href":"https:\/\/api.w.org\/{rel}","templated":true}]}}