{"id":2261,"date":"2018-01-21T21:40:13","date_gmt":"2018-01-21T20:40:13","guid":{"rendered":"http:\/\/guitar-repertoire.com\/?post_type=product&#038;p=2261"},"modified":"2025-04-15T18:28:30","modified_gmt":"2025-04-15T16:28:30","slug":"aguado-dionisio-estudio-no-2-libro-i-audio-manuel-esteban","status":"publish","type":"product","link":"https:\/\/reflejarte.es\/guitar-repertoire\/musicalia\/aguado-dionisio-estudio-no-2-libro-i-audio-manuel-esteban\/","title":{"rendered":"Aguado, Dionisio: Estudio N\u00ba 2 Libro I \u2013 AUDIO  by Manuel Esteban"},"content":{"rendered":"<h2>Dionisio Aguado<\/h2>\n<h3>Biograf\u00eda<\/h3>\n<h2><img loading=\"lazy\" decoding=\"async\" class=\"alignleft wp-image-1960\" src=\"https:\/\/reflejarte.es\/guitar-repertoire\/wp-content\/uploads\/2018\/01\/AguadoDionysio.jpg\" alt=\"Dionisio Aguado, Estudios para guitarra con audio por Manuel Esteban @ guitar-repertoire.com\" width=\"200\" height=\"289\" srcset=\"https:\/\/reflejarte.es\/guitar-repertoire\/wp-content\/uploads\/2018\/01\/AguadoDionysio.jpg 692w, https:\/\/reflejarte.es\/guitar-repertoire\/wp-content\/uploads\/2018\/01\/AguadoDionysio-150x217.jpg 150w, https:\/\/reflejarte.es\/guitar-repertoire\/wp-content\/uploads\/2018\/01\/AguadoDionysio-300x434.jpg 300w, https:\/\/reflejarte.es\/guitar-repertoire\/wp-content\/uploads\/2018\/01\/AguadoDionysio-104x150.jpg 104w, https:\/\/reflejarte.es\/guitar-repertoire\/wp-content\/uploads\/2018\/01\/AguadoDionysio-208x300.jpg 208w, https:\/\/reflejarte.es\/guitar-repertoire\/wp-content\/uploads\/2018\/01\/AguadoDionysio-415x600.jpg 415w\" sizes=\"auto, (max-width: 200px) 100vw, 200px\" \/><\/h2>\n<p>El compositor y guitarrista cl\u00e1sico espa\u00f1ol Dionisio Tom\u00e1s Ventura Aguado y Garc\u00eda naci\u00f3 en Madrid, el 8 de abril de 1784.<\/p>\n<p>Es uno de los guitarristas espa\u00f1oles m\u00e1s c\u00e9lebres del siglo XIX. Inici\u00f3 sus estudios musicales con Fray Miguel Garc\u00eda, conocido como Padre Basilio. Influenciado por el italiano Federico Moretti, y junto con Fernando Sor, adopt\u00f3 la notaci\u00f3n convencional para guitarra, prescindiendo de la notaci\u00f3n por tablatura, imperante en Espa\u00f1a en esa \u00e9poca.<\/p>\n<p>La invasi\u00f3n de Napole\u00f3n, y lo que esto conllev\u00f3, hizo que se retirara con su madre a sus tierras en Fuenlabrada y se dedicara a profundizar en sus conocimientos musicales. Despu\u00e9s de un periodo de retiro que dedic\u00f3 al estudio y perfeccionamiento de su t\u00e9cnica, se march\u00f3 a Par\u00eds en 1825, y atrajo la atenci\u00f3n de m\u00fasicos relevantes de la \u00e9poca (Rossini, Paganini, Vincenzo Bellini, Fernando Sor, Fossa) por su virtuosismo, y alcanz\u00f3 un gran \u00e9xito con sus recitales. Con Sor hizo amistad, colabor\u00f3 estrechamente e incluso vivi\u00f3 durante un tiempo. De hecho \u00e9ste le dedic\u00f3 un dueto (Op.41, Les Deux Amis, los dos amigos, una parte est\u00e1 marcada \u201cSor\u201d y la otra \u201cAguado\u201d). En 1838 regres\u00f3 a Madrid, donde dedic\u00f3 su vida a la ense\u00f1anza hasta que muri\u00f3 el 29 de diciembre de 1849.<\/p>\n<p>Fue un profundo estudioso, dedicando muchos a\u00f1os al estudio de la guitarra, tanto en el aspecto musical como en el estructural. En el primero de los aspectos destaca por ser un estudioso de la digitaci\u00f3n. Adem\u00e1s, gracias a este estudio, desarroll\u00f3 su m\u00e9todo de ense\u00f1anza titulado \u201cEscuela de Guitarra\u201d, publicado en Madrid en 1825. Este m\u00e9todo es considerado como el antecesor de los m\u00e9todos publicados en el siglo XX. Tambi\u00e9n se le conoce por la invenci\u00f3n del tripedisono para sustentar la guitarra sobre una base. De hecho, Aguado es considerado uno de los profesores m\u00e1s innovadores del siglo XIX. Del segundo de los aspectos cabe destacar que los seis agujeros presentes en el puente de la guitarra fueron ideados por \u00e9l en 1824.<\/p>\n<p>Obras disponibles:<\/p>\n<ul class=\"lcp_catlist\" id=\"lcp_instance_0\"><li class=\"current\"><a href=\"https:\/\/reflejarte.es\/guitar-repertoire\/musicalia\/aguado-dionisio-estudio-no-2-libro-i-audio-manuel-esteban\/\">Aguado, Dionisio: Estudio N\u00ba 2 Libro I \u2013 AUDIO  by Manuel Esteban<\/a><\/li><li><a href=\"https:\/\/reflejarte.es\/guitar-repertoire\/musicalia\/aguado-dionisio-estudio-no-26-libro-i-audio-by-manuel-esteban\/\">Aguado, Dionisio: Estudio N\u00ba 26 Libro I \u2013 AUDIO  by Manuel Esteban<\/a><\/li><li><a href=\"https:\/\/reflejarte.es\/guitar-repertoire\/musicalia\/aguado-dionisio-estudio-no7-libro-3-pdf\/\">Aguado, Dionisio: Estudio n\u00ba 7 Libro III &#8211; PDF<\/a><\/li><li><a href=\"https:\/\/reflejarte.es\/guitar-repertoire\/musicalia\/aguado-dionisio-estudio-no-7-libro-iii-audio-by-manuel-esteban\/\">Aguado, Dionisio: Estudio N\u00ba 7 Libro III \u2013 AUDIO  by Manuel Esteban<\/a><\/li><li><a href=\"https:\/\/reflejarte.es\/guitar-repertoire\/musicalia\/aguado-dionisio-estudio-no-7-libro-iii-pdf-audio-de-manuel-esteban-guitarra-clasica\/\">Aguado, Dionisio: Estudio N\u00ba 7 Libro III<br>PDF + AUDIO de Manuel Esteban (guitarra cl\u00e1sica)<\/a><\/li><li><a href=\"https:\/\/reflejarte.es\/guitar-repertoire\/musicalia\/aguado-dionisio-estudio-2-libro-1\/\">Aguado, Dionisio: Estudio n\u00ba2 Libro I &#8211; PDF<\/a><\/li><li><a href=\"https:\/\/reflejarte.es\/guitar-repertoire\/musicalia\/aguado-dionisio-estudio-no26-libro-i-pdf\/\">Aguado, Dionisio: Estudio n\u00ba26 Libro I &#8211; PDF<\/a><\/li><\/ul>\n<hr \/>\n","protected":false},"excerpt":{"rendered":"<p><!-- <a href=\"#ES\"><img decoding=\"async\" class=\"bandera\" title=\"ES - descripci\u00f3n en espa\u00f1ol\" src=\"http:\/\/guitar-repertoire.reflejarte.es\/wp-content\/uploads\/2018\/01\/ES-guitar-repertoire-mini.png\" alt=\"ES - descripci\u00f3n del producto en espa\u00f1ol\" \/>AUDIO: ver detalles<\/a>\n<a href=\"#FR\"><img decoding=\"async\" class=\"bandera\" title=\"FR - description en fran\u00e7ais\" src=\"http:\/\/guitar-repertoire.reflejarte.es\/wp-content\/uploads\/2018\/01\/FR-guitar-repertoire-mini.png\" alt=\"FR - description du produit en fran\u00e7ais\" \/>AUDIO : voir description d\u00e9taill\u00e9e<\/a>\n<a href=\"#EN\"><img decoding=\"async\" class=\"bandera\" title=\"EN - Description in English\" src=\"http:\/\/guitar-repertoire.reflejarte.es\/wp-content\/uploads\/2018\/01\/EN-guitar-repertoire-mini.png\" alt=\"EN - Product Description in English\" \/>AUDIO: see details<\/a>\n<a href=\"#DE\"><img decoding=\"async\" class=\"bandera\" title=\"DE - Produktbeschreibung auf Deutsch\" src=\"http:\/\/guitar-repertoire.reflejarte.es\/wp-content\/uploads\/2018\/01\/DE-guitar-repertoire-mini.png\" alt=\"DE - Produktbeschreibung auf Deutsch\" \/>AUDIO: Beschreibung lesen<\/a> --><\/p>\n<div class=\"wp-playlist wp-audio-playlist wp-playlist-light\">\n\t\t\t<div class=\"wp-playlist-current-item\"><\/div>\n\t\t<audio controls=\"controls\" preload=\"none\" width=\"958\"\n\t\t\t><\/audio>\n\t<div class=\"wp-playlist-next\"><\/div>\n\t<div class=\"wp-playlist-prev\"><\/div>\n\t<noscript>\n\t<ol>\n\t\t<li><a href='https:\/\/reflejarte.es\/guitar-repertoire\/wp-content\/uploads\/2018\/10\/DionisioAguado-Estudio2Libro1-ManuelEsteban.mp3'>Estudio 2 libro I (Dionisio Aguado), interpretado por Manuel Esteban<\/a><\/li>\t<\/ol>\n\t<\/noscript>\n\t<script type=\"application\/json\" class=\"wp-playlist-script\">{\"type\":\"audio\",\"tracklist\":true,\"tracknumbers\":true,\"images\":true,\"artists\":true,\"tracks\":[{\"src\":\"https:\/\/reflejarte.es\/guitar-repertoire\/wp-content\/uploads\/2018\/10\/DionisioAguado-Estudio2Libro1-ManuelEsteban.mp3\",\"type\":\"audio\/mpeg\",\"title\":\"Estudio 2 libro I (Dionisio Aguado), interpretado por Manuel Esteban\",\"caption\":\"\",\"description\":\"Estudio 2 libro I (Dionisio Aguado) interpretado por Manuel Esteban @ guitar-repertoire.com\",\"meta\":{\"artist\":\"Manuel Esteban, guitarra\",\"album\":\"musicadelvacio\",\"genre\":\"Other\",\"length_formatted\":\"0:40\"},\"image\":{\"src\":\"https:\/\/reflejarte.es\/guitar-repertoire\/wp-includes\/images\/media\/audio.svg\",\"width\":48,\"height\":64},\"thumb\":{\"src\":\"https:\/\/reflejarte.es\/guitar-repertoire\/wp-includes\/images\/media\/audio.svg\",\"width\":48,\"height\":64}}]}<\/script>\n<\/div>\n\t\n<p><a href=\"https:\/\/reflejarte.es\/guitar-repertoire\/musicalia\/aguado-estudio-2-libro-1\/\" rel=\"noopener\"> &gt;&gt;&gt; Partitura en PDF \u00b7 Partition en PDF \u00b7 PDF Music Sheet \u00b7 PDF der Partitur <\/a><\/p>\n<p>&nbsp;<\/p>\n","protected":false},"featured_media":4189,"comment_status":"closed","ping_status":"closed","template":"","meta":[],"product_brand":[],"product_cat":[380,378,793,401,441,466,394,134,396,390],"product_tag":[469,470,794,471,56,222,516,472,496],"class_list":{"0":"post-2261","1":"product","2":"type-product","3":"status-publish","4":"has-post-thumbnail","6":"product_cat-aguado-dionisio","7":"product_cat-audio","8":"product_cat-biografia","9":"product_cat-espana","10":"product_cat-g","11":"product_cat-libre","12":"product_cat-esteban-manuel-interprete","13":"product_cat-_mp3","14":"product_cat-nivel-basico","15":"product_cat-romanticismo","16":"product_tag-aguado","17":"product_tag-audio","18":"product_tag-biografia","19":"product_tag-free-gratis","20":"product_tag-guitar","21":"product_tag-manuel-esteban","22":"product_tag-nivel-basico","23":"product_tag-pdfaudio","24":"product_tag-romanticismo","25":"pa_compositor-dionisio-aguado","26":"pa_epoca-romanticismo","27":"pa_instrumentacion-guitarra-sola","28":"pa_licencia-creative-commons","29":"pa_nivel-nivel-basico","31":"first","32":"instock","33":"featured","34":"downloadable","35":"virtual","36":"product-type-simple"},"_links":{"self":[{"href":"https:\/\/reflejarte.es\/guitar-repertoire\/wp-json\/wp\/v2\/product\/2261","targetHints":{"allow":["GET"]}}],"collection":[{"href":"https:\/\/reflejarte.es\/guitar-repertoire\/wp-json\/wp\/v2\/product"}],"about":[{"href":"https:\/\/reflejarte.es\/guitar-repertoire\/wp-json\/wp\/v2\/types\/product"}],"replies":[{"embeddable":true,"href":"https:\/\/reflejarte.es\/guitar-repertoire\/wp-json\/wp\/v2\/comments?post=2261"}],"wp:featuredmedia":[{"embeddable":true,"href":"https:\/\/reflejarte.es\/guitar-repertoire\/wp-json\/wp\/v2\/media\/4189"}],"wp:attachment":[{"href":"https:\/\/reflejarte.es\/guitar-repertoire\/wp-json\/wp\/v2\/media?parent=2261"}],"wp:term":[{"taxonomy":"product_brand","embeddable":true,"href":"https:\/\/reflejarte.es\/guitar-repertoire\/wp-json\/wp\/v2\/product_brand?post=2261"},{"taxonomy":"product_cat","embeddable":true,"href":"https:\/\/reflejarte.es\/guitar-repertoire\/wp-json\/wp\/v2\/product_cat?post=2261"},{"taxonomy":"product_tag","embeddable":true,"href":"https:\/\/reflejarte.es\/guitar-repertoire\/wp-json\/wp\/v2\/product_tag?post=2261"}],"curies":[{"name":"wp","href":"https:\/\/api.w.org\/{rel}","templated":true}]}}