{"id":201,"date":"2014-12-26T21:54:30","date_gmt":"2014-12-26T20:54:30","guid":{"rendered":"http:\/\/reflejarte.es\/REGALOS\/?post_type=product&#038;p=34"},"modified":"2025-04-15T19:08:09","modified_gmt":"2025-04-15T17:08:09","slug":"album-cantica-de-la-reverie","status":"publish","type":"product","link":"https:\/\/reflejarte.es\/guitar-repertoire\/musicalia\/album-cantica-de-la-reverie\/","title":{"rendered":"La R\u00eaverie \u00b7 C\u00e1ntica Cuarteto: C\u00c1NTICA &#8211; m\u00fasica ef\u00edmera, m\u00fasica eterna \u00b7 Momentary Music, Everlasting Music"},"content":{"rendered":"<h3>C\u00c1NTICA<\/h3>\n<h3>m\u00fasica ef\u00edmera, m\u00fasica eterna<br \/>\nmomentary music, everlasting music<\/h3>\n<p>Pieces by <strong>composers<\/strong>, <strong>poets<\/strong> and <strong>troubadours<\/strong> of the<strong> last milennium<\/strong>: <strong>Federico Garc\u00eda Lorca<\/strong>, <strong>Juan del Encina<\/strong>, <strong>Enrique<\/strong> (from the <strong><i>Cancionero de Palacio<\/i><\/strong>), <strong>Diego Ortiz<\/strong>, <strong>Blondel de Nesle<\/strong>, <strong>Adam de la Halle<\/strong> and <strong>Arnold Schlick<\/strong>, as well as <strong>traditional Spanish<\/strong> and <strong>Sephardic folk music<\/strong>, from the Middle Ages to the 20th century.<\/p>\n<p>Performers:<em> <strong>La R\u00eaverie<\/strong><\/em><strong> &#8211; CANTICA CUARTETO<\/strong><br \/>\n<strong>Yolanda Campos<\/strong>: mezzo-soprano.<br \/>\n<strong>Inmaculada G\u00f3mez<\/strong>: transverse flute and castanets.<br \/>\n<strong>\u00c1ngel Mart\u00edn<\/strong>: percussion.<br \/>\n<strong>Esteban Canyar<\/strong>: guitar, arrangements and composition.<\/p>\n<h4><strong>C\u00c1NTICA &#8211; Momentary music, everlasting music<\/strong><\/h4>\n<p style=\"text-align: justify;\">This album by <b>La R\u00eaverie<\/b>, entitled <big>CANTICA<\/big>, is an i<strong>nusual mixture of early and Spanish music<\/strong>. Most pieces include spurious parts \u2013 as it were. They are our own compositions and <strong>arrangements<\/strong>, whose purpose is <strong>to<\/strong> <strong>comment on the pieces from the present time, holding a conversation with that old music<\/strong>.<\/p>\n<p>The idea is to <strong>recreate the music of other times from a modern perspective<\/strong> with music instruments, <strong>connecting<\/strong> both worlds, <strong>old and new<\/strong>, mixing sounds from both of them <strong>in the same piece of music<\/strong>. This composition technique is what unifies our repertoire, making it homogeneous.<\/p>\n<p>The members of La Reverie \u2013 musicians with long artistic careers \u2013 have performed with renowned and diverse music groups and institutions, such as the Symphonic Orchestra of Malaga\u2019s Higher Conservatory of Music (Spain), Inocu (Italy), El Sombrero del Alquimista (Spain) and El Tercer Ojo (Bolivia). Their music has been heard in various cities and festivals, such as the International Music Festival in Cadaqu\u00e9s (Girona), the Sal\u00f3n de los Espejos (Hall of Mirrors, the elegant performance venue in Malaga\u2019s Town Hall) or Granada\u2019s prestigious International Festival of Music and Dance.<\/p>\n<p>Have a look at CANTICA CUARTETO performing \u00ab<strong><a href=\"https:\/\/www.youtube.com\/watch?v=mzkWDRRz0-s\" target=\"_blank\" rel=\"noopener noreferrer\">Romance de la pena negra<\/a><\/strong>\u00bb &#8211; a recent <strong>composition by Esteban Canyar<\/strong> that sets up the moving poem of <strong>Federico Garc\u00eda Lorca<\/strong> (in: Romancero Gitano). The <a href=\"https:\/\/www.youtube.com\/watch?v=mzkWDRRz0-s\" target=\"_blank\" rel=\"noopener noreferrer\">video record in Youtube<\/a> evidences the impressing potential of the quartet and the composer.<\/p>\n<p>Send us an <a href=\"https:\/\/reflejarte.es\/guitar-repertoire\/contact\/\">email<\/a> if you want to purchase this album.<br \/>\n<a href=\"https:\/\/open.spotify.com\/artist\/0j0kISVp5ynwLWbMamTlM7\" target=\"_blank\" rel=\"noopener noreferrer\">Listen to the songs of this album on Spotify<\/a>.<\/p>\n<p><!--[playlist ids=\"360,363,364,365,368,373,369,370,374,376,375,372,371,367\"]\n\n--><\/p>\n<p>More information about this work, the artists, their music and the lyrics at <a title=\"go to La R\u00eaverie - Album CANTICA\" href=\"https:\/\/reflejarte.es\/lareverie\/en\/cantica\/\" target=\"_blank\" rel=\"noopener noreferrer\"><i>lareverie.es<\/i><\/a><\/p>\n<div id=\"ffs-sep-64\" class=\"ffs-sep\">\n<hr \/>\n<\/div>\n<p><a name=\"deutsch\"><\/a><small>deutsch <img loading=\"lazy\" decoding=\"async\" class=\"alignnone size-full wp-image-2192\" src=\"https:\/\/reflejarte.es\/guitar-repertoire\/wp-content\/uploads\/2018\/01\/DE-guitar-repertoire-mini.png\" alt=\"guitar-repertoire.com auf Deutsch \u00b7 Gitarrenrepertoire \u00b7 Manuel Esteban\" width=\"35\" height=\"23\" \/><br \/>\n<\/small><\/p>\n<h3><strong>C\u00c1NTICA<\/strong><\/h3>\n<h3><strong>m\u00fasica ef\u00edmera<\/strong>,<strong> m\u00fasica eterna<\/strong><br \/>\n<strong>Fl\u00fcchtiger Klang,\u00a0 zeitlose Musik<\/strong><\/h3>\n<p>Lieder von Komponisten, Dichtern und Troubadouren des letzten Jahrtausends: Federico <strong>Garc\u00eda Lorca<\/strong>, <strong>Juan del Encina<\/strong>, <strong>Enrique<\/strong> (aus dem Cancionero de Palacio), <strong>Diego Ortiz<\/strong>, <strong>Blondel de Nesle<\/strong>, <strong>Adam de la Halle<\/strong> y <strong>Arnold Schlick <\/strong>sowie<strong> spanische <\/strong>und <strong>sephardische<\/strong> <strong>Volkslieder <\/strong>verschiedener Epochen, vom Mittelalter bis zum 20. Jahrhundert.<\/p>\n<p>Interpreten: <em><strong>La R\u00eaverie \u2013 CANTICA CUARTETO<\/strong><\/em><br \/>\n<strong>Yolanda Campos<\/strong>, Mezzosopran.<br \/>\n<strong>Inmaculada G\u00f3mez<\/strong>, Querfl\u00f6te und Kastagnetten.<br \/>\n<strong>\u00c1ngel Mart\u00edn<\/strong>, Percussions.<br \/>\n<strong>Esteban Canyar<\/strong>, Gitarre, Arrangements und Kompositionen.<\/p>\n<p>\u201c<strong>C\u00c1NTICA<\/strong> \u2013 Fl\u00fcchtiger Klang, zeitlose Musik\u201d hei\u00dft das dritte Album von La R\u00eaverie, 2015 erschienen und interpretiert von den K\u00fcnstlern des CUARTETO CANTICA.<br \/>\nDiese Cd \u00fcberrascht uns mit einer <strong>ungew\u00f6hnlichen Mischung von alter Musik aus Mittelalter <\/strong>und <strong>Renaissance mit spanischer Volksmusik verschiedener Epochen bis zum 20. Jahrhundert<\/strong>. Die meisten Themen enthalten <strong>eigene, sehr gelungene Arrangements<\/strong> und <strong>Kompositionen<\/strong> von Esteban Canyar: die originellen \u00dcberarbeitungen der alten Werke versehen diese mit \u2018aktuellen Kommentaren\u2019 und machen sie dem modernen Zuh\u00f6rer verst\u00e4ndlicher und attraktiv. So entsteht eine Art <strong>Dialog zwischen<\/strong> den musikalischen \u2018Hits\u2019 <strong>der Vergangenheit und der heutigen Musik<\/strong>, der beide Musikformen wesentlich bereichert.<\/p>\n<p>C\u00c1NTICA pr\u00e4sentiert uns die<strong> Lieder vergangener Zeiten von einem modernen Standpunkt<\/strong> aus, und interpretiert sie mit aktuellen Instrumenten. In jedem Thema <strong>kombinieren <\/strong>sie harmonisch<strong> Kl\u00e4nge der alten und der heutigen Zeit<\/strong>. So gelingt es ihnen, <strong>beide Welten -die alte und die moderne- zu verbinden<\/strong> und ihrem weitgestreuten Repertoire eine beeindruckende Einheit zu verschaffen.<\/p>\n<p>Das <strong>gekonnte Zusammenspiel der hervorragenden Instrumentisten<\/strong> \u2013 jeder ist auch mit einem Solopart vertreten \u2013 und die <strong>bewegende, modulationsreiche Stimme von Yolanda Campos <\/strong>\u00fcberzeugen, bringen Emotionen zum Schwingen und erwecken die einst so popul\u00e4ren Melodien zu neuem Leben.<\/p>\n<p>Ein <strong>audiovisuelles Beispiel<\/strong> f\u00fcr die Kompetenz des Quartetts ist die beeindruckende Interpretation der \u201c<a href=\"https:\/\/www.youtube.com\/watch?v=mzkWDRRz0-s\" target=\"_blank\" rel=\"noopener noreferrer\">Romance de la pena negra<\/a>\u201d \u2013 eine erst k\u00fcrzlich von Esteban Canyar geschaffene Komposition, die das Gedicht des ber\u00fchmten andalusischen Poeten Federico Garc\u00eda Lorca (aus: Romancero Gitano) vertont. Die <a href=\"https:\/\/www.youtube.com\/watch?v=mzkWDRRz0-s\" target=\"_blank\" rel=\"noopener noreferrer\">Videoaufnahme in Youtube<\/a> zeigt das unersch\u00f6pfliche Potenzial von CANTICA CUARTETO.<\/p>\n<p>Mehr Informationen zur Gruppe und zu den in der Cd enthaltenen Liedern finden sich in der <a title=\"Web von La R\u00eaverie \/ Album C\u00c1NTICA\" href=\"https:\/\/reflejarte.es\/lareverie\/album-cantica-musica-efimera-musica-eterna\/\" target=\"_blank\" rel=\"noopener noreferrer\">Web von <strong><i>La R\u00eaverie.<\/i><\/strong><\/a>.<br \/>\nWenn Sie die Cd erwerben m\u00f6chten, <a href=\"https:\/\/reflejarte.es\/guitar-repertoire\/contact\/\" target=\"_blank\" rel=\"noopener noreferrer\">kontaktieren Sie uns bitte per Formular<\/a>.<br \/>\nAlle Themen dieses Albums sind in <a href=\"https:\/\/open.spotify.com\/artist\/0j0kISVp5ynwLWbMamTlM7\" target=\"_blank\" rel=\"noopener noreferrer\">Spotify<\/a> zu h\u00f6ren.<\/p>\n","protected":false},"excerpt":{"rendered":"<h2>C\u00c1NTICA<\/h2>\n<h4><strong>m\u00fasica ef\u00edmera, m\u00fasica eterna<\/strong><\/h4>\n<p>Temas de <strong>FedericoGarc\u00eda Lorca<\/strong>, <strong>Juan del Encina<\/strong>, <strong>Enrique<\/strong> \u2013 Cancionero de Palacio, <strong>Diego Ortiz<\/strong>, <strong>tradici\u00f3n<\/strong> popular <strong>espa\u00f1ol<\/strong> y <strong>sefard\u00ed<\/strong>, <strong>Blondel de Nesle<\/strong>, <strong>Adam de la Halle<\/strong> y <strong>Arnold Schlick<\/strong><\/p>\n<p>Int\u00e9rpretes:<br \/>\n<strong>C\u00c1NTICA CUARTETO<\/strong> de <em><strong>La R\u00eaverie<\/strong><\/em><br \/>\n<strong>Yolanda Campos<\/strong>, mezzo-soprano.<br \/>\n<strong>Inmaculada G\u00f3mez<\/strong>, flauta travesera y casta\u00f1uelas.<br \/>\n<strong>\u00c1ngel Mart\u00edn<\/strong>, percusiones diversas.<br \/>\n<strong>Esteban Canyar<\/strong>, guitarra, arreglos y composici\u00f3n.<\/p>\n<p>El tercer \u00e1lbum de La R\u00eaverie lleva el t\u00edtulo de <strong>C\u00c1NTICA<\/strong>. Este disco es una <strong>inusual mezcla de m\u00fasica antigua y m\u00fasica espa\u00f1ola<\/strong>. La mayor\u00eda de los temas contienen composiciones y <strong>arreglos propios<\/strong> que pretenden <strong>comentar las obras desde el presente<\/strong>, dialogando de alguna forma con esa vieja m\u00fasica.<\/p>\n<p>C\u00c1NTICA recrea la m\u00fasica de otras \u00e9pocas desde una \u00f3ptica moderna y con instrumentos actuales: se trata de <strong>conectar los dos mundos, antiguo y moderno<\/strong>, mezclando en una misma obra sonoridades de uno y otro. Esa forma de hacer es lo que unifica el repertorio, dot\u00e1ndolo de homogeneidad.<\/p>\n<p>Contenido del <a href=\"https:\/\/open.spotify.com\/album\/081oz1LEYX2D34DbIRiTlx\" target=\"_blank\" rel=\"noopener noreferrer\">album<\/a><br \/>\n<span style=\"font-size: 0.9em;\"><br \/>\n1) <a href=\"https:\/\/open.spotify.com\/track\/4tL44cMMp5H7ZgG5Obfafu\" target=\"_blank\" rel=\"noopener noreferrer\">Las tres hermanicas (Trad. sefard\u00ed &#8211; Esteban Canyar)<\/a> &#8211; 3&#8217;28<br \/>\n2) <a href=\"https:\/\/open.spotify.com\/track\/5PVXtu2X2EsXIEjYkYPSUu\" target=\"_blank\" rel=\"noopener noreferrer\">Anda jaleo (Federico Garc\u00eda Lorca &#8211; La R\u00eaverie)<\/a> &#8211; 2&#8217;55<br \/>\n3) <a href=\"https:\/\/open.spotify.com\/track\/7BvgTVBXYDYQkBYyYMHT4R\" target=\"_blank\" rel=\"noopener noreferrer\">A l&#8217;entrant d&#8217;este (Blondel de Nesle &#8211; Esteban Canyar)<\/a> &#8211; 3&#8217;42<br \/>\n4) <a href=\"https:\/\/open.spotify.com\/track\/3tF8yg76QdYx7wVZmoMjVr\" target=\"_blank\" rel=\"noopener noreferrer\">Adio querida (Trad. sefard\u00ed &#8211; Esteban Canyar)<\/a> &#8211; 4&#8217;01<br \/>\n5) <a href=\"https:\/\/open.spotify.com\/track\/2iKGzEjrmnQOsVMXrBgIOr\" target=\"_blank\" rel=\"noopener noreferrer\">Pues servicio (Enrique &#8211; Cancionero de Palacio)<\/a> &#8211; 2&#8217;17<br \/>\n6) <a href=\"https:\/\/open.spotify.com\/track\/20Vgh6vOqLbu2UdTD7ph10\" target=\"_blank\" rel=\"noopener noreferrer\">Pensando en los muleros (Federico Garc\u00eda Lorca &#8211; Esteban Canyar)<\/a> &#8211; 3&#8217;30<br \/>\n7) <a href=\"https:\/\/open.spotify.com\/track\/229iSLOxuvzrdWBMXREs3V\" target=\"_blank\" rel=\"noopener noreferrer\">Ay triste que vengo (Juan del Encina &#8211; Esteban Canyar)<\/a> &#8211; 3&#8217;40<br \/>\n8) <a href=\"https:\/\/open.spotify.com\/track\/6WU3VeKYr3Lx2YpPwJaIYz\" target=\"_blank\" rel=\"noopener noreferrer\">Recercada (Diego Ortiz)<\/a> &#8211; 2&#8217;16<br \/>\n9) <a href=\"https:\/\/open.spotify.com\/track\/2cNhDzC0GYR8DxpB69IoNt\" target=\"_blank\" rel=\"noopener noreferrer\">Adam&#8217;s Portrait (Adam de la Halle &#8211; Esteban Canyar)<\/a> &#8211; 5&#8217;44<br \/>\n10) <a href=\"https:\/\/open.spotify.com\/track\/4KSnMwr74upyRVs7s2OL1n\" target=\"_blank\" rel=\"noopener noreferrer\">Pues que jam\u00e1s (Juan del Encina)<\/a> &#8211; 1&#8217;50<br \/>\n11) <a href=\"https:\/\/open.spotify.com\/track\/73XlHoJ1mLT2lBEm6IGIBm\" target=\"_blank\" rel=\"noopener noreferrer\">Tres morillas (Federico Garc\u00eda Lorca &#8211; La R\u00eaverie)<\/a> &#8211; 3&#8217;18<br \/>\n12) <a href=\"https:\/\/open.spotify.com\/track\/2xukM5SBSz0dVGZSnYP8Xy\" target=\"_blank\" rel=\"noopener noreferrer\">Eres alta y delgada (Popular espa\u00f1ol &#8211; Esteban Canyar)<\/a> &#8211; 4&#8217;20<br \/>\n13) <a href=\"https:\/\/open.spotify.com\/track\/1NZqSwBjD1howF3GEoGD02\" target=\"_blank\" rel=\"noopener noreferrer\">En el caf\u00e9 de Chinitas (Federico Garc\u00eda Lorca)<\/a> &#8211; 3&#8217;03<br \/>\n14) <a href=\"https:\/\/open.spotify.com\/track\/6pKjs5bFSj6WrWh6DUuwQR\" target=\"_blank\" rel=\"noopener noreferrer\">Nun hab ich all mein Tag (Arnold Schlick)<\/a> &#8211; 5&#8217;10<br \/>\n<\/span><br \/>\nEnv\u00edanos un <a href=\"https:\/\/reflejarte.es\/guitar-repertoire\/contact\/\">email<\/a> si quieres adquirir el \u00e1lbum f\u00edsico o en formato wav.<br \/>\nLos temas de este \u00e1lbum pueden escucharse libremente en <a href=\"https:\/\/open.spotify.com\/artist\/0j0kISVp5ynwLWbMamTlM7\" target=\"_blank\" rel=\"noopener noreferrer\">Spotify<\/a>.<\/p>\n<p>ver m\u00e1s informaci\u00f3n y las letras de las canciones en la <a title=\"web de La R\u00eaverie \/ \u00e1lbum C\u00c1NTICA\" href=\"https:\/\/reflejarte.es\/lareverie\/album-cantica-musica-efimera-musica-eterna\/\" target=\"_blank\" rel=\"noopener noreferrer\">web oficial de <strong><i>La R\u00eaverie<\/i><\/strong><\/a><\/p>\n","protected":false},"featured_media":1779,"comment_status":"closed","ping_status":"closed","template":"","meta":[],"product_brand":[],"product_cat":[730,402,68,604,445,42,716,401,382,404,729,394,389,391,456,392,139],"product_tag":[79,31,64,33,606,35,36,37,38,39,40,607,57,47,49,490,55,56,59,61,62,868,65,66,608,70,71,73,605,52,75,312,77],"class_list":{"0":"post-201","1":"product","2":"type-product","3":"status-publish","4":"has-post-thumbnail","6":"product_cat-album","7":"product_cat-alemania","8":"product_cat-musica-audiovisual","9":"product_cat-cantica","10":"product_cat-vgf","11":"product_cat-_cd","12":"product_cat-concierto--performance","13":"product_cat-espana","14":"product_cat-esteban-manuel-compositor","15":"product_cat-francia","16":"product_cat-la-reverie","17":"product_cat-esteban-manuel-interprete","18":"product_cat-medieval","19":"product_cat-moderno","20":"product_cat-otras","21":"product_cat-renacimiento","22":"product_cat-_wav","23":"product_tag-siglo-xx","24":"product_tag-adam-de-la-halle","25":"product_tag-love","26":"product_tag-angel-martin","27":"product_tag-antiguo-ancient","28":"product_tag-arnold-schlick","29":"product_tag-arrangements","30":"product_tag-ballad","31":"product_tag-blondel-de-nesle","32":"product_tag-cancionero-de-palacio","33":"product_tag-cantica","34":"product_tag-castanuelas-castanets","35":"product_tag-heartbreak","36":"product_tag-diego-ortiz","37":"product_tag-esteban-canyar","38":"product_tag-flauta","39":"product_tag-garcia-lorca","40":"product_tag-guitar","41":"product_tag-inmaculada-gomez","42":"product_tag-juan-del-encina","43":"product_tag-la-reverie","44":"product_tag-la-reverie-cantica-cuarteto","45":"product_tag-medieval","46":"product_tag-mezzosoprano","47":"product_tag-musica-popular-folksongs","48":"product_tag-original","49":"product_tag-percussions","50":"product_tag-renaissance","51":"product_tag-sefardi-sephardic","52":"product_tag-feeling","53":"product_tag-traditionnel","54":"product_tag-troubadour","55":"product_tag-yolanda-campos","56":"pa_artista-cantica-cuarteto","57":"pa_artista-la-reverie","58":"pa_artista-angel-martin","59":"pa_artista-esteban-canyar","60":"pa_artista-inmaculada-gomez","61":"pa_artista-la-reverie-cantica-cuarteto","62":"pa_artista-yolanda-campos","63":"pa_compositor-adam-de-la-halle","64":"pa_compositor-anonimo","65":"pa_compositor-arnold-schlick","66":"pa_compositor-blondel-de-nesle","67":"pa_compositor-diego-ortiz","68":"pa_compositor-enrique-cancionero-del-palacio","69":"pa_compositor-federico-garcia-lorca","70":"pa_compositor-juan-del-encina","71":"pa_compositor-manuel-esteban","72":"pa_compositor-sefardi","73":"pa_instrumentacion-canto-flauta-guitarra","74":"pa_plazo-envio-un-dia-laboral","75":"pa_plazo-envio-con-firma-varios-dias","76":"pa_production-esteban-canyar","77":"pa_production-la-reverie","79":"first","80":"instock","81":"featured","82":"virtual","83":"product-type-simple"},"_links":{"self":[{"href":"https:\/\/reflejarte.es\/guitar-repertoire\/wp-json\/wp\/v2\/product\/201","targetHints":{"allow":["GET"]}}],"collection":[{"href":"https:\/\/reflejarte.es\/guitar-repertoire\/wp-json\/wp\/v2\/product"}],"about":[{"href":"https:\/\/reflejarte.es\/guitar-repertoire\/wp-json\/wp\/v2\/types\/product"}],"replies":[{"embeddable":true,"href":"https:\/\/reflejarte.es\/guitar-repertoire\/wp-json\/wp\/v2\/comments?post=201"}],"wp:featuredmedia":[{"embeddable":true,"href":"https:\/\/reflejarte.es\/guitar-repertoire\/wp-json\/wp\/v2\/media\/1779"}],"wp:attachment":[{"href":"https:\/\/reflejarte.es\/guitar-repertoire\/wp-json\/wp\/v2\/media?parent=201"}],"wp:term":[{"taxonomy":"product_brand","embeddable":true,"href":"https:\/\/reflejarte.es\/guitar-repertoire\/wp-json\/wp\/v2\/product_brand?post=201"},{"taxonomy":"product_cat","embeddable":true,"href":"https:\/\/reflejarte.es\/guitar-repertoire\/wp-json\/wp\/v2\/product_cat?post=201"},{"taxonomy":"product_tag","embeddable":true,"href":"https:\/\/reflejarte.es\/guitar-repertoire\/wp-json\/wp\/v2\/product_tag?post=201"}],"curies":[{"name":"wp","href":"https:\/\/api.w.org\/{rel}","templated":true}]}}