{"id":1661,"date":"2016-01-31T13:11:16","date_gmt":"2016-01-31T12:11:16","guid":{"rendered":"http:\/\/reflejarte.es\/nirvanagift\/creation\/alma-de-cuerda-guitarra-santur-y-oud-la-reverie-2011-mp3-wav\/"},"modified":"2019-05-14T16:49:11","modified_gmt":"2019-05-14T14:49:11","slug":"alma-de-cuerda-soul-of-string-guitarra-santur-y-oud-la-reverie-2011-mp3-wav","status":"publish","type":"product","link":"https:\/\/reflejarte.es\/guitar-repertoire\/musicalia\/alma-de-cuerda-soul-of-string-guitarra-santur-y-oud-la-reverie-2011-mp3-wav\/","title":{"rendered":"La R\u00eaverie:  Alma de cuerda \u00b7 Soul of String <br>Satie, Debussy, Falla, Grieg, Lorca y T\u00e1rrega  en guitarra, santur, oud"},"content":{"rendered":"<p><strong>Soul of String \u00b7 Alma de cuerda<\/strong><br \/>\n<a href=\"http:\/\/reflejarte.es\/neushop\/wp-content\/uploads\/2014\/12\/Alma-de-cuerda-cd-libreto-box.jpg\"><img loading=\"lazy\" decoding=\"async\" class=\"wp-image-46 alignright\" title=\"Soul of String \u00b7 Alma de cuerda: cd, libretto, box\" src=\"http:\/\/reflejarte.es\/neushop\/wp-content\/uploads\/2014\/12\/Alma-de-cuerda-cd-libreto-box.jpg\" alt=\"Soul of String \u00b7 Alma de cuerda: cd, libretto, box\" width=\"232\" height=\"157\" \/><\/a>Composiciones de\u00a0 Satie, Debussy, Falla, Grieg, Garc\u00eda Lorca y T\u00e1rrega, arreglados para cuerdas e interpretadas por La R\u00eaverie.<\/p>\n<p><span style=\"color: white;\">.<\/span><br \/>\nInt\u00e9rpretes:<br \/>\n<b>Esteban Canyar:\u00a0 guitarra espa\u00f1ola<br \/>\nJuan Manuel Rubio: santur turco, la\u00fad \u00e1rabe (oud)<\/b><\/p>\n<p class=\"wpview-selection-before\">Env\u00edanos un\u00a0 <a href=\"http:\/\/guitar-repertoire.com\/contact\/\">email<\/a> si quieres adquirir el \u00e1lbum en formato wav.<br \/>\nLos temas del <a href=\"https:\/\/open.spotify.com\/album\/1EBhSTmOuAeGeRyP2HtEvj\" target=\"_blank\" rel=\"noopener noreferrer\">\u00e1lbum Soul of String<\/a> pueden escucharse libremente en Spotify<\/p>\n<p><!--[playlist ids=\"1675,1676,65,66,1677,1678,1679,1680,1681,1682\"]\n\n--><\/p>\n<p class=\"wpview-selection-before\"><b>Contenidos de\u00a0 <\/b><b>Soul of String<\/b><b> \u00b7 <\/b><b>Alma de cuerda<\/b><br \/>\nDuraci\u00f3n&#8230; 43&#8217;45\u00bb<\/p>\n<p>1&#8230; <a href=\"https:\/\/open.spotify.com\/track\/1TAW6JdjgcYVfeE1D6vDmA\" target=\"_blank\" rel=\"noopener noreferrer\">Canci\u00f3n del fuego fatuo (Manuel de Falla)<\/a> &#8211; 3&#8217;24\u00bb<br \/>\n2&#8230; <a href=\"https:\/\/open.spotify.com\/track\/568l1Wpachpr49axhti4iu\" target=\"_blank\" rel=\"noopener noreferrer\">Gymnop\u00e9die n\u00ba1 (Erik Satie)<\/a> &#8211; 4&#8217;32\u00bb<br \/>\n3&#8230; <a href=\"https:\/\/open.spotify.com\/track\/0lliciWHnOQmciatDsFF8J\" target=\"_blank\" rel=\"noopener noreferrer\">Gnossienne n\u00ba3\u00a0\u00a0 (Erik Satie)<\/a> &#8211; 4&#8217;01\u00bb<br \/>\n4&#8230; <a href=\"https:\/\/open.spotify.com\/track\/4Txf3n3WGNdfNeshtUtobe\" target=\"_blank\" rel=\"noopener noreferrer\">Danza de Anitra (Edvard Grieg)<\/a> &#8211; 4&#8217;12\u00bb<br \/>\n5&#8230; <a href=\"https:\/\/open.spotify.com\/track\/2oDw7mGNAuq7dV2eCOZCNd\" target=\"_blank\" rel=\"noopener noreferrer\">La Tarara (Federico Garc\u00eda Lorca)<\/a> &#8211; 4&#8217;05\u00bb<br \/>\n6&#8230; <a href=\"https:\/\/open.spotify.com\/track\/6pEZVrPRfPDvsUzXr8TeFu\" target=\"_blank\" rel=\"noopener noreferrer\">R\u00eaverie (Claude Debussy)<\/a> &#8211; 4&#8217;40\u00bb<br \/>\n7&#8230; <a href=\"https:\/\/open.spotify.com\/track\/6LRc5eNjzAP4S9gipizPfb\" target=\"_blank\" rel=\"noopener noreferrer\">Mazurca en Sol (Francisco T\u00e1rrega)<\/a> &#8211; 2&#8217;57\u00bb<br \/>\n8&#8230; <a href=\"https:\/\/open.spotify.com\/track\/2z9NGoWUED9rpgo5CcboGI\" target=\"_blank\" rel=\"noopener noreferrer\">Los cuatro muleros (Federico Garc\u00eda Lorca)<\/a> &#8211; 4&#8217;40\u00bb<br \/>\n9&#8230; <a href=\"https:\/\/open.spotify.com\/track\/0Zl4f004wv68ijHMHSSOYY\" target=\"_blank\" rel=\"noopener noreferrer\">Gnossienne n\u00ba1 (Erik Satie)<\/a> &#8211; 7&#8217;46\u00bb<br \/>\n10. <a href=\"https:\/\/open.spotify.com\/track\/3WCEp4OXovcXzrn3jXG0jO\" target=\"_blank\" rel=\"noopener noreferrer\">Danza del molinero (Manuel de Falla)<\/a> &#8211; 3&#8217;28\u00bb<\/p>\n<p>M\u00e1s informaci\u00f3n sobre este trabajo, los artistas y su m\u00fasica en\u00a0 <a title=\"ir a la web de La R\u00eaverie\/\u00e1lbum Alma de cuerda\" href=\"http:\/\/lareverie.es\/alma-de-cuerda\/\" target=\"_blank\" rel=\"noopener noreferrer\"><i>lareverie.es<\/i><\/a><\/p>\n<p>&nbsp;<\/p>\n<p><!--  &nbsp;\n\n\n<div id=\"tab-description\" class=\"woocommerce-Tabs-panel woocommerce-Tabs-panel--description panel entry-content wc-tab\" role=\"tabpanel\" aria-labelledby=\"tab-title-description\">\n\n\n<h2><strong>Caracter\u00edsticas del producto:<\/strong><\/h2>\n\n\n\u00c1LBUM MUSICAL en formato mp3 o wav\nARTISTAS: La R\u00eaverie.\u00a0 Esteban Canyar, Juan Manuel Rubio\nPRODUCCI\u00d3N: La R\u00eaverie (Esteban Canyar), \u00a9 La R\u00eaverie 2010\nDURACI\u00d3N:\u00a0\u00a0 43\u201945\u201d\n\nFORMATOS disponibles: \u00a0 descarga en mp3, descarga en wav\n<strong>BONUS: artwork descargable gratis (libreto <\/strong>de 8 p\u00e1ginas parcialmente en color, texto en castellano<strong>, covers y disc label para imprimir, en formato pdf, de la edici\u00f3n art\u00edstica de comunicArte)<\/strong>\n\n<strong>DESCARGA:\u00a0 inmediata<\/strong>\n\n<\/div>\n\n\nEncuentra m\u00e1s informaci\u00f3n sobre el \u00e1lbum y los artistas en la <a title=\"ir a la web de La R\u00eaverie\/\u00e1lbum Alma de cuerda\" href=\"http:\/\/lareverie.es\/alma-de-cuerda\/\" target=\"_blank\" rel=\"noopener noreferrer\"><span style=\"display: inline-block; width: 0px; overflow: hidden; line-height: 0;\" data-mce-type=\"bookmark\" class=\"mce_SELRES_start\"><\/span>Web oficial de <i>La R\u00eaverie<\/i><\/a>\n--><\/p>\n","protected":false},"excerpt":{"rendered":"<p>&nbsp;<\/p>\n<h2>SOUL OF STRING<br \/>\nALMA DE CUERDA<\/h2>\n<p>&nbsp;<\/p>\n<p>Int\u00e9rpretes:<br \/>\n<b>Esteban Canyar: guitarra espa\u00f1ola<br \/>\nJuan Manuel Rubio: santur turco, la\u00fad \u00e1rabe (oud)<\/b><\/p>\n<p>El \u00e1lbum <strong>Alma de cuerda<\/strong>\u00a0 recrea a <strong>Satie<\/strong> y a sus contempor\u00e1neos\u00a0 \u2013<strong>Debussy<\/strong>, <strong>Falla<\/strong>, <strong>Grieg<\/strong>,<strong> Garc\u00eda Lorca<\/strong> y <strong>T\u00e1rrega<\/strong>\u2013 con instrumentos distintos de los acostumbrados, consiguiendo una m\u00fasica evocadora, c\u00e1lida, llena de magia, gracias a los arreglos creados por los dos artistas.<\/p>\n<p>Escuchar a Satie en el <strong>oud \u00e1rabe<\/strong> y la <strong>guitarra espa\u00f1ola<\/strong>, o a Debussy en el <strong>santur turco<\/strong>, es una experiencia diferente, que descubre otras dimensiones en la sonoridad de las piezas. Las <strong>Gymnop\u00e9dies<\/strong> y Gnossiennes, en cualquier caso, tienen mucho en com\u00fan con la m\u00fasica de Oriente\u2026<\/p>\n<p>Los temas de este \u00e1lbum est\u00e1n teniendo gran \u00e9xito en plataformas como <a href=\"https:\/\/open.spotify.com\/artist\/0j0kISVp5ynwLWbMamTlM7\" target=\"_blank\" rel=\"noopener noreferrer\">Spotify<\/a> o <a href=\"http:\/\/magnatune.com\/artists\/la_reverie\/\" target=\"_blank\" rel=\"noopener noreferrer\">Magnatune<\/a>.<\/p>\n","protected":false},"featured_media":1759,"comment_status":"closed","ping_status":"closed","template":"","meta":[],"product_brand":[],"product_cat":[730,68,401,404,729,394,391,134,399,456,139],"product_tag":[138,85,338,88,49,89,55,91,56,337,92,62,95,96,70,97,71,99,100,102],"class_list":{"0":"post-1661","1":"product","2":"type-product","3":"status-publish","4":"has-post-thumbnail","6":"product_cat-album","7":"product_cat-musica-audiovisual","8":"product_cat-espana","9":"product_cat-francia","10":"product_cat-la-reverie","11":"product_cat-esteban-manuel-interprete","12":"product_cat-moderno","13":"product_cat-_mp3","14":"product_cat-nivel-muy-alto","15":"product_cat-otras","16":"product_cat-_wav","17":"product_tag-quality","18":"product_tag-claude-debussy","19":"product_tag-stringed-instruments","20":"product_tag-eric-satie","21":"product_tag-esteban-canyar","22":"product_tag-francisco-tarrega","23":"product_tag-garcia-lorca","24":"product_tag-grieg-edvard","25":"product_tag-guitar","26":"product_tag-unusual","27":"product_tag-juan-manuel-rubio","28":"product_tag-la-reverie","29":"product_tag-laud","30":"product_tag-manuel-de-falla","31":"product_tag-original","32":"product_tag-oud","33":"product_tag-percussions","34":"product_tag-romance","35":"product_tag-santur","36":"product_tag-soul-of-string","37":"pa_artista-la-reverie","38":"pa_artista-esteban-canyar","39":"pa_artista-juan-manuel-rubio-2","40":"pa_compositor-claude-debussy","41":"pa_compositor-edvard-grieg","42":"pa_compositor-eric-satie","43":"pa_compositor-federico-garcia-lorca","44":"pa_compositor-francisco-tarrega","45":"pa_compositor-manuel-de-falla","46":"pa_epoca-moderno","47":"pa_instrumentacion-guitarra","48":"pa_instrumentacion-otras-instrumentaciones","49":"pa_instrumentacion-oud","50":"pa_instrumentacion-santur","51":"pa_plazo-envio-instant-download","52":"pa_production-la-reverie","54":"first","55":"instock","56":"featured","57":"shipping-taxable","58":"product-type-variable","59":"has-default-attributes"},"_links":{"self":[{"href":"https:\/\/reflejarte.es\/guitar-repertoire\/wp-json\/wp\/v2\/product\/1661","targetHints":{"allow":["GET"]}}],"collection":[{"href":"https:\/\/reflejarte.es\/guitar-repertoire\/wp-json\/wp\/v2\/product"}],"about":[{"href":"https:\/\/reflejarte.es\/guitar-repertoire\/wp-json\/wp\/v2\/types\/product"}],"replies":[{"embeddable":true,"href":"https:\/\/reflejarte.es\/guitar-repertoire\/wp-json\/wp\/v2\/comments?post=1661"}],"wp:featuredmedia":[{"embeddable":true,"href":"https:\/\/reflejarte.es\/guitar-repertoire\/wp-json\/wp\/v2\/media\/1759"}],"wp:attachment":[{"href":"https:\/\/reflejarte.es\/guitar-repertoire\/wp-json\/wp\/v2\/media?parent=1661"}],"wp:term":[{"taxonomy":"product_brand","embeddable":true,"href":"https:\/\/reflejarte.es\/guitar-repertoire\/wp-json\/wp\/v2\/product_brand?post=1661"},{"taxonomy":"product_cat","embeddable":true,"href":"https:\/\/reflejarte.es\/guitar-repertoire\/wp-json\/wp\/v2\/product_cat?post=1661"},{"taxonomy":"product_tag","embeddable":true,"href":"https:\/\/reflejarte.es\/guitar-repertoire\/wp-json\/wp\/v2\/product_tag?post=1661"}],"curies":[{"name":"wp","href":"https:\/\/api.w.org\/{rel}","templated":true}]}}