{"id":1603,"date":"2016-01-16T19:31:02","date_gmt":"2016-01-16T18:31:02","guid":{"rendered":"http:\/\/reflejarte.es\/nirvanagift\/creation\/zcopseg-es-de-en-ancient-mosaic-with-guitar-mosaico-antiguo-con-guitarra-la-reverie-album-2011-copiar\/"},"modified":"2025-04-15T18:51:23","modified_gmt":"2025-04-15T16:51:23","slug":"ancient-mosaic-with-guitar-mosaico-antiguo-con-guitarra-la-reverie2011-mp3wav","status":"publish","type":"product","link":"https:\/\/reflejarte.es\/guitar-repertoire\/musicalia\/ancient-mosaic-with-guitar-mosaico-antiguo-con-guitarra-la-reverie2011-mp3wav\/","title":{"rendered":"La R\u00eaverie: Ancient Mosaic with Guitar \u00b7 Mosaico antiguo con guitarra"},"content":{"rendered":"<h3>Ancient Mosaic with Guitar<\/h3>\n<h4>Renaissance and Baroque Music by <strong><em>La R\u00eaverie<\/em><\/strong><\/h4>\n<p>Compositions of <strong>Mil\u00e1n<\/strong>, <strong>Narv\u00e1ez<\/strong>, <strong>Dowland<\/strong>, <strong>Reusner<\/strong>, <strong>Roncalli<\/strong>,<strong> Bach<\/strong> and <strong>troubadour <\/strong>music performed by <strong>Esteban Canyar<\/strong>, classical <strong>guitar<\/strong> and <strong>Palmira Irisarri<\/strong>, <strong>voice <\/strong>(soprano)<\/p>\n<p><b><img loading=\"lazy\" decoding=\"async\" class=\" wp-image-1688 alignleft\" src=\"http:\/\/reflejarte.es\/neushop\/wp-content\/uploads\/2014\/12\/Palmira-Irisarri_La-Reverie_Ancient-Mosaic-with-Guitar-300x215.jpg\" alt=\"Palmira Irisarri, canto :: La R\u00eaverie :: Ancient Mosaic With Guitar\" width=\"208\" height=\"149\" srcset=\"https:\/\/reflejarte.es\/guitar-repertoire\/wp-content\/uploads\/2014\/12\/Palmira-Irisarri_La-Reverie_Ancient-Mosaic-with-Guitar.jpg 300w, https:\/\/reflejarte.es\/guitar-repertoire\/wp-content\/uploads\/2014\/12\/Palmira-Irisarri_La-Reverie_Ancient-Mosaic-with-Guitar-150x108.jpg 150w\" sizes=\"auto, (max-width: 208px) 100vw, 208px\" \/>Genre<\/b>: Classical \/ Renaissance, Baroque<br \/>\n<b>Artists<\/b>: Esteban Canyar, Palmira Irisarri, Angel Mart\u00edn<br \/>\n<b>Instrumentation<\/b>: guitar, vocal, percussion<br \/>\n<strong>Production<\/strong>: Esteban Canyar &#8211;\u00a0 La R\u00eaverie<br \/>\n<strong>Duration<\/strong>:\u00a0\u00a0 41&#8217;23\u00bb, 16 tracks<\/p>\n<p>&nbsp;<\/p>\n<p>\u00abThe guitar is related to the repertoire of the lute and the vihuela as the piano is to the harpsichord or organ. This magical instrument, as Stravinsky said referring to Andr\u00e9s Segovia\u2019s guitar \u201csounds little, but goes far\u201d; has given me the opportunity to immerse myself in the works of great and historical composers such as those recorded in &#8216;Ancient Mosaic with Guitar&#8217;. I consider it a privilege to be able to receive through their scores, the sensitivity of such maestros.<\/p>\n<p>The works of Reusner, Milan, Roncalli, etc, sound good on the modern Spanish guitar, a direct descendant of all those old instruments for which they were written. I just had to play them freely and with respect, feeling them as part of the guitar and without trying to make them sound as anything other than what they intrinsically are.\u00a0\u00a0\u00a0 &#8230;\u00bb<\/p>\n<p>Esteban Canyar<\/p>\n<p>&nbsp;<\/p>\n<p class=\"wpview-selection-before\"><a href=\"https:\/\/open.spotify.com\/artist\/0j0kISVp5ynwLWbMamTlM7\" target=\"_blank\" rel=\"noopener noreferrer\"><strong>Listen to the album on spotify<\/strong> <\/a><\/p>\n<p>Pulsa sobre los enlaces de reproducci\u00f3n de los t\u00edtulos para escuchar temas sueltos libremente en Spotify,<br \/>\no escucha el <a href=\"https:\/\/open.spotify.com\/album\/4Msu1gciDi5NPKAPhcLN0i\" target=\"_blank\" rel=\"noopener noreferrer\">\u00e1lbum Ancient Mosaic with Guitar<\/a> entero.<\/p>\n<p>&nbsp;<\/p>\n<p>1. <a href=\"https:\/\/open.spotify.com\/track\/1sANPR4lAgKK3RwPsboknr\" target=\"_blank\" rel=\"noopener noreferrer\">Passacaglia (E. Reusner) \u2014 La R\u00eaverie &#8211; 4:14<\/a><\/p>\n<p>2. <a href=\"https:\/\/open.spotify.com\/track\/4xrnasDsMx5gtBQ31gP6CA\" target=\"_blank\" rel=\"noopener noreferrer\">Sir John Smith His Almaine (J. Dowland) \u2014 La R\u00eaverie &#8211; 2:55<\/a><\/p>\n<p>3. <a href=\"https:\/\/open.spotify.com\/track\/4yBslO8B4Hv19rmgbsqzEd\" target=\"_blank\" rel=\"noopener noreferrer\">Quien amores ten (Luis de Mil\u00e1n) \u2014 La R\u00eaverie &#8211; 1:53<\/a><\/p>\n<p>4. <a href=\"https:\/\/open.spotify.com\/track\/1YHwxkWMH5uoShvCQa48vH\" target=\"_blank\" rel=\"noopener noreferrer\">Prelude (J.S. Bach) \u2014 La R\u00eaverie &#8211; 2:25<\/a><\/p>\n<p>5. <a href=\"https:\/\/open.spotify.com\/track\/6bO17dDiktbrpX87kvDpNH\" target=\"_blank\" rel=\"noopener noreferrer\">Nova Angeletta (L. Mil\u00e1n) \u2014 La R\u00eaverie &#8211; 2:08<\/a><\/p>\n<p>6. <a href=\"https:\/\/open.spotify.com\/track\/0gbflN64bAqicsn4SDpz01\" target=\"_blank\" rel=\"noopener noreferrer\">Frog Galliard (J. Dowland) \u2014 La R\u00eaverie &#8211; 2:17<\/a><\/p>\n<p>7. <a href=\"https:\/\/open.spotify.com\/track\/01fRa40t7ClSi0ta1jkES5\" target=\"_blank\" rel=\"noopener noreferrer\">Levaysme, amor (L. Mil\u00e1n) \u2014 La R\u00eaverie &#8211; 1:56<\/a><\/p>\n<p>8. <a href=\"https:\/\/open.spotify.com\/track\/7oUtsQTBJ2fDdhhQ4BdeEY\" target=\"_blank\" rel=\"noopener noreferrer\">Preludio (L. Roncalli) \u2014 La R\u00eaverie &#8211; 0:48<\/a><\/p>\n<p>9. <a href=\"https:\/\/open.spotify.com\/track\/0RBP0v19G2FpvCxJyhwopA\" target=\"_blank\" rel=\"noopener noreferrer\">Passacaglia (L. Roncalli) \u2014 La R\u00eaverie -5:26<\/a><\/p>\n<p>10. <a href=\"https:\/\/open.spotify.com\/track\/4l8t7CmvXKMb1VPI2dHG5B\" target=\"_blank\" rel=\"noopener noreferrer\">Poys dezeys que me quereis ben (L. Mil\u00e1n) \u2014 La R\u00eaverie &#8211; 1:05<\/a><\/p>\n<p>11.<a href=\"https:\/\/open.spotify.com\/track\/4sXWdz1l4F2sW2SfdqEAKE\" target=\"_blank\" rel=\"noopener noreferrer\"> The Voice (J. Dowland) \u2014 La R\u00eaverie &#8211; 2:20<\/a><\/p>\n<p>12. <a href=\"https:\/\/open.spotify.com\/track\/3YsxX6QFNyKuuLaRHy0qIY\" target=\"_blank\" rel=\"noopener noreferrer\">Allegro and Giga (E. Reusner) \u2014 La R\u00eaverie &#8211; 3:47<\/a><\/p>\n<p>13. <a href=\"https:\/\/open.spotify.com\/track\/0h8uS49vRJgSczs7H79daN\" target=\"_blank\" rel=\"noopener noreferrer\">Arded corazon arded (L. de Narv\u00e1ez) \u2014 La R\u00eaverie &#8211; 1:20<\/a><\/p>\n<p>14. <a href=\"https:\/\/open.spotify.com\/track\/0XjBEx2h0IYmrbGNB9SjoO\" target=\"_blank\" rel=\"noopener noreferrer\">Cancion del Emperador (L. de Narv\u00e1ez) \u2014 La R\u00eaverie &#8211; 3:05 <\/a><\/p>\n<p>15. <a href=\"https:\/\/open.spotify.com\/track\/3U6uphRTAeEdWTb5CVwUJx\" target=\"_blank\" rel=\"noopener noreferrer\">Falay mi\u00f1a amor (L. Mil\u00e1n) \u2014 La R\u00eaverie &#8211; 1:04<\/a><\/p>\n<p>16. <a href=\"https:\/\/open.spotify.com\/track\/6aLR6IJCIYnaMqSY7NVImz\" target=\"_blank\" rel=\"noopener noreferrer\">Improvisation about Quant Voie (E. Canyar) \u2014 La Reverie &#8211; 4:37<\/a><br \/>\n<!--[playlist ids=\"1714,1715,1716,1717,1718,1719,1720,1721,1723,1722,1724,1725,1726,1727,1728,1729\"]\n\n\n<h3><strong>Product details:<\/strong><\/h3>\n\n\nMUSIC ALBUM:\u00a0\u00a0 <strong>mp3<\/strong> or <strong>wav<\/strong>\nARTISTS: La R\u00eaverie.\u00a0 Esteban Canyar, Palmira Irisarri\nPRODUCTION: La R\u00eaverie (Esteban Canyar), \u00a9 La R\u00eaverie 2011\nDURATION: 41\u201923\u201d\nAVAILABLE FORMATS : \u00a0\u00a0\u00a0 mp3,\u00a0 wav\n\n<strong>DOWNLOAD WAV:\u00a0\u00a0 16 wav files <\/strong>&amp; 1 pdf file with the artwork:\u00a0 booklet\u00a0 8 pages, b\/w &amp; colorprint. Texts in English + lyrics), \u00a0 about 400 MB\n<strong> DOWNLOAD MP3: \u00a0 16\u00a0 zip files &amp; 1 pdf file<\/strong> (including artwork with booklet\u00a0 8 pages, b\/w &amp; colorprint. Texts in English + lyrics)\n--><br \/>\nMore information about this work, the artists, the lyrics, the composers, and their music at\u00a0 <a title=\"cd Ancient Mosaic with Guitar, de La R\u00eaverie\" href=\"https:\/\/reflejarte.es\/lareverie\/en\/coleccion\/Ancient_Mosaic_with_Guitar-Esteban_Canyar=1.php\" target=\"_blank\" rel=\"noopener noreferrer\">lareverie.es<\/a><\/p>\n","protected":false},"excerpt":{"rendered":"<p><strong>\u00e1lbum en mp3 o wav<br \/>\n<\/strong><strong>M\u00fasica del Renacimiento y Barroco<\/strong> de<em><strong> La R\u00eaverie<\/strong><\/em><\/p>\n<p>Obras de <strong>Mil\u00e1n<\/strong>, <strong>Narv\u00e1ez<\/strong>, <strong>Dowland<\/strong>, <strong>Reusner<\/strong>, <strong>Roncalli<\/strong>,<strong> Bach<\/strong> y m\u00fasica de <strong>trobadores <\/strong><\/p>\n<p>Int\u00e9rpretes:<br \/>\n<strong>Esteban Canyar<\/strong>, <strong>guitarra<\/strong><br \/>\n<strong>Palmira Irisarri<\/strong>, <strong>voz<\/strong><br \/>\nAngel Mart\u00edn, percusi\u00f3n<\/p>\n<p>Producci\u00f3n: Esteban Canyar \u2013 La R\u00eaverie; 41\u201923\u201d, 16 tracks<\/p>\n<p>El \u00e1lbum<strong> Mosaico antiguo con guitarra<\/strong> (Ancient Mosaic with Guitar) es obra de <strong>Esteban Canyar<\/strong>, guitarrista cl\u00e1sico y fundador del Ensemble <a href=\"https:\/\/reflejarte.es\/lareverie\" target=\"_blank\" rel=\"noopener noreferrer\"><em><strong>La R\u00eaverie<\/strong><\/em><\/a>.<\/p>\n<p>Junto con la soprano y music\u00f3loga <strong>Palmira Irisarri <\/strong>interpreta <strong>cantos de amor <\/strong>y<strong> desamor <\/strong>as\u00ed como hermosas <strong>piezas instrumentales<\/strong>, todos compuestos por\u00a0 <strong>compositores\u00a0 <\/strong>y <strong>grandes instrumentistas renacentistas <\/strong>y<strong> barrocos<\/strong>.<br \/>\nLos dos artistas consiguen transmitir el esp\u00edritu y la magia de los temas originales, sintiendo y expresando con respeto, pero libremente, lo que aquellos compositores crearon en su d\u00eda, sin recurrir a instrumentos de la \u00e9poca ni pretender recrear las piezas hist\u00f3ricamente.<\/p>\n<p>Las obras de <strong>Luis <\/strong><strong>Mil\u00e1n<\/strong>, <strong>Luis de <\/strong><strong>Narv\u00e1ez<\/strong>, <strong>John <\/strong><strong>Dowland<\/strong>, <strong>Esaias <\/strong><strong>Reusner<\/strong>, <strong>Antonio Ludovico <\/strong><strong>Roncalli <\/strong>y <strong>Johann Sebastian Bach<\/strong> suenan muy bien en la <strong>guitarra espa\u00f1ola<\/strong>, heredera directa de la antigua vihuela y del la\u00fad centroeuropeo -instrumentos para los que fueron escritas las piezas-. Esteban Canyar la toca con <strong>gran sensibilidad y maestr\u00eda expresiva<\/strong>, acompa\u00f1ado en las canciones por la dulce voz de Palmira Irisarri.<\/p>\n<p>Los villancicos y sonetos que interpretan los artistas -y cuyas letras figuran en el <strong>libreto<\/strong> del \u00e1lbum- provienen de dos <strong>tesoros de la m\u00fasica espa\u00f1ola<\/strong>, el \u2018<strong>Libro de m\u00fasica de vihuela de mano intitulado El Maestro<\/strong>\u2018, escrito por el gran vihuelista Mil\u00e1n, y de \u2018<strong>Los seys Libros del Delphin, de m\u00fasica de cifra para ta\u00f1er vihuela<\/strong>\u2018, del maestro granadino Narv\u00e1ez. Este \u00faltimo tambi\u00e9n transcribi\u00f3 a su instrumento la obra \u2018Mille regretz\u2019 de Josquin, favorita de Carlos V., la c\u00e9lebre \u2018Canci\u00f3n del Emperador\u2019, que destaca entre las piezas instrumentales.<br \/>\nEl conjunto se completa con obras de prestigiosos compositores centroeuropeos y con una improvisaci\u00f3n sobre \u2018Quant voie la flor nouvelle\u2019, retazo de melod\u00eda de un <strong>trobador<\/strong> medieval desconocido.<\/p>\n<p>Todas <a href=\"https:\/\/open.spotify.com\/artist\/0j0kISVp5ynwLWbMamTlM7\" target=\"_blank\" rel=\"noopener noreferrer\">los temas del \u00e1lbum pueden escucharse en Spotify<\/a>.<br \/>\nEnv\u00edanos un <a href=\"https:\/\/reflejarte.es\/guitar-repertoire\/contact\/\">email<\/a> si quieres adquirir el \u00e1lbum en formato wav.<\/p>\n<hr \/>\n<h3>Ancient Mosaic with Guitar &#8211; Album in mp3 or wav<strong><br \/>\n<\/strong><\/h3>\n<h4>Renaissance and Baroque Music by <em>La R\u00eaverie<\/em><\/h4>\n<p>The album<strong> Ancient Mosaic with Guitar<\/strong> (Mosaico antiguo con guitarra ) is the work of\u00a0 <strong>Esteban Canyar<\/strong>, <span id=\"result_box\" class=\"short_text\" lang=\"en\" tabindex=\"-1\"><span class=\"hps\">classical guitarist<\/span> <span class=\"hps\">and founder of the<\/span> <span class=\"hps\">Ensemble<\/span><\/span> <em><strong>La R\u00eaverie<\/strong><\/em>.<\/p>\n<p>Together with <strong>Palmira<\/strong> <strong>Irisarri<\/strong>,\u00a0 soprano and musicologist, they interpret <span id=\"result_box\" class=\"\" lang=\"en\" tabindex=\"-1\"> <strong><span class=\"hps\">songs of<\/span> <span class=\"hps\">love and heartbreak<\/span><\/strong> <span class=\"hps\">and beautiful<\/span><strong> <span class=\"hps\">instrumental pieces<\/span><\/strong><span class=\"\">, written<\/span> <span class=\"hps\">by great<\/span> <span class=\"hps\">instrumentalists<\/span> <span class=\"hps\">and <\/span><\/span><span id=\"result_box\" class=\"\" lang=\"en\" tabindex=\"-1\"><span class=\"hps\">composers of the <\/span><\/span><span id=\"result_box\" class=\"\" lang=\"en\" tabindex=\"-1\"><span class=\"hps\"><strong>Renaissance<\/strong> and <strong>Baroque<\/strong><\/span><span class=\"hps\">.<\/span><\/span><\/p>\n<p>The works of <strong>Luis <\/strong><strong>Mil\u00e1n<\/strong>, <strong>Luis de <\/strong><strong>Narv\u00e1ez<\/strong>, <strong>John <\/strong><strong>Dowland<\/strong>, <strong>Esaias <\/strong><strong>Reusner<\/strong>, <strong>Antonio Ludovico <\/strong><strong>Roncalli <\/strong>and <strong>Johann Sebastian Bach<\/strong>, etc, sound good on the modern <strong>Spanish guitar<\/strong>, a direct descendant of the Spanish vihuela and the European lute\u00a0 for which the pieces were written. Esteban Canyar performs the music with <span id=\"result_box\" class=\"\" lang=\"en\" tabindex=\"-1\"><strong><span class=\"\">great<\/span> <span class=\"hps\">sensitivity<\/span> <span class=\"hps\">and expressive<\/span> <\/strong><span class=\"hps\"><strong>mastery<\/strong>,<\/span>\u00a0<span class=\"hps\">accompanied<\/span> in the songs\u00a0 <span class=\"hps\">by<\/span> <span class=\"hps\">the sweet voice of<\/span> <span class=\"hps\">Palmira<\/span> <span class=\"hps\">Irisarri<\/span>.<\/span><\/p>\n<p>The villancicos and sonetos of this album are from two treasures of Spanish music, the books &#8216;<strong>Libro de m\u00fasica de vihuela de mano intitulado El Maestro<\/strong>&#8216;,\u00a0 written by the renowned vihuelist Mil\u00e1n, and the opus &#8216;<strong>Los seys Libros del Delphin, de m\u00fasica de cifra para ta\u00f1er vihuela<\/strong>&#8216;, written by the magistral musician Narv\u00e1ez of Grenade.<br \/>\nThe set is completed by instrumental pieces of centroeuropean composers, like the \u00ab<strong>Emperor&#8217;s Song<\/strong>\u00bb (Mille regretz,\u00a0 the favorite melody of Charles V. composed by Josquin) and one \u201cImprovisation about Quand voie\u201d based on a familiar melody in the repertoire of the <strong>troubadours \u201cQuand voie la flor nouvelle\u201d<\/strong>, anonymous. This work is a recreation of the original, but with a completely modern interpretation and newly <strong>composed parts by Esteban Canyar<\/strong>.<\/p>\n<p>More information about this work, the artists, the lyrics, the composers, and their music at\u00a0 <a title=\"cd Ancient Mosaic with Guitar, de La R\u00eaverie\" href=\"https:\/\/reflejarte.es\/lareverie\/en\/ancient-mosaic-with-guitar\/\" target=\"_blank\" rel=\"noopener noreferrer\">lareverie.es<\/a><br \/>\nDownload as mp3 or wav files: send us an <a href=\"https:\/\/reflejarte.es\/guitar-repertoire\/contact\/\">email<\/a> if you want to purchase this album.<\/p>\n<p class=\"wpview-selection-before\"><a href=\"https:\/\/open.spotify.com\/artist\/0j0kISVp5ynwLWbMamTlM7\" target=\"_blank\" rel=\"noopener noreferrer\"><strong>Listen to the album for free on spotify<\/strong> <\/a><\/p>\n","protected":false},"featured_media":1783,"comment_status":"open","ping_status":"closed","template":"","meta":[],"product_brand":[],"product_cat":[730,378,68,613,387,444,716,804,729,394,389,726,134,727,392,755,784,139],"product_tag":[130,33,308,107,108,57,132,112,49,62,114,133,116,118,71,73,121,99,122,123,75,312,126],"class_list":{"0":"post-1603","1":"product","2":"type-product","3":"status-publish","4":"has-post-thumbnail","6":"product_cat-album","7":"product_cat-audio","8":"product_cat-musica-audiovisual","9":"product_cat-bach-autor","10":"product_cat-barroco","11":"product_cat-vg","12":"product_cat-concierto--performance","13":"product_cat-dowland","14":"product_cat-la-reverie","15":"product_cat-esteban-manuel-interprete","16":"product_cat-medieval","17":"product_cat-milan","18":"product_cat-_mp3","19":"product_cat-narvaez","20":"product_cat-renacimiento","21":"product_cat-reusner","22":"product_cat-roncalli","23":"product_cat-_wav","24":"product_tag-album","25":"product_tag-angel-martin","26":"product_tag-antik","27":"product_tag-bach","28":"product_tag-barroco","29":"product_tag-heartbreak","30":"product_tag-download","31":"product_tag-dowland","32":"product_tag-esteban-canyar","33":"product_tag-la-reverie","34":"product_tag-milan","35":"product_tag-mp3","36":"product_tag-narvaez","37":"product_tag-palmira-irisarri","38":"product_tag-percussions","39":"product_tag-renaissance","40":"product_tag-reusner","41":"product_tag-romance","42":"product_tag-roncalli","43":"product_tag-soprano","44":"product_tag-traditionnel","45":"product_tag-troubadour","46":"product_tag-voz","47":"product_shipping_class-descarga","48":"pa_artista-la-reverie","49":"pa_artista-angel-martin","50":"pa_artista-esteban-canyar","51":"pa_artista-palmira-irisarri","52":"pa_compositor-anonimo","53":"pa_compositor-antonio-ludovico-roncalli","54":"pa_compositor-esaias-reusner","55":"pa_compositor-johann-sebastian-bach","56":"pa_compositor-john-dowland","57":"pa_compositor-luis-de-milan","58":"pa_compositor-luis-de-narvaez","59":"pa_epoca-barroco","60":"pa_epoca-medieval","61":"pa_epoca-renaissance","62":"pa_instrumentacion-canto-guitarra","63":"pa_plazo-envio-descarga-inmediata-2","64":"pa_production-la-reverie","66":"first","67":"instock","68":"featured","69":"shipping-taxable","70":"product-type-variable"},"_links":{"self":[{"href":"https:\/\/reflejarte.es\/guitar-repertoire\/wp-json\/wp\/v2\/product\/1603","targetHints":{"allow":["GET"]}}],"collection":[{"href":"https:\/\/reflejarte.es\/guitar-repertoire\/wp-json\/wp\/v2\/product"}],"about":[{"href":"https:\/\/reflejarte.es\/guitar-repertoire\/wp-json\/wp\/v2\/types\/product"}],"replies":[{"embeddable":true,"href":"https:\/\/reflejarte.es\/guitar-repertoire\/wp-json\/wp\/v2\/comments?post=1603"}],"wp:featuredmedia":[{"embeddable":true,"href":"https:\/\/reflejarte.es\/guitar-repertoire\/wp-json\/wp\/v2\/media\/1783"}],"wp:attachment":[{"href":"https:\/\/reflejarte.es\/guitar-repertoire\/wp-json\/wp\/v2\/media?parent=1603"}],"wp:term":[{"taxonomy":"product_brand","embeddable":true,"href":"https:\/\/reflejarte.es\/guitar-repertoire\/wp-json\/wp\/v2\/product_brand?post=1603"},{"taxonomy":"product_cat","embeddable":true,"href":"https:\/\/reflejarte.es\/guitar-repertoire\/wp-json\/wp\/v2\/product_cat?post=1603"},{"taxonomy":"product_tag","embeddable":true,"href":"https:\/\/reflejarte.es\/guitar-repertoire\/wp-json\/wp\/v2\/product_tag?post=1603"}],"curies":[{"name":"wp","href":"https:\/\/api.w.org\/{rel}","templated":true}]}}