{"id":1370,"date":"2015-06-21T13:32:21","date_gmt":"2015-06-21T11:32:21","guid":{"rendered":"http:\/\/reflejarte.es\/nirvanagift\/?post_type=product&#038;p=1370"},"modified":"2025-04-15T18:58:50","modified_gmt":"2025-04-15T16:58:50","slug":"el-sombrero-del-alquimista-cd","status":"publish","type":"product","link":"https:\/\/reflejarte.es\/guitar-repertoire\/musicalia\/el-sombrero-del-alquimista-cd\/","title":{"rendered":"El Sombrero del Alquimista &#8211; CD"},"content":{"rendered":"<p><span id=\"result_box\" class=\"\" lang=\"es\"><span title=\"EL SOMBRERO DEL ALQUIMISTA nos propone realizar un viaje musical por el Mediterr\u00e1neo, desde Andaluc\u00eda hasta el Oriente, para recuperar timbres, sonidos y formas musicales olvidadas en nuestra tierra pero que forman parte de su desarrollo cultural e hist\u00f3rico. \">\u00abEL SOMBRERO DEL ALQUIMISTA invites on a musical journey around the Mediterranean, from Andalusia to the East, to recover timbres, sounds and musical forms which seem forgotten in our country though being part of our cultural and historical development.<\/span><\/span><\/p>\n<p><span title=\"A trav\u00e9s de instrumentos como el ney, el contrabajo, el clarinete turco o el santur, que mezclan su sonido con el de la guitarra o la vihuela, la m\u00fasica nos invita a un viaje m\u00e1gico y ex\u00f3tico, pero familiar a la vez, como si estos instrumentos hubieran convivido desde siempre. \">Through instruments such as the ney, contrabass, Turkish clarinet and santur, which mix its sound with the guitar and the antique Spanish vihuela, this music takes us on a travel,\u00a0 magical, exotic and familiar at the same time, as if these instruments\u00a0 would have been playing together ever since.<\/span><\/p>\n<p><span title=\"Son los ecos de un mar com\u00fan, que nos une y nos transmite un sentir cultural \u00fanico y diverso que une a los hombres, superando las religiones y las fronteras que pretenden separarlos. \">It sounds like the echoes of the common sea that unites men, surpassing religions and borders seeking to separate them, creating a both unique and diverse cultural feeling.<\/span><\/p>\n<p><span title=\"A lo largo del trayecto va surgiendo una m\u00fasica nueva, llena de im\u00e1genes y giros sorprendentes, que evoca sentimientos y paisajes del pasado, anticipando algo que est\u00e1 a\u00fan por decir, m\u00e1s all\u00e1 de las etiquetas, de los territorios y del tiempo, con un lenguaje muy actual que combina elementos de la m\u00fasica espa\u00f1ola, antigua, cl\u00e1sica, contempor\u00e1nea, turca, oriental, tradicional, andaluza, jazz, etc. \">Along the route is emerging a new music, full of images and surprising twists, evoking feelings and landscapes of the past, anticipating something that is yet to say, beyond labels, territories and time, expressed in a modern language which combines elements of many kinds of music: Spanish music, old, classical and contemporary, Andalusian, Turkish and oriental melodies, traditional music, jazz, etc.<\/span><\/p>\n<p><span title=\"Os invitamos a compartir este viaje, para el que no hace falta m\u00e1s equipaje que una mente y un coraz\u00f3n abiertos, que seguro regresar\u00e1n de \u00e9l llenos de sentimientos nuevos, de ritmo y de armon\u00eda\">We invite you to share this journey: you do not need more baggage than an open mind and heart. They sure will come back full of new feelings, rhythm and harmony<\/span>.\u00bb<\/p>\n<p>Enjoy the <a href=\"http:\/\/www.youtube.com\/watch?v=MNdrDPGI8Hs\" target=\"_blank\" rel=\"noopener noreferrer\">music of El Sombrero del Alquimista (video by RTVE emission \u00abTVE es M\u00fasica\u00bb)<\/a>.<\/p>\n<p>More information about the band, the artists, their concerts and music on the official website: <a href=\"https:\/\/reflejarte.es\/elsombrerodelalquimista\/index.php\" target=\"_blank\" rel=\"noopener noreferrer\">reflejarte.es\/elsombrerodelalquimista\/<\/a><br \/>\n<a href=\"https:\/\/reflejarte.es\/guitar-repertoire\/contact\/\" target=\"_blank\" rel=\"noopener noreferrer\">Send us an e-mail<\/a> if you would like to purchase this album.<\/p>\n<p>Listen some fragments of the album:<\/p>\n<div class=\"wp-playlist wp-audio-playlist wp-playlist-light\">\n\t\t\t<div class=\"wp-playlist-current-item\"><\/div>\n\t\t<audio controls=\"controls\" preload=\"none\" width=\"958\"\n\t\t\t><\/audio>\n\t<div class=\"wp-playlist-next\"><\/div>\n\t<div class=\"wp-playlist-prev\"><\/div>\n\t<noscript>\n\t<ol>\n\t\t<li><a href='https:\/\/reflejarte.es\/guitar-repertoire\/wp-content\/uploads\/2015\/06\/01AiresdelaAlpujarraFragmento.mp3'>Aires de la Alpujarra (Manuel Esteban)<\/a><\/li><li><a href='https:\/\/reflejarte.es\/guitar-repertoire\/wp-content\/uploads\/2015\/06\/09TamsaraFragmento.mp3'>Tamsara (Trad. armenio, El Sombrero del Alquimista)<\/a><\/li><li><a href='https:\/\/reflejarte.es\/guitar-repertoire\/wp-content\/uploads\/2015\/06\/08FantasiadelMarmaraFragmento.mp3'>Fantas\u00eda del M\u00e1rmara (El Sombrero del Alquimista)<\/a><\/li><li><a href='https:\/\/reflejarte.es\/guitar-repertoire\/wp-content\/uploads\/2015\/06\/07TiempodecambiosFragmento.mp3'>Tiempo de Cambios (El Sombrero del Alquimista)<\/a><\/li><li><a href='https:\/\/reflejarte.es\/guitar-repertoire\/wp-content\/uploads\/2015\/06\/06NostalgiademiFragmento.mp3'>Nostalgia de m\u00ed (El Sombrero del Alquimista)<\/a><\/li><li><a href='https:\/\/reflejarte.es\/guitar-repertoire\/wp-content\/uploads\/2015\/06\/05LadanzadelalunaFragmento.mp3'>La danza de la Luna (Ignacio B\u00e9jar)<\/a><\/li><li><a href='https:\/\/reflejarte.es\/guitar-repertoire\/wp-content\/uploads\/2015\/06\/04VozrotaFragmento.mp3'>Voz rota (El Sombrero del Alquimista)<\/a><\/li><li><a href='https:\/\/reflejarte.es\/guitar-repertoire\/wp-content\/uploads\/2015\/06\/03CecenKiziFragmento.mp3'>\u00c7e\u00e7en Kisi (Trad. Turco)<\/a><\/li><li><a href='https:\/\/reflejarte.es\/guitar-repertoire\/wp-content\/uploads\/2015\/06\/02JuegodecoloresFragmento.mp3'>Juego de Colores (El Sombrero del Alquimista)<\/a><\/li>\t<\/ol>\n\t<\/noscript>\n\t<script type=\"application\/json\" class=\"wp-playlist-script\">{\"type\":\"audio\",\"tracklist\":true,\"tracknumbers\":true,\"images\":true,\"artists\":true,\"tracks\":[{\"src\":\"https:\/\/reflejarte.es\/guitar-repertoire\/wp-content\/uploads\/2015\/06\/01AiresdelaAlpujarraFragmento.mp3\",\"type\":\"audio\/mpeg\",\"title\":\"Aires de la Alpujarra (Manuel Esteban)\",\"caption\":\"\",\"description\":\"\\\"Aires de la Alpujarra (Manuel Esteban)\\\" de El Sombrero del Alquimista por El Sombrero del Alquimista. Lanzamiento: 2009. Pista 1. G\\u00e9nero: World Music.\",\"meta\":{\"artist\":\"El Sombrero del Alquimista\",\"album\":\"El Sombrero del Alquimista\",\"genre\":\"World Music\",\"year\":\"2009\",\"length_formatted\":\"1:36\"},\"image\":{\"src\":\"https:\/\/reflejarte.es\/guitar-repertoire\/wp-content\/uploads\/2016\/02\/01AiresdelaAlpujarraFragmento-mp3-image.jpg\",\"width\":350,\"height\":348},\"thumb\":{\"src\":\"https:\/\/reflejarte.es\/guitar-repertoire\/wp-content\/uploads\/2016\/02\/01AiresdelaAlpujarraFragmento-mp3-image-150x150.jpg\",\"width\":150,\"height\":150}},{\"src\":\"https:\/\/reflejarte.es\/guitar-repertoire\/wp-content\/uploads\/2015\/06\/09TamsaraFragmento.mp3\",\"type\":\"audio\/mpeg\",\"title\":\"Tamsara (Trad. armenio, El Sombrero del Alquimista)\",\"caption\":\"\",\"description\":\"\\\"Tamsara (Trad. armenio, El Sombrero del Alquimista)\\\" de El Sombrero del Alquimista por El Sombrero del Alquimista. Lanzamiento: 2009. Pista 9. G\\u00e9nero: World Music.\",\"meta\":{\"artist\":\"El Sombrero del Alquimista\",\"album\":\"El Sombrero del Alquimista\",\"genre\":\"World Music\",\"year\":\"2009\",\"length_formatted\":\"1:24\"},\"image\":{\"src\":\"https:\/\/reflejarte.es\/guitar-repertoire\/wp-content\/uploads\/2016\/02\/01AiresdelaAlpujarraFragmento-mp3-image.jpg\",\"width\":350,\"height\":348},\"thumb\":{\"src\":\"https:\/\/reflejarte.es\/guitar-repertoire\/wp-content\/uploads\/2016\/02\/01AiresdelaAlpujarraFragmento-mp3-image-150x150.jpg\",\"width\":150,\"height\":150}},{\"src\":\"https:\/\/reflejarte.es\/guitar-repertoire\/wp-content\/uploads\/2015\/06\/08FantasiadelMarmaraFragmento.mp3\",\"type\":\"audio\/mpeg\",\"title\":\"Fantas\\u00eda del M\\u00e1rmara (El Sombrero del Alquimista)\",\"caption\":\"\",\"description\":\"\\\"Fantas\\u00eda del M\\u00e1rmara (El Sombrero del Alquimista)\\\" de El Sombrero del Alquimista por El Sombrero del Alquimista. Lanzamiento: 2009. Pista 8. G\\u00e9nero: World Music.\",\"meta\":{\"artist\":\"El Sombrero del Alquimista\",\"album\":\"El Sombrero del Alquimista\",\"genre\":\"World Music\",\"year\":\"2009\",\"length_formatted\":\"1:59\"},\"image\":{\"src\":\"https:\/\/reflejarte.es\/guitar-repertoire\/wp-content\/uploads\/2016\/02\/01AiresdelaAlpujarraFragmento-mp3-image.jpg\",\"width\":350,\"height\":348},\"thumb\":{\"src\":\"https:\/\/reflejarte.es\/guitar-repertoire\/wp-content\/uploads\/2016\/02\/01AiresdelaAlpujarraFragmento-mp3-image-150x150.jpg\",\"width\":150,\"height\":150}},{\"src\":\"https:\/\/reflejarte.es\/guitar-repertoire\/wp-content\/uploads\/2015\/06\/07TiempodecambiosFragmento.mp3\",\"type\":\"audio\/mpeg\",\"title\":\"Tiempo de Cambios (El Sombrero del Alquimista)\",\"caption\":\"\",\"description\":\"\\\"Tiempo de Cambios (El Sombrero del Alquimista)\\\" de El Sombrero del Alquimista por El Sombrero del Alquimista. Lanzamiento: 2009. Pista 7. G\\u00e9nero: World Music.\",\"meta\":{\"artist\":\"El Sombrero del Alquimista\",\"album\":\"El Sombrero del Alquimista\",\"genre\":\"World Music\",\"year\":\"2009\",\"length_formatted\":\"1:20\"},\"image\":{\"src\":\"https:\/\/reflejarte.es\/guitar-repertoire\/wp-content\/uploads\/2016\/02\/01AiresdelaAlpujarraFragmento-mp3-image.jpg\",\"width\":350,\"height\":348},\"thumb\":{\"src\":\"https:\/\/reflejarte.es\/guitar-repertoire\/wp-content\/uploads\/2016\/02\/01AiresdelaAlpujarraFragmento-mp3-image-150x150.jpg\",\"width\":150,\"height\":150}},{\"src\":\"https:\/\/reflejarte.es\/guitar-repertoire\/wp-content\/uploads\/2015\/06\/06NostalgiademiFragmento.mp3\",\"type\":\"audio\/mpeg\",\"title\":\"Nostalgia de m\\u00ed (El Sombrero del Alquimista)\",\"caption\":\"\",\"description\":\"\\\"Nostalgia de m\\u00ed (El Sombrero del Alquimista)\\\" de El Sombrero del Alquimista por El Sombrero del Alquimista. Lanzamiento: 2009. Pista 6. G\\u00e9nero: World Music.\",\"meta\":{\"artist\":\"El Sombrero del Alquimista\",\"album\":\"El Sombrero del Alquimista\",\"genre\":\"World Music\",\"year\":\"2009\",\"length_formatted\":\"1:15\"},\"image\":{\"src\":\"https:\/\/reflejarte.es\/guitar-repertoire\/wp-content\/uploads\/2016\/02\/01AiresdelaAlpujarraFragmento-mp3-image.jpg\",\"width\":350,\"height\":348},\"thumb\":{\"src\":\"https:\/\/reflejarte.es\/guitar-repertoire\/wp-content\/uploads\/2016\/02\/01AiresdelaAlpujarraFragmento-mp3-image-150x150.jpg\",\"width\":150,\"height\":150}},{\"src\":\"https:\/\/reflejarte.es\/guitar-repertoire\/wp-content\/uploads\/2015\/06\/05LadanzadelalunaFragmento.mp3\",\"type\":\"audio\/mpeg\",\"title\":\"La danza de la Luna (Ignacio B\\u00e9jar)\",\"caption\":\"\",\"description\":\"\\\"La danza de la Luna (Ignacio B\\u00e9jar) \\\" de El Sombrero del Alquimista por El Sombrero del Alquimista. Lanzamiento: 2009. Pista 5. G\\u00e9nero: World Music.\",\"meta\":{\"artist\":\"El Sombrero del Alquimista\",\"album\":\"El Sombrero del Alquimista\",\"genre\":\"World Music\",\"year\":\"2009\",\"length_formatted\":\"1:41\"},\"image\":{\"src\":\"https:\/\/reflejarte.es\/guitar-repertoire\/wp-content\/uploads\/2016\/02\/01AiresdelaAlpujarraFragmento-mp3-image.jpg\",\"width\":350,\"height\":348},\"thumb\":{\"src\":\"https:\/\/reflejarte.es\/guitar-repertoire\/wp-content\/uploads\/2016\/02\/01AiresdelaAlpujarraFragmento-mp3-image-150x150.jpg\",\"width\":150,\"height\":150}},{\"src\":\"https:\/\/reflejarte.es\/guitar-repertoire\/wp-content\/uploads\/2015\/06\/04VozrotaFragmento.mp3\",\"type\":\"audio\/mpeg\",\"title\":\"Voz rota (El Sombrero del Alquimista)\",\"caption\":\"\",\"description\":\"\\\"Voz rota (El Sombrero del Alquimista)\\\" de El Sombrero del Alquimista por El Sombrero del Alquimista. Lanzamiento: 2009. Pista 4. G\\u00e9nero: World Music.\",\"meta\":{\"artist\":\"El Sombrero del Alquimista\",\"album\":\"El Sombrero del Alquimista\",\"genre\":\"World Music\",\"year\":\"2009\",\"length_formatted\":\"1:21\"},\"image\":{\"src\":\"https:\/\/reflejarte.es\/guitar-repertoire\/wp-content\/uploads\/2016\/02\/01AiresdelaAlpujarraFragmento-mp3-image.jpg\",\"width\":350,\"height\":348},\"thumb\":{\"src\":\"https:\/\/reflejarte.es\/guitar-repertoire\/wp-content\/uploads\/2016\/02\/01AiresdelaAlpujarraFragmento-mp3-image-150x150.jpg\",\"width\":150,\"height\":150}},{\"src\":\"https:\/\/reflejarte.es\/guitar-repertoire\/wp-content\/uploads\/2015\/06\/03CecenKiziFragmento.mp3\",\"type\":\"audio\/mpeg\",\"title\":\"\\u00c7e\\u00e7en Kisi (Trad. Turco)\",\"caption\":\"\",\"description\":\"\\\"\\u00c7e\\u00e7en Kisi (Trad. Turco)\\\" de El Sombrero del Alquimista por El Sombrero del Alquimista. Lanzamiento: 2009. Pista 3. G\\u00e9nero: World Music.\",\"meta\":{\"artist\":\"El Sombrero del Alquimista\",\"album\":\"El Sombrero del Alquimista\",\"genre\":\"World Music\",\"year\":\"2009\",\"length_formatted\":\"1:45\"},\"image\":{\"src\":\"https:\/\/reflejarte.es\/guitar-repertoire\/wp-content\/uploads\/2016\/02\/01AiresdelaAlpujarraFragmento-mp3-image.jpg\",\"width\":350,\"height\":348},\"thumb\":{\"src\":\"https:\/\/reflejarte.es\/guitar-repertoire\/wp-content\/uploads\/2016\/02\/01AiresdelaAlpujarraFragmento-mp3-image-150x150.jpg\",\"width\":150,\"height\":150}},{\"src\":\"https:\/\/reflejarte.es\/guitar-repertoire\/wp-content\/uploads\/2015\/06\/02JuegodecoloresFragmento.mp3\",\"type\":\"audio\/mpeg\",\"title\":\"Juego de Colores (El Sombrero del Alquimista)\",\"caption\":\"\",\"description\":\"\\\"Juego de Colores (El Sombrero del Alquimista)\\\" de El Sombrero del Alquimista por El Sombrero del Alquimista. Lanzamiento: 2009. Pista 2. G\\u00e9nero: World Music.\",\"meta\":{\"artist\":\"El Sombrero del Alquimista\",\"album\":\"El Sombrero del Alquimista\",\"genre\":\"World Music\",\"year\":\"2009\",\"length_formatted\":\"1:26\"},\"image\":{\"src\":\"https:\/\/reflejarte.es\/guitar-repertoire\/wp-content\/uploads\/2016\/02\/01AiresdelaAlpujarraFragmento-mp3-image.jpg\",\"width\":350,\"height\":348},\"thumb\":{\"src\":\"https:\/\/reflejarte.es\/guitar-repertoire\/wp-content\/uploads\/2016\/02\/01AiresdelaAlpujarraFragmento-mp3-image-150x150.jpg\",\"width\":150,\"height\":150}}]}<\/script>\n<\/div>\n\t\n<p>\u00abEL SOMBRERO DEL ALQUIMISTA nos propone realizar un viaje musical por el Mediterr\u00e1neo, desde Andaluc\u00eda hasta el Oriente, para recuperar timbres, sonidos y formas musicales olvidadas en nuestra tierra pero que forman parte de su desarrollo cultural e hist\u00f3rico.<\/p>\n<p>A trav\u00e9s de instrumentos como el ney, el contrabajo, el clarinete turco o el santur, que mezclan su sonido con el de la guitarra o la vihuela, la m\u00fasica nos invita a un viaje m\u00e1gico y ex\u00f3tico, pero familiar a la vez, como si estos instrumentos hubieran convivido desde siempre.<\/p>\n<p>Son los ecos de un mar com\u00fan, que nos une y nos transmite un sentir cultural \u00fanico y diverso que une a los hombres, superando las religiones y las fronteras que pretenden separarlos.<\/p>\n<p>A lo largo del trayecto va surgiendo una m\u00fasica nueva, llena de im\u00e1genes y giros sorprendentes, que evoca sentimientos y paisajes del pasado, anticipando algo que est\u00e1 a\u00fan por decir, m\u00e1s all\u00e1 de las etiquetas, de los territorios y del tiempo, con un lenguaje muy actual que combina elementos de la m\u00fasica espa\u00f1ola, antigua, cl\u00e1sica, contempor\u00e1nea, turca, oriental, tradicional, andaluza, jazz, etc.<\/p>\n<p>Os invitamos a compartir este viaje, para el que no hace falta m\u00e1s equipaje que una mente y un coraz\u00f3n abiertos, que seguro regresar\u00e1n de \u00e9l llenos de sentimientos nuevos, de ritmo y de armon\u00eda.\u00bb<\/p>\n","protected":false},"excerpt":{"rendered":"<p>En este \u00e1lbum, EL SOMBRERO DEL ALQUIMISTA presenta sus propias composiciones as\u00ed como arreglos de temas tradicionales de diferentes tiempos, lugares y culturas.<\/p>\n<p>El n\u00facleo de EL SOMBRERO DEL ALQUIMISTA lo conforman Ignacio B\u00e9jar y Manuel Esteban, compositores, autores de los arreglos e int\u00e9rpretes de los temas:<\/p>\n<p><b>Manuel Esteban<\/b> &#8211; guitarra cl\u00e1sica (1,2,4,5,6,7,8,9), vihuela (3)<br \/>\n<b>Ignacio B\u00e9jar<\/b> &#8211; ney (1,3,5,8), clarinete bajo (2,8), saxo soprano (4,7), clarinete turco (6,9).<\/p>\n<p>Han colaborado en la grabaci\u00f3n de este cd los siguientes m\u00fasicos, excelentes, que a menudo les acompa\u00f1an en los <a href=\"https:\/\/reflejarte.es\/elsombrerodelalquimista\/conciertos\/\">conciertos<\/a>:<\/p>\n<p><b>Ricardo Passos<\/b> &#8211; tombak (1,9), saz (2), bendir (3,5), riqq (5,7), palmas (1)<br \/>\n<b>Juan Manuel Rubio<\/b> &#8211; santur (3,5,6,7,8,9), palmas (8)<br \/>\n<b>Estanislao Waflar<\/b> &#8211; contrabajo (1,7,8).<\/p>\n<p>&nbsp;<\/p>\n<p>In this album, EL SOMBRERO DEL ALQUIMISTA presents their own compositions, as well as arrangements of traditional songs from different times, places and cultures.<br \/>\nThis is a musical voyage through the Mediterranean, from Andalusia to the East, performed with a wide range of instruments: ney, saxophone, guitar, santur, double bass and saz, in addition to all kinds of Eastern percussions. The result is a new sort of music, full of surprising turns and magical images.<\/p>\n<p>Performers:<br \/>\nManuel Esteban \u2013 classical guitar (1,2,4,5,6,7,8,9), vihuela (3)<br \/>\nIgnacio B\u00e9jar \u2013 ney (1,3,5,8), bass clarinet (2,8), soprano saxophone (4,7), Turkish clarinet (6,9).<br \/>\nRicardo Passos \u2013 tombak (1,9), saz (2), bendir (3,5), riq (5,7), palmas (1)<br \/>\nJuan Manuel Rubio \u2013 santur (3,5,6,7,8,9), palmas (8)<br \/>\nEstanislao Waflar \u2013 double bass (1,7,8).<\/p>\n<p>You can find more information about the group and its components on their official website: <a href=\"https:\/\/reflejarte.es\/elsombrerodelalquimista\/index.php\" target=\"_blank\" rel=\"noopener noreferrer\">reflejarte.es\/elsombrerodelalquimista\/<\/a><\/p>\n","protected":false},"featured_media":1757,"comment_status":"closed","ping_status":"closed","template":"","meta":[],"product_brand":[],"product_cat":[830,68,832,42,716,401,456,633,831],"product_tag":[211,212,213,214,215,217,218,219,220,221,92,222,833,223,298,224,71,225,226,100,228,227,229,75,230,231,232],"class_list":{"0":"post-1370","1":"product","2":"type-product","3":"status-publish","4":"has-post-thumbnail","6":"product_cat-armenia","7":"product_cat-musica-audiovisual","8":"product_cat-bejar-esteban","9":"product_cat-_cd","10":"product_cat-concierto--performance","11":"product_cat-espana","12":"product_cat-otras","13":"product_cat-popular","14":"product_cat-turquia--turkey","15":"product_tag-alpujarra","16":"product_tag-armenia","17":"product_tag-bendir","18":"product_tag-clarinete-bajo","19":"product_tag-clarinete-turco","20":"product_tag-composicion","21":"product_tag-contrabajo","22":"product_tag-el-sombrero-del-alquimista","23":"product_tag-estanislao-waflar","24":"product_tag-ignacio-bejar","25":"product_tag-juan-manuel-rubio","26":"product_tag-manuel-esteban","27":"product_tag-musicas-del-mundo--world-music","28":"product_tag-ney","29":"product_tag-originell","30":"product_tag-palmas","31":"product_tag-percussions","32":"product_tag-ricardo-passos","33":"product_tag-riqq","34":"product_tag-santur","35":"product_tag-saz","36":"product_tag-saxo-soprano","37":"product_tag-tombak","38":"product_tag-traditionnel","39":"product_tag-turquia","40":"product_tag-vientos","41":"product_tag-vihuela","42":"pa_artista-el-sombrero-del-alquimista","43":"pa_artista-estanislao-waflar","44":"pa_artista-ignacio-bejar","45":"pa_artista-juan-manuel-rubio-2","46":"pa_artista-manuel-esteban","47":"pa_artista-ricardo-passos","48":"pa_production-el-sombrero-del-alquimista","49":"pa_production-ignacio-bejar-manuel-esteban","50":"pa_production-www-elsombrerodelalquimista-com","52":"first","53":"instock","54":"featured","55":"shipping-taxable","56":"product-type-simple"},"_links":{"self":[{"href":"https:\/\/reflejarte.es\/guitar-repertoire\/wp-json\/wp\/v2\/product\/1370","targetHints":{"allow":["GET"]}}],"collection":[{"href":"https:\/\/reflejarte.es\/guitar-repertoire\/wp-json\/wp\/v2\/product"}],"about":[{"href":"https:\/\/reflejarte.es\/guitar-repertoire\/wp-json\/wp\/v2\/types\/product"}],"replies":[{"embeddable":true,"href":"https:\/\/reflejarte.es\/guitar-repertoire\/wp-json\/wp\/v2\/comments?post=1370"}],"wp:featuredmedia":[{"embeddable":true,"href":"https:\/\/reflejarte.es\/guitar-repertoire\/wp-json\/wp\/v2\/media\/1757"}],"wp:attachment":[{"href":"https:\/\/reflejarte.es\/guitar-repertoire\/wp-json\/wp\/v2\/media?parent=1370"}],"wp:term":[{"taxonomy":"product_brand","embeddable":true,"href":"https:\/\/reflejarte.es\/guitar-repertoire\/wp-json\/wp\/v2\/product_brand?post=1370"},{"taxonomy":"product_cat","embeddable":true,"href":"https:\/\/reflejarte.es\/guitar-repertoire\/wp-json\/wp\/v2\/product_cat?post=1370"},{"taxonomy":"product_tag","embeddable":true,"href":"https:\/\/reflejarte.es\/guitar-repertoire\/wp-json\/wp\/v2\/product_tag?post=1370"}],"curies":[{"name":"wp","href":"https:\/\/api.w.org\/{rel}","templated":true}]}}