{"id":3998,"date":"2019-11-18T12:57:40","date_gmt":"2019-11-18T11:57:40","guid":{"rendered":"http:\/\/guitar-repertoire.com\/?page_id=3998"},"modified":"2021-03-18T17:32:04","modified_gmt":"2021-03-18T16:32:04","slug":"politica-de-privacidad-cookies-aviso-legal","status":"publish","type":"page","link":"https:\/\/reflejarte.es\/guitar-repertoire\/politica-de-privacidad-cookies-aviso-legal\/","title":{"rendered":"Aviso Legal \u00b7 Pol\u00edtica de privacidad y cookies \u00b7 Condiciones de uso"},"content":{"rendered":"<h2><\/h2>\n<h2>Aviso legal de guitar-repertoire.com<\/h2>\n<p>Bienvenid@ a esta p\u00e1gina en la que queremos informarte sobre todo lo respectivo a tu navegaci\u00f3n por guitar-repertoire.com: encontrar\u00e1s informaci\u00f3n sobre nuestra web, nuestro <strong>uso de cookies<\/strong> y <strong>todos los detalles relativos a tus datos personales<\/strong>: qui\u00e9n los recoge, por qu\u00e9 se recogen, qu\u00e9 se hace con ellos y d\u00f3nde se guardan.<br \/>\nTe informamos de todo lo relativo al cumplimiento del art\u00edculo 10 de la Ley de Servicios de la Sociedad de la Informaci\u00f3n y del Comercio Electr\u00f3nico\u00a0 (\u201cLSSI\u201d)\u00a0 y del Reglamento (UE) 2016\/679 del Parlamento Europeo y del Consejo, de 27 de abril de 2016, referido a la protecci\u00f3n de las personas f\u00edsicas en lo que respecta al tratamiento de datos personales y a la libre circulaci\u00f3n de estos datos (\u201cRGPD\u201d) .<\/p>\n<h3>Aviso legal \u00b7 <span id=\"Identidad_del_responsable\">Condiciones de uso \u00b7 Pol\u00edticas de privacidad y cookies \u00b7 Descargo de responsabilidad<br \/>\n<\/span><\/h3>\n<ul>\n<li><strong>Responsable<\/strong>:<br \/>\nLa web guitar-repertoire.com y su equivalente\u00a0 reflejarte.es\/guitar-repertoire\/ (ambos en adelante : \u00abguitar-repertoire\u00bb o \u00abguitar-repertoire.com\u00bb)\u00a0 forma parte del contenido ofrecido por el portal cultural <strong>reflejarte.es<\/strong> (en adelante, \u201cel Portal\u201d, \u201creflejarte\u00b7es\u201d, \u201creflejArte\u201d, \u201cnosotros\u201d, \u201cnuestro\u201d ). Tanto guitar-repertoire.com como reflejarte\u00b7es son sitios no lucrativos y no forman parte de ninguna empresa. Responsable del tratamiento de datos y de los contenidos: A. Wohlfeil.<\/li>\n<\/ul>\n<ul>\n<li><strong>Nuestra actividad<\/strong>:<br \/>\nguitar-repertoire.com es una web creada y mantenida por el equipo de particulares aficionad@s a la m\u00fasica y la cultura en general &#8211; al arte, los idiomas, la historia y otras tem\u00e1ticas afines-, equipo que tambi\u00e9n gestiona el portal cultural reflejarte\u00b7es.<br \/>\n<strong>guitar-repertoire.com<\/strong> pretende difundir y fomentar la m\u00fasica de guitarra y la cultura musical en general. Ofrecemos contenidos gratuitos: textos y archivos audiovisuales informativos, formativos y educativos, materiales de aprendizaje y enlaces no patrocinados a otras webs donde se pueden encontrar, ver y\/o escuchar contenidos relacionados.<br \/>\nSiendo un portal sin fines comerciales,\u00a0 no insertamos mensajes publicitarios pagados ni hacemos marketing de afiliaci\u00f3n.<br \/>\nDeclinamos toda responsabilidad por los contenidos publicados en las p\u00e1ginas enlazadas si esas son gestionados por medios independientes de reflejarte\u00b7es.<\/li>\n<\/ul>\n<ul>\n<li><strong>Finalidad de la recogida y el tratamiento de datos<\/strong>:<br \/>\nComo todas las webs interactivas, guitar-repertoire.com utiliza <strong>cookies<\/strong> para poder funcionar, ofrecer mejores contenidos, analizar el tr\u00e1fico (Anal\u00edticas de Google) y proteger la seguridad del sitio (Wordfence, Akismet).\u00a0 Al navegar por nuestras p\u00e1ginas o usar determinados servicios y funciones de nuestro sitio se recogen autom\u00e1ticamente ciertos <strong>datos tuyos<\/strong> <strong>que no te identifican personalmente<\/strong> pero s\u00ed apuntan a tu ubicaci\u00f3n geogr\u00e1fica (tu direcci\u00f3n IP,\u00a0 pa\u00eds, idioma&#8230;) o revelan detalles de navegaci\u00f3n (navegador\/ dispositivo usado, p\u00e1ginas visitadas etc.).\u00a0 La recogida de estos datos es necesaria para que los plugins de protecci\u00f3n (Wordfence, Akismet)\u00a0 puedan bloquear ataques y filtrar el spam.\u00a0 Te informamos que en cualquier momento puedes rechazar el uso de las cookies no estrictamente necesarias as\u00ed como borrar todas las cookies colocadas por los diferentes servicios, accediendo a las configuraciones de tu navegador (rueda dentada), en el apartado de Seguridad\/Privacidad.<br \/>\nAl contactarnos por email o utilizando formularios de contacto\/comentarios, t\u00fa mism@ debes proporcionarnos algunos <strong>datos personales<\/strong> como tu email,\u00a0 tu nombre y tu mensaje.<br \/>\nEstos datos cumplen una funci\u00f3n comunicativa y los conservaremos, a no ser que nos pidas su eliminaci\u00f3n. En el momento de enviarnos tu mensaje, te pediremos que consientas a que guardemos tus datos conforme a lo declarado en esta p\u00e1gina.\u00a0 Nunca cederemos ninguno de tus datos de contacto a terceros (salvo requerimiento legal) ni los usaremos con fines comerciales o publicitarios sin tu consentimiento expreso.\u00a0 Nosotros vigilamos por la integridad de los datos transmitidos procurando mantener el sitio y los equipos usados libres de intrusiones no autorizadas.En cualquier momento puedes <a href=\"https:\/\/reflejarte.es\/guitar-repertoire\/contact\/\" target=\"_blank\" rel=\"noopener noreferrer\">contactarnos<\/a> para pedirnos informaci\u00f3n sobre tus datos personales guardados en nuestros ficheros, o su eliminaci\u00f3n.<\/li>\n<\/ul>\n<ul>\n<li><strong>Aviso sobre la propiedad intelectual y condiciones de uso de la p\u00e1gina:<\/strong><br \/>\nLos <strong>contenidos de guitar-repertoire.com<\/strong> y reflejarte.es se ponen a disposici\u00f3n de los usuarios\/navegantes exclusivamente <strong>para <\/strong>un<strong> uso privado<\/strong>.<br \/>\nNo est\u00e1 permitido utilizar los contenidos (audiovisuales, partituras, arreglos, transcripciones, textos did\u00e1cticos y posts de Manuel Esteban as\u00ed como im\u00e1genes creadas por el equipo de guitar-repertoire.com y reflejarte.es)\u00a0 para fines comerciales o lucrativos sin la expresa autorizaci\u00f3n por escrito de reflejarte.es:\u00a0 no se permite el copiado del contenido o partes del mismo con el fin de publicarlo bajo otro dominio o en otro soporte cualquiera, ya sea tradicional o digital, sin nuestro consentimiento previo.<br \/>\nExcepci\u00f3n: Los contenidos ofrecidos expresamente bajo la licencia libre de Creative Commons pueden usarse de acuerdo con lo estipulado en esa licencia.<\/li>\n<\/ul>\n<p>&nbsp;<\/p>\n<ul>\n<li><strong>Contacto:<\/strong>\u00a0 Para solucionar cualquier duda, solicitar informaci\u00f3n sobre datos recogidos o el borrado de tus datos personales y dem\u00e1s derechos ARCO tuyos (acceso, rectificaci\u00f3n, cancelaci\u00f3n y oposici\u00f3n) , siempre podr\u00e1s contactarnos por el <a href=\"https:\/\/reflejarte.es\/guitar-repertoire\/contact\/\" target=\"_blank\" rel=\"noopener noreferrer\">formulario de contacto<\/a>, o a trav\u00e9s del email<br \/>\n<a href=\"https:\/\/reflejarte.es\/guitar-repertoire\/contact\/\"><img loading=\"lazy\" decoding=\"async\" class=\"alignright wp-image-4411\" src=\"https:\/\/reflejarte.es\/guitar-repertoire\/wp-content\/uploads\/2019\/09\/guitar-repertoire-at-reflejarte-es.png\" alt=\"contacta con nosotros\" width=\"285\" height=\"28\" srcset=\"https:\/\/reflejarte.es\/guitar-repertoire\/wp-content\/uploads\/2019\/09\/guitar-repertoire-at-reflejarte-es.png 283w, https:\/\/reflejarte.es\/guitar-repertoire\/wp-content\/uploads\/2019\/09\/guitar-repertoire-at-reflejarte-es-150x15.png 150w\" sizes=\"auto, (max-width: 285px) 100vw, 285px\" \/><\/a><\/li>\n<li><strong><span id=\"Identidad_del_responsable\">Descargo de responsabilidad:<br \/>\n<\/span><\/strong><span id=\"Identidad_del_responsable\">No <\/span><span id=\"Identidad_del_responsable\">asumimos ninguna responsabilidad por el contenido expresado por personas ajenas a reflejarte.es que puedan aparecer en estas p\u00e1ginas (a trav\u00e9s de comentarios<\/span><span id=\"Identidad_del_responsable\">, respuestas, publicidad, etc.) , ni por los contenidos incrustados, procedentes de otros sitios, que podr\u00edan cambiar\u00a0 sin que nos demos cuenta. Tampoco somos responsables de los contenidos externos enlazados.<br \/>\nSi encuentras alg\u00fan contenido inaceptable, por favor av\u00edsanos a trav\u00e9s del <a href=\"https:\/\/reflejarte.es\/guitar-repertoire\/contact\/\">formulario de contacto<\/a>\u00a0 para que podamos remediarlo.<\/span><strong><span id=\"Identidad_del_responsable\"><\/p>\n<p><\/span><\/strong><\/li>\n<\/ul>\n<h2><span id=\"Identidad_del_responsable\">Pol\u00edtica de privacidad de guitar-repertoire.com<br \/>\n<\/span><\/h2>\n<h4>Finalidades del uso de la informaci\u00f3n<\/h4>\n<p>A continuaci\u00f3n te informamos sobre todo relacionado con los datos identificables que afectan tu privacidad.<br \/>\n<strong>\u00bfQu\u00e9 datos personales recogemos, cu\u00e1ndo y d\u00f3nde, y por qu\u00e9 los recabamos?<\/strong><\/p>\n<h3>Datos personales en formularios de contacto y comentarios<\/h3>\n<p>Cuando nos dejas un comentario en la web o nos contactas por el formulario de contacto\/correo electr\u00f3nico, recogemos y guardamos los datos que se te piden al rellenar el formulario y los que t\u00fa nos transmites, junto con tu consentimiento expreso.<\/p>\n<p>Indirectamente se registran tambi\u00e9n tu direcci\u00f3n IP y la cadena de agentes de usuario del navegador para facilitar la detecci\u00f3n de spam. Son los plugins de seguridad (Akismet) los que manejan esos datos (la pol\u00edtica de privacidad del servicio <a href=\"https:\/\/automattic.com\/es\/privacy\/\" target=\"_blank\" rel=\"noopener noreferrer\">Akismet est\u00e1 disponible aqu\u00ed<\/a>).<\/p>\n<p>Si habilitamos el uso de avatares, una cadena an\u00f3nima creada a partir de tu direcci\u00f3n de correo electr\u00f3nico (tambi\u00e9n llamada hash) puede ser proporcionada al servicio de Gravatar para ver si lo est\u00e1s usando (la pol\u00edtica de privacidad del servicio <a href=\"https:\/\/automattic.com\/es\/privacy\/\" target=\"_blank\" rel=\"noopener noreferrer\">Gravatar est\u00e1 disponible aqu\u00ed<\/a>) . Despu\u00e9s de la aprobaci\u00f3n de tu comentario, tu imagen de perfil ser\u00e1 visible para el p\u00fablico en el contexto de tu comentario.<\/p>\n<p>En relaci\u00f3n con Google Analytics, tu direcci\u00f3n IP se transmitir\u00e1 anonimizada para evitar que se te pueda identificar.<\/p>\n<h3>Cu\u00e1nto tiempo conservamos tus datos<\/h3>\n<p>Si dejas un comentario, el comentario y sus metadatos se conservan indefinidamente. Esto es para que podamos reconocer y aprobar comentarios sucesivos autom\u00e1ticamente en lugar de mantenerlos en una cola de moderaci\u00f3n.<\/p>\n<p>De los usuarios que se registran en nuestra web (si los hay), tambi\u00e9n almacenamos la informaci\u00f3n personal que proporcionan en su perfil de usuario. Todos los usuarios pueden ver, editar o eliminar su informaci\u00f3n personal en cualquier momento (excepto que no pueden cambiar su nombre de usuario). Los administradores de la web tambi\u00e9n pueden ver y editar esa informaci\u00f3n.<\/p>\n<p>Los datos que nos transmites por contacto directo o formulario de contacto, los conservaremos indefinidamente, a no ser que nos pidas su eliminaci\u00f3n. En el momento de enviarnos tu mensaje a trav\u00e9s del formulario, te pediremos que consientas a que guardemos tus datos conforme a lo declarado en esta p\u00e1gina.<\/p>\n<h3>Datos personales contenidos en medios<\/h3>\n<p>Si subes im\u00e1genes a esta web deber\u00edas evitar que contengan datos de ubicaci\u00f3n (GPS EXIF) . Otros visitantes de la web pueden descargarlas y extraer cualquier dato de localizaci\u00f3n contenido en las im\u00e1genes publicadas en la web.<\/p>\n<h3>Datos recabados por contenido incrustado de otros sitios web<\/h3>\n<p>Las p\u00e1ginas de este sitio pueden incluir contenido incrustado (por ejemplo, v\u00eddeos de Youtube (<a href=\"https:\/\/ayudaleyprotecciondatos.es\/2018\/12\/19\/privacidad-youtube\/\" target=\"_blank\" rel=\"noopener noreferrer\">ver la pol\u00edtica de privacidad de Youtube<\/a>), m\u00fasica de Spotify (<a href=\"https:\/\/www.spotify.com\/es\/privacy\/\" target=\"_blank\" rel=\"noopener noreferrer\">ver la pol\u00edtica de privacidad de Spotify<\/a>) , im\u00e1genes, art\u00edculos, etc.).\u00a0 El contenido incrustado de otras webs se comporta exactamente de la misma manera que si el visitante hubiera visitado la otra web.<\/p>\n<p>Estas webs suelen recopilar datos sobre ti, utilizar cookies, incrustar un seguimiento adicional de terceros, y supervisar tu interacci\u00f3n con ese contenido incrustado, incluido el seguimiento de tu interacci\u00f3n con el contenido incrustado si tienes una cuenta y est\u00e1s conectado a esa web.<br \/>\nSi no puedes ver los contenidos incrustados, se debe a que no has autorizado las cookies de marketing y\/o estad\u00edsticas correspondientes. Puedes habilitarlas en nuestra p\u00e1gina de <a href=\"https:\/\/reflejarte.es\/guitar-repertoire\/politica-de-cookies-ue\/\">pol\u00edtica de cookies<\/a> o pulsando sobre el contenido deseado.<\/p>\n<h3>D\u00f3nde conservamos tus datos y con qui\u00e9n los compartimos<\/h3>\n<p>Tus datos personales se almacenan en ficheros activamente protegidos contra intrusos. No compartimos tus datos con terceros, salvo que nos hayas dado tu permiso expl\u00edcito para una finalidad concreta, o por requerimiento legal. En cuanto a los comentarios, solo publicamos lo que t\u00fa nos transmitas para que lo publiquemos (el texto de tu comentario, tu nombre y la URL de tu web) . Tu direcci\u00f3n email no se ver\u00e1 p\u00fablicamente.<\/p>\n<h3>Qu\u00e9 derechos tienes sobre tus datos<\/h3>\n<p>Si tienes una cuenta o has dejado comentarios en esta web, puedes solicitar recibir un archivo de exportaci\u00f3n de los datos personales que tenemos sobre ti, incluyendo cualquier dato que nos hayas proporcionado. Tambi\u00e9n puedes solicitar que eliminemos cualquier dato personal que tengamos sobre ti o que nos hayas tranmitido por email o formulario de contacto. Esto no incluye ning\u00fan dato que estemos obligados a conservar con fines administrativos, legales o de seguridad.<\/p>\n<h3>D\u00f3nde enviamos tus datos<\/h3>\n<p>Los comentarios de los visitantes est\u00e1n siendo revisados por un servicio de detecci\u00f3n autom\u00e1tica de spam (Akismet). Las visitas a nuestra web est\u00e1 siendo monitorizadas por un servicio automatizado de detecci\u00f3n de\u00a0 ataques (ver la<a href=\"https:\/\/www.wordfence.com\/privacy-policy\/\" target=\"_blank\" rel=\"noopener noreferrer\"> pol\u00edtica de privacidad de Wordfence<\/a>).<\/p>\n<h2><\/h2>\n<h2>Cookies<\/h2>\n<p>Recabamos informaci\u00f3n adicional sobre c\u00f3mo usas nuestra web empleando \u201ccookies\u201d. Las cookies son archivos de texto guardados en tu ordenador que recopilan informaci\u00f3n de registro est\u00e1ndar de Internet e informaci\u00f3n del comportamiento de usuario. Esta informaci\u00f3n se utiliza para analizar el uso del visitante de la web y para recopilar informes estad\u00edsticos sobre la actividad de la web (Anal\u00edticas\u00a0 de Google).<\/p>\n<p>Por favor, mira nuestra <a href=\"https:\/\/reflejarte.es\/guitar-repertoire\/politica-de-cookies-ue\/\">pol\u00edtica de cookies<\/a> para m\u00e1s informaci\u00f3n sobre qu\u00e9 cookies se recopilan en guitar-repertoire.com, y para cambiar tus consentimientos de cookies.<\/p>\n<h3>\u00bfQu\u00e9 son las cookies?<\/h3>\n<p>Las cookies son peque\u00f1as piezas de datos, en forma de archivos de texto, que se almacenan en tu ordenador u otro dispositivo cuando se cargan webs en un navegador. Se usan ampliamente para \u2018recordarte\u2019 a ti y tus preferencias, ya sea para una sola visita (a trav\u00e9s de una \u2018cookie de sesi\u00f3n\u2019) o para m\u00faltiples visitas repetidas (usando una \u2018cookie persistente\u2019). Aseguran una experiencia consistente y eficiente a los visitantes, y realizan funciones esenciales como permitir que los usuarios se registren y permanezcan conectados. Las cookies las puede crear el sitio que est\u00e1s visitando (son conocidas como \u2018cookies propias&#8217;), o por terceros, tales como aquellas que sirven contenido o proporcionan servicios de publicidad o servicios de anal\u00edtica en el sitio web (\u2018cookies de terceros\u2019).<br \/>\nLas cookies suelen usarse para diversos prop\u00f3sitos. Algunas cookies son necesarias por motivos t\u00e9cnicos; algunas activan una experiencia personalizada tanto para visitantes como para usuarios registrados; y otras permiten ver anuncios de redes seleccionadas. Algunas de estas cookies pueden crearse al cargar una p\u00e1gina, o cuando un visitante lleva a cabo una acci\u00f3n concreta (al hacer clic en el bot\u00f3n \u2018me gusta\u2019 o \u2018seguir\u2019 en una entrada, por ejemplo).<\/p>\n<p>Al entrar por primera vez en guitar-repertoire.com te aparece un aviso de cookies. Hasta que no aceptes o rechaces el uso de cookies, no desaparecer\u00e1 el aviso en cada nueva p\u00e1gina que cargues, ya que guitar-repertoire.com no coloca ninguna cookie antes de conocer tu decisi\u00f3n.<\/p>\n<h3>Cookies propias<\/h3>\n<p>Nosotros usamos cookies para diversos prop\u00f3sitos.<br \/>\nSi dejas un comentario en nuestro sitio puedes elegir guardar tu nombre, direcci\u00f3n de correo electr\u00f3nico y web en cookies. Esto es para tu comodidad, para que no tengas que volver a rellenar tus datos cuando dejes otro comentario. Estas cookies tendr\u00e1n una duraci\u00f3n de un a\u00f1o.<\/p>\n<p>Si tienes una cuenta y te conectas a nuestro sitio, instalaremos una cookie temporal para determinar si tu navegador acepta cookies. Esta cookie no contiene datos personales y se elimina al cerrar el navegador.<\/p>\n<p>Cuando inicias sesi\u00f3n, tambi\u00e9n instalaremos varias cookies para guardar tu informaci\u00f3n de inicio de sesi\u00f3n y tus opciones de visualizaci\u00f3n de pantalla. Las cookies de inicio de sesi\u00f3n duran dos d\u00edas, y las cookies de opciones de pantalla duran un a\u00f1o. Si seleccionas \u00abRecordarme\u00bb, tu inicio de sesi\u00f3n perdurar\u00e1 durante dos semanas. Si sales de tu cuenta, las cookies de inicio de sesi\u00f3n se eliminar\u00e1n.<\/p>\n<p>Si editas o publicas un art\u00edculo se guardar\u00e1 una cookie adicional en tu navegador. Esta cookie no incluye datos personales y simplemente indica el ID del art\u00edculo que acabas de editar. Caduca despu\u00e9s de 1 d\u00eda.<\/p>\n<h3>Cookies de terceros<\/h3>\n<p>Las p\u00e1ginas de este sitio pueden mostrar contenido incrustado (por ejemplo, v\u00eddeos de Youtube (<a href=\"https:\/\/ayudaleyprotecciondatos.es\/2018\/12\/19\/privacidad-youtube\/\" target=\"_blank\" rel=\"noopener noreferrer\">ver la pol\u00edtica de privacidad de Youtube<\/a>), m\u00fasica de Spotify (<a href=\"https:\/\/www.spotify.com\/es\/privacy\/\" target=\"_blank\" rel=\"noopener noreferrer\">ver la pol\u00edtica de privacidad de Spotify<\/a>) , im\u00e1genes, art\u00edculos, etc.). El contenido incrustado de otras web se comporta exactamente de la misma manera que si el visitante hubiera visitado esa otra web.<br \/>\nEstas webs suelen recopilar datos sobre ti, utilizar cookies, incrustar un seguimiento adicional de terceros, y supervisar tu interacci\u00f3n con ese contenido incrustado, incluido el seguimiento de tu interacci\u00f3n con el contenido incrustado si tienes una cuenta y est\u00e1s conectado a esa web.<\/p>\n<h3>Categor\u00edas de cookies<\/h3>\n<p>A continuaci\u00f3n se describen las diferentes categor\u00edas de cookies creadas por en nuestra web.\u00a0 Algunas cookies solo se crean para los visitantes que inician sesi\u00f3n, mientras que otras se crean para cualquier visitante.<\/p>\n<p><strong>Estrictamente necesarias<\/strong>: Estas son las cookies esenciales para que la p\u00e1gina realice funciones b\u00e1sicas. Incluyen lo necesario para permitir a los usuarios registrados identificarse y realizar funciones relacionadas con la cuenta.<\/p>\n<p><strong>Funcionalidad<\/strong>: Estas cookies se utilizan para almacenar las preferencias establecidas por los usuarios, como el nombre de la cuenta, el idioma y la ubicaci\u00f3n.<\/p>\n<p><strong>Rendimiento<\/strong>: Las cookies de rendimiento recopilan informaci\u00f3n sobre c\u00f3mo los usuarios interact\u00faan con los contenidos alojados en nuestra web, incluidas las p\u00e1ginas m\u00e1s visitadas, as\u00ed como otros datos anal\u00edticos. Estos detalles solo se usan para mejorar c\u00f3mo funciona la web.<\/p>\n<p><strong>Seguimiento<\/strong>: Estas las guardan otras redes fiables (p.ej. Google Analytics) para rastrear detalles como el n\u00famero de visitantes \u00fanicos y p\u00e1ginas vistas para ayudar a mejorar la experiencia del usuario.<br \/>\nUsamos Google Analytics para medir y analizar el tr\u00e1fico por nuestra web. Tu IP (direcci\u00f3n de internet) se transmite anonimizada, de modo que no puede relacionarse con tu ubicaci\u00f3n.<br \/>\nSi prefieres no aportar tus datos de navegaci\u00f3n a este an\u00e1lisis, instala\u00a0 el complemento anti-rastreo de Google\u00a0 Analytics en tu navegador (<a href=\"https:\/\/tools.google.com\/dlpage\/gaoptout\" target=\"_blank\" rel=\"noopener noreferrer\">complemento de inhabilitaci\u00f3n para navegadores de Google\u00a0Analytics<\/a>).<\/p>\n<p><strong>Contenido incrustado de terceros<\/strong>:\u00a0 hacemos uso de diferentes aplicaciones y servicios de terceros para mejorar la experiencia de los visitantes de la web. Estos incluyen plataformas de redes sociales como Facebook y Twitter (a trav\u00e9s del uso de botones para compartir), o contenido incrustado de Youtube, Vimeo y Spotify. Como resultado, estos servicios pueden guardar cookies y utilizarlas para rastrear tu actividad online. No tenemos control directo sobre la informaci\u00f3n recopilada por estas cookies.<\/p>\n<h3>Control de cookies \u00b7 Deshabilitar tu seguimiento en esta web<\/h3>\n<p>Visto tanto control puedes desear restringir el uso de cookies o evitar que se guarden del todo. La mayor\u00eda de los navegadores ofrecen formas de controlar el comportamiento de las cookies, como la cantidad de tiempo que est\u00e1n almacenadas \u2014 ya sea a trav\u00e9s de la funcionalidad integrada o mediante el uso de plugins de terceros.<br \/>\nEn guitar-repertoire.com no colocamos cookies en tu navegador hasta que no nos des tu permiso.<br \/>\nNo obstante, debes tener en cuenta que restringir o desactivar el uso de cookies puede limitar la funcionalidad de los sitios, o impedir que funcionen correctamente todas las opciones.<\/p>\n<p>Si quieres<strong> deshabilitar el seguimiento de tu navegaci\u00f3n por parte de Google Analytics<\/strong> en todos los sitios web puedes instalar el\u00a0 <a href=\"https:\/\/tools.google.com\/dlpage\/gaoptout\" target=\"_blank\" rel=\"noopener noreferrer\">complemento de inhabilitaci\u00f3n para navegadores de Google\u00a0Analytics<\/a><\/p>\n<p>Visita <a href=\"https:\/\/www.aboutcookies.org\/\">aboutcookies.org<\/a> para aprender c\u00f3mo gestionar y borrar las cookies.<br \/>\nVisita <a href=\"http:\/\/www.youronlinechoices.com\/es\/\" target=\"_blank\" rel=\"noopener noreferrer\">youronlinechoices.eu<\/a> (europeo, en espa\u00f1ol)\u00a0 para aprender qu\u00e9 son y c\u00f3mo se gestionan las cookies publicitarias.<\/p>\n<h3><\/h3>\n<h3>Cambios en la pol\u00edtica de privacidad<\/h3>\n<p>Aunque la mayor\u00eda de los cambios suelen ser menores, guitar-repertoire.com puede cambiar su pol\u00edtica de privacidad de vez en cuando, y a la \u00fanica discreci\u00f3n de guitar-repertoire.com. Animamos a los visitantes a revisar frecuentemente esta p\u00e1gina para ver cualquier cambio en su pol\u00edtica de privacidad. Tu uso continuo de este sitio tras cualquier cambio en esta pol\u00edtica de privacidad constituir\u00e1 tu aceptaci\u00f3n de tales cambios.<\/p>\n","protected":false},"excerpt":{"rendered":"<p>Aviso legal de guitar-repertoire.com Bienvenid@ a esta p\u00e1gina en la que queremos informarte sobre todo lo respectivo a tu navegaci\u00f3n por guitar-repertoire.com: encontrar\u00e1s informaci\u00f3n sobre nuestra web, nuestro uso de cookies y todos los detalles relativos a tus datos personales: qui\u00e9n los recoge, por qu\u00e9 se recogen, qu\u00e9 se hace con ellos y d\u00f3nde se [&hellip;]<\/p>\n","protected":false},"author":1,"featured_media":0,"parent":0,"menu_order":0,"comment_status":"closed","ping_status":"closed","template":"","meta":{"footnotes":""},"class_list":["post-3998","page","type-page","status-publish","hentry"],"_links":{"self":[{"href":"https:\/\/reflejarte.es\/guitar-repertoire\/wp-json\/wp\/v2\/pages\/3998","targetHints":{"allow":["GET"]}}],"collection":[{"href":"https:\/\/reflejarte.es\/guitar-repertoire\/wp-json\/wp\/v2\/pages"}],"about":[{"href":"https:\/\/reflejarte.es\/guitar-repertoire\/wp-json\/wp\/v2\/types\/page"}],"author":[{"embeddable":true,"href":"https:\/\/reflejarte.es\/guitar-repertoire\/wp-json\/wp\/v2\/users\/1"}],"replies":[{"embeddable":true,"href":"https:\/\/reflejarte.es\/guitar-repertoire\/wp-json\/wp\/v2\/comments?post=3998"}],"version-history":[{"count":40,"href":"https:\/\/reflejarte.es\/guitar-repertoire\/wp-json\/wp\/v2\/pages\/3998\/revisions"}],"predecessor-version":[{"id":4592,"href":"https:\/\/reflejarte.es\/guitar-repertoire\/wp-json\/wp\/v2\/pages\/3998\/revisions\/4592"}],"wp:attachment":[{"href":"https:\/\/reflejarte.es\/guitar-repertoire\/wp-json\/wp\/v2\/media?parent=3998"}],"curies":[{"name":"wp","href":"https:\/\/api.w.org\/{rel}","templated":true}]}}