{"id":3472,"date":"2018-03-10T18:47:17","date_gmt":"2018-03-10T17:47:17","guid":{"rendered":"http:\/\/guitar-repertoire.com\/?page_id=3472"},"modified":"2018-03-15T11:06:21","modified_gmt":"2018-03-15T10:06:21","slug":"partituras","status":"publish","type":"page","link":"https:\/\/reflejarte.es\/guitar-repertoire\/partituras\/","title":{"rendered":"PARTITURAS"},"content":{"rendered":"<p><a name=\"oben\"><\/a><\/p>\n<h3 style=\"text-align: center;\">Lista de todas las partituras<\/h3>\n<p style=\"text-align: center;font-size: 100%;\">ordenadas por nombre del compositor<br \/>\n<small>formatos: <a href=\"#pdf\"><u>PDF<\/u><\/a> &#038; <a href=\"#audio\"><u>AUDIO<\/u><\/a><\/small><\/p>\n<p><a name=\"pdf\"><\/a><\/p>\n<h2 style=\"text-align: center;\"> PDF<\/h2>\n<p><ul class=\"lcp_catlist\" id=\"lcp_instance_0\"><li><a href=\"https:\/\/reflejarte.es\/guitar-repertoire\/musicalia\/aguado-dionisio-estudio-no7-libro-3-pdf\/\">Aguado, Dionisio: Estudio n\u00ba 7 Libro III &#8211; PDF<\/a><\/li><li><a href=\"https:\/\/reflejarte.es\/guitar-repertoire\/musicalia\/aguado-dionisio-estudio-no-7-libro-iii-pdf-audio-de-manuel-esteban-guitarra-clasica\/\">Aguado, Dionisio: Estudio N\u00ba 7 Libro III<br>PDF + AUDIO de Manuel Esteban (guitarra cl\u00e1sica)<\/a><\/li><li><a href=\"https:\/\/reflejarte.es\/guitar-repertoire\/musicalia\/aguado-dionisio-estudio-2-libro-1\/\">Aguado, Dionisio: Estudio n\u00ba2 Libro I &#8211; PDF<\/a><\/li><li><a href=\"https:\/\/reflejarte.es\/guitar-repertoire\/musicalia\/aguado-dionisio-estudio-no26-libro-i-pdf\/\">Aguado, Dionisio: Estudio n\u00ba26 Libro I &#8211; PDF<\/a><\/li><li><a href=\"https:\/\/reflejarte.es\/guitar-repertoire\/musicalia\/albinoni-tomaso-sonata-i-op-6-trattenimenti-armonici-per-camera-violin-guitarra-pdf\/\">Albinoni, Tomaso: Sonata I &#8211; Op. 6<br>Trattenimenti Armonici per camera &#8211; viol\u00edn &#038; transcripci\u00f3n para guitarra &#8211; PDF<\/a><\/li><li><a href=\"https:\/\/reflejarte.es\/guitar-repertoire\/musicalia\/attaingnant-pierre-branle-gay-folio-xviii-pdf\/\">Attaingnant, Pierre de: Branle Gay Folio XVIII \u2013 PDF<\/a><\/li><li><a href=\"https:\/\/reflejarte.es\/guitar-repertoire\/musicalia\/bach-invenciones1-4-7-bwv772-775-778-transcription-guitarra-pdf\/\">Bach, Johann Sebastian: Invenciones a dos voces 1, 4 y 7 (BWV  772, 775 y 778) <br>Nueva transcripci\u00f3n para guitarra &#8211; PDF<\/a><\/li><li><a href=\"https:\/\/reflejarte.es\/guitar-repertoire\/musicalia\/beethoven-ludwigvan-clarodeluna-arreglo-de-francisco-tarrega-pdf\/\">Beethoven, Ludwig van: Claro de Luna  \u00b7  Arreglo de Francisco T\u00e1rrega  &#8211; PDF<\/a><\/li><li><a href=\"https:\/\/reflejarte.es\/guitar-repertoire\/musicalia\/bremner-r-instructions-for-the-guitar-pdf\/\">Bremner, Robert: Instructions for the Guitar with a Collection of Airs, Songs &#038; Duets &#8211; PDF<\/a><\/li><li><a href=\"https:\/\/reflejarte.es\/guitar-repertoire\/musicalia\/campion-nicolas-traite-d-accompagnement-composition-regle-des-octaves-pdf\/\">Campion, Nicolas: Trait\u00e9 d&#8217;accompagnement et de composition selon la r\u00e8gle des octaves de musique &#8211; PDF<\/a><\/li><li><a href=\"https:\/\/reflejarte.es\/guitar-repertoire\/musicalia\/carcassi-matteo-six-valses-op-4-pdf\/\">Carcassi, Matteo: Six Valses Op. 4 &#8211; PDF<\/a><\/li><li><a href=\"https:\/\/reflejarte.es\/guitar-repertoire\/musicalia\/francisco-cimadevilla-metodo-de-guitarra-la-facil-progresion-pdf\/\">Cimadevilla, Francisco:  M\u00e9todo de guitarra. La f\u00e1cil progresi\u00f3n. &#8211; PDF<\/a><\/li><li><a href=\"https:\/\/reflejarte.es\/guitar-repertoire\/musicalia\/coste-napoleon-valses-brillantes-para-dos-guitarras-pdf\/\">Coste, Napoleon: Valses brillantes para dos guitarras &#8211; PDF<\/a><\/li><li><a href=\"https:\/\/reflejarte.es\/guitar-repertoire\/musicalia\/dowland-john-sir-john-smith-his-almainepdf-audio-de-manuel-esteban-guitarra-clasica\/\">Dowland, John: Sir John Smith His Almaine &#8211; PDF + AUDIO de Manuel Esteban (guitarra cl\u00e1sica)<\/a><\/li><li><a href=\"https:\/\/reflejarte.es\/guitar-repertoire\/musicalia\/fossa-francois-tres-trios-concertantes-pdf\/\">Fossa, Fran\u00e7ois de: Tres tr\u00edos concertantes op.18 &#8211; PDF<\/a><\/li><li><a href=\"https:\/\/reflejarte.es\/guitar-repertoire\/musicalia\/mauro-giuliani_la-mariposa-opus-30-no-31_pdf-audio-de-manuel-esteban-guitarra-clasica\/\">Giuliani, Mauro : La Mariposa Opus  30  N\u00ba 31 &#8211; PDF + AUDIO de Manuel Esteban (guitarra cl\u00e1sica)<\/a><\/li><li><a href=\"https:\/\/reflejarte.es\/guitar-repertoire\/musicalia\/mauro-giulianila-mariposa-opus-30-no-17pdf-audio-de-manuel-esteban-guitarra-clasica\/\">Giuliani, Mauro: La Mariposa Opus  30  N\u00ba 17 &#8211; PDF + AUDIO de Manuel Esteban (guitarra cl\u00e1sica)<\/a><\/li><li><a href=\"https:\/\/reflejarte.es\/guitar-repertoire\/musicalia\/kummer-gaspard-serenataparaflautaviolayguitarra-op83-pdf\/\">Kummer, Gaspard: Serenata para flauta viola y guitarra op. 83 &#8211; PDF<\/a><\/li><li><a href=\"https:\/\/reflejarte.es\/guitar-repertoire\/musicalia\/federico-moretti-principios-para-tocar-la-guitarra-de-seis-ordenes-pdf\/\">Moretti, Federico: Principios para tocar la guitarra de seis \u00f3rdenes. Precedidos de los Elementos generales de la m\u00fasica. (Madrid, 1799) &#8211; PDF<\/a><\/li><li><a href=\"https:\/\/reflejarte.es\/guitar-repertoire\/musicalia\/mozart-wolfgang-amadeus-marcha-turca-sonata-no-11-en-la-mayor-kv-331-300i-pdf\/\">Mozart, Wolfgang Amadeus: Marcha Turca (Sonata n\u00ba 11 en la mayor) KV 331\/300i &#8211; PDF<\/a><\/li><li><a href=\"https:\/\/reflejarte.es\/guitar-repertoire\/musicalia\/reusner-esaias-passacaglia-en-re-mayor_pdf-audio-de-manuel-esteban-guitarra-clasica\/\">Reusner, Esaias: Passacaglia en Re Mayor &#8211; PDF + AUDIO de Manuel Esteban (guitarra cl\u00e1sica)<\/a><\/li><li><a href=\"https:\/\/reflejarte.es\/guitar-repertoire\/musicalia\/roncalli-ludovico_passacaglia_pdf-audio-de-manuel-esteban-guitarra-clasica\/\">Roncalli, Ludovico: Passacaglia \u00b7 PDF + AUDIO de Manuel Esteban (guitarra cl\u00e1sica)<\/a><\/li><li><a href=\"https:\/\/reflejarte.es\/guitar-repertoire\/musicalia\/sor-fernando_estudio-en-si-menor-op-35-pdf\/\">Sor, Fernando: Estudio en Si menor Op. 35 &#8211; PDF<\/a><\/li><li><a href=\"https:\/\/reflejarte.es\/guitar-repertoire\/musicalia\/sor-fernando-estudio-en-si-menor-op-35-pdf-audio\/\">Sor, Fernando: Estudio en Si menor Op. 35 \u00b7 PDF + AUDIO<\/a><\/li><li><a href=\"https:\/\/reflejarte.es\/guitar-repertoire\/musicalia\/tarrega-francisco-pavana-al-estilo-antiguo-pdf-audio\/\">T\u00e1rrega, Francisco: Pavana al estilo antiguo \u2013 PDF + AUDIO<\/a><\/li><li><a href=\"https:\/\/reflejarte.es\/guitar-repertoire\/musicalia\/tarrega-francisco-recuerdos-de-la-alhambra-pdf\/\">T\u00e1rrega, Francisco: Recuerdos de la Alhambra \u2013 PDF<\/a><\/li><li><a href=\"https:\/\/reflejarte.es\/guitar-repertoire\/musicalia\/weiss-silvius-leopold-chacona-suite-viii-transcription-guitarra-pdf\/\">Weiss, Silvius Leopold: Chacona de la Suite VIII (Manuscrito de Londres) <br>Transcripci\u00f3n para guitarra &#8211; PDF<\/a><\/li><\/ul><br \/>\n&nbsp;<\/p>\n<p style=\"text-align: center; \"><a class=\"naveg\" href=\"#oben\"> &nbsp; &and; &nbsp;<strong><\/strong><\/a>   &nbsp; <a  class=\"naveg\" href=\"#unten\"> &nbsp; &or; &nbsp; <strong><\/strong> <\/a><\/p>\n<hr \/>\n<p>&nbsp;<br \/>\n<a name=\"audio\"><\/a><\/p>\n<h2 style=\"text-align: center;\"> AUDIO<\/h2>\n<p><ul class=\"lcp_catlist\" id=\"lcp_instance_0\"><li><a href=\"https:\/\/reflejarte.es\/guitar-repertoire\/musicalia\/aguado-dionisio-estudio-no-2-libro-i-audio-manuel-esteban\/\">Aguado, Dionisio: Estudio N\u00ba 2 Libro I \u2013 AUDIO  by Manuel Esteban<\/a><\/li><li><a href=\"https:\/\/reflejarte.es\/guitar-repertoire\/musicalia\/aguado-dionisio-estudio-no-26-libro-i-audio-by-manuel-esteban\/\">Aguado, Dionisio: Estudio N\u00ba 26 Libro I \u2013 AUDIO  by Manuel Esteban<\/a><\/li><li><a href=\"https:\/\/reflejarte.es\/guitar-repertoire\/musicalia\/aguado-dionisio-estudio-no-7-libro-iii-audio-by-manuel-esteban\/\">Aguado, Dionisio: Estudio N\u00ba 7 Libro III \u2013 AUDIO  by Manuel Esteban<\/a><\/li><li><a href=\"https:\/\/reflejarte.es\/guitar-repertoire\/musicalia\/aguado-dionisio-estudio-no-7-libro-iii-pdf-audio-de-manuel-esteban-guitarra-clasica\/\">Aguado, Dionisio: Estudio N\u00ba 7 Libro III<br>PDF + AUDIO de Manuel Esteban (guitarra cl\u00e1sica)<\/a><\/li><li><a href=\"https:\/\/reflejarte.es\/guitar-repertoire\/musicalia\/attaingnant-branle-gay-folio-xvii-audio-manuel-esteban\/\">Attaingnant, Pierre de: Branle Gay Folio XVIII \u2013 AUDIO  by Manuel Esteban<\/a><\/li><li><a href=\"https:\/\/reflejarte.es\/guitar-repertoire\/musicalia\/dowland-john-sir-john-smith-his-almainepdf-audio-de-manuel-esteban-guitarra-clasica\/\">Dowland, John: Sir John Smith His Almaine &#8211; PDF + AUDIO de Manuel Esteban (guitarra cl\u00e1sica)<\/a><\/li><li><a href=\"https:\/\/reflejarte.es\/guitar-repertoire\/musicalia\/mauro-giuliani_la-mariposa-opus-30-no-31_pdf-audio-de-manuel-esteban-guitarra-clasica\/\">Giuliani, Mauro : La Mariposa Opus  30  N\u00ba 31 &#8211; PDF + AUDIO de Manuel Esteban (guitarra cl\u00e1sica)<\/a><\/li><li><a href=\"https:\/\/reflejarte.es\/guitar-repertoire\/musicalia\/mauro-giulianila-mariposa-opus-30-no-17pdf-audio-de-manuel-esteban-guitarra-clasica\/\">Giuliani, Mauro: La Mariposa Opus  30  N\u00ba 17 &#8211; PDF + AUDIO de Manuel Esteban (guitarra cl\u00e1sica)<\/a><\/li><li><a href=\"https:\/\/reflejarte.es\/guitar-repertoire\/musicalia\/ancient-mosaic-with-guitar-mosaico-antiguo-con-guitarra-la-reverie2011-mp3wav\/\">La R\u00eaverie: Ancient Mosaic with Guitar \u00b7 Mosaico antiguo con guitarra<\/a><\/li><li><a href=\"https:\/\/reflejarte.es\/guitar-repertoire\/musicalia\/reusner-esaias-passacaglia-en-re-mayor_pdf-audio-de-manuel-esteban-guitarra-clasica\/\">Reusner, Esaias: Passacaglia en Re Mayor &#8211; PDF + AUDIO de Manuel Esteban (guitarra cl\u00e1sica)<\/a><\/li><li><a href=\"https:\/\/reflejarte.es\/guitar-repertoire\/musicalia\/roncalli-ludovico_passacaglia_pdf-audio-de-manuel-esteban-guitarra-clasica\/\">Roncalli, Ludovico: Passacaglia \u00b7 PDF + AUDIO de Manuel Esteban (guitarra cl\u00e1sica)<\/a><\/li><li><a href=\"https:\/\/reflejarte.es\/guitar-repertoire\/musicalia\/sor-fernando_estudio-en-si-menor-op-35-audio-by-m-esteban-guitarra\/\">Sor, Fernando: Estudio en Si menor Op. 35 \u2013 AUDIO\/mp3: Manuel Esteban, guitarra<\/a><\/li><li><a href=\"https:\/\/reflejarte.es\/guitar-repertoire\/musicalia\/sor-fernando-estudio-en-si-menor-op-35-pdf-audio\/\">Sor, Fernando: Estudio en Si menor Op. 35 \u00b7 PDF + AUDIO<\/a><\/li><li><a href=\"https:\/\/reflejarte.es\/guitar-repertoire\/musicalia\/tarrega-francisco-pavana-al-estilo-antiguo-pdf-audio\/\">T\u00e1rrega, Francisco: Pavana al estilo antiguo \u2013 PDF + AUDIO<\/a><\/li><\/ul><br \/>\n&nbsp;<\/p>\n<p><!--  \n\n\n<p style=\"text-align: center; \"><a class=\"naveg\" href=\"#oben\"> &nbsp; &and; &nbsp;<strong><\/strong><\/a>   &nbsp; <a  class=\"naveg\" href=\"#unten\"> &nbsp; &or; &nbsp; <strong><\/strong> <\/a><\/p>\n\n\n\n\n<hr \/>\n\n\n&nbsp;\n<a name=\"print\"><\/a>\n\n<h2 style=\"text-align: center;\"> IMPRESO \u00b7 IMPRIM\u00c9 \u00b7 PRINTED \u00b7 GEDRUCKT<\/h2>\n\n\n[catlist post_type=\"product\" taxonomy='product_cat' terms='impreso-printed' numberposts=-1 post_status=\"publish\" order=\"asc\" orderby=\"title\"]\n\n--><\/p>\n<p style=\"text-align: center; \"><a class=\"naveg\" href=\"#oben\"> &nbsp; &and; &nbsp;<strong><\/strong><\/a>   &nbsp; <a  class=\"naveg\" href=\"#unten\"> &nbsp; &or; &nbsp; <strong><\/strong> <\/a><\/p>\n<hr \/>\n<p><!-- \n\n<h2 style=\"text-align: center;\">Todos<\/h2>\n\n\n[catlist post _ type=\"product\" taxonomy='product_cat' terms='pdf,audio,impreso' numberposts=-1 post_status=\"publish\" order=\"asc\" orderby=\"title\"]  --><\/p>\n<p><a name=\"unten\"><\/a><\/p>\n","protected":false},"excerpt":{"rendered":"<p>Lista de todas las partituras ordenadas por nombre del compositor formatos: PDF &#038; AUDIO PDF &nbsp; &nbsp; &and; &nbsp; &nbsp; &nbsp; &or; &nbsp; &nbsp; AUDIO &nbsp; &nbsp; &and; &nbsp; &nbsp; &nbsp; &or; &nbsp;<\/p>\n","protected":false},"author":1,"featured_media":0,"parent":0,"menu_order":0,"comment_status":"closed","ping_status":"closed","template":"","meta":{"footnotes":""},"class_list":["post-3472","page","type-page","status-publish","hentry"],"_links":{"self":[{"href":"https:\/\/reflejarte.es\/guitar-repertoire\/wp-json\/wp\/v2\/pages\/3472","targetHints":{"allow":["GET"]}}],"collection":[{"href":"https:\/\/reflejarte.es\/guitar-repertoire\/wp-json\/wp\/v2\/pages"}],"about":[{"href":"https:\/\/reflejarte.es\/guitar-repertoire\/wp-json\/wp\/v2\/types\/page"}],"author":[{"embeddable":true,"href":"https:\/\/reflejarte.es\/guitar-repertoire\/wp-json\/wp\/v2\/users\/1"}],"replies":[{"embeddable":true,"href":"https:\/\/reflejarte.es\/guitar-repertoire\/wp-json\/wp\/v2\/comments?post=3472"}],"version-history":[{"count":2,"href":"https:\/\/reflejarte.es\/guitar-repertoire\/wp-json\/wp\/v2\/pages\/3472\/revisions"}],"predecessor-version":[{"id":3474,"href":"https:\/\/reflejarte.es\/guitar-repertoire\/wp-json\/wp\/v2\/pages\/3472\/revisions\/3474"}],"wp:attachment":[{"href":"https:\/\/reflejarte.es\/guitar-repertoire\/wp-json\/wp\/v2\/media?parent=3472"}],"curies":[{"name":"wp","href":"https:\/\/api.w.org\/{rel}","templated":true}]}}