{"id":2462,"date":"2018-02-04T10:22:53","date_gmt":"2018-02-04T09:22:53","guid":{"rendered":"http:\/\/guitar-repertoire.com\/?page_id=2462"},"modified":"2018-03-22T21:59:18","modified_gmt":"2018-03-22T20:59:18","slug":"niveles-niveaux-levels-schwierigkeitsgrad","status":"publish","type":"page","link":"https:\/\/reflejarte.es\/guitar-repertoire\/niveles-niveaux-levels-schwierigkeitsgrad\/","title":{"rendered":"NIVELES"},"content":{"rendered":"<p><a name=\"oben\"><\/a><a name=\"nivel\"><\/a><\/p>\n<h3 style=\"text-align: center;\">Lista de todas las partituras<\/h3>\n<h3  style=\"text-align: center;font-size: 90%;\">ordenadas por niveles<\/h3>\n<p style=\"text-align: center; font-size: 120%;\"><a href=\"#b\u00e1sico\"><strong>&#8211;<\/strong> <u>b\u00e1sico<\/u><\/a> &nbsp; &nbsp; &nbsp; <a href=\"#medio\"><strong>=<\/strong> <u>medio<\/u><\/a> &nbsp; &nbsp; &nbsp;   <a href=\"#alto\"><strong>&equiv;<\/strong>\u00a0<u> alto  <\/u><\/a> &nbsp; &nbsp; &nbsp;   <a href=\"#muyalto\"><strong><big>&#8803;<\/big><\/strong> <u>muy alto<\/u><\/a><\/p>\n<hr \/>\n<p><a name=\"b\u00e1sico\"><\/a><\/p>\n<h3 style=\"text-align: center;\"><strong>&#8211;<\/strong> b\u00e1sico<\/h3>\n<ul class=\"lcp_catlist\" id=\"lcp_instance_0\"><li><a href=\"https:\/\/reflejarte.es\/guitar-repertoire\/musicalia\/aguado-dionisio-estudio-no-2-libro-i-audio-manuel-esteban\/\">Aguado, Dionisio: Estudio N\u00ba 2 Libro I \u2013 AUDIO  by Manuel Esteban<\/a><\/li><li><a href=\"https:\/\/reflejarte.es\/guitar-repertoire\/musicalia\/aguado-dionisio-estudio-no-26-libro-i-audio-by-manuel-esteban\/\">Aguado, Dionisio: Estudio N\u00ba 26 Libro I \u2013 AUDIO  by Manuel Esteban<\/a><\/li><li><a href=\"https:\/\/reflejarte.es\/guitar-repertoire\/musicalia\/aguado-dionisio-estudio-no7-libro-3-pdf\/\">Aguado, Dionisio: Estudio n\u00ba 7 Libro III &#8211; PDF<\/a><\/li><li><a href=\"https:\/\/reflejarte.es\/guitar-repertoire\/musicalia\/aguado-dionisio-estudio-no-7-libro-iii-audio-by-manuel-esteban\/\">Aguado, Dionisio: Estudio N\u00ba 7 Libro III \u2013 AUDIO  by Manuel Esteban<\/a><\/li><li><a href=\"https:\/\/reflejarte.es\/guitar-repertoire\/musicalia\/aguado-dionisio-estudio-no-7-libro-iii-pdf-audio-de-manuel-esteban-guitarra-clasica\/\">Aguado, Dionisio: Estudio N\u00ba 7 Libro III<br>PDF + AUDIO de Manuel Esteban (guitarra cl\u00e1sica)<\/a><\/li><li><a href=\"https:\/\/reflejarte.es\/guitar-repertoire\/musicalia\/aguado-dionisio-estudio-2-libro-1\/\">Aguado, Dionisio: Estudio n\u00ba2 Libro I &#8211; PDF<\/a><\/li><li><a href=\"https:\/\/reflejarte.es\/guitar-repertoire\/musicalia\/aguado-dionisio-estudio-no26-libro-i-pdf\/\">Aguado, Dionisio: Estudio n\u00ba26 Libro I &#8211; PDF<\/a><\/li><li><a href=\"https:\/\/reflejarte.es\/guitar-repertoire\/musicalia\/bremner-r-instructions-for-the-guitar-pdf\/\">Bremner, Robert: Instructions for the Guitar with a Collection of Airs, Songs &#038; Duets &#8211; PDF<\/a><\/li><li><a href=\"https:\/\/reflejarte.es\/guitar-repertoire\/musicalia\/francisco-cimadevilla-metodo-de-guitarra-la-facil-progresion-pdf\/\">Cimadevilla, Francisco:  M\u00e9todo de guitarra. La f\u00e1cil progresi\u00f3n. &#8211; PDF<\/a><\/li><li><a href=\"https:\/\/reflejarte.es\/guitar-repertoire\/musicalia\/clases-de-guitarra\/\">CLASES de GUITARRA<\/a><\/li><li><a href=\"https:\/\/reflejarte.es\/guitar-repertoire\/musicalia\/mauro-giuliani_la-mariposa-opus-30-no-31_pdf-audio-de-manuel-esteban-guitarra-clasica\/\">Giuliani, Mauro : La Mariposa Opus  30  N\u00ba 31 &#8211; PDF + AUDIO de Manuel Esteban (guitarra cl\u00e1sica)<\/a><\/li><li><a href=\"https:\/\/reflejarte.es\/guitar-repertoire\/musicalia\/mauro-giulianila-mariposa-opus-30-no-17pdf-audio-de-manuel-esteban-guitarra-clasica\/\">Giuliani, Mauro: La Mariposa Opus  30  N\u00ba 17 &#8211; PDF + AUDIO de Manuel Esteban (guitarra cl\u00e1sica)<\/a><\/li><li><a href=\"https:\/\/reflejarte.es\/guitar-repertoire\/musicalia\/federico-moretti-principios-para-tocar-la-guitarra-de-seis-ordenes-pdf\/\">Moretti, Federico: Principios para tocar la guitarra de seis \u00f3rdenes. Precedidos de los Elementos generales de la m\u00fasica. (Madrid, 1799) &#8211; PDF<\/a><\/li><li><a href=\"https:\/\/reflejarte.es\/guitar-repertoire\/musicalia\/sor-fernando_estudio-en-si-menor-op-35-audio-by-m-esteban-guitarra\/\">Sor, Fernando: Estudio en Si menor Op. 35 \u2013 AUDIO\/mp3: Manuel Esteban, guitarra<\/a><\/li><\/ul>\n<hr \/>\n<p style=\"text-align: center;\"><a class=\"naveg\" href=\"#oben\"> \u00a0 \u2227 \u00a0<\/a><\/p>\n<hr \/>\n<p><a name=\"medio\"><\/a><\/p>\n<h3 style=\"text-align: center;\"><strong>=<\/strong> medio<\/h3>\n<ul class=\"lcp_catlist\" id=\"lcp_instance_0\"><li><a href=\"https:\/\/reflejarte.es\/guitar-repertoire\/musicalia\/aguado-dionisio-estudio-no7-libro-3-pdf\/\">Aguado, Dionisio: Estudio n\u00ba 7 Libro III &#8211; PDF<\/a><\/li><li><a href=\"https:\/\/reflejarte.es\/guitar-repertoire\/musicalia\/aguado-dionisio-estudio-no-7-libro-iii-audio-by-manuel-esteban\/\">Aguado, Dionisio: Estudio N\u00ba 7 Libro III \u2013 AUDIO  by Manuel Esteban<\/a><\/li><li><a href=\"https:\/\/reflejarte.es\/guitar-repertoire\/musicalia\/aguado-dionisio-estudio-no-7-libro-iii-pdf-audio-de-manuel-esteban-guitarra-clasica\/\">Aguado, Dionisio: Estudio N\u00ba 7 Libro III<br>PDF + AUDIO de Manuel Esteban (guitarra cl\u00e1sica)<\/a><\/li><li><a href=\"https:\/\/reflejarte.es\/guitar-repertoire\/musicalia\/attaingnant-branle-gay-folio-xvii-audio-manuel-esteban\/\">Attaingnant, Pierre de: Branle Gay Folio XVIII \u2013 AUDIO  by Manuel Esteban<\/a><\/li><li><a href=\"https:\/\/reflejarte.es\/guitar-repertoire\/musicalia\/attaingnant-pierre-branle-gay-folio-xviii-pdf\/\">Attaingnant, Pierre de: Branle Gay Folio XVIII \u2013 PDF<\/a><\/li><li><a href=\"https:\/\/reflejarte.es\/guitar-repertoire\/musicalia\/bremner-r-instructions-for-the-guitar-pdf\/\">Bremner, Robert: Instructions for the Guitar with a Collection of Airs, Songs &#038; Duets &#8211; PDF<\/a><\/li><li><a href=\"https:\/\/reflejarte.es\/guitar-repertoire\/musicalia\/campion-nicolas-traite-d-accompagnement-composition-regle-des-octaves-pdf\/\">Campion, Nicolas: Trait\u00e9 d&#8217;accompagnement et de composition selon la r\u00e8gle des octaves de musique &#8211; PDF<\/a><\/li><li><a href=\"https:\/\/reflejarte.es\/guitar-repertoire\/musicalia\/carcassi-matteo-six-valses-op-4-pdf\/\">Carcassi, Matteo: Six Valses Op. 4 &#8211; PDF<\/a><\/li><li><a href=\"https:\/\/reflejarte.es\/guitar-repertoire\/musicalia\/francisco-cimadevilla-metodo-de-guitarra-la-facil-progresion-pdf\/\">Cimadevilla, Francisco:  M\u00e9todo de guitarra. La f\u00e1cil progresi\u00f3n. &#8211; PDF<\/a><\/li><li><a href=\"https:\/\/reflejarte.es\/guitar-repertoire\/musicalia\/clases-de-guitarra\/\">CLASES de GUITARRA<\/a><\/li><li><a href=\"https:\/\/reflejarte.es\/guitar-repertoire\/musicalia\/federico-moretti-principios-para-tocar-la-guitarra-de-seis-ordenes-pdf\/\">Moretti, Federico: Principios para tocar la guitarra de seis \u00f3rdenes. Precedidos de los Elementos generales de la m\u00fasica. (Madrid, 1799) &#8211; PDF<\/a><\/li><li><a href=\"https:\/\/reflejarte.es\/guitar-repertoire\/musicalia\/sor-fernando_estudio-en-si-menor-op-35-pdf\/\">Sor, Fernando: Estudio en Si menor Op. 35 &#8211; PDF<\/a><\/li><li><a href=\"https:\/\/reflejarte.es\/guitar-repertoire\/musicalia\/sor-fernando_estudio-en-si-menor-op-35-audio-by-m-esteban-guitarra\/\">Sor, Fernando: Estudio en Si menor Op. 35 \u2013 AUDIO\/mp3: Manuel Esteban, guitarra<\/a><\/li><li><a href=\"https:\/\/reflejarte.es\/guitar-repertoire\/musicalia\/sor-fernando-estudio-en-si-menor-op-35-pdf-audio\/\">Sor, Fernando: Estudio en Si menor Op. 35 \u00b7 PDF + AUDIO<\/a><\/li><\/ul>\n<hr \/>\n<p style=\"text-align: center;\"><a class=\"naveg\" href=\"#oben\"> \u00a0 \u2227 \u00a0<\/a><\/p>\n<hr \/>\n<p><a name=\"alto\"><\/a><\/p>\n<h3 style=\"text-align: center;\"><strong>&equiv;<\/strong> alto<\/h3>\n<ul class=\"lcp_catlist\" id=\"lcp_instance_0\"><li><a href=\"https:\/\/reflejarte.es\/guitar-repertoire\/musicalia\/albinoni-tomaso-sonata-i-op-6-trattenimenti-armonici-per-camera-violin-guitarra-pdf\/\">Albinoni, Tomaso: Sonata I &#8211; Op. 6<br>Trattenimenti Armonici per camera &#8211; viol\u00edn &#038; transcripci\u00f3n para guitarra &#8211; PDF<\/a><\/li><li><a href=\"https:\/\/reflejarte.es\/guitar-repertoire\/musicalia\/bach-invenciones1-4-7-bwv772-775-778-transcription-guitarra-pdf\/\">Bach, Johann Sebastian: Invenciones a dos voces 1, 4 y 7 (BWV  772, 775 y 778) <br>Nueva transcripci\u00f3n para guitarra &#8211; PDF<\/a><\/li><li><a href=\"https:\/\/reflejarte.es\/guitar-repertoire\/musicalia\/beethoven-ludwigvan-clarodeluna-arreglo-de-francisco-tarrega-pdf\/\">Beethoven, Ludwig van: Claro de Luna  \u00b7  Arreglo de Francisco T\u00e1rrega  &#8211; PDF<\/a><\/li><li><a href=\"https:\/\/reflejarte.es\/guitar-repertoire\/musicalia\/clases-de-guitarra\/\">CLASES de GUITARRA<\/a><\/li><li><a href=\"https:\/\/reflejarte.es\/guitar-repertoire\/musicalia\/coste-napoleon-valses-brillantes-para-dos-guitarras-pdf\/\">Coste, Napoleon: Valses brillantes para dos guitarras &#8211; PDF<\/a><\/li><li><a href=\"https:\/\/reflejarte.es\/guitar-repertoire\/musicalia\/dowland-john-sir-john-smith-his-almainepdf-audio-de-manuel-esteban-guitarra-clasica\/\">Dowland, John: Sir John Smith His Almaine &#8211; PDF + AUDIO de Manuel Esteban (guitarra cl\u00e1sica)<\/a><\/li><li><a href=\"https:\/\/reflejarte.es\/guitar-repertoire\/musicalia\/fossa-francois-tres-trios-concertantes-pdf\/\">Fossa, Fran\u00e7ois de: Tres tr\u00edos concertantes op.18 &#8211; PDF<\/a><\/li><li><a href=\"https:\/\/reflejarte.es\/guitar-repertoire\/musicalia\/kummer-gaspard-serenataparaflautaviolayguitarra-op83-pdf\/\">Kummer, Gaspard: Serenata para flauta viola y guitarra op. 83 &#8211; PDF<\/a><\/li><li><a href=\"https:\/\/reflejarte.es\/guitar-repertoire\/musicalia\/mozart-wolfgang-amadeus-marcha-turca-sonata-no-11-en-la-mayor-kv-331-300i-pdf\/\">Mozart, Wolfgang Amadeus: Marcha Turca (Sonata n\u00ba 11 en la mayor) KV 331\/300i &#8211; PDF<\/a><\/li><li><a href=\"https:\/\/reflejarte.es\/guitar-repertoire\/musicalia\/reusner-esaias-passacaglia-en-re-mayor_pdf-audio-de-manuel-esteban-guitarra-clasica\/\">Reusner, Esaias: Passacaglia en Re Mayor &#8211; PDF + AUDIO de Manuel Esteban (guitarra cl\u00e1sica)<\/a><\/li><li><a href=\"https:\/\/reflejarte.es\/guitar-repertoire\/musicalia\/roncalli-ludovico_passacaglia_pdf-audio-de-manuel-esteban-guitarra-clasica\/\">Roncalli, Ludovico: Passacaglia \u00b7 PDF + AUDIO de Manuel Esteban (guitarra cl\u00e1sica)<\/a><\/li><li><a href=\"https:\/\/reflejarte.es\/guitar-repertoire\/musicalia\/tarrega-francisco-pavana-al-estilo-antiguo-pdf-audio\/\">T\u00e1rrega, Francisco: Pavana al estilo antiguo \u2013 PDF + AUDIO<\/a><\/li><li><a href=\"https:\/\/reflejarte.es\/guitar-repertoire\/musicalia\/weiss-silvius-leopold-chacona-suite-viii-transcription-guitarra-pdf\/\">Weiss, Silvius Leopold: Chacona de la Suite VIII (Manuscrito de Londres) <br>Transcripci\u00f3n para guitarra &#8211; PDF<\/a><\/li><\/ul>\n<hr \/>\n<p style=\"text-align: center;\"><a class=\"naveg\" href=\"#oben\"> \u00a0 \u2227 \u00a0<\/a><\/p>\n<hr \/>\n<p><a name=\"muyalto\"><\/a><\/p>\n<h3 style=\"text-align: center;\"><strong>&#8803;<\/strong> muy alto<\/h3>\n<ul class=\"lcp_catlist\" id=\"lcp_instance_0\"><li><a href=\"https:\/\/reflejarte.es\/guitar-repertoire\/musicalia\/clases-de-guitarra\/\">CLASES de GUITARRA<\/a><\/li><li><a href=\"https:\/\/reflejarte.es\/guitar-repertoire\/musicalia\/baile-lorca-composicion-manuel-esteban-canciones-redondas-album-rounded-songs-la-reverie-cantica-video\/\">Esteban, Manuel (composici\u00f3n) \u00b7 Garcia Lorca, F. (letra): BAILE &#8211; video<\/a><\/li><li><a href=\"https:\/\/reflejarte.es\/guitar-repertoire\/musicalia\/esteban-manuel-composicion-%c2%b7-garcia-lorca-f-letra-baladilla-de-los-tres-rios-video\/\">Esteban, Manuel (composici\u00f3n) \u00b7 Garcia Lorca, F. (letra): Baladilla de los tres r\u00edos &#8211; video<\/a><\/li><li><a href=\"https:\/\/reflejarte.es\/guitar-repertoire\/musicalia\/esteban-manuel-composicion-%c2%b7-garcia-lorca-f-letra-cancion-china-en-europa-video\/\">Esteban, Manuel (composici\u00f3n) \u00b7 Garcia Lorca, F. (letra): Canci\u00f3n china en Europa &#8211; video<\/a><\/li><li><a href=\"https:\/\/reflejarte.es\/guitar-repertoire\/musicalia\/cantica-cuarteto-romance-de-la-pena-negra-video\/\">La R\u00eaverie &#8211; C\u00e1ntica Cuarteto: El Romance de la pena negra <br>(Esteban, M.: composici\u00f3n &#8211; Garc\u00eda Lorca, F.: letra ) &#8211; VIDEO<\/a><\/li><li><a href=\"https:\/\/reflejarte.es\/guitar-repertoire\/musicalia\/alma-de-cuerda-soul-of-string-guitarra-santur-y-oud-la-reverie-2011-mp3-wav\/\">La R\u00eaverie:  Alma de cuerda \u00b7 Soul of String <br>Satie, Debussy, Falla, Grieg, Lorca y T\u00e1rrega  en guitarra, santur, oud<\/a><\/li><li><a href=\"https:\/\/reflejarte.es\/guitar-repertoire\/musicalia\/tarrega-francisco-recuerdos-de-la-alhambra-pdf\/\">T\u00e1rrega, Francisco: Recuerdos de la Alhambra \u2013 PDF<\/a><\/li><\/ul>\n<hr \/>\n<p style=\"text-align: center;\"><a class=\"naveg\" href=\"#oben\"> \u00a0 \u2227 \u00a0<\/a><\/p>\n<hr \/>\n","protected":false},"excerpt":{"rendered":"<p>Lista de todas las partituras ordenadas por niveles &#8211; b\u00e1sico &nbsp; &nbsp; &nbsp; = medio &nbsp; &nbsp; &nbsp; &equiv;\u00a0 alto &nbsp; &nbsp; &nbsp; &#8803; muy alto &#8211; b\u00e1sico \u00a0 \u2227 \u00a0 = medio \u00a0 \u2227 \u00a0 &equiv; alto \u00a0 \u2227 \u00a0 &#8803; muy alto \u00a0 \u2227 \u00a0<\/p>\n","protected":false},"author":1,"featured_media":0,"parent":0,"menu_order":0,"comment_status":"closed","ping_status":"closed","template":"","meta":{"footnotes":""},"class_list":["post-2462","page","type-page","status-publish","hentry"],"_links":{"self":[{"href":"https:\/\/reflejarte.es\/guitar-repertoire\/wp-json\/wp\/v2\/pages\/2462","targetHints":{"allow":["GET"]}}],"collection":[{"href":"https:\/\/reflejarte.es\/guitar-repertoire\/wp-json\/wp\/v2\/pages"}],"about":[{"href":"https:\/\/reflejarte.es\/guitar-repertoire\/wp-json\/wp\/v2\/types\/page"}],"author":[{"embeddable":true,"href":"https:\/\/reflejarte.es\/guitar-repertoire\/wp-json\/wp\/v2\/users\/1"}],"replies":[{"embeddable":true,"href":"https:\/\/reflejarte.es\/guitar-repertoire\/wp-json\/wp\/v2\/comments?post=2462"}],"version-history":[{"count":26,"href":"https:\/\/reflejarte.es\/guitar-repertoire\/wp-json\/wp\/v2\/pages\/2462\/revisions"}],"predecessor-version":[{"id":3923,"href":"https:\/\/reflejarte.es\/guitar-repertoire\/wp-json\/wp\/v2\/pages\/2462\/revisions\/3923"}],"wp:attachment":[{"href":"https:\/\/reflejarte.es\/guitar-repertoire\/wp-json\/wp\/v2\/media?parent=2462"}],"curies":[{"name":"wp","href":"https:\/\/api.w.org\/{rel}","templated":true}]}}