{"id":174,"date":"2020-09-10T17:51:15","date_gmt":"2020-09-10T15:51:15","guid":{"rendered":"http:\/\/reflejarte.es\/neushop\/?page_id=174"},"modified":"2021-09-29T18:50:53","modified_gmt":"2021-09-29T16:50:53","slug":"about-guitar-repertoire-com","status":"publish","type":"page","link":"https:\/\/reflejarte.es\/guitar-repertoire\/inicio\/about-guitar-repertoire-com\/","title":{"rendered":"<b>repertorio de guitarra<\/b><br><b>Guitar Repertoire<\/b>  \u00b7 <b>repertoire de guitare<\/b> \u00b7  <b>Gitarrenrepertoire<\/b>"},"content":{"rendered":"<p>&nbsp;<\/p>\n<p>&nbsp;<\/p>\n<p><img loading=\"lazy\" decoding=\"async\" class=\"wp-image-3944 size-full alignleft\" title=\"Manuel Esteban \u00b7 clases de guitarra y teor\u00eda musical @ guitar-repertoire.com\" src=\"https:\/\/reflejarte.es\/guitar-repertoire\/wp-content\/uploads\/2018\/03\/Mperfil2.jpg\" alt=\"Manuel Esteban \u00b7 clases de guitarra y teor\u00eda musical @ guitar-repertoire.com\" width=\"225\" height=\"350\" srcset=\"https:\/\/reflejarte.es\/guitar-repertoire\/wp-content\/uploads\/2018\/03\/Mperfil2.jpg 225w, https:\/\/reflejarte.es\/guitar-repertoire\/wp-content\/uploads\/2018\/03\/Mperfil2-150x233.jpg 150w, https:\/\/reflejarte.es\/guitar-repertoire\/wp-content\/uploads\/2018\/03\/Mperfil2-96x150.jpg 96w, https:\/\/reflejarte.es\/guitar-repertoire\/wp-content\/uploads\/2018\/03\/Mperfil2-193x300.jpg 193w\" sizes=\"auto, (max-width: 225px) 100vw, 225px\" \/><strong>Repertorio de guitarra<\/strong> ofrece <a href=\"https:\/\/reflejarte.es\/guitar-repertoire\/collection\/partituras\/autor\/esteban-manuel-compositor\/\">obras compuestas, transcritas o <\/a><a href=\"https:\/\/reflejarte.es\/guitar-repertoire\/collection\/partituras\/autor\/esteban-manuel-compositor\/\">arregladas<\/a> por Manuel Esteban, guitarrista cl\u00e1sico y compositor, y una gran oferta de partituras de descarga libre.<\/p>\n<p>Encontrar\u00e1s muchas <a href=\"https:\/\/reflejarte.es\/guitar-repertoire\/collection\/musica-audiovisual\/\">piezas interpretadas por Manuel Esteban a la guitarra cl\u00e1sica (archivos de audio que acompa\u00f1an la partitura en pdf)<\/a>, que te facilitar\u00e1n el estudio autodidacta y te ayudar\u00e1n a mejorar tu t\u00e9cnica interpretativa.<br \/>\nSi necesitas un poco de ayuda en solfeo, encontrar\u00e1s \u00fatil la<a href=\"https:\/\/reflejarte.es\/guitar-repertoire\/maestro-de-musica_escritura-musical-para-guitarristas\/\"> introducci\u00f3n a la notaci\u00f3n musical<\/a> para conseguir leer partituras.<br \/>\nHay piezas concebidas para <a href=\"https:\/\/reflejarte.es\/guitar-repertoire\/collection\/partituras\/instrumentacion\/g\/\">guitarra sola<\/a> o <a href=\"https:\/\/reflejarte.es\/guitar-repertoire\/collection\/partituras\/instrumentacion\/\">acompa\u00f1ada de otros instrumentos<\/a>, transcripciones de temas escritos para cuerdas o vientos, de la\u00fad, vihuela, clave, piano o incluso para orquestas.<br \/>\nTambi\u00e9n hay piezas para m\u00fasica de c\u00e1mara, con diversas instrumentaciones de viento o cuerda combinadas con la guitarra: flauta, oboe, viol\u00edn, viola, cello, voz etc.<br \/>\nLas <a href=\"https:\/\/reflejarte.es\/guitar-repertoire\/collection\/licencia\/copyright\/\">partituras con derecho de autor<\/a>, los <a href=\"https:\/\/reflejarte.es\/guitar-repertoire\/collection\/musica-audiovisual\/_cd\/\">cds f\u00edsicos<\/a> o <a href=\"https:\/\/reflejarte.es\/guitar-repertoire\/collection\/musica-audiovisual\/_wav\/\">\u00e1lbum<\/a><a href=\"https:\/\/reflejarte.es\/guitar-repertoire\/collection\/musica-audiovisual\/_wav\/\">es en wav<\/a> pueden adquirirse <a href=\"https:\/\/reflejarte.es\/guitar-repertoire\/contact\/\" target=\"_blank\" rel=\"noopener noreferrer\">contact\u00e1ndonos<\/a>. Las de dominio p\u00fablico se encuentran en la <a href=\"https:\/\/reflejarte.es\/guitar-repertoire\/collection\/licencia\/libre\/\">colecci\u00f3n de descarga gratuita<\/a>.<br \/>\nY no por \u00faltimo ofrecemos <a href=\"https:\/\/reflejarte.es\/guitar-repertoire\/collection\/musica-audiovisual\/_video-musical\/\">videos de algunos conciertos de La R\u00eaverie<\/a> -ensemble fundado y dirigido por Manuel Esteban- por si te interesa <a href=\"https:\/\/reflejarte.es\/guitar-repertoire\/musicalia\/contratacion\/\">contratar una actuaci\u00f3n<\/a>.<\/p>\n<p>&nbsp;<\/p>\n<hr \/>\n<p style=\"text-align: center;\">English<\/p>\n<hr \/>\n<p><img loading=\"lazy\" decoding=\"async\" class=\"wp-image-4132 size-full alignright\" title=\"Manuel Esteban, guitarra cl\u00e1sica @ guitar-repertoire.com\" src=\"https:\/\/reflejarte.es\/guitar-repertoire\/wp-content\/uploads\/2019\/04\/EstebanCanyar_guitarra.jpg\" alt=\"Manuel Esteban, guitarra cl\u00e1sica @ guitar-repertoire.com\" width=\"300\" height=\"270\" srcset=\"https:\/\/reflejarte.es\/guitar-repertoire\/wp-content\/uploads\/2019\/04\/EstebanCanyar_guitarra.jpg 300w, https:\/\/reflejarte.es\/guitar-repertoire\/wp-content\/uploads\/2019\/04\/EstebanCanyar_guitarra-150x135.jpg 150w\" sizes=\"auto, (max-width: 300px) 100vw, 300px\" \/><\/p>\n<p><strong>Guitar Repertoire<\/strong> offers <a href=\"https:\/\/reflejarte.es\/guitar-repertoire\/collection\/partituras\/autor\/esteban-manuel-compositor\/\">works composed, transcribed or arranged by Manuel Esteban<\/a>, classical guitarist and composer.<br \/>\nA lot of free<a href=\"https:\/\/reflejarte.es\/guitar-repertoire\/collection\/musica-audiovisual\/\"> scores are accompanied by audio archives, interpreted on the guitar by Manuel Esteban<\/a>. They are specially useful for autodidactic studies and self-taught learners who will also find an<a href=\"https:\/\/reflejarte.es\/guitar-repertoire\/maestro-de-musica_escritura-musical-para-guitarristas\/\"> introduction to musical notation<\/a> (Spanish).<br \/>\nThere are pieces conceived for <a href=\"https:\/\/reflejarte.es\/guitar-repertoire\/collection\/partituras\/instrumentacion\/g\/\">guitar alone<\/a> or <a href=\"https:\/\/reflejarte.es\/guitar-repertoire\/collection\/partituras\/instrumentacion\/\">accompanied by other instruments<\/a>, transcriptions of songs written for strings or winds, lute, vihuela, clave, piano or even for orchestras.<br \/>\nThere are also chamber music scores, with various wind or string instruments combined with the guitar: flute, oboe, violin, viola, cello, voice etc.<br \/>\nThe <a href=\"https:\/\/reflejarte.es\/guitar-repertoire\/collection\/licencia\/copyright\/\">copyrighted scores<\/a>, <a href=\"https:\/\/reflejarte.es\/guitar-repertoire\/collection\/musica-audiovisual\/_cd\/\">cds<\/a> and <a href=\"https:\/\/reflejarte.es\/guitar-repertoire\/collection\/musica-audiovisual\/_wav\/\">albums in wav<\/a> format\u00a0 can be purchased <a href=\"https:\/\/reflejarte.es\/guitar-repertoire\/contact\/\" target=\"_blank\" rel=\"noopener noreferrer\">via our contact form<\/a>. Those in the public domain can be found in the <a href=\"https:\/\/reflejarte.es\/guitar-repertoire\/collection\/licencia\/libre\/\">free download collection<\/a>.<br \/>\nLast but not least, have a look at some of our <a href=\"https:\/\/reflejarte.es\/guitar-repertoire\/collection\/musica-audiovisual\/_video-musical\/\">videos with La Reverie in concert<\/a>: in case you would be interested in <a href=\"https:\/\/reflejarte.es\/guitar-repertoire\/musicalia\/contratacion\/\">hiring a performance<\/a>.<\/p>\n<hr \/>\n<p style=\"text-align: center;\">Fran\u00e7ais<\/p>\n<hr \/>\n<p><strong>Repertoire de guitare<\/strong> propose des <a href=\"https:\/\/reflejarte.es\/guitar-repertoire\/collection\/partituras\/autor\/esteban-manuel-compositor\/\">\u0153uvres compos\u00e9es, transcrites ou arrang\u00e9es par Manuel Esteban<\/a>, guitariste et compositeur classique, en plus d&#8217;une interessante collection de partitions pour guitare et d&#8217;instrumentations diverses, de t\u00e9l\u00e9chargement libre.<br \/>\n<img loading=\"lazy\" decoding=\"async\" class=\"alignleft wp-image-3937 size-medium\" title=\"La R\u00eaverie \u00b7 Juan Manuel Rubio, santur &amp; Manuel Esteban, guitarra\" src=\"https:\/\/reflejarte.es\/guitar-repertoire\/wp-content\/uploads\/2018\/03\/laReverie-bn-300x200.jpg\" alt=\"La R\u00eaverie \u00b7 Juan Manuel Rubio, santur &amp; Manuel Esteban, guitarra\" width=\"300\" height=\"200\" srcset=\"https:\/\/reflejarte.es\/guitar-repertoire\/wp-content\/uploads\/2018\/03\/laReverie-bn-300x200.jpg 300w, https:\/\/reflejarte.es\/guitar-repertoire\/wp-content\/uploads\/2018\/03\/laReverie-bn-324x216.jpg 324w, https:\/\/reflejarte.es\/guitar-repertoire\/wp-content\/uploads\/2018\/03\/laReverie-bn-416x277.jpg 416w, https:\/\/reflejarte.es\/guitar-repertoire\/wp-content\/uploads\/2018\/03\/laReverie-bn-150x100.jpg 150w, https:\/\/reflejarte.es\/guitar-repertoire\/wp-content\/uploads\/2018\/03\/laReverie-bn-600x400.jpg 600w, https:\/\/reflejarte.es\/guitar-repertoire\/wp-content\/uploads\/2018\/03\/laReverie-bn.jpg 750w\" sizes=\"auto, (max-width: 300px) 100vw, 300px\" \/>Une partie des partitions s&#8217;accompagnent de <a href=\"https:\/\/reflejarte.es\/guitar-repertoire\/collection\/musica-audiovisual\/\">fichiers audio interpret\u00e9s \u00e0 la guitare par Manuel Esteban<\/a>. Ces audios seront sp\u00e9cialement utiles aux autodidactes de diff\u00e9rents niveaux et une guide pour les principiants.<br \/>\nLes moins initi\u00e9s solf\u00e8ge trouveront aussi une <a href=\"https:\/\/reflejarte.es\/guitar-repertoire\/maestro-de-musica_escritura-musical-para-guitarristas\/\">introduction \u00e0 la notation musicale<\/a> (en espagnol).<br \/>\nVous y trouvez des pi\u00e8ces con\u00e7ues pour la <a href=\"https:\/\/reflejarte.es\/guitar-repertoire\/collection\/partituras\/instrumentacion\/g\/\">guitare seule<\/a> ou <a href=\"https:\/\/reflejarte.es\/guitar-repertoire\/collection\/partituras\/instrumentacion\/\">accompagn\u00e9es d&#8217;autres instruments<\/a>, des transcriptions de chansons \u00e9crites pour cordes ou vents, luth, vihuela, clave, piano ou m\u00eame pour orchestre.<br \/>\nDe m\u00eame il s&#8217;y trouvent des partitions de musique de chambre, pour divers instruments \u00e0 vent ou \u00e0 cordes combin\u00e9s \u00e0 la guitare: fl\u00fbte, hautbois, violon, alto, violoncelle, voix, etc.<br \/>\nLes <a href=\"https:\/\/reflejarte.es\/guitar-repertoire\/collection\/licencia\/copyright\/\">partitions prot\u00e9g\u00e9es par droit d&#8217;auteur<\/a>, <a href=\"https:\/\/reflejarte.es\/guitar-repertoire\/collection\/musica-audiovisual\/_cd\/\">cds<\/a> et<a href=\"https:\/\/reflejarte.es\/guitar-repertoire\/collection\/musica-audiovisual\/_wav\/\"> albums en format wav<\/a> sont disponibles par <a href=\"https:\/\/reflejarte.es\/guitar-repertoire\/contact\/\" target=\"_blank\" rel=\"noopener noreferrer\">formulaire de contact<\/a>. Celles de domaine public peuvent \u00eatre trouv\u00e9es dans la <a href=\"https:\/\/reflejarte.es\/guitar-repertoire\/collection\/licencia\/libre\/\">collection de t\u00e9l\u00e9chargement gratuit<\/a>.<br \/>\nAu cas ou vous \u00e9tiez <a href=\"https:\/\/reflejarte.es\/guitar-repertoire\/musicalia\/contratacion\/\">int\u00e9ress\u00e9 \u00e0 engager les musiciens<\/a>, vous trouvez ici quelques<a href=\"https:\/\/reflejarte.es\/guitar-repertoire\/collection\/musica-audiovisual\/_video-musical\/\"> vid\u00e9os de concerts ou d&#8217;autres performances de La R\u00eaverie<\/a>.<\/p>\n<hr \/>\n<p style=\"text-align: center;\">Deutsch<\/p>\n<hr \/>\n<p><strong>Gitarren-Repertoire<\/strong> ist eine Web f\u00fcr Sologitarristen und andere Gitarrenbegeisterte, Autodidakten und f\u00fcr Gitarrenspieler, die Partituren suchen, um mit anderen Instrumentalisten\u00a0 gemeinsam zu musizieren.<br \/>\nBei Gitarren-Repertoire gibt es Werke vom Komponisten und klassischen Gitarristen <a href=\"https:\/\/reflejarte.es\/guitar-repertoire\/collection\/partituras\/autor\/esteban-manuel-compositor\/\"><strong>Manuel Esteban<\/strong>: sowohl von ihm selbst komponierte Themen als auch Transkriptionen und Arrangements<\/a> von St\u00fccken anderer Musiker, umgeschrieben f\u00fcr die Gitarre und weitere Instrumente.<img loading=\"lazy\" decoding=\"async\" class=\"alignleft size-medium wp-image-4133\" src=\"https:\/\/reflejarte.es\/guitar-repertoire\/wp-content\/uploads\/2019\/04\/EstebanCanyar-LaReverie-201x300.jpg\" alt=\"Manuel Esteban - La R\u00eaverie\" width=\"201\" height=\"300\" srcset=\"https:\/\/reflejarte.es\/guitar-repertoire\/wp-content\/uploads\/2019\/04\/EstebanCanyar-LaReverie-201x300.jpg 201w, https:\/\/reflejarte.es\/guitar-repertoire\/wp-content\/uploads\/2019\/04\/EstebanCanyar-LaReverie-100x150.jpg 100w, https:\/\/reflejarte.es\/guitar-repertoire\/wp-content\/uploads\/2019\/04\/EstebanCanyar-LaReverie.jpg 300w\" sizes=\"auto, (max-width: 201px) 100vw, 201px\" \/><br \/>\n<a href=\"https:\/\/reflejarte.es\/guitar-repertoire\/collection\/musica-audiovisual\/\">Audiodateien, interpretiert auf der Gitarre von Manuel Esteban, begleiten eine Reihe von Pdf-Partituren<\/a> unterschiedlicher Niveauxstufen.\u00a0 Besonders autodidaktische Lerner k\u00f6nnen ihre Interpretationen daran orientieren. F\u00fcr Neulinge in der Musiklehre gibt es auch eine <a href=\"https:\/\/reflejarte.es\/guitar-repertoire\/maestro-de-musica_escritura-musical-para-guitarristas\/\">Einf\u00fchrung ins Notenlesen<\/a> (auf Spanisch) .<\/p>\n<p>Ausserdem stellen wir eine Sammlung von Partituren zur Verf\u00fcgung, die in das Repertoire jedes Gitarristen geh\u00f6ren. Eine Reihe der hier vorgestellten Partituren wurde direkt f\u00fcr die <a href=\"https:\/\/reflejarte.es\/guitar-repertoire\/collection\/partituras\/instrumentacion\/g\/\">Solo-Gitarre<\/a> geschrieben, viele auch f\u00fcr ihre Vorg\u00e4nger -wie Laute, Vihuela und andere Zupfinstrumente- kreiert.<br \/>\nIn vielen Transkriptionen \u00fcbernimmt die Gitarre den Part anderer Saiten- und Blasinstrumente wie Cembalo oder Klavier. Manchmal ersetzt sie gar ein ganzes Orchester.<br \/>\nAuch Kammermusikst\u00fccke sind hier zu finden, die die <a href=\"https:\/\/reflejarte.es\/guitar-repertoire\/collection\/partituras\/instrumentacion\/\">unterschiedlichsten Instrumentierungen<\/a> kombinieren: Fl\u00f6te, Oboe, Geige, Bratsche, Cello, Gesang&#8230; etc.<br \/>\nDie <a href=\"https:\/\/reflejarte.es\/guitar-repertoire\/collection\/licencia\/copyright\/\">urheberrechtlich gesch\u00fctzten Partituren<\/a>, <a href=\"https:\/\/reflejarte.es\/guitar-repertoire\/collection\/musica-audiovisual\/_cd\/\">Cds<\/a> und <a href=\"https:\/\/reflejarte.es\/guitar-repertoire\/collection\/musica-audiovisual\/_wav\/\">Alben im wav-Format<\/a> k\u00f6nnen per <a href=\"https:\/\/reflejarte.es\/guitar-repertoire\/contact\/\" target=\"_blank\" rel=\"noopener noreferrer\">E-Mail<\/a> bestellt werden. Die <a href=\"https:\/\/reflejarte.es\/guitar-repertoire\/collection\/licencia\/libre\/\">Sammlung \u00f6ffentlich zug\u00e4nglicher St\u00fccke steht zum kostenlosen Download zur Verf\u00fcgung<\/a>.<br \/>\nUnd nicht zuletzt gibt es eine Reihe von <a href=\"https:\/\/reflejarte.es\/guitar-repertoire\/collection\/musica-audiovisual\/_video-musical\/\">Videos von \u00f6ffentlichen Auftritten des Ensembles La R\u00eaverie<\/a> zu sehen.<br \/>\nFalls Sie an einem Auftritt von Manuel Esteban oder seiner Ensembles (La R\u00eaverie, C\u00c1NTICA Cuarteto, El Sombrero del Alquimista) interessiert sind, finden Sie Information unter <a href=\"https:\/\/reflejarte.es\/guitar-repertoire\/musicalia\/contratacion\/\">Engagement<\/a>, oder kontaktieren Sie uns direkt \u00fcber\u00a0unser <a href=\"https:\/\/reflejarte.es\/guitar-repertoire\/contact\/\">Kontaktformular<\/a>.<\/p>\n<hr \/>\n<p>&nbsp;<\/p>\n","protected":false},"excerpt":{"rendered":"<p>&nbsp; &nbsp; Repertorio de guitarra ofrece obras compuestas, transcritas o arregladas por Manuel Esteban, guitarrista cl\u00e1sico y compositor, y una gran oferta de partituras de descarga libre. Encontrar\u00e1s muchas piezas interpretadas por Manuel Esteban a la guitarra cl\u00e1sica (archivos de audio que acompa\u00f1an la partitura en pdf), que te facilitar\u00e1n el estudio autodidacta y te [&hellip;]<\/p>\n","protected":false},"author":1,"featured_media":0,"parent":102,"menu_order":0,"comment_status":"closed","ping_status":"closed","template":"","meta":{"footnotes":""},"class_list":["post-174","page","type-page","status-publish","hentry"],"_links":{"self":[{"href":"https:\/\/reflejarte.es\/guitar-repertoire\/wp-json\/wp\/v2\/pages\/174","targetHints":{"allow":["GET"]}}],"collection":[{"href":"https:\/\/reflejarte.es\/guitar-repertoire\/wp-json\/wp\/v2\/pages"}],"about":[{"href":"https:\/\/reflejarte.es\/guitar-repertoire\/wp-json\/wp\/v2\/types\/page"}],"author":[{"embeddable":true,"href":"https:\/\/reflejarte.es\/guitar-repertoire\/wp-json\/wp\/v2\/users\/1"}],"replies":[{"embeddable":true,"href":"https:\/\/reflejarte.es\/guitar-repertoire\/wp-json\/wp\/v2\/comments?post=174"}],"version-history":[{"count":35,"href":"https:\/\/reflejarte.es\/guitar-repertoire\/wp-json\/wp\/v2\/pages\/174\/revisions"}],"predecessor-version":[{"id":4623,"href":"https:\/\/reflejarte.es\/guitar-repertoire\/wp-json\/wp\/v2\/pages\/174\/revisions\/4623"}],"up":[{"embeddable":true,"href":"https:\/\/reflejarte.es\/guitar-repertoire\/wp-json\/wp\/v2\/pages\/102"}],"wp:attachment":[{"href":"https:\/\/reflejarte.es\/guitar-repertoire\/wp-json\/wp\/v2\/media?parent=174"}],"curies":[{"name":"wp","href":"https:\/\/api.w.org\/{rel}","templated":true}]}}