{"id":260,"date":"2021-02-15T20:34:18","date_gmt":"2021-02-15T20:34:18","guid":{"rendered":"https:\/\/reflejarte.es\/elsombrerodelalquimista\/?page_id=260"},"modified":"2021-02-15T21:24:44","modified_gmt":"2021-02-15T21:24:44","slug":"videos-de-el-sombrero-del-alquimista","status":"publish","type":"page","link":"https:\/\/reflejarte.es\/elsombrerodelalquimista\/conciertos\/videos-de-el-sombrero-del-alquimista\/","title":{"rendered":"Videos de El Sombrero del Alquimista"},"content":{"rendered":"<h1 style=\"text-align: center;\">Videos de El Sombrero del Alquimista<\/h1>\n<p>&nbsp;<\/p>\n<p>En esta secci\u00f3n publicamos algunos videos grabados durante los conciertos de El Sombrero del Alquimista para que puedas verlos en acci\u00f3n y en diferentes escenarios.<\/p>\n<p><b>\u00a0:\u00a0\u00a0<\/b><a href=\"#tamsara1\">Aires armenios (Tamsara) (TVE 2012)<\/a><br \/>\n<b>\u00a0:\u00a0\u00a0<\/b><a href=\"#luna\">La danza de la luna (TVE 2012)<\/a><br \/>\n<b>\u00a0:\u00a0\u00a0<\/b><a href=\"#\u00c7e&amp;ccdil;en Kizi\">\u00c7e\u00e7en Kizi (UMA 2009)<\/a><br \/>\n<b>\u00a0:\u00a0\u00a0<\/b><a href=\"#juegodecolores\">Juego de colores (UMA 2009)<\/a><br \/>\n<b>\u00a0:\u00a0\u00a0<\/b><a href=\"#vozrota\">Voz rota (UMA 2009)<\/a><br \/>\n<b>\u00a0:\u00a0\u00a0<\/b><a href=\"#tamsara2\">Tamsara (UMA 2009)<\/a><br \/>\n<b>\u00a0:\u00a0\u00a0<\/b><a href=\"#gonulhayran\">G\u00f6n\u00fcl hayran (Carmona 2009)<\/a><\/p>\n<p>Para ver m\u00e1s videos de El Sombrero del Alquimista en Youtube, pulsa <a href=\"https:\/\/www.youtube.com\/results?search_query=El+sombrero+del+alquimista+\" target=\"_blank\" rel=\"noopener\">aqu\u00ed<\/a><\/p>\n<hr \/>\n<p><big><a name=\"tamsara1\"><\/a><\/big><\/p>\n<h3><\/h3>\n<h2 style=\"text-align: center;\">Tamsara &#8211; Aires armenios<a name=\"tamsara1\"><\/a><\/h2>\n<p>Grabaci\u00f3n del grupo EL SOMBRERO DEL ALQUIMISTA para el programa \u00abTVE es m\u00fasica\u00bb de la 1\u00aa de RTVE realizado en la Bah\u00eda de C\u00e1diz a bordo de la goleta \u00abSadko\u00bb, el 17 de Marzo del 2012.<\/p>\n<p>El tema es una melod\u00eda tradicional armenia, adaptada y arreglada por Manuel Esteban<\/p>\n<p><a name=\"tamsara1\"><\/a><\/p>\n<p style=\"text-align: center;\"><a name=\"tamsara1\"><\/a> <iframe loading=\"lazy\" src=\"https:\/\/www.youtube.com\/embed\/MNdrDPGI8Hs\" width=\"560\" height=\"315\" frameborder=\"0\" allowfullscreen=\"allowfullscreen\" data-mce-fragment=\"1\"><\/iframe><\/p>\n<h5 style=\"text-align: center;\">El Sombrero del Alquimista en tr\u00edo interpreta \u00abTamsara\u00bb en el golfo de C\u00e1diz<br \/>\nde izquierda a derecha:<br \/>\nManuel Esteban (guitarra), Ignacio B\u00e9jar (ney) y Erwin Grafe (violonchelo)<\/h5>\n<p style=\"text-align: center;\"><a href=\"https:\/\/youtu.be\/MNdrDPGI8Hs\" target=\"_blank\" rel=\"noopener\">ver este video en youtube <\/a><\/p>\n<p class=\"textj\"><big><a name=\"luna\"><\/a><\/big><\/p>\n<hr \/>\n<p class=\"textj\"><big><a name=\"luna\"><\/a><\/big><\/p>\n<h2 style=\"text-align: center;\">La danza de la luna<a name=\"luna\"><\/a><\/h2>\n<p>Otra grabaci\u00f3n del grupo EL SOMBRERO DEL ALQUIMISTA para el programa \u00abTVE es m\u00fasica\u00bb de la 1\u00aa de RTVE realizado en la Bah\u00eda de C\u00e1diz a bordo de la goleta \u00abSadko\u00bb, el 17 de Marzo del 2012.<\/p>\n<p>El tema es una composici\u00f3n de Ignacio B\u00e9jar.<\/p>\n<p><a name=\"luna\"><\/a><\/p>\n<p style=\"text-align: center;\"><a name=\"luna\"><\/a> <iframe loading=\"lazy\" src=\"https:\/\/www.youtube.com\/embed\/bfIFYDUJGqU\" width=\"560\" height=\"315\" frameborder=\"0\" allowfullscreen=\"allowfullscreen\" data-mce-fragment=\"1\"><\/iframe><\/p>\n<h5 style=\"text-align: center;\">El Sombrero del Alquimista en tr\u00edo interpreta \u00abLa danza de la luna\u00bb en el golfo de C\u00e1diz<br \/>\nde izquierda a derecha:<br \/>\nManuel Esteban (guitarra), Ignacio B\u00e9jar (ney) y Erwin Grafe (violonchelo)<\/h5>\n<p style=\"text-align: center;\"><a href=\"https:\/\/youtu.be\/bfIFYDUJGqU\" target=\"_blank\" rel=\"noopener\">ver este video en youtube <\/a><\/p>\n<p>&nbsp;<\/p>\n<hr \/>\n<p style=\"text-align: center;\"><big><a name=\"\u00c7e&amp;ccdil;en Kizi\"><\/a><\/big><\/p>\n<h2 style=\"text-align: center;\">\u00c7e\u00e7en Kizi<a name=\"\u00c7e&amp;ccdil;en Kizi\"><\/a><\/h2>\n<p>Este video fue grabado durante el concierto que El Sombrero del Alquimista dio en la Universidad de M\u00e1laga, durante el Ciclo de Nuevas M\u00fasicas, en mayo de 2009.<\/p>\n<p>El tema es una melod\u00eda tradicional turca, con arreglos de Ignacio B\u00e9jar y Manuel Esteban.<\/p>\n<p>El concierto fue organizado por el Vicerrectorado de Cultura y Relaciones Insititucionales de la Universidad de M\u00e1laga.<\/p>\n<p style=\"text-align: center;\"><a name=\"\u00c7e&amp;ccdil;en Kizi\"><\/a><br \/>\n<iframe loading=\"lazy\" src=\"https:\/\/www.youtube.com\/embed\/n8_a2mXrZhw\" width=\"560\" height=\"315\" frameborder=\"0\" allowfullscreen=\"allowfullscreen\"><\/iframe><\/p>\n<h5 style=\"text-align: center;\">El Sombrero del Alquimista en cuarteto interpreta \u00ab\u00c7e\u00e7en Kizi\u00bb<br \/>\nde izquierda a derecha:<br \/>\nRicardo Passos (bendir), Ignacio B\u00e9jar (ney), Manuel Esteban (vihuela) y JuanMa Rubio (santur)<\/h5>\n<p style=\"text-align: center;\"><a href=\"http:\/\/www.youtube.com\/watch?v=n8_a2mXrZhw\" target=\"_blank\" rel=\"noopener\">ver este video en youtube <\/a><\/p>\n<p>&nbsp;<\/p>\n<p>&nbsp;<\/p>\n<hr \/>\n<p class=\"textj\"><big><a name=\"juegodecolores\"><\/a><\/big><\/p>\n<h2 style=\"text-align: center;\">Juego de colores<a name=\"juegodecolores\"><\/a><\/h2>\n<p>Video grabado durante el concierto que El Sombrero del Alquimista dio en la Universidad de M\u00e1laga, durante el Ciclo de Nuevas M\u00fasicas, en mayo de 2009.<\/p>\n<p>Es un tema compuesto por Ignacio B\u00e9jar y Manuel Esteban.<\/p>\n<p>El concierto fue organizado por el Vicerrectorado de Cultura y Relaciones Insititucionales de la Universidad de M\u00e1laga.<br \/>\n(autor de la grabaci\u00f3n: UMATICA).<\/p>\n<p><a name=\"juegodecolores\"><\/a><\/p>\n<p style=\"text-align: center;\"><a name=\"juegodecolores\"><\/a> <iframe loading=\"lazy\" src=\"https:\/\/www.youtube.com\/embed\/SOY32TZmwj0\" width=\"560\" height=\"315\" frameborder=\"0\" allowfullscreen=\"allowfullscreen\"><\/iframe><\/p>\n<h5 style=\"text-align: center;\">El Sombrero del Alquimista en quinteto interpreta \u00abJuego de colores\u00bb<br \/>\nde izquierda a derecha:<br \/>\nEstanis Waflar (contrabajo), Ricardo Passos (saz), Ignacio B\u00e9jar (clarinete bajo), Manuel Esteban (guitarra) y JuanMa Rubio (santur y laud)<\/h5>\n<p style=\"text-align: center;\"><a href=\"http:\/\/www.youtube.com\/watch?v=SOY32TZmwj0\" target=\"_blank\" rel=\"noopener\">ver este video en youtube<\/a><\/p>\n<p>&nbsp;<\/p>\n<hr \/>\n<p style=\"text-align: center;\"><big><a name=\"vozrota\"><\/a><\/big><\/p>\n<h2 style=\"text-align: center;\">Voz rota<\/h2>\n<p>El video se grab\u00f3 durante el concierto que El sombrero del Alquimista dio en la Universidad de M\u00e1laga, durante el Ciclo de Nuevas M\u00fasicas, en mayo de 2009.<br \/>\nEl tema, compuesto por Ignacio B\u00e9jar y Manuel Esteban, es interpretado por ambos en esta grabaci\u00f3n.<\/p>\n<p style=\"text-align: center;\"><iframe loading=\"lazy\" src=\"https:\/\/www.youtube.com\/embed\/RQbrFz3Vucg\" width=\"560\" height=\"315\" frameborder=\"0\" allowfullscreen=\"allowfullscreen\"><\/iframe><\/p>\n<h5 style=\"text-align: center;\">Ignacio B\u00e9jar y Manuel Esteban interpretan \u00abVoz rota\u00bb<\/h5>\n<p style=\"text-align: center;\"><a href=\"http:\/\/www.youtube.com\/watch?v=RQbrFz3Vucg\" target=\"_blank\" rel=\"noopener\">ver este video en youtube <\/a><\/p>\n<p>&nbsp;<\/p>\n<hr \/>\n<p style=\"text-align: center;\"><big><a name=\"tamsara2\"><\/a><\/big><\/p>\n<h2 style=\"text-align: center;\">Tamsara<a name=\"tamsara2\"><\/a><\/h2>\n<p>El video fue grabado durante el concierto que El Sombrero del Alquimista dio en la Universidad de M\u00e1laga, durante el Ciclo de Nuevas M\u00fasicas, en mayo de 2009.<\/p>\n<p>El tema es una melod\u00eda tradicional armenia, adaptada y arreglada por Manuel Esteban<\/p>\n<p>El concierto fue organizado por el Vicerrectorado de Cultura y Relaciones Insititucionales de la Universidad de M\u00e1laga.<br \/>\n(autor de la grabaci\u00f3n: UMATICA).<\/p>\n<p><a name=\"tamsara2\"><\/a><\/p>\n<p style=\"text-align: center;\"><a name=\"tamsara2\"><\/a> <iframe loading=\"lazy\" src=\"https:\/\/www.youtube.com\/embed\/tJZtcd6BK-w\" width=\"560\" height=\"315\" frameborder=\"0\" allowfullscreen=\"allowfullscreen\"><\/iframe><\/p>\n<h5 style=\"text-align: center;\">El Sombrero del Alquimista en cuarteto interpreta \u00abTamsara\u00bb<br \/>\nde izquierda a derecha:<br \/>\nRicardo Passos (tombak), Ignacio B\u00e9jar (ney), Manuel Esteban (guitarra) y JuanMa Rubio (santur)<\/h5>\n<p style=\"text-align: center;\"><a href=\"http:\/\/www.youtube.com\/watch?v=tJZtcd6BK-w\" target=\"_blank\" rel=\"noopener\">ver este video en youtube <\/a><\/p>\n<p>&nbsp;<\/p>\n<hr \/>\n<p style=\"text-align: center;\"><big><a name=\"gonulhayran\"><\/a><\/big><\/p>\n<h2 style=\"text-align: center;\">G\u00f6n\u00fcl hayran<a name=\"gonulhayran\"><\/a><\/h2>\n<p>Grabaci\u00f3n hecha durante el concierto que El Sombrero del Alquimista dio en la iglesia San Felipe de Carmona \/ Sevilla, en el marco de las Jornadas Cecilianas de M\u00fasica 2009, el 26 de noviembre de 2009.<\/p>\n<p>El tema es una melod\u00eda tradicional turca, adaptada y arreglada por El Sombrero del Alquimista.<\/p>\n<p>El concierto fue organizado por la Delegaci\u00f3n de Cultura del Ayuntamiento de Carmona.<br \/>\n(autor de la grabaci\u00f3n: Karcomen).<\/p>\n<p>Int\u00e9rpretes:<\/p>\n<p>Ignacio B\u00e9jar: ney turco<br \/>\nManuel Esteban: vihuela<br \/>\nSalma Vives: violonchelo<br \/>\nSvetlana Ilina: danza<\/p>\n<p><a name=\"gonulhayran\"><\/a><\/p>\n<p style=\"text-align: center;\"><a name=\"gonulhayran\"><\/a><iframe loading=\"lazy\" src=\"https:\/\/www.youtube.com\/embed\/VJdB_tWLWDI\" width=\"560\" height=\"315\" frameborder=\"0\" allowfullscreen=\"allowfullscreen\"><\/iframe><\/p>\n<h5 style=\"text-align: center;\">El Sombrero del Alquimista en tr\u00edo interpreta \u00abG\u00f6n\u00fcl hayran\u00bb<br \/>\nde izquierda a derecha:<br \/>\nIgnacio B\u00e9jar (ney), Manuel Esteban (vihuela) y Salma Vives (violonchelo)<br \/>\nSvetlana Ilina (danza)<\/h5>\n<p style=\"text-align: center;\"><a href=\"http:\/\/www.youtube.com\/watch?v=VJdB_tWLWDI\" target=\"_blank\" rel=\"noopener\">ver este video en youtube <\/a><\/p>\n<p>&nbsp;<\/p>\n<hr \/>\n<p>&nbsp;<\/p>\n<p>&nbsp;<\/p>\n<p><img decoding=\"async\" class=\"aligncenter\" src=\"https:\/\/reflejarte.es\/elsombrerodelalquimista\/videos_files\/sombrerodelalquimista-4color.jpg\" alt=\"El Sombrero del Alquimista en el concierto del Castillo de Bil-Bil, Benalm\u00e1dena 2009\" width=\"450\" align=\"middle\" \/><\/p>\n<h5 style=\"text-align: center;\">El Sombrero del Alquimista durante el concierto<br \/>\nen el Castillo de Bil-Bil, Benalm\u00e1dena 2009<br \/>\n(Foto: Lui G. Mar\u00edn)<\/h5>\n","protected":false},"excerpt":{"rendered":"<p>Videos de El Sombrero del Alquimista &nbsp; En esta secci\u00f3n publicamos algunos videos grabados durante los conciertos de El Sombrero del Alquimista para que puedas verlos en acci\u00f3n y en diferentes escenarios. \u00a0:\u00a0\u00a0Aires armenios (Tamsara) (TVE 2012) \u00a0:\u00a0\u00a0La danza de la luna (TVE 2012) \u00a0:\u00a0\u00a0\u00c7e\u00e7en Kizi (UMA 2009) \u00a0:\u00a0\u00a0Juego de colores (UMA 2009) \u00a0:\u00a0\u00a0Voz rota (UMA 2009) \u00a0:\u00a0\u00a0Tamsara (UMA 2009) \u00a0:\u00a0\u00a0G\u00f6n\u00fcl hayran (Carmona 2009) Para ver m\u00e1s videos de El Sombrero del Alquimista en Youtube, pulsa aqu\u00ed Tamsara &#8211; Aires armenios Grabaci\u00f3n del grupo EL SOMBRERO DEL ALQUIMISTA para el programa \u00abTVE es m\u00fasica\u00bb de la 1\u00aa de RTVE realizado[ &#8230; ]<\/p>\n<p> <a class=\"continue-reading-link\" href=\"https:\/\/reflejarte.es\/elsombrerodelalquimista\/conciertos\/videos-de-el-sombrero-del-alquimista\/\"><span>Seguir leyendo &gt;&gt;<\/span><i class=\"crycon-right-dir\"><\/i><\/a> <\/p>\n","protected":false},"author":1,"featured_media":0,"parent":103,"menu_order":0,"comment_status":"closed","ping_status":"closed","template":"","meta":{"footnotes":""},"class_list":["post-260","page","type-page","status-publish","hentry"],"_links":{"self":[{"href":"https:\/\/reflejarte.es\/elsombrerodelalquimista\/wp-json\/wp\/v2\/pages\/260","targetHints":{"allow":["GET"]}}],"collection":[{"href":"https:\/\/reflejarte.es\/elsombrerodelalquimista\/wp-json\/wp\/v2\/pages"}],"about":[{"href":"https:\/\/reflejarte.es\/elsombrerodelalquimista\/wp-json\/wp\/v2\/types\/page"}],"author":[{"embeddable":true,"href":"https:\/\/reflejarte.es\/elsombrerodelalquimista\/wp-json\/wp\/v2\/users\/1"}],"replies":[{"embeddable":true,"href":"https:\/\/reflejarte.es\/elsombrerodelalquimista\/wp-json\/wp\/v2\/comments?post=260"}],"version-history":[{"count":5,"href":"https:\/\/reflejarte.es\/elsombrerodelalquimista\/wp-json\/wp\/v2\/pages\/260\/revisions"}],"predecessor-version":[{"id":265,"href":"https:\/\/reflejarte.es\/elsombrerodelalquimista\/wp-json\/wp\/v2\/pages\/260\/revisions\/265"}],"up":[{"embeddable":true,"href":"https:\/\/reflejarte.es\/elsombrerodelalquimista\/wp-json\/wp\/v2\/pages\/103"}],"wp:attachment":[{"href":"https:\/\/reflejarte.es\/elsombrerodelalquimista\/wp-json\/wp\/v2\/media?parent=260"}],"curies":[{"name":"wp","href":"https:\/\/api.w.org\/{rel}","templated":true}]}}