{"id":207,"date":"2021-02-14T08:38:22","date_gmt":"2021-02-14T08:38:22","guid":{"rendered":"https:\/\/reflejarte.es\/elsombrerodelalquimista\/?page_id=207"},"modified":"2021-02-14T11:45:13","modified_gmt":"2021-02-14T11:45:13","slug":"ignacio-bejar","status":"publish","type":"page","link":"https:\/\/reflejarte.es\/elsombrerodelalquimista\/los-musicos\/ignacio-bejar\/","title":{"rendered":"Ignacio B\u00e9jar"},"content":{"rendered":"<h1 class=\"textj\" style=\"text-align: center;\"><big>Ignacio B\u00e9jar<\/big><\/h1>\n<h4 style=\"text-align: center;\">ney turco, clarinete bajo,\u00a0\u00a0clarinete turco,<br \/>\nsaxos tenor y soprano, oud<\/h4>\n<p>&nbsp;<\/p>\n<h6 style=\"text-align: center;\"><img decoding=\"async\" class=\"aligncenter\" src=\"https:\/\/reflejarte.es\/elsombrerodelalquimista\/artistas_files\/IgnacioBejar.jpg\" alt=\"Ignacio B\u00e9jar tocando el ney\" width=\"350\" \/>Ignacio B\u00e9jar tocando el ney<\/h6>\n<p>&nbsp;<\/p>\n<p>Es m\u00fasico y compositor de formaci\u00f3n autodidacta.<br \/>\nToca gran variedad de instrumentos: ney turco (flauta de ca\u00f1a), clarinete bajo, saxos tenor y soprano, clarinete turco, flauta, E.w.i, teclados.<\/p>\n<p>Nace en Bilbao en el 63, pero crece en M\u00e1laga, y desde los 80 participa activamente en la escena musical andaluza, formando parte de un gran numero de formaciones de los mas diversos estilos (rock, jazz, avant garde, world music, etc).<\/p>\n<p>Su principal inter\u00e9s es la b\u00fasqueda de un lenguaje universal por medio de la m\u00fasica, lo que le ha llevado a realizar m\u00faltiples viajes y a propiciar encuentros con m\u00fasicos de diferentes culturas y tradiciones, adem\u00e1s de investigar en nuevas formas de expresi\u00f3n, utilizando la improvisaci\u00f3n como nexo de uni\u00f3n.<\/p>\n<p>Ha realizado estudios de piano y armon\u00eda con Ken Ecury, que desarrolla un novedoso m\u00e9todo de jazz y m\u00fasica contempor\u00e1nea.<\/p>\n<p><img loading=\"lazy\" decoding=\"async\" class=\"alignleft wp-image-166\" src=\"https:\/\/reflejarte.es\/elsombrerodelalquimista\/wp-content\/uploads\/2021\/02\/manosflautaecualizado222200.jpg\" alt=\"Ignacio tocando el ney\" width=\"398\" height=\"222\" srcset=\"https:\/\/reflejarte.es\/elsombrerodelalquimista\/wp-content\/uploads\/2021\/02\/manosflautaecualizado222200.jpg 384w, https:\/\/reflejarte.es\/elsombrerodelalquimista\/wp-content\/uploads\/2021\/02\/manosflautaecualizado222200-300x167.jpg 300w, https:\/\/reflejarte.es\/elsombrerodelalquimista\/wp-content\/uploads\/2021\/02\/manosflautaecualizado222200-150x84.jpg 150w, https:\/\/reflejarte.es\/elsombrerodelalquimista\/wp-content\/uploads\/2021\/02\/manosflautaecualizado222200-250x139.jpg 250w\" sizes=\"auto, (max-width: 398px) 100vw, 398px\" \/>Ha estudiado ney, m\u00fasica tradicional de Turqu\u00eda, Asia Central, m\u00fasica suf\u00ed y musicoterapia oriental con el Dr. Oruc Guvenc de Estambul, y con su grupo, TUMATA, ha realizado numerosos conciertos por Turqu\u00eda, Alemania y Espa\u00f1a. Tambi\u00e9n participa como m\u00fasico en rituales de giro de los derviches (SEMA) en Espa\u00f1a y Turqu\u00eda.<\/p>\n<p>Tiene publicado un trabajo en solitario \u201cEPIKEYA, la historia de un sue\u00f1o\u201d en el 2.000.<\/p>\n<p>Ha realizado varias bandas sonoras de pel\u00edculas (\u201dAngel\u201d de Pablo Cantos en 1.999) y documentales (\u201dSoldados en la sombra\u201d de Manuel Segura en 1.999).<\/p>\n<p>Ha participado en formaciones tan vanguardistas y novedosas como OIR \u2013 T, junto a Alain Pi\u00f1ero y Alejandro Bravo, recorriendo la geograf\u00eda andaluza con su m\u00fasica, destacando la participaci\u00f3n con este tr\u00edo en \u201cCONFLUENCIAS\u201d de Huelva en el 2002, Festival organizado por Eduardo Polonio donde se dan cita los mayores exponentes de la improvisaci\u00f3n libre y la m\u00fasica contempor\u00e1nea a nivel internacional.<br \/>\nA su vez ha participado en ADUNA WEY, proyecto de fusi\u00f3n de m\u00fasica africana con jazz, m\u00fasica progresiva y experimental, con percusionistas \u201cgriottes\u201d de Mali y Senegal (Cheik Montero y Jorge Vera).<\/p>\n<p>Forma parte de RIFAK, grupo intercultural compuesto por m\u00fasicos de Marruecos y Espa\u00f1a, en el que se interpretan y revisan temas tradicionales y populares de Marruecos (m\u00fasica Shaavi).<\/p>\n<p>A su vez es miembro de CARAVASAR, de Sevilla, grupo hispano-marroqu\u00ed que plantea un recorrido por las diferentes m\u00fasicas tradicionales del Mediterr\u00e1neo (Turqu\u00eda, Grecia, Marruecos, T\u00fanez ), as\u00ed como la m\u00fasica de los Balcanes. Con este grupo ha realizado numerosos conciertos en teatros y festivales tanto en Espa\u00f1a, como en Portugal y Marruecos, participando en su disco \u201cALMINARES MEDITERRANEOS\u201d.<\/p>\n<p>Tambi\u00e9n participa en RIHLA, proyecto multimedia, auspiciado por la CEE y la Junta de Andaluc\u00eda, por el cual se realiza un encuentro entre el flamenco y la m\u00fasica andalus\u00ed de Marruecos, un hermanamiento a trav\u00e9s de la m\u00fasica.<\/p>\n<p>ESTAMBUL es otra de sus formaciones actuales, cuarteto en el que se fusiona la m\u00fasica popular y tradicional de oriente con el jazz.<\/p>\n<p><img loading=\"lazy\" decoding=\"async\" class=\"alignleft size-medium wp-image-159\" src=\"https:\/\/reflejarte.es\/elsombrerodelalquimista\/wp-content\/uploads\/2021\/02\/IgnacioBejar_al_ney-1-200x300.jpg\" alt=\"Ignacio Bejar al ney\" width=\"200\" height=\"300\" srcset=\"https:\/\/reflejarte.es\/elsombrerodelalquimista\/wp-content\/uploads\/2021\/02\/IgnacioBejar_al_ney-1-200x300.jpg 200w, https:\/\/reflejarte.es\/elsombrerodelalquimista\/wp-content\/uploads\/2021\/02\/IgnacioBejar_al_ney-1-100x150.jpg 100w, https:\/\/reflejarte.es\/elsombrerodelalquimista\/wp-content\/uploads\/2021\/02\/IgnacioBejar_al_ney-1.jpg 500w\" sizes=\"auto, (max-width: 200px) 100vw, 200px\" \/>Adem\u00e1s forma parte de KHAIRKAN (antes DUO ESTROBICORUS) donde se interpretan temas de creaci\u00f3n propia pero partiendo de las raices, con instrumentos y recursos de la m\u00fasica de India, suf\u00ed, de Mongolia, Australia, Turqu\u00eda. En Duo, junto a Alejandro Bravo ha realizado numerosos conciertos a lo largo del territorio nacional, actualmente han creado un cuarteto junto a Ricardo Passos y Fran Lucas, formaci\u00f3n con la que han actuado en la CASA DO MUSICA de Porto (Portugal).<\/p>\n<p>En Austria forma parte de un proyecto de m\u00fasica suf\u00ed, BARD ALLAH, con el m\u00fasico y musicoterapeuta Khalib Stanfel y con m\u00fasicos de Turqu\u00eda y Alemania, participando en su primer disco \u201cISLAM DAHAM\u201d y realizando conciertos por Austria y Alemania.<\/p>\n<p>Ha actuado en la FILARMONICA de BERLIN en dos ocasiones, dentro del Festival de Tangos y Flamenco, junto a Paco Lia\u00f1a.<\/p>\n<p><img loading=\"lazy\" decoding=\"async\" class=\"alignright wp-image-161\" src=\"https:\/\/reflejarte.es\/elsombrerodelalquimista\/wp-content\/uploads\/2021\/02\/IgnacioNey-464x1024.jpg\" alt=\"Ignacio B\u00e9jar, ney\" width=\"193\" height=\"426\" srcset=\"https:\/\/reflejarte.es\/elsombrerodelalquimista\/wp-content\/uploads\/2021\/02\/IgnacioNey-464x1024.jpg 464w, https:\/\/reflejarte.es\/elsombrerodelalquimista\/wp-content\/uploads\/2021\/02\/IgnacioNey-136x300.jpg 136w, https:\/\/reflejarte.es\/elsombrerodelalquimista\/wp-content\/uploads\/2021\/02\/IgnacioNey-68x150.jpg 68w, https:\/\/reflejarte.es\/elsombrerodelalquimista\/wp-content\/uploads\/2021\/02\/IgnacioNey.jpg 523w\" sizes=\"auto, (max-width: 193px) 100vw, 193px\" \/>Otro de sus proyecto es EL SOMBRERO DEL ALQUIMISTA, con Manuel Esteban a la guitarra cl\u00e1sica, aparte de otros m\u00fasicos, con un repertorio de temas originales en los que se combina la m\u00fasica cl\u00e1sica espa\u00f1ola, oriental, contempor\u00e1nea y el jazz, entre otras.<\/p>\n<p>Ha dirigido varios espect\u00e1culos multimedia en los que se auna la m\u00fasica con las im\u00e1genes, la narraci\u00f3n y la interpretaci\u00f3n como \u201dENCUENTRO DE NUEVAS MUSICAS\u201d, y \u201dMUSICA SIN FRONTERAS\u201d.<\/p>\n<p>Simult\u00e1neamente reliza conciertos did\u00e1cticos de \u201cM\u00fasicas del Mundo\u201d y \u201cLa M\u00e1quina del Jazz\u201d en colegios e institutos, y tambi\u00e9n imparte talleres y sesiones de musicoterapia oriental.<\/p>\n<p>Adem\u00e1s, junto con Svetlana Ilina ha creado el espect\u00e1culo \u201cABUELO CU\u00c9NTAME\u201d donde fusiona el cuentacuentos con el concierto did\u00e1ctico, danza e interpretaci\u00f3n esc\u00e9nica.<\/p>\n<p>M\u00e1s informaci\u00f3n en su web\u00a0 <a href=\"https:\/\/ignaciobejar.com\" target=\"_blank\" rel=\"noopener\">ignaciobejar.com<\/a><\/p>\n<p><img loading=\"lazy\" decoding=\"async\" class=\"aligncenter size-full wp-image-153\" src=\"https:\/\/reflejarte.es\/elsombrerodelalquimista\/wp-content\/uploads\/2021\/02\/absolutmarbellaelsombrerodelalquimista.jpg\" alt=\"Ignacio B\u00e9jar y El Sombrero del Alquimista\" width=\"400\" height=\"300\" srcset=\"https:\/\/reflejarte.es\/elsombrerodelalquimista\/wp-content\/uploads\/2021\/02\/absolutmarbellaelsombrerodelalquimista.jpg 400w, https:\/\/reflejarte.es\/elsombrerodelalquimista\/wp-content\/uploads\/2021\/02\/absolutmarbellaelsombrerodelalquimista-300x225.jpg 300w, https:\/\/reflejarte.es\/elsombrerodelalquimista\/wp-content\/uploads\/2021\/02\/absolutmarbellaelsombrerodelalquimista-150x113.jpg 150w, https:\/\/reflejarte.es\/elsombrerodelalquimista\/wp-content\/uploads\/2021\/02\/absolutmarbellaelsombrerodelalquimista-200x150.jpg 200w\" sizes=\"auto, (max-width: 400px) 100vw, 400px\" \/><\/p>\n<h6 style=\"text-align: center;\">Ignacio B\u00e9jar (ney) y El Sombrero del Alquimista<\/h6>\n<p>&nbsp;<\/p>\n","protected":false},"excerpt":{"rendered":"<p>Ignacio B\u00e9jar ney turco, clarinete bajo,\u00a0\u00a0clarinete turco, saxos tenor y soprano, oud &nbsp; Ignacio B\u00e9jar tocando el ney &nbsp; Es m\u00fasico y compositor de formaci\u00f3n autodidacta. Toca gran variedad de instrumentos: ney turco (flauta de ca\u00f1a), clarinete bajo, saxos tenor y soprano, clarinete turco, flauta, E.w.i, teclados. Nace en Bilbao en el 63, pero crece en M\u00e1laga, y desde los 80 participa activamente en la escena musical andaluza, formando parte de un gran numero de formaciones de los mas diversos estilos (rock, jazz, avant garde, world music, etc). Su principal inter\u00e9s es la b\u00fasqueda de un lenguaje universal por medio[ &#8230; ]<\/p>\n<p> <a class=\"continue-reading-link\" href=\"https:\/\/reflejarte.es\/elsombrerodelalquimista\/los-musicos\/ignacio-bejar\/\"><span>Seguir leyendo &gt;&gt;<\/span><i class=\"crycon-right-dir\"><\/i><\/a> <\/p>\n","protected":false},"author":1,"featured_media":0,"parent":198,"menu_order":0,"comment_status":"closed","ping_status":"closed","template":"","meta":{"footnotes":""},"class_list":["post-207","page","type-page","status-publish","hentry"],"_links":{"self":[{"href":"https:\/\/reflejarte.es\/elsombrerodelalquimista\/wp-json\/wp\/v2\/pages\/207","targetHints":{"allow":["GET"]}}],"collection":[{"href":"https:\/\/reflejarte.es\/elsombrerodelalquimista\/wp-json\/wp\/v2\/pages"}],"about":[{"href":"https:\/\/reflejarte.es\/elsombrerodelalquimista\/wp-json\/wp\/v2\/types\/page"}],"author":[{"embeddable":true,"href":"https:\/\/reflejarte.es\/elsombrerodelalquimista\/wp-json\/wp\/v2\/users\/1"}],"replies":[{"embeddable":true,"href":"https:\/\/reflejarte.es\/elsombrerodelalquimista\/wp-json\/wp\/v2\/comments?post=207"}],"version-history":[{"count":6,"href":"https:\/\/reflejarte.es\/elsombrerodelalquimista\/wp-json\/wp\/v2\/pages\/207\/revisions"}],"predecessor-version":[{"id":259,"href":"https:\/\/reflejarte.es\/elsombrerodelalquimista\/wp-json\/wp\/v2\/pages\/207\/revisions\/259"}],"up":[{"embeddable":true,"href":"https:\/\/reflejarte.es\/elsombrerodelalquimista\/wp-json\/wp\/v2\/pages\/198"}],"wp:attachment":[{"href":"https:\/\/reflejarte.es\/elsombrerodelalquimista\/wp-json\/wp\/v2\/media?parent=207"}],"curies":[{"name":"wp","href":"https:\/\/api.w.org\/{rel}","templated":true}]}}