{"id":202,"date":"2021-02-14T00:13:08","date_gmt":"2021-02-14T00:13:08","guid":{"rendered":"https:\/\/reflejarte.es\/elsombrerodelalquimista\/?page_id=202"},"modified":"2021-02-14T11:36:25","modified_gmt":"2021-02-14T11:36:25","slug":"manuel-esteban-guitarra-vihuela","status":"publish","type":"page","link":"https:\/\/reflejarte.es\/elsombrerodelalquimista\/los-musicos\/manuel-esteban-guitarra-vihuela\/","title":{"rendered":"Manuel Esteban, guitarra cl\u00e1sica, vihuela"},"content":{"rendered":"<h6 class=\"textc\" style=\"text-align: center;\"><img decoding=\"async\" class=\"aligncenter\" src=\"https:\/\/reflejarte.es\/elsombrerodelalquimista\/artistas_files\/GuitarraManuelEsteban.jpg\" alt=\"Manuel Esteban a la guitarra\" align=\"middle\" \/>Manuel Esteban a la guitarra<\/h6>\n<h1 style=\"text-align: center;\">Manuel Esteban, guitarra<\/h1>\n<p>&nbsp;<\/p>\n<p>M\u00fasico esencialmente autodidacta, aunque ha cursado estudios de teor\u00eda musical en la Open University y ha asistido a cursos magistrales con el guitarrista David Russel.<\/p>\n<p>La mayor parte de su actividad musical se ha desarrollado en el campo de la m\u00fasica antigua, con la vihuela como instrumento, por el que se siente profundamente interesado. Ha formado tr\u00edo con la soprano del Coro de Opera de M\u00e1laga Ana Isabel Santos y el contrabajista de la Orquesta Filarm\u00f3nica de la misma ciudad Carsten Markwardt, interpretando obras originales de este \u00faltimo.<\/p>\n<p><img loading=\"lazy\" decoding=\"async\" class=\"size-medium wp-image-169 alignleft\" src=\"https:\/\/reflejarte.es\/elsombrerodelalquimista\/wp-content\/uploads\/2021\/02\/manuelvihuelaecualizado97080-300x169.jpg\" alt=\"Manuel tocando la vihuela\" width=\"300\" height=\"169\" srcset=\"https:\/\/reflejarte.es\/elsombrerodelalquimista\/wp-content\/uploads\/2021\/02\/manuelvihuelaecualizado97080-300x169.jpg 300w, https:\/\/reflejarte.es\/elsombrerodelalquimista\/wp-content\/uploads\/2021\/02\/manuelvihuelaecualizado97080-150x84.jpg 150w, https:\/\/reflejarte.es\/elsombrerodelalquimista\/wp-content\/uploads\/2021\/02\/manuelvihuelaecualizado97080-250x141.jpg 250w, https:\/\/reflejarte.es\/elsombrerodelalquimista\/wp-content\/uploads\/2021\/02\/manuelvihuelaecualizado97080.jpg 384w\" sizes=\"auto, (max-width: 300px) 100vw, 300px\" \/>Ha dado conciertos en numerosas ciudades espa\u00f1olas, en Francia y en Alemania, y ha grabado, junto a la soprano y music\u00f3loga Palmira Irisarri y la flautista Liliana Rodr\u00edguez, varios discos de obras vocales e instrumentales del Renacimiento:<br \/>\n<a id=\"ad\" href=\"http:\/\/reflejarte.es\/musicadelvacio\/mdvS\/discos2.php\" target=\"_blank\" rel=\"noopener\">M\u00fasica antigua para un tiempo vac\u00edo<\/a>\u00a0y<br \/>\n<a id=\"ad\" href=\"http:\/\/lareverie.es\/mosaico-antiguo-con-guitarra-esteban-canyar\/\" target=\"_blank\" rel=\"noopener\">Mosaico antiguo con guitarra<\/a>.<\/p>\n<p><img loading=\"lazy\" decoding=\"async\" class=\" wp-image-162 alignright\" src=\"https:\/\/reflejarte.es\/elsombrerodelalquimista\/wp-content\/uploads\/2021\/02\/improvisaciones6x6x72.jpg\" alt=\"improvisaciones Manuel Esteban &amp; Ignacio B\u00e9jar\" width=\"183\" height=\"183\" srcset=\"https:\/\/reflejarte.es\/elsombrerodelalquimista\/wp-content\/uploads\/2021\/02\/improvisaciones6x6x72.jpg 170w, https:\/\/reflejarte.es\/elsombrerodelalquimista\/wp-content\/uploads\/2021\/02\/improvisaciones6x6x72-150x150.jpg 150w\" sizes=\"auto, (max-width: 183px) 100vw, 183px\" \/><\/p>\n<p>&nbsp;<\/p>\n<p>Ha creado, junto al instrumentista de viento <a href=\"https:\/\/reflejarte.es\/elsombrerodelalquimista\/los-musicos\/ignacio-bejar\/\">Ignacio B\u00e9jar<\/a>,<br \/>\n<a id=\"ad\" href=\"https:\/\/reflejarte.es\/elsombrerodelalquimista\/\">EL SOMBRERO DEL ALQUIMISTA<\/a>, grupo m\u00e1s experimental, que fusiona m\u00fasicas diversas -andalus\u00ed y\u00a0oriental, antigua y\u00a0<span style=\"font-family: 'Trebuchet MS', Arial, Helvetica, sans-serif;\">contempor\u00e1nea-\u00a0 en sus composiciones.<\/span><\/p>\n<p>&nbsp;<\/p>\n<p>Con esta formaci\u00f3n ha dado m\u00faltiples conciertos, entre los que se pueden destacar el ofrecido en la Casa de Dal\u00ed, en el marco del Festival Internacional de Cadaqu\u00e9s de 2007, o los realizados en la Sala Gades del Teatro Cervantes de M\u00e1laga en Noviembre de 2006 y Mayo de 2007, y en innumerables festivales &#8230;<\/p>\n<p><img loading=\"lazy\" decoding=\"async\" class=\"alignleft wp-image-132\" src=\"https:\/\/reflejarte.es\/elsombrerodelalquimista\/wp-content\/uploads\/2021\/02\/cdELSOMBRERODELALQUIMISTA-300x271.jpg\" alt=\"cd EL SOMBRERO DEL ALQUIMISTA\" width=\"187\" height=\"169\" srcset=\"https:\/\/reflejarte.es\/elsombrerodelalquimista\/wp-content\/uploads\/2021\/02\/cdELSOMBRERODELALQUIMISTA-300x271.jpg 300w, https:\/\/reflejarte.es\/elsombrerodelalquimista\/wp-content\/uploads\/2021\/02\/cdELSOMBRERODELALQUIMISTA-150x135.jpg 150w, https:\/\/reflejarte.es\/elsombrerodelalquimista\/wp-content\/uploads\/2021\/02\/cdELSOMBRERODELALQUIMISTA-166x150.jpg 166w, https:\/\/reflejarte.es\/elsombrerodelalquimista\/wp-content\/uploads\/2021\/02\/cdELSOMBRERODELALQUIMISTA.jpg 500w\" sizes=\"auto, (max-width: 187px) 100vw, 187px\" \/><\/p>\n<p>&nbsp;<\/p>\n<p>En 2009, el grupo ha producido el cd que lleva por t\u00edtulo el mismo nombre: <a href=\"https:\/\/reflejarte.es\/elsombrerodelalquimista\/album-el-sombrero-del-alquimista\/\">El Sombrero del Alquimista<\/a>, con temas de creaci\u00f3n propia.<\/p>\n<p>&nbsp;<\/p>\n<p>&nbsp;<\/p>\n<p>Junto con <a href=\"https:\/\/reflejarte.es\/elsombrerodelalquimista\/los-musicos\/juan-manuel-rubio-santur-oud\/\">Juan Manuel Rubio<\/a> (santur, oud) fund\u00f3 el ensemble <a href=\"http:\/\/lareverie.es\" target=\"_blank\" rel=\"noopener\">La R\u00eaverie<\/a> que se inici\u00f3 con el exitoso\u00a0<a id=\"ad\" href=\"http:\/\/lareverie.es\/alma-de-cuerda\/\" target=\"_blank\" rel=\"noopener\">\u00e1lbum Alma de cuerda \u00b7 Soul of String<\/a>, publicado por la prestigiosa discogr\u00e1fica magnatune.com, y la colecci\u00f3n <a href=\"http:\/\/lareverie.es\/music-of-spanish-gentlemen-%c2%b7-musica-de-los-gentilhombres\/\" target=\"_blank\" rel=\"noopener\">M\u00fasica de los gentilhombres &#8211; Music of Spanish Gentlemen<\/a>.<\/p>\n<p><img loading=\"lazy\" decoding=\"async\" class=\"aligncenter size-large wp-image-228\" src=\"https:\/\/reflejarte.es\/elsombrerodelalquimista\/wp-content\/uploads\/2021\/02\/Lareverie-portadaalbumstodos-1024x339.png\" alt=\"\u00e1lbumes de La Reverie \" width=\"900\" height=\"298\" srcset=\"https:\/\/reflejarte.es\/elsombrerodelalquimista\/wp-content\/uploads\/2021\/02\/Lareverie-portadaalbumstodos-1024x339.png 1024w, https:\/\/reflejarte.es\/elsombrerodelalquimista\/wp-content\/uploads\/2021\/02\/Lareverie-portadaalbumstodos-300x99.png 300w, https:\/\/reflejarte.es\/elsombrerodelalquimista\/wp-content\/uploads\/2021\/02\/Lareverie-portadaalbumstodos-768x254.png 768w, https:\/\/reflejarte.es\/elsombrerodelalquimista\/wp-content\/uploads\/2021\/02\/Lareverie-portadaalbumstodos-150x50.png 150w, https:\/\/reflejarte.es\/elsombrerodelalquimista\/wp-content\/uploads\/2021\/02\/Lareverie-portadaalbumstodos-250x83.png 250w, https:\/\/reflejarte.es\/elsombrerodelalquimista\/wp-content\/uploads\/2021\/02\/Lareverie-portadaalbumstodos.png 1263w\" sizes=\"auto, (max-width: 900px) 100vw, 900px\" \/><\/p>\n<p>Tambi\u00e9n ha creado el\u00a0<a id=\"ad\" href=\"http:\/\/lareverie.es\/album-cantica-musica-efimera-musica-eterna\/\" target=\"_blank\" rel=\"noopener\">Cuarteto C\u00e1ntica\u00a0<\/a>con el que ha publicado 2 discos, uno de <a href=\"http:\/\/lareverie.es\/album-cantica-musica-efimera-musica-eterna\/\" target=\"_blank\" rel=\"noopener\">\u00abM\u00fasica ef\u00edmera &#8211; m\u00fasica eterna\u00bb<\/a> y otro con composiciones propias, musicando poemas de Federico Garc\u00eda Lorca, <a id=\"ad\" href=\"http:\/\/lareverie.es\/rounded-songs-canciones-redondas\/\">Canciones redondas &#8211; Rounded Songs<\/a>.<br \/>\nJuntos han ofrecido multitud de conciertos, con un repertorio muy variado de m\u00fasica antigua, sefard\u00ed, tradicional espa\u00f1ola, y \u00e9tnica en general.<\/p>\n<p>&nbsp;<\/p>\n<p><img loading=\"lazy\" decoding=\"async\" class=\"alignleft wp-image-235\" src=\"https:\/\/reflejarte.es\/elsombrerodelalquimista\/wp-content\/uploads\/2021\/02\/Rounded_Songs-Canciones_Redondas-LaReverie-293x300.jpg\" alt=\"Rounded Songs - Canciones Redondas \u00b7 La Reverie\" width=\"209\" height=\"214\" srcset=\"https:\/\/reflejarte.es\/elsombrerodelalquimista\/wp-content\/uploads\/2021\/02\/Rounded_Songs-Canciones_Redondas-LaReverie-293x300.jpg 293w, https:\/\/reflejarte.es\/elsombrerodelalquimista\/wp-content\/uploads\/2021\/02\/Rounded_Songs-Canciones_Redondas-LaReverie-1000x1024.jpg 1000w, https:\/\/reflejarte.es\/elsombrerodelalquimista\/wp-content\/uploads\/2021\/02\/Rounded_Songs-Canciones_Redondas-LaReverie-768x786.jpg 768w, https:\/\/reflejarte.es\/elsombrerodelalquimista\/wp-content\/uploads\/2021\/02\/Rounded_Songs-Canciones_Redondas-LaReverie-1500x1536.jpg 1500w, https:\/\/reflejarte.es\/elsombrerodelalquimista\/wp-content\/uploads\/2021\/02\/Rounded_Songs-Canciones_Redondas-LaReverie-2000x2048.jpg 2000w, https:\/\/reflejarte.es\/elsombrerodelalquimista\/wp-content\/uploads\/2021\/02\/Rounded_Songs-Canciones_Redondas-LaReverie-146x150.jpg 146w\" sizes=\"auto, (max-width: 209px) 100vw, 209px\" \/><\/p>\n<p><a href=\"https:\/\/open.spotify.com\/artist\/0j0kISVp5ynwLWbMamTlM7\"><img loading=\"lazy\" decoding=\"async\" class=\"alignright wp-image-227 size-thumbnail\" src=\"https:\/\/reflejarte.es\/elsombrerodelalquimista\/wp-content\/uploads\/2021\/02\/avatar-La-ReverieSpotify-Manuel-Esteban-150x150.png\" alt=\"Escucha La Reverie en Spotify \u00b7 Manuel Esteban\" width=\"150\" height=\"150\" srcset=\"https:\/\/reflejarte.es\/elsombrerodelalquimista\/wp-content\/uploads\/2021\/02\/avatar-La-ReverieSpotify-Manuel-Esteban-150x150.png 150w, https:\/\/reflejarte.es\/elsombrerodelalquimista\/wp-content\/uploads\/2021\/02\/avatar-La-ReverieSpotify-Manuel-Esteban-300x300.png 300w, https:\/\/reflejarte.es\/elsombrerodelalquimista\/wp-content\/uploads\/2021\/02\/avatar-La-ReverieSpotify-Manuel-Esteban.png 750w\" sizes=\"auto, (max-width: 150px) 100vw, 150px\" \/><\/a><span style=\"font-family: 'Trebuchet MS', Arial, Helvetica, sans-serif;\">Manuel Esteban publica activamente en internet desde que existe <\/span><span style=\"font-family: 'Trebuchet MS', Arial, Helvetica, sans-serif;\">el fen\u00f3meno -podemos llamarlo as\u00ed- de la m\u00fasica libre, colocando sus temas primero en<\/span><span style=\"font-family: 'Trebuchet MS', Arial, Helvetica, sans-serif;\"> mp3.com, <\/span><a id=\"ad\" href=\"http:\/\/www.soundclick.com\/bands\/pagemusic.cfm?bandID=79201\" target=\"_blank\" rel=\"noopener\">soundclick.com<\/a><span style=\"font-family: 'Trebuchet MS', Arial, Helvetica, sans-serif;\">,\u00a0<\/span><a id=\"ad\" href=\"http:\/\/magnatune.com\/artists\/la_reverie\/\">magnatune.com<\/a><span style=\"font-family: 'Trebuchet MS', Arial, Helvetica, sans-serif;\"> , youtube y actualmente sobre todo en <\/span><a id=\"ad\" href=\"https:\/\/open.spotify.com\/artist\/0j0kISVp5ynwLWbMamTlM7\">Spotify<\/a><span style=\"font-family: 'Trebuchet MS', Arial, Helvetica, sans-serif;\">, donde est\u00e1 teniendo ya m\u00e1s de 250.000 escuchas.<\/span><\/p>\n<p>&nbsp;<\/p>\n<p><img loading=\"lazy\" decoding=\"async\" class=\"wp-image-215 alignleft\" src=\"https:\/\/reflejarte.es\/elsombrerodelalquimista\/wp-content\/uploads\/2021\/02\/Weiss-ChaconneSuite8_MS-London_guitar-repertoire-com-212x300.png\" alt=\"Chacona Suite VIII de Weiss, transcripci\u00f3n para guitarra de Manuel Esteban\" width=\"151\" height=\"214\" srcset=\"https:\/\/reflejarte.es\/elsombrerodelalquimista\/wp-content\/uploads\/2021\/02\/Weiss-ChaconneSuite8_MS-London_guitar-repertoire-com-212x300.png 212w, https:\/\/reflejarte.es\/elsombrerodelalquimista\/wp-content\/uploads\/2021\/02\/Weiss-ChaconneSuite8_MS-London_guitar-repertoire-com-106x150.png 106w, https:\/\/reflejarte.es\/elsombrerodelalquimista\/wp-content\/uploads\/2021\/02\/Weiss-ChaconneSuite8_MS-London_guitar-repertoire-com.png 300w\" sizes=\"auto, (max-width: 151px) 100vw, 151px\" \/><\/p>\n<p>Aparte de componer temas propios para guitarra, voz, flauta y\u00a0otros instrumentos,\u00a0 arregla y <a href=\"https:\/\/reflejarte.es\/guitar-repertoire\/tag\/transcrito-para-guitarra-%c2%b7-transcrit-pour-guitare-%c2%b7-transcribed-for-the-guitar-%c2%b7-ubertragung-fur-gitarre\/\" target=\"_blank\" rel=\"noopener\">transcribe<\/a> piezas de otros m\u00fasicos para la guitarra cl\u00e1sica. <img loading=\"lazy\" decoding=\"async\" class=\"alignright size-thumbnail wp-image-222\" src=\"https:\/\/reflejarte.es\/elsombrerodelalquimista\/wp-content\/uploads\/2021\/02\/cover-150x150.jpg\" alt=\"\" width=\"150\" height=\"150\" \/><\/p>\n<p>Manuel Esteban imparte <a id=\"ad\" href=\"http:\/\/guitar-repertoire.com\/musicalia\/clases-de-guitarra\/\" target=\"_blank\" rel=\"noopener\">clases de guitarra cl\u00e1sica y solfeo<\/a>\u00a0en M\u00e1laga.<\/p>\n<p>M\u00e1s informaci\u00f3n en sus webs<br \/>\n<a href=\"https:\/\/reflejarte.es\/guitar-repertoire\/\" target=\"_blank\" rel=\"noopener\">guitar-repertoire.com<\/a> y <a href=\"http:\/\/lareverie.es\" target=\"_blank\" rel=\"noopener\">lareverie.es<\/a><\/p>\n<p>&nbsp;<\/p>\n<p>&nbsp;<\/p>\n<p>&nbsp;<\/p>\n<p style=\"text-align: center;\"><img decoding=\"async\" class=\"aligncenter\" src=\"https:\/\/reflejarte.es\/elsombrerodelalquimista\/artistas_files\/ManuelEsteban.JPG\" alt=\"Manuel Esteban tocando la guitarra.\" \/><br \/>\nManuel Esteban tocando la guitarra<\/p>\n","protected":false},"excerpt":{"rendered":"<p>Manuel Esteban a la guitarra Manuel Esteban, guitarra &nbsp; M\u00fasico esencialmente autodidacta, aunque ha cursado estudios de teor\u00eda musical en la Open University y ha asistido a cursos magistrales con el guitarrista David Russel. La mayor parte de su actividad musical se ha desarrollado en el campo de la m\u00fasica antigua, con la vihuela como instrumento, por el que se siente profundamente interesado. Ha formado tr\u00edo con la soprano del Coro de Opera de M\u00e1laga Ana Isabel Santos y el contrabajista de la Orquesta Filarm\u00f3nica de la misma ciudad Carsten Markwardt, interpretando obras originales de este \u00faltimo. Ha dado conciertos[ &#8230; ]<\/p>\n<p> <a class=\"continue-reading-link\" href=\"https:\/\/reflejarte.es\/elsombrerodelalquimista\/los-musicos\/manuel-esteban-guitarra-vihuela\/\"><span>Seguir leyendo &gt;&gt;<\/span><i class=\"crycon-right-dir\"><\/i><\/a> <\/p>\n","protected":false},"author":1,"featured_media":0,"parent":198,"menu_order":0,"comment_status":"closed","ping_status":"closed","template":"","meta":{"footnotes":""},"class_list":["post-202","page","type-page","status-publish","hentry"],"_links":{"self":[{"href":"https:\/\/reflejarte.es\/elsombrerodelalquimista\/wp-json\/wp\/v2\/pages\/202","targetHints":{"allow":["GET"]}}],"collection":[{"href":"https:\/\/reflejarte.es\/elsombrerodelalquimista\/wp-json\/wp\/v2\/pages"}],"about":[{"href":"https:\/\/reflejarte.es\/elsombrerodelalquimista\/wp-json\/wp\/v2\/types\/page"}],"author":[{"embeddable":true,"href":"https:\/\/reflejarte.es\/elsombrerodelalquimista\/wp-json\/wp\/v2\/users\/1"}],"replies":[{"embeddable":true,"href":"https:\/\/reflejarte.es\/elsombrerodelalquimista\/wp-json\/wp\/v2\/comments?post=202"}],"version-history":[{"count":10,"href":"https:\/\/reflejarte.es\/elsombrerodelalquimista\/wp-json\/wp\/v2\/pages\/202\/revisions"}],"predecessor-version":[{"id":256,"href":"https:\/\/reflejarte.es\/elsombrerodelalquimista\/wp-json\/wp\/v2\/pages\/202\/revisions\/256"}],"up":[{"embeddable":true,"href":"https:\/\/reflejarte.es\/elsombrerodelalquimista\/wp-json\/wp\/v2\/pages\/198"}],"wp:attachment":[{"href":"https:\/\/reflejarte.es\/elsombrerodelalquimista\/wp-json\/wp\/v2\/media?parent=202"}],"curies":[{"name":"wp","href":"https:\/\/api.w.org\/{rel}","templated":true}]}}