{"id":198,"date":"2021-02-14T00:07:49","date_gmt":"2021-02-14T00:07:49","guid":{"rendered":"https:\/\/reflejarte.es\/elsombrerodelalquimista\/?page_id=198"},"modified":"2021-02-14T11:36:50","modified_gmt":"2021-02-14T11:36:50","slug":"los-musicos","status":"publish","type":"page","link":"https:\/\/reflejarte.es\/elsombrerodelalquimista\/los-musicos\/","title":{"rendered":"Los m\u00fasicos"},"content":{"rendered":"<h1 id=\"L\" class=\"gross\" style=\"text-align: center;\">LOS M\u00daSICOS DE<br \/>\nEL SOMBRERO DEL ALQUIMISTA<\/h1>\n<p>&nbsp;<\/p>\n<p>Los m\u00fasicos que han creado el proyecto de El Sombrero del Alquimista son unos profesionales con dilatada experiencia en diferentes campos de la m\u00fasica:<br \/>\nno solo saben interpretar piezas ajenas con toda clase de instrumentos de viento, cuerda y percusi\u00f3n.<br \/>\nSon sobre todo compositores e improvisadores que nos ofrecen sus propias obras as\u00ed como adaptaciones de temas tradicionales mediterr\u00e1neos: ellos mismos componen, transcriben, improvisan, arreglan e interpretan unos trabajos novedosos que escapan al etiquetaje corriente.<\/p>\n<p>Fusionan elementos modernos y antiguos, europeos y orientales.<br \/>\nMezclan ritmos e influencias de las culturas cristiana, musulmana y sefard\u00ed y crean una m\u00fasica nueva, trabajando tanto con ingredientes y t\u00e9cnicas tradicionales y populares como cl\u00e1sicos o renacentistas.<\/p>\n<p>Su gran experiencia y su s\u00f3lida formaci\u00f3n musical les permite alcanzar un alt\u00edsimo nivel en sus obras, que gustan tanto al profano como al m\u00e1s exigente de los music\u00f3filos.<\/p>\n<p><img loading=\"lazy\" decoding=\"async\" class=\"size-full wp-image-163 alignleft\" src=\"https:\/\/reflejarte.es\/elsombrerodelalquimista\/wp-content\/uploads\/2021\/02\/Man-e-Ign-10x7-1.jpg\" alt=\"Manuel Esteban (guitarra) &amp; Ignacio B\u00e9jar (ney) \" width=\"256\" height=\"394\" srcset=\"https:\/\/reflejarte.es\/elsombrerodelalquimista\/wp-content\/uploads\/2021\/02\/Man-e-Ign-10x7-1.jpg 256w, https:\/\/reflejarte.es\/elsombrerodelalquimista\/wp-content\/uploads\/2021\/02\/Man-e-Ign-10x7-1-195x300.jpg 195w, https:\/\/reflejarte.es\/elsombrerodelalquimista\/wp-content\/uploads\/2021\/02\/Man-e-Ign-10x7-1-97x150.jpg 97w\" sizes=\"auto, (max-width: 256px) 100vw, 256px\" \/><\/p>\n<p>&nbsp;<\/p>\n<p class=\"text\"><a href=\"https:\/\/reflejarte.es\/elsombrerodelalquimista\/manuel-esteban\/\">Manuel Esteban<\/a><br \/>\nint\u00e9rprete (guitarra) y compositor<\/p>\n<p class=\"text\" style=\"text-align: left;\"><a href=\"https:\/\/reflejarte.es\/elsombrerodelalquimista\/los-musicos\/ignacio-bejar\/\">Ignacio B\u00e9jar<\/a><br \/>\nint\u00e9rprete (vientos) y compositor<\/p>\n<p>&nbsp;<\/p>\n<p><a href=\"https:\/\/reflejarte.es\/elsombrerodelalquimista\/los-musicos\/juan-manuel-rubio-santur-oud\/\">Juan Manuel Rubio<\/a><br \/>\n(Santur, oud)<\/p>\n<p>&nbsp;<\/p>\n<p>&nbsp;<\/p>\n<p>&nbsp;<\/p>\n<p>&nbsp;<\/p>\n<p>&nbsp;<\/p>\n<p style=\"text-align: center;\"><img loading=\"lazy\" decoding=\"async\" class=\"aligncenter wp-image-126\" src=\"https:\/\/reflejarte.es\/elsombrerodelalquimista\/wp-content\/uploads\/2021\/02\/alquimistaenquinteto.jpg\" alt=\"El Sombrero del Alquimista en quinteto\" width=\"322\" height=\"213\" srcset=\"https:\/\/reflejarte.es\/elsombrerodelalquimista\/wp-content\/uploads\/2021\/02\/alquimistaenquinteto.jpg 230w, https:\/\/reflejarte.es\/elsombrerodelalquimista\/wp-content\/uploads\/2021\/02\/alquimistaenquinteto-150x99.jpg 150w, https:\/\/reflejarte.es\/elsombrerodelalquimista\/wp-content\/uploads\/2021\/02\/alquimistaenquinteto-227x150.jpg 227w\" sizes=\"auto, (max-width: 322px) 100vw, 322px\" \/><\/p>\n<h6 style=\"text-align: center;\">Ricardo Passos, Manuel Esteban, Ignacio B\u00e9jar, Estanislao Waflar, Juan Manuel Rubio<\/h6>\n<p>Otros m\u00fasicos que han contribuido mucho a la m\u00fasica de El Sombrero del Alquimista son:<\/p>\n<p><b>Ricardo Passos<\/b> &#8211; tombak, saz, bendir, riqq, kumbush, panderos, pakawach, guitarra portuguesa, voz<br \/>\n<b>Juan Manuel Rubio<\/b> &#8211; santur, oud<br \/>\n<b>Estanislao Waflar<\/b> &#8211; contrabajo<br \/>\n<strong>Salma Vives<\/strong>\u00a0 &#8211; violonchelo, panderos<br \/>\n<strong>Erwin Graefe<\/strong> &#8211; violonchelo, percusiones<br \/>\n<strong>\u00c1ngel Mart\u00edn<\/strong> &#8211; percusiones<\/p>\n","protected":false},"excerpt":{"rendered":"<p>LOS M\u00daSICOS DE EL SOMBRERO DEL ALQUIMISTA &nbsp; Los m\u00fasicos que han creado el proyecto de El Sombrero del Alquimista son unos profesionales con dilatada experiencia en diferentes campos de la m\u00fasica: no solo saben interpretar piezas ajenas con toda clase de instrumentos de viento, cuerda y percusi\u00f3n. Son sobre todo compositores e improvisadores que nos ofrecen sus propias obras as\u00ed como adaptaciones de temas tradicionales mediterr\u00e1neos: ellos mismos componen, transcriben, improvisan, arreglan e interpretan unos trabajos novedosos que escapan al etiquetaje corriente. Fusionan elementos modernos y antiguos, europeos y orientales. Mezclan ritmos e influencias de las culturas cristiana, musulmana[ &#8230; ]<\/p>\n<p> <a class=\"continue-reading-link\" href=\"https:\/\/reflejarte.es\/elsombrerodelalquimista\/los-musicos\/\"><span>Seguir leyendo &gt;&gt;<\/span><i class=\"crycon-right-dir\"><\/i><\/a> <\/p>\n","protected":false},"author":1,"featured_media":0,"parent":0,"menu_order":0,"comment_status":"closed","ping_status":"closed","template":"","meta":{"footnotes":""},"class_list":["post-198","page","type-page","status-publish","hentry"],"_links":{"self":[{"href":"https:\/\/reflejarte.es\/elsombrerodelalquimista\/wp-json\/wp\/v2\/pages\/198","targetHints":{"allow":["GET"]}}],"collection":[{"href":"https:\/\/reflejarte.es\/elsombrerodelalquimista\/wp-json\/wp\/v2\/pages"}],"about":[{"href":"https:\/\/reflejarte.es\/elsombrerodelalquimista\/wp-json\/wp\/v2\/types\/page"}],"author":[{"embeddable":true,"href":"https:\/\/reflejarte.es\/elsombrerodelalquimista\/wp-json\/wp\/v2\/users\/1"}],"replies":[{"embeddable":true,"href":"https:\/\/reflejarte.es\/elsombrerodelalquimista\/wp-json\/wp\/v2\/comments?post=198"}],"version-history":[{"count":9,"href":"https:\/\/reflejarte.es\/elsombrerodelalquimista\/wp-json\/wp\/v2\/pages\/198\/revisions"}],"predecessor-version":[{"id":254,"href":"https:\/\/reflejarte.es\/elsombrerodelalquimista\/wp-json\/wp\/v2\/pages\/198\/revisions\/254"}],"wp:attachment":[{"href":"https:\/\/reflejarte.es\/elsombrerodelalquimista\/wp-json\/wp\/v2\/media?parent=198"}],"curies":[{"name":"wp","href":"https:\/\/api.w.org\/{rel}","templated":true}]}}