{"id":13,"date":"2021-02-10T11:55:43","date_gmt":"2021-02-10T11:55:43","guid":{"rendered":"https:\/\/reflejarte.es\/elsombrerodelalquimista\/?page_id=13"},"modified":"2021-02-13T21:42:29","modified_gmt":"2021-02-13T21:42:29","slug":"inicio","status":"publish","type":"page","link":"https:\/\/reflejarte.es\/elsombrerodelalquimista\/","title":{"rendered":"EL SOMBRERO DEL ALQUIMISTA"},"content":{"rendered":"<h1 style=\"text-align: center;\">EL SOMBRERO DEL ALQUIMISTA<\/h1>\n<p>&nbsp;<\/p>\n<p>\u00abEL SOMBRERO DEL ALQUIMISTA nos propone realizar un viaje musical por el Mediterr\u00e1neo, desde Andaluc\u00eda hasta el Oriente, para recuperar timbres, sonidos y formas musicales olvidadas en nuestra tierra pero que forman parte de su desarrollo cultural e hist\u00f3rico.<\/p>\n<h1 style=\"text-align: center;\"><img loading=\"lazy\" decoding=\"async\" class=\"wp-image-158 alignleft\" src=\"https:\/\/reflejarte.es\/elsombrerodelalquimista\/wp-content\/uploads\/2021\/02\/GoletaTVEmaxres-e1613252053519.jpg\" alt=\"El Sombrero del Alquimista\" width=\"425\" height=\"289\" srcset=\"https:\/\/reflejarte.es\/elsombrerodelalquimista\/wp-content\/uploads\/2021\/02\/GoletaTVEmaxres-e1613252053519.jpg 847w, https:\/\/reflejarte.es\/elsombrerodelalquimista\/wp-content\/uploads\/2021\/02\/GoletaTVEmaxres-e1613252053519-300x204.jpg 300w, https:\/\/reflejarte.es\/elsombrerodelalquimista\/wp-content\/uploads\/2021\/02\/GoletaTVEmaxres-e1613252053519-768x522.jpg 768w, https:\/\/reflejarte.es\/elsombrerodelalquimista\/wp-content\/uploads\/2021\/02\/GoletaTVEmaxres-e1613252053519-150x102.jpg 150w, https:\/\/reflejarte.es\/elsombrerodelalquimista\/wp-content\/uploads\/2021\/02\/GoletaTVEmaxres-e1613252053519-221x150.jpg 221w\" sizes=\"auto, (max-width: 425px) 100vw, 425px\" \/><\/h1>\n<p><span style=\"font-family: 'Trebuchet MS', Arial, Helvetica, sans-serif;\">A trav\u00e9s de instrumentos como el ney, el contrabajo, el clarinete turco o el santur, que mezclan\u00a0<\/span>su sonido con el de la guitarra o la vihuela, la m\u00fasica nos invita a un viaje m\u00e1gico y ex\u00f3tico, pero familiar a la vez, como si estos instrumentos hubieran convivido desde siempre.<\/p>\n<p>Son los ecos de un mar com\u00fan, que nos une y nos transmite un sentir cultural \u00fanico y diverso que une a los hombres, superando las religiones y las fronteras que pretenden separarlos.<\/p>\n<p>A lo largo del trayecto va surgiendo una m\u00fasica nueva, llena de im\u00e1genes y giros sorprendentes, que evoca sentimientos y paisajes del pasado, anticipando algo que est\u00e1 a\u00fan por decir, m\u00e1s all\u00e1 de las etiquetas, de los territorios y del tiempo, con un lenguaje muy actual que combina elementos de la m\u00fasica espa\u00f1ola, antigua, cl\u00e1sica, contempor\u00e1nea, turca, oriental, tradicional, andaluza, jazz, etc.<\/p>\n<p>Os invitamos a compartir este viaje, para el que no hace falta m\u00e1s equipaje que una mente y un coraz\u00f3n abiertos, que seguro regresar\u00e1n de \u00e9l llenos de sentimientos nuevos, de ritmo y de armon\u00eda.\u00bb<\/p>\n<h6 style=\"text-align: right;\">(Del programa de mano del\u00a0Concierto de Oto\u00f1o 2008<br \/>\nen el Colegio de Arquitectos y Aparejadores COAAT de M\u00e1laga)<\/h6>\n<p>&nbsp;<\/p>\n<p><img loading=\"lazy\" decoding=\"async\" class=\"size-full wp-image-166 aligncenter\" src=\"https:\/\/reflejarte.es\/elsombrerodelalquimista\/wp-content\/uploads\/2021\/02\/manosflautaecualizado222200.jpg\" alt=\"Ignacio tocando el ney\" width=\"384\" height=\"214\" srcset=\"https:\/\/reflejarte.es\/elsombrerodelalquimista\/wp-content\/uploads\/2021\/02\/manosflautaecualizado222200.jpg 384w, https:\/\/reflejarte.es\/elsombrerodelalquimista\/wp-content\/uploads\/2021\/02\/manosflautaecualizado222200-300x167.jpg 300w, https:\/\/reflejarte.es\/elsombrerodelalquimista\/wp-content\/uploads\/2021\/02\/manosflautaecualizado222200-150x84.jpg 150w, https:\/\/reflejarte.es\/elsombrerodelalquimista\/wp-content\/uploads\/2021\/02\/manosflautaecualizado222200-250x139.jpg 250w\" sizes=\"auto, (max-width: 384px) 100vw, 384px\" \/><\/p>\n<p style=\"text-align: center;\"><span style=\"font-family: 'Trebuchet MS', Arial, Helvetica, sans-serif;\">Los conciertos de EL SOMBRERO DEL ALQUIMISTA, como ha dicho un oyente, tienen la\u00a0<\/span>cualidad de tocar fibras nuevas en la sensibilidad de quien los escucha.<\/p>\n<p><img loading=\"lazy\" decoding=\"async\" class=\"aligncenter size-full wp-image-169\" src=\"https:\/\/reflejarte.es\/elsombrerodelalquimista\/wp-content\/uploads\/2021\/02\/manuelvihuelaecualizado97080.jpg\" alt=\"Manuel tocando la vihuela\" width=\"384\" height=\"216\" srcset=\"https:\/\/reflejarte.es\/elsombrerodelalquimista\/wp-content\/uploads\/2021\/02\/manuelvihuelaecualizado97080.jpg 384w, https:\/\/reflejarte.es\/elsombrerodelalquimista\/wp-content\/uploads\/2021\/02\/manuelvihuelaecualizado97080-300x169.jpg 300w, https:\/\/reflejarte.es\/elsombrerodelalquimista\/wp-content\/uploads\/2021\/02\/manuelvihuelaecualizado97080-150x84.jpg 150w, https:\/\/reflejarte.es\/elsombrerodelalquimista\/wp-content\/uploads\/2021\/02\/manuelvihuelaecualizado97080-250x141.jpg 250w\" sizes=\"auto, (max-width: 384px) 100vw, 384px\" \/><\/p>\n<h6 style=\"text-align: center;\">Concierto del Sombrero del Alquimista en los Ba\u00f1os \u00c1rabes de Ronda (2008)<\/h6>\n","protected":false},"excerpt":{"rendered":"<p>EL SOMBRERO DEL ALQUIMISTA &nbsp; \u00abEL SOMBRERO DEL ALQUIMISTA nos propone realizar un viaje musical por el Mediterr\u00e1neo, desde Andaluc\u00eda hasta el Oriente, para recuperar timbres, sonidos y formas musicales olvidadas en nuestra tierra pero que forman parte de su desarrollo cultural e hist\u00f3rico. A trav\u00e9s de instrumentos como el ney, el contrabajo, el clarinete turco o el santur, que mezclan\u00a0su sonido con el de la guitarra o la vihuela, la m\u00fasica nos invita a un viaje m\u00e1gico y ex\u00f3tico, pero familiar a la vez, como si estos instrumentos hubieran convivido desde siempre. Son los ecos de un mar com\u00fan,[ &#8230; ]<\/p>\n<p> <a class=\"continue-reading-link\" href=\"https:\/\/reflejarte.es\/elsombrerodelalquimista\/\"><span>Seguir leyendo &gt;&gt;<\/span><i class=\"crycon-right-dir\"><\/i><\/a> <\/p>\n","protected":false},"author":1,"featured_media":95,"parent":0,"menu_order":0,"comment_status":"closed","ping_status":"closed","template":"","meta":{"footnotes":""},"class_list":["post-13","page","type-page","status-publish","has-post-thumbnail","hentry"],"_links":{"self":[{"href":"https:\/\/reflejarte.es\/elsombrerodelalquimista\/wp-json\/wp\/v2\/pages\/13","targetHints":{"allow":["GET"]}}],"collection":[{"href":"https:\/\/reflejarte.es\/elsombrerodelalquimista\/wp-json\/wp\/v2\/pages"}],"about":[{"href":"https:\/\/reflejarte.es\/elsombrerodelalquimista\/wp-json\/wp\/v2\/types\/page"}],"author":[{"embeddable":true,"href":"https:\/\/reflejarte.es\/elsombrerodelalquimista\/wp-json\/wp\/v2\/users\/1"}],"replies":[{"embeddable":true,"href":"https:\/\/reflejarte.es\/elsombrerodelalquimista\/wp-json\/wp\/v2\/comments?post=13"}],"version-history":[{"count":16,"href":"https:\/\/reflejarte.es\/elsombrerodelalquimista\/wp-json\/wp\/v2\/pages\/13\/revisions"}],"predecessor-version":[{"id":176,"href":"https:\/\/reflejarte.es\/elsombrerodelalquimista\/wp-json\/wp\/v2\/pages\/13\/revisions\/176"}],"wp:featuredmedia":[{"embeddable":true,"href":"https:\/\/reflejarte.es\/elsombrerodelalquimista\/wp-json\/wp\/v2\/media\/95"}],"wp:attachment":[{"href":"https:\/\/reflejarte.es\/elsombrerodelalquimista\/wp-json\/wp\/v2\/media?parent=13"}],"curies":[{"name":"wp","href":"https:\/\/api.w.org\/{rel}","templated":true}]}}