{"id":119,"date":"2021-02-13T19:28:52","date_gmt":"2021-02-13T19:28:52","guid":{"rendered":"https:\/\/reflejarte.es\/elsombrerodelalquimista\/?page_id=119"},"modified":"2021-02-13T21:49:29","modified_gmt":"2021-02-13T21:49:29","slug":"album-el-sombrero-del-alquimista","status":"publish","type":"page","link":"https:\/\/reflejarte.es\/elsombrerodelalquimista\/album-el-sombrero-del-alquimista\/","title":{"rendered":"\u00c1lbum &#8216;El Sombrero del Alquimista&#8217;"},"content":{"rendered":"<h1 id=\"C\" class=\"gross\" style=\"text-align: center;\">Nuestro \u00e1lbum<br \/>\nEL SOMBRERO DEL ALQUIMISTA<big><\/big><\/h1>\n<p style=\"text-align: center;\"><img loading=\"lazy\" decoding=\"async\" class=\"aligncenter size-full wp-image-132\" src=\"https:\/\/reflejarte.es\/elsombrerodelalquimista\/wp-content\/uploads\/2021\/02\/cdELSOMBRERODELALQUIMISTA.jpg\" alt=\"cd EL SOMBRERO DEL ALQUIMISTA\" width=\"500\" height=\"451\" srcset=\"https:\/\/reflejarte.es\/elsombrerodelalquimista\/wp-content\/uploads\/2021\/02\/cdELSOMBRERODELALQUIMISTA.jpg 500w, https:\/\/reflejarte.es\/elsombrerodelalquimista\/wp-content\/uploads\/2021\/02\/cdELSOMBRERODELALQUIMISTA-300x271.jpg 300w, https:\/\/reflejarte.es\/elsombrerodelalquimista\/wp-content\/uploads\/2021\/02\/cdELSOMBRERODELALQUIMISTA-150x135.jpg 150w, https:\/\/reflejarte.es\/elsombrerodelalquimista\/wp-content\/uploads\/2021\/02\/cdELSOMBRERODELALQUIMISTA-166x150.jpg 166w\" sizes=\"auto, (max-width: 500px) 100vw, 500px\" \/><\/p>\n<h6 style=\"text-align: center;\">Portada del \u00e1lbum El Sombrero del Alquimista,<br \/>\na la <a href=\"http:\/\/guitar-repertoire.com\/musicalia\/el-sombrero-del-alquimista-cd\/\"><u>venta aqu\u00ed<\/u><\/a><\/h6>\n<p>&nbsp;<\/p>\n<p>El \u00e1lbum contiene los mejores temas de EL SOMBRERO DEL ALQUIMISTA, m\u00fasica m\u00e1gica grabada en el estudio malague\u00f1o <a href=\"http:\/\/artesona.com\" target=\"_blank\" rel=\"noopener\">Artesonao<\/a>, en unas pocas, pero intensas sesiones.<\/p>\n<p>En este \u00e1lbum presentamos nuestras propias composiciones as\u00ed como arreglos de temas tradicionales de diferentes tiempos, lugares y culturas.<\/p>\n<p>El n\u00facleo de EL SOMBRERO DEL ALQUIMISTA lo conforman Ignacio B\u00e9jar y Manuel Esteban, compositores, autores de los arreglos e int\u00e9rpretes de los temas:<\/p>\n<p><b>Manuel Esteban<\/b> &#8211; guitarra cl\u00e1sica (1,2,4,5,6,7,8,9), vihuela (3)<br \/>\n<b>Ignacio B\u00e9jar<\/b> &#8211; ney (1,3,5,8), clarinete bajo (2,8), saxo soprano (4,7), clarinete turco (6,9).<\/p>\n<p>Han colaborado en la grabaci\u00f3n de este cd los siguientes m\u00fasicos, excelentes, que a menudo nos acompa\u00f1an en los <span style=\"text-decoration: underline;\"><a href=\"https:\/\/reflejarte.es\/elsombrerodelalquimista\/conciertos\/\">conciertos<\/a><\/span>:<\/p>\n<p><b>Ricardo Passos<\/b> &#8211; tombak (1,9), saz (2), bendir (3,5), riqq (5,7), palmas (1)<br \/>\n<b>Juan Manuel Rubio<\/b> &#8211; santur (3,5,6,7,8,9), palmas (8)<br \/>\n<b>Estanislao Waflar<\/b> &#8211; contrabajo (1,7,8).<\/p>\n<p>&nbsp;<\/p>\n<p class=\"textc\" style=\"text-align: center;\"><img loading=\"lazy\" decoding=\"async\" class=\"aligncenter\" src=\"https:\/\/reflejarte.es\/elsombrerodelalquimista\/discos1_files\/elSOMBREROdelALQUIMISTA.jpg\" alt=\"Ignacio B\u00e9jar (ney, clarinete bajo, saxos, clarinete turco) y Manuel Esteban (guitarra, vihuela) forman 'El Sombrero del Alquimista'\" width=\"212\" height=\"211\" \/><\/p>\n<p><img loading=\"lazy\" decoding=\"async\" class=\"aligncenter size-full wp-image-131\" src=\"https:\/\/reflejarte.es\/elsombrerodelalquimista\/wp-content\/uploads\/2021\/02\/cdlibretodisco-1.jpg\" alt=\"\u00e1lbum EL SOMBRERO DEL ALQUIMISTA\" width=\"640\" height=\"480\" srcset=\"https:\/\/reflejarte.es\/elsombrerodelalquimista\/wp-content\/uploads\/2021\/02\/cdlibretodisco-1.jpg 640w, https:\/\/reflejarte.es\/elsombrerodelalquimista\/wp-content\/uploads\/2021\/02\/cdlibretodisco-1-300x225.jpg 300w, https:\/\/reflejarte.es\/elsombrerodelalquimista\/wp-content\/uploads\/2021\/02\/cdlibretodisco-1-150x113.jpg 150w, https:\/\/reflejarte.es\/elsombrerodelalquimista\/wp-content\/uploads\/2021\/02\/cdlibretodisco-1-200x150.jpg 200w\" sizes=\"auto, (max-width: 640px) 100vw, 640px\" \/><\/p>\n<h6 style=\"text-align: center;\">\u00e1lbum El Sombrero del Alquimista,<br \/>\ncd con libreto, a la <a href=\"https:\/\/reflejarte.es\/guitar-repertoire\/musicalia\/el-sombrero-del-alquimista-cd\/\" target=\"_blank\" rel=\"noopener\"><u>venta aqu\u00ed<\/u><\/a><\/h6>\n<p>&nbsp;<\/p>\n<h3>El contenido del cd \u00abEL SOMBRERO DEL ALQUIMISTA\u00bb<\/h3>\n<p>Puedes escuchar los temas gratis en <a href=\"https:\/\/open.spotify.com\/album\/7qNdTiLwsljaM7JzoHQ817\" target=\"_blank\" rel=\"noopener\">Spotify<\/a>.<br \/>\nTambi\u00e9n est\u00e1n disponibles en <a href=\"https:\/\/reflejarte.es\/guitar-repertoire\/musicalia\/el-sombrero-del-alquimista-cd\/\" target=\"_blank\" rel=\"noopener\">guitar-repertoire.com<\/a><\/p>\n<p>1) Aires de la Alpujarra (M.Esteban)&#8230;&#8230;&#8230;&#8230;&#8230;&#8230;&#8230;&#8230;&#8230;&#8230;&#8230;&#8230;&#8230; 4:37<br \/>\n2) Juego de colores (I.B\u00e9jar y M.Esteban)&#8230;&#8230;&#8230;&#8230;&#8230;&#8230;&#8230;&#8230;&#8230;&#8230;. 6:59<br \/>\n3) \u00c7e\u00e7en Kizi (Tradicional Turqu\u00eda, Arr.: I.B\u00e9jar y M.Esteban)&#8230; 5:12<br \/>\n4) Voz rota (I.B\u00e9jar y M.Esteban)&#8230;&#8230;&#8230;&#8230;&#8230;&#8230;&#8230;&#8230;&#8230;&#8230;&#8230;&#8230;&#8230;&#8230;. 4:34<br \/>\n5) La danza de la luna (I.B\u00e9jar)&#8230;&#8230;&#8230;&#8230;&#8230;&#8230;&#8230;&#8230;&#8230;&#8230;&#8230;&#8230;&#8230;&#8230;&#8230;. 7:51<br \/>\n6) Nostalgia de m\u00ed (I.B\u00e9jar y M.Esteban)&#8230;&#8230;&#8230;&#8230;&#8230;&#8230;&#8230;&#8230;&#8230;&#8230;&#8230; 4:29<br \/>\n7) Tiempo de cambios (I.B\u00e9jar)&#8230;&#8230;&#8230;&#8230;&#8230;&#8230;&#8230;&#8230;&#8230;&#8230;&#8230;<span style=\"font-family: 'Trebuchet MS', Arial, Helvetica, sans-serif;\">&#8230;.<\/span><span style=\"font-family: 'Trebuchet MS', Arial, Helvetica, sans-serif;\">&#8230;&#8230;&#8230;&#8230; 5:19<br \/>\n<\/span>8) Fantas\u00eda del M\u00e1rmara (I.B\u00e9jar y M.Esteban) &#8230;&#8230;&#8230;&#8230;&#8230;&#8230;&#8230;&#8230;. 7:54<br \/>\n9) Tamsara (Tradicional Armenia. Arreglo: M.Esteban)&#8230;&#8230;&#8230;&#8230; 3:40<\/p>\n<p>El disco se vende a trav\u00e9s de <a href=\"http:\/\/guitar-repertoire.com\/musicalia\/el-sombrero-del-alquimista-cd\/\" target=\"_blank\" rel=\"noopener\"> <b>guitar-repertoire.com<\/b><\/a>.<\/p>\n<p>&nbsp;<\/p>\n<p>En la producci\u00f3n del CD tambi\u00e9n han colaborado:<\/p>\n<p>Gr\u00e1fico original: <b>Trudl Wohlfeil<\/b>, Hamburg, <a id=\"ad\" href=\"http:\/\/trudl-umdenken.eu\/homeS.php\" target=\"_blank\" rel=\"noopener\">Trudl Wohlfeil &#8211; Umdenken<\/a><br \/>\nAdaptaci\u00f3n y dise\u00f1o: <b>Marie Wohlfeil-P\u00e9rez<\/b><br \/>\nFotograf\u00edas: <b>Angel Ramos del R\u00edo<\/b><\/p>\n<p>Grabaci\u00f3n y mezcla: <b>Artesonao<\/b>. <a href=\"http:\/\/www.artesonao.com\/\" target=\"_blank\" rel=\"noopener\">Casa de grabaci\u00f3n<\/a> , M\u00e1laga.<br \/>\nT\u00e9cnico de sonido: <b>Alejandro Amador Fern\u00e1ndez Barrientos<\/b> (Fofo)<br \/>\n(excepto tema 2, grabado en: Control Remoto, M\u00e1laga).<br \/>\nEditado por <a href=\"http:\/\/kankana-records.com\/\" target=\"_blank\" rel=\"noopener\"> Kankana records<\/a>, M\u00e1laga<\/p>\n<p>Producci\u00f3n: Ignacio B\u00e9jar y Manuel Esteban<br \/>\nwww.elsombrerodelalquimista.com<br \/>\n\u00a9 El Sombrero del Alquimista 2009<\/p>\n<p>Para contactar con los m\u00fasicos, comprar el cd o contratar un concierto, usa nuestro <a href=\"http:\/\/guitar-repertoire.com\/contact\/\" target=\"_blank\" rel=\"noopener\"> formulario de contacto en guitar-repertoire.com<b><\/b><\/a>.<\/p>\n<p>Para contratar a EL SOMBRERO DEL ALQUIMISTA, puedes tambi\u00e9n dirigirte a<br \/>\nIgnacio B\u00e9jar: tel\u00e9fono (34) 658921373\u00a0 o por la web <a href=\"https:\/\/www.ignaciobejar.com\/\" target=\"_blank\" rel=\"noopener\">www.ignaciobejar.com<\/a><\/p>\n","protected":false},"excerpt":{"rendered":"<p>Nuestro \u00e1lbum EL SOMBRERO DEL ALQUIMISTA Portada del \u00e1lbum El Sombrero del Alquimista, a la venta aqu\u00ed &nbsp; El \u00e1lbum contiene los mejores temas de EL SOMBRERO DEL ALQUIMISTA, m\u00fasica m\u00e1gica grabada en el estudio malague\u00f1o Artesonao, en unas pocas, pero intensas sesiones. En este \u00e1lbum presentamos nuestras propias composiciones as\u00ed como arreglos de temas tradicionales de diferentes tiempos, lugares y culturas. El n\u00facleo de EL SOMBRERO DEL ALQUIMISTA lo conforman Ignacio B\u00e9jar y Manuel Esteban, compositores, autores de los arreglos e int\u00e9rpretes de los temas: Manuel Esteban &#8211; guitarra cl\u00e1sica (1,2,4,5,6,7,8,9), vihuela (3) Ignacio B\u00e9jar &#8211; ney (1,3,5,8), clarinete[ &#8230; ]<\/p>\n<p> <a class=\"continue-reading-link\" href=\"https:\/\/reflejarte.es\/elsombrerodelalquimista\/album-el-sombrero-del-alquimista\/\"><span>Seguir leyendo &gt;&gt;<\/span><i class=\"crycon-right-dir\"><\/i><\/a> <\/p>\n","protected":false},"author":1,"featured_media":151,"parent":0,"menu_order":0,"comment_status":"closed","ping_status":"closed","template":"","meta":{"footnotes":""},"class_list":["post-119","page","type-page","status-publish","has-post-thumbnail","hentry"],"_links":{"self":[{"href":"https:\/\/reflejarte.es\/elsombrerodelalquimista\/wp-json\/wp\/v2\/pages\/119","targetHints":{"allow":["GET"]}}],"collection":[{"href":"https:\/\/reflejarte.es\/elsombrerodelalquimista\/wp-json\/wp\/v2\/pages"}],"about":[{"href":"https:\/\/reflejarte.es\/elsombrerodelalquimista\/wp-json\/wp\/v2\/types\/page"}],"author":[{"embeddable":true,"href":"https:\/\/reflejarte.es\/elsombrerodelalquimista\/wp-json\/wp\/v2\/users\/1"}],"replies":[{"embeddable":true,"href":"https:\/\/reflejarte.es\/elsombrerodelalquimista\/wp-json\/wp\/v2\/comments?post=119"}],"version-history":[{"count":7,"href":"https:\/\/reflejarte.es\/elsombrerodelalquimista\/wp-json\/wp\/v2\/pages\/119\/revisions"}],"predecessor-version":[{"id":178,"href":"https:\/\/reflejarte.es\/elsombrerodelalquimista\/wp-json\/wp\/v2\/pages\/119\/revisions\/178"}],"wp:featuredmedia":[{"embeddable":true,"href":"https:\/\/reflejarte.es\/elsombrerodelalquimista\/wp-json\/wp\/v2\/media\/151"}],"wp:attachment":[{"href":"https:\/\/reflejarte.es\/elsombrerodelalquimista\/wp-json\/wp\/v2\/media?parent=119"}],"curies":[{"name":"wp","href":"https:\/\/api.w.org\/{rel}","templated":true}]}}