{"id":1916,"date":"2019-06-13T18:28:33","date_gmt":"2019-06-13T16:28:33","guid":{"rendered":"https:\/\/reflejarte.es\/RAINERWOHLFEIL\/?page_id=1916"},"modified":"2023-02-13T10:08:44","modified_gmt":"2023-02-13T09:08:44","slug":"impressum","status":"publish","type":"page","link":"https:\/\/reflejarte.es\/RAINERWOHLFEIL\/kontakt\/impressum\/","title":{"rendered":"Impressum \u00b7 Urheberrecht :: Derechos de autor"},"content":{"rendered":"<p><strong>Hinweise zum Urheberrecht:<\/strong><\/p>\n<p>Alle hier vorgestellten Publikationen k\u00f6nnen zum rein privaten Gebrauch genutzt werden. Jegliche Ver\u00f6ffentlichung bzw. kommerzielle Nutzung der in dieser Web vorgestellten Texte sind ohne schriftliche Erlaubnis des Autoren nicht gestattet, weder in digitaler, gedruckter bzw. sonstiger Form, noch im Internet.<br \/>\nAutor der Ver\u00f6ffentlichungen ist Prof. Dr. Rainer Wohlfeil, Universit\u00e4t Hamburg<\/p>\n<p><strong>Informaciones sobre los derechos de autor:<\/strong><\/p>\n<p>Todas las publicaciones presentadas en esta web pueden usarse a t\u00edtulo privado. Queda prohibida toda utilizaci\u00f3n comercial as\u00ed como la publicaci\u00f3n por cualquier medio, impreso, digital o en internet, sin la expresa autorizaci\u00f3n escrita del autor.<br \/>\nEl autor de todas las publicaciones es Prof. Dr. Rainer Wohlfeil, catedr\u00e1tico de la Universidad de Hamburgo, Alemania<\/p>\n","protected":false},"excerpt":{"rendered":"<p>Hinweise zum Urheberrecht: Alle hier vorgestellten Publikationen k\u00f6nnen zum rein privaten Gebrauch genutzt werden. Jegliche Ver\u00f6ffentlichung bzw. kommerzielle Nutzung der in dieser Web vorgestellten Texte sind ohne schriftliche Erlaubnis des Autoren nicht gestattet, weder in digitaler, gedruckter bzw. sonstiger Form, noch im Internet. Autor der Ver\u00f6ffentlichungen ist Prof. Dr. Rainer Wohlfeil, Universit\u00e4t Hamburg Informaciones sobre los derechos de autor: Todas las publicaciones presentadas en esta web pueden usarse a t\u00edtulo privado. Queda prohibida toda utilizaci\u00f3n comercial as\u00ed como la publicaci\u00f3n por cualquier medio, impreso, digital o en internet, sin la expresa autorizaci\u00f3n escrita del autor. El autor de todas las[ &#8230; ]<\/p>\n<p> <a class=\"continue-reading-link\" href=\"https:\/\/reflejarte.es\/RAINERWOHLFEIL\/kontakt\/impressum\/\"><span>Weiterlesen &gt;&gt;<\/span><i class=\"crycon-right-dir\"><\/i><\/a> <\/p>\n","protected":false},"author":1,"featured_media":0,"parent":1856,"menu_order":0,"comment_status":"closed","ping_status":"closed","template":"","meta":{"footnotes":""},"class_list":["post-1916","page","type-page","status-publish","hentry"],"_links":{"self":[{"href":"https:\/\/reflejarte.es\/RAINERWOHLFEIL\/wp-json\/wp\/v2\/pages\/1916","targetHints":{"allow":["GET"]}}],"collection":[{"href":"https:\/\/reflejarte.es\/RAINERWOHLFEIL\/wp-json\/wp\/v2\/pages"}],"about":[{"href":"https:\/\/reflejarte.es\/RAINERWOHLFEIL\/wp-json\/wp\/v2\/types\/page"}],"author":[{"embeddable":true,"href":"https:\/\/reflejarte.es\/RAINERWOHLFEIL\/wp-json\/wp\/v2\/users\/1"}],"replies":[{"embeddable":true,"href":"https:\/\/reflejarte.es\/RAINERWOHLFEIL\/wp-json\/wp\/v2\/comments?post=1916"}],"version-history":[{"count":4,"href":"https:\/\/reflejarte.es\/RAINERWOHLFEIL\/wp-json\/wp\/v2\/pages\/1916\/revisions"}],"predecessor-version":[{"id":1950,"href":"https:\/\/reflejarte.es\/RAINERWOHLFEIL\/wp-json\/wp\/v2\/pages\/1916\/revisions\/1950"}],"up":[{"embeddable":true,"href":"https:\/\/reflejarte.es\/RAINERWOHLFEIL\/wp-json\/wp\/v2\/pages\/1856"}],"wp:attachment":[{"href":"https:\/\/reflejarte.es\/RAINERWOHLFEIL\/wp-json\/wp\/v2\/media?parent=1916"}],"curies":[{"name":"wp","href":"https:\/\/api.w.org\/{rel}","templated":true}]}}