{"id":891,"date":"2019-11-14T20:12:58","date_gmt":"2019-11-14T19:12:58","guid":{"rendered":"https:\/\/reflejarte.es\/DeutschamStrand\/?page_id=891"},"modified":"2024-03-30T15:13:46","modified_gmt":"2024-03-30T15:13:46","slug":"datenschutzerklaerung-nutzungsbedingungen_terminos-y-condiciones-privacidad","status":"publish","type":"page","link":"https:\/\/reflejarte.es\/DeutschamStrand\/es\/datenschutzerklaerung-nutzungsbedingungen_terminos-y-condiciones-privacidad\/","title":{"rendered":"Pol\u00edtica de protecci\u00f3n de datos \u00b7 T\u00e9rminos y condiciones de uso \u00b7 Descargo de responsabilidad"},"content":{"rendered":"<p>&nbsp;<\/p>\n<p><span style='color: #fd6300;position: relative; top: -25px; bottom: -45px;'>\u00daltima actualizaci\u00f3n: 30\/03\/2024<\/span>  <a href=\"https:\/\/reflejarte.es\/DeutschamStrand\/de\/datenschutzerklaerung-nutzungsbedingungen_terminos-y-condiciones-privacidad\/\" target=\"_blank\" rel=\"noopener\"><img loading=\"lazy\" decoding=\"async\" class=\"alignright wp-image-3689 size-full\" title=\"leer en alem\u00e1n - auf Deutsch lesen\" src=\"https:\/\/reflejarte.es\/DeutschamStrand\/es\/wp-content\/uploads\/2021\/01\/auf-Deutsch-lesen.png\" alt=\"leer en alem\u00e1n - auf Deutsch lesen\" width=\"182\" height=\"31\" srcset=\"https:\/\/reflejarte.es\/DeutschamStrand\/es\/wp-content\/uploads\/2021\/01\/auf-Deutsch-lesen.png 182w, https:\/\/reflejarte.es\/DeutschamStrand\/es\/wp-content\/uploads\/2021\/01\/auf-Deutsch-lesen-150x26.png 150w\" sizes=\"auto, (max-width: 182px) 100vw, 182px\" \/><\/a><\/p>\n<p>&nbsp;<\/p>\n<h1 style=\"text-align: center;\"><a href=\"#datenschutz\">Pol\u00edtica de protecci\u00f3n de datos y cookies<\/a> \u00b7 <a href=\"#nutzungsbedingungen\">T\u00e9rminos y condiciones<\/a> \u00b7<br \/>\n<a href=\"#haftungsausschluss\">Descargo de responsabilidad<\/a><\/h1>\n<p><a name=\"datenschutz\"><\/a><\/p>\n<p>&nbsp;<\/p>\n<p>&nbsp;<\/p>\n<h1>Pol\u00edtica de protecci\u00f3n de datos<\/h1>\n<h2>Qui\u00e9nes somos<\/h2>\n<p>Deutsch am Strand es una web del portal de cultura reflejArte\u00b7es.<br \/>\nLa direcci\u00f3n de nuestra web es: https:\/\/reflejarte.es\/DeutschamStrand.<\/p>\n<p>&nbsp;<\/p>\n<h2>Qu\u00e9 datos personales recogemos y por qu\u00e9 los recogemos<\/h2>\n<p>En Deutsch am Strand recolectamos solo el m\u00ednimo imprescindible de datos personales: mientras no te registres (esa funci\u00f3n no ser\u00e1 implementada por el momento) ni escribas comentarios, en tu visita a esta web solo se recogen datos generales, de tipo t\u00e9cnico (para el an\u00e1lisis del tr\u00e1fico y la protecci\u00f3n del sitio contra ataques inform\u00e1ticos), y ning\u00fan dato personal.<br \/>\nSi dejas un comentario o usas nuestro formulario de contacto, se guardar\u00e1n los datos personales que incluyas en esas comunicaciones: en ning\u00fan caso se los proporcionaremos a terceros (salvo por requerimiento legal) ni los usaremos para enviarte propaganda.<br \/>\nAlgunos de los servicios implementados en el portal reflejArte\u00b7es (como plugins anti-spam y protecciones anti-hackeo) tambi\u00e9n recogen datos para cumplir su funci\u00f3n (p.ej. direcciones IP enmascaradas y otros detalles que no permiten identificar a un usuario concreto).<br \/>\nSi quieres usar nuestro portal debes permitir la recolecci\u00f3n de esos datos.<\/p>\n<p>Akismet: recopilamos informaci\u00f3n sobre los visitantes que comentan en los sitios que usan nuestro servicio anti-spam, Akismet. La informaci\u00f3n recopilada incluye, normalmente, la direcci\u00f3n IP del comentarista, el navegador del usuario, el sitio de referencia y la URL del sitio (adem\u00e1s de otra informaci\u00f3n directamente facilitada por el comentarista, como su nombre, nombre de usuario, direcci\u00f3n de correo electr\u00f3nico y el mismo comentario).<\/p>\n<p>H5P (Aplicaci\u00f3n para crear ejercicios interactivos): en teor\u00eda podr\u00edamos configurar HP5 para que recogiera datos sobre tus interacciones con este sitio, por ejemplos, los resultados en los ejercicios realizados, el m\u00e1ximo posible y el tiempo necesitado.\u00a0\u00a0Pero no estamos recopilando ning\u00fan dato al respecto.<br \/>\nSi implement\u00e1ramos contenido de terceros, como ser\u00eda un ejercicio interactivo que contuviera un video alojado en YouTube, YouTube colocar\u00eda una cookie de an\u00e1lisis web, como si estuvieras visitando su propia web. Si t\u00fa has elegido rechazar todas las cookies, te aparecer\u00eda un aviso de que tienes que habilitar las cookies respectivas (ver <a href=\"https:\/\/policies.google.com\/privacy\">Google&#8217;s Privacy policy<\/a> para m\u00e1s info) para usar el contenido interactivo. Lo mismo valdr\u00eda para ejercicios interactivos que incluyeran speech recognition, servicio de Google Cloud, donde se procesar\u00eda tu voz para convertirla en texto (consultar <a href=\"https:\/\/policies.google.com\/privacy\">Google&#8217;s Privacy policy<\/a> ).<\/p>\n<p>&nbsp;<\/p>\n<h3>Comentarios<\/h3>\n<p>Cuando los visitantes dejan comentarios en la web, recopilamos los datos que se muestran en el formulario de comentarios, as\u00ed como la direcci\u00f3n IP del visitante y la cadena user-agent (que identifica el navegador usado) para facilitar la detecci\u00f3n de spam.<\/p>\n<p>Una cadena an\u00f3nima creada a partir de tu direcci\u00f3n de correo electr\u00f3nico (tambi\u00e9n llamada hash) puede ser proporcionada al servicio de Gravatar para ver si est\u00e1s us\u00e1ndolo. La pol\u00edtica de privacidad del servicio Gravatar est\u00e1 disponible aqu\u00ed: https:\/\/automattic.com\/privacy\/. Despu\u00e9s de la aprobaci\u00f3n de tu comentario, la imagen de tu perfil es visible para el p\u00fablico en el contexto de tu comentario.<\/p>\n<p>&nbsp;<\/p>\n<h3>Medios<\/h3>\n<p>Si subieras fotos a esta web en un comentario, deber\u00edas evitar insertar im\u00e1genes que contienen datos de ubicaci\u00f3n (GPS EXIF). Los visitantes del sitio puodr\u00edan descargarlas y extraer cualquier dato de localizaci\u00f3n de las im\u00e1genes que hubieses subido.<\/p>\n<p>&nbsp;<\/p>\n<h3>Formularios de contacto<\/h3>\n<p>Si usas nuestro formulario de contacto o si nos env\u00edas un correo electr\u00f3nico, almacenaremos los datos que incluyas en tu comunicaci\u00f3n, para poder contestarte adecuadamente o para enviarte mensajes relevantes en relaci\u00f3n con tus solicitudes. No dejaremos tus datos a terceros ni los usaremos para fines de marketing.<\/p>\n<p>&nbsp;<\/p>\n<h3>Cookies<\/h3>\n<p>Si dejas un comentario en nuestro sitio puedes elegir guardar tu nombre, direcci\u00f3n de correo electr\u00f3nico y web en cookies. Esto es para tu comodidad, para que no tengas que volver a rellenar tus datos cuando dejes otro comentario. Estas cookies tendr\u00e1n una duraci\u00f3n de un a\u00f1o.<\/p>\n<p>Si tuvieras una cuenta en esta web (por lo pronto, el registro de usuarios no est\u00e1 disponible) y te conectaras a este sitio, instalar\u00edamos una cookie temporal para determinar si tu navegador acepta cookies. Esta cookie no contiene datos personales y se eliminar\u00eda al cerrar el navegador.<br \/>\nAl iniciar tu sesi\u00f3n, tambi\u00e9n instalar\u00edamos varias cookies para guardar tu informaci\u00f3n de inicio de sesi\u00f3n y tus opciones de visualizaci\u00f3n de pantalla. Las cookies de inicio de sesi\u00f3n duran dos d\u00edas, y las cookies de opciones de pantalla duran un a\u00f1o. Si seleccionaras \u00abRecordarme\u00bb, tu inicio de sesi\u00f3n perdurar\u00eda durante dos semanas. Al salirs de tu cuenta, las cookies de inicio de sesi\u00f3n se eliminar\u00edan.<br \/>\nSi editaras o publicaras un art\u00edculo, se guardar\u00eda una cookie adicional en tu navegador. Esta cookie no incluye datos personales y simplemente indica el ID del art\u00edculo que acabas de editar. Caduca despu\u00e9s de 1 d\u00eda.<\/p>\n<p>Este sitio usa los servicios de <a href=\"https:\/\/cookieyes.com\" target=\"_blank\" rel=\"noopener\">CookieYes<\/a> para cumplir con las vigentes normativas de privacidad. Cuando visitas nuestra web, se instalar\u00e1n en tu dispositivo las cookies correspondientes.<\/p>\n<h3>Contenido incrustado de otros sitios web<\/h3>\n<p>Los art\u00edculos de este sitio pueden incluir contenido incrustado (por ejemplo, ejercicios online, v\u00eddeos, im\u00e1genes, art\u00edculos, etc.). El contenido incrustado de otras webs se comporta exactamente de la misma manera que si el visitante hubiera visitado la otra web.<br \/>\nPara poder ver y usar estos contenidos deber\u00e1s aceptar las correspondientes cookies.<br \/>\n(Si al entrar en nuestra web hab\u00edas rechazado todas las cookies, te aparecer\u00e1 entonces un aviso invit\u00e1ndote a aceptar las cookies necesarias para ver el contenido incrustado. Puedes usar el bot\u00f3n flotante de la cookie roja que se ve siempre abajo a la izquierda para cambiar tu configuraci\u00f3n de cookies.)<br \/>\nAl aceptar las cookies de este contenido, estas webs pueden recopilar datos sobre ti, utilizar cookies, incrustar un seguimiento adicional de terceros, y supervisar tu interacci\u00f3n con ese contenido incrustado, incluido el seguimiento de su interacci\u00f3n con el contenido incrustado si tienes una cuenta y est\u00e1s conectado a esa web.<\/p>\n<h3><\/h3>\n<h3>Anal\u00edtica y seguridad web<\/h3>\n<h2>Con qui\u00e9n compartimos tus datos<\/h2>\n<p>Tus cookies y datos de navegaci\u00f3n se registran y analizan por <a href=\"https:\/\/www.wordfence.com\/privacy-policy\/\" target=\"_blank\" rel=\"noopener noreferrer\">Wordfence<\/a> (https:\/\/www.wordfence.com:\u00a0 protege la p\u00e1gina de ataques de hackers, infecciones por malware y previene vulnerabilidades\u00a0 etc.) y Akismet (protecci\u00f3n anti-spam). Los datos transmitidos a esas entidades no permiten la identificaci\u00f3n de un usuario concreto.<\/p>\n<p>Al ser reflejarte\u00b7es un sitio sin \u00e1nimo de lucro, no insertamos spots publicitarios y, por lo tanto, no\u00a0 recogemos datos para analizar el tr\u00e1fico web.<\/p>\n<p>&nbsp;<\/p>\n<p><!-- --><\/p>\n<h2>Cu\u00e1nto tiempo conservamos tus datos<\/h2>\n<p>Si dejas un comentario, el comentario y sus metadatos se conservan indefinidamente. Esto es para que podamos reconocer y aprobar comentarios sucesivos autom\u00e1ticamente en lugar de mantenerlos en una cola de moderaci\u00f3n.<\/p>\n<p>De los usuarios que se registran en una web (en Deutsch am Strand no puedes registrarte como usuario), tambi\u00e9n se almacena la informaci\u00f3n personal que proporcionan en su perfil de usuario. Todos los usuarios pueden ver, editar o eliminar su informaci\u00f3n personal en cualquier momento (excepto que no pueden cambiar su nombre de usuario). Los administradores de la web tambi\u00e9n pueden ver y editar esa informaci\u00f3n.<\/p>\n<p>&nbsp;<\/p>\n<h2>Qu\u00e9 derechos tienes sobre tus datos<\/h2>\n<p>Si tienes una cuenta o has dejado comentarios en esta web, puedes solicitar recibir un archivo de exportaci\u00f3n de los datos personales que tenemos sobre ti, incluyendo cualquier dato que nos hayas proporcionado. Tambi\u00e9n puedes solicitar que eliminemos cualquier dato personal que tengamos sobre ti. Esto no incluye ning\u00fan dato que estemos obligados a conservar con fines administrativos, legales o de seguridad.<\/p>\n<p>&nbsp;<\/p>\n<h2>D\u00f3nde enviamos tus datos<\/h2>\n<p>Los comentarios de los visitantes\u00a0 los revisa un servicio de detecci\u00f3n autom\u00e1tica de spam (Akismet).<\/p>\n<p>&nbsp;<\/p>\n<h2>C\u00f3mo protegemos tus datos<\/h2>\n<p>reflejArte\u00b7es intenta reducir al m\u00e1ximo, en la medida de lo posible,\u00a0 los escollos de seguridad que puedan surgir al navegar e interactuar con sus contenidos web. Por eso restringimos nuestra recogida de datos al m\u00ednimo imprescindible para el funcionamiento eficiente del sitio, protegi\u00e9ndolos con tecnolog\u00edas de encriptaci\u00f3n, actualizaciones de software\u00a0 y\u00a0 servicios de protecci\u00f3n especializados que monitoran nuestra web.<\/p>\n<h2>Listado de las cookies que usamos:<\/h2>\n<p>(Lista de los diferentes tipos de cookies usadas en este sitio web, elaborada por CookiesYes)<\/p>\n<div class=\"cky-audit-table-element\"><\/div>\n<hr \/>\n<hr \/>\n<h2>Informaci\u00f3n de contacto<\/h2>\n<p style=\"text-align: center;\">Contacta con reflejArte\u00b7es a trav\u00e9s de nuestra direcci\u00f3n de email<br \/>\n<img loading=\"lazy\" decoding=\"async\" class=\"wp-image-896 size-full\" title=\"Contacta con reflejArte.es por email - E-Mail-Kontakt zu reflejArte.es\" src=\"https:\/\/reflejarte.es\/DeutschamStrand\/es\/wp-content\/uploads\/2018\/06\/contacto-reflejArteMail.png\" width=\"173\" height=\"19\" \/><\/p>\n<p>reflejArte\u00b7es<br \/>\n\u00c1lamos,10. 18418 C\u00e1\u00f1ar<br \/>\nEspa\u00f1a<br \/>\nWebsite: <a href=\"https:\/\/reflejarte.es\/DeutschamStrand\/\">https:\/\/reflejarte.es\/DeutschamStrand\/<\/a><br \/>\nTe contestaremos con mucho gusto y lo m\u00e1s r\u00e1pido posible.<\/p>\n<hr \/>\n<hr \/>\n<p><a name=\"haftungsausschluss\"><\/a><\/p>\n<p>&nbsp;<\/p>\n<h3>Descargo de responsabilidad<\/h3>\n<p><img loading=\"lazy\" decoding=\"async\" class=\"wp-image-896 size-full\" title=\"Contacta con reflejArte.es por nuestro formulario de contacto \" src=\"https:\/\/reflejarte.es\/DeutschamStrand\/es\/wp-content\/uploads\/2018\/06\/contacto-reflejArteMail.png\" alt=\"Contacta con reflejArte.es por email - E-Mail-Kontakt zu reflejArte.es\" width=\"173\" height=\"19\" \/><\/p>\n<p>No asumimos ninguna responsabilidad por el contenido expresado por personas ajenas a reflejarte.es que puedan aparecer en estas p\u00e1ginas (a trav\u00e9s de comentarios, respuestas, publicidad, etc.) , ni por los contenidos incrustados, procedentes de otros sitios, que podr\u00edan cambiar sin previo aviso. Tampoco somos responsables de los contenidos externos enlazados.<br \/>\nSi encuentras alg\u00fan contenido inaceptable, por favor av\u00edsanos a trav\u00e9s de \u00a0 para que podamos remediarlo.<\/p>\n<p><a name=\"nutzungsbedingungen\"><\/a><\/p>\n<hr \/>\n<hr \/>\n<h1>T\u00e9rminos y condiciones<\/h1>\n<h1 class=\"widget-title\"><strong>Aviso sobre el uso de los contenidos \u00b7 Derechos de autor<br \/>\n<\/strong><\/h1>\n<div class=\"textwidget custom-html-widget\">\n<p>Los contenidos publicados en la web de reflejarte.es\/DeutschamStrand pueden usarse gratuitamente en el<em><strong> \u00e1mbito privado y para labores de docencia, manteniendo las referencias a esta web incluidas en el material<\/strong><\/em>. Para el uso docente privado se autoriza la descarga y copia de los contenidos.<br \/>\n<em><strong>No est\u00e1 permitido el uso comercial de los contenidos sin la autorizaci\u00f3n expl\u00edcita y escrita de reflejarte.es<\/strong><\/em>, prohibici\u00f3n que engloba la reproducci\u00f3n, distribuci\u00f3n o publicaci\u00f3n de los textos y materiales por cualquier medio tradicional, digital o virtual.<\/p>\n<\/div>\n<p>&nbsp;<\/p>\n<p>&nbsp;<\/p>\n<p>&nbsp;<\/p>\n","protected":false},"excerpt":{"rendered":"<p>&nbsp; &nbsp; Pol\u00edtica de protecci\u00f3n de datos y cookies \u00b7 T\u00e9rminos y condiciones \u00b7 Descargo de responsabilidad &nbsp; &nbsp; Pol\u00edtica de protecci\u00f3n de datos Qui\u00e9nes somos Deutsch am Strand es una web del portal de cultura reflejArte\u00b7es. La direcci\u00f3n de nuestra web es: https:\/\/reflejarte.es\/DeutschamStrand. &nbsp; Qu\u00e9 datos personales recogemos y&#8230;<\/p>\n<p> <a class=\"continue-reading-link\" href=\"https:\/\/reflejarte.es\/DeutschamStrand\/es\/datenschutzerklaerung-nutzungsbedingungen_terminos-y-condiciones-privacidad\/\"><span>seguir leyendo &#8230;<\/span><i class=\"crycon-right-dir\"><\/i><\/a> <\/p>\n","protected":false},"author":4,"featured_media":0,"parent":0,"menu_order":0,"comment_status":"closed","ping_status":"closed","template":"","meta":{"footnotes":""},"class_list":["post-891","page","type-page","status-publish","hentry"],"_links":{"self":[{"href":"https:\/\/reflejarte.es\/DeutschamStrand\/es\/wp-json\/wp\/v2\/pages\/891","targetHints":{"allow":["GET"]}}],"collection":[{"href":"https:\/\/reflejarte.es\/DeutschamStrand\/es\/wp-json\/wp\/v2\/pages"}],"about":[{"href":"https:\/\/reflejarte.es\/DeutschamStrand\/es\/wp-json\/wp\/v2\/types\/page"}],"author":[{"embeddable":true,"href":"https:\/\/reflejarte.es\/DeutschamStrand\/es\/wp-json\/wp\/v2\/users\/4"}],"replies":[{"embeddable":true,"href":"https:\/\/reflejarte.es\/DeutschamStrand\/es\/wp-json\/wp\/v2\/comments?post=891"}],"version-history":[{"count":3,"href":"https:\/\/reflejarte.es\/DeutschamStrand\/es\/wp-json\/wp\/v2\/pages\/891\/revisions"}],"predecessor-version":[{"id":4574,"href":"https:\/\/reflejarte.es\/DeutschamStrand\/es\/wp-json\/wp\/v2\/pages\/891\/revisions\/4574"}],"wp:attachment":[{"href":"https:\/\/reflejarte.es\/DeutschamStrand\/es\/wp-json\/wp\/v2\/media?parent=891"}],"curies":[{"name":"wp","href":"https:\/\/api.w.org\/{rel}","templated":true}]}}